{"id":1918,"date":"2024-12-03T15:36:22","date_gmt":"2024-12-03T15:36:22","guid":{"rendered":"https:\/\/www.electronicajnc.com\/web\/?post_type=product&#038;p=1918"},"modified":"2024-12-03T15:41:26","modified_gmt":"2024-12-03T15:41:26","slug":"1n4007-diodo-rectificador-4007","status":"publish","type":"product","link":"https:\/\/www.electronicajnc.com\/web\/producto\/1n4007-diodo-rectificador-4007\/","title":{"rendered":"1N4007 Diodo Rectificador 4007"},"content":{"rendered":"<p>1N4007 Diodo Rectificador 4007<\/p>\n<p>El Diodo Rectificador 1N4007 fue inventado por John Ambrose Fleming fue un f\u00edsico e ingeniero el\u00e9ctrico brit\u00e1nico realizo el descubrimiento en el a\u00f1o de 1904. Es considerado uno de los pioneros de la electr\u00f3nica. La palabra diodo del\u00a0 vocablo (\u03b4\u03af\u03bf\u03b4\u03bf) griego se traduce como (pasaje angosto). El t\u00e9rmino se ocupa en el \u00e1rea de la electricidad e electr\u00f3nica. Es considerado un semiconductor debido a que solo permite la circulaci\u00f3n de flujo de electrones en una \u00fanica direcci\u00f3n con las singularidades similares a un interruptor.<\/p>\n<p>Existen diodos de silicio, tienen un voltaje de polarizaci\u00f3n directa de (0.7 v) y los diodos de germanio de (0.3 v).<\/p>\n<h1>1N4007 Diodo Rectificador 4007<\/h1>\n<p><strong>Especificaciones.<\/strong><\/p>\n<p>Especificaciones:<\/p>\n<p>\u2013 Voltaje repetitiva inversa de pico:\u00a0\u00a0<strong>1000 Volts<\/strong><br \/>\n\u2013 Ca\u00edda de voltaje directa:\u00a0\u00a0<strong>1.1 V max<\/strong><br \/>\n\u2013 Corriente rectificada media con polarizaci\u00f3n directa Io:\u00a0\u00a0<strong>1 Amp<\/strong><br \/>\n\u2013 Corriente m\u00e1xima de pico:\u00a0 \u00a0<strong>30 A max<\/strong><br \/>\n\u2013 Disipaci\u00f3n de potencia a 25 \u00b0C:\u00a0\u00a0<strong>3 Watts<\/strong><br \/>\n\u2013 Rango de temperatura de uni\u00f3n operativa:\u00a0<strong>\u00a0-50 \u00b0C a 175 \u00b0C<\/strong><br \/>\n\u2013 Capacitancia total (@ 4V, 1 MHz):\u00a0 15 pF<\/p>\n<div>\n<h2><b>\u00bfD\u00f3nde<\/b><strong>\u00a0conseguir ?<\/strong><\/h2>\n<\/div>\n<p>Puedes conseguir este producto y mucho mas en nuestra tienda de electr\u00f3nica \u201cElectr\u00f3nica JNC\u201d a un excelente precio, de igual manera puedes preguntar por otros productos que tenemos para ti y as\u00ed adquirirlos seg\u00fan tu necesidad para\u00a0 tus proyectos.<\/p>\n<p>Adem\u00e1s de vender realizamos todo tipo de proyectos de Rob\u00f3tica Electr\u00f3nica y de Programaci\u00f3n en Arduino-Raspberry, brindamos asesoramiento en la elaboraci\u00f3n de proyectos y personalizamos sus clases cuando deseas armar un robot.<\/p>\n<p>Somos importadores Directos de todo en Electr\u00f3nica y Rob\u00f3tica directamente desde los fabricantes, a los mejores precios del mercado.<\/p>\n<div class=\"x11i5rnm xat24cr x1mh8g0r x1vvkbs xtlvy1s x126k92a\">\n<div dir=\"auto\">SERVICIO PERSONALIZADO, APOYO TEORICO Y VENTA DE MATERIAL<\/div>\n<\/div>\n<div class=\"x11i5rnm xat24cr x1mh8g0r x1vvkbs xtlvy1s x126k92a\">\n<div dir=\"auto\">COTIZA CON NOSOTROS<\/div>\n<div dir=\"auto\">SERVICIO, EXPERIENCIA, CALIDAD Y CONFIANZA<\/div>\n<div dir=\"auto\">\u00abTodo lo que buscas en un solo lugar\u00bb<\/div>\n<\/div>\n<div dir=\"auto\"><\/div>\n<p><img decoding=\"async\" class=\"aligncenter\" src=\"https:\/\/images.ua.prom.st\/1494267654_1494267654.jpg?PImaGE_ID=1494267654\" \/><\/p>\n<p style=\"text-align: center;\">Realizar un pedido en la web o por \u00a0<a href=\"https:\/\/api.whatsapp.com\/send?phone=593958753126\" target=\"_blank\" rel=\"noopener\">WHATSAPP<\/a>.<\/p>\n<p><img decoding=\"async\" class=\"aligncenter\" src=\"https:\/\/images.ua.prom.st\/1494267867_1494267867.jpg?PImaGE_ID=1494267867\" \/><\/p>\n<p style=\"text-align: center;\">Consulta con un asesor\u00a0 todas tus inquietudes.<\/p>\n<p><img decoding=\"async\" class=\"aligncenter\" src=\"https:\/\/images.ua.prom.st\/1494266627_1494266627.jpg?PImaGE_ID=1494266627\" \/><\/p>\n<p style=\"text-align: center;\">Pregunta las formas de pago.<\/p>\n<p><img decoding=\"async\" class=\"aligncenter\" src=\"https:\/\/images.ua.prom.st\/1494267985_1494267985.jpg?PImaGE_ID=1494267985\" \/><\/p>\n<p style=\"text-align: center;\">Tu pedido llega a la puerta de tu casa.<\/p>\n<p>&nbsp;<\/p>\n<p><strong>\u00a1\u00a1 PREG\u00daNTANOS Sin compromiso !!!!<\/strong><\/p>\n<p>Puede retirar sus pedidos en nuestra\u00a0<a href=\"https:\/\/www.electronicajnc.com\/web\/contactos\" target=\"_blank\" rel=\"noopener\">TIENDA F\u00cdSICA<\/a>\u00a0o realizar sus pedidos\u00a0<a href=\"https:\/\/www.electronicajnc.com\/web\/mi-cuenta\" target=\"_blank\" rel=\"noopener\">ONLINE<\/a>\u00a0o por\u00a0<a href=\"https:\/\/api.whatsapp.com\/send?phone=593958753126\" target=\"_blank\" rel=\"noopener\">WHATSAPP<\/a><\/p>\n","protected":false},"excerpt":{"rendered":"<p>1N4007 Diodo Rectificador 4007 El Diodo Rectificador 1N4007 fue inventado por John Ambrose Fleming fue un f\u00edsico e ingeniero el\u00e9ctrico brit\u00e1nico realizo el descubrimiento en el a\u00f1o de 1904. Es considerado uno de los pioneros de la electr\u00f3nica. La palabra diodo del\u00a0 vocablo (\u03b4\u03af\u03bf\u03b4\u03bf) griego se traduce como (pasaje angosto). El t\u00e9rmino se ocupa en [&hellip;]<\/p>\n","protected":false},"featured_media":1919,"comment_status":"closed","ping_status":"closed","template":"","meta":{"saved_in_kubio":false,"_joinchat":[]},"product_brand":[],"product_cat":[309],"product_tag":[1506,960,1507,1508,1292,1510,1509],"class_list":{"0":"post-1918","1":"product","2":"type-product","3":"status-publish","4":"has-post-thumbnail","6":"product_cat-componentes-electronicos","7":"product_tag-1n4007","8":"product_tag-conversor","9":"product_tag-corriente-alterna","10":"product_tag-diode","11":"product_tag-diodo","12":"product_tag-diodo-de-proposito-general","13":"product_tag-rectificador","15":"first","16":"instock","17":"taxable","18":"shipping-taxable","19":"purchasable","20":"product-type-simple"},"yoast_head":"<!-- This site is optimized with the Yoast SEO plugin v27.5 - https:\/\/yoast.com\/product\/yoast-seo-wordpress\/ -->\n<title>1N4007 Diodo Rectificador 4007 - Electronica JNC<\/title>\n<meta name=\"description\" content=\"1N4007 Diodo Rectificador 4007, permite la circulaci\u00f3n de flujo de electrones en una \u00fanica direcci\u00f3n, actuando de manera similar a un interruptor.\" \/>\n<meta name=\"robots\" content=\"index, follow, max-snippet:-1, max-image-preview:large, max-video-preview:-1\" \/>\n<link rel=\"canonical\" href=\"https:\/\/www.electronicajnc.com\/web\/producto\/1n4007-diodo-rectificador-4007\/\" \/>\n<meta property=\"og:locale\" content=\"es_ES\" \/>\n<meta property=\"og:type\" content=\"article\" \/>\n<meta property=\"og:title\" content=\"1N4007 Diodo Rectificador 4007 - Electronica JNC\" \/>\n<meta property=\"og:description\" content=\"1N4007 Diodo Rectificador 4007, permite la circulaci\u00f3n de flujo de electrones en una \u00fanica direcci\u00f3n, actuando de manera similar a un interruptor.\" \/>\n<meta property=\"og:url\" content=\"https:\/\/www.electronicajnc.com\/web\/producto\/1n4007-diodo-rectificador-4007\/\" \/>\n<meta property=\"og:site_name\" content=\"Electronica JNC\" \/>\n<meta property=\"article:modified_time\" content=\"2024-12-03T15:41:26+00:00\" \/>\n<meta property=\"og:image\" content=\"https:\/\/www.electronicajnc.com\/web\/wp-content\/uploads\/2024\/12\/4007.jpg-sin-fondo.jpg\" \/>\n\t<meta property=\"og:image:width\" content=\"1028\" \/>\n\t<meta property=\"og:image:height\" content=\"1115\" \/>\n\t<meta property=\"og:image:type\" content=\"image\/jpeg\" \/>\n<meta name=\"twitter:card\" content=\"summary_large_image\" \/>\n<meta name=\"twitter:label1\" content=\"Tiempo de lectura\" \/>\n\t<meta name=\"twitter:data1\" content=\"3 minutos\" \/>\n<script type=\"application\/ld+json\" class=\"yoast-schema-graph\">{\"@context\":\"https:\\\/\\\/schema.org\",\"@graph\":[{\"@type\":\"WebPage\",\"@id\":\"https:\\\/\\\/www.electronicajnc.com\\\/web\\\/producto\\\/1n4007-diodo-rectificador-4007\\\/\",\"url\":\"https:\\\/\\\/www.electronicajnc.com\\\/web\\\/producto\\\/1n4007-diodo-rectificador-4007\\\/\",\"name\":\"1N4007 Diodo Rectificador 4007 - Electronica JNC\",\"isPartOf\":{\"@id\":\"https:\\\/\\\/www.electronicajnc.com\\\/web\\\/#website\"},\"primaryImageOfPage\":{\"@id\":\"https:\\\/\\\/www.electronicajnc.com\\\/web\\\/producto\\\/1n4007-diodo-rectificador-4007\\\/#primaryimage\"},\"image\":{\"@id\":\"https:\\\/\\\/www.electronicajnc.com\\\/web\\\/producto\\\/1n4007-diodo-rectificador-4007\\\/#primaryimage\"},\"thumbnailUrl\":\"https:\\\/\\\/www.electronicajnc.com\\\/web\\\/wp-content\\\/uploads\\\/2024\\\/12\\\/4007.jpg-sin-fondo.jpg\",\"datePublished\":\"2024-12-03T15:36:22+00:00\",\"dateModified\":\"2024-12-03T15:41:26+00:00\",\"description\":\"1N4007 Diodo Rectificador 4007, permite la circulaci\u00f3n de flujo de electrones en una \u00fanica direcci\u00f3n, actuando de manera similar a un interruptor.\",\"breadcrumb\":{\"@id\":\"https:\\\/\\\/www.electronicajnc.com\\\/web\\\/producto\\\/1n4007-diodo-rectificador-4007\\\/#breadcrumb\"},\"inLanguage\":\"es\",\"potentialAction\":[{\"@type\":\"ReadAction\",\"target\":[\"https:\\\/\\\/www.electronicajnc.com\\\/web\\\/producto\\\/1n4007-diodo-rectificador-4007\\\/\"]}]},{\"@type\":\"ImageObject\",\"inLanguage\":\"es\",\"@id\":\"https:\\\/\\\/www.electronicajnc.com\\\/web\\\/producto\\\/1n4007-diodo-rectificador-4007\\\/#primaryimage\",\"url\":\"https:\\\/\\\/www.electronicajnc.com\\\/web\\\/wp-content\\\/uploads\\\/2024\\\/12\\\/4007.jpg-sin-fondo.jpg\",\"contentUrl\":\"https:\\\/\\\/www.electronicajnc.com\\\/web\\\/wp-content\\\/uploads\\\/2024\\\/12\\\/4007.jpg-sin-fondo.jpg\",\"width\":1028,\"height\":1115,\"caption\":\"Diodo Rectificador 1n4007\"},{\"@type\":\"BreadcrumbList\",\"@id\":\"https:\\\/\\\/www.electronicajnc.com\\\/web\\\/producto\\\/1n4007-diodo-rectificador-4007\\\/#breadcrumb\",\"itemListElement\":[{\"@type\":\"ListItem\",\"position\":1,\"name\":\"Portada\",\"item\":\"https:\\\/\\\/www.electronicajnc.com\\\/web\\\/\"},{\"@type\":\"ListItem\",\"position\":2,\"name\":\"TIENDA\",\"item\":\"https:\\\/\\\/www.electronicajnc.com\\\/web\\\/tienda\\\/\"},{\"@type\":\"ListItem\",\"position\":3,\"name\":\"1N4007 Diodo Rectificador 4007\"}]},{\"@type\":\"WebSite\",\"@id\":\"https:\\\/\\\/www.electronicajnc.com\\\/web\\\/#website\",\"url\":\"https:\\\/\\\/www.electronicajnc.com\\\/web\\\/\",\"name\":\"Electronica JNC\",\"description\":\"Robotica Tecnologia Mecatronica en Ecuador\",\"publisher\":{\"@id\":\"https:\\\/\\\/www.electronicajnc.com\\\/web\\\/#organization\"},\"potentialAction\":[{\"@type\":\"SearchAction\",\"target\":{\"@type\":\"EntryPoint\",\"urlTemplate\":\"https:\\\/\\\/www.electronicajnc.com\\\/web\\\/?s={search_term_string}\"},\"query-input\":{\"@type\":\"PropertyValueSpecification\",\"valueRequired\":true,\"valueName\":\"search_term_string\"}}],\"inLanguage\":\"es\"},{\"@type\":\"Organization\",\"@id\":\"https:\\\/\\\/www.electronicajnc.com\\\/web\\\/#organization\",\"name\":\"Electronica JNC\",\"url\":\"https:\\\/\\\/www.electronicajnc.com\\\/web\\\/\",\"logo\":{\"@type\":\"ImageObject\",\"inLanguage\":\"es\",\"@id\":\"https:\\\/\\\/www.electronicajnc.com\\\/web\\\/#\\\/schema\\\/logo\\\/image\\\/\",\"url\":\"https:\\\/\\\/www.electronicajnc.com\\\/web\\\/wp-content\\\/uploads\\\/2023\\\/06\\\/nuevo-logo.jpg\",\"contentUrl\":\"https:\\\/\\\/www.electronicajnc.com\\\/web\\\/wp-content\\\/uploads\\\/2023\\\/06\\\/nuevo-logo.jpg\",\"width\":1256,\"height\":612,\"caption\":\"Electronica JNC\"},\"image\":{\"@id\":\"https:\\\/\\\/www.electronicajnc.com\\\/web\\\/#\\\/schema\\\/logo\\\/image\\\/\"}}]}<\/script>\n<!-- \/ Yoast SEO plugin. -->","yoast_head_json":{"title":"1N4007 Diodo Rectificador 4007 - Electronica JNC","description":"1N4007 Diodo Rectificador 4007, permite la circulaci\u00f3n de flujo de electrones en una \u00fanica direcci\u00f3n, actuando de manera similar a un interruptor.","robots":{"index":"index","follow":"follow","max-snippet":"max-snippet:-1","max-image-preview":"max-image-preview:large","max-video-preview":"max-video-preview:-1"},"canonical":"https:\/\/www.electronicajnc.com\/web\/producto\/1n4007-diodo-rectificador-4007\/","og_locale":"es_ES","og_type":"article","og_title":"1N4007 Diodo Rectificador 4007 - Electronica JNC","og_description":"1N4007 Diodo Rectificador 4007, permite la circulaci\u00f3n de flujo de electrones en una \u00fanica direcci\u00f3n, actuando de manera similar a un interruptor.","og_url":"https:\/\/www.electronicajnc.com\/web\/producto\/1n4007-diodo-rectificador-4007\/","og_site_name":"Electronica JNC","article_modified_time":"2024-12-03T15:41:26+00:00","og_image":[{"width":1028,"height":1115,"url":"https:\/\/www.electronicajnc.com\/web\/wp-content\/uploads\/2024\/12\/4007.jpg-sin-fondo.jpg","type":"image\/jpeg"}],"twitter_card":"summary_large_image","twitter_misc":{"Tiempo de lectura":"3 minutos"},"schema":{"@context":"https:\/\/schema.org","@graph":[{"@type":"WebPage","@id":"https:\/\/www.electronicajnc.com\/web\/producto\/1n4007-diodo-rectificador-4007\/","url":"https:\/\/www.electronicajnc.com\/web\/producto\/1n4007-diodo-rectificador-4007\/","name":"1N4007 Diodo Rectificador 4007 - Electronica JNC","isPartOf":{"@id":"https:\/\/www.electronicajnc.com\/web\/#website"},"primaryImageOfPage":{"@id":"https:\/\/www.electronicajnc.com\/web\/producto\/1n4007-diodo-rectificador-4007\/#primaryimage"},"image":{"@id":"https:\/\/www.electronicajnc.com\/web\/producto\/1n4007-diodo-rectificador-4007\/#primaryimage"},"thumbnailUrl":"https:\/\/www.electronicajnc.com\/web\/wp-content\/uploads\/2024\/12\/4007.jpg-sin-fondo.jpg","datePublished":"2024-12-03T15:36:22+00:00","dateModified":"2024-12-03T15:41:26+00:00","description":"1N4007 Diodo Rectificador 4007, permite la circulaci\u00f3n de flujo de electrones en una \u00fanica direcci\u00f3n, actuando de manera similar a un interruptor.","breadcrumb":{"@id":"https:\/\/www.electronicajnc.com\/web\/producto\/1n4007-diodo-rectificador-4007\/#breadcrumb"},"inLanguage":"es","potentialAction":[{"@type":"ReadAction","target":["https:\/\/www.electronicajnc.com\/web\/producto\/1n4007-diodo-rectificador-4007\/"]}]},{"@type":"ImageObject","inLanguage":"es","@id":"https:\/\/www.electronicajnc.com\/web\/producto\/1n4007-diodo-rectificador-4007\/#primaryimage","url":"https:\/\/www.electronicajnc.com\/web\/wp-content\/uploads\/2024\/12\/4007.jpg-sin-fondo.jpg","contentUrl":"https:\/\/www.electronicajnc.com\/web\/wp-content\/uploads\/2024\/12\/4007.jpg-sin-fondo.jpg","width":1028,"height":1115,"caption":"Diodo Rectificador 1n4007"},{"@type":"BreadcrumbList","@id":"https:\/\/www.electronicajnc.com\/web\/producto\/1n4007-diodo-rectificador-4007\/#breadcrumb","itemListElement":[{"@type":"ListItem","position":1,"name":"Portada","item":"https:\/\/www.electronicajnc.com\/web\/"},{"@type":"ListItem","position":2,"name":"TIENDA","item":"https:\/\/www.electronicajnc.com\/web\/tienda\/"},{"@type":"ListItem","position":3,"name":"1N4007 Diodo Rectificador 4007"}]},{"@type":"WebSite","@id":"https:\/\/www.electronicajnc.com\/web\/#website","url":"https:\/\/www.electronicajnc.com\/web\/","name":"Electronica JNC","description":"Robotica Tecnologia Mecatronica en Ecuador","publisher":{"@id":"https:\/\/www.electronicajnc.com\/web\/#organization"},"potentialAction":[{"@type":"SearchAction","target":{"@type":"EntryPoint","urlTemplate":"https:\/\/www.electronicajnc.com\/web\/?s={search_term_string}"},"query-input":{"@type":"PropertyValueSpecification","valueRequired":true,"valueName":"search_term_string"}}],"inLanguage":"es"},{"@type":"Organization","@id":"https:\/\/www.electronicajnc.com\/web\/#organization","name":"Electronica JNC","url":"https:\/\/www.electronicajnc.com\/web\/","logo":{"@type":"ImageObject","inLanguage":"es","@id":"https:\/\/www.electronicajnc.com\/web\/#\/schema\/logo\/image\/","url":"https:\/\/www.electronicajnc.com\/web\/wp-content\/uploads\/2023\/06\/nuevo-logo.jpg","contentUrl":"https:\/\/www.electronicajnc.com\/web\/wp-content\/uploads\/2023\/06\/nuevo-logo.jpg","width":1256,"height":612,"caption":"Electronica JNC"},"image":{"@id":"https:\/\/www.electronicajnc.com\/web\/#\/schema\/logo\/image\/"}}]}},"_links":{"self":[{"href":"https:\/\/www.electronicajnc.com\/web\/wp-json\/wp\/v2\/product\/1918","targetHints":{"allow":["GET"]}}],"collection":[{"href":"https:\/\/www.electronicajnc.com\/web\/wp-json\/wp\/v2\/product"}],"about":[{"href":"https:\/\/www.electronicajnc.com\/web\/wp-json\/wp\/v2\/types\/product"}],"replies":[{"embeddable":true,"href":"https:\/\/www.electronicajnc.com\/web\/wp-json\/wp\/v2\/comments?post=1918"}],"wp:featuredmedia":[{"embeddable":true,"href":"https:\/\/www.electronicajnc.com\/web\/wp-json\/wp\/v2\/media\/1919"}],"wp:attachment":[{"href":"https:\/\/www.electronicajnc.com\/web\/wp-json\/wp\/v2\/media?parent=1918"}],"wp:term":[{"taxonomy":"product_brand","embeddable":true,"href":"https:\/\/www.electronicajnc.com\/web\/wp-json\/wp\/v2\/product_brand?post=1918"},{"taxonomy":"product_cat","embeddable":true,"href":"https:\/\/www.electronicajnc.com\/web\/wp-json\/wp\/v2\/product_cat?post=1918"},{"taxonomy":"product_tag","embeddable":true,"href":"https:\/\/www.electronicajnc.com\/web\/wp-json\/wp\/v2\/product_tag?post=1918"}],"curies":[{"name":"wp","href":"https:\/\/api.w.org\/{rel}","templated":true}]}}