{"id":1952,"date":"2025-01-07T19:38:35","date_gmt":"2025-01-07T19:38:35","guid":{"rendered":"https:\/\/www.electronicajnc.com\/web\/?post_type=product&#038;p=1952"},"modified":"2026-02-03T15:55:37","modified_gmt":"2026-02-03T15:55:37","slug":"escaner-diagnostico-auto-carro-elm327-bluetooth","status":"publish","type":"product","link":"https:\/\/www.electronicajnc.com\/web\/producto\/escaner-diagnostico-auto-carro-elm327-bluetooth\/","title":{"rendered":"Escaner Diagnostico Auto Carro Elm327 Bluetooth"},"content":{"rendered":"<p>Escaner Diagnostico Auto Carro Elm327 Bluetooth<\/p>\n<p>Scanner automotriz conectado directamente en el computador de su autom\u00f3vil, usando el terminal OBD u OBD2, y gracias a la conexi\u00f3n Bluetooth puede visualizar todos los par\u00e1metros en su celular ANDROID usando el Programa Torque Pro (OBD2)<\/p>\n<p><em><strong>Por favor verifique que su veh\u00edculo tenga conector de diagn\u00f3stico de 16 pines y se encuentre en esta lista ANTES de Comprar.<\/strong><\/em><\/p>\n<p>A continuaci\u00f3n se relacionan las Marcas, L\u00edneas y Modelos\u00a0<strong>QUE EN SU MAYOR\u00cdA<\/strong>, son compatibles con<strong>dispositivos OBD2<\/strong>. Debido a que en Ecuador\u00a0<strong>NO hay normatividad que obligue a los fabricantes<\/strong>\u00a0a usar protocolos OBD2 en sus veh\u00edculos, podr\u00edan haber unas pocas L\u00edneas y Modelos que aunque est\u00e9n en la lista; NO sean compatibles con dispositivos OBD2.<\/p>\n<p>Compatible con Veh\u00edculos OBD2 &#8211; CAN<br \/>\nLee y Borra C\u00f3digos de Error (DTC)<br \/>\nPermite apagar el indicador de \u00abCheck Engine\u00bb o \u00abService Soon\u00bb (MIL)<br \/>\nIdeal para Amantes de los Autom\u00f3viles<br \/>\nCompatible con iOS (iPhone, iPad y iPod) y Android<\/p>\n<h1>Escaner Diagnostico Auto Carro Elm327 Bluetooth<\/h1>\n<div>\n<h2><b>\u00bfD\u00f3nde<\/b><strong>\u00a0conseguir ?<\/strong><\/h2>\n<\/div>\n<p>Puedes conseguir este producto y mucho mas en nuestra tienda de electr\u00f3nica \u201cElectr\u00f3nica JNC\u201d a un excelente precio, de igual manera puedes preguntar por otros productos que tenemos para ti y as\u00ed adquirirlos seg\u00fan tu necesidad para\u00a0 tus proyectos.<\/p>\n<p>Adem\u00e1s de vender realizamos todo tipo de proyectos de Rob\u00f3tica Electr\u00f3nica y de Programaci\u00f3n en Arduino-Raspberry, brindamos asesoramiento en la elaboraci\u00f3n de proyectos y personalizamos sus clases cuando deseas armar un robot.<\/p>\n<p>Somos importadores Directos de todo en Electr\u00f3nica y Rob\u00f3tica directamente desde los fabricantes, a los mejores precios del mercado.<\/p>\n<div class=\"x11i5rnm xat24cr x1mh8g0r x1vvkbs xtlvy1s x126k92a\">\n<div dir=\"auto\">SERVICIO PERSONALIZADO, APOYO TEORICO Y VENTA DE MATERIAL<\/div>\n<\/div>\n<div class=\"x11i5rnm xat24cr x1mh8g0r x1vvkbs xtlvy1s x126k92a\">\n<div dir=\"auto\">COTIZA CON NOSOTROS<\/div>\n<div dir=\"auto\">SERVICIO, EXPERIENCIA, CALIDAD Y CONFIANZA<\/div>\n<div dir=\"auto\">\u00abTodo lo que buscas en un solo lugar\u00bb<\/div>\n<\/div>\n<div dir=\"auto\"><\/div>\n<p><img decoding=\"async\" class=\"aligncenter\" src=\"https:\/\/images.ua.prom.st\/1494267654_1494267654.jpg?PImaGE_ID=1494267654\" \/><\/p>\n<p style=\"text-align: center;\">Realizar un pedido en la web o por \u00a0<a href=\"https:\/\/api.whatsapp.com\/send?phone=593958753126\" target=\"_blank\" rel=\"noopener\">WHATSAPP<\/a>.<\/p>\n<p><img decoding=\"async\" class=\"aligncenter\" src=\"https:\/\/images.ua.prom.st\/1494267867_1494267867.jpg?PImaGE_ID=1494267867\" \/><\/p>\n<p style=\"text-align: center;\">Consulta con un asesor\u00a0 todas tus inquietudes.<\/p>\n<p><img decoding=\"async\" class=\"aligncenter\" src=\"https:\/\/images.ua.prom.st\/1494266627_1494266627.jpg?PImaGE_ID=1494266627\" \/><\/p>\n<p style=\"text-align: center;\">Pregunta las formas de pago.<\/p>\n<p><img decoding=\"async\" class=\"aligncenter\" src=\"https:\/\/images.ua.prom.st\/1494267985_1494267985.jpg?PImaGE_ID=1494267985\" \/><\/p>\n<p style=\"text-align: center;\">Tu pedido llega a la puerta de tu casa.<\/p>\n<p>&nbsp;<\/p>\n<p><strong>\u00a1\u00a1 PREG\u00daNTANOS Sin compromiso !!!!<\/strong><\/p>\n<p>Puede retirar sus pedidos en nuestra\u00a0<a href=\"https:\/\/www.electronicajnc.com\/web\/contactos\" target=\"_blank\" rel=\"noopener\">TIENDA F\u00cdSICA<\/a>\u00a0o realizar sus pedidos\u00a0<a href=\"https:\/\/www.electronicajnc.com\/web\/mi-cuenta\" target=\"_blank\" rel=\"noopener\">ONLINE<\/a>\u00a0o por\u00a0<a href=\"https:\/\/api.whatsapp.com\/send?phone=593958753126\" target=\"_blank\" rel=\"noopener\">WHATSAPP<\/a><\/p>\n","protected":false},"excerpt":{"rendered":"<p>Escaner Diagnostico Auto Carro Elm327 Bluetooth Scanner automotriz conectado directamente en el computador de su autom\u00f3vil, usando el terminal OBD u OBD2, y gracias a la conexi\u00f3n Bluetooth puede visualizar todos los par\u00e1metros en su celular ANDROID usando el Programa Torque Pro (OBD2) Por favor verifique que su veh\u00edculo tenga conector de diagn\u00f3stico de 16 [&hellip;]<\/p>\n","protected":false},"featured_media":1953,"comment_status":"closed","ping_status":"closed","template":"","meta":{"saved_in_kubio":false,"_joinchat":[]},"product_brand":[],"product_cat":[309],"product_tag":[805,1545,355,1105,1547,1550,1548,1546,1549],"class_list":{"0":"post-1952","1":"product","2":"type-product","3":"status-publish","4":"has-post-thumbnail","6":"product_cat-componentes-electronicos","7":"product_tag-auto","8":"product_tag-automotriz","9":"product_tag-bluetooth","10":"product_tag-carro","11":"product_tag-diagnostico","12":"product_tag-elm327","13":"product_tag-escaner","14":"product_tag-medicionetiquetas-auto","15":"product_tag-scanner","17":"first","18":"instock","19":"taxable","20":"shipping-taxable","21":"purchasable","22":"product-type-simple"},"yoast_head":"<!-- This site is optimized with the Yoast SEO plugin v27.4 - https:\/\/yoast.com\/product\/yoast-seo-wordpress\/ -->\n<title>Escaner Diagnostico Auto Carro Elm327 Bluetooth - Electronica JNC<\/title>\n<meta name=\"description\" content=\"Escaner Diagnostico Auto Carro Elm327 Bluetooth puede diagnosticar y analizar r\u00e1pidamente problemas del autom\u00f3vil, ahorrando dinero\" \/>\n<meta name=\"robots\" content=\"index, follow, max-snippet:-1, max-image-preview:large, max-video-preview:-1\" \/>\n<link rel=\"canonical\" href=\"https:\/\/www.electronicajnc.com\/web\/producto\/escaner-diagnostico-auto-carro-elm327-bluetooth\/\" \/>\n<meta property=\"og:locale\" content=\"es_ES\" \/>\n<meta property=\"og:type\" content=\"article\" \/>\n<meta property=\"og:title\" content=\"Escaner Diagnostico Auto Carro Elm327 Bluetooth - Electronica JNC\" \/>\n<meta property=\"og:description\" content=\"Escaner Diagnostico Auto Carro Elm327 Bluetooth puede diagnosticar y analizar r\u00e1pidamente problemas del autom\u00f3vil, ahorrando dinero\" \/>\n<meta property=\"og:url\" content=\"https:\/\/www.electronicajnc.com\/web\/producto\/escaner-diagnostico-auto-carro-elm327-bluetooth\/\" \/>\n<meta property=\"og:site_name\" content=\"Electronica JNC\" \/>\n<meta property=\"article:modified_time\" content=\"2026-02-03T15:55:37+00:00\" \/>\n<meta property=\"og:image\" content=\"https:\/\/www.electronicajnc.com\/web\/wp-content\/uploads\/2025\/01\/scaner-de-auto.jpg\" \/>\n\t<meta property=\"og:image:width\" content=\"1028\" \/>\n\t<meta property=\"og:image:height\" content=\"1115\" \/>\n\t<meta property=\"og:image:type\" content=\"image\/jpeg\" \/>\n<meta name=\"twitter:card\" content=\"summary_large_image\" \/>\n<meta name=\"twitter:label1\" content=\"Tiempo de lectura\" \/>\n\t<meta name=\"twitter:data1\" content=\"3 minutos\" \/>\n<script type=\"application\/ld+json\" class=\"yoast-schema-graph\">{\"@context\":\"https:\\\/\\\/schema.org\",\"@graph\":[{\"@type\":\"WebPage\",\"@id\":\"https:\\\/\\\/www.electronicajnc.com\\\/web\\\/producto\\\/escaner-diagnostico-auto-carro-elm327-bluetooth\\\/\",\"url\":\"https:\\\/\\\/www.electronicajnc.com\\\/web\\\/producto\\\/escaner-diagnostico-auto-carro-elm327-bluetooth\\\/\",\"name\":\"Escaner Diagnostico Auto Carro Elm327 Bluetooth - Electronica JNC\",\"isPartOf\":{\"@id\":\"https:\\\/\\\/www.electronicajnc.com\\\/web\\\/#website\"},\"primaryImageOfPage\":{\"@id\":\"https:\\\/\\\/www.electronicajnc.com\\\/web\\\/producto\\\/escaner-diagnostico-auto-carro-elm327-bluetooth\\\/#primaryimage\"},\"image\":{\"@id\":\"https:\\\/\\\/www.electronicajnc.com\\\/web\\\/producto\\\/escaner-diagnostico-auto-carro-elm327-bluetooth\\\/#primaryimage\"},\"thumbnailUrl\":\"https:\\\/\\\/www.electronicajnc.com\\\/web\\\/wp-content\\\/uploads\\\/2025\\\/01\\\/scaner-de-auto.jpg\",\"datePublished\":\"2025-01-07T19:38:35+00:00\",\"dateModified\":\"2026-02-03T15:55:37+00:00\",\"description\":\"Escaner Diagnostico Auto Carro Elm327 Bluetooth puede diagnosticar y analizar r\u00e1pidamente problemas del autom\u00f3vil, ahorrando dinero\",\"breadcrumb\":{\"@id\":\"https:\\\/\\\/www.electronicajnc.com\\\/web\\\/producto\\\/escaner-diagnostico-auto-carro-elm327-bluetooth\\\/#breadcrumb\"},\"inLanguage\":\"es\",\"potentialAction\":[{\"@type\":\"ReadAction\",\"target\":[\"https:\\\/\\\/www.electronicajnc.com\\\/web\\\/producto\\\/escaner-diagnostico-auto-carro-elm327-bluetooth\\\/\"]}]},{\"@type\":\"ImageObject\",\"inLanguage\":\"es\",\"@id\":\"https:\\\/\\\/www.electronicajnc.com\\\/web\\\/producto\\\/escaner-diagnostico-auto-carro-elm327-bluetooth\\\/#primaryimage\",\"url\":\"https:\\\/\\\/www.electronicajnc.com\\\/web\\\/wp-content\\\/uploads\\\/2025\\\/01\\\/scaner-de-auto.jpg\",\"contentUrl\":\"https:\\\/\\\/www.electronicajnc.com\\\/web\\\/wp-content\\\/uploads\\\/2025\\\/01\\\/scaner-de-auto.jpg\",\"width\":1028,\"height\":1115,\"caption\":\"Escaner Diagnostico Auto Carro Elm327 Bluetooth\"},{\"@type\":\"BreadcrumbList\",\"@id\":\"https:\\\/\\\/www.electronicajnc.com\\\/web\\\/producto\\\/escaner-diagnostico-auto-carro-elm327-bluetooth\\\/#breadcrumb\",\"itemListElement\":[{\"@type\":\"ListItem\",\"position\":1,\"name\":\"Portada\",\"item\":\"https:\\\/\\\/www.electronicajnc.com\\\/web\\\/\"},{\"@type\":\"ListItem\",\"position\":2,\"name\":\"TIENDA\",\"item\":\"https:\\\/\\\/www.electronicajnc.com\\\/web\\\/tienda\\\/\"},{\"@type\":\"ListItem\",\"position\":3,\"name\":\"Escaner Diagnostico Auto Carro Elm327 Bluetooth\"}]},{\"@type\":\"WebSite\",\"@id\":\"https:\\\/\\\/www.electronicajnc.com\\\/web\\\/#website\",\"url\":\"https:\\\/\\\/www.electronicajnc.com\\\/web\\\/\",\"name\":\"Electronica JNC\",\"description\":\"Robotica Tecnologia Mecatronica en Ecuador\",\"publisher\":{\"@id\":\"https:\\\/\\\/www.electronicajnc.com\\\/web\\\/#organization\"},\"potentialAction\":[{\"@type\":\"SearchAction\",\"target\":{\"@type\":\"EntryPoint\",\"urlTemplate\":\"https:\\\/\\\/www.electronicajnc.com\\\/web\\\/?s={search_term_string}\"},\"query-input\":{\"@type\":\"PropertyValueSpecification\",\"valueRequired\":true,\"valueName\":\"search_term_string\"}}],\"inLanguage\":\"es\"},{\"@type\":\"Organization\",\"@id\":\"https:\\\/\\\/www.electronicajnc.com\\\/web\\\/#organization\",\"name\":\"Electronica JNC\",\"url\":\"https:\\\/\\\/www.electronicajnc.com\\\/web\\\/\",\"logo\":{\"@type\":\"ImageObject\",\"inLanguage\":\"es\",\"@id\":\"https:\\\/\\\/www.electronicajnc.com\\\/web\\\/#\\\/schema\\\/logo\\\/image\\\/\",\"url\":\"https:\\\/\\\/www.electronicajnc.com\\\/web\\\/wp-content\\\/uploads\\\/2023\\\/06\\\/nuevo-logo.jpg\",\"contentUrl\":\"https:\\\/\\\/www.electronicajnc.com\\\/web\\\/wp-content\\\/uploads\\\/2023\\\/06\\\/nuevo-logo.jpg\",\"width\":1256,\"height\":612,\"caption\":\"Electronica JNC\"},\"image\":{\"@id\":\"https:\\\/\\\/www.electronicajnc.com\\\/web\\\/#\\\/schema\\\/logo\\\/image\\\/\"}}]}<\/script>\n<!-- \/ Yoast SEO plugin. -->","yoast_head_json":{"title":"Escaner Diagnostico Auto Carro Elm327 Bluetooth - Electronica JNC","description":"Escaner Diagnostico Auto Carro Elm327 Bluetooth puede diagnosticar y analizar r\u00e1pidamente problemas del autom\u00f3vil, ahorrando dinero","robots":{"index":"index","follow":"follow","max-snippet":"max-snippet:-1","max-image-preview":"max-image-preview:large","max-video-preview":"max-video-preview:-1"},"canonical":"https:\/\/www.electronicajnc.com\/web\/producto\/escaner-diagnostico-auto-carro-elm327-bluetooth\/","og_locale":"es_ES","og_type":"article","og_title":"Escaner Diagnostico Auto Carro Elm327 Bluetooth - Electronica JNC","og_description":"Escaner Diagnostico Auto Carro Elm327 Bluetooth puede diagnosticar y analizar r\u00e1pidamente problemas del autom\u00f3vil, ahorrando dinero","og_url":"https:\/\/www.electronicajnc.com\/web\/producto\/escaner-diagnostico-auto-carro-elm327-bluetooth\/","og_site_name":"Electronica JNC","article_modified_time":"2026-02-03T15:55:37+00:00","og_image":[{"width":1028,"height":1115,"url":"https:\/\/www.electronicajnc.com\/web\/wp-content\/uploads\/2025\/01\/scaner-de-auto.jpg","type":"image\/jpeg"}],"twitter_card":"summary_large_image","twitter_misc":{"Tiempo de lectura":"3 minutos"},"schema":{"@context":"https:\/\/schema.org","@graph":[{"@type":"WebPage","@id":"https:\/\/www.electronicajnc.com\/web\/producto\/escaner-diagnostico-auto-carro-elm327-bluetooth\/","url":"https:\/\/www.electronicajnc.com\/web\/producto\/escaner-diagnostico-auto-carro-elm327-bluetooth\/","name":"Escaner Diagnostico Auto Carro Elm327 Bluetooth - Electronica JNC","isPartOf":{"@id":"https:\/\/www.electronicajnc.com\/web\/#website"},"primaryImageOfPage":{"@id":"https:\/\/www.electronicajnc.com\/web\/producto\/escaner-diagnostico-auto-carro-elm327-bluetooth\/#primaryimage"},"image":{"@id":"https:\/\/www.electronicajnc.com\/web\/producto\/escaner-diagnostico-auto-carro-elm327-bluetooth\/#primaryimage"},"thumbnailUrl":"https:\/\/www.electronicajnc.com\/web\/wp-content\/uploads\/2025\/01\/scaner-de-auto.jpg","datePublished":"2025-01-07T19:38:35+00:00","dateModified":"2026-02-03T15:55:37+00:00","description":"Escaner Diagnostico Auto Carro Elm327 Bluetooth puede diagnosticar y analizar r\u00e1pidamente problemas del autom\u00f3vil, ahorrando dinero","breadcrumb":{"@id":"https:\/\/www.electronicajnc.com\/web\/producto\/escaner-diagnostico-auto-carro-elm327-bluetooth\/#breadcrumb"},"inLanguage":"es","potentialAction":[{"@type":"ReadAction","target":["https:\/\/www.electronicajnc.com\/web\/producto\/escaner-diagnostico-auto-carro-elm327-bluetooth\/"]}]},{"@type":"ImageObject","inLanguage":"es","@id":"https:\/\/www.electronicajnc.com\/web\/producto\/escaner-diagnostico-auto-carro-elm327-bluetooth\/#primaryimage","url":"https:\/\/www.electronicajnc.com\/web\/wp-content\/uploads\/2025\/01\/scaner-de-auto.jpg","contentUrl":"https:\/\/www.electronicajnc.com\/web\/wp-content\/uploads\/2025\/01\/scaner-de-auto.jpg","width":1028,"height":1115,"caption":"Escaner Diagnostico Auto Carro Elm327 Bluetooth"},{"@type":"BreadcrumbList","@id":"https:\/\/www.electronicajnc.com\/web\/producto\/escaner-diagnostico-auto-carro-elm327-bluetooth\/#breadcrumb","itemListElement":[{"@type":"ListItem","position":1,"name":"Portada","item":"https:\/\/www.electronicajnc.com\/web\/"},{"@type":"ListItem","position":2,"name":"TIENDA","item":"https:\/\/www.electronicajnc.com\/web\/tienda\/"},{"@type":"ListItem","position":3,"name":"Escaner Diagnostico Auto Carro Elm327 Bluetooth"}]},{"@type":"WebSite","@id":"https:\/\/www.electronicajnc.com\/web\/#website","url":"https:\/\/www.electronicajnc.com\/web\/","name":"Electronica JNC","description":"Robotica Tecnologia Mecatronica en Ecuador","publisher":{"@id":"https:\/\/www.electronicajnc.com\/web\/#organization"},"potentialAction":[{"@type":"SearchAction","target":{"@type":"EntryPoint","urlTemplate":"https:\/\/www.electronicajnc.com\/web\/?s={search_term_string}"},"query-input":{"@type":"PropertyValueSpecification","valueRequired":true,"valueName":"search_term_string"}}],"inLanguage":"es"},{"@type":"Organization","@id":"https:\/\/www.electronicajnc.com\/web\/#organization","name":"Electronica JNC","url":"https:\/\/www.electronicajnc.com\/web\/","logo":{"@type":"ImageObject","inLanguage":"es","@id":"https:\/\/www.electronicajnc.com\/web\/#\/schema\/logo\/image\/","url":"https:\/\/www.electronicajnc.com\/web\/wp-content\/uploads\/2023\/06\/nuevo-logo.jpg","contentUrl":"https:\/\/www.electronicajnc.com\/web\/wp-content\/uploads\/2023\/06\/nuevo-logo.jpg","width":1256,"height":612,"caption":"Electronica JNC"},"image":{"@id":"https:\/\/www.electronicajnc.com\/web\/#\/schema\/logo\/image\/"}}]}},"_links":{"self":[{"href":"https:\/\/www.electronicajnc.com\/web\/wp-json\/wp\/v2\/product\/1952","targetHints":{"allow":["GET"]}}],"collection":[{"href":"https:\/\/www.electronicajnc.com\/web\/wp-json\/wp\/v2\/product"}],"about":[{"href":"https:\/\/www.electronicajnc.com\/web\/wp-json\/wp\/v2\/types\/product"}],"replies":[{"embeddable":true,"href":"https:\/\/www.electronicajnc.com\/web\/wp-json\/wp\/v2\/comments?post=1952"}],"wp:featuredmedia":[{"embeddable":true,"href":"https:\/\/www.electronicajnc.com\/web\/wp-json\/wp\/v2\/media\/1953"}],"wp:attachment":[{"href":"https:\/\/www.electronicajnc.com\/web\/wp-json\/wp\/v2\/media?parent=1952"}],"wp:term":[{"taxonomy":"product_brand","embeddable":true,"href":"https:\/\/www.electronicajnc.com\/web\/wp-json\/wp\/v2\/product_brand?post=1952"},{"taxonomy":"product_cat","embeddable":true,"href":"https:\/\/www.electronicajnc.com\/web\/wp-json\/wp\/v2\/product_cat?post=1952"},{"taxonomy":"product_tag","embeddable":true,"href":"https:\/\/www.electronicajnc.com\/web\/wp-json\/wp\/v2\/product_tag?post=1952"}],"curies":[{"name":"wp","href":"https:\/\/api.w.org\/{rel}","templated":true}]}}