{"id":1959,"date":"2025-01-14T00:29:22","date_gmt":"2025-01-14T00:29:22","guid":{"rendered":"https:\/\/www.electronicajnc.com\/web\/?post_type=product&#038;p=1959"},"modified":"2025-01-14T00:40:03","modified_gmt":"2025-01-14T00:40:03","slug":"modulo-rele-5v-1-canal-con-wifi-esp-8266","status":"publish","type":"product","link":"https:\/\/www.electronicajnc.com\/web\/producto\/modulo-rele-5v-1-canal-con-wifi-esp-8266\/","title":{"rendered":"M\u00f3dulo rel\u00e9 5v 1 canal con wifi esp 8266"},"content":{"rendered":"<p>M\u00f3dulo rel\u00e9 5v 1 canal con wifi esp 8266<\/p>\n<p>Este m\u00f3dulo de rel\u00e9 inteligente basado en el m\u00f3dulo WIFI ESP-01S. Est\u00e1 dise\u00f1ado para el hogar inteligente, Internet de la cosa y otro proyecto de bricolaje.<br \/>\nCon este rel\u00e9 inteligente, usted ser\u00e1 f\u00e1cil de DISE\u00d1AR su interruptor inteligente para controlar cualquier dispositivo desde su tel\u00e9fono m\u00f3vil desde cualquier lugar.<\/p>\n<p>Automatizacion Arduino<\/p>\n<p>El tama\u00f1o de este m\u00f3dulo de rel\u00e9 es realmente peque\u00f1o por lo que f\u00e1cilmente puede ser incorporado dentro de la carcasa o cuerpo del mismo equipo que va a controlar, mejorando no solo la conveniencia t\u00e9cnica, sino la est\u00e9tica del proyecto. Est\u00e1 ensamblado con materiales de muy buena calidad y con detalles est\u00e9ticos guardados cuidadosamente, este m\u00f3dulo rel\u00e9 wifi es realmente una gran herramienta.<\/p>\n<p>Este modulo sencillo y compacto esta especialmente dise\u00f1ado para aplicaciones IoT (Internet de las Cosas), cuenta con socket para conectar un m\u00f3dulo WiFi ESP8266 y un relee.<\/p>\n<p>Perfecto para conectarse mediante WiFi y controlar remotamente el relee.<\/p>\n<ul>\n<li>\n<div>\n<h2><b>\u00bfD\u00f3nde<\/b><strong>\u00a0conseguir ?<\/strong><\/h2>\n<\/div>\n<p>Puedes conseguir este producto y mucho mas en nuestra tienda de electr\u00f3nica \u201cElectr\u00f3nica JNC\u201d a un excelente precio, de igual manera puedes preguntar por otros productos que tenemos para ti y as\u00ed adquirirlos seg\u00fan tu necesidad para\u00a0 tus proyectos.<\/p>\n<p>Adem\u00e1s de vender realizamos todo tipo de proyectos de Rob\u00f3tica Electr\u00f3nica y de Programaci\u00f3n en Arduino-Raspberry, brindamos asesoramiento en la elaboraci\u00f3n de proyectos y personalizamos sus clases cuando deseas armar un robot.<\/p>\n<p>Somos importadores Directos de todo en Electr\u00f3nica y Rob\u00f3tica directamente desde los fabricantes, a los mejores precios del mercado.<\/p>\n<div class=\"x11i5rnm xat24cr x1mh8g0r x1vvkbs xtlvy1s x126k92a\">\n<div dir=\"auto\">SERVICIO PERSONALIZADO, APOYO TEORICO Y VENTA DE MATERIAL<\/div>\n<\/div>\n<div class=\"x11i5rnm xat24cr x1mh8g0r x1vvkbs xtlvy1s x126k92a\">\n<div dir=\"auto\">COTIZA CON NOSOTROS<\/div>\n<div dir=\"auto\">SERVICIO, EXPERIENCIA, CALIDAD Y CONFIANZA<\/div>\n<div dir=\"auto\">\u00abTodo lo que buscas en un solo lugar\u00bb<\/div>\n<\/div>\n<div dir=\"auto\"><\/div>\n<p><img decoding=\"async\" class=\"aligncenter\" src=\"https:\/\/images.ua.prom.st\/1494267654_1494267654.jpg?PImaGE_ID=1494267654\" \/><\/p>\n<p style=\"text-align: center;\">Realizar un pedido en la web o por \u00a0<a href=\"https:\/\/api.whatsapp.com\/send?phone=593958753126\" target=\"_blank\" rel=\"noopener\">WHATSAPP<\/a>.<\/p>\n<p><img decoding=\"async\" class=\"aligncenter\" src=\"https:\/\/images.ua.prom.st\/1494267867_1494267867.jpg?PImaGE_ID=1494267867\" \/><\/p>\n<p style=\"text-align: center;\">Consulta con un asesor\u00a0 todas tus inquietudes.<\/p>\n<p><img decoding=\"async\" class=\"aligncenter\" src=\"https:\/\/images.ua.prom.st\/1494266627_1494266627.jpg?PImaGE_ID=1494266627\" \/><\/p>\n<p style=\"text-align: center;\">Pregunta las formas de pago.<\/p>\n<p><img decoding=\"async\" class=\"aligncenter\" src=\"https:\/\/images.ua.prom.st\/1494267985_1494267985.jpg?PImaGE_ID=1494267985\" \/><\/p>\n<p style=\"text-align: center;\">Tu pedido llega a la puerta de tu casa.<\/p>\n<p>&nbsp;<\/p>\n<p><strong>\u00a1\u00a1 PREG\u00daNTANOS Sin compromiso !!!!<\/strong><\/p>\n<p>Puede retirar sus pedidos en nuestra\u00a0<a href=\"https:\/\/www.electronicajnc.com\/web\/contactos\" target=\"_blank\" rel=\"noopener\">TIENDA F\u00cdSICA<\/a>\u00a0o realizar sus pedidos\u00a0<a href=\"https:\/\/www.electronicajnc.com\/web\/mi-cuenta\" target=\"_blank\" rel=\"noopener\">ONLINE<\/a>\u00a0o por\u00a0<a href=\"https:\/\/api.whatsapp.com\/send?phone=593958753126\" target=\"_blank\" rel=\"noopener\">WHATSAPP<\/a>.<\/li>\n<\/ul>\n","protected":false},"excerpt":{"rendered":"<p>M\u00f3dulo rel\u00e9 5v 1 canal con wifi esp 8266 Este m\u00f3dulo de rel\u00e9 inteligente basado en el m\u00f3dulo WIFI ESP-01S. Est\u00e1 dise\u00f1ado para el hogar inteligente, Internet de la cosa y otro proyecto de bricolaje. Con este rel\u00e9 inteligente, usted ser\u00e1 f\u00e1cil de DISE\u00d1AR su interruptor inteligente para controlar cualquier dispositivo desde su tel\u00e9fono m\u00f3vil [&hellip;]<\/p>\n","protected":false},"featured_media":1960,"comment_status":"closed","ping_status":"closed","template":"","meta":{"saved_in_kubio":false,"_joinchat":[]},"product_brand":[],"product_cat":[21],"product_tag":[1563,353,706,1560,1561,1562],"class_list":{"0":"post-1959","1":"product","2":"type-product","3":"status-publish","4":"has-post-thumbnail","6":"product_cat-modulos_sensores","7":"product_tag-1563","8":"product_tag-esp","9":"product_tag-esp01-8266","10":"product_tag-modulo-rele-wifi","11":"product_tag-modulo-wifi","12":"product_tag-rele-inalambrico","14":"first","15":"instock","16":"taxable","17":"shipping-taxable","18":"product-type-simple"},"yoast_head":"<!-- This site is optimized with the Yoast SEO plugin v27.4 - https:\/\/yoast.com\/product\/yoast-seo-wordpress\/ -->\n<title>M\u00f3dulo rel\u00e9 5v 1 canal con wifi esp 8266 - Electronica JNC<\/title>\n<meta name=\"description\" content=\"M\u00f3dulo rel\u00e9 5v 1 canal con wifi esp 8266 interruptor inteligente para controlar cualquier dispositivo a trav\u00e9s de su tel\u00e9fono m\u00f3vil, sin conexiones f\u00edsicas\" \/>\n<meta name=\"robots\" content=\"index, follow, max-snippet:-1, max-image-preview:large, max-video-preview:-1\" \/>\n<link rel=\"canonical\" href=\"https:\/\/www.electronicajnc.com\/web\/producto\/modulo-rele-5v-1-canal-con-wifi-esp-8266\/\" \/>\n<meta property=\"og:locale\" content=\"es_ES\" \/>\n<meta property=\"og:type\" content=\"article\" \/>\n<meta property=\"og:title\" content=\"M\u00f3dulo rel\u00e9 5v 1 canal con wifi esp 8266 - Electronica JNC\" \/>\n<meta property=\"og:description\" content=\"M\u00f3dulo rel\u00e9 5v 1 canal con wifi esp 8266 interruptor inteligente para controlar cualquier dispositivo a trav\u00e9s de su tel\u00e9fono m\u00f3vil, sin conexiones f\u00edsicas\" \/>\n<meta property=\"og:url\" content=\"https:\/\/www.electronicajnc.com\/web\/producto\/modulo-rele-5v-1-canal-con-wifi-esp-8266\/\" \/>\n<meta property=\"og:site_name\" content=\"Electronica JNC\" \/>\n<meta property=\"article:modified_time\" content=\"2025-01-14T00:40:03+00:00\" \/>\n<meta property=\"og:image\" content=\"https:\/\/www.electronicajnc.com\/web\/wp-content\/uploads\/2025\/01\/RELE-PARA-ESP-01-8266.jpg\" \/>\n\t<meta property=\"og:image:width\" content=\"1028\" \/>\n\t<meta property=\"og:image:height\" content=\"1115\" \/>\n\t<meta property=\"og:image:type\" content=\"image\/jpeg\" \/>\n<meta name=\"twitter:card\" content=\"summary_large_image\" \/>\n<meta name=\"twitter:label1\" content=\"Tiempo de lectura\" \/>\n\t<meta name=\"twitter:data1\" content=\"3 minutos\" \/>\n<script type=\"application\/ld+json\" class=\"yoast-schema-graph\">{\"@context\":\"https:\\\/\\\/schema.org\",\"@graph\":[{\"@type\":\"WebPage\",\"@id\":\"https:\\\/\\\/www.electronicajnc.com\\\/web\\\/producto\\\/modulo-rele-5v-1-canal-con-wifi-esp-8266\\\/\",\"url\":\"https:\\\/\\\/www.electronicajnc.com\\\/web\\\/producto\\\/modulo-rele-5v-1-canal-con-wifi-esp-8266\\\/\",\"name\":\"M\u00f3dulo rel\u00e9 5v 1 canal con wifi esp 8266 - Electronica JNC\",\"isPartOf\":{\"@id\":\"https:\\\/\\\/www.electronicajnc.com\\\/web\\\/#website\"},\"primaryImageOfPage\":{\"@id\":\"https:\\\/\\\/www.electronicajnc.com\\\/web\\\/producto\\\/modulo-rele-5v-1-canal-con-wifi-esp-8266\\\/#primaryimage\"},\"image\":{\"@id\":\"https:\\\/\\\/www.electronicajnc.com\\\/web\\\/producto\\\/modulo-rele-5v-1-canal-con-wifi-esp-8266\\\/#primaryimage\"},\"thumbnailUrl\":\"https:\\\/\\\/www.electronicajnc.com\\\/web\\\/wp-content\\\/uploads\\\/2025\\\/01\\\/RELE-PARA-ESP-01-8266.jpg\",\"datePublished\":\"2025-01-14T00:29:22+00:00\",\"dateModified\":\"2025-01-14T00:40:03+00:00\",\"description\":\"M\u00f3dulo rel\u00e9 5v 1 canal con wifi esp 8266 interruptor inteligente para controlar cualquier dispositivo a trav\u00e9s de su tel\u00e9fono m\u00f3vil, sin conexiones f\u00edsicas\",\"breadcrumb\":{\"@id\":\"https:\\\/\\\/www.electronicajnc.com\\\/web\\\/producto\\\/modulo-rele-5v-1-canal-con-wifi-esp-8266\\\/#breadcrumb\"},\"inLanguage\":\"es\",\"potentialAction\":[{\"@type\":\"ReadAction\",\"target\":[\"https:\\\/\\\/www.electronicajnc.com\\\/web\\\/producto\\\/modulo-rele-5v-1-canal-con-wifi-esp-8266\\\/\"]}]},{\"@type\":\"ImageObject\",\"inLanguage\":\"es\",\"@id\":\"https:\\\/\\\/www.electronicajnc.com\\\/web\\\/producto\\\/modulo-rele-5v-1-canal-con-wifi-esp-8266\\\/#primaryimage\",\"url\":\"https:\\\/\\\/www.electronicajnc.com\\\/web\\\/wp-content\\\/uploads\\\/2025\\\/01\\\/RELE-PARA-ESP-01-8266.jpg\",\"contentUrl\":\"https:\\\/\\\/www.electronicajnc.com\\\/web\\\/wp-content\\\/uploads\\\/2025\\\/01\\\/RELE-PARA-ESP-01-8266.jpg\",\"width\":1028,\"height\":1115,\"caption\":\"M\u00d3DULO REL\u00c9 5V 1 CANAL CON WIFI ESP8266\"},{\"@type\":\"BreadcrumbList\",\"@id\":\"https:\\\/\\\/www.electronicajnc.com\\\/web\\\/producto\\\/modulo-rele-5v-1-canal-con-wifi-esp-8266\\\/#breadcrumb\",\"itemListElement\":[{\"@type\":\"ListItem\",\"position\":1,\"name\":\"Portada\",\"item\":\"https:\\\/\\\/www.electronicajnc.com\\\/web\\\/\"},{\"@type\":\"ListItem\",\"position\":2,\"name\":\"TIENDA\",\"item\":\"https:\\\/\\\/www.electronicajnc.com\\\/web\\\/tienda\\\/\"},{\"@type\":\"ListItem\",\"position\":3,\"name\":\"M\u00f3dulo rel\u00e9 5v 1 canal con wifi esp 8266\"}]},{\"@type\":\"WebSite\",\"@id\":\"https:\\\/\\\/www.electronicajnc.com\\\/web\\\/#website\",\"url\":\"https:\\\/\\\/www.electronicajnc.com\\\/web\\\/\",\"name\":\"Electronica JNC\",\"description\":\"Robotica Tecnologia Mecatronica en Ecuador\",\"publisher\":{\"@id\":\"https:\\\/\\\/www.electronicajnc.com\\\/web\\\/#organization\"},\"potentialAction\":[{\"@type\":\"SearchAction\",\"target\":{\"@type\":\"EntryPoint\",\"urlTemplate\":\"https:\\\/\\\/www.electronicajnc.com\\\/web\\\/?s={search_term_string}\"},\"query-input\":{\"@type\":\"PropertyValueSpecification\",\"valueRequired\":true,\"valueName\":\"search_term_string\"}}],\"inLanguage\":\"es\"},{\"@type\":\"Organization\",\"@id\":\"https:\\\/\\\/www.electronicajnc.com\\\/web\\\/#organization\",\"name\":\"Electronica JNC\",\"url\":\"https:\\\/\\\/www.electronicajnc.com\\\/web\\\/\",\"logo\":{\"@type\":\"ImageObject\",\"inLanguage\":\"es\",\"@id\":\"https:\\\/\\\/www.electronicajnc.com\\\/web\\\/#\\\/schema\\\/logo\\\/image\\\/\",\"url\":\"https:\\\/\\\/www.electronicajnc.com\\\/web\\\/wp-content\\\/uploads\\\/2023\\\/06\\\/nuevo-logo.jpg\",\"contentUrl\":\"https:\\\/\\\/www.electronicajnc.com\\\/web\\\/wp-content\\\/uploads\\\/2023\\\/06\\\/nuevo-logo.jpg\",\"width\":1256,\"height\":612,\"caption\":\"Electronica JNC\"},\"image\":{\"@id\":\"https:\\\/\\\/www.electronicajnc.com\\\/web\\\/#\\\/schema\\\/logo\\\/image\\\/\"}}]}<\/script>\n<!-- \/ Yoast SEO plugin. -->","yoast_head_json":{"title":"M\u00f3dulo rel\u00e9 5v 1 canal con wifi esp 8266 - Electronica JNC","description":"M\u00f3dulo rel\u00e9 5v 1 canal con wifi esp 8266 interruptor inteligente para controlar cualquier dispositivo a trav\u00e9s de su tel\u00e9fono m\u00f3vil, sin conexiones f\u00edsicas","robots":{"index":"index","follow":"follow","max-snippet":"max-snippet:-1","max-image-preview":"max-image-preview:large","max-video-preview":"max-video-preview:-1"},"canonical":"https:\/\/www.electronicajnc.com\/web\/producto\/modulo-rele-5v-1-canal-con-wifi-esp-8266\/","og_locale":"es_ES","og_type":"article","og_title":"M\u00f3dulo rel\u00e9 5v 1 canal con wifi esp 8266 - Electronica JNC","og_description":"M\u00f3dulo rel\u00e9 5v 1 canal con wifi esp 8266 interruptor inteligente para controlar cualquier dispositivo a trav\u00e9s de su tel\u00e9fono m\u00f3vil, sin conexiones f\u00edsicas","og_url":"https:\/\/www.electronicajnc.com\/web\/producto\/modulo-rele-5v-1-canal-con-wifi-esp-8266\/","og_site_name":"Electronica JNC","article_modified_time":"2025-01-14T00:40:03+00:00","og_image":[{"width":1028,"height":1115,"url":"https:\/\/www.electronicajnc.com\/web\/wp-content\/uploads\/2025\/01\/RELE-PARA-ESP-01-8266.jpg","type":"image\/jpeg"}],"twitter_card":"summary_large_image","twitter_misc":{"Tiempo de lectura":"3 minutos"},"schema":{"@context":"https:\/\/schema.org","@graph":[{"@type":"WebPage","@id":"https:\/\/www.electronicajnc.com\/web\/producto\/modulo-rele-5v-1-canal-con-wifi-esp-8266\/","url":"https:\/\/www.electronicajnc.com\/web\/producto\/modulo-rele-5v-1-canal-con-wifi-esp-8266\/","name":"M\u00f3dulo rel\u00e9 5v 1 canal con wifi esp 8266 - Electronica JNC","isPartOf":{"@id":"https:\/\/www.electronicajnc.com\/web\/#website"},"primaryImageOfPage":{"@id":"https:\/\/www.electronicajnc.com\/web\/producto\/modulo-rele-5v-1-canal-con-wifi-esp-8266\/#primaryimage"},"image":{"@id":"https:\/\/www.electronicajnc.com\/web\/producto\/modulo-rele-5v-1-canal-con-wifi-esp-8266\/#primaryimage"},"thumbnailUrl":"https:\/\/www.electronicajnc.com\/web\/wp-content\/uploads\/2025\/01\/RELE-PARA-ESP-01-8266.jpg","datePublished":"2025-01-14T00:29:22+00:00","dateModified":"2025-01-14T00:40:03+00:00","description":"M\u00f3dulo rel\u00e9 5v 1 canal con wifi esp 8266 interruptor inteligente para controlar cualquier dispositivo a trav\u00e9s de su tel\u00e9fono m\u00f3vil, sin conexiones f\u00edsicas","breadcrumb":{"@id":"https:\/\/www.electronicajnc.com\/web\/producto\/modulo-rele-5v-1-canal-con-wifi-esp-8266\/#breadcrumb"},"inLanguage":"es","potentialAction":[{"@type":"ReadAction","target":["https:\/\/www.electronicajnc.com\/web\/producto\/modulo-rele-5v-1-canal-con-wifi-esp-8266\/"]}]},{"@type":"ImageObject","inLanguage":"es","@id":"https:\/\/www.electronicajnc.com\/web\/producto\/modulo-rele-5v-1-canal-con-wifi-esp-8266\/#primaryimage","url":"https:\/\/www.electronicajnc.com\/web\/wp-content\/uploads\/2025\/01\/RELE-PARA-ESP-01-8266.jpg","contentUrl":"https:\/\/www.electronicajnc.com\/web\/wp-content\/uploads\/2025\/01\/RELE-PARA-ESP-01-8266.jpg","width":1028,"height":1115,"caption":"M\u00d3DULO REL\u00c9 5V 1 CANAL CON WIFI ESP8266"},{"@type":"BreadcrumbList","@id":"https:\/\/www.electronicajnc.com\/web\/producto\/modulo-rele-5v-1-canal-con-wifi-esp-8266\/#breadcrumb","itemListElement":[{"@type":"ListItem","position":1,"name":"Portada","item":"https:\/\/www.electronicajnc.com\/web\/"},{"@type":"ListItem","position":2,"name":"TIENDA","item":"https:\/\/www.electronicajnc.com\/web\/tienda\/"},{"@type":"ListItem","position":3,"name":"M\u00f3dulo rel\u00e9 5v 1 canal con wifi esp 8266"}]},{"@type":"WebSite","@id":"https:\/\/www.electronicajnc.com\/web\/#website","url":"https:\/\/www.electronicajnc.com\/web\/","name":"Electronica JNC","description":"Robotica Tecnologia Mecatronica en Ecuador","publisher":{"@id":"https:\/\/www.electronicajnc.com\/web\/#organization"},"potentialAction":[{"@type":"SearchAction","target":{"@type":"EntryPoint","urlTemplate":"https:\/\/www.electronicajnc.com\/web\/?s={search_term_string}"},"query-input":{"@type":"PropertyValueSpecification","valueRequired":true,"valueName":"search_term_string"}}],"inLanguage":"es"},{"@type":"Organization","@id":"https:\/\/www.electronicajnc.com\/web\/#organization","name":"Electronica JNC","url":"https:\/\/www.electronicajnc.com\/web\/","logo":{"@type":"ImageObject","inLanguage":"es","@id":"https:\/\/www.electronicajnc.com\/web\/#\/schema\/logo\/image\/","url":"https:\/\/www.electronicajnc.com\/web\/wp-content\/uploads\/2023\/06\/nuevo-logo.jpg","contentUrl":"https:\/\/www.electronicajnc.com\/web\/wp-content\/uploads\/2023\/06\/nuevo-logo.jpg","width":1256,"height":612,"caption":"Electronica JNC"},"image":{"@id":"https:\/\/www.electronicajnc.com\/web\/#\/schema\/logo\/image\/"}}]}},"_links":{"self":[{"href":"https:\/\/www.electronicajnc.com\/web\/wp-json\/wp\/v2\/product\/1959","targetHints":{"allow":["GET"]}}],"collection":[{"href":"https:\/\/www.electronicajnc.com\/web\/wp-json\/wp\/v2\/product"}],"about":[{"href":"https:\/\/www.electronicajnc.com\/web\/wp-json\/wp\/v2\/types\/product"}],"replies":[{"embeddable":true,"href":"https:\/\/www.electronicajnc.com\/web\/wp-json\/wp\/v2\/comments?post=1959"}],"wp:featuredmedia":[{"embeddable":true,"href":"https:\/\/www.electronicajnc.com\/web\/wp-json\/wp\/v2\/media\/1960"}],"wp:attachment":[{"href":"https:\/\/www.electronicajnc.com\/web\/wp-json\/wp\/v2\/media?parent=1959"}],"wp:term":[{"taxonomy":"product_brand","embeddable":true,"href":"https:\/\/www.electronicajnc.com\/web\/wp-json\/wp\/v2\/product_brand?post=1959"},{"taxonomy":"product_cat","embeddable":true,"href":"https:\/\/www.electronicajnc.com\/web\/wp-json\/wp\/v2\/product_cat?post=1959"},{"taxonomy":"product_tag","embeddable":true,"href":"https:\/\/www.electronicajnc.com\/web\/wp-json\/wp\/v2\/product_tag?post=1959"}],"curies":[{"name":"wp","href":"https:\/\/api.w.org\/{rel}","templated":true}]}}