{"id":1973,"date":"2025-01-14T22:45:41","date_gmt":"2025-01-14T22:45:41","guid":{"rendered":"https:\/\/www.electronicajnc.com\/web\/?post_type=product&#038;p=1973"},"modified":"2025-01-14T22:45:41","modified_gmt":"2025-01-14T22:45:41","slug":"llanta-de-goma-para-motor-reductor-41mm","status":"publish","type":"product","link":"https:\/\/www.electronicajnc.com\/web\/producto\/llanta-de-goma-para-motor-reductor-41mm\/","title":{"rendered":"Llanta de Goma Para Motor reductor 41mm"},"content":{"rendered":"<p>Llanta de Goma Para Motor reductor 41mm<\/p>\n<p>La\u00a0<strong>Llanta<\/strong>\u00a0delgada y ligera para\u00a0<strong>motorreductor<\/strong>\u00a0es una parte fundamental en la creaci\u00f3n de un robots seguidor de l\u00edneas, carrito y robot sumo o cualquier otro proyecto o prototipo escolar. Ambos elementos los permitir\u00e1n dar movimiento al carrito.<\/p>\n<p>Esta llanta esta formada de pl\u00e1stico ABS y goma, tiene un di\u00e1metro de 41 mm. Los rines est\u00e1n fabricados con pl\u00e1stico resistente y la llanta con hule flexible antiderrapante.<\/p>\n<p>Esta llanta de Goma se puede montar a un motorreductor que es ideal para utilizarse en la realizaci\u00f3n de plataformas rob\u00f3ticas. Si estas pensando en construir un robot con tracci\u00f3n diferencial, esta llanta es \u00fatil para complementar un motorreductor para darle movimiento a tu creaci\u00f3n.\u00a0<strong>NO INCLUYE MOTORREDUCTOR.<\/strong><\/p>\n<h1>Llanta de Goma Para Motor reductor 41mm<\/h1>\n<h3><b>CARACTER\u00cdSTICAS<\/b><\/h3>\n<ul>\n<li>Modelo: 410 Rueda de Goma<\/li>\n<li>100% Compatible con motor DC TT con reductora<\/li>\n<li>Material: Goma y pl\u00e1stico.<\/li>\n<li>Color: Amarillo<\/li>\n<li>Medidas: Di\u00e1metro: 41mm<\/li>\n<li>Di\u00e1metro interno: 3mm.<\/li>\n<\/ul>\n<ul>\n<li>\n<div>\n<h2><b>\u00bfD\u00f3nde<\/b><strong>\u00a0conseguir ?<\/strong><\/h2>\n<\/div>\n<p>Puedes conseguir este producto y mucho mas en nuestra tienda de electr\u00f3nica \u201cElectr\u00f3nica JNC\u201d a un excelente precio, de igual manera puedes preguntar por otros productos que tenemos para ti y as\u00ed adquirirlos seg\u00fan tu necesidad para\u00a0 tus proyectos.<\/p>\n<p>Adem\u00e1s de vender realizamos todo tipo de proyectos de Rob\u00f3tica Electr\u00f3nica y de Programaci\u00f3n en Arduino-Raspberry, brindamos asesoramiento en la elaboraci\u00f3n de proyectos y personalizamos sus clases cuando deseas armar un robot.<\/p>\n<p>Somos importadores Directos de todo en Electr\u00f3nica y Rob\u00f3tica directamente desde los fabricantes, a los mejores precios del mercado.<\/p>\n<div class=\"x11i5rnm xat24cr x1mh8g0r x1vvkbs xtlvy1s x126k92a\">\n<div dir=\"auto\">SERVICIO PERSONALIZADO, APOYO TEORICO Y VENTA DE MATERIAL<\/div>\n<\/div>\n<div class=\"x11i5rnm xat24cr x1mh8g0r x1vvkbs xtlvy1s x126k92a\">\n<div dir=\"auto\">COTIZA CON NOSOTROS<\/div>\n<div dir=\"auto\">SERVICIO, EXPERIENCIA, CALIDAD Y CONFIANZA<\/div>\n<div dir=\"auto\">\u00abTodo lo que buscas en un solo lugar\u00bb<\/div>\n<\/div>\n<div dir=\"auto\"><\/div>\n<p><img decoding=\"async\" class=\"aligncenter\" src=\"https:\/\/images.ua.prom.st\/1494267654_1494267654.jpg?PImaGE_ID=1494267654\" \/><\/p>\n<p style=\"text-align: center;\">Realizar un pedido en la web o por \u00a0<a href=\"https:\/\/api.whatsapp.com\/send?phone=593958753126\" target=\"_blank\" rel=\"noopener\">WHATSAPP<\/a>.<\/p>\n<p><img decoding=\"async\" class=\"aligncenter\" src=\"https:\/\/images.ua.prom.st\/1494267867_1494267867.jpg?PImaGE_ID=1494267867\" \/><\/p>\n<p style=\"text-align: center;\">Consulta con un asesor\u00a0 todas tus inquietudes.<\/p>\n<p><img decoding=\"async\" class=\"aligncenter\" src=\"https:\/\/images.ua.prom.st\/1494266627_1494266627.jpg?PImaGE_ID=1494266627\" \/><\/p>\n<p style=\"text-align: center;\">Pregunta las formas de pago.<\/p>\n<p><img decoding=\"async\" class=\"aligncenter\" src=\"https:\/\/images.ua.prom.st\/1494267985_1494267985.jpg?PImaGE_ID=1494267985\" \/><\/p>\n<p style=\"text-align: center;\">Tu pedido llega a la puerta de tu casa.<\/p>\n<p>&nbsp;<\/p>\n<p><strong>\u00a1\u00a1 PREG\u00daNTANOS Sin compromiso !!!!<\/strong><\/p>\n<p>Puede retirar sus pedidos en nuestra\u00a0<a href=\"https:\/\/www.electronicajnc.com\/web\/contactos\" target=\"_blank\" rel=\"noopener\">TIENDA F\u00cdSICA<\/a>\u00a0o realizar sus pedidos\u00a0<a href=\"https:\/\/www.electronicajnc.com\/web\/mi-cuenta\" target=\"_blank\" rel=\"noopener\">ONLINE<\/a>\u00a0o por\u00a0<a href=\"https:\/\/api.whatsapp.com\/send?phone=593958753126\" target=\"_blank\" rel=\"noopener\">WHATSAPP<\/a>.<\/li>\n<\/ul>\n","protected":false},"excerpt":{"rendered":"<p>Llanta de Goma Para Motor reductor 41mm La\u00a0Llanta\u00a0delgada y ligera para\u00a0motorreductor\u00a0es una parte fundamental en la creaci\u00f3n de un robots seguidor de l\u00edneas, carrito y robot sumo o cualquier otro proyecto o prototipo escolar. Ambos elementos los permitir\u00e1n dar movimiento al carrito. Esta llanta esta formada de pl\u00e1stico ABS y goma, tiene un di\u00e1metro de [&hellip;]<\/p>\n","protected":false},"featured_media":1974,"comment_status":"closed","ping_status":"closed","template":"","meta":{"saved_in_kubio":false,"_joinchat":[]},"product_brand":[],"product_cat":[309],"product_tag":[1575,1576,1102,1103,1578,1577,611,31],"class_list":{"0":"post-1973","1":"product","2":"type-product","3":"status-publish","4":"has-post-thumbnail","6":"product_cat-componentes-electronicos","7":"product_tag-40x4mm","8":"product_tag-delgada","9":"product_tag-llanta","10":"product_tag-llanta-de-goma","11":"product_tag-llanta-para-motoreductor","12":"product_tag-llanta-robotica","13":"product_tag-motorreductor","14":"product_tag-robotica","16":"first","17":"instock","18":"taxable","19":"shipping-taxable","20":"product-type-simple"},"yoast_head":"<!-- This site is optimized with the Yoast SEO plugin v27.4 - https:\/\/yoast.com\/product\/yoast-seo-wordpress\/ -->\n<title>Llanta de Goma Para Motor reductor 41mm - Electronica JNC<\/title>\n<meta name=\"description\" content=\"Llanta de Goma Para Motor reductor 41mm es una parte fundamental en la creaci\u00f3n de un robots seguidor de l\u00edneas, carrito y robots varios\" \/>\n<meta name=\"robots\" content=\"index, follow, max-snippet:-1, max-image-preview:large, max-video-preview:-1\" \/>\n<link rel=\"canonical\" href=\"https:\/\/www.electronicajnc.com\/web\/producto\/llanta-de-goma-para-motor-reductor-41mm\/\" \/>\n<meta property=\"og:locale\" content=\"es_ES\" \/>\n<meta property=\"og:type\" content=\"article\" \/>\n<meta property=\"og:title\" content=\"Llanta de Goma Para Motor reductor 41mm - Electronica JNC\" \/>\n<meta property=\"og:description\" content=\"Llanta de Goma Para Motor reductor 41mm es una parte fundamental en la creaci\u00f3n de un robots seguidor de l\u00edneas, carrito y robots varios\" \/>\n<meta property=\"og:url\" content=\"https:\/\/www.electronicajnc.com\/web\/producto\/llanta-de-goma-para-motor-reductor-41mm\/\" \/>\n<meta property=\"og:site_name\" content=\"Electronica JNC\" \/>\n<meta property=\"og:image\" content=\"https:\/\/www.electronicajnc.com\/web\/wp-content\/uploads\/2025\/01\/LLANTA-AMARILLA-DELGADA.jpg\" \/>\n\t<meta property=\"og:image:width\" content=\"1028\" \/>\n\t<meta property=\"og:image:height\" content=\"1115\" \/>\n\t<meta property=\"og:image:type\" content=\"image\/jpeg\" \/>\n<meta name=\"twitter:card\" content=\"summary_large_image\" \/>\n<meta name=\"twitter:label1\" content=\"Tiempo de lectura\" \/>\n\t<meta name=\"twitter:data1\" content=\"3 minutos\" \/>\n<script type=\"application\/ld+json\" class=\"yoast-schema-graph\">{\"@context\":\"https:\\\/\\\/schema.org\",\"@graph\":[{\"@type\":\"WebPage\",\"@id\":\"https:\\\/\\\/www.electronicajnc.com\\\/web\\\/producto\\\/llanta-de-goma-para-motor-reductor-41mm\\\/\",\"url\":\"https:\\\/\\\/www.electronicajnc.com\\\/web\\\/producto\\\/llanta-de-goma-para-motor-reductor-41mm\\\/\",\"name\":\"Llanta de Goma Para Motor reductor 41mm - Electronica JNC\",\"isPartOf\":{\"@id\":\"https:\\\/\\\/www.electronicajnc.com\\\/web\\\/#website\"},\"primaryImageOfPage\":{\"@id\":\"https:\\\/\\\/www.electronicajnc.com\\\/web\\\/producto\\\/llanta-de-goma-para-motor-reductor-41mm\\\/#primaryimage\"},\"image\":{\"@id\":\"https:\\\/\\\/www.electronicajnc.com\\\/web\\\/producto\\\/llanta-de-goma-para-motor-reductor-41mm\\\/#primaryimage\"},\"thumbnailUrl\":\"https:\\\/\\\/www.electronicajnc.com\\\/web\\\/wp-content\\\/uploads\\\/2025\\\/01\\\/LLANTA-AMARILLA-DELGADA.jpg\",\"datePublished\":\"2025-01-14T22:45:41+00:00\",\"description\":\"Llanta de Goma Para Motor reductor 41mm es una parte fundamental en la creaci\u00f3n de un robots seguidor de l\u00edneas, carrito y robots varios\",\"breadcrumb\":{\"@id\":\"https:\\\/\\\/www.electronicajnc.com\\\/web\\\/producto\\\/llanta-de-goma-para-motor-reductor-41mm\\\/#breadcrumb\"},\"inLanguage\":\"es\",\"potentialAction\":[{\"@type\":\"ReadAction\",\"target\":[\"https:\\\/\\\/www.electronicajnc.com\\\/web\\\/producto\\\/llanta-de-goma-para-motor-reductor-41mm\\\/\"]}]},{\"@type\":\"ImageObject\",\"inLanguage\":\"es\",\"@id\":\"https:\\\/\\\/www.electronicajnc.com\\\/web\\\/producto\\\/llanta-de-goma-para-motor-reductor-41mm\\\/#primaryimage\",\"url\":\"https:\\\/\\\/www.electronicajnc.com\\\/web\\\/wp-content\\\/uploads\\\/2025\\\/01\\\/LLANTA-AMARILLA-DELGADA.jpg\",\"contentUrl\":\"https:\\\/\\\/www.electronicajnc.com\\\/web\\\/wp-content\\\/uploads\\\/2025\\\/01\\\/LLANTA-AMARILLA-DELGADA.jpg\",\"width\":1028,\"height\":1115,\"caption\":\"Llanta Delgada para Motorreductor TT de 40x4mm\"},{\"@type\":\"BreadcrumbList\",\"@id\":\"https:\\\/\\\/www.electronicajnc.com\\\/web\\\/producto\\\/llanta-de-goma-para-motor-reductor-41mm\\\/#breadcrumb\",\"itemListElement\":[{\"@type\":\"ListItem\",\"position\":1,\"name\":\"Portada\",\"item\":\"https:\\\/\\\/www.electronicajnc.com\\\/web\\\/\"},{\"@type\":\"ListItem\",\"position\":2,\"name\":\"TIENDA\",\"item\":\"https:\\\/\\\/www.electronicajnc.com\\\/web\\\/tienda\\\/\"},{\"@type\":\"ListItem\",\"position\":3,\"name\":\"Llanta de Goma Para Motor reductor 41mm\"}]},{\"@type\":\"WebSite\",\"@id\":\"https:\\\/\\\/www.electronicajnc.com\\\/web\\\/#website\",\"url\":\"https:\\\/\\\/www.electronicajnc.com\\\/web\\\/\",\"name\":\"Electronica JNC\",\"description\":\"Robotica Tecnologia Mecatronica en Ecuador\",\"publisher\":{\"@id\":\"https:\\\/\\\/www.electronicajnc.com\\\/web\\\/#organization\"},\"potentialAction\":[{\"@type\":\"SearchAction\",\"target\":{\"@type\":\"EntryPoint\",\"urlTemplate\":\"https:\\\/\\\/www.electronicajnc.com\\\/web\\\/?s={search_term_string}\"},\"query-input\":{\"@type\":\"PropertyValueSpecification\",\"valueRequired\":true,\"valueName\":\"search_term_string\"}}],\"inLanguage\":\"es\"},{\"@type\":\"Organization\",\"@id\":\"https:\\\/\\\/www.electronicajnc.com\\\/web\\\/#organization\",\"name\":\"Electronica JNC\",\"url\":\"https:\\\/\\\/www.electronicajnc.com\\\/web\\\/\",\"logo\":{\"@type\":\"ImageObject\",\"inLanguage\":\"es\",\"@id\":\"https:\\\/\\\/www.electronicajnc.com\\\/web\\\/#\\\/schema\\\/logo\\\/image\\\/\",\"url\":\"https:\\\/\\\/www.electronicajnc.com\\\/web\\\/wp-content\\\/uploads\\\/2023\\\/06\\\/nuevo-logo.jpg\",\"contentUrl\":\"https:\\\/\\\/www.electronicajnc.com\\\/web\\\/wp-content\\\/uploads\\\/2023\\\/06\\\/nuevo-logo.jpg\",\"width\":1256,\"height\":612,\"caption\":\"Electronica JNC\"},\"image\":{\"@id\":\"https:\\\/\\\/www.electronicajnc.com\\\/web\\\/#\\\/schema\\\/logo\\\/image\\\/\"}}]}<\/script>\n<!-- \/ Yoast SEO plugin. -->","yoast_head_json":{"title":"Llanta de Goma Para Motor reductor 41mm - Electronica JNC","description":"Llanta de Goma Para Motor reductor 41mm es una parte fundamental en la creaci\u00f3n de un robots seguidor de l\u00edneas, carrito y robots varios","robots":{"index":"index","follow":"follow","max-snippet":"max-snippet:-1","max-image-preview":"max-image-preview:large","max-video-preview":"max-video-preview:-1"},"canonical":"https:\/\/www.electronicajnc.com\/web\/producto\/llanta-de-goma-para-motor-reductor-41mm\/","og_locale":"es_ES","og_type":"article","og_title":"Llanta de Goma Para Motor reductor 41mm - Electronica JNC","og_description":"Llanta de Goma Para Motor reductor 41mm es una parte fundamental en la creaci\u00f3n de un robots seguidor de l\u00edneas, carrito y robots varios","og_url":"https:\/\/www.electronicajnc.com\/web\/producto\/llanta-de-goma-para-motor-reductor-41mm\/","og_site_name":"Electronica JNC","og_image":[{"width":1028,"height":1115,"url":"https:\/\/www.electronicajnc.com\/web\/wp-content\/uploads\/2025\/01\/LLANTA-AMARILLA-DELGADA.jpg","type":"image\/jpeg"}],"twitter_card":"summary_large_image","twitter_misc":{"Tiempo de lectura":"3 minutos"},"schema":{"@context":"https:\/\/schema.org","@graph":[{"@type":"WebPage","@id":"https:\/\/www.electronicajnc.com\/web\/producto\/llanta-de-goma-para-motor-reductor-41mm\/","url":"https:\/\/www.electronicajnc.com\/web\/producto\/llanta-de-goma-para-motor-reductor-41mm\/","name":"Llanta de Goma Para Motor reductor 41mm - Electronica JNC","isPartOf":{"@id":"https:\/\/www.electronicajnc.com\/web\/#website"},"primaryImageOfPage":{"@id":"https:\/\/www.electronicajnc.com\/web\/producto\/llanta-de-goma-para-motor-reductor-41mm\/#primaryimage"},"image":{"@id":"https:\/\/www.electronicajnc.com\/web\/producto\/llanta-de-goma-para-motor-reductor-41mm\/#primaryimage"},"thumbnailUrl":"https:\/\/www.electronicajnc.com\/web\/wp-content\/uploads\/2025\/01\/LLANTA-AMARILLA-DELGADA.jpg","datePublished":"2025-01-14T22:45:41+00:00","description":"Llanta de Goma Para Motor reductor 41mm es una parte fundamental en la creaci\u00f3n de un robots seguidor de l\u00edneas, carrito y robots varios","breadcrumb":{"@id":"https:\/\/www.electronicajnc.com\/web\/producto\/llanta-de-goma-para-motor-reductor-41mm\/#breadcrumb"},"inLanguage":"es","potentialAction":[{"@type":"ReadAction","target":["https:\/\/www.electronicajnc.com\/web\/producto\/llanta-de-goma-para-motor-reductor-41mm\/"]}]},{"@type":"ImageObject","inLanguage":"es","@id":"https:\/\/www.electronicajnc.com\/web\/producto\/llanta-de-goma-para-motor-reductor-41mm\/#primaryimage","url":"https:\/\/www.electronicajnc.com\/web\/wp-content\/uploads\/2025\/01\/LLANTA-AMARILLA-DELGADA.jpg","contentUrl":"https:\/\/www.electronicajnc.com\/web\/wp-content\/uploads\/2025\/01\/LLANTA-AMARILLA-DELGADA.jpg","width":1028,"height":1115,"caption":"Llanta Delgada para Motorreductor TT de 40x4mm"},{"@type":"BreadcrumbList","@id":"https:\/\/www.electronicajnc.com\/web\/producto\/llanta-de-goma-para-motor-reductor-41mm\/#breadcrumb","itemListElement":[{"@type":"ListItem","position":1,"name":"Portada","item":"https:\/\/www.electronicajnc.com\/web\/"},{"@type":"ListItem","position":2,"name":"TIENDA","item":"https:\/\/www.electronicajnc.com\/web\/tienda\/"},{"@type":"ListItem","position":3,"name":"Llanta de Goma Para Motor reductor 41mm"}]},{"@type":"WebSite","@id":"https:\/\/www.electronicajnc.com\/web\/#website","url":"https:\/\/www.electronicajnc.com\/web\/","name":"Electronica JNC","description":"Robotica Tecnologia Mecatronica en Ecuador","publisher":{"@id":"https:\/\/www.electronicajnc.com\/web\/#organization"},"potentialAction":[{"@type":"SearchAction","target":{"@type":"EntryPoint","urlTemplate":"https:\/\/www.electronicajnc.com\/web\/?s={search_term_string}"},"query-input":{"@type":"PropertyValueSpecification","valueRequired":true,"valueName":"search_term_string"}}],"inLanguage":"es"},{"@type":"Organization","@id":"https:\/\/www.electronicajnc.com\/web\/#organization","name":"Electronica JNC","url":"https:\/\/www.electronicajnc.com\/web\/","logo":{"@type":"ImageObject","inLanguage":"es","@id":"https:\/\/www.electronicajnc.com\/web\/#\/schema\/logo\/image\/","url":"https:\/\/www.electronicajnc.com\/web\/wp-content\/uploads\/2023\/06\/nuevo-logo.jpg","contentUrl":"https:\/\/www.electronicajnc.com\/web\/wp-content\/uploads\/2023\/06\/nuevo-logo.jpg","width":1256,"height":612,"caption":"Electronica JNC"},"image":{"@id":"https:\/\/www.electronicajnc.com\/web\/#\/schema\/logo\/image\/"}}]}},"_links":{"self":[{"href":"https:\/\/www.electronicajnc.com\/web\/wp-json\/wp\/v2\/product\/1973","targetHints":{"allow":["GET"]}}],"collection":[{"href":"https:\/\/www.electronicajnc.com\/web\/wp-json\/wp\/v2\/product"}],"about":[{"href":"https:\/\/www.electronicajnc.com\/web\/wp-json\/wp\/v2\/types\/product"}],"replies":[{"embeddable":true,"href":"https:\/\/www.electronicajnc.com\/web\/wp-json\/wp\/v2\/comments?post=1973"}],"wp:featuredmedia":[{"embeddable":true,"href":"https:\/\/www.electronicajnc.com\/web\/wp-json\/wp\/v2\/media\/1974"}],"wp:attachment":[{"href":"https:\/\/www.electronicajnc.com\/web\/wp-json\/wp\/v2\/media?parent=1973"}],"wp:term":[{"taxonomy":"product_brand","embeddable":true,"href":"https:\/\/www.electronicajnc.com\/web\/wp-json\/wp\/v2\/product_brand?post=1973"},{"taxonomy":"product_cat","embeddable":true,"href":"https:\/\/www.electronicajnc.com\/web\/wp-json\/wp\/v2\/product_cat?post=1973"},{"taxonomy":"product_tag","embeddable":true,"href":"https:\/\/www.electronicajnc.com\/web\/wp-json\/wp\/v2\/product_tag?post=1973"}],"curies":[{"name":"wp","href":"https:\/\/api.w.org\/{rel}","templated":true}]}}