{"id":1979,"date":"2025-01-16T16:18:01","date_gmt":"2025-01-16T16:18:01","guid":{"rendered":"https:\/\/www.electronicajnc.com\/web\/?post_type=product&#038;p=1979"},"modified":"2025-04-23T14:16:35","modified_gmt":"2025-04-23T14:16:35","slug":"bateria-de-lipo-3-7v-1000mah-25c-litio","status":"publish","type":"product","link":"https:\/\/www.electronicajnc.com\/web\/producto\/bateria-de-lipo-3-7v-1000mah-25c-litio\/","title":{"rendered":"Bater\u00eda de Lipo 3.7V 1000mAh 25C Litio"},"content":{"rendered":"<p class=\"product_title entry-title\">Bater\u00eda de Lipo 3.7V 1000mAh 25C Litio<\/p>\n<p align=\"justify\">La Bater\u00eda LiPo 3.7V 1000mAh o bater\u00eda de litio-pol\u00edmero, es una pila recargable constituida por varias celdas lo que permite almacenar una gran cantidad de energ\u00eda. El voltaje es de 3.7V a 4.2V y una corriente de 1000mAh.<\/p>\n<p>La Bater\u00eda LiPo 3.7V 1000mAh\u00a0 es \u00fatil para suministrar voltaje a proyectos, dispositivos y\/o equipos que requieran una corriente de 1000mAh. Por ejemplo: en auriculares Bluetooth, altavoz Bluetooth, productos port\u00e1tiles inteligentes, electr\u00f3nica para autom\u00f3viles, GPS, tel\u00e9fono inteligente, productos digitales, DVD port\u00e1til, tableta, libro electr\u00f3nico, terminal POS, PDA, banco de energ\u00eda, juguetes RC, m\u00e9dico dispositivo, etc.<\/p>\n<p>En el \u00e1mbito de la electr\u00f3nica y desarrollo de proyectos son utilizadas para crear prototipos que tenga una fuente de alimentaci\u00f3n recargable<\/p>\n<h1 class=\"product_title entry-title\">Bater\u00eda de Lipo 3.7V 1000mAh 25C Litio<\/h1>\n<ul>\n<li>\n<div>\n<h2><b>\u00bfD\u00f3nde<\/b><strong>\u00a0conseguir ?<\/strong><\/h2>\n<\/div>\n<p>Puedes conseguir este producto y mucho mas en nuestra tienda de electr\u00f3nica \u201cElectr\u00f3nica JNC\u201d a un excelente precio, de igual manera puedes preguntar por otros productos que tenemos para ti y as\u00ed adquirirlos seg\u00fan tu necesidad para\u00a0 tus proyectos.<\/p>\n<p>Adem\u00e1s de vender realizamos todo tipo de proyectos de Rob\u00f3tica Electr\u00f3nica y de Programaci\u00f3n en Arduino-Raspberry, brindamos asesoramiento en la elaboraci\u00f3n de proyectos y personalizamos sus clases cuando deseas armar un robot.<\/p>\n<p>Somos importadores Directos de todo en Electr\u00f3nica y Rob\u00f3tica directamente desde los fabricantes, a los mejores precios del mercado.<\/p>\n<div class=\"x11i5rnm xat24cr x1mh8g0r x1vvkbs xtlvy1s x126k92a\">\n<div dir=\"auto\">SERVICIO PERSONALIZADO, APOYO TEORICO Y VENTA DE MATERIAL<\/div>\n<\/div>\n<div class=\"x11i5rnm xat24cr x1mh8g0r x1vvkbs xtlvy1s x126k92a\">\n<div dir=\"auto\">COTIZA CON NOSOTROS<\/div>\n<div dir=\"auto\">SERVICIO, EXPERIENCIA, CALIDAD Y CONFIANZA<\/div>\n<div dir=\"auto\">\u00abTodo lo que buscas en un solo lugar\u00bb<\/div>\n<\/div>\n<div dir=\"auto\"><\/div>\n<p><img decoding=\"async\" class=\"aligncenter\" src=\"https:\/\/images.ua.prom.st\/1494267654_1494267654.jpg?PImaGE_ID=1494267654\" \/><\/p>\n<p style=\"text-align: center;\">Realizar un pedido en la web o por \u00a0<a href=\"https:\/\/api.whatsapp.com\/send?phone=593958753126\" target=\"_blank\" rel=\"noopener\">WHATSAPP<\/a>.<\/p>\n<p><img decoding=\"async\" class=\"aligncenter\" src=\"https:\/\/images.ua.prom.st\/1494267867_1494267867.jpg?PImaGE_ID=1494267867\" \/><\/p>\n<p style=\"text-align: center;\">Consulta con un asesor\u00a0 todas tus inquietudes.<\/p>\n<p><img decoding=\"async\" class=\"aligncenter\" src=\"https:\/\/images.ua.prom.st\/1494266627_1494266627.jpg?PImaGE_ID=1494266627\" \/><\/p>\n<p style=\"text-align: center;\">Pregunta las formas de pago.<\/p>\n<p><img decoding=\"async\" class=\"aligncenter\" src=\"https:\/\/images.ua.prom.st\/1494267985_1494267985.jpg?PImaGE_ID=1494267985\" \/><\/p>\n<p style=\"text-align: center;\">Tu pedido llega a la puerta de tu casa.<\/p>\n<p>&nbsp;<\/p>\n<p><strong>\u00a1\u00a1 PREG\u00daNTANOS Sin compromiso !!!!<\/strong><\/p>\n<p>Puede retirar sus pedidos en nuestra\u00a0<a href=\"https:\/\/www.electronicajnc.com\/web\/contactos\" target=\"_blank\" rel=\"noopener\">TIENDA F\u00cdSICA<\/a>\u00a0o realizar sus pedidos\u00a0<a href=\"https:\/\/www.electronicajnc.com\/web\/mi-cuenta\" target=\"_blank\" rel=\"noopener\">ONLINE<\/a>\u00a0o por\u00a0<a href=\"https:\/\/api.whatsapp.com\/send?phone=593958753126\" target=\"_blank\" rel=\"noopener\">WHATSAPP<\/a>.<\/li>\n<\/ul>\n","protected":false},"excerpt":{"rendered":"<p>Bater\u00eda de Lipo 3.7V 1000mAh 25C Litio La Bater\u00eda LiPo 3.7V 1000mAh o bater\u00eda de litio-pol\u00edmero, es una pila recargable constituida por varias celdas lo que permite almacenar una gran cantidad de energ\u00eda. El voltaje es de 3.7V a 4.2V y una corriente de 1000mAh. La Bater\u00eda LiPo 3.7V 1000mAh\u00a0 es \u00fatil para suministrar voltaje [&hellip;]<\/p>\n","protected":false},"featured_media":1980,"comment_status":"closed","ping_status":"closed","template":"","meta":{"saved_in_kubio":false,"_joinchat":[]},"product_brand":[],"product_cat":[70],"product_tag":[1595,1178,953,1538,1539],"class_list":{"0":"post-1979","1":"product","2":"type-product","3":"status-publish","4":"has-post-thumbnail","6":"product_cat-electronica_herramientas","7":"product_tag-1000ma","8":"product_tag-3-7v","9":"product_tag-bateria","10":"product_tag-bateria-lipo","11":"product_tag-lipo","13":"first","14":"instock","15":"taxable","16":"shipping-taxable","17":"purchasable","18":"product-type-simple"},"yoast_head":"<!-- This site is optimized with the Yoast SEO plugin v27.5 - https:\/\/yoast.com\/product\/yoast-seo-wordpress\/ -->\n<title>Bater\u00eda de Lipo 3.7V 1000mAh 25C Litio - Electronica JNC<\/title>\n<meta name=\"description\" content=\"Bater\u00eda de Lipo 3.7V 1000mAh 25C Litio es \u00fatil para suministrar voltaje a proyectos, dispositivos y\/o equipos que requieran una corriente de 1000mAh.\" \/>\n<meta name=\"robots\" content=\"index, follow, max-snippet:-1, max-image-preview:large, max-video-preview:-1\" \/>\n<link rel=\"canonical\" href=\"https:\/\/www.electronicajnc.com\/web\/producto\/bateria-de-lipo-3-7v-1000mah-25c-litio\/\" \/>\n<meta property=\"og:locale\" content=\"es_ES\" \/>\n<meta property=\"og:type\" content=\"article\" \/>\n<meta property=\"og:title\" content=\"Bater\u00eda de Lipo 3.7V 1000mAh 25C Litio - Electronica JNC\" \/>\n<meta property=\"og:description\" content=\"Bater\u00eda de Lipo 3.7V 1000mAh 25C Litio es \u00fatil para suministrar voltaje a proyectos, dispositivos y\/o equipos que requieran una corriente de 1000mAh.\" \/>\n<meta property=\"og:url\" content=\"https:\/\/www.electronicajnc.com\/web\/producto\/bateria-de-lipo-3-7v-1000mah-25c-litio\/\" \/>\n<meta property=\"og:site_name\" content=\"Electronica JNC\" \/>\n<meta property=\"article:modified_time\" content=\"2025-04-23T14:16:35+00:00\" \/>\n<meta property=\"og:image\" content=\"https:\/\/www.electronicajnc.com\/web\/wp-content\/uploads\/2025\/01\/bateria-lipo-1000.jpg\" \/>\n\t<meta property=\"og:image:width\" content=\"1028\" \/>\n\t<meta property=\"og:image:height\" content=\"1115\" \/>\n\t<meta property=\"og:image:type\" content=\"image\/jpeg\" \/>\n<meta name=\"twitter:card\" content=\"summary_large_image\" \/>\n<meta name=\"twitter:label1\" content=\"Tiempo de lectura\" \/>\n\t<meta name=\"twitter:data1\" content=\"3 minutos\" \/>\n<script type=\"application\/ld+json\" class=\"yoast-schema-graph\">{\"@context\":\"https:\\\/\\\/schema.org\",\"@graph\":[{\"@type\":\"WebPage\",\"@id\":\"https:\\\/\\\/www.electronicajnc.com\\\/web\\\/producto\\\/bateria-de-lipo-3-7v-1000mah-25c-litio\\\/\",\"url\":\"https:\\\/\\\/www.electronicajnc.com\\\/web\\\/producto\\\/bateria-de-lipo-3-7v-1000mah-25c-litio\\\/\",\"name\":\"Bater\u00eda de Lipo 3.7V 1000mAh 25C Litio - Electronica JNC\",\"isPartOf\":{\"@id\":\"https:\\\/\\\/www.electronicajnc.com\\\/web\\\/#website\"},\"primaryImageOfPage\":{\"@id\":\"https:\\\/\\\/www.electronicajnc.com\\\/web\\\/producto\\\/bateria-de-lipo-3-7v-1000mah-25c-litio\\\/#primaryimage\"},\"image\":{\"@id\":\"https:\\\/\\\/www.electronicajnc.com\\\/web\\\/producto\\\/bateria-de-lipo-3-7v-1000mah-25c-litio\\\/#primaryimage\"},\"thumbnailUrl\":\"https:\\\/\\\/www.electronicajnc.com\\\/web\\\/wp-content\\\/uploads\\\/2025\\\/01\\\/bateria-lipo-1000.jpg\",\"datePublished\":\"2025-01-16T16:18:01+00:00\",\"dateModified\":\"2025-04-23T14:16:35+00:00\",\"description\":\"Bater\u00eda de Lipo 3.7V 1000mAh 25C Litio es \u00fatil para suministrar voltaje a proyectos, dispositivos y\\\/o equipos que requieran una corriente de 1000mAh.\",\"breadcrumb\":{\"@id\":\"https:\\\/\\\/www.electronicajnc.com\\\/web\\\/producto\\\/bateria-de-lipo-3-7v-1000mah-25c-litio\\\/#breadcrumb\"},\"inLanguage\":\"es\",\"potentialAction\":[{\"@type\":\"ReadAction\",\"target\":[\"https:\\\/\\\/www.electronicajnc.com\\\/web\\\/producto\\\/bateria-de-lipo-3-7v-1000mah-25c-litio\\\/\"]}]},{\"@type\":\"ImageObject\",\"inLanguage\":\"es\",\"@id\":\"https:\\\/\\\/www.electronicajnc.com\\\/web\\\/producto\\\/bateria-de-lipo-3-7v-1000mah-25c-litio\\\/#primaryimage\",\"url\":\"https:\\\/\\\/www.electronicajnc.com\\\/web\\\/wp-content\\\/uploads\\\/2025\\\/01\\\/bateria-lipo-1000.jpg\",\"contentUrl\":\"https:\\\/\\\/www.electronicajnc.com\\\/web\\\/wp-content\\\/uploads\\\/2025\\\/01\\\/bateria-lipo-1000.jpg\",\"width\":1028,\"height\":1115,\"caption\":\"Bateria LiPo 3.7V 1000mAh\"},{\"@type\":\"BreadcrumbList\",\"@id\":\"https:\\\/\\\/www.electronicajnc.com\\\/web\\\/producto\\\/bateria-de-lipo-3-7v-1000mah-25c-litio\\\/#breadcrumb\",\"itemListElement\":[{\"@type\":\"ListItem\",\"position\":1,\"name\":\"Portada\",\"item\":\"https:\\\/\\\/www.electronicajnc.com\\\/web\\\/\"},{\"@type\":\"ListItem\",\"position\":2,\"name\":\"TIENDA\",\"item\":\"https:\\\/\\\/www.electronicajnc.com\\\/web\\\/tienda\\\/\"},{\"@type\":\"ListItem\",\"position\":3,\"name\":\"Bater\u00eda de Lipo 3.7V 1000mAh 25C Litio\"}]},{\"@type\":\"WebSite\",\"@id\":\"https:\\\/\\\/www.electronicajnc.com\\\/web\\\/#website\",\"url\":\"https:\\\/\\\/www.electronicajnc.com\\\/web\\\/\",\"name\":\"Electronica JNC\",\"description\":\"Robotica Tecnologia Mecatronica en Ecuador\",\"publisher\":{\"@id\":\"https:\\\/\\\/www.electronicajnc.com\\\/web\\\/#organization\"},\"potentialAction\":[{\"@type\":\"SearchAction\",\"target\":{\"@type\":\"EntryPoint\",\"urlTemplate\":\"https:\\\/\\\/www.electronicajnc.com\\\/web\\\/?s={search_term_string}\"},\"query-input\":{\"@type\":\"PropertyValueSpecification\",\"valueRequired\":true,\"valueName\":\"search_term_string\"}}],\"inLanguage\":\"es\"},{\"@type\":\"Organization\",\"@id\":\"https:\\\/\\\/www.electronicajnc.com\\\/web\\\/#organization\",\"name\":\"Electronica JNC\",\"url\":\"https:\\\/\\\/www.electronicajnc.com\\\/web\\\/\",\"logo\":{\"@type\":\"ImageObject\",\"inLanguage\":\"es\",\"@id\":\"https:\\\/\\\/www.electronicajnc.com\\\/web\\\/#\\\/schema\\\/logo\\\/image\\\/\",\"url\":\"https:\\\/\\\/www.electronicajnc.com\\\/web\\\/wp-content\\\/uploads\\\/2023\\\/06\\\/nuevo-logo.jpg\",\"contentUrl\":\"https:\\\/\\\/www.electronicajnc.com\\\/web\\\/wp-content\\\/uploads\\\/2023\\\/06\\\/nuevo-logo.jpg\",\"width\":1256,\"height\":612,\"caption\":\"Electronica JNC\"},\"image\":{\"@id\":\"https:\\\/\\\/www.electronicajnc.com\\\/web\\\/#\\\/schema\\\/logo\\\/image\\\/\"}}]}<\/script>\n<!-- \/ Yoast SEO plugin. -->","yoast_head_json":{"title":"Bater\u00eda de Lipo 3.7V 1000mAh 25C Litio - Electronica JNC","description":"Bater\u00eda de Lipo 3.7V 1000mAh 25C Litio es \u00fatil para suministrar voltaje a proyectos, dispositivos y\/o equipos que requieran una corriente de 1000mAh.","robots":{"index":"index","follow":"follow","max-snippet":"max-snippet:-1","max-image-preview":"max-image-preview:large","max-video-preview":"max-video-preview:-1"},"canonical":"https:\/\/www.electronicajnc.com\/web\/producto\/bateria-de-lipo-3-7v-1000mah-25c-litio\/","og_locale":"es_ES","og_type":"article","og_title":"Bater\u00eda de Lipo 3.7V 1000mAh 25C Litio - Electronica JNC","og_description":"Bater\u00eda de Lipo 3.7V 1000mAh 25C Litio es \u00fatil para suministrar voltaje a proyectos, dispositivos y\/o equipos que requieran una corriente de 1000mAh.","og_url":"https:\/\/www.electronicajnc.com\/web\/producto\/bateria-de-lipo-3-7v-1000mah-25c-litio\/","og_site_name":"Electronica JNC","article_modified_time":"2025-04-23T14:16:35+00:00","og_image":[{"width":1028,"height":1115,"url":"https:\/\/www.electronicajnc.com\/web\/wp-content\/uploads\/2025\/01\/bateria-lipo-1000.jpg","type":"image\/jpeg"}],"twitter_card":"summary_large_image","twitter_misc":{"Tiempo de lectura":"3 minutos"},"schema":{"@context":"https:\/\/schema.org","@graph":[{"@type":"WebPage","@id":"https:\/\/www.electronicajnc.com\/web\/producto\/bateria-de-lipo-3-7v-1000mah-25c-litio\/","url":"https:\/\/www.electronicajnc.com\/web\/producto\/bateria-de-lipo-3-7v-1000mah-25c-litio\/","name":"Bater\u00eda de Lipo 3.7V 1000mAh 25C Litio - Electronica JNC","isPartOf":{"@id":"https:\/\/www.electronicajnc.com\/web\/#website"},"primaryImageOfPage":{"@id":"https:\/\/www.electronicajnc.com\/web\/producto\/bateria-de-lipo-3-7v-1000mah-25c-litio\/#primaryimage"},"image":{"@id":"https:\/\/www.electronicajnc.com\/web\/producto\/bateria-de-lipo-3-7v-1000mah-25c-litio\/#primaryimage"},"thumbnailUrl":"https:\/\/www.electronicajnc.com\/web\/wp-content\/uploads\/2025\/01\/bateria-lipo-1000.jpg","datePublished":"2025-01-16T16:18:01+00:00","dateModified":"2025-04-23T14:16:35+00:00","description":"Bater\u00eda de Lipo 3.7V 1000mAh 25C Litio es \u00fatil para suministrar voltaje a proyectos, dispositivos y\/o equipos que requieran una corriente de 1000mAh.","breadcrumb":{"@id":"https:\/\/www.electronicajnc.com\/web\/producto\/bateria-de-lipo-3-7v-1000mah-25c-litio\/#breadcrumb"},"inLanguage":"es","potentialAction":[{"@type":"ReadAction","target":["https:\/\/www.electronicajnc.com\/web\/producto\/bateria-de-lipo-3-7v-1000mah-25c-litio\/"]}]},{"@type":"ImageObject","inLanguage":"es","@id":"https:\/\/www.electronicajnc.com\/web\/producto\/bateria-de-lipo-3-7v-1000mah-25c-litio\/#primaryimage","url":"https:\/\/www.electronicajnc.com\/web\/wp-content\/uploads\/2025\/01\/bateria-lipo-1000.jpg","contentUrl":"https:\/\/www.electronicajnc.com\/web\/wp-content\/uploads\/2025\/01\/bateria-lipo-1000.jpg","width":1028,"height":1115,"caption":"Bateria LiPo 3.7V 1000mAh"},{"@type":"BreadcrumbList","@id":"https:\/\/www.electronicajnc.com\/web\/producto\/bateria-de-lipo-3-7v-1000mah-25c-litio\/#breadcrumb","itemListElement":[{"@type":"ListItem","position":1,"name":"Portada","item":"https:\/\/www.electronicajnc.com\/web\/"},{"@type":"ListItem","position":2,"name":"TIENDA","item":"https:\/\/www.electronicajnc.com\/web\/tienda\/"},{"@type":"ListItem","position":3,"name":"Bater\u00eda de Lipo 3.7V 1000mAh 25C Litio"}]},{"@type":"WebSite","@id":"https:\/\/www.electronicajnc.com\/web\/#website","url":"https:\/\/www.electronicajnc.com\/web\/","name":"Electronica JNC","description":"Robotica Tecnologia Mecatronica en Ecuador","publisher":{"@id":"https:\/\/www.electronicajnc.com\/web\/#organization"},"potentialAction":[{"@type":"SearchAction","target":{"@type":"EntryPoint","urlTemplate":"https:\/\/www.electronicajnc.com\/web\/?s={search_term_string}"},"query-input":{"@type":"PropertyValueSpecification","valueRequired":true,"valueName":"search_term_string"}}],"inLanguage":"es"},{"@type":"Organization","@id":"https:\/\/www.electronicajnc.com\/web\/#organization","name":"Electronica JNC","url":"https:\/\/www.electronicajnc.com\/web\/","logo":{"@type":"ImageObject","inLanguage":"es","@id":"https:\/\/www.electronicajnc.com\/web\/#\/schema\/logo\/image\/","url":"https:\/\/www.electronicajnc.com\/web\/wp-content\/uploads\/2023\/06\/nuevo-logo.jpg","contentUrl":"https:\/\/www.electronicajnc.com\/web\/wp-content\/uploads\/2023\/06\/nuevo-logo.jpg","width":1256,"height":612,"caption":"Electronica JNC"},"image":{"@id":"https:\/\/www.electronicajnc.com\/web\/#\/schema\/logo\/image\/"}}]}},"_links":{"self":[{"href":"https:\/\/www.electronicajnc.com\/web\/wp-json\/wp\/v2\/product\/1979","targetHints":{"allow":["GET"]}}],"collection":[{"href":"https:\/\/www.electronicajnc.com\/web\/wp-json\/wp\/v2\/product"}],"about":[{"href":"https:\/\/www.electronicajnc.com\/web\/wp-json\/wp\/v2\/types\/product"}],"replies":[{"embeddable":true,"href":"https:\/\/www.electronicajnc.com\/web\/wp-json\/wp\/v2\/comments?post=1979"}],"wp:featuredmedia":[{"embeddable":true,"href":"https:\/\/www.electronicajnc.com\/web\/wp-json\/wp\/v2\/media\/1980"}],"wp:attachment":[{"href":"https:\/\/www.electronicajnc.com\/web\/wp-json\/wp\/v2\/media?parent=1979"}],"wp:term":[{"taxonomy":"product_brand","embeddable":true,"href":"https:\/\/www.electronicajnc.com\/web\/wp-json\/wp\/v2\/product_brand?post=1979"},{"taxonomy":"product_cat","embeddable":true,"href":"https:\/\/www.electronicajnc.com\/web\/wp-json\/wp\/v2\/product_cat?post=1979"},{"taxonomy":"product_tag","embeddable":true,"href":"https:\/\/www.electronicajnc.com\/web\/wp-json\/wp\/v2\/product_tag?post=1979"}],"curies":[{"name":"wp","href":"https:\/\/api.w.org\/{rel}","templated":true}]}}