{"id":1993,"date":"2025-01-20T17:53:42","date_gmt":"2025-01-20T17:53:42","guid":{"rendered":"https:\/\/www.electronicajnc.com\/web\/?post_type=product&#038;p=1993"},"modified":"2025-05-15T22:42:45","modified_gmt":"2025-05-15T22:42:45","slug":"dc-yx850-modulo-conmutador-de-emergencia-entre-bateria-y-alimentacion","status":"publish","type":"product","link":"https:\/\/www.electronicajnc.com\/web\/producto\/dc-yx850-modulo-conmutador-de-emergencia-entre-bateria-y-alimentacion\/","title":{"rendered":"DC YX850 M\u00f3dulo Conmutador de Emergencia entre Bater\u00eda y Alimentaci\u00f3n"},"content":{"rendered":"<p>DC YX850 M\u00f3dulo Conmutador de Emergencia entre Bater\u00eda y Alimentaci\u00f3n<\/p>\n<p>Es un m\u00f3dulo de conmutaci\u00f3n autom\u00e1tica. Cuando la bater\u00eda est\u00e1 agotada o hay un problema con la bater\u00eda, se alimenta mediante la fuente de alimentaci\u00f3n. Cuando hay alimentaci\u00f3n de entrada en el adaptador de corriente, se puede cargar la bater\u00eda.<\/p>\n<p>M\u00f3dulo conmutador autom\u00e1tico entre alimentaci\u00f3n DC y una bater\u00eda, de manera que podemos alimentar nuestra salida con la alimentaci\u00f3n DC mientras la tengamos disponible, pero en caso de que esta se corte, autom\u00e1ticamente conmutar\u00e1 hacia la bater\u00eda para que esta energice la salida.<\/p>\n<h1>DC YX850 M\u00f3dulo Conmutador de Emergencia entre Bater\u00eda y Alimentaci\u00f3n<\/h1>\n<ul>\n<li>Permite voltajes entre 5V \u2013 48V.<\/li>\n<li>Permite una carga de hasta 10A.<\/li>\n<li>Mientras se encuentre conectada la alimentaci\u00f3n DC, la bater\u00eda se cargar\u00e1 al mismo tiempo que se entrega alimentaci\u00f3n a la salida.<\/li>\n<li>La fuente de alimentaci\u00f3n DC, la bater\u00eda y la salida deben ser del mismo voltaje.<\/li>\n<li>La conmutaci\u00f3n se realiza de manera autom\u00e1ticamente al desenergizar la entrada DC.<\/li>\n<li>El m\u00f3dulo prefiere predeterminadamente la fuente de alimentaci\u00f3n DC mientras est\u00e9 disponible.<\/li>\n<li>La conmutaci\u00f3n posee un delay de 0.7 segundos por la demora del rel\u00e9.<\/li>\n<li>Dimensiones: 61x30x18mm.<\/li>\n<li>Peso: 23.9g.<\/li>\n<\/ul>\n<ul>\n<li>\n<div>\n<h2><b>\u00bfD\u00f3nde<\/b><strong>\u00a0conseguir ?<\/strong><\/h2>\n<\/div>\n<p>Puedes conseguir este producto y mucho mas en nuestra tienda de electr\u00f3nica \u201cElectr\u00f3nica JNC\u201d a un excelente precio, de igual manera puedes preguntar por otros productos que tenemos para ti y as\u00ed adquirirlos seg\u00fan tu necesidad para\u00a0 tus proyectos.<\/p>\n<p>Adem\u00e1s de vender realizamos todo tipo de proyectos de Rob\u00f3tica Electr\u00f3nica y de Programaci\u00f3n en Arduino-Raspberry, brindamos asesoramiento en la elaboraci\u00f3n de proyectos y personalizamos sus clases cuando deseas armar un robot.<\/p>\n<p>Somos importadores Directos de todo en Electr\u00f3nica y Rob\u00f3tica directamente desde los fabricantes, a los mejores precios del mercado.<\/p>\n<div class=\"x11i5rnm xat24cr x1mh8g0r x1vvkbs xtlvy1s x126k92a\">\n<div dir=\"auto\">SERVICIO PERSONALIZADO, APOYO TEORICO Y VENTA DE MATERIAL<\/div>\n<\/div>\n<div class=\"x11i5rnm xat24cr x1mh8g0r x1vvkbs xtlvy1s x126k92a\">\n<div dir=\"auto\">COTIZA CON NOSOTROS<\/div>\n<div dir=\"auto\">SERVICIO, EXPERIENCIA, CALIDAD Y CONFIANZA<\/div>\n<div dir=\"auto\">\u00abTodo lo que buscas en un solo lugar\u00bb<\/div>\n<\/div>\n<div dir=\"auto\"><\/div>\n<p><img decoding=\"async\" class=\"aligncenter\" src=\"https:\/\/images.ua.prom.st\/1494267654_1494267654.jpg?PImaGE_ID=1494267654\" \/><\/p>\n<p style=\"text-align: center;\">Realizar un pedido en la web o por \u00a0<a href=\"https:\/\/api.whatsapp.com\/send?phone=593958753126\" target=\"_blank\" rel=\"noopener\">WHATSAPP<\/a>.<\/p>\n<p><img decoding=\"async\" class=\"aligncenter\" src=\"https:\/\/images.ua.prom.st\/1494267867_1494267867.jpg?PImaGE_ID=1494267867\" \/><\/p>\n<p style=\"text-align: center;\">Consulta con un asesor\u00a0 todas tus inquietudes.<\/p>\n<p><img decoding=\"async\" class=\"aligncenter\" src=\"https:\/\/images.ua.prom.st\/1494266627_1494266627.jpg?PImaGE_ID=1494266627\" \/><\/p>\n<p style=\"text-align: center;\">Pregunta las formas de pago.<\/p>\n<p><img decoding=\"async\" class=\"aligncenter\" src=\"https:\/\/images.ua.prom.st\/1494267985_1494267985.jpg?PImaGE_ID=1494267985\" \/><\/p>\n<p style=\"text-align: center;\">Tu pedido llega a la puerta de tu casa.<\/p>\n<p>&nbsp;<\/p>\n<p><strong>\u00a1\u00a1 PREG\u00daNTANOS Sin compromiso !!!!<\/strong><\/p>\n<p>Puede retirar sus pedidos en nuestra\u00a0<a href=\"https:\/\/www.electronicajnc.com\/web\/contactos\" target=\"_blank\" rel=\"noopener\">TIENDA F\u00cdSICA<\/a>\u00a0o realizar sus pedidos\u00a0<a href=\"https:\/\/www.electronicajnc.com\/web\/mi-cuenta\" target=\"_blank\" rel=\"noopener\">ONLINE<\/a>\u00a0o por\u00a0<a href=\"https:\/\/api.whatsapp.com\/send?phone=593958753126\" target=\"_blank\" rel=\"noopener\">WHATSAPP<\/a>.<\/li>\n<\/ul>\n","protected":false},"excerpt":{"rendered":"<p>DC YX850 M\u00f3dulo Conmutador de Emergencia entre Bater\u00eda y Alimentaci\u00f3n Es un m\u00f3dulo de conmutaci\u00f3n autom\u00e1tica. Cuando la bater\u00eda est\u00e1 agotada o hay un problema con la bater\u00eda, se alimenta mediante la fuente de alimentaci\u00f3n. Cuando hay alimentaci\u00f3n de entrada en el adaptador de corriente, se puede cargar la bater\u00eda. M\u00f3dulo conmutador autom\u00e1tico entre alimentaci\u00f3n [&hellip;]<\/p>\n","protected":false},"featured_media":1994,"comment_status":"closed","ping_status":"closed","template":"","meta":{"saved_in_kubio":false,"_joinchat":[]},"product_brand":[],"product_cat":[21],"product_tag":[1599,1603,1602,1601,1600],"class_list":{"0":"post-1993","1":"product","2":"type-product","3":"status-publish","4":"has-post-thumbnail","6":"product_cat-modulos_sensores","7":"product_tag-conmutador","8":"product_tag-modulo-de-alimentacion","9":"product_tag-modulo-de-bateria","10":"product_tag-modulo-de-comutador","11":"product_tag-yx850","13":"first","14":"instock","15":"taxable","16":"shipping-taxable","17":"product-type-simple"},"yoast_head":"<!-- This site is optimized with the Yoast SEO plugin v27.4 - https:\/\/yoast.com\/product\/yoast-seo-wordpress\/ -->\n<title>DC YX850 M\u00f3dulo Conmutador de Emergencia entre Bater\u00eda y Alimentaci\u00f3n - Electronica JNC<\/title>\n<meta name=\"description\" content=\"DC YX850 M\u00f3dulo Conmutador de Emergencia entre Bater\u00eda y Alimentaci\u00f3n Convertidor De Emergencia Universal para Equipos De Red, Equipos El\u00e9ctricos\" \/>\n<meta name=\"robots\" content=\"index, follow, max-snippet:-1, max-image-preview:large, max-video-preview:-1\" \/>\n<link rel=\"canonical\" href=\"https:\/\/www.electronicajnc.com\/web\/producto\/dc-yx850-modulo-conmutador-de-emergencia-entre-bateria-y-alimentacion\/\" \/>\n<meta property=\"og:locale\" content=\"es_ES\" \/>\n<meta property=\"og:type\" content=\"article\" \/>\n<meta property=\"og:title\" content=\"DC YX850 M\u00f3dulo Conmutador de Emergencia entre Bater\u00eda y Alimentaci\u00f3n - Electronica JNC\" \/>\n<meta property=\"og:description\" content=\"DC YX850 M\u00f3dulo Conmutador de Emergencia entre Bater\u00eda y Alimentaci\u00f3n Convertidor De Emergencia Universal para Equipos De Red, Equipos El\u00e9ctricos\" \/>\n<meta property=\"og:url\" content=\"https:\/\/www.electronicajnc.com\/web\/producto\/dc-yx850-modulo-conmutador-de-emergencia-entre-bateria-y-alimentacion\/\" \/>\n<meta property=\"og:site_name\" content=\"Electronica JNC\" \/>\n<meta property=\"article:modified_time\" content=\"2025-05-15T22:42:45+00:00\" \/>\n<meta property=\"og:image\" content=\"https:\/\/www.electronicajnc.com\/web\/wp-content\/uploads\/2025\/01\/yx850.jpg\" \/>\n\t<meta property=\"og:image:width\" content=\"1028\" \/>\n\t<meta property=\"og:image:height\" content=\"1115\" \/>\n\t<meta property=\"og:image:type\" content=\"image\/jpeg\" \/>\n<meta name=\"twitter:card\" content=\"summary_large_image\" \/>\n<meta name=\"twitter:label1\" content=\"Tiempo de lectura\" \/>\n\t<meta name=\"twitter:data1\" content=\"3 minutos\" \/>\n<script type=\"application\/ld+json\" class=\"yoast-schema-graph\">{\"@context\":\"https:\\\/\\\/schema.org\",\"@graph\":[{\"@type\":\"WebPage\",\"@id\":\"https:\\\/\\\/www.electronicajnc.com\\\/web\\\/producto\\\/dc-yx850-modulo-conmutador-de-emergencia-entre-bateria-y-alimentacion\\\/\",\"url\":\"https:\\\/\\\/www.electronicajnc.com\\\/web\\\/producto\\\/dc-yx850-modulo-conmutador-de-emergencia-entre-bateria-y-alimentacion\\\/\",\"name\":\"DC YX850 M\u00f3dulo Conmutador de Emergencia entre Bater\u00eda y Alimentaci\u00f3n - Electronica JNC\",\"isPartOf\":{\"@id\":\"https:\\\/\\\/www.electronicajnc.com\\\/web\\\/#website\"},\"primaryImageOfPage\":{\"@id\":\"https:\\\/\\\/www.electronicajnc.com\\\/web\\\/producto\\\/dc-yx850-modulo-conmutador-de-emergencia-entre-bateria-y-alimentacion\\\/#primaryimage\"},\"image\":{\"@id\":\"https:\\\/\\\/www.electronicajnc.com\\\/web\\\/producto\\\/dc-yx850-modulo-conmutador-de-emergencia-entre-bateria-y-alimentacion\\\/#primaryimage\"},\"thumbnailUrl\":\"https:\\\/\\\/www.electronicajnc.com\\\/web\\\/wp-content\\\/uploads\\\/2025\\\/01\\\/yx850.jpg\",\"datePublished\":\"2025-01-20T17:53:42+00:00\",\"dateModified\":\"2025-05-15T22:42:45+00:00\",\"description\":\"DC YX850 M\u00f3dulo Conmutador de Emergencia entre Bater\u00eda y Alimentaci\u00f3n Convertidor De Emergencia Universal para Equipos De Red, Equipos El\u00e9ctricos\",\"breadcrumb\":{\"@id\":\"https:\\\/\\\/www.electronicajnc.com\\\/web\\\/producto\\\/dc-yx850-modulo-conmutador-de-emergencia-entre-bateria-y-alimentacion\\\/#breadcrumb\"},\"inLanguage\":\"es\",\"potentialAction\":[{\"@type\":\"ReadAction\",\"target\":[\"https:\\\/\\\/www.electronicajnc.com\\\/web\\\/producto\\\/dc-yx850-modulo-conmutador-de-emergencia-entre-bateria-y-alimentacion\\\/\"]}]},{\"@type\":\"ImageObject\",\"inLanguage\":\"es\",\"@id\":\"https:\\\/\\\/www.electronicajnc.com\\\/web\\\/producto\\\/dc-yx850-modulo-conmutador-de-emergencia-entre-bateria-y-alimentacion\\\/#primaryimage\",\"url\":\"https:\\\/\\\/www.electronicajnc.com\\\/web\\\/wp-content\\\/uploads\\\/2025\\\/01\\\/yx850.jpg\",\"contentUrl\":\"https:\\\/\\\/www.electronicajnc.com\\\/web\\\/wp-content\\\/uploads\\\/2025\\\/01\\\/yx850.jpg\",\"width\":1028,\"height\":1115,\"caption\":\"DC YX850 M\u00f3dulo Conmutador de Emergencia entre Bater\u00eda y Alimentaci\u00f3n\"},{\"@type\":\"BreadcrumbList\",\"@id\":\"https:\\\/\\\/www.electronicajnc.com\\\/web\\\/producto\\\/dc-yx850-modulo-conmutador-de-emergencia-entre-bateria-y-alimentacion\\\/#breadcrumb\",\"itemListElement\":[{\"@type\":\"ListItem\",\"position\":1,\"name\":\"Portada\",\"item\":\"https:\\\/\\\/www.electronicajnc.com\\\/web\\\/\"},{\"@type\":\"ListItem\",\"position\":2,\"name\":\"TIENDA\",\"item\":\"https:\\\/\\\/www.electronicajnc.com\\\/web\\\/tienda\\\/\"},{\"@type\":\"ListItem\",\"position\":3,\"name\":\"DC YX850 M\u00f3dulo Conmutador de Emergencia entre Bater\u00eda y Alimentaci\u00f3n\"}]},{\"@type\":\"WebSite\",\"@id\":\"https:\\\/\\\/www.electronicajnc.com\\\/web\\\/#website\",\"url\":\"https:\\\/\\\/www.electronicajnc.com\\\/web\\\/\",\"name\":\"Electronica JNC\",\"description\":\"Robotica Tecnologia Mecatronica en Ecuador\",\"publisher\":{\"@id\":\"https:\\\/\\\/www.electronicajnc.com\\\/web\\\/#organization\"},\"potentialAction\":[{\"@type\":\"SearchAction\",\"target\":{\"@type\":\"EntryPoint\",\"urlTemplate\":\"https:\\\/\\\/www.electronicajnc.com\\\/web\\\/?s={search_term_string}\"},\"query-input\":{\"@type\":\"PropertyValueSpecification\",\"valueRequired\":true,\"valueName\":\"search_term_string\"}}],\"inLanguage\":\"es\"},{\"@type\":\"Organization\",\"@id\":\"https:\\\/\\\/www.electronicajnc.com\\\/web\\\/#organization\",\"name\":\"Electronica JNC\",\"url\":\"https:\\\/\\\/www.electronicajnc.com\\\/web\\\/\",\"logo\":{\"@type\":\"ImageObject\",\"inLanguage\":\"es\",\"@id\":\"https:\\\/\\\/www.electronicajnc.com\\\/web\\\/#\\\/schema\\\/logo\\\/image\\\/\",\"url\":\"https:\\\/\\\/www.electronicajnc.com\\\/web\\\/wp-content\\\/uploads\\\/2023\\\/06\\\/nuevo-logo.jpg\",\"contentUrl\":\"https:\\\/\\\/www.electronicajnc.com\\\/web\\\/wp-content\\\/uploads\\\/2023\\\/06\\\/nuevo-logo.jpg\",\"width\":1256,\"height\":612,\"caption\":\"Electronica JNC\"},\"image\":{\"@id\":\"https:\\\/\\\/www.electronicajnc.com\\\/web\\\/#\\\/schema\\\/logo\\\/image\\\/\"}}]}<\/script>\n<!-- \/ Yoast SEO plugin. -->","yoast_head_json":{"title":"DC YX850 M\u00f3dulo Conmutador de Emergencia entre Bater\u00eda y Alimentaci\u00f3n - Electronica JNC","description":"DC YX850 M\u00f3dulo Conmutador de Emergencia entre Bater\u00eda y Alimentaci\u00f3n Convertidor De Emergencia Universal para Equipos De Red, Equipos El\u00e9ctricos","robots":{"index":"index","follow":"follow","max-snippet":"max-snippet:-1","max-image-preview":"max-image-preview:large","max-video-preview":"max-video-preview:-1"},"canonical":"https:\/\/www.electronicajnc.com\/web\/producto\/dc-yx850-modulo-conmutador-de-emergencia-entre-bateria-y-alimentacion\/","og_locale":"es_ES","og_type":"article","og_title":"DC YX850 M\u00f3dulo Conmutador de Emergencia entre Bater\u00eda y Alimentaci\u00f3n - Electronica JNC","og_description":"DC YX850 M\u00f3dulo Conmutador de Emergencia entre Bater\u00eda y Alimentaci\u00f3n Convertidor De Emergencia Universal para Equipos De Red, Equipos El\u00e9ctricos","og_url":"https:\/\/www.electronicajnc.com\/web\/producto\/dc-yx850-modulo-conmutador-de-emergencia-entre-bateria-y-alimentacion\/","og_site_name":"Electronica JNC","article_modified_time":"2025-05-15T22:42:45+00:00","og_image":[{"width":1028,"height":1115,"url":"https:\/\/www.electronicajnc.com\/web\/wp-content\/uploads\/2025\/01\/yx850.jpg","type":"image\/jpeg"}],"twitter_card":"summary_large_image","twitter_misc":{"Tiempo de lectura":"3 minutos"},"schema":{"@context":"https:\/\/schema.org","@graph":[{"@type":"WebPage","@id":"https:\/\/www.electronicajnc.com\/web\/producto\/dc-yx850-modulo-conmutador-de-emergencia-entre-bateria-y-alimentacion\/","url":"https:\/\/www.electronicajnc.com\/web\/producto\/dc-yx850-modulo-conmutador-de-emergencia-entre-bateria-y-alimentacion\/","name":"DC YX850 M\u00f3dulo Conmutador de Emergencia entre Bater\u00eda y Alimentaci\u00f3n - Electronica JNC","isPartOf":{"@id":"https:\/\/www.electronicajnc.com\/web\/#website"},"primaryImageOfPage":{"@id":"https:\/\/www.electronicajnc.com\/web\/producto\/dc-yx850-modulo-conmutador-de-emergencia-entre-bateria-y-alimentacion\/#primaryimage"},"image":{"@id":"https:\/\/www.electronicajnc.com\/web\/producto\/dc-yx850-modulo-conmutador-de-emergencia-entre-bateria-y-alimentacion\/#primaryimage"},"thumbnailUrl":"https:\/\/www.electronicajnc.com\/web\/wp-content\/uploads\/2025\/01\/yx850.jpg","datePublished":"2025-01-20T17:53:42+00:00","dateModified":"2025-05-15T22:42:45+00:00","description":"DC YX850 M\u00f3dulo Conmutador de Emergencia entre Bater\u00eda y Alimentaci\u00f3n Convertidor De Emergencia Universal para Equipos De Red, Equipos El\u00e9ctricos","breadcrumb":{"@id":"https:\/\/www.electronicajnc.com\/web\/producto\/dc-yx850-modulo-conmutador-de-emergencia-entre-bateria-y-alimentacion\/#breadcrumb"},"inLanguage":"es","potentialAction":[{"@type":"ReadAction","target":["https:\/\/www.electronicajnc.com\/web\/producto\/dc-yx850-modulo-conmutador-de-emergencia-entre-bateria-y-alimentacion\/"]}]},{"@type":"ImageObject","inLanguage":"es","@id":"https:\/\/www.electronicajnc.com\/web\/producto\/dc-yx850-modulo-conmutador-de-emergencia-entre-bateria-y-alimentacion\/#primaryimage","url":"https:\/\/www.electronicajnc.com\/web\/wp-content\/uploads\/2025\/01\/yx850.jpg","contentUrl":"https:\/\/www.electronicajnc.com\/web\/wp-content\/uploads\/2025\/01\/yx850.jpg","width":1028,"height":1115,"caption":"DC YX850 M\u00f3dulo Conmutador de Emergencia entre Bater\u00eda y Alimentaci\u00f3n"},{"@type":"BreadcrumbList","@id":"https:\/\/www.electronicajnc.com\/web\/producto\/dc-yx850-modulo-conmutador-de-emergencia-entre-bateria-y-alimentacion\/#breadcrumb","itemListElement":[{"@type":"ListItem","position":1,"name":"Portada","item":"https:\/\/www.electronicajnc.com\/web\/"},{"@type":"ListItem","position":2,"name":"TIENDA","item":"https:\/\/www.electronicajnc.com\/web\/tienda\/"},{"@type":"ListItem","position":3,"name":"DC YX850 M\u00f3dulo Conmutador de Emergencia entre Bater\u00eda y Alimentaci\u00f3n"}]},{"@type":"WebSite","@id":"https:\/\/www.electronicajnc.com\/web\/#website","url":"https:\/\/www.electronicajnc.com\/web\/","name":"Electronica JNC","description":"Robotica Tecnologia Mecatronica en Ecuador","publisher":{"@id":"https:\/\/www.electronicajnc.com\/web\/#organization"},"potentialAction":[{"@type":"SearchAction","target":{"@type":"EntryPoint","urlTemplate":"https:\/\/www.electronicajnc.com\/web\/?s={search_term_string}"},"query-input":{"@type":"PropertyValueSpecification","valueRequired":true,"valueName":"search_term_string"}}],"inLanguage":"es"},{"@type":"Organization","@id":"https:\/\/www.electronicajnc.com\/web\/#organization","name":"Electronica JNC","url":"https:\/\/www.electronicajnc.com\/web\/","logo":{"@type":"ImageObject","inLanguage":"es","@id":"https:\/\/www.electronicajnc.com\/web\/#\/schema\/logo\/image\/","url":"https:\/\/www.electronicajnc.com\/web\/wp-content\/uploads\/2023\/06\/nuevo-logo.jpg","contentUrl":"https:\/\/www.electronicajnc.com\/web\/wp-content\/uploads\/2023\/06\/nuevo-logo.jpg","width":1256,"height":612,"caption":"Electronica JNC"},"image":{"@id":"https:\/\/www.electronicajnc.com\/web\/#\/schema\/logo\/image\/"}}]}},"_links":{"self":[{"href":"https:\/\/www.electronicajnc.com\/web\/wp-json\/wp\/v2\/product\/1993","targetHints":{"allow":["GET"]}}],"collection":[{"href":"https:\/\/www.electronicajnc.com\/web\/wp-json\/wp\/v2\/product"}],"about":[{"href":"https:\/\/www.electronicajnc.com\/web\/wp-json\/wp\/v2\/types\/product"}],"replies":[{"embeddable":true,"href":"https:\/\/www.electronicajnc.com\/web\/wp-json\/wp\/v2\/comments?post=1993"}],"wp:featuredmedia":[{"embeddable":true,"href":"https:\/\/www.electronicajnc.com\/web\/wp-json\/wp\/v2\/media\/1994"}],"wp:attachment":[{"href":"https:\/\/www.electronicajnc.com\/web\/wp-json\/wp\/v2\/media?parent=1993"}],"wp:term":[{"taxonomy":"product_brand","embeddable":true,"href":"https:\/\/www.electronicajnc.com\/web\/wp-json\/wp\/v2\/product_brand?post=1993"},{"taxonomy":"product_cat","embeddable":true,"href":"https:\/\/www.electronicajnc.com\/web\/wp-json\/wp\/v2\/product_cat?post=1993"},{"taxonomy":"product_tag","embeddable":true,"href":"https:\/\/www.electronicajnc.com\/web\/wp-json\/wp\/v2\/product_tag?post=1993"}],"curies":[{"name":"wp","href":"https:\/\/api.w.org\/{rel}","templated":true}]}}