{"id":2043,"date":"2025-02-27T23:21:33","date_gmt":"2025-02-27T23:21:33","guid":{"rendered":"https:\/\/www.electronicajnc.com\/web\/?post_type=product&#038;p=2043"},"modified":"2025-02-27T23:24:34","modified_gmt":"2025-02-27T23:24:34","slug":"dip-switch-negro-dipswitch","status":"publish","type":"product","link":"https:\/\/www.electronicajnc.com\/web\/producto\/dip-switch-negro-dipswitch\/","title":{"rendered":"Dip Switch Negro DIPSWITCH"},"content":{"rendered":"<p>Dip Switch Negro DIPSWITCH<\/p>\n<p>DIPSWITCH ARA\u00d1A Negro disponible en diferentes posiciones desde 2, 4, 5 y 8, de acuerdo a los requerimientos de tus proyectos o practicas de electr\u00f3nica podr\u00e1s elegir el que mas se ajuste a tus necesidades. Estos Dip Switch se venden por separado, aseg\u00farate de seleccionar correctamente el numero de posiciones que necesites.<\/p>\n<p>Tensi\u00f3n m\u00e1xima en contactos: 24 VCD<br \/>\nCorriente m\u00e1xima en contactos: 100 mA<br \/>\nMecanismo de los switches: Deslizable<br \/>\nEncapsulado: DIP<\/p>\n<div align=\"justify\">\n<h4><strong>\u00bfQu\u00e9 es?<\/strong><\/h4>\n<p>Un DIP Switch se trata de un conjunto de micro-interruptores el\u00e9ctricos que se presenta en un formato encapsulado en la totalidad del paquete de interruptores se puede tambi\u00e9n referir como interruptor DIP en singular, pueden contener 2, 4, 5, 6, 8 hasta 9 micro-interruptores. Es esta caracter\u00edstica lo que diferencia a estos micro-interruptores del resto.<\/p>\n<\/div>\n<h1>Dip Switch Negro DIPSWITCH<\/h1>\n<h3><strong>ESPECIFICACIONES Y CARACTER\u00cdSTICAS EL\u00c9CTRICAS<\/strong><\/h3>\n<ul>\n<li>Color: Negro<\/li>\n<li>N\u00famero de Posiciones: Disponible 4, 5 y 6<\/li>\n<li>Tipo: Deslizable<\/li>\n<li>Encapsulado: DIP<\/li>\n<li>Tecnolog\u00eda: Agujero Pasante THT<\/li>\n<li>Dimensiones en pines: 2.54mm<b><\/b><\/li>\n<\/ul>\n<div>\n<h2><b>\u00bfD\u00f3nde<\/b><strong>\u00a0conseguir ?<\/strong><\/h2>\n<\/div>\n<p>Puedes conseguir este producto y mucho mas en nuestra tienda de electr\u00f3nica \u201cElectr\u00f3nica JNC\u201d a un excelente precio, de igual manera puedes preguntar por otros productos que tenemos para ti y as\u00ed adquirirlos seg\u00fan tu necesidad para\u00a0 tus proyectos.<\/p>\n<p>Adem\u00e1s de vender realizamos todo tipo de proyectos de Rob\u00f3tica Electr\u00f3nica y de Programaci\u00f3n en Arduino-Raspberry, brindamos asesoramiento en la elaboraci\u00f3n de proyectos y personalizamos sus clases cuando deseas armar un robot.<\/p>\n<p>Somos importadores Directos de todo en Electr\u00f3nica y Rob\u00f3tica directamente desde los fabricantes, a los mejores precios del mercado.<\/p>\n<div class=\"x11i5rnm xat24cr x1mh8g0r x1vvkbs xtlvy1s x126k92a\">\n<div dir=\"auto\">SERVICIO PERSONALIZADO, APOYO TEORICO Y VENTA DE MATERIAL<\/div>\n<\/div>\n<div class=\"x11i5rnm xat24cr x1mh8g0r x1vvkbs xtlvy1s x126k92a\">\n<div dir=\"auto\">COTIZA CON NOSOTROS<\/div>\n<div dir=\"auto\">SERVICIO, EXPERIENCIA, CALIDAD Y CONFIANZA<\/div>\n<div dir=\"auto\">\u00abTodo lo que buscas en un solo lugar\u00bb<\/div>\n<\/div>\n<div dir=\"auto\"><\/div>\n<p><img decoding=\"async\" class=\"aligncenter\" src=\"https:\/\/images.ua.prom.st\/1494267654_1494267654.jpg?PImaGE_ID=1494267654\" \/><\/p>\n<p style=\"text-align: center;\">Realizar un pedido en la web o por \u00a0<a href=\"https:\/\/api.whatsapp.com\/send?phone=593958753126\" target=\"_blank\" rel=\"noopener\">WHATSAPP<\/a>.<\/p>\n<p><img decoding=\"async\" class=\"aligncenter\" src=\"https:\/\/images.ua.prom.st\/1494267867_1494267867.jpg?PImaGE_ID=1494267867\" \/><\/p>\n<p style=\"text-align: center;\">Consulta con un asesor\u00a0 todas tus inquietudes.<\/p>\n<p><img decoding=\"async\" class=\"aligncenter\" src=\"https:\/\/images.ua.prom.st\/1494266627_1494266627.jpg?PImaGE_ID=1494266627\" \/><\/p>\n<p style=\"text-align: center;\">Pregunta las formas de pago.<\/p>\n<p><img decoding=\"async\" class=\"aligncenter\" src=\"https:\/\/images.ua.prom.st\/1494267985_1494267985.jpg?PImaGE_ID=1494267985\" \/><\/p>\n<p style=\"text-align: center;\">Tu pedido llega a la puerta de tu casa.<\/p>\n<p>&nbsp;<\/p>\n<p><strong>\u00a1\u00a1 PREG\u00daNTANOS Sin compromiso !!!!<\/strong><\/p>\n<p>Puede retirar sus pedidos en nuestra\u00a0<a href=\"https:\/\/www.electronicajnc.com\/web\/contactos\" target=\"_blank\" rel=\"noopener\">TIENDA F\u00cdSICA<\/a>\u00a0o realizar sus pedidos\u00a0<a href=\"https:\/\/www.electronicajnc.com\/web\/mi-cuenta\" target=\"_blank\" rel=\"noopener\">ONLINE<\/a>\u00a0o por\u00a0<a href=\"https:\/\/api.whatsapp.com\/send?phone=593958753126\" target=\"_blank\" rel=\"noopener\">WHATSAPP<\/a>.<\/p>\n","protected":false},"excerpt":{"rendered":"<p>Dip Switch Negro DIPSWITCH DIPSWITCH ARA\u00d1A Negro disponible en diferentes posiciones desde 2, 4, 5 y 8, de acuerdo a los requerimientos de tus proyectos o practicas de electr\u00f3nica podr\u00e1s elegir el que mas se ajuste a tus necesidades. Estos Dip Switch se venden por separado, aseg\u00farate de seleccionar correctamente el numero de posiciones que [&hellip;]<\/p>\n","protected":false},"featured_media":2044,"comment_status":"closed","ping_status":"closed","template":"","meta":{"saved_in_kubio":false,"_joinchat":[]},"product_brand":[],"product_cat":[309],"product_tag":[1664,1665,1666,1667,1668,1029,1669,1670,1671,1672],"class_list":{"0":"post-2043","1":"product","2":"type-product","3":"status-publish","4":"has-post-thumbnail","6":"product_cat-componentes-electronicos","7":"product_tag-4-posiciones","8":"product_tag-5-posiciones","9":"product_tag-8-posiciones","10":"product_tag-dip","11":"product_tag-dip-switch","12":"product_tag-interruptor","13":"product_tag-interruptor-dip","14":"product_tag-negro","15":"product_tag-switch","16":"product_tag-switch-negro","18":"first","19":"instock","20":"taxable","21":"shipping-taxable","22":"purchasable","23":"product-type-simple"},"yoast_head":"<!-- This site is optimized with the Yoast SEO plugin v27.4 - https:\/\/yoast.com\/product\/yoast-seo-wordpress\/ -->\n<title>Dip Switch Negro DIPSWITCH - Electronica JNC<\/title>\n<meta name=\"description\" content=\"Dip Switch Negro DIPSWITCH con la forma de un circuito integrado, que lo hace ideal para integrarlo en placas de circuitos impresos o en protoboard.\" \/>\n<meta name=\"robots\" content=\"index, follow, max-snippet:-1, max-image-preview:large, max-video-preview:-1\" \/>\n<link rel=\"canonical\" href=\"https:\/\/www.electronicajnc.com\/web\/producto\/dip-switch-negro-dipswitch\/\" \/>\n<meta property=\"og:locale\" content=\"es_ES\" \/>\n<meta property=\"og:type\" content=\"article\" \/>\n<meta property=\"og:title\" content=\"Dip Switch Negro DIPSWITCH - Electronica JNC\" \/>\n<meta property=\"og:description\" content=\"Dip Switch Negro DIPSWITCH con la forma de un circuito integrado, que lo hace ideal para integrarlo en placas de circuitos impresos o en protoboard.\" \/>\n<meta property=\"og:url\" content=\"https:\/\/www.electronicajnc.com\/web\/producto\/dip-switch-negro-dipswitch\/\" \/>\n<meta property=\"og:site_name\" content=\"Electronica JNC\" \/>\n<meta property=\"article:modified_time\" content=\"2025-02-27T23:24:34+00:00\" \/>\n<meta property=\"og:image\" content=\"https:\/\/www.electronicajnc.com\/web\/wp-content\/uploads\/2025\/02\/dip-tipo-arana.jpg\" \/>\n\t<meta property=\"og:image:width\" content=\"1028\" \/>\n\t<meta property=\"og:image:height\" content=\"1115\" \/>\n\t<meta property=\"og:image:type\" content=\"image\/jpeg\" \/>\n<meta name=\"twitter:card\" content=\"summary_large_image\" \/>\n<meta name=\"twitter:label1\" content=\"Tiempo de lectura\" \/>\n\t<meta name=\"twitter:data1\" content=\"3 minutos\" \/>\n<script type=\"application\/ld+json\" class=\"yoast-schema-graph\">{\"@context\":\"https:\\\/\\\/schema.org\",\"@graph\":[{\"@type\":\"WebPage\",\"@id\":\"https:\\\/\\\/www.electronicajnc.com\\\/web\\\/producto\\\/dip-switch-negro-dipswitch\\\/\",\"url\":\"https:\\\/\\\/www.electronicajnc.com\\\/web\\\/producto\\\/dip-switch-negro-dipswitch\\\/\",\"name\":\"Dip Switch Negro DIPSWITCH - Electronica JNC\",\"isPartOf\":{\"@id\":\"https:\\\/\\\/www.electronicajnc.com\\\/web\\\/#website\"},\"primaryImageOfPage\":{\"@id\":\"https:\\\/\\\/www.electronicajnc.com\\\/web\\\/producto\\\/dip-switch-negro-dipswitch\\\/#primaryimage\"},\"image\":{\"@id\":\"https:\\\/\\\/www.electronicajnc.com\\\/web\\\/producto\\\/dip-switch-negro-dipswitch\\\/#primaryimage\"},\"thumbnailUrl\":\"https:\\\/\\\/www.electronicajnc.com\\\/web\\\/wp-content\\\/uploads\\\/2025\\\/02\\\/dip-tipo-arana.jpg\",\"datePublished\":\"2025-02-27T23:21:33+00:00\",\"dateModified\":\"2025-02-27T23:24:34+00:00\",\"description\":\"Dip Switch Negro DIPSWITCH con la forma de un circuito integrado, que lo hace ideal para integrarlo en placas de circuitos impresos o en protoboard.\",\"breadcrumb\":{\"@id\":\"https:\\\/\\\/www.electronicajnc.com\\\/web\\\/producto\\\/dip-switch-negro-dipswitch\\\/#breadcrumb\"},\"inLanguage\":\"es\",\"potentialAction\":[{\"@type\":\"ReadAction\",\"target\":[\"https:\\\/\\\/www.electronicajnc.com\\\/web\\\/producto\\\/dip-switch-negro-dipswitch\\\/\"]}]},{\"@type\":\"ImageObject\",\"inLanguage\":\"es\",\"@id\":\"https:\\\/\\\/www.electronicajnc.com\\\/web\\\/producto\\\/dip-switch-negro-dipswitch\\\/#primaryimage\",\"url\":\"https:\\\/\\\/www.electronicajnc.com\\\/web\\\/wp-content\\\/uploads\\\/2025\\\/02\\\/dip-tipo-arana.jpg\",\"contentUrl\":\"https:\\\/\\\/www.electronicajnc.com\\\/web\\\/wp-content\\\/uploads\\\/2025\\\/02\\\/dip-tipo-arana.jpg\",\"width\":1028,\"height\":1115,\"caption\":\"DIPSWITCH ARA\u00d1A\"},{\"@type\":\"BreadcrumbList\",\"@id\":\"https:\\\/\\\/www.electronicajnc.com\\\/web\\\/producto\\\/dip-switch-negro-dipswitch\\\/#breadcrumb\",\"itemListElement\":[{\"@type\":\"ListItem\",\"position\":1,\"name\":\"Portada\",\"item\":\"https:\\\/\\\/www.electronicajnc.com\\\/web\\\/\"},{\"@type\":\"ListItem\",\"position\":2,\"name\":\"TIENDA\",\"item\":\"https:\\\/\\\/www.electronicajnc.com\\\/web\\\/tienda\\\/\"},{\"@type\":\"ListItem\",\"position\":3,\"name\":\"Dip Switch Negro DIPSWITCH\"}]},{\"@type\":\"WebSite\",\"@id\":\"https:\\\/\\\/www.electronicajnc.com\\\/web\\\/#website\",\"url\":\"https:\\\/\\\/www.electronicajnc.com\\\/web\\\/\",\"name\":\"Electronica JNC\",\"description\":\"Robotica Tecnologia Mecatronica en Ecuador\",\"publisher\":{\"@id\":\"https:\\\/\\\/www.electronicajnc.com\\\/web\\\/#organization\"},\"potentialAction\":[{\"@type\":\"SearchAction\",\"target\":{\"@type\":\"EntryPoint\",\"urlTemplate\":\"https:\\\/\\\/www.electronicajnc.com\\\/web\\\/?s={search_term_string}\"},\"query-input\":{\"@type\":\"PropertyValueSpecification\",\"valueRequired\":true,\"valueName\":\"search_term_string\"}}],\"inLanguage\":\"es\"},{\"@type\":\"Organization\",\"@id\":\"https:\\\/\\\/www.electronicajnc.com\\\/web\\\/#organization\",\"name\":\"Electronica JNC\",\"url\":\"https:\\\/\\\/www.electronicajnc.com\\\/web\\\/\",\"logo\":{\"@type\":\"ImageObject\",\"inLanguage\":\"es\",\"@id\":\"https:\\\/\\\/www.electronicajnc.com\\\/web\\\/#\\\/schema\\\/logo\\\/image\\\/\",\"url\":\"https:\\\/\\\/www.electronicajnc.com\\\/web\\\/wp-content\\\/uploads\\\/2023\\\/06\\\/nuevo-logo.jpg\",\"contentUrl\":\"https:\\\/\\\/www.electronicajnc.com\\\/web\\\/wp-content\\\/uploads\\\/2023\\\/06\\\/nuevo-logo.jpg\",\"width\":1256,\"height\":612,\"caption\":\"Electronica JNC\"},\"image\":{\"@id\":\"https:\\\/\\\/www.electronicajnc.com\\\/web\\\/#\\\/schema\\\/logo\\\/image\\\/\"}}]}<\/script>\n<!-- \/ Yoast SEO plugin. -->","yoast_head_json":{"title":"Dip Switch Negro DIPSWITCH - Electronica JNC","description":"Dip Switch Negro DIPSWITCH con la forma de un circuito integrado, que lo hace ideal para integrarlo en placas de circuitos impresos o en protoboard.","robots":{"index":"index","follow":"follow","max-snippet":"max-snippet:-1","max-image-preview":"max-image-preview:large","max-video-preview":"max-video-preview:-1"},"canonical":"https:\/\/www.electronicajnc.com\/web\/producto\/dip-switch-negro-dipswitch\/","og_locale":"es_ES","og_type":"article","og_title":"Dip Switch Negro DIPSWITCH - Electronica JNC","og_description":"Dip Switch Negro DIPSWITCH con la forma de un circuito integrado, que lo hace ideal para integrarlo en placas de circuitos impresos o en protoboard.","og_url":"https:\/\/www.electronicajnc.com\/web\/producto\/dip-switch-negro-dipswitch\/","og_site_name":"Electronica JNC","article_modified_time":"2025-02-27T23:24:34+00:00","og_image":[{"width":1028,"height":1115,"url":"https:\/\/www.electronicajnc.com\/web\/wp-content\/uploads\/2025\/02\/dip-tipo-arana.jpg","type":"image\/jpeg"}],"twitter_card":"summary_large_image","twitter_misc":{"Tiempo de lectura":"3 minutos"},"schema":{"@context":"https:\/\/schema.org","@graph":[{"@type":"WebPage","@id":"https:\/\/www.electronicajnc.com\/web\/producto\/dip-switch-negro-dipswitch\/","url":"https:\/\/www.electronicajnc.com\/web\/producto\/dip-switch-negro-dipswitch\/","name":"Dip Switch Negro DIPSWITCH - Electronica JNC","isPartOf":{"@id":"https:\/\/www.electronicajnc.com\/web\/#website"},"primaryImageOfPage":{"@id":"https:\/\/www.electronicajnc.com\/web\/producto\/dip-switch-negro-dipswitch\/#primaryimage"},"image":{"@id":"https:\/\/www.electronicajnc.com\/web\/producto\/dip-switch-negro-dipswitch\/#primaryimage"},"thumbnailUrl":"https:\/\/www.electronicajnc.com\/web\/wp-content\/uploads\/2025\/02\/dip-tipo-arana.jpg","datePublished":"2025-02-27T23:21:33+00:00","dateModified":"2025-02-27T23:24:34+00:00","description":"Dip Switch Negro DIPSWITCH con la forma de un circuito integrado, que lo hace ideal para integrarlo en placas de circuitos impresos o en protoboard.","breadcrumb":{"@id":"https:\/\/www.electronicajnc.com\/web\/producto\/dip-switch-negro-dipswitch\/#breadcrumb"},"inLanguage":"es","potentialAction":[{"@type":"ReadAction","target":["https:\/\/www.electronicajnc.com\/web\/producto\/dip-switch-negro-dipswitch\/"]}]},{"@type":"ImageObject","inLanguage":"es","@id":"https:\/\/www.electronicajnc.com\/web\/producto\/dip-switch-negro-dipswitch\/#primaryimage","url":"https:\/\/www.electronicajnc.com\/web\/wp-content\/uploads\/2025\/02\/dip-tipo-arana.jpg","contentUrl":"https:\/\/www.electronicajnc.com\/web\/wp-content\/uploads\/2025\/02\/dip-tipo-arana.jpg","width":1028,"height":1115,"caption":"DIPSWITCH ARA\u00d1A"},{"@type":"BreadcrumbList","@id":"https:\/\/www.electronicajnc.com\/web\/producto\/dip-switch-negro-dipswitch\/#breadcrumb","itemListElement":[{"@type":"ListItem","position":1,"name":"Portada","item":"https:\/\/www.electronicajnc.com\/web\/"},{"@type":"ListItem","position":2,"name":"TIENDA","item":"https:\/\/www.electronicajnc.com\/web\/tienda\/"},{"@type":"ListItem","position":3,"name":"Dip Switch Negro DIPSWITCH"}]},{"@type":"WebSite","@id":"https:\/\/www.electronicajnc.com\/web\/#website","url":"https:\/\/www.electronicajnc.com\/web\/","name":"Electronica JNC","description":"Robotica Tecnologia Mecatronica en Ecuador","publisher":{"@id":"https:\/\/www.electronicajnc.com\/web\/#organization"},"potentialAction":[{"@type":"SearchAction","target":{"@type":"EntryPoint","urlTemplate":"https:\/\/www.electronicajnc.com\/web\/?s={search_term_string}"},"query-input":{"@type":"PropertyValueSpecification","valueRequired":true,"valueName":"search_term_string"}}],"inLanguage":"es"},{"@type":"Organization","@id":"https:\/\/www.electronicajnc.com\/web\/#organization","name":"Electronica JNC","url":"https:\/\/www.electronicajnc.com\/web\/","logo":{"@type":"ImageObject","inLanguage":"es","@id":"https:\/\/www.electronicajnc.com\/web\/#\/schema\/logo\/image\/","url":"https:\/\/www.electronicajnc.com\/web\/wp-content\/uploads\/2023\/06\/nuevo-logo.jpg","contentUrl":"https:\/\/www.electronicajnc.com\/web\/wp-content\/uploads\/2023\/06\/nuevo-logo.jpg","width":1256,"height":612,"caption":"Electronica JNC"},"image":{"@id":"https:\/\/www.electronicajnc.com\/web\/#\/schema\/logo\/image\/"}}]}},"_links":{"self":[{"href":"https:\/\/www.electronicajnc.com\/web\/wp-json\/wp\/v2\/product\/2043","targetHints":{"allow":["GET"]}}],"collection":[{"href":"https:\/\/www.electronicajnc.com\/web\/wp-json\/wp\/v2\/product"}],"about":[{"href":"https:\/\/www.electronicajnc.com\/web\/wp-json\/wp\/v2\/types\/product"}],"replies":[{"embeddable":true,"href":"https:\/\/www.electronicajnc.com\/web\/wp-json\/wp\/v2\/comments?post=2043"}],"wp:featuredmedia":[{"embeddable":true,"href":"https:\/\/www.electronicajnc.com\/web\/wp-json\/wp\/v2\/media\/2044"}],"wp:attachment":[{"href":"https:\/\/www.electronicajnc.com\/web\/wp-json\/wp\/v2\/media?parent=2043"}],"wp:term":[{"taxonomy":"product_brand","embeddable":true,"href":"https:\/\/www.electronicajnc.com\/web\/wp-json\/wp\/v2\/product_brand?post=2043"},{"taxonomy":"product_cat","embeddable":true,"href":"https:\/\/www.electronicajnc.com\/web\/wp-json\/wp\/v2\/product_cat?post=2043"},{"taxonomy":"product_tag","embeddable":true,"href":"https:\/\/www.electronicajnc.com\/web\/wp-json\/wp\/v2\/product_tag?post=2043"}],"curies":[{"name":"wp","href":"https:\/\/api.w.org\/{rel}","templated":true}]}}