{"id":2071,"date":"2025-03-05T19:25:08","date_gmt":"2025-03-05T19:25:08","guid":{"rendered":"https:\/\/www.electronicajnc.com\/web\/?post_type=product&#038;p=2071"},"modified":"2025-03-05T19:25:08","modified_gmt":"2025-03-05T19:25:08","slug":"makeblock-mbot","status":"publish","type":"product","link":"https:\/\/www.electronicajnc.com\/web\/producto\/makeblock-mbot\/","title":{"rendered":"Makeblock mBot"},"content":{"rendered":"<p class=\"elementor-heading-title elementor-size-default\">Makeblock mBot<\/p>\n<p>El mBot es la elecci\u00f3n perfecta para proyectos STEM, combinando robustez, versatilidad y facilidad de uso, y es ideal para que los j\u00f3venes aprendan habilidades valiosas de una manera divertida y creativa.<\/p>\n<p><span>Este robot todo en uno es la introducci\u00f3n perfecta a la rob\u00f3tica b\u00e1sica. Con su dise\u00f1o simple pero robusto, mBot est\u00e1 dise\u00f1ado pensando en la educaci\u00f3n. El dise\u00f1o modular de los kits\u00a0<\/span><span> fomenta el aprendizaje pr\u00e1ctico y directo, aportando creatividad a la educaci\u00f3n. mBot es el kit de nivel de entrada perfecto para comenzar la aventura de la rob\u00f3tica e incluye la implementaci\u00f3n de m\u00f3dulos de sensores clave que son f\u00e1ciles de usar y mejorar\u00e1n tus habilidades rob\u00f3ticas.<\/span><\/p>\n<h2 class=\"elementor-heading-title elementor-size-default\">Makeblock mBot<\/h2>\n<ul>\n<li><strong>Material Mec\u00e1nico:<\/strong>\u00a0Aleaci\u00f3n de aluminio, proporcionando durabilidad y resistencia.<\/li>\n<li><strong>Lenguajes de Programaci\u00f3n:<\/strong>\u00a0Compatible con programaci\u00f3n basada en bloques (visual) y Arduino, adapt\u00e1ndose a diferentes niveles de habilidad.<\/li>\n<li><strong>Fuente de Alimentaci\u00f3n (no incluida):<\/strong>\u00a0Funciona con 4 bater\u00edas AA o una bater\u00eda recargable LiPo de 3.7V.<\/li>\n<li><strong>Capacidad de la Bater\u00eda:<\/strong>\u00a01800 mAh, ofreciendo aproximadamente 1 hora de tiempo de juego y requiere de 3\u20134 horas para una carga completa.<\/li>\n<li><strong>Velocidad de Rotaci\u00f3n:<\/strong>\u00a0200 RPM \u00b1 10%, ideal para movimientos precisos.<\/li>\n<li><strong>Control Principal:<\/strong>\u00a0Utiliza la placa mCore, con una velocidad de reloj del procesador de 16MHz.<\/li>\n<li><strong>Sensores Integrados:<\/strong>\u00a0Incluye un zumbador (buzzer) y un sensor de luz.<\/li>\n<li><strong>Sensores Adicionales:<\/strong>\u00a0Equipado con un sensor ultras\u00f3nico, emisor de infrarrojos, y sensores de seguimiento de l\u00ednea\/color.<\/li>\n<li><strong>M\u00f3dulos Electr\u00f3nicos Externos:<\/strong>\u00a0Permite conectar hasta 2 motores y servos, y 4 sensores, ampliando sus funcionalidades.<\/li>\n<li><strong>Modos de Comunicaci\u00f3n:<\/strong>\u00a0Ofrece opciones de conexi\u00f3n a trav\u00e9s de USB, Bluetooth, y 2.4G.<\/li>\n<li><strong>Compatibilidad:<\/strong>\u00a0Compatible con m\u00e1s de 500 piezas electr\u00f3nicas y mec\u00e1nicas de Makeblock, adem\u00e1s de bloques LEGO, para una personalizaci\u00f3n y expansi\u00f3n f\u00e1cil.<\/li>\n<\/ul>\n<div>\n<h2><b>\u00bfD\u00f3nde<\/b><strong>\u00a0conseguir ?<\/strong><\/h2>\n<\/div>\n<p>Puedes conseguir este producto y mucho mas en nuestra tienda de electr\u00f3nica \u201cElectr\u00f3nica JNC\u201d a un excelente precio, de igual manera puedes preguntar por otros productos que tenemos para ti y as\u00ed adquirirlos seg\u00fan tu necesidad para\u00a0 tus proyectos.<\/p>\n<p>Adem\u00e1s de vender realizamos todo tipo de proyectos de Rob\u00f3tica Electr\u00f3nica y de Programaci\u00f3n en Arduino-Raspberry, brindamos asesoramiento en la elaboraci\u00f3n de proyectos y personalizamos sus clases cuando deseas armar un robot.<\/p>\n<p>Somos importadores Directos de todo en Electr\u00f3nica y Rob\u00f3tica directamente desde los fabricantes, a los mejores precios del mercado.<\/p>\n<div class=\"x11i5rnm xat24cr x1mh8g0r x1vvkbs xtlvy1s x126k92a\">\n<div dir=\"auto\">SERVICIO PERSONALIZADO, APOYO TEORICO Y VENTA DE MATERIAL<\/div>\n<\/div>\n<div class=\"x11i5rnm xat24cr x1mh8g0r x1vvkbs xtlvy1s x126k92a\">\n<div dir=\"auto\">COTIZA CON NOSOTROS<\/div>\n<div dir=\"auto\">SERVICIO, EXPERIENCIA, CALIDAD Y CONFIANZA<\/div>\n<div dir=\"auto\">\u00abTodo lo que buscas en un solo lugar\u00bb<\/div>\n<\/div>\n<div dir=\"auto\"><\/div>\n<p><img decoding=\"async\" class=\"aligncenter\" src=\"https:\/\/images.ua.prom.st\/1494267654_1494267654.jpg?PImaGE_ID=1494267654\" \/><\/p>\n<p style=\"text-align: center;\">Realizar un pedido en la web o por \u00a0<a href=\"https:\/\/api.whatsapp.com\/send?phone=593958753126\" target=\"_blank\" rel=\"noopener\">WHATSAPP<\/a>.<\/p>\n<p><img decoding=\"async\" class=\"aligncenter\" src=\"https:\/\/images.ua.prom.st\/1494267867_1494267867.jpg?PImaGE_ID=1494267867\" \/><\/p>\n<p style=\"text-align: center;\">Consulta con un asesor\u00a0 todas tus inquietudes.<\/p>\n<p><img decoding=\"async\" class=\"aligncenter\" src=\"https:\/\/images.ua.prom.st\/1494266627_1494266627.jpg?PImaGE_ID=1494266627\" \/><\/p>\n<p style=\"text-align: center;\">Pregunta las formas de pago.<\/p>\n<p><img decoding=\"async\" class=\"aligncenter\" src=\"https:\/\/images.ua.prom.st\/1494267985_1494267985.jpg?PImaGE_ID=1494267985\" \/><\/p>\n<p style=\"text-align: center;\">Tu pedido llega a la puerta de tu casa.<\/p>\n<p>&nbsp;<\/p>\n<p><strong>\u00a1\u00a1 PREG\u00daNTANOS Sin compromiso !!!!<\/strong><\/p>\n<p>Puede retirar sus pedidos en nuestra\u00a0<a href=\"https:\/\/www.electronicajnc.com\/web\/contactos\" target=\"_blank\" rel=\"noopener\">TIENDA F\u00cdSICA<\/a>\u00a0o realizar sus pedidos\u00a0<a href=\"https:\/\/www.electronicajnc.com\/web\/mi-cuenta\" target=\"_blank\" rel=\"noopener\">ONLINE<\/a>\u00a0o por\u00a0<a href=\"https:\/\/api.whatsapp.com\/send?phone=593958753126\" target=\"_blank\" rel=\"noopener\">WHATSAPP<\/a>.<\/p>\n<p>&nbsp;<\/p>\n","protected":false},"excerpt":{"rendered":"<p>Makeblock mBot El mBot es la elecci\u00f3n perfecta para proyectos STEM, combinando robustez, versatilidad y facilidad de uso, y es ideal para que los j\u00f3venes aprendan habilidades valiosas de una manera divertida y creativa. Este robot todo en uno es la introducci\u00f3n perfecta a la rob\u00f3tica b\u00e1sica. Con su dise\u00f1o simple pero robusto, mBot est\u00e1 [&hellip;]<\/p>\n","protected":false},"featured_media":2072,"comment_status":"closed","ping_status":"closed","template":"","meta":{"saved_in_kubio":false,"_joinchat":[]},"product_brand":[],"product_cat":[323],"product_tag":[355,1721,80,31,1720,520],"class_list":{"0":"post-2071","1":"product","2":"type-product","3":"status-publish","4":"has-post-thumbnail","6":"product_cat-kits-steam","7":"product_tag-bluetooth","8":"product_tag-kits-de-robotica","9":"product_tag-robot","10":"product_tag-robotica","11":"product_tag-robotica-educativa","12":"product_tag-usb","14":"first","15":"instock","16":"taxable","17":"shipping-taxable","18":"product-type-simple"},"yoast_head":"<!-- This site is optimized with the Yoast SEO plugin v27.4 - https:\/\/yoast.com\/product\/yoast-seo-wordpress\/ -->\n<title>Makeblock mBot - Electronica JNC<\/title>\n<meta name=\"description\" content=\"Makeblock mBot es un innovador kit de rob\u00f3tica dise\u00f1ado para introducir a los ni\u00f1os en el mundo de la programaci\u00f3n y la electr\u00f3nica de manera divertida\" \/>\n<meta name=\"robots\" content=\"index, follow, max-snippet:-1, max-image-preview:large, max-video-preview:-1\" \/>\n<link rel=\"canonical\" href=\"https:\/\/www.electronicajnc.com\/web\/producto\/makeblock-mbot\/\" \/>\n<meta property=\"og:locale\" content=\"es_ES\" \/>\n<meta property=\"og:type\" content=\"article\" \/>\n<meta property=\"og:title\" content=\"Makeblock mBot - Electronica JNC\" \/>\n<meta property=\"og:description\" content=\"Makeblock mBot es un innovador kit de rob\u00f3tica dise\u00f1ado para introducir a los ni\u00f1os en el mundo de la programaci\u00f3n y la electr\u00f3nica de manera divertida\" \/>\n<meta property=\"og:url\" content=\"https:\/\/www.electronicajnc.com\/web\/producto\/makeblock-mbot\/\" \/>\n<meta property=\"og:site_name\" content=\"Electronica JNC\" \/>\n<meta property=\"og:image\" content=\"https:\/\/www.electronicajnc.com\/web\/wp-content\/uploads\/2025\/03\/makeblock.jpg\" \/>\n\t<meta property=\"og:image:width\" content=\"1028\" \/>\n\t<meta property=\"og:image:height\" content=\"1115\" \/>\n\t<meta property=\"og:image:type\" content=\"image\/jpeg\" \/>\n<meta name=\"twitter:card\" content=\"summary_large_image\" \/>\n<meta name=\"twitter:label1\" content=\"Tiempo de lectura\" \/>\n\t<meta name=\"twitter:data1\" content=\"4 minutos\" \/>\n<script type=\"application\/ld+json\" class=\"yoast-schema-graph\">{\"@context\":\"https:\\\/\\\/schema.org\",\"@graph\":[{\"@type\":\"WebPage\",\"@id\":\"https:\\\/\\\/www.electronicajnc.com\\\/web\\\/producto\\\/makeblock-mbot\\\/\",\"url\":\"https:\\\/\\\/www.electronicajnc.com\\\/web\\\/producto\\\/makeblock-mbot\\\/\",\"name\":\"Makeblock mBot - Electronica JNC\",\"isPartOf\":{\"@id\":\"https:\\\/\\\/www.electronicajnc.com\\\/web\\\/#website\"},\"primaryImageOfPage\":{\"@id\":\"https:\\\/\\\/www.electronicajnc.com\\\/web\\\/producto\\\/makeblock-mbot\\\/#primaryimage\"},\"image\":{\"@id\":\"https:\\\/\\\/www.electronicajnc.com\\\/web\\\/producto\\\/makeblock-mbot\\\/#primaryimage\"},\"thumbnailUrl\":\"https:\\\/\\\/www.electronicajnc.com\\\/web\\\/wp-content\\\/uploads\\\/2025\\\/03\\\/makeblock.jpg\",\"datePublished\":\"2025-03-05T19:25:08+00:00\",\"description\":\"Makeblock mBot es un innovador kit de rob\u00f3tica dise\u00f1ado para introducir a los ni\u00f1os en el mundo de la programaci\u00f3n y la electr\u00f3nica de manera divertida\",\"breadcrumb\":{\"@id\":\"https:\\\/\\\/www.electronicajnc.com\\\/web\\\/producto\\\/makeblock-mbot\\\/#breadcrumb\"},\"inLanguage\":\"es\",\"potentialAction\":[{\"@type\":\"ReadAction\",\"target\":[\"https:\\\/\\\/www.electronicajnc.com\\\/web\\\/producto\\\/makeblock-mbot\\\/\"]}]},{\"@type\":\"ImageObject\",\"inLanguage\":\"es\",\"@id\":\"https:\\\/\\\/www.electronicajnc.com\\\/web\\\/producto\\\/makeblock-mbot\\\/#primaryimage\",\"url\":\"https:\\\/\\\/www.electronicajnc.com\\\/web\\\/wp-content\\\/uploads\\\/2025\\\/03\\\/makeblock.jpg\",\"contentUrl\":\"https:\\\/\\\/www.electronicajnc.com\\\/web\\\/wp-content\\\/uploads\\\/2025\\\/03\\\/makeblock.jpg\",\"width\":1028,\"height\":1115,\"caption\":\"Makeblock mBot\"},{\"@type\":\"BreadcrumbList\",\"@id\":\"https:\\\/\\\/www.electronicajnc.com\\\/web\\\/producto\\\/makeblock-mbot\\\/#breadcrumb\",\"itemListElement\":[{\"@type\":\"ListItem\",\"position\":1,\"name\":\"Portada\",\"item\":\"https:\\\/\\\/www.electronicajnc.com\\\/web\\\/\"},{\"@type\":\"ListItem\",\"position\":2,\"name\":\"TIENDA\",\"item\":\"https:\\\/\\\/www.electronicajnc.com\\\/web\\\/tienda\\\/\"},{\"@type\":\"ListItem\",\"position\":3,\"name\":\"Makeblock mBot\"}]},{\"@type\":\"WebSite\",\"@id\":\"https:\\\/\\\/www.electronicajnc.com\\\/web\\\/#website\",\"url\":\"https:\\\/\\\/www.electronicajnc.com\\\/web\\\/\",\"name\":\"Electronica JNC\",\"description\":\"Robotica Tecnologia Mecatronica en Ecuador\",\"publisher\":{\"@id\":\"https:\\\/\\\/www.electronicajnc.com\\\/web\\\/#organization\"},\"potentialAction\":[{\"@type\":\"SearchAction\",\"target\":{\"@type\":\"EntryPoint\",\"urlTemplate\":\"https:\\\/\\\/www.electronicajnc.com\\\/web\\\/?s={search_term_string}\"},\"query-input\":{\"@type\":\"PropertyValueSpecification\",\"valueRequired\":true,\"valueName\":\"search_term_string\"}}],\"inLanguage\":\"es\"},{\"@type\":\"Organization\",\"@id\":\"https:\\\/\\\/www.electronicajnc.com\\\/web\\\/#organization\",\"name\":\"Electronica JNC\",\"url\":\"https:\\\/\\\/www.electronicajnc.com\\\/web\\\/\",\"logo\":{\"@type\":\"ImageObject\",\"inLanguage\":\"es\",\"@id\":\"https:\\\/\\\/www.electronicajnc.com\\\/web\\\/#\\\/schema\\\/logo\\\/image\\\/\",\"url\":\"https:\\\/\\\/www.electronicajnc.com\\\/web\\\/wp-content\\\/uploads\\\/2023\\\/06\\\/nuevo-logo.jpg\",\"contentUrl\":\"https:\\\/\\\/www.electronicajnc.com\\\/web\\\/wp-content\\\/uploads\\\/2023\\\/06\\\/nuevo-logo.jpg\",\"width\":1256,\"height\":612,\"caption\":\"Electronica JNC\"},\"image\":{\"@id\":\"https:\\\/\\\/www.electronicajnc.com\\\/web\\\/#\\\/schema\\\/logo\\\/image\\\/\"}}]}<\/script>\n<!-- \/ Yoast SEO plugin. -->","yoast_head_json":{"title":"Makeblock mBot - Electronica JNC","description":"Makeblock mBot es un innovador kit de rob\u00f3tica dise\u00f1ado para introducir a los ni\u00f1os en el mundo de la programaci\u00f3n y la electr\u00f3nica de manera divertida","robots":{"index":"index","follow":"follow","max-snippet":"max-snippet:-1","max-image-preview":"max-image-preview:large","max-video-preview":"max-video-preview:-1"},"canonical":"https:\/\/www.electronicajnc.com\/web\/producto\/makeblock-mbot\/","og_locale":"es_ES","og_type":"article","og_title":"Makeblock mBot - Electronica JNC","og_description":"Makeblock mBot es un innovador kit de rob\u00f3tica dise\u00f1ado para introducir a los ni\u00f1os en el mundo de la programaci\u00f3n y la electr\u00f3nica de manera divertida","og_url":"https:\/\/www.electronicajnc.com\/web\/producto\/makeblock-mbot\/","og_site_name":"Electronica JNC","og_image":[{"width":1028,"height":1115,"url":"https:\/\/www.electronicajnc.com\/web\/wp-content\/uploads\/2025\/03\/makeblock.jpg","type":"image\/jpeg"}],"twitter_card":"summary_large_image","twitter_misc":{"Tiempo de lectura":"4 minutos"},"schema":{"@context":"https:\/\/schema.org","@graph":[{"@type":"WebPage","@id":"https:\/\/www.electronicajnc.com\/web\/producto\/makeblock-mbot\/","url":"https:\/\/www.electronicajnc.com\/web\/producto\/makeblock-mbot\/","name":"Makeblock mBot - Electronica JNC","isPartOf":{"@id":"https:\/\/www.electronicajnc.com\/web\/#website"},"primaryImageOfPage":{"@id":"https:\/\/www.electronicajnc.com\/web\/producto\/makeblock-mbot\/#primaryimage"},"image":{"@id":"https:\/\/www.electronicajnc.com\/web\/producto\/makeblock-mbot\/#primaryimage"},"thumbnailUrl":"https:\/\/www.electronicajnc.com\/web\/wp-content\/uploads\/2025\/03\/makeblock.jpg","datePublished":"2025-03-05T19:25:08+00:00","description":"Makeblock mBot es un innovador kit de rob\u00f3tica dise\u00f1ado para introducir a los ni\u00f1os en el mundo de la programaci\u00f3n y la electr\u00f3nica de manera divertida","breadcrumb":{"@id":"https:\/\/www.electronicajnc.com\/web\/producto\/makeblock-mbot\/#breadcrumb"},"inLanguage":"es","potentialAction":[{"@type":"ReadAction","target":["https:\/\/www.electronicajnc.com\/web\/producto\/makeblock-mbot\/"]}]},{"@type":"ImageObject","inLanguage":"es","@id":"https:\/\/www.electronicajnc.com\/web\/producto\/makeblock-mbot\/#primaryimage","url":"https:\/\/www.electronicajnc.com\/web\/wp-content\/uploads\/2025\/03\/makeblock.jpg","contentUrl":"https:\/\/www.electronicajnc.com\/web\/wp-content\/uploads\/2025\/03\/makeblock.jpg","width":1028,"height":1115,"caption":"Makeblock mBot"},{"@type":"BreadcrumbList","@id":"https:\/\/www.electronicajnc.com\/web\/producto\/makeblock-mbot\/#breadcrumb","itemListElement":[{"@type":"ListItem","position":1,"name":"Portada","item":"https:\/\/www.electronicajnc.com\/web\/"},{"@type":"ListItem","position":2,"name":"TIENDA","item":"https:\/\/www.electronicajnc.com\/web\/tienda\/"},{"@type":"ListItem","position":3,"name":"Makeblock mBot"}]},{"@type":"WebSite","@id":"https:\/\/www.electronicajnc.com\/web\/#website","url":"https:\/\/www.electronicajnc.com\/web\/","name":"Electronica JNC","description":"Robotica Tecnologia Mecatronica en Ecuador","publisher":{"@id":"https:\/\/www.electronicajnc.com\/web\/#organization"},"potentialAction":[{"@type":"SearchAction","target":{"@type":"EntryPoint","urlTemplate":"https:\/\/www.electronicajnc.com\/web\/?s={search_term_string}"},"query-input":{"@type":"PropertyValueSpecification","valueRequired":true,"valueName":"search_term_string"}}],"inLanguage":"es"},{"@type":"Organization","@id":"https:\/\/www.electronicajnc.com\/web\/#organization","name":"Electronica JNC","url":"https:\/\/www.electronicajnc.com\/web\/","logo":{"@type":"ImageObject","inLanguage":"es","@id":"https:\/\/www.electronicajnc.com\/web\/#\/schema\/logo\/image\/","url":"https:\/\/www.electronicajnc.com\/web\/wp-content\/uploads\/2023\/06\/nuevo-logo.jpg","contentUrl":"https:\/\/www.electronicajnc.com\/web\/wp-content\/uploads\/2023\/06\/nuevo-logo.jpg","width":1256,"height":612,"caption":"Electronica JNC"},"image":{"@id":"https:\/\/www.electronicajnc.com\/web\/#\/schema\/logo\/image\/"}}]}},"_links":{"self":[{"href":"https:\/\/www.electronicajnc.com\/web\/wp-json\/wp\/v2\/product\/2071","targetHints":{"allow":["GET"]}}],"collection":[{"href":"https:\/\/www.electronicajnc.com\/web\/wp-json\/wp\/v2\/product"}],"about":[{"href":"https:\/\/www.electronicajnc.com\/web\/wp-json\/wp\/v2\/types\/product"}],"replies":[{"embeddable":true,"href":"https:\/\/www.electronicajnc.com\/web\/wp-json\/wp\/v2\/comments?post=2071"}],"wp:featuredmedia":[{"embeddable":true,"href":"https:\/\/www.electronicajnc.com\/web\/wp-json\/wp\/v2\/media\/2072"}],"wp:attachment":[{"href":"https:\/\/www.electronicajnc.com\/web\/wp-json\/wp\/v2\/media?parent=2071"}],"wp:term":[{"taxonomy":"product_brand","embeddable":true,"href":"https:\/\/www.electronicajnc.com\/web\/wp-json\/wp\/v2\/product_brand?post=2071"},{"taxonomy":"product_cat","embeddable":true,"href":"https:\/\/www.electronicajnc.com\/web\/wp-json\/wp\/v2\/product_cat?post=2071"},{"taxonomy":"product_tag","embeddable":true,"href":"https:\/\/www.electronicajnc.com\/web\/wp-json\/wp\/v2\/product_tag?post=2071"}],"curies":[{"name":"wp","href":"https:\/\/api.w.org\/{rel}","templated":true}]}}