{"id":2099,"date":"2025-03-31T19:22:58","date_gmt":"2025-03-31T19:22:58","guid":{"rendered":"https:\/\/www.electronicajnc.com\/web\/?post_type=product&#038;p=2099"},"modified":"2025-03-31T19:26:41","modified_gmt":"2025-03-31T19:26:41","slug":"kit-de-tanque-con-orugas-robotica-inteligente","status":"publish","type":"product","link":"https:\/\/www.electronicajnc.com\/web\/producto\/kit-de-tanque-con-orugas-robotica-inteligente\/","title":{"rendered":"Kit de Tanque con Orugas Rob\u00f3tica Inteligente"},"content":{"rendered":"<p>Kit de Tanque con Orugas Rob\u00f3tica Inteligente<\/p>\n<p>Este kit cuenta con un robusto chasis de tanque con orugas, lo que le permite navegar suavemente incluso en entornos desafiantes. El dise\u00f1o incorpora una estructura de fijaci\u00f3n con poste de cobre y tornillo, asegurando estabilidad y durabilidad durante la operaci\u00f3n. Las conexiones del circuito se facilitan mediante cables DuPont, que ofrecen simplicidad y facilidad de ensamblaje.<\/p>\n<p>Este kit rob\u00f3tico est\u00e1 equipado con una variedad de funciones, incluyendo evasi\u00f3n de obst\u00e1culos ultras\u00f3nicos, detecci\u00f3n de obst\u00e1culos por infrarrojos y control por gestos para el movimiento direccional. El m\u00f3dulo sensor ultras\u00f3nico,\u00a0 mide distancias para evitar obst\u00e1culos de manera efectiva. Adem\u00e1s, el m\u00f3dulo de detecci\u00f3n por infrarrojos mejora la capacidad del robot para detectar y evitar obst\u00e1culos utilizando tecnolog\u00eda infrarroja. La combinaci\u00f3n de estos m\u00f3dulos permite que el robot siga objetos o caminos de manera aut\u00f3noma.<\/p>\n<p>El kit incluye un potente motor de engranajes DC de 12V, proporcionando la potencia necesaria para que el tanque con orugas funcione eficientemente. Tambi\u00e9n cuenta con una alarma de zumbador para alertas auditivas y una funci\u00f3n de control por gestos, permitiendo a los usuarios controlar la direcci\u00f3n del carro con simples movimientos de mano. Este completo kit es compatible con Arduino, lo que lo convierte en una excelente opci\u00f3n para aquellos interesados en programaci\u00f3n y rob\u00f3tica.<\/p>\n<h1>Kit de Tanque con Orugas Rob\u00f3tica Inteligente<\/h1>\n<div>\n<h2><b>\u00bfD\u00f3nde<\/b><strong>\u00a0conseguir ?<\/strong><\/h2>\n<\/div>\n<p>Puedes conseguir este producto y mucho mas en nuestra tienda de electr\u00f3nica \u201cElectr\u00f3nica JNC\u201d a un excelente precio, de igual manera puedes preguntar por otros productos que tenemos para ti y as\u00ed adquirirlos seg\u00fan tu necesidad para\u00a0 tus proyectos.<\/p>\n<p>Adem\u00e1s de vender realizamos todo tipo de proyectos de Rob\u00f3tica Electr\u00f3nica y de Programaci\u00f3n en Arduino-Raspberry, brindamos asesoramiento en la elaboraci\u00f3n de proyectos y personalizamos sus clases cuando deseas armar un robot.<\/p>\n<p>Somos importadores Directos de todo en Electr\u00f3nica y Rob\u00f3tica directamente desde los fabricantes, a los mejores precios del mercado.<\/p>\n<div class=\"x11i5rnm xat24cr x1mh8g0r x1vvkbs xtlvy1s x126k92a\">\n<div dir=\"auto\">SERVICIO PERSONALIZADO, APOYO TEORICO Y VENTA DE MATERIAL<\/div>\n<\/div>\n<div class=\"x11i5rnm xat24cr x1mh8g0r x1vvkbs xtlvy1s x126k92a\">\n<div dir=\"auto\">COTIZA CON NOSOTROS<\/div>\n<div dir=\"auto\">SERVICIO, EXPERIENCIA, CALIDAD Y CONFIANZA<\/div>\n<div dir=\"auto\">\u00abTodo lo que buscas en un solo lugar\u00bb<\/div>\n<\/div>\n<div dir=\"auto\"><\/div>\n<p><img decoding=\"async\" class=\"aligncenter\" src=\"https:\/\/images.ua.prom.st\/1494267654_1494267654.jpg?PImaGE_ID=1494267654\" \/><\/p>\n<p style=\"text-align: center;\">Realizar un pedido en la web o por \u00a0<a href=\"https:\/\/api.whatsapp.com\/send?phone=593958753126\" target=\"_blank\" rel=\"noopener\">WHATSAPP<\/a>.<\/p>\n<p><img decoding=\"async\" class=\"aligncenter\" src=\"https:\/\/images.ua.prom.st\/1494267867_1494267867.jpg?PImaGE_ID=1494267867\" \/><\/p>\n<p style=\"text-align: center;\">Consulta con un asesor\u00a0 todas tus inquietudes.<\/p>\n<p><img decoding=\"async\" class=\"aligncenter\" src=\"https:\/\/images.ua.prom.st\/1494266627_1494266627.jpg?PImaGE_ID=1494266627\" \/><\/p>\n<p style=\"text-align: center;\">Pregunta las formas de pago.<\/p>\n<p><img decoding=\"async\" class=\"aligncenter\" src=\"https:\/\/images.ua.prom.st\/1494267985_1494267985.jpg?PImaGE_ID=1494267985\" \/><\/p>\n<p style=\"text-align: center;\">Tu pedido llega a la puerta de tu casa.<\/p>\n<p>&nbsp;<\/p>\n<p><strong>\u00a1\u00a1 PREG\u00daNTANOS Sin compromiso !!!!<\/strong><\/p>\n<p>Puede retirar sus pedidos en nuestra\u00a0<a href=\"https:\/\/www.electronicajnc.com\/web\/contactos\" target=\"_blank\" rel=\"noopener\">TIENDA F\u00cdSICA<\/a>\u00a0o realizar sus pedidos\u00a0<a href=\"https:\/\/www.electronicajnc.com\/web\/mi-cuenta\" target=\"_blank\" rel=\"noopener\">ONLINE<\/a>\u00a0o por\u00a0<a href=\"https:\/\/api.whatsapp.com\/send?phone=593958753126\" target=\"_blank\" rel=\"noopener\">WHATSAPP<\/a>.<\/p>\n","protected":false},"excerpt":{"rendered":"<p>Kit de Tanque con Orugas Rob\u00f3tica Inteligente Este kit cuenta con un robusto chasis de tanque con orugas, lo que le permite navegar suavemente incluso en entornos desafiantes. El dise\u00f1o incorpora una estructura de fijaci\u00f3n con poste de cobre y tornillo, asegurando estabilidad y durabilidad durante la operaci\u00f3n. Las conexiones del circuito se facilitan mediante [&hellip;]<\/p>\n","protected":false},"featured_media":2103,"comment_status":"closed","ping_status":"closed","template":"","meta":{"saved_in_kubio":false,"_joinchat":[]},"product_brand":[],"product_cat":[323],"product_tag":[1721,1739,399,747],"class_list":{"0":"post-2099","1":"product","2":"type-product","3":"status-publish","4":"has-post-thumbnail","6":"product_cat-kits-steam","7":"product_tag-kits-de-robotica","8":"product_tag-kits-educacionales","9":"product_tag-proyectos-de-robotica","10":"product_tag-steam","12":"first","13":"instock","14":"taxable","15":"shipping-taxable","16":"product-type-simple"},"yoast_head":"<!-- This site is optimized with the Yoast SEO plugin v27.4 - https:\/\/yoast.com\/product\/yoast-seo-wordpress\/ -->\n<title>Kit de Tanque con Orugas Rob\u00f3tica Inteligente - Electronica JNC<\/title>\n<meta name=\"description\" content=\"Kit de Tanque con Orugas Rob\u00f3tica Inteligente compatible con Arduino,y es una opci\u00f3n para aquellos interesados en programaci\u00f3n y rob\u00f3tica.\" \/>\n<meta name=\"robots\" content=\"index, follow, max-snippet:-1, max-image-preview:large, max-video-preview:-1\" \/>\n<link rel=\"canonical\" href=\"https:\/\/www.electronicajnc.com\/web\/producto\/kit-de-tanque-con-orugas-robotica-inteligente\/\" \/>\n<meta property=\"og:locale\" content=\"es_ES\" \/>\n<meta property=\"og:type\" content=\"article\" \/>\n<meta property=\"og:title\" content=\"Kit de Tanque con Orugas Rob\u00f3tica Inteligente - Electronica JNC\" \/>\n<meta property=\"og:description\" content=\"Kit de Tanque con Orugas Rob\u00f3tica Inteligente compatible con Arduino,y es una opci\u00f3n para aquellos interesados en programaci\u00f3n y rob\u00f3tica.\" \/>\n<meta property=\"og:url\" content=\"https:\/\/www.electronicajnc.com\/web\/producto\/kit-de-tanque-con-orugas-robotica-inteligente\/\" \/>\n<meta property=\"og:site_name\" content=\"Electronica JNC\" \/>\n<meta property=\"article:modified_time\" content=\"2025-03-31T19:26:41+00:00\" \/>\n<meta property=\"og:image\" content=\"https:\/\/www.electronicajnc.com\/web\/wp-content\/uploads\/2025\/03\/kit-tanque-oruga.jpg\" \/>\n\t<meta property=\"og:image:width\" content=\"1028\" \/>\n\t<meta property=\"og:image:height\" content=\"1115\" \/>\n\t<meta property=\"og:image:type\" content=\"image\/jpeg\" \/>\n<meta name=\"twitter:card\" content=\"summary_large_image\" \/>\n<meta name=\"twitter:label1\" content=\"Tiempo de lectura\" \/>\n\t<meta name=\"twitter:data1\" content=\"3 minutos\" \/>\n<script type=\"application\/ld+json\" class=\"yoast-schema-graph\">{\"@context\":\"https:\\\/\\\/schema.org\",\"@graph\":[{\"@type\":\"WebPage\",\"@id\":\"https:\\\/\\\/www.electronicajnc.com\\\/web\\\/producto\\\/kit-de-tanque-con-orugas-robotica-inteligente\\\/\",\"url\":\"https:\\\/\\\/www.electronicajnc.com\\\/web\\\/producto\\\/kit-de-tanque-con-orugas-robotica-inteligente\\\/\",\"name\":\"Kit de Tanque con Orugas Rob\u00f3tica Inteligente - Electronica JNC\",\"isPartOf\":{\"@id\":\"https:\\\/\\\/www.electronicajnc.com\\\/web\\\/#website\"},\"primaryImageOfPage\":{\"@id\":\"https:\\\/\\\/www.electronicajnc.com\\\/web\\\/producto\\\/kit-de-tanque-con-orugas-robotica-inteligente\\\/#primaryimage\"},\"image\":{\"@id\":\"https:\\\/\\\/www.electronicajnc.com\\\/web\\\/producto\\\/kit-de-tanque-con-orugas-robotica-inteligente\\\/#primaryimage\"},\"thumbnailUrl\":\"https:\\\/\\\/www.electronicajnc.com\\\/web\\\/wp-content\\\/uploads\\\/2025\\\/03\\\/kit-tanque-oruga.jpg\",\"datePublished\":\"2025-03-31T19:22:58+00:00\",\"dateModified\":\"2025-03-31T19:26:41+00:00\",\"description\":\"Kit de Tanque con Orugas Rob\u00f3tica Inteligente compatible con Arduino,y es una opci\u00f3n para aquellos interesados en programaci\u00f3n y rob\u00f3tica.\",\"breadcrumb\":{\"@id\":\"https:\\\/\\\/www.electronicajnc.com\\\/web\\\/producto\\\/kit-de-tanque-con-orugas-robotica-inteligente\\\/#breadcrumb\"},\"inLanguage\":\"es\",\"potentialAction\":[{\"@type\":\"ReadAction\",\"target\":[\"https:\\\/\\\/www.electronicajnc.com\\\/web\\\/producto\\\/kit-de-tanque-con-orugas-robotica-inteligente\\\/\"]}]},{\"@type\":\"ImageObject\",\"inLanguage\":\"es\",\"@id\":\"https:\\\/\\\/www.electronicajnc.com\\\/web\\\/producto\\\/kit-de-tanque-con-orugas-robotica-inteligente\\\/#primaryimage\",\"url\":\"https:\\\/\\\/www.electronicajnc.com\\\/web\\\/wp-content\\\/uploads\\\/2025\\\/03\\\/kit-tanque-oruga.jpg\",\"contentUrl\":\"https:\\\/\\\/www.electronicajnc.com\\\/web\\\/wp-content\\\/uploads\\\/2025\\\/03\\\/kit-tanque-oruga.jpg\",\"width\":1028,\"height\":1115,\"caption\":\"Kit de Tanque con Orugas Rob\u00f3tica Inteligente\"},{\"@type\":\"BreadcrumbList\",\"@id\":\"https:\\\/\\\/www.electronicajnc.com\\\/web\\\/producto\\\/kit-de-tanque-con-orugas-robotica-inteligente\\\/#breadcrumb\",\"itemListElement\":[{\"@type\":\"ListItem\",\"position\":1,\"name\":\"Portada\",\"item\":\"https:\\\/\\\/www.electronicajnc.com\\\/web\\\/\"},{\"@type\":\"ListItem\",\"position\":2,\"name\":\"TIENDA\",\"item\":\"https:\\\/\\\/www.electronicajnc.com\\\/web\\\/tienda\\\/\"},{\"@type\":\"ListItem\",\"position\":3,\"name\":\"Kit de Tanque con Orugas Rob\u00f3tica Inteligente\"}]},{\"@type\":\"WebSite\",\"@id\":\"https:\\\/\\\/www.electronicajnc.com\\\/web\\\/#website\",\"url\":\"https:\\\/\\\/www.electronicajnc.com\\\/web\\\/\",\"name\":\"Electronica JNC\",\"description\":\"Robotica Tecnologia Mecatronica en Ecuador\",\"publisher\":{\"@id\":\"https:\\\/\\\/www.electronicajnc.com\\\/web\\\/#organization\"},\"potentialAction\":[{\"@type\":\"SearchAction\",\"target\":{\"@type\":\"EntryPoint\",\"urlTemplate\":\"https:\\\/\\\/www.electronicajnc.com\\\/web\\\/?s={search_term_string}\"},\"query-input\":{\"@type\":\"PropertyValueSpecification\",\"valueRequired\":true,\"valueName\":\"search_term_string\"}}],\"inLanguage\":\"es\"},{\"@type\":\"Organization\",\"@id\":\"https:\\\/\\\/www.electronicajnc.com\\\/web\\\/#organization\",\"name\":\"Electronica JNC\",\"url\":\"https:\\\/\\\/www.electronicajnc.com\\\/web\\\/\",\"logo\":{\"@type\":\"ImageObject\",\"inLanguage\":\"es\",\"@id\":\"https:\\\/\\\/www.electronicajnc.com\\\/web\\\/#\\\/schema\\\/logo\\\/image\\\/\",\"url\":\"https:\\\/\\\/www.electronicajnc.com\\\/web\\\/wp-content\\\/uploads\\\/2023\\\/06\\\/nuevo-logo.jpg\",\"contentUrl\":\"https:\\\/\\\/www.electronicajnc.com\\\/web\\\/wp-content\\\/uploads\\\/2023\\\/06\\\/nuevo-logo.jpg\",\"width\":1256,\"height\":612,\"caption\":\"Electronica JNC\"},\"image\":{\"@id\":\"https:\\\/\\\/www.electronicajnc.com\\\/web\\\/#\\\/schema\\\/logo\\\/image\\\/\"}}]}<\/script>\n<!-- \/ Yoast SEO plugin. -->","yoast_head_json":{"title":"Kit de Tanque con Orugas Rob\u00f3tica Inteligente - Electronica JNC","description":"Kit de Tanque con Orugas Rob\u00f3tica Inteligente compatible con Arduino,y es una opci\u00f3n para aquellos interesados en programaci\u00f3n y rob\u00f3tica.","robots":{"index":"index","follow":"follow","max-snippet":"max-snippet:-1","max-image-preview":"max-image-preview:large","max-video-preview":"max-video-preview:-1"},"canonical":"https:\/\/www.electronicajnc.com\/web\/producto\/kit-de-tanque-con-orugas-robotica-inteligente\/","og_locale":"es_ES","og_type":"article","og_title":"Kit de Tanque con Orugas Rob\u00f3tica Inteligente - Electronica JNC","og_description":"Kit de Tanque con Orugas Rob\u00f3tica Inteligente compatible con Arduino,y es una opci\u00f3n para aquellos interesados en programaci\u00f3n y rob\u00f3tica.","og_url":"https:\/\/www.electronicajnc.com\/web\/producto\/kit-de-tanque-con-orugas-robotica-inteligente\/","og_site_name":"Electronica JNC","article_modified_time":"2025-03-31T19:26:41+00:00","og_image":[{"width":1028,"height":1115,"url":"https:\/\/www.electronicajnc.com\/web\/wp-content\/uploads\/2025\/03\/kit-tanque-oruga.jpg","type":"image\/jpeg"}],"twitter_card":"summary_large_image","twitter_misc":{"Tiempo de lectura":"3 minutos"},"schema":{"@context":"https:\/\/schema.org","@graph":[{"@type":"WebPage","@id":"https:\/\/www.electronicajnc.com\/web\/producto\/kit-de-tanque-con-orugas-robotica-inteligente\/","url":"https:\/\/www.electronicajnc.com\/web\/producto\/kit-de-tanque-con-orugas-robotica-inteligente\/","name":"Kit de Tanque con Orugas Rob\u00f3tica Inteligente - Electronica JNC","isPartOf":{"@id":"https:\/\/www.electronicajnc.com\/web\/#website"},"primaryImageOfPage":{"@id":"https:\/\/www.electronicajnc.com\/web\/producto\/kit-de-tanque-con-orugas-robotica-inteligente\/#primaryimage"},"image":{"@id":"https:\/\/www.electronicajnc.com\/web\/producto\/kit-de-tanque-con-orugas-robotica-inteligente\/#primaryimage"},"thumbnailUrl":"https:\/\/www.electronicajnc.com\/web\/wp-content\/uploads\/2025\/03\/kit-tanque-oruga.jpg","datePublished":"2025-03-31T19:22:58+00:00","dateModified":"2025-03-31T19:26:41+00:00","description":"Kit de Tanque con Orugas Rob\u00f3tica Inteligente compatible con Arduino,y es una opci\u00f3n para aquellos interesados en programaci\u00f3n y rob\u00f3tica.","breadcrumb":{"@id":"https:\/\/www.electronicajnc.com\/web\/producto\/kit-de-tanque-con-orugas-robotica-inteligente\/#breadcrumb"},"inLanguage":"es","potentialAction":[{"@type":"ReadAction","target":["https:\/\/www.electronicajnc.com\/web\/producto\/kit-de-tanque-con-orugas-robotica-inteligente\/"]}]},{"@type":"ImageObject","inLanguage":"es","@id":"https:\/\/www.electronicajnc.com\/web\/producto\/kit-de-tanque-con-orugas-robotica-inteligente\/#primaryimage","url":"https:\/\/www.electronicajnc.com\/web\/wp-content\/uploads\/2025\/03\/kit-tanque-oruga.jpg","contentUrl":"https:\/\/www.electronicajnc.com\/web\/wp-content\/uploads\/2025\/03\/kit-tanque-oruga.jpg","width":1028,"height":1115,"caption":"Kit de Tanque con Orugas Rob\u00f3tica Inteligente"},{"@type":"BreadcrumbList","@id":"https:\/\/www.electronicajnc.com\/web\/producto\/kit-de-tanque-con-orugas-robotica-inteligente\/#breadcrumb","itemListElement":[{"@type":"ListItem","position":1,"name":"Portada","item":"https:\/\/www.electronicajnc.com\/web\/"},{"@type":"ListItem","position":2,"name":"TIENDA","item":"https:\/\/www.electronicajnc.com\/web\/tienda\/"},{"@type":"ListItem","position":3,"name":"Kit de Tanque con Orugas Rob\u00f3tica Inteligente"}]},{"@type":"WebSite","@id":"https:\/\/www.electronicajnc.com\/web\/#website","url":"https:\/\/www.electronicajnc.com\/web\/","name":"Electronica JNC","description":"Robotica Tecnologia Mecatronica en Ecuador","publisher":{"@id":"https:\/\/www.electronicajnc.com\/web\/#organization"},"potentialAction":[{"@type":"SearchAction","target":{"@type":"EntryPoint","urlTemplate":"https:\/\/www.electronicajnc.com\/web\/?s={search_term_string}"},"query-input":{"@type":"PropertyValueSpecification","valueRequired":true,"valueName":"search_term_string"}}],"inLanguage":"es"},{"@type":"Organization","@id":"https:\/\/www.electronicajnc.com\/web\/#organization","name":"Electronica JNC","url":"https:\/\/www.electronicajnc.com\/web\/","logo":{"@type":"ImageObject","inLanguage":"es","@id":"https:\/\/www.electronicajnc.com\/web\/#\/schema\/logo\/image\/","url":"https:\/\/www.electronicajnc.com\/web\/wp-content\/uploads\/2023\/06\/nuevo-logo.jpg","contentUrl":"https:\/\/www.electronicajnc.com\/web\/wp-content\/uploads\/2023\/06\/nuevo-logo.jpg","width":1256,"height":612,"caption":"Electronica JNC"},"image":{"@id":"https:\/\/www.electronicajnc.com\/web\/#\/schema\/logo\/image\/"}}]}},"_links":{"self":[{"href":"https:\/\/www.electronicajnc.com\/web\/wp-json\/wp\/v2\/product\/2099","targetHints":{"allow":["GET"]}}],"collection":[{"href":"https:\/\/www.electronicajnc.com\/web\/wp-json\/wp\/v2\/product"}],"about":[{"href":"https:\/\/www.electronicajnc.com\/web\/wp-json\/wp\/v2\/types\/product"}],"replies":[{"embeddable":true,"href":"https:\/\/www.electronicajnc.com\/web\/wp-json\/wp\/v2\/comments?post=2099"}],"wp:featuredmedia":[{"embeddable":true,"href":"https:\/\/www.electronicajnc.com\/web\/wp-json\/wp\/v2\/media\/2103"}],"wp:attachment":[{"href":"https:\/\/www.electronicajnc.com\/web\/wp-json\/wp\/v2\/media?parent=2099"}],"wp:term":[{"taxonomy":"product_brand","embeddable":true,"href":"https:\/\/www.electronicajnc.com\/web\/wp-json\/wp\/v2\/product_brand?post=2099"},{"taxonomy":"product_cat","embeddable":true,"href":"https:\/\/www.electronicajnc.com\/web\/wp-json\/wp\/v2\/product_cat?post=2099"},{"taxonomy":"product_tag","embeddable":true,"href":"https:\/\/www.electronicajnc.com\/web\/wp-json\/wp\/v2\/product_tag?post=2099"}],"curies":[{"name":"wp","href":"https:\/\/api.w.org\/{rel}","templated":true}]}}