{"id":2693,"date":"2025-10-16T21:01:50","date_gmt":"2025-10-16T21:01:50","guid":{"rendered":"https:\/\/www.electronicajnc.com\/web\/?post_type=product&#038;p=2693"},"modified":"2025-10-16T21:07:58","modified_gmt":"2025-10-16T21:07:58","slug":"fuente-de-alimentacion-universal-3v-24v","status":"publish","type":"product","link":"https:\/\/www.electronicajnc.com\/web\/producto\/fuente-de-alimentacion-universal-3v-24v\/","title":{"rendered":"Fuente de Alimentaci\u00f3n Universal 3V-24V"},"content":{"rendered":"<p class=\"product-title product_title entry-title\">Fuente de Alimentaci\u00f3n Universal 3V-24V<\/p>\n<p>Es una fuente de alimentaci\u00f3n universal o tambi\u00e9n llamado adaptador de voltaje ajustable, es un convertidor de voltaje AC a DC, puede ser alimentado desde los 100V a 240V AC, su voltaje de salida es ajustable desde los 3V a los 24V DC con exactitud del 95%. Su corriente de salida es de m\u00e1ximo 2A. La corriente de salida no es ajustable, de acuerdo al dispositivo que requieras alimentar la fuente proporcionara la corriente necesaria para su funcionamiento recuerda no conectar dispositivos que superen un consumo de corriente mayor a 2A.<\/p>\n<p>Esta fuente es de f\u00e1cil manejo solo tendr\u00e1s que conectarla a un enchufe de 120V AC y ajustar el voltaje de salida con el potenci\u00f3metro que incorpora, tambi\u00e9n cuenta con un peque\u00f1o display que permite visualizar el voltaje de salida. Incorpora un plug macho de 5.5mm x 2.5mm que te ayudara a suministrar el voltaje de salida a diferentes dispositivos que incorporen un plug hembra.<\/p>\n<h1 class=\"product-title product_title entry-title\">Fuente de Alimentaci\u00f3n Universal 3V-24V<\/h1>\n<div>\n<h2><b>\u00bfD\u00f3nde<\/b><strong>\u00a0conseguir ?<\/strong><\/h2>\n<\/div>\n<p>Puedes conseguir este producto y mucho mas en nuestra tienda de electr\u00f3nica \u201cElectr\u00f3nica JNC\u201d a un excelente precio, de igual manera puedes preguntar por otros productos que tenemos para ti y as\u00ed adquirirlos seg\u00fan tu necesidad para\u00a0 tus proyectos.<\/p>\n<p>Adem\u00e1s de vender realizamos todo tipo de proyectos de Rob\u00f3tica Electr\u00f3nica y de Programaci\u00f3n en Arduino-Raspberry, brindamos asesoramiento en la elaboraci\u00f3n de proyectos y personalizamos sus clases cuando deseas armar un robot.<\/p>\n<p>Somos importadores Directos de todo en Electr\u00f3nica y Rob\u00f3tica directamente desde los fabricantes, a los mejores precios del mercado.<\/p>\n<div class=\"x11i5rnm xat24cr x1mh8g0r x1vvkbs xtlvy1s x126k92a\">\n<div dir=\"auto\">SERVICIO PERSONALIZADO, APOYO TEORICO Y VENTA DE MATERIAL<\/div>\n<\/div>\n<div class=\"x11i5rnm xat24cr x1mh8g0r x1vvkbs xtlvy1s x126k92a\">\n<div dir=\"auto\">COTIZA CON NOSOTROS<\/div>\n<div dir=\"auto\">SERVICIO, EXPERIENCIA, CALIDAD Y CONFIANZA<\/div>\n<div dir=\"auto\">\u00abTodo lo que buscas en un solo lugar\u00bb<\/div>\n<\/div>\n<div dir=\"auto\"><\/div>\n<p><img decoding=\"async\" class=\"aligncenter\" src=\"https:\/\/images.ua.prom.st\/1494267654_1494267654.jpg?PImaGE_ID=1494267654\" \/><\/p>\n<p style=\"text-align: center;\">Realizar un pedido en la web o por \u00a0<a href=\"https:\/\/api.whatsapp.com\/send?phone=593958753126\" target=\"_blank\" rel=\"noopener\">WHATSAPP<\/a>.<\/p>\n<p><img decoding=\"async\" class=\"aligncenter\" src=\"https:\/\/images.ua.prom.st\/1494267867_1494267867.jpg?PImaGE_ID=1494267867\" \/><\/p>\n<p style=\"text-align: center;\">Consulta con un asesor\u00a0 todas tus inquietudes.<\/p>\n<p><img decoding=\"async\" class=\"aligncenter\" src=\"https:\/\/images.ua.prom.st\/1494266627_1494266627.jpg?PImaGE_ID=1494266627\" \/><\/p>\n<p style=\"text-align: center;\">Pregunta las formas de pago.<\/p>\n<p><img decoding=\"async\" class=\"aligncenter\" src=\"https:\/\/images.ua.prom.st\/1494267985_1494267985.jpg?PImaGE_ID=1494267985\" \/><\/p>\n<p style=\"text-align: center;\">Tu pedido llega a la puerta de tu casa.<\/p>\n<p>&nbsp;<\/p>\n<p><strong>\u00a1\u00a1 PREG\u00daNTANOS Sin compromiso !!!!<\/strong><\/p>\n<p>Puede retirar sus pedidos en nuestra\u00a0<a href=\"https:\/\/www.electronicajnc.com\/web\/contactos\" target=\"_blank\" rel=\"noopener\">TIENDA F\u00cdSICA<\/a>\u00a0o realizar sus pedidos\u00a0<a href=\"https:\/\/www.electronicajnc.com\/web\/mi-cuenta\" target=\"_blank\" rel=\"noopener\">ONLINE<\/a>\u00a0o por\u00a0<a href=\"https:\/\/api.whatsapp.com\/send?phone=593958753126\" target=\"_blank\" rel=\"noopener\">WHATSAPP<\/a>.<\/p>\n","protected":false},"excerpt":{"rendered":"<p>Fuente de Alimentaci\u00f3n Universal 3V-24V Es una fuente de alimentaci\u00f3n universal o tambi\u00e9n llamado adaptador de voltaje ajustable, es un convertidor de voltaje AC a DC, puede ser alimentado desde los 100V a 240V AC, su voltaje de salida es ajustable desde los 3V a los 24V DC con exactitud del 95%. Su corriente de [&hellip;]<\/p>\n","protected":false},"featured_media":2694,"comment_status":"closed","ping_status":"closed","template":"","meta":{"saved_in_kubio":false,"_joinchat":[]},"product_brand":[],"product_cat":[309,70],"product_tag":[1768,1769,1770,1771,1772,1773,1774,1775,1767],"class_list":{"0":"post-2693","1":"product","2":"type-product","3":"status-publish","4":"has-post-thumbnail","6":"product_cat-componentes-electronicos","7":"product_cat-electronica_herramientas","8":"product_tag-adaptador-con-indicador-de-voltaje","9":"product_tag-adaptador-de-corriente-ca-100-220v-a-cc-3v-12v-3v-24v-9v-24v-2a-3a-5a-adaptador-de-alimentacion-ajustable-enchufe-de-alimentacion-led-adaptador-de-pantalla-led-tira-de-luz-led","10":"product_tag-adaptador-de-corriente-dc-3v-24v-3a-regulable-con-indicador-pantalla-imp-715","11":"product_tag-adaptador-de-poder-3-24v-3amp","12":"product_tag-adaptador-para-talleres-electronicos","13":"product_tag-adaptador-universal-3-24v-3a-quito","14":"product_tag-adaptador-universal-ajustable-de-ca-a-cc-3v-12v-3v-24v-con-voltaje-de-pantalla-regulada-3v-12v-24v","15":"product_tag-cargador-profesional-ecuador","16":"product_tag-fuente-de-alimentacion-universal-3v-24v","18":"first","19":"instock","20":"taxable","21":"shipping-taxable","22":"product-type-simple"},"yoast_head":"<!-- This site is optimized with the Yoast SEO plugin v27.5 - https:\/\/yoast.com\/product\/yoast-seo-wordpress\/ -->\n<title>Fuente de Alimentaci\u00f3n Universal 3V-24V - Electronica JNC<\/title>\n<meta name=\"description\" content=\"Fuente de Alimentaci\u00f3n Universal 3V-24V Sirve para alimentar diferentes dispositivos electr\u00f3nicos como M\u00f3dems, Tiras leds, C\u00e1maras CCTV, Monitores, otros.\" \/>\n<meta name=\"robots\" content=\"index, follow, max-snippet:-1, max-image-preview:large, max-video-preview:-1\" \/>\n<link rel=\"canonical\" href=\"https:\/\/www.electronicajnc.com\/web\/producto\/fuente-de-alimentacion-universal-3v-24v\/\" \/>\n<meta property=\"og:locale\" content=\"es_ES\" \/>\n<meta property=\"og:type\" content=\"article\" \/>\n<meta property=\"og:title\" content=\"Fuente de Alimentaci\u00f3n Universal 3V-24V - Electronica JNC\" \/>\n<meta property=\"og:description\" content=\"Fuente de Alimentaci\u00f3n Universal 3V-24V Sirve para alimentar diferentes dispositivos electr\u00f3nicos como M\u00f3dems, Tiras leds, C\u00e1maras CCTV, Monitores, otros.\" \/>\n<meta property=\"og:url\" content=\"https:\/\/www.electronicajnc.com\/web\/producto\/fuente-de-alimentacion-universal-3v-24v\/\" \/>\n<meta property=\"og:site_name\" content=\"Electronica JNC\" \/>\n<meta property=\"article:modified_time\" content=\"2025-10-16T21:07:58+00:00\" \/>\n<meta property=\"og:image\" content=\"https:\/\/www.electronicajnc.com\/web\/wp-content\/uploads\/2025\/10\/fuente-variable.jpg\" \/>\n\t<meta property=\"og:image:width\" content=\"1028\" \/>\n\t<meta property=\"og:image:height\" content=\"1115\" \/>\n\t<meta property=\"og:image:type\" content=\"image\/jpeg\" \/>\n<meta name=\"twitter:card\" content=\"summary_large_image\" \/>\n<meta name=\"twitter:label1\" content=\"Tiempo de lectura\" \/>\n\t<meta name=\"twitter:data1\" content=\"3 minutos\" \/>\n<script type=\"application\/ld+json\" class=\"yoast-schema-graph\">{\"@context\":\"https:\\\/\\\/schema.org\",\"@graph\":[{\"@type\":\"WebPage\",\"@id\":\"https:\\\/\\\/www.electronicajnc.com\\\/web\\\/producto\\\/fuente-de-alimentacion-universal-3v-24v\\\/\",\"url\":\"https:\\\/\\\/www.electronicajnc.com\\\/web\\\/producto\\\/fuente-de-alimentacion-universal-3v-24v\\\/\",\"name\":\"Fuente de Alimentaci\u00f3n Universal 3V-24V - Electronica JNC\",\"isPartOf\":{\"@id\":\"https:\\\/\\\/www.electronicajnc.com\\\/web\\\/#website\"},\"primaryImageOfPage\":{\"@id\":\"https:\\\/\\\/www.electronicajnc.com\\\/web\\\/producto\\\/fuente-de-alimentacion-universal-3v-24v\\\/#primaryimage\"},\"image\":{\"@id\":\"https:\\\/\\\/www.electronicajnc.com\\\/web\\\/producto\\\/fuente-de-alimentacion-universal-3v-24v\\\/#primaryimage\"},\"thumbnailUrl\":\"https:\\\/\\\/www.electronicajnc.com\\\/web\\\/wp-content\\\/uploads\\\/2025\\\/10\\\/fuente-variable.jpg\",\"datePublished\":\"2025-10-16T21:01:50+00:00\",\"dateModified\":\"2025-10-16T21:07:58+00:00\",\"description\":\"Fuente de Alimentaci\u00f3n Universal 3V-24V Sirve para alimentar diferentes dispositivos electr\u00f3nicos como M\u00f3dems, Tiras leds, C\u00e1maras CCTV, Monitores, otros.\",\"breadcrumb\":{\"@id\":\"https:\\\/\\\/www.electronicajnc.com\\\/web\\\/producto\\\/fuente-de-alimentacion-universal-3v-24v\\\/#breadcrumb\"},\"inLanguage\":\"es\",\"potentialAction\":[{\"@type\":\"ReadAction\",\"target\":[\"https:\\\/\\\/www.electronicajnc.com\\\/web\\\/producto\\\/fuente-de-alimentacion-universal-3v-24v\\\/\"]}]},{\"@type\":\"ImageObject\",\"inLanguage\":\"es\",\"@id\":\"https:\\\/\\\/www.electronicajnc.com\\\/web\\\/producto\\\/fuente-de-alimentacion-universal-3v-24v\\\/#primaryimage\",\"url\":\"https:\\\/\\\/www.electronicajnc.com\\\/web\\\/wp-content\\\/uploads\\\/2025\\\/10\\\/fuente-variable.jpg\",\"contentUrl\":\"https:\\\/\\\/www.electronicajnc.com\\\/web\\\/wp-content\\\/uploads\\\/2025\\\/10\\\/fuente-variable.jpg\",\"width\":1028,\"height\":1115,\"caption\":\"Fuente de Alimentaci\u00f3n Universal 3V-24V\"},{\"@type\":\"BreadcrumbList\",\"@id\":\"https:\\\/\\\/www.electronicajnc.com\\\/web\\\/producto\\\/fuente-de-alimentacion-universal-3v-24v\\\/#breadcrumb\",\"itemListElement\":[{\"@type\":\"ListItem\",\"position\":1,\"name\":\"Portada\",\"item\":\"https:\\\/\\\/www.electronicajnc.com\\\/web\\\/\"},{\"@type\":\"ListItem\",\"position\":2,\"name\":\"TIENDA\",\"item\":\"https:\\\/\\\/www.electronicajnc.com\\\/web\\\/tienda\\\/\"},{\"@type\":\"ListItem\",\"position\":3,\"name\":\"Fuente de Alimentaci\u00f3n Universal 3V-24V\"}]},{\"@type\":\"WebSite\",\"@id\":\"https:\\\/\\\/www.electronicajnc.com\\\/web\\\/#website\",\"url\":\"https:\\\/\\\/www.electronicajnc.com\\\/web\\\/\",\"name\":\"Electronica JNC\",\"description\":\"Robotica Tecnologia Mecatronica en Ecuador\",\"publisher\":{\"@id\":\"https:\\\/\\\/www.electronicajnc.com\\\/web\\\/#organization\"},\"potentialAction\":[{\"@type\":\"SearchAction\",\"target\":{\"@type\":\"EntryPoint\",\"urlTemplate\":\"https:\\\/\\\/www.electronicajnc.com\\\/web\\\/?s={search_term_string}\"},\"query-input\":{\"@type\":\"PropertyValueSpecification\",\"valueRequired\":true,\"valueName\":\"search_term_string\"}}],\"inLanguage\":\"es\"},{\"@type\":\"Organization\",\"@id\":\"https:\\\/\\\/www.electronicajnc.com\\\/web\\\/#organization\",\"name\":\"Electronica JNC\",\"url\":\"https:\\\/\\\/www.electronicajnc.com\\\/web\\\/\",\"logo\":{\"@type\":\"ImageObject\",\"inLanguage\":\"es\",\"@id\":\"https:\\\/\\\/www.electronicajnc.com\\\/web\\\/#\\\/schema\\\/logo\\\/image\\\/\",\"url\":\"https:\\\/\\\/www.electronicajnc.com\\\/web\\\/wp-content\\\/uploads\\\/2023\\\/06\\\/nuevo-logo.jpg\",\"contentUrl\":\"https:\\\/\\\/www.electronicajnc.com\\\/web\\\/wp-content\\\/uploads\\\/2023\\\/06\\\/nuevo-logo.jpg\",\"width\":1256,\"height\":612,\"caption\":\"Electronica JNC\"},\"image\":{\"@id\":\"https:\\\/\\\/www.electronicajnc.com\\\/web\\\/#\\\/schema\\\/logo\\\/image\\\/\"}}]}<\/script>\n<!-- \/ Yoast SEO plugin. -->","yoast_head_json":{"title":"Fuente de Alimentaci\u00f3n Universal 3V-24V - Electronica JNC","description":"Fuente de Alimentaci\u00f3n Universal 3V-24V Sirve para alimentar diferentes dispositivos electr\u00f3nicos como M\u00f3dems, Tiras leds, C\u00e1maras CCTV, Monitores, otros.","robots":{"index":"index","follow":"follow","max-snippet":"max-snippet:-1","max-image-preview":"max-image-preview:large","max-video-preview":"max-video-preview:-1"},"canonical":"https:\/\/www.electronicajnc.com\/web\/producto\/fuente-de-alimentacion-universal-3v-24v\/","og_locale":"es_ES","og_type":"article","og_title":"Fuente de Alimentaci\u00f3n Universal 3V-24V - Electronica JNC","og_description":"Fuente de Alimentaci\u00f3n Universal 3V-24V Sirve para alimentar diferentes dispositivos electr\u00f3nicos como M\u00f3dems, Tiras leds, C\u00e1maras CCTV, Monitores, otros.","og_url":"https:\/\/www.electronicajnc.com\/web\/producto\/fuente-de-alimentacion-universal-3v-24v\/","og_site_name":"Electronica JNC","article_modified_time":"2025-10-16T21:07:58+00:00","og_image":[{"width":1028,"height":1115,"url":"https:\/\/www.electronicajnc.com\/web\/wp-content\/uploads\/2025\/10\/fuente-variable.jpg","type":"image\/jpeg"}],"twitter_card":"summary_large_image","twitter_misc":{"Tiempo de lectura":"3 minutos"},"schema":{"@context":"https:\/\/schema.org","@graph":[{"@type":"WebPage","@id":"https:\/\/www.electronicajnc.com\/web\/producto\/fuente-de-alimentacion-universal-3v-24v\/","url":"https:\/\/www.electronicajnc.com\/web\/producto\/fuente-de-alimentacion-universal-3v-24v\/","name":"Fuente de Alimentaci\u00f3n Universal 3V-24V - Electronica JNC","isPartOf":{"@id":"https:\/\/www.electronicajnc.com\/web\/#website"},"primaryImageOfPage":{"@id":"https:\/\/www.electronicajnc.com\/web\/producto\/fuente-de-alimentacion-universal-3v-24v\/#primaryimage"},"image":{"@id":"https:\/\/www.electronicajnc.com\/web\/producto\/fuente-de-alimentacion-universal-3v-24v\/#primaryimage"},"thumbnailUrl":"https:\/\/www.electronicajnc.com\/web\/wp-content\/uploads\/2025\/10\/fuente-variable.jpg","datePublished":"2025-10-16T21:01:50+00:00","dateModified":"2025-10-16T21:07:58+00:00","description":"Fuente de Alimentaci\u00f3n Universal 3V-24V Sirve para alimentar diferentes dispositivos electr\u00f3nicos como M\u00f3dems, Tiras leds, C\u00e1maras CCTV, Monitores, otros.","breadcrumb":{"@id":"https:\/\/www.electronicajnc.com\/web\/producto\/fuente-de-alimentacion-universal-3v-24v\/#breadcrumb"},"inLanguage":"es","potentialAction":[{"@type":"ReadAction","target":["https:\/\/www.electronicajnc.com\/web\/producto\/fuente-de-alimentacion-universal-3v-24v\/"]}]},{"@type":"ImageObject","inLanguage":"es","@id":"https:\/\/www.electronicajnc.com\/web\/producto\/fuente-de-alimentacion-universal-3v-24v\/#primaryimage","url":"https:\/\/www.electronicajnc.com\/web\/wp-content\/uploads\/2025\/10\/fuente-variable.jpg","contentUrl":"https:\/\/www.electronicajnc.com\/web\/wp-content\/uploads\/2025\/10\/fuente-variable.jpg","width":1028,"height":1115,"caption":"Fuente de Alimentaci\u00f3n Universal 3V-24V"},{"@type":"BreadcrumbList","@id":"https:\/\/www.electronicajnc.com\/web\/producto\/fuente-de-alimentacion-universal-3v-24v\/#breadcrumb","itemListElement":[{"@type":"ListItem","position":1,"name":"Portada","item":"https:\/\/www.electronicajnc.com\/web\/"},{"@type":"ListItem","position":2,"name":"TIENDA","item":"https:\/\/www.electronicajnc.com\/web\/tienda\/"},{"@type":"ListItem","position":3,"name":"Fuente de Alimentaci\u00f3n Universal 3V-24V"}]},{"@type":"WebSite","@id":"https:\/\/www.electronicajnc.com\/web\/#website","url":"https:\/\/www.electronicajnc.com\/web\/","name":"Electronica JNC","description":"Robotica Tecnologia Mecatronica en Ecuador","publisher":{"@id":"https:\/\/www.electronicajnc.com\/web\/#organization"},"potentialAction":[{"@type":"SearchAction","target":{"@type":"EntryPoint","urlTemplate":"https:\/\/www.electronicajnc.com\/web\/?s={search_term_string}"},"query-input":{"@type":"PropertyValueSpecification","valueRequired":true,"valueName":"search_term_string"}}],"inLanguage":"es"},{"@type":"Organization","@id":"https:\/\/www.electronicajnc.com\/web\/#organization","name":"Electronica JNC","url":"https:\/\/www.electronicajnc.com\/web\/","logo":{"@type":"ImageObject","inLanguage":"es","@id":"https:\/\/www.electronicajnc.com\/web\/#\/schema\/logo\/image\/","url":"https:\/\/www.electronicajnc.com\/web\/wp-content\/uploads\/2023\/06\/nuevo-logo.jpg","contentUrl":"https:\/\/www.electronicajnc.com\/web\/wp-content\/uploads\/2023\/06\/nuevo-logo.jpg","width":1256,"height":612,"caption":"Electronica JNC"},"image":{"@id":"https:\/\/www.electronicajnc.com\/web\/#\/schema\/logo\/image\/"}}]}},"_links":{"self":[{"href":"https:\/\/www.electronicajnc.com\/web\/wp-json\/wp\/v2\/product\/2693","targetHints":{"allow":["GET"]}}],"collection":[{"href":"https:\/\/www.electronicajnc.com\/web\/wp-json\/wp\/v2\/product"}],"about":[{"href":"https:\/\/www.electronicajnc.com\/web\/wp-json\/wp\/v2\/types\/product"}],"replies":[{"embeddable":true,"href":"https:\/\/www.electronicajnc.com\/web\/wp-json\/wp\/v2\/comments?post=2693"}],"wp:featuredmedia":[{"embeddable":true,"href":"https:\/\/www.electronicajnc.com\/web\/wp-json\/wp\/v2\/media\/2694"}],"wp:attachment":[{"href":"https:\/\/www.electronicajnc.com\/web\/wp-json\/wp\/v2\/media?parent=2693"}],"wp:term":[{"taxonomy":"product_brand","embeddable":true,"href":"https:\/\/www.electronicajnc.com\/web\/wp-json\/wp\/v2\/product_brand?post=2693"},{"taxonomy":"product_cat","embeddable":true,"href":"https:\/\/www.electronicajnc.com\/web\/wp-json\/wp\/v2\/product_cat?post=2693"},{"taxonomy":"product_tag","embeddable":true,"href":"https:\/\/www.electronicajnc.com\/web\/wp-json\/wp\/v2\/product_tag?post=2693"}],"curies":[{"name":"wp","href":"https:\/\/api.w.org\/{rel}","templated":true}]}}