{"id":2818,"date":"2025-11-07T21:54:51","date_gmt":"2025-11-07T21:54:51","guid":{"rendered":"https:\/\/www.electronicajnc.com\/web\/?post_type=product&#038;p=2818"},"modified":"2025-11-28T20:48:22","modified_gmt":"2025-11-28T20:48:22","slug":"rueda-blanca-fina-65-mm-para-motor","status":"publish","type":"product","link":"https:\/\/www.electronicajnc.com\/web\/producto\/rueda-blanca-fina-65-mm-para-motor\/","title":{"rendered":"Rueda Blanca Fina 65 mm para Motor"},"content":{"rendered":"<p>Rueda Blanca Fina 65 mm para Motor<\/p>\n<p>Con su dise\u00f1o robusto y neum\u00e1tico de goma, esta rueda es ideal para robots m\u00f3viles, seguidores de l\u00ednea o sumo.<\/p>\n<p>Se acopla f\u00e1cilmente a motores TT est\u00e1ndar y brinda un andar suave y firme.<\/p>\n<p>\u00bfBuscas la rueda perfecta para tu pr\u00f3ximo proyecto de rob\u00f3tica? Nuestra rueda neum\u00e1tica de alta calidad es la soluci\u00f3n ideal. Con su dise\u00f1o robusto y materiales de primera calidad, esta rueda garantiza un rendimiento excepcional en cualquier entorno.<\/p>\n<p>La banda de rodadura profunda proporciona una tracci\u00f3n superior en terrenos irregulares, mientras que la llanta blanca le da un toque moderno y elegante.<\/p>\n<p>Adem\u00e1s, su peso ligero contribuye a una mayor eficiencia energ\u00e9tica y a una mejor maniobrabilidad. Perfecta para robots m\u00f3viles, plataformas de transporte, kits de rob\u00f3tica educativos y mucho m\u00e1s.<\/p>\n<p>\u00a1Mejora la movilidad de tus proyectos con nuestras ruedas neum\u00e1ticas!<\/p>\n<p>&nbsp;<\/p>\n<h1>Rueda Blanca Fina 65 mm para Motor<\/h1>\n<div>\n<h2><b>\u00bfD\u00f3nde<\/b><strong>\u00a0conseguir ?<\/strong><\/h2>\n<\/div>\n<p>Puedes conseguir este producto y mucho mas en nuestra tienda de electr\u00f3nica \u201cElectr\u00f3nica JNC\u201d a un excelente precio, de igual manera puedes preguntar por otros productos que tenemos para ti y as\u00ed adquirirlos seg\u00fan tu necesidad para\u00a0 tus proyectos.<\/p>\n<p>Adem\u00e1s de vender realizamos todo tipo de proyectos de Rob\u00f3tica Electr\u00f3nica y de Programaci\u00f3n en Arduino-Raspberry, brindamos asesoramiento en la elaboraci\u00f3n de proyectos y personalizamos sus clases cuando deseas armar un robot.<\/p>\n<p>Somos importadores Directos de todo en Electr\u00f3nica y Rob\u00f3tica directamente desde los fabricantes, a los mejores precios del mercado.<\/p>\n<div class=\"x11i5rnm xat24cr x1mh8g0r x1vvkbs xtlvy1s x126k92a\">\n<div dir=\"auto\">SERVICIO PERSONALIZADO, APOYO TEORICO Y VENTA DE MATERIAL<\/div>\n<\/div>\n<div class=\"x11i5rnm xat24cr x1mh8g0r x1vvkbs xtlvy1s x126k92a\">\n<div dir=\"auto\">COTIZA CON NOSOTROS<\/div>\n<div dir=\"auto\">SERVICIO, EXPERIENCIA, CALIDAD Y CONFIANZA<\/div>\n<div dir=\"auto\">\u00abTodo lo que buscas en un solo lugar\u00bb<\/div>\n<\/div>\n<div dir=\"auto\"><\/div>\n<p><img decoding=\"async\" class=\"aligncenter\" src=\"https:\/\/images.ua.prom.st\/1494267654_1494267654.jpg?PImaGE_ID=1494267654\" \/><\/p>\n<p style=\"text-align: center;\">Realizar un pedido en la web o por \u00a0<a href=\"https:\/\/api.whatsapp.com\/send?phone=593958753126\" target=\"_blank\" rel=\"noopener\">WHATSAPP<\/a>.<\/p>\n<p><img decoding=\"async\" class=\"aligncenter\" src=\"https:\/\/images.ua.prom.st\/1494267867_1494267867.jpg?PImaGE_ID=1494267867\" \/><\/p>\n<p style=\"text-align: center;\">Consulta con un asesor\u00a0 todas tus inquietudes.<\/p>\n<p><img decoding=\"async\" class=\"aligncenter\" src=\"https:\/\/images.ua.prom.st\/1494266627_1494266627.jpg?PImaGE_ID=1494266627\" \/><\/p>\n<p style=\"text-align: center;\">Pregunta las formas de pago.<\/p>\n<p><img decoding=\"async\" class=\"aligncenter\" src=\"https:\/\/images.ua.prom.st\/1494267985_1494267985.jpg?PImaGE_ID=1494267985\" \/><\/p>\n<p style=\"text-align: center;\">Tu pedido llega a la puerta de tu casa.<\/p>\n<p>&nbsp;<\/p>\n<p><strong>\u00a1\u00a1 PREG\u00daNTANOS Sin compromiso !!!!<\/strong><\/p>\n<p>Puede retirar sus pedidos en nuestra\u00a0<a href=\"https:\/\/www.electronicajnc.com\/web\/contactos\" target=\"_blank\" rel=\"noopener\">TIENDA F\u00cdSICA<\/a>\u00a0o realizar sus pedidos\u00a0<a href=\"https:\/\/www.electronicajnc.com\/web\/mi-cuenta\" target=\"_blank\" rel=\"noopener\">ONLINE<\/a>\u00a0o por\u00a0<a href=\"https:\/\/api.whatsapp.com\/send?phone=593958753126\" target=\"_blank\" rel=\"noopener\">WHATSAPP<\/a>.<\/p>\n","protected":false},"excerpt":{"rendered":"<p>Rueda Blanca Fina 65 mm para Motor Con su dise\u00f1o robusto y neum\u00e1tico de goma, esta rueda es ideal para robots m\u00f3viles, seguidores de l\u00ednea o sumo. Se acopla f\u00e1cilmente a motores TT est\u00e1ndar y brinda un andar suave y firme. \u00bfBuscas la rueda perfecta para tu pr\u00f3ximo proyecto de rob\u00f3tica? Nuestra rueda neum\u00e1tica de [&hellip;]<\/p>\n","protected":false},"featured_media":2819,"comment_status":"closed","ping_status":"closed","template":"","meta":{"saved_in_kubio":false,"_joinchat":[]},"product_brand":[],"product_cat":[309],"product_tag":[1570,1780,1781,1571,1782,1783,1105,1784,662,1785,82,1102,1103,1786,1420,611,1572,80,42,1573,81,1787,1574],"class_list":{"0":"post-2818","1":"product","2":"type-product","3":"status-publish","4":"has-post-thumbnail","6":"product_cat-componentes-electronicos","7":"product_tag-15mm","8":"product_tag-65mm","9":"product_tag-65x15","10":"product_tag-blanca","11":"product_tag-carrito","12":"product_tag-carritos","13":"product_tag-carro","14":"product_tag-carro-seguidor-de-linea","15":"product_tag-juguete","16":"product_tag-kit-carrito","17":"product_tag-linea","18":"product_tag-llanta","19":"product_tag-llanta-de-goma","20":"product_tag-llanta-de-goma-65-mm","21":"product_tag-luz","22":"product_tag-motorreductor","23":"product_tag-neumatico","24":"product_tag-robot","25":"product_tag-robot-seguidor-de-linea","26":"product_tag-rueda","27":"product_tag-seguidor","28":"product_tag-seguidor-de-linea-arduino","29":"product_tag-tt","31":"first","32":"instock","33":"taxable","34":"shipping-taxable","35":"product-type-simple"},"yoast_head":"<!-- This site is optimized with the Yoast SEO plugin v27.4 - https:\/\/yoast.com\/product\/yoast-seo-wordpress\/ -->\n<title>Rueda Blanca Fina 65 mm para Motor - Electronica JNC<\/title>\n<meta name=\"description\" content=\"Rueda Blanca Fina 65 mm para Motor ideal para proyectos de rob\u00f3tica educativa, veh\u00edculos aut\u00f3nomos, seguidores de l\u00ednea o cualquier prototipo con motores TT\" \/>\n<meta name=\"robots\" content=\"index, follow, max-snippet:-1, max-image-preview:large, max-video-preview:-1\" \/>\n<link rel=\"canonical\" href=\"https:\/\/www.electronicajnc.com\/web\/producto\/rueda-blanca-fina-65-mm-para-motor\/\" \/>\n<meta property=\"og:locale\" content=\"es_ES\" \/>\n<meta property=\"og:type\" content=\"article\" \/>\n<meta property=\"og:title\" content=\"Rueda Blanca Fina 65 mm para Motor - Electronica JNC\" \/>\n<meta property=\"og:description\" content=\"Rueda Blanca Fina 65 mm para Motor ideal para proyectos de rob\u00f3tica educativa, veh\u00edculos aut\u00f3nomos, seguidores de l\u00ednea o cualquier prototipo con motores TT\" \/>\n<meta property=\"og:url\" content=\"https:\/\/www.electronicajnc.com\/web\/producto\/rueda-blanca-fina-65-mm-para-motor\/\" \/>\n<meta property=\"og:site_name\" content=\"Electronica JNC\" \/>\n<meta property=\"article:modified_time\" content=\"2025-11-28T20:48:22+00:00\" \/>\n<meta property=\"og:image\" content=\"https:\/\/www.electronicajnc.com\/web\/wp-content\/uploads\/2025\/11\/rueda-blanca.jpg\" \/>\n\t<meta property=\"og:image:width\" content=\"1028\" \/>\n\t<meta property=\"og:image:height\" content=\"1115\" \/>\n\t<meta property=\"og:image:type\" content=\"image\/jpeg\" \/>\n<meta name=\"twitter:card\" content=\"summary_large_image\" \/>\n<meta name=\"twitter:label1\" content=\"Tiempo de lectura\" \/>\n\t<meta name=\"twitter:data1\" content=\"3 minutos\" \/>\n<script type=\"application\/ld+json\" class=\"yoast-schema-graph\">{\"@context\":\"https:\\\/\\\/schema.org\",\"@graph\":[{\"@type\":\"WebPage\",\"@id\":\"https:\\\/\\\/www.electronicajnc.com\\\/web\\\/producto\\\/rueda-blanca-fina-65-mm-para-motor\\\/\",\"url\":\"https:\\\/\\\/www.electronicajnc.com\\\/web\\\/producto\\\/rueda-blanca-fina-65-mm-para-motor\\\/\",\"name\":\"Rueda Blanca Fina 65 mm para Motor - Electronica JNC\",\"isPartOf\":{\"@id\":\"https:\\\/\\\/www.electronicajnc.com\\\/web\\\/#website\"},\"primaryImageOfPage\":{\"@id\":\"https:\\\/\\\/www.electronicajnc.com\\\/web\\\/producto\\\/rueda-blanca-fina-65-mm-para-motor\\\/#primaryimage\"},\"image\":{\"@id\":\"https:\\\/\\\/www.electronicajnc.com\\\/web\\\/producto\\\/rueda-blanca-fina-65-mm-para-motor\\\/#primaryimage\"},\"thumbnailUrl\":\"https:\\\/\\\/www.electronicajnc.com\\\/web\\\/wp-content\\\/uploads\\\/2025\\\/11\\\/rueda-blanca.jpg\",\"datePublished\":\"2025-11-07T21:54:51+00:00\",\"dateModified\":\"2025-11-28T20:48:22+00:00\",\"description\":\"Rueda Blanca Fina 65 mm para Motor ideal para proyectos de rob\u00f3tica educativa, veh\u00edculos aut\u00f3nomos, seguidores de l\u00ednea o cualquier prototipo con motores TT\",\"breadcrumb\":{\"@id\":\"https:\\\/\\\/www.electronicajnc.com\\\/web\\\/producto\\\/rueda-blanca-fina-65-mm-para-motor\\\/#breadcrumb\"},\"inLanguage\":\"es\",\"potentialAction\":[{\"@type\":\"ReadAction\",\"target\":[\"https:\\\/\\\/www.electronicajnc.com\\\/web\\\/producto\\\/rueda-blanca-fina-65-mm-para-motor\\\/\"]}]},{\"@type\":\"ImageObject\",\"inLanguage\":\"es\",\"@id\":\"https:\\\/\\\/www.electronicajnc.com\\\/web\\\/producto\\\/rueda-blanca-fina-65-mm-para-motor\\\/#primaryimage\",\"url\":\"https:\\\/\\\/www.electronicajnc.com\\\/web\\\/wp-content\\\/uploads\\\/2025\\\/11\\\/rueda-blanca.jpg\",\"contentUrl\":\"https:\\\/\\\/www.electronicajnc.com\\\/web\\\/wp-content\\\/uploads\\\/2025\\\/11\\\/rueda-blanca.jpg\",\"width\":1028,\"height\":1115,\"caption\":\"Rueda Blanca Fina 65 mm para Motor\"},{\"@type\":\"BreadcrumbList\",\"@id\":\"https:\\\/\\\/www.electronicajnc.com\\\/web\\\/producto\\\/rueda-blanca-fina-65-mm-para-motor\\\/#breadcrumb\",\"itemListElement\":[{\"@type\":\"ListItem\",\"position\":1,\"name\":\"Portada\",\"item\":\"https:\\\/\\\/www.electronicajnc.com\\\/web\\\/\"},{\"@type\":\"ListItem\",\"position\":2,\"name\":\"TIENDA\",\"item\":\"https:\\\/\\\/www.electronicajnc.com\\\/web\\\/tienda\\\/\"},{\"@type\":\"ListItem\",\"position\":3,\"name\":\"Rueda Blanca Fina 65 mm para Motor\"}]},{\"@type\":\"WebSite\",\"@id\":\"https:\\\/\\\/www.electronicajnc.com\\\/web\\\/#website\",\"url\":\"https:\\\/\\\/www.electronicajnc.com\\\/web\\\/\",\"name\":\"Electronica JNC\",\"description\":\"Robotica Tecnologia Mecatronica en Ecuador\",\"publisher\":{\"@id\":\"https:\\\/\\\/www.electronicajnc.com\\\/web\\\/#organization\"},\"potentialAction\":[{\"@type\":\"SearchAction\",\"target\":{\"@type\":\"EntryPoint\",\"urlTemplate\":\"https:\\\/\\\/www.electronicajnc.com\\\/web\\\/?s={search_term_string}\"},\"query-input\":{\"@type\":\"PropertyValueSpecification\",\"valueRequired\":true,\"valueName\":\"search_term_string\"}}],\"inLanguage\":\"es\"},{\"@type\":\"Organization\",\"@id\":\"https:\\\/\\\/www.electronicajnc.com\\\/web\\\/#organization\",\"name\":\"Electronica JNC\",\"url\":\"https:\\\/\\\/www.electronicajnc.com\\\/web\\\/\",\"logo\":{\"@type\":\"ImageObject\",\"inLanguage\":\"es\",\"@id\":\"https:\\\/\\\/www.electronicajnc.com\\\/web\\\/#\\\/schema\\\/logo\\\/image\\\/\",\"url\":\"https:\\\/\\\/www.electronicajnc.com\\\/web\\\/wp-content\\\/uploads\\\/2023\\\/06\\\/nuevo-logo.jpg\",\"contentUrl\":\"https:\\\/\\\/www.electronicajnc.com\\\/web\\\/wp-content\\\/uploads\\\/2023\\\/06\\\/nuevo-logo.jpg\",\"width\":1256,\"height\":612,\"caption\":\"Electronica JNC\"},\"image\":{\"@id\":\"https:\\\/\\\/www.electronicajnc.com\\\/web\\\/#\\\/schema\\\/logo\\\/image\\\/\"}}]}<\/script>\n<!-- \/ Yoast SEO plugin. -->","yoast_head_json":{"title":"Rueda Blanca Fina 65 mm para Motor - Electronica JNC","description":"Rueda Blanca Fina 65 mm para Motor ideal para proyectos de rob\u00f3tica educativa, veh\u00edculos aut\u00f3nomos, seguidores de l\u00ednea o cualquier prototipo con motores TT","robots":{"index":"index","follow":"follow","max-snippet":"max-snippet:-1","max-image-preview":"max-image-preview:large","max-video-preview":"max-video-preview:-1"},"canonical":"https:\/\/www.electronicajnc.com\/web\/producto\/rueda-blanca-fina-65-mm-para-motor\/","og_locale":"es_ES","og_type":"article","og_title":"Rueda Blanca Fina 65 mm para Motor - Electronica JNC","og_description":"Rueda Blanca Fina 65 mm para Motor ideal para proyectos de rob\u00f3tica educativa, veh\u00edculos aut\u00f3nomos, seguidores de l\u00ednea o cualquier prototipo con motores TT","og_url":"https:\/\/www.electronicajnc.com\/web\/producto\/rueda-blanca-fina-65-mm-para-motor\/","og_site_name":"Electronica JNC","article_modified_time":"2025-11-28T20:48:22+00:00","og_image":[{"width":1028,"height":1115,"url":"https:\/\/www.electronicajnc.com\/web\/wp-content\/uploads\/2025\/11\/rueda-blanca.jpg","type":"image\/jpeg"}],"twitter_card":"summary_large_image","twitter_misc":{"Tiempo de lectura":"3 minutos"},"schema":{"@context":"https:\/\/schema.org","@graph":[{"@type":"WebPage","@id":"https:\/\/www.electronicajnc.com\/web\/producto\/rueda-blanca-fina-65-mm-para-motor\/","url":"https:\/\/www.electronicajnc.com\/web\/producto\/rueda-blanca-fina-65-mm-para-motor\/","name":"Rueda Blanca Fina 65 mm para Motor - Electronica JNC","isPartOf":{"@id":"https:\/\/www.electronicajnc.com\/web\/#website"},"primaryImageOfPage":{"@id":"https:\/\/www.electronicajnc.com\/web\/producto\/rueda-blanca-fina-65-mm-para-motor\/#primaryimage"},"image":{"@id":"https:\/\/www.electronicajnc.com\/web\/producto\/rueda-blanca-fina-65-mm-para-motor\/#primaryimage"},"thumbnailUrl":"https:\/\/www.electronicajnc.com\/web\/wp-content\/uploads\/2025\/11\/rueda-blanca.jpg","datePublished":"2025-11-07T21:54:51+00:00","dateModified":"2025-11-28T20:48:22+00:00","description":"Rueda Blanca Fina 65 mm para Motor ideal para proyectos de rob\u00f3tica educativa, veh\u00edculos aut\u00f3nomos, seguidores de l\u00ednea o cualquier prototipo con motores TT","breadcrumb":{"@id":"https:\/\/www.electronicajnc.com\/web\/producto\/rueda-blanca-fina-65-mm-para-motor\/#breadcrumb"},"inLanguage":"es","potentialAction":[{"@type":"ReadAction","target":["https:\/\/www.electronicajnc.com\/web\/producto\/rueda-blanca-fina-65-mm-para-motor\/"]}]},{"@type":"ImageObject","inLanguage":"es","@id":"https:\/\/www.electronicajnc.com\/web\/producto\/rueda-blanca-fina-65-mm-para-motor\/#primaryimage","url":"https:\/\/www.electronicajnc.com\/web\/wp-content\/uploads\/2025\/11\/rueda-blanca.jpg","contentUrl":"https:\/\/www.electronicajnc.com\/web\/wp-content\/uploads\/2025\/11\/rueda-blanca.jpg","width":1028,"height":1115,"caption":"Rueda Blanca Fina 65 mm para Motor"},{"@type":"BreadcrumbList","@id":"https:\/\/www.electronicajnc.com\/web\/producto\/rueda-blanca-fina-65-mm-para-motor\/#breadcrumb","itemListElement":[{"@type":"ListItem","position":1,"name":"Portada","item":"https:\/\/www.electronicajnc.com\/web\/"},{"@type":"ListItem","position":2,"name":"TIENDA","item":"https:\/\/www.electronicajnc.com\/web\/tienda\/"},{"@type":"ListItem","position":3,"name":"Rueda Blanca Fina 65 mm para Motor"}]},{"@type":"WebSite","@id":"https:\/\/www.electronicajnc.com\/web\/#website","url":"https:\/\/www.electronicajnc.com\/web\/","name":"Electronica JNC","description":"Robotica Tecnologia Mecatronica en Ecuador","publisher":{"@id":"https:\/\/www.electronicajnc.com\/web\/#organization"},"potentialAction":[{"@type":"SearchAction","target":{"@type":"EntryPoint","urlTemplate":"https:\/\/www.electronicajnc.com\/web\/?s={search_term_string}"},"query-input":{"@type":"PropertyValueSpecification","valueRequired":true,"valueName":"search_term_string"}}],"inLanguage":"es"},{"@type":"Organization","@id":"https:\/\/www.electronicajnc.com\/web\/#organization","name":"Electronica JNC","url":"https:\/\/www.electronicajnc.com\/web\/","logo":{"@type":"ImageObject","inLanguage":"es","@id":"https:\/\/www.electronicajnc.com\/web\/#\/schema\/logo\/image\/","url":"https:\/\/www.electronicajnc.com\/web\/wp-content\/uploads\/2023\/06\/nuevo-logo.jpg","contentUrl":"https:\/\/www.electronicajnc.com\/web\/wp-content\/uploads\/2023\/06\/nuevo-logo.jpg","width":1256,"height":612,"caption":"Electronica JNC"},"image":{"@id":"https:\/\/www.electronicajnc.com\/web\/#\/schema\/logo\/image\/"}}]}},"_links":{"self":[{"href":"https:\/\/www.electronicajnc.com\/web\/wp-json\/wp\/v2\/product\/2818","targetHints":{"allow":["GET"]}}],"collection":[{"href":"https:\/\/www.electronicajnc.com\/web\/wp-json\/wp\/v2\/product"}],"about":[{"href":"https:\/\/www.electronicajnc.com\/web\/wp-json\/wp\/v2\/types\/product"}],"replies":[{"embeddable":true,"href":"https:\/\/www.electronicajnc.com\/web\/wp-json\/wp\/v2\/comments?post=2818"}],"wp:featuredmedia":[{"embeddable":true,"href":"https:\/\/www.electronicajnc.com\/web\/wp-json\/wp\/v2\/media\/2819"}],"wp:attachment":[{"href":"https:\/\/www.electronicajnc.com\/web\/wp-json\/wp\/v2\/media?parent=2818"}],"wp:term":[{"taxonomy":"product_brand","embeddable":true,"href":"https:\/\/www.electronicajnc.com\/web\/wp-json\/wp\/v2\/product_brand?post=2818"},{"taxonomy":"product_cat","embeddable":true,"href":"https:\/\/www.electronicajnc.com\/web\/wp-json\/wp\/v2\/product_cat?post=2818"},{"taxonomy":"product_tag","embeddable":true,"href":"https:\/\/www.electronicajnc.com\/web\/wp-json\/wp\/v2\/product_tag?post=2818"}],"curies":[{"name":"wp","href":"https:\/\/api.w.org\/{rel}","templated":true}]}}