{"id":2857,"date":"2026-01-26T19:16:22","date_gmt":"2026-01-26T19:16:22","guid":{"rendered":"https:\/\/www.electronicajnc.com\/web\/?post_type=product&#038;p=2857"},"modified":"2026-01-26T19:16:22","modified_gmt":"2026-01-26T19:16:22","slug":"modulo-reductor-de-voltaje-8a-xl4016e1-ajustable-step-down-buck","status":"publish","type":"product","link":"https:\/\/www.electronicajnc.com\/web\/producto\/modulo-reductor-de-voltaje-8a-xl4016e1-ajustable-step-down-buck\/","title":{"rendered":"M\u00d3DULO REDUCTOR DE VOLTAJE 8A XL4016E1 AJUSTABLE STEP DOWN BUCK"},"content":{"rendered":"<p class=\"uk-h2 uk-heading-bullet uk-text-left@m uk-text-center uk-visible@m\">M\u00d3DULO REDUCTOR DE VOLTAJE 8A XL4016E1 AJUSTABLE STEP DOWN BUCK<\/p>\n<p>El convertidor de voltaje DC-DC Step-Down\u00a08A XL4016 tiene como funci\u00f3n\u00a0entregar un voltaje de salida constante inferior al voltaje de entrada frente a variaciones del voltaje de entrada o de carga. Soporta corrientes de salida de hasta 8A, voltaje de entrada entre 8V a 40V y voltaje de salida entre 1.25V a 36V. El voltaje de salida se selecciona mediante un potenci\u00f3metro multivuelta.<\/p>\n<p class=\"uk-h2 uk-heading-bullet uk-text-left@m uk-text-center uk-visible@m\">M\u00d3DULO REDUCTOR DE VOLTAJE 8A XL4016E1 AJUSTABLE STEP DOWN BUCKE<\/p>\n<div>\n<p>El convertidor DC-DC\u00a0XL4016 es un regulador de tipo conmutado reductor (Step-Down o Buck) con una alta eficiencia de conversi\u00f3n,\u00a0excelente regulaci\u00f3n de l\u00ednea y bajo voltaje de rizado.\u00a0 El m\u00f3dulo reduce al m\u00ednimo el uso de componentes externos para simplificar el dise\u00f1o de fuentes de alimentaci\u00f3n. Permite obtener un voltaje regulado a partir de una fuente con un voltaje mayor, por ejemplo:\u00a0obtener\u00a05V, 3.3V, 1.8V\u00a0a partir de una fuente o bater\u00eda de 12V.\u00a0Para asegurar un buen funcionamiento el nivel de voltaje de entrada debe ser superior al nivel de\u00a0voltaje de salida por lo menos en 1.25V, ya que de no ser as\u00ed, se presentar\u00eda problemas de eficiencia y rendimiento.\u00a0Es capaz de manejar una carga de hasta 8A, cuando se emplee para una corriente\u00a0superior a 5A\u00a0es recomendable adicionar ventilador.<\/p>\n<h2><b>\u00bfD\u00f3nde<\/b><strong>\u00a0conseguir ?<\/strong><\/h2>\n<\/div>\n<p>Puedes conseguir este producto y mucho mas en nuestra tienda de electr\u00f3nica \u201cElectr\u00f3nica JNC\u201d a un excelente precio, de igual manera puedes preguntar por otros productos que tenemos para ti y as\u00ed adquirirlos seg\u00fan tu necesidad para\u00a0 tus proyectos.<\/p>\n<p>Adem\u00e1s de vender realizamos todo tipo de proyectos de Rob\u00f3tica Electr\u00f3nica y de Programaci\u00f3n en Arduino-Raspberry, brindamos asesoramiento en la elaboraci\u00f3n de proyectos y personalizamos sus clases cuando deseas armar un robot.<\/p>\n<p>Somos importadores Directos de todo en Electr\u00f3nica y Rob\u00f3tica directamente desde los fabricantes, a los mejores precios del mercado.<\/p>\n<div class=\"x11i5rnm xat24cr x1mh8g0r x1vvkbs xtlvy1s x126k92a\">\n<div dir=\"auto\">SERVICIO PERSONALIZADO, APOYO TEORICO Y VENTA DE MATERIAL<\/div>\n<\/div>\n<div class=\"x11i5rnm xat24cr x1mh8g0r x1vvkbs xtlvy1s x126k92a\">\n<div dir=\"auto\">COTIZA CON NOSOTROS<\/div>\n<div dir=\"auto\">SERVICIO, EXPERIENCIA, CALIDAD Y CONFIANZA<\/div>\n<div dir=\"auto\">\u00abTodo lo que buscas en un solo lugar\u00bb<\/div>\n<\/div>\n<div dir=\"auto\"><\/div>\n<p><img decoding=\"async\" class=\"aligncenter\" src=\"https:\/\/images.ua.prom.st\/1494267654_1494267654.jpg?PImaGE_ID=1494267654\" \/><\/p>\n<p>Realizar un pedido en la web o por \u00a0<a href=\"https:\/\/api.whatsapp.com\/send?phone=593958753126\" target=\"_blank\" rel=\"noopener\">WHATSAPP<\/a>.<\/p>\n<p><img decoding=\"async\" class=\"aligncenter\" src=\"https:\/\/images.ua.prom.st\/1494267867_1494267867.jpg?PImaGE_ID=1494267867\" \/><\/p>\n<p>Consulta con un asesor\u00a0 todas tus inquietudes.<\/p>\n<p><img decoding=\"async\" class=\"aligncenter\" src=\"https:\/\/images.ua.prom.st\/1494266627_1494266627.jpg?PImaGE_ID=1494266627\" \/><\/p>\n<p>Pregunta las formas de pago.<\/p>\n<p><img decoding=\"async\" class=\"aligncenter\" src=\"https:\/\/images.ua.prom.st\/1494267985_1494267985.jpg?PImaGE_ID=1494267985\" \/><\/p>\n<p>Tu pedido llega a la puerta de tu casa.<\/p>\n<p>&nbsp;<\/p>\n<p><strong>\u00a1\u00a1 PREG\u00daNTANOS Sin compromiso !!!!<\/strong><\/p>\n<p>Puede retirar sus pedidos en nuestra\u00a0<a href=\"https:\/\/www.electronicajnc.com\/web\/contactos\" target=\"_blank\" rel=\"noopener\">TIENDA F\u00cdSICA<\/a>\u00a0o realizar sus pedidos\u00a0<a href=\"https:\/\/www.electronicajnc.com\/web\/mi-cuenta\" target=\"_blank\" rel=\"noopener\">ONLINE<\/a>\u00a0o por\u00a0<a href=\"https:\/\/api.whatsapp.com\/send?phone=593958753126\" target=\"_blank\" rel=\"noopener\">WHATSAPP<\/a>.<\/p>\n<p>&nbsp;<\/p>\n","protected":false},"excerpt":{"rendered":"<p>M\u00d3DULO REDUCTOR DE VOLTAJE 8A XL4016E1 AJUSTABLE STEP DOWN BUCK El convertidor de voltaje DC-DC Step-Down\u00a08A XL4016 tiene como funci\u00f3n\u00a0entregar un voltaje de salida constante inferior al voltaje de entrada frente a variaciones del voltaje de entrada o de carga. Soporta corrientes de salida de hasta 8A, voltaje de entrada entre 8V a 40V y [&hellip;]<\/p>\n","protected":false},"featured_media":2859,"comment_status":"closed","ping_status":"closed","template":"","meta":{"saved_in_kubio":false,"_joinchat":[]},"product_brand":[],"product_cat":[309],"product_tag":[],"class_list":{"0":"post-2857","1":"product","2":"type-product","3":"status-publish","4":"has-post-thumbnail","6":"product_cat-componentes-electronicos","8":"first","9":"instock","10":"taxable","11":"shipping-taxable","12":"product-type-simple"},"yoast_head":"<!-- This site is optimized with the Yoast SEO plugin v27.4 - https:\/\/yoast.com\/product\/yoast-seo-wordpress\/ -->\n<title>M\u00d3DULO REDUCTOR DE VOLTAJE 8A XL4016E1 AJUSTABLE STEP DOWN BUCK - Electronica JNC<\/title>\n<meta name=\"description\" content=\"M\u00d3DULO REDUCTOR DE VOLTAJE 8A XL4016E1 AJUSTABLE STEP DOWN BUCK entrega un voltaje de salida constante inferior al voltaje de entrada frente a variaciones\" \/>\n<meta name=\"robots\" content=\"index, follow, max-snippet:-1, max-image-preview:large, max-video-preview:-1\" \/>\n<link rel=\"canonical\" href=\"https:\/\/www.electronicajnc.com\/web\/producto\/modulo-reductor-de-voltaje-8a-xl4016e1-ajustable-step-down-buck\/\" \/>\n<meta property=\"og:locale\" content=\"es_ES\" \/>\n<meta property=\"og:type\" content=\"article\" \/>\n<meta property=\"og:title\" content=\"M\u00d3DULO REDUCTOR DE VOLTAJE 8A XL4016E1 AJUSTABLE STEP DOWN BUCK - Electronica JNC\" \/>\n<meta property=\"og:description\" content=\"M\u00d3DULO REDUCTOR DE VOLTAJE 8A XL4016E1 AJUSTABLE STEP DOWN BUCK entrega un voltaje de salida constante inferior al voltaje de entrada frente a variaciones\" \/>\n<meta property=\"og:url\" content=\"https:\/\/www.electronicajnc.com\/web\/producto\/modulo-reductor-de-voltaje-8a-xl4016e1-ajustable-step-down-buck\/\" \/>\n<meta property=\"og:site_name\" content=\"Electronica JNC\" \/>\n<meta property=\"og:image\" content=\"https:\/\/www.electronicajnc.com\/web\/wp-content\/uploads\/2026\/01\/xl4016.jpg\" \/>\n\t<meta property=\"og:image:width\" content=\"1028\" \/>\n\t<meta property=\"og:image:height\" content=\"1115\" \/>\n\t<meta property=\"og:image:type\" content=\"image\/jpeg\" \/>\n<meta name=\"twitter:card\" content=\"summary_large_image\" \/>\n<meta name=\"twitter:label1\" content=\"Tiempo de lectura\" \/>\n\t<meta name=\"twitter:data1\" content=\"3 minutos\" \/>\n<script type=\"application\/ld+json\" class=\"yoast-schema-graph\">{\"@context\":\"https:\\\/\\\/schema.org\",\"@graph\":[{\"@type\":\"WebPage\",\"@id\":\"https:\\\/\\\/www.electronicajnc.com\\\/web\\\/producto\\\/modulo-reductor-de-voltaje-8a-xl4016e1-ajustable-step-down-buck\\\/\",\"url\":\"https:\\\/\\\/www.electronicajnc.com\\\/web\\\/producto\\\/modulo-reductor-de-voltaje-8a-xl4016e1-ajustable-step-down-buck\\\/\",\"name\":\"M\u00d3DULO REDUCTOR DE VOLTAJE 8A XL4016E1 AJUSTABLE STEP DOWN BUCK - Electronica JNC\",\"isPartOf\":{\"@id\":\"https:\\\/\\\/www.electronicajnc.com\\\/web\\\/#website\"},\"primaryImageOfPage\":{\"@id\":\"https:\\\/\\\/www.electronicajnc.com\\\/web\\\/producto\\\/modulo-reductor-de-voltaje-8a-xl4016e1-ajustable-step-down-buck\\\/#primaryimage\"},\"image\":{\"@id\":\"https:\\\/\\\/www.electronicajnc.com\\\/web\\\/producto\\\/modulo-reductor-de-voltaje-8a-xl4016e1-ajustable-step-down-buck\\\/#primaryimage\"},\"thumbnailUrl\":\"https:\\\/\\\/www.electronicajnc.com\\\/web\\\/wp-content\\\/uploads\\\/2026\\\/01\\\/xl4016.jpg\",\"datePublished\":\"2026-01-26T19:16:22+00:00\",\"description\":\"M\u00d3DULO REDUCTOR DE VOLTAJE 8A XL4016E1 AJUSTABLE STEP DOWN BUCK entrega un voltaje de salida constante inferior al voltaje de entrada frente a variaciones\",\"breadcrumb\":{\"@id\":\"https:\\\/\\\/www.electronicajnc.com\\\/web\\\/producto\\\/modulo-reductor-de-voltaje-8a-xl4016e1-ajustable-step-down-buck\\\/#breadcrumb\"},\"inLanguage\":\"es\",\"potentialAction\":[{\"@type\":\"ReadAction\",\"target\":[\"https:\\\/\\\/www.electronicajnc.com\\\/web\\\/producto\\\/modulo-reductor-de-voltaje-8a-xl4016e1-ajustable-step-down-buck\\\/\"]}]},{\"@type\":\"ImageObject\",\"inLanguage\":\"es\",\"@id\":\"https:\\\/\\\/www.electronicajnc.com\\\/web\\\/producto\\\/modulo-reductor-de-voltaje-8a-xl4016e1-ajustable-step-down-buck\\\/#primaryimage\",\"url\":\"https:\\\/\\\/www.electronicajnc.com\\\/web\\\/wp-content\\\/uploads\\\/2026\\\/01\\\/xl4016.jpg\",\"contentUrl\":\"https:\\\/\\\/www.electronicajnc.com\\\/web\\\/wp-content\\\/uploads\\\/2026\\\/01\\\/xl4016.jpg\",\"width\":1028,\"height\":1115,\"caption\":\"M\u00d3DULO REDUCTOR DE VOLTAJE 8A XL4016E1 AJUSTABLE STEP DOWN BUCK\"},{\"@type\":\"BreadcrumbList\",\"@id\":\"https:\\\/\\\/www.electronicajnc.com\\\/web\\\/producto\\\/modulo-reductor-de-voltaje-8a-xl4016e1-ajustable-step-down-buck\\\/#breadcrumb\",\"itemListElement\":[{\"@type\":\"ListItem\",\"position\":1,\"name\":\"Portada\",\"item\":\"https:\\\/\\\/www.electronicajnc.com\\\/web\\\/\"},{\"@type\":\"ListItem\",\"position\":2,\"name\":\"TIENDA\",\"item\":\"https:\\\/\\\/www.electronicajnc.com\\\/web\\\/tienda\\\/\"},{\"@type\":\"ListItem\",\"position\":3,\"name\":\"M\u00d3DULO REDUCTOR DE VOLTAJE 8A XL4016E1 AJUSTABLE STEP DOWN BUCK\"}]},{\"@type\":\"WebSite\",\"@id\":\"https:\\\/\\\/www.electronicajnc.com\\\/web\\\/#website\",\"url\":\"https:\\\/\\\/www.electronicajnc.com\\\/web\\\/\",\"name\":\"Electronica JNC\",\"description\":\"Robotica Tecnologia Mecatronica en Ecuador\",\"publisher\":{\"@id\":\"https:\\\/\\\/www.electronicajnc.com\\\/web\\\/#organization\"},\"potentialAction\":[{\"@type\":\"SearchAction\",\"target\":{\"@type\":\"EntryPoint\",\"urlTemplate\":\"https:\\\/\\\/www.electronicajnc.com\\\/web\\\/?s={search_term_string}\"},\"query-input\":{\"@type\":\"PropertyValueSpecification\",\"valueRequired\":true,\"valueName\":\"search_term_string\"}}],\"inLanguage\":\"es\"},{\"@type\":\"Organization\",\"@id\":\"https:\\\/\\\/www.electronicajnc.com\\\/web\\\/#organization\",\"name\":\"Electronica JNC\",\"url\":\"https:\\\/\\\/www.electronicajnc.com\\\/web\\\/\",\"logo\":{\"@type\":\"ImageObject\",\"inLanguage\":\"es\",\"@id\":\"https:\\\/\\\/www.electronicajnc.com\\\/web\\\/#\\\/schema\\\/logo\\\/image\\\/\",\"url\":\"https:\\\/\\\/www.electronicajnc.com\\\/web\\\/wp-content\\\/uploads\\\/2023\\\/06\\\/nuevo-logo.jpg\",\"contentUrl\":\"https:\\\/\\\/www.electronicajnc.com\\\/web\\\/wp-content\\\/uploads\\\/2023\\\/06\\\/nuevo-logo.jpg\",\"width\":1256,\"height\":612,\"caption\":\"Electronica JNC\"},\"image\":{\"@id\":\"https:\\\/\\\/www.electronicajnc.com\\\/web\\\/#\\\/schema\\\/logo\\\/image\\\/\"}}]}<\/script>\n<!-- \/ Yoast SEO plugin. -->","yoast_head_json":{"title":"M\u00d3DULO REDUCTOR DE VOLTAJE 8A XL4016E1 AJUSTABLE STEP DOWN BUCK - Electronica JNC","description":"M\u00d3DULO REDUCTOR DE VOLTAJE 8A XL4016E1 AJUSTABLE STEP DOWN BUCK entrega un voltaje de salida constante inferior al voltaje de entrada frente a variaciones","robots":{"index":"index","follow":"follow","max-snippet":"max-snippet:-1","max-image-preview":"max-image-preview:large","max-video-preview":"max-video-preview:-1"},"canonical":"https:\/\/www.electronicajnc.com\/web\/producto\/modulo-reductor-de-voltaje-8a-xl4016e1-ajustable-step-down-buck\/","og_locale":"es_ES","og_type":"article","og_title":"M\u00d3DULO REDUCTOR DE VOLTAJE 8A XL4016E1 AJUSTABLE STEP DOWN BUCK - Electronica JNC","og_description":"M\u00d3DULO REDUCTOR DE VOLTAJE 8A XL4016E1 AJUSTABLE STEP DOWN BUCK entrega un voltaje de salida constante inferior al voltaje de entrada frente a variaciones","og_url":"https:\/\/www.electronicajnc.com\/web\/producto\/modulo-reductor-de-voltaje-8a-xl4016e1-ajustable-step-down-buck\/","og_site_name":"Electronica JNC","og_image":[{"width":1028,"height":1115,"url":"https:\/\/www.electronicajnc.com\/web\/wp-content\/uploads\/2026\/01\/xl4016.jpg","type":"image\/jpeg"}],"twitter_card":"summary_large_image","twitter_misc":{"Tiempo de lectura":"3 minutos"},"schema":{"@context":"https:\/\/schema.org","@graph":[{"@type":"WebPage","@id":"https:\/\/www.electronicajnc.com\/web\/producto\/modulo-reductor-de-voltaje-8a-xl4016e1-ajustable-step-down-buck\/","url":"https:\/\/www.electronicajnc.com\/web\/producto\/modulo-reductor-de-voltaje-8a-xl4016e1-ajustable-step-down-buck\/","name":"M\u00d3DULO REDUCTOR DE VOLTAJE 8A XL4016E1 AJUSTABLE STEP DOWN BUCK - Electronica JNC","isPartOf":{"@id":"https:\/\/www.electronicajnc.com\/web\/#website"},"primaryImageOfPage":{"@id":"https:\/\/www.electronicajnc.com\/web\/producto\/modulo-reductor-de-voltaje-8a-xl4016e1-ajustable-step-down-buck\/#primaryimage"},"image":{"@id":"https:\/\/www.electronicajnc.com\/web\/producto\/modulo-reductor-de-voltaje-8a-xl4016e1-ajustable-step-down-buck\/#primaryimage"},"thumbnailUrl":"https:\/\/www.electronicajnc.com\/web\/wp-content\/uploads\/2026\/01\/xl4016.jpg","datePublished":"2026-01-26T19:16:22+00:00","description":"M\u00d3DULO REDUCTOR DE VOLTAJE 8A XL4016E1 AJUSTABLE STEP DOWN BUCK entrega un voltaje de salida constante inferior al voltaje de entrada frente a variaciones","breadcrumb":{"@id":"https:\/\/www.electronicajnc.com\/web\/producto\/modulo-reductor-de-voltaje-8a-xl4016e1-ajustable-step-down-buck\/#breadcrumb"},"inLanguage":"es","potentialAction":[{"@type":"ReadAction","target":["https:\/\/www.electronicajnc.com\/web\/producto\/modulo-reductor-de-voltaje-8a-xl4016e1-ajustable-step-down-buck\/"]}]},{"@type":"ImageObject","inLanguage":"es","@id":"https:\/\/www.electronicajnc.com\/web\/producto\/modulo-reductor-de-voltaje-8a-xl4016e1-ajustable-step-down-buck\/#primaryimage","url":"https:\/\/www.electronicajnc.com\/web\/wp-content\/uploads\/2026\/01\/xl4016.jpg","contentUrl":"https:\/\/www.electronicajnc.com\/web\/wp-content\/uploads\/2026\/01\/xl4016.jpg","width":1028,"height":1115,"caption":"M\u00d3DULO REDUCTOR DE VOLTAJE 8A XL4016E1 AJUSTABLE STEP DOWN BUCK"},{"@type":"BreadcrumbList","@id":"https:\/\/www.electronicajnc.com\/web\/producto\/modulo-reductor-de-voltaje-8a-xl4016e1-ajustable-step-down-buck\/#breadcrumb","itemListElement":[{"@type":"ListItem","position":1,"name":"Portada","item":"https:\/\/www.electronicajnc.com\/web\/"},{"@type":"ListItem","position":2,"name":"TIENDA","item":"https:\/\/www.electronicajnc.com\/web\/tienda\/"},{"@type":"ListItem","position":3,"name":"M\u00d3DULO REDUCTOR DE VOLTAJE 8A XL4016E1 AJUSTABLE STEP DOWN BUCK"}]},{"@type":"WebSite","@id":"https:\/\/www.electronicajnc.com\/web\/#website","url":"https:\/\/www.electronicajnc.com\/web\/","name":"Electronica JNC","description":"Robotica Tecnologia Mecatronica en Ecuador","publisher":{"@id":"https:\/\/www.electronicajnc.com\/web\/#organization"},"potentialAction":[{"@type":"SearchAction","target":{"@type":"EntryPoint","urlTemplate":"https:\/\/www.electronicajnc.com\/web\/?s={search_term_string}"},"query-input":{"@type":"PropertyValueSpecification","valueRequired":true,"valueName":"search_term_string"}}],"inLanguage":"es"},{"@type":"Organization","@id":"https:\/\/www.electronicajnc.com\/web\/#organization","name":"Electronica JNC","url":"https:\/\/www.electronicajnc.com\/web\/","logo":{"@type":"ImageObject","inLanguage":"es","@id":"https:\/\/www.electronicajnc.com\/web\/#\/schema\/logo\/image\/","url":"https:\/\/www.electronicajnc.com\/web\/wp-content\/uploads\/2023\/06\/nuevo-logo.jpg","contentUrl":"https:\/\/www.electronicajnc.com\/web\/wp-content\/uploads\/2023\/06\/nuevo-logo.jpg","width":1256,"height":612,"caption":"Electronica JNC"},"image":{"@id":"https:\/\/www.electronicajnc.com\/web\/#\/schema\/logo\/image\/"}}]}},"_links":{"self":[{"href":"https:\/\/www.electronicajnc.com\/web\/wp-json\/wp\/v2\/product\/2857","targetHints":{"allow":["GET"]}}],"collection":[{"href":"https:\/\/www.electronicajnc.com\/web\/wp-json\/wp\/v2\/product"}],"about":[{"href":"https:\/\/www.electronicajnc.com\/web\/wp-json\/wp\/v2\/types\/product"}],"replies":[{"embeddable":true,"href":"https:\/\/www.electronicajnc.com\/web\/wp-json\/wp\/v2\/comments?post=2857"}],"wp:featuredmedia":[{"embeddable":true,"href":"https:\/\/www.electronicajnc.com\/web\/wp-json\/wp\/v2\/media\/2859"}],"wp:attachment":[{"href":"https:\/\/www.electronicajnc.com\/web\/wp-json\/wp\/v2\/media?parent=2857"}],"wp:term":[{"taxonomy":"product_brand","embeddable":true,"href":"https:\/\/www.electronicajnc.com\/web\/wp-json\/wp\/v2\/product_brand?post=2857"},{"taxonomy":"product_cat","embeddable":true,"href":"https:\/\/www.electronicajnc.com\/web\/wp-json\/wp\/v2\/product_cat?post=2857"},{"taxonomy":"product_tag","embeddable":true,"href":"https:\/\/www.electronicajnc.com\/web\/wp-json\/wp\/v2\/product_tag?post=2857"}],"curies":[{"name":"wp","href":"https:\/\/api.w.org\/{rel}","templated":true}]}}