{"id":2878,"date":"2026-03-09T23:19:00","date_gmt":"2026-03-09T23:19:00","guid":{"rendered":"https:\/\/www.electronicajnc.com\/web\/?post_type=product&#038;p=2878"},"modified":"2026-03-09T23:23:08","modified_gmt":"2026-03-09T23:23:08","slug":"max4466-amplificador-de-microfono-electret","status":"publish","type":"product","link":"https:\/\/www.electronicajnc.com\/web\/producto\/max4466-amplificador-de-microfono-electret\/","title":{"rendered":"MAX4466 Amplificador de Microfono Electret"},"content":{"rendered":"<table width=\"539\">\n<tbody>\n<tr>\n<td width=\"539\"><\/td>\n<\/tr>\n<\/tbody>\n<\/table>\n<p class=\"product-title product_title entry-title\">MAX4466 Amplificador de Microfono Electret<\/p>\n<p class=\"product-title product_title entry-title\">El m\u00f3dulo incluye un potenci\u00f3metro que permite ajustar la\u00a0<strong data-start=\"539\" data-end=\"561\">ganancia de salida<\/strong>\u00a0(aproximadamente entre 25x y 125x), lo que facilita adaptarlo a distintas intensidades de sonido y aplicaciones. La se\u00f1al amplificada se entrega como salida anal\u00f3gica, lista para ser le\u00edda por un\u00a0<strong data-start=\"758\" data-end=\"777\">convertidor ADC<\/strong>\u00a0de microcontroladores.<\/p>\n<p>El\u00a0<strong data-start=\"3\" data-end=\"49\">MAX4466 Amplificador de Micr\u00f3fono Electret<\/strong>\u00a0se utiliza en proyectos donde es necesario\u00a0<strong data-start=\"93\" data-end=\"132\">captar, amplificar y procesar audio<\/strong>, siendo ideal para aplicaciones como\u00a0<strong data-start=\"170\" data-end=\"350\">reconocimiento de voz, detecci\u00f3n de sonidos, grabaci\u00f3n de audio, sistemas de monitoreo ambiental, activaci\u00f3n por sonido y proyectos de inteligencia artificial aplicada al audio<\/strong>. Su salida anal\u00f3gica lo hace compatible con cualquier dispositivo que cuente con entradas ADC, por lo que puede integrarse f\u00e1cilmente con\u00a0<strong data-start=\"489\" data-end=\"610\">tarjetas de desarrollo como Arduino (UNO, Nano, Mega), ESP8266, ESP32, Raspberry Pi, STM32 y otros microcontroladores<\/strong>, permitiendo desde proyectos educativos de detecci\u00f3n de aplausos o palabras clave, hasta sistemas avanzados de IoT y dom\u00f3tica basados en procesamiento de audio.<\/p>\n<h1>MAX4466 Amplificador de Microfono Electret<\/h1>\n<div>\n<h2><b>\u00bfD\u00f3nde<\/b><strong>\u00a0conseguir ?<\/strong><\/h2>\n<\/div>\n<p>Puedes conseguir este producto y mucho mas en nuestra tienda de electr\u00f3nica \u201cElectr\u00f3nica JNC\u201d a un excelente precio, de igual manera puedes preguntar por otros productos que tenemos para ti y as\u00ed adquirirlos seg\u00fan tu necesidad para\u00a0 tus proyectos.<\/p>\n<p>Adem\u00e1s de vender realizamos todo tipo de proyectos de Rob\u00f3tica Electr\u00f3nica y de Programaci\u00f3n en Arduino-Raspberry, brindamos asesoramiento en la elaboraci\u00f3n de proyectos y personalizamos sus clases cuando deseas armar un robot.<\/p>\n<p>Somos importadores Directos de todo en Electr\u00f3nica y Rob\u00f3tica directamente desde los fabricantes, a los mejores precios del mercado.<\/p>\n<div class=\"x11i5rnm xat24cr x1mh8g0r x1vvkbs xtlvy1s x126k92a\">\n<div dir=\"auto\">SERVICIO PERSONALIZADO, APOYO TEORICO Y VENTA DE MATERIAL<\/div>\n<\/div>\n<div class=\"x11i5rnm xat24cr x1mh8g0r x1vvkbs xtlvy1s x126k92a\">\n<div dir=\"auto\">COTIZA CON NOSOTROS<\/div>\n<div dir=\"auto\">SERVICIO, EXPERIENCIA, CALIDAD Y CONFIANZA<\/div>\n<div dir=\"auto\">\u00abTodo lo que buscas en un solo lugar\u00bb<\/div>\n<\/div>\n<div dir=\"auto\"><\/div>\n<p><img decoding=\"async\" class=\"aligncenter\" src=\"https:\/\/images.ua.prom.st\/1494267654_1494267654.jpg?PImaGE_ID=1494267654\" \/><\/p>\n<p>Realizar un pedido en la web o por \u00a0<a href=\"https:\/\/api.whatsapp.com\/send?phone=593958753126\" target=\"_blank\" rel=\"noopener\">WHATSAPP<\/a>.<\/p>\n<p><img decoding=\"async\" class=\"aligncenter\" src=\"https:\/\/images.ua.prom.st\/1494267867_1494267867.jpg?PImaGE_ID=1494267867\" \/><\/p>\n<p>Consulta con un asesor\u00a0 todas tus inquietudes.<\/p>\n<p><img decoding=\"async\" class=\"aligncenter\" src=\"https:\/\/images.ua.prom.st\/1494266627_1494266627.jpg?PImaGE_ID=1494266627\" \/><\/p>\n<p>Pregunta las formas de pago.<\/p>\n<p><img decoding=\"async\" class=\"aligncenter\" src=\"https:\/\/images.ua.prom.st\/1494267985_1494267985.jpg?PImaGE_ID=1494267985\" \/><\/p>\n<p>Tu pedido llega a la puerta de tu casa.<\/p>\n<p>&nbsp;<\/p>\n<p><strong>\u00a1\u00a1 PREG\u00daNTANOS Sin compromiso !!!!<\/strong><\/p>\n<p>Puede retirar sus pedidos en nuestra\u00a0<a href=\"https:\/\/www.electronicajnc.com\/web\/contactos\" target=\"_blank\" rel=\"noopener\">TIENDA F\u00cdSICA<\/a>\u00a0o realizar sus pedidos\u00a0<a href=\"https:\/\/www.electronicajnc.com\/web\/mi-cuenta\" target=\"_blank\" rel=\"noopener\">ONLINE<\/a>\u00a0o por\u00a0<a href=\"https:\/\/api.whatsapp.com\/send?phone=593958753126\" target=\"_blank\" rel=\"noopener\">WHATSAPP<\/a>.<\/p>\n<p>&nbsp;<\/p>\n","protected":false},"excerpt":{"rendered":"<p>MAX4466 Amplificador de Microfono Electret El m\u00f3dulo incluye un potenci\u00f3metro que permite ajustar la\u00a0ganancia de salida\u00a0(aproximadamente entre 25x y 125x), lo que facilita adaptarlo a distintas intensidades de sonido y aplicaciones. La se\u00f1al amplificada se entrega como salida anal\u00f3gica, lista para ser le\u00edda por un\u00a0convertidor ADC\u00a0de microcontroladores. El\u00a0MAX4466 Amplificador de Micr\u00f3fono Electret\u00a0se utiliza en proyectos [&hellip;]<\/p>\n","protected":false},"featured_media":2879,"comment_status":"closed","ping_status":"closed","template":"","meta":{"saved_in_kubio":false,"_joinchat":[]},"product_brand":[],"product_cat":[309],"product_tag":[380,898,469,1723,1811,609,1724,1812,198,1813],"class_list":{"0":"post-2878","1":"product","2":"type-product","3":"status-publish","4":"has-post-thumbnail","6":"product_cat-componentes-electronicos","7":"product_tag-amplificador","8":"product_tag-audio","9":"product_tag-detector","10":"product_tag-electret","11":"product_tag-max4466","12":"product_tag-micro","13":"product_tag-microfono","14":"product_tag-muestreo","15":"product_tag-sonido","16":"product_tag-voz","18":"first","19":"instock","20":"taxable","21":"shipping-taxable","22":"product-type-simple"},"yoast_head":"<!-- This site is optimized with the Yoast SEO plugin v27.4 - https:\/\/yoast.com\/product\/yoast-seo-wordpress\/ -->\n<title>MAX4466 Amplificador de Microfono Electret - Electronica JNC<\/title>\n<meta name=\"description\" content=\"MAX4466 Amplificador de Microfono Electret Es un micr\u00f3fono de condensador electret, que convierte las ondas sonoras en peque\u00f1as variaciones de voltaje.\" \/>\n<meta name=\"robots\" content=\"index, follow, max-snippet:-1, max-image-preview:large, max-video-preview:-1\" \/>\n<link rel=\"canonical\" href=\"https:\/\/www.electronicajnc.com\/web\/producto\/max4466-amplificador-de-microfono-electret\/\" \/>\n<meta property=\"og:locale\" content=\"es_ES\" \/>\n<meta property=\"og:type\" content=\"article\" \/>\n<meta property=\"og:title\" content=\"MAX4466 Amplificador de Microfono Electret - Electronica JNC\" \/>\n<meta property=\"og:description\" content=\"MAX4466 Amplificador de Microfono Electret Es un micr\u00f3fono de condensador electret, que convierte las ondas sonoras en peque\u00f1as variaciones de voltaje.\" \/>\n<meta property=\"og:url\" content=\"https:\/\/www.electronicajnc.com\/web\/producto\/max4466-amplificador-de-microfono-electret\/\" \/>\n<meta property=\"og:site_name\" content=\"Electronica JNC\" \/>\n<meta property=\"article:modified_time\" content=\"2026-03-09T23:23:08+00:00\" \/>\n<meta property=\"og:image\" content=\"https:\/\/www.electronicajnc.com\/web\/wp-content\/uploads\/2026\/03\/MAX4466-Amplificador-de-Microfono-Electret.jpg\" \/>\n\t<meta property=\"og:image:width\" content=\"1028\" \/>\n\t<meta property=\"og:image:height\" content=\"1115\" \/>\n\t<meta property=\"og:image:type\" content=\"image\/jpeg\" \/>\n<meta name=\"twitter:card\" content=\"summary_large_image\" \/>\n<meta name=\"twitter:label1\" content=\"Tiempo de lectura\" \/>\n\t<meta name=\"twitter:data1\" content=\"3 minutos\" \/>\n<script type=\"application\/ld+json\" class=\"yoast-schema-graph\">{\"@context\":\"https:\\\/\\\/schema.org\",\"@graph\":[{\"@type\":\"WebPage\",\"@id\":\"https:\\\/\\\/www.electronicajnc.com\\\/web\\\/producto\\\/max4466-amplificador-de-microfono-electret\\\/\",\"url\":\"https:\\\/\\\/www.electronicajnc.com\\\/web\\\/producto\\\/max4466-amplificador-de-microfono-electret\\\/\",\"name\":\"MAX4466 Amplificador de Microfono Electret - Electronica JNC\",\"isPartOf\":{\"@id\":\"https:\\\/\\\/www.electronicajnc.com\\\/web\\\/#website\"},\"primaryImageOfPage\":{\"@id\":\"https:\\\/\\\/www.electronicajnc.com\\\/web\\\/producto\\\/max4466-amplificador-de-microfono-electret\\\/#primaryimage\"},\"image\":{\"@id\":\"https:\\\/\\\/www.electronicajnc.com\\\/web\\\/producto\\\/max4466-amplificador-de-microfono-electret\\\/#primaryimage\"},\"thumbnailUrl\":\"https:\\\/\\\/www.electronicajnc.com\\\/web\\\/wp-content\\\/uploads\\\/2026\\\/03\\\/MAX4466-Amplificador-de-Microfono-Electret.jpg\",\"datePublished\":\"2026-03-09T23:19:00+00:00\",\"dateModified\":\"2026-03-09T23:23:08+00:00\",\"description\":\"MAX4466 Amplificador de Microfono Electret Es un micr\u00f3fono de condensador electret, que convierte las ondas sonoras en peque\u00f1as variaciones de voltaje.\",\"breadcrumb\":{\"@id\":\"https:\\\/\\\/www.electronicajnc.com\\\/web\\\/producto\\\/max4466-amplificador-de-microfono-electret\\\/#breadcrumb\"},\"inLanguage\":\"es\",\"potentialAction\":[{\"@type\":\"ReadAction\",\"target\":[\"https:\\\/\\\/www.electronicajnc.com\\\/web\\\/producto\\\/max4466-amplificador-de-microfono-electret\\\/\"]}]},{\"@type\":\"ImageObject\",\"inLanguage\":\"es\",\"@id\":\"https:\\\/\\\/www.electronicajnc.com\\\/web\\\/producto\\\/max4466-amplificador-de-microfono-electret\\\/#primaryimage\",\"url\":\"https:\\\/\\\/www.electronicajnc.com\\\/web\\\/wp-content\\\/uploads\\\/2026\\\/03\\\/MAX4466-Amplificador-de-Microfono-Electret.jpg\",\"contentUrl\":\"https:\\\/\\\/www.electronicajnc.com\\\/web\\\/wp-content\\\/uploads\\\/2026\\\/03\\\/MAX4466-Amplificador-de-Microfono-Electret.jpg\",\"width\":1028,\"height\":1115,\"caption\":\"MAX4466 Amplificador de Microfono Electret\"},{\"@type\":\"BreadcrumbList\",\"@id\":\"https:\\\/\\\/www.electronicajnc.com\\\/web\\\/producto\\\/max4466-amplificador-de-microfono-electret\\\/#breadcrumb\",\"itemListElement\":[{\"@type\":\"ListItem\",\"position\":1,\"name\":\"Portada\",\"item\":\"https:\\\/\\\/www.electronicajnc.com\\\/web\\\/\"},{\"@type\":\"ListItem\",\"position\":2,\"name\":\"TIENDA\",\"item\":\"https:\\\/\\\/www.electronicajnc.com\\\/web\\\/tienda\\\/\"},{\"@type\":\"ListItem\",\"position\":3,\"name\":\"MAX4466 Amplificador de Microfono Electret\"}]},{\"@type\":\"WebSite\",\"@id\":\"https:\\\/\\\/www.electronicajnc.com\\\/web\\\/#website\",\"url\":\"https:\\\/\\\/www.electronicajnc.com\\\/web\\\/\",\"name\":\"Electronica JNC\",\"description\":\"Robotica Tecnologia Mecatronica en Ecuador\",\"publisher\":{\"@id\":\"https:\\\/\\\/www.electronicajnc.com\\\/web\\\/#organization\"},\"potentialAction\":[{\"@type\":\"SearchAction\",\"target\":{\"@type\":\"EntryPoint\",\"urlTemplate\":\"https:\\\/\\\/www.electronicajnc.com\\\/web\\\/?s={search_term_string}\"},\"query-input\":{\"@type\":\"PropertyValueSpecification\",\"valueRequired\":true,\"valueName\":\"search_term_string\"}}],\"inLanguage\":\"es\"},{\"@type\":\"Organization\",\"@id\":\"https:\\\/\\\/www.electronicajnc.com\\\/web\\\/#organization\",\"name\":\"Electronica JNC\",\"url\":\"https:\\\/\\\/www.electronicajnc.com\\\/web\\\/\",\"logo\":{\"@type\":\"ImageObject\",\"inLanguage\":\"es\",\"@id\":\"https:\\\/\\\/www.electronicajnc.com\\\/web\\\/#\\\/schema\\\/logo\\\/image\\\/\",\"url\":\"https:\\\/\\\/www.electronicajnc.com\\\/web\\\/wp-content\\\/uploads\\\/2023\\\/06\\\/nuevo-logo.jpg\",\"contentUrl\":\"https:\\\/\\\/www.electronicajnc.com\\\/web\\\/wp-content\\\/uploads\\\/2023\\\/06\\\/nuevo-logo.jpg\",\"width\":1256,\"height\":612,\"caption\":\"Electronica JNC\"},\"image\":{\"@id\":\"https:\\\/\\\/www.electronicajnc.com\\\/web\\\/#\\\/schema\\\/logo\\\/image\\\/\"}}]}<\/script>\n<!-- \/ Yoast SEO plugin. -->","yoast_head_json":{"title":"MAX4466 Amplificador de Microfono Electret - Electronica JNC","description":"MAX4466 Amplificador de Microfono Electret Es un micr\u00f3fono de condensador electret, que convierte las ondas sonoras en peque\u00f1as variaciones de voltaje.","robots":{"index":"index","follow":"follow","max-snippet":"max-snippet:-1","max-image-preview":"max-image-preview:large","max-video-preview":"max-video-preview:-1"},"canonical":"https:\/\/www.electronicajnc.com\/web\/producto\/max4466-amplificador-de-microfono-electret\/","og_locale":"es_ES","og_type":"article","og_title":"MAX4466 Amplificador de Microfono Electret - Electronica JNC","og_description":"MAX4466 Amplificador de Microfono Electret Es un micr\u00f3fono de condensador electret, que convierte las ondas sonoras en peque\u00f1as variaciones de voltaje.","og_url":"https:\/\/www.electronicajnc.com\/web\/producto\/max4466-amplificador-de-microfono-electret\/","og_site_name":"Electronica JNC","article_modified_time":"2026-03-09T23:23:08+00:00","og_image":[{"width":1028,"height":1115,"url":"https:\/\/www.electronicajnc.com\/web\/wp-content\/uploads\/2026\/03\/MAX4466-Amplificador-de-Microfono-Electret.jpg","type":"image\/jpeg"}],"twitter_card":"summary_large_image","twitter_misc":{"Tiempo de lectura":"3 minutos"},"schema":{"@context":"https:\/\/schema.org","@graph":[{"@type":"WebPage","@id":"https:\/\/www.electronicajnc.com\/web\/producto\/max4466-amplificador-de-microfono-electret\/","url":"https:\/\/www.electronicajnc.com\/web\/producto\/max4466-amplificador-de-microfono-electret\/","name":"MAX4466 Amplificador de Microfono Electret - Electronica JNC","isPartOf":{"@id":"https:\/\/www.electronicajnc.com\/web\/#website"},"primaryImageOfPage":{"@id":"https:\/\/www.electronicajnc.com\/web\/producto\/max4466-amplificador-de-microfono-electret\/#primaryimage"},"image":{"@id":"https:\/\/www.electronicajnc.com\/web\/producto\/max4466-amplificador-de-microfono-electret\/#primaryimage"},"thumbnailUrl":"https:\/\/www.electronicajnc.com\/web\/wp-content\/uploads\/2026\/03\/MAX4466-Amplificador-de-Microfono-Electret.jpg","datePublished":"2026-03-09T23:19:00+00:00","dateModified":"2026-03-09T23:23:08+00:00","description":"MAX4466 Amplificador de Microfono Electret Es un micr\u00f3fono de condensador electret, que convierte las ondas sonoras en peque\u00f1as variaciones de voltaje.","breadcrumb":{"@id":"https:\/\/www.electronicajnc.com\/web\/producto\/max4466-amplificador-de-microfono-electret\/#breadcrumb"},"inLanguage":"es","potentialAction":[{"@type":"ReadAction","target":["https:\/\/www.electronicajnc.com\/web\/producto\/max4466-amplificador-de-microfono-electret\/"]}]},{"@type":"ImageObject","inLanguage":"es","@id":"https:\/\/www.electronicajnc.com\/web\/producto\/max4466-amplificador-de-microfono-electret\/#primaryimage","url":"https:\/\/www.electronicajnc.com\/web\/wp-content\/uploads\/2026\/03\/MAX4466-Amplificador-de-Microfono-Electret.jpg","contentUrl":"https:\/\/www.electronicajnc.com\/web\/wp-content\/uploads\/2026\/03\/MAX4466-Amplificador-de-Microfono-Electret.jpg","width":1028,"height":1115,"caption":"MAX4466 Amplificador de Microfono Electret"},{"@type":"BreadcrumbList","@id":"https:\/\/www.electronicajnc.com\/web\/producto\/max4466-amplificador-de-microfono-electret\/#breadcrumb","itemListElement":[{"@type":"ListItem","position":1,"name":"Portada","item":"https:\/\/www.electronicajnc.com\/web\/"},{"@type":"ListItem","position":2,"name":"TIENDA","item":"https:\/\/www.electronicajnc.com\/web\/tienda\/"},{"@type":"ListItem","position":3,"name":"MAX4466 Amplificador de Microfono Electret"}]},{"@type":"WebSite","@id":"https:\/\/www.electronicajnc.com\/web\/#website","url":"https:\/\/www.electronicajnc.com\/web\/","name":"Electronica JNC","description":"Robotica Tecnologia Mecatronica en Ecuador","publisher":{"@id":"https:\/\/www.electronicajnc.com\/web\/#organization"},"potentialAction":[{"@type":"SearchAction","target":{"@type":"EntryPoint","urlTemplate":"https:\/\/www.electronicajnc.com\/web\/?s={search_term_string}"},"query-input":{"@type":"PropertyValueSpecification","valueRequired":true,"valueName":"search_term_string"}}],"inLanguage":"es"},{"@type":"Organization","@id":"https:\/\/www.electronicajnc.com\/web\/#organization","name":"Electronica JNC","url":"https:\/\/www.electronicajnc.com\/web\/","logo":{"@type":"ImageObject","inLanguage":"es","@id":"https:\/\/www.electronicajnc.com\/web\/#\/schema\/logo\/image\/","url":"https:\/\/www.electronicajnc.com\/web\/wp-content\/uploads\/2023\/06\/nuevo-logo.jpg","contentUrl":"https:\/\/www.electronicajnc.com\/web\/wp-content\/uploads\/2023\/06\/nuevo-logo.jpg","width":1256,"height":612,"caption":"Electronica JNC"},"image":{"@id":"https:\/\/www.electronicajnc.com\/web\/#\/schema\/logo\/image\/"}}]}},"_links":{"self":[{"href":"https:\/\/www.electronicajnc.com\/web\/wp-json\/wp\/v2\/product\/2878","targetHints":{"allow":["GET"]}}],"collection":[{"href":"https:\/\/www.electronicajnc.com\/web\/wp-json\/wp\/v2\/product"}],"about":[{"href":"https:\/\/www.electronicajnc.com\/web\/wp-json\/wp\/v2\/types\/product"}],"replies":[{"embeddable":true,"href":"https:\/\/www.electronicajnc.com\/web\/wp-json\/wp\/v2\/comments?post=2878"}],"wp:featuredmedia":[{"embeddable":true,"href":"https:\/\/www.electronicajnc.com\/web\/wp-json\/wp\/v2\/media\/2879"}],"wp:attachment":[{"href":"https:\/\/www.electronicajnc.com\/web\/wp-json\/wp\/v2\/media?parent=2878"}],"wp:term":[{"taxonomy":"product_brand","embeddable":true,"href":"https:\/\/www.electronicajnc.com\/web\/wp-json\/wp\/v2\/product_brand?post=2878"},{"taxonomy":"product_cat","embeddable":true,"href":"https:\/\/www.electronicajnc.com\/web\/wp-json\/wp\/v2\/product_cat?post=2878"},{"taxonomy":"product_tag","embeddable":true,"href":"https:\/\/www.electronicajnc.com\/web\/wp-json\/wp\/v2\/product_tag?post=2878"}],"curies":[{"name":"wp","href":"https:\/\/api.w.org\/{rel}","templated":true}]}}