{"id":2880,"date":"2026-03-09T23:34:45","date_gmt":"2026-03-09T23:34:45","guid":{"rendered":"https:\/\/www.electronicajnc.com\/web\/?post_type=product&#038;p=2880"},"modified":"2026-03-09T23:34:46","modified_gmt":"2026-03-09T23:34:46","slug":"esp32-c3-supermini-tipo-c","status":"publish","type":"product","link":"https:\/\/www.electronicajnc.com\/web\/producto\/esp32-c3-supermini-tipo-c\/","title":{"rendered":"ESP32-C3 SuperMini Tipo C"},"content":{"rendered":"<p class=\"product-title product_title entry-title\">ESP32-C3 SuperMini Tipo C<\/p>\n<p>El ESP32-C3 SuperMini es una placa de desarrollo es compatible con los protocolos WIFI IEEE 802.11 b\/g\/n y Bluetooth 5 LE, se destaca por su tama\u00f1o compacto y su conectividad a trav\u00e9s de un cable USB tipo C. Cuenta con 11 puertos de entrada y salida digitales que pueden usarse como PWM y 4 anal\u00f3gicas ADC, admite interfaces UART, I2C y SPI. La placa cuenta con bot\u00f3n\u00a0 de reinicio y modo cargador de arranque.<\/p>\n<p>&nbsp;<\/p>\n<h1 class=\"product-title product_title entry-title\">ESP32-C3 SuperMini Tipo C<\/h1>\n<p>es un m\u00f3dulo de desarrollo compacto basado en el microcontrolador ESP32-C3, dise\u00f1ado para facilitar la creaci\u00f3n de proyectos de IoT y otras aplicaciones electr\u00f3nicas. Esta tarjeta proporciona m\u00faltiples interfaces y conexiones, incluyendo USB Tipo C para la alimentaci\u00f3n y programaci\u00f3n, as\u00ed como pines de entrada y salida para conectar sensores, actuadores y otros componentes electr\u00f3nicos.<\/p>\n<p>&nbsp;<\/p>\n<div>\n<h2><b>\u00bfD\u00f3nde<\/b><strong>\u00a0conseguir ?<\/strong><\/h2>\n<\/div>\n<p>Puedes conseguir este producto y mucho mas en nuestra tienda de electr\u00f3nica \u201cElectr\u00f3nica JNC\u201d a un excelente precio, de igual manera puedes preguntar por otros productos que tenemos para ti y as\u00ed adquirirlos seg\u00fan tu necesidad para\u00a0 tus proyectos.<\/p>\n<p>Adem\u00e1s de vender realizamos todo tipo de proyectos de Rob\u00f3tica Electr\u00f3nica y de Programaci\u00f3n en Arduino-Raspberry, brindamos asesoramiento en la elaboraci\u00f3n de proyectos y personalizamos sus clases cuando deseas armar un robot.<\/p>\n<p>Somos importadores Directos de todo en Electr\u00f3nica y Rob\u00f3tica directamente desde los fabricantes, a los mejores precios del mercado.<\/p>\n<div class=\"x11i5rnm xat24cr x1mh8g0r x1vvkbs xtlvy1s x126k92a\">\n<div dir=\"auto\">SERVICIO PERSONALIZADO, APOYO TEORICO Y VENTA DE MATERIAL<\/div>\n<\/div>\n<div class=\"x11i5rnm xat24cr x1mh8g0r x1vvkbs xtlvy1s x126k92a\">\n<div dir=\"auto\">COTIZA CON NOSOTROS<\/div>\n<div dir=\"auto\">SERVICIO, EXPERIENCIA, CALIDAD Y CONFIANZA<\/div>\n<div dir=\"auto\">\u00abTodo lo que buscas en un solo lugar\u00bb<\/div>\n<\/div>\n<div dir=\"auto\"><\/div>\n<p><img decoding=\"async\" class=\"aligncenter\" src=\"https:\/\/images.ua.prom.st\/1494267654_1494267654.jpg?PImaGE_ID=1494267654\" \/><\/p>\n<p>Realizar un pedido en la web o por \u00a0<a href=\"https:\/\/api.whatsapp.com\/send?phone=593958753126\" target=\"_blank\" rel=\"noopener\">WHATSAPP<\/a>.<\/p>\n<p><img decoding=\"async\" class=\"aligncenter\" src=\"https:\/\/images.ua.prom.st\/1494267867_1494267867.jpg?PImaGE_ID=1494267867\" \/><\/p>\n<p>Consulta con un asesor\u00a0 todas tus inquietudes.<\/p>\n<p><img decoding=\"async\" class=\"aligncenter\" src=\"https:\/\/images.ua.prom.st\/1494266627_1494266627.jpg?PImaGE_ID=1494266627\" \/><\/p>\n<p>Pregunta las formas de pago.<\/p>\n<p><img decoding=\"async\" class=\"aligncenter\" src=\"https:\/\/images.ua.prom.st\/1494267985_1494267985.jpg?PImaGE_ID=1494267985\" \/><\/p>\n<p>Tu pedido llega a la puerta de tu casa.<\/p>\n<p>&nbsp;<\/p>\n<p><strong>\u00a1\u00a1 PREG\u00daNTANOS Sin compromiso !!!!<\/strong><\/p>\n<p>Puede retirar sus pedidos en nuestra\u00a0<a href=\"https:\/\/www.electronicajnc.com\/web\/contactos\" target=\"_blank\" rel=\"noopener\">TIENDA F\u00cdSICA<\/a>\u00a0o realizar sus pedidos\u00a0<a href=\"https:\/\/www.electronicajnc.com\/web\/mi-cuenta\" target=\"_blank\" rel=\"noopener\">ONLINE<\/a>\u00a0o por\u00a0<a href=\"https:\/\/api.whatsapp.com\/send?phone=593958753126\" target=\"_blank\" rel=\"noopener\">WHATSAPP<\/a>.<\/p>\n","protected":false},"excerpt":{"rendered":"<p>ESP32-C3 SuperMini Tipo C El ESP32-C3 SuperMini es una placa de desarrollo es compatible con los protocolos WIFI IEEE 802.11 b\/g\/n y Bluetooth 5 LE, se destaca por su tama\u00f1o compacto y su conectividad a trav\u00e9s de un cable USB tipo C. Cuenta con 11 puertos de entrada y salida digitales que pueden usarse como [&hellip;]<\/p>\n","protected":false},"featured_media":2881,"comment_status":"closed","ping_status":"closed","template":"","meta":{"saved_in_kubio":false,"_joinchat":[]},"product_brand":[],"product_cat":[309,21],"product_tag":[1814,1178,953,1815,1816,754,356,1817,1818,1819,1820,1553,1821,769,954,180,1822,1823,1824,322,1825,1826,951,1827,1828],"class_list":{"0":"post-2880","1":"product","2":"type-product","3":"status-publish","4":"has-post-thumbnail","6":"product_cat-componentes-electronicos","7":"product_cat-modulos_sensores","8":"product_tag-160mhz","9":"product_tag-3-7v","10":"product_tag-bateria","11":"product_tag-c","12":"product_tag-conexiones","13":"product_tag-desarrollo","14":"product_tag-esp32","15":"product_tag-esp32-c3","16":"product_tag-esp32-iot","17":"product_tag-esp32-c3-supermini-tipo-c","18":"product_tag-expansion","19":"product_tag-interfaces","20":"product_tag-interfaz-li-po","21":"product_tag-iot","22":"product_tag-litio","23":"product_tag-mini","24":"product_tag-risc-v","25":"product_tag-supermini","26":"product_tag-supermini-tipo-c","27":"product_tag-tarjeta","28":"product_tag-tarjeta-de-expansion","29":"product_tag-tarjeta-de-expansion-esp32","30":"product_tag-tipo","31":"product_tag-tipo-c","32":"product_tag-usb-tipo-c","34":"first","35":"instock","36":"taxable","37":"shipping-taxable","38":"product-type-simple"},"yoast_head":"<!-- This site is optimized with the Yoast SEO plugin v27.4 - https:\/\/yoast.com\/product\/yoast-seo-wordpress\/ -->\n<title>ESP32-C3 SuperMini Tipo C - Electronica JNC<\/title>\n<meta name=\"description\" content=\"ESP32-C3 SuperMini Tipo C placa de desarrollo es compatible con los protocolos WIFI IEEE 802.11 b\/g\/n y Bluetooth 5 LE asado en el microcontrolador ESP32-C3\" \/>\n<meta name=\"robots\" content=\"index, follow, max-snippet:-1, max-image-preview:large, max-video-preview:-1\" \/>\n<link rel=\"canonical\" href=\"https:\/\/www.electronicajnc.com\/web\/producto\/esp32-c3-supermini-tipo-c\/\" \/>\n<meta property=\"og:locale\" content=\"es_ES\" \/>\n<meta property=\"og:type\" content=\"article\" \/>\n<meta property=\"og:title\" content=\"ESP32-C3 SuperMini Tipo C - Electronica JNC\" \/>\n<meta property=\"og:description\" content=\"ESP32-C3 SuperMini Tipo C placa de desarrollo es compatible con los protocolos WIFI IEEE 802.11 b\/g\/n y Bluetooth 5 LE asado en el microcontrolador ESP32-C3\" \/>\n<meta property=\"og:url\" content=\"https:\/\/www.electronicajnc.com\/web\/producto\/esp32-c3-supermini-tipo-c\/\" \/>\n<meta property=\"og:site_name\" content=\"Electronica JNC\" \/>\n<meta property=\"article:modified_time\" content=\"2026-03-09T23:34:46+00:00\" \/>\n<meta property=\"og:image\" content=\"https:\/\/www.electronicajnc.com\/web\/wp-content\/uploads\/2026\/03\/ESP32-C3-SuperMini-Tipo-C.jpg\" \/>\n\t<meta property=\"og:image:width\" content=\"1028\" \/>\n\t<meta property=\"og:image:height\" content=\"1115\" \/>\n\t<meta property=\"og:image:type\" content=\"image\/jpeg\" \/>\n<meta name=\"twitter:card\" content=\"summary_large_image\" \/>\n<meta name=\"twitter:label1\" content=\"Tiempo de lectura\" \/>\n\t<meta name=\"twitter:data1\" content=\"3 minutos\" \/>\n<script type=\"application\/ld+json\" class=\"yoast-schema-graph\">{\"@context\":\"https:\\\/\\\/schema.org\",\"@graph\":[{\"@type\":\"WebPage\",\"@id\":\"https:\\\/\\\/www.electronicajnc.com\\\/web\\\/producto\\\/esp32-c3-supermini-tipo-c\\\/\",\"url\":\"https:\\\/\\\/www.electronicajnc.com\\\/web\\\/producto\\\/esp32-c3-supermini-tipo-c\\\/\",\"name\":\"ESP32-C3 SuperMini Tipo C - Electronica JNC\",\"isPartOf\":{\"@id\":\"https:\\\/\\\/www.electronicajnc.com\\\/web\\\/#website\"},\"primaryImageOfPage\":{\"@id\":\"https:\\\/\\\/www.electronicajnc.com\\\/web\\\/producto\\\/esp32-c3-supermini-tipo-c\\\/#primaryimage\"},\"image\":{\"@id\":\"https:\\\/\\\/www.electronicajnc.com\\\/web\\\/producto\\\/esp32-c3-supermini-tipo-c\\\/#primaryimage\"},\"thumbnailUrl\":\"https:\\\/\\\/www.electronicajnc.com\\\/web\\\/wp-content\\\/uploads\\\/2026\\\/03\\\/ESP32-C3-SuperMini-Tipo-C.jpg\",\"datePublished\":\"2026-03-09T23:34:45+00:00\",\"dateModified\":\"2026-03-09T23:34:46+00:00\",\"description\":\"ESP32-C3 SuperMini Tipo C placa de desarrollo es compatible con los protocolos WIFI IEEE 802.11 b\\\/g\\\/n y Bluetooth 5 LE asado en el microcontrolador ESP32-C3\",\"breadcrumb\":{\"@id\":\"https:\\\/\\\/www.electronicajnc.com\\\/web\\\/producto\\\/esp32-c3-supermini-tipo-c\\\/#breadcrumb\"},\"inLanguage\":\"es\",\"potentialAction\":[{\"@type\":\"ReadAction\",\"target\":[\"https:\\\/\\\/www.electronicajnc.com\\\/web\\\/producto\\\/esp32-c3-supermini-tipo-c\\\/\"]}]},{\"@type\":\"ImageObject\",\"inLanguage\":\"es\",\"@id\":\"https:\\\/\\\/www.electronicajnc.com\\\/web\\\/producto\\\/esp32-c3-supermini-tipo-c\\\/#primaryimage\",\"url\":\"https:\\\/\\\/www.electronicajnc.com\\\/web\\\/wp-content\\\/uploads\\\/2026\\\/03\\\/ESP32-C3-SuperMini-Tipo-C.jpg\",\"contentUrl\":\"https:\\\/\\\/www.electronicajnc.com\\\/web\\\/wp-content\\\/uploads\\\/2026\\\/03\\\/ESP32-C3-SuperMini-Tipo-C.jpg\",\"width\":1028,\"height\":1115,\"caption\":\"ESP32-C3 SuperMini Tipo C\"},{\"@type\":\"BreadcrumbList\",\"@id\":\"https:\\\/\\\/www.electronicajnc.com\\\/web\\\/producto\\\/esp32-c3-supermini-tipo-c\\\/#breadcrumb\",\"itemListElement\":[{\"@type\":\"ListItem\",\"position\":1,\"name\":\"Portada\",\"item\":\"https:\\\/\\\/www.electronicajnc.com\\\/web\\\/\"},{\"@type\":\"ListItem\",\"position\":2,\"name\":\"TIENDA\",\"item\":\"https:\\\/\\\/www.electronicajnc.com\\\/web\\\/tienda\\\/\"},{\"@type\":\"ListItem\",\"position\":3,\"name\":\"ESP32-C3 SuperMini Tipo C\"}]},{\"@type\":\"WebSite\",\"@id\":\"https:\\\/\\\/www.electronicajnc.com\\\/web\\\/#website\",\"url\":\"https:\\\/\\\/www.electronicajnc.com\\\/web\\\/\",\"name\":\"Electronica JNC\",\"description\":\"Robotica Tecnologia Mecatronica en Ecuador\",\"publisher\":{\"@id\":\"https:\\\/\\\/www.electronicajnc.com\\\/web\\\/#organization\"},\"potentialAction\":[{\"@type\":\"SearchAction\",\"target\":{\"@type\":\"EntryPoint\",\"urlTemplate\":\"https:\\\/\\\/www.electronicajnc.com\\\/web\\\/?s={search_term_string}\"},\"query-input\":{\"@type\":\"PropertyValueSpecification\",\"valueRequired\":true,\"valueName\":\"search_term_string\"}}],\"inLanguage\":\"es\"},{\"@type\":\"Organization\",\"@id\":\"https:\\\/\\\/www.electronicajnc.com\\\/web\\\/#organization\",\"name\":\"Electronica JNC\",\"url\":\"https:\\\/\\\/www.electronicajnc.com\\\/web\\\/\",\"logo\":{\"@type\":\"ImageObject\",\"inLanguage\":\"es\",\"@id\":\"https:\\\/\\\/www.electronicajnc.com\\\/web\\\/#\\\/schema\\\/logo\\\/image\\\/\",\"url\":\"https:\\\/\\\/www.electronicajnc.com\\\/web\\\/wp-content\\\/uploads\\\/2023\\\/06\\\/nuevo-logo.jpg\",\"contentUrl\":\"https:\\\/\\\/www.electronicajnc.com\\\/web\\\/wp-content\\\/uploads\\\/2023\\\/06\\\/nuevo-logo.jpg\",\"width\":1256,\"height\":612,\"caption\":\"Electronica JNC\"},\"image\":{\"@id\":\"https:\\\/\\\/www.electronicajnc.com\\\/web\\\/#\\\/schema\\\/logo\\\/image\\\/\"}}]}<\/script>\n<!-- \/ Yoast SEO plugin. -->","yoast_head_json":{"title":"ESP32-C3 SuperMini Tipo C - Electronica JNC","description":"ESP32-C3 SuperMini Tipo C placa de desarrollo es compatible con los protocolos WIFI IEEE 802.11 b\/g\/n y Bluetooth 5 LE asado en el microcontrolador ESP32-C3","robots":{"index":"index","follow":"follow","max-snippet":"max-snippet:-1","max-image-preview":"max-image-preview:large","max-video-preview":"max-video-preview:-1"},"canonical":"https:\/\/www.electronicajnc.com\/web\/producto\/esp32-c3-supermini-tipo-c\/","og_locale":"es_ES","og_type":"article","og_title":"ESP32-C3 SuperMini Tipo C - Electronica JNC","og_description":"ESP32-C3 SuperMini Tipo C placa de desarrollo es compatible con los protocolos WIFI IEEE 802.11 b\/g\/n y Bluetooth 5 LE asado en el microcontrolador ESP32-C3","og_url":"https:\/\/www.electronicajnc.com\/web\/producto\/esp32-c3-supermini-tipo-c\/","og_site_name":"Electronica JNC","article_modified_time":"2026-03-09T23:34:46+00:00","og_image":[{"width":1028,"height":1115,"url":"https:\/\/www.electronicajnc.com\/web\/wp-content\/uploads\/2026\/03\/ESP32-C3-SuperMini-Tipo-C.jpg","type":"image\/jpeg"}],"twitter_card":"summary_large_image","twitter_misc":{"Tiempo de lectura":"3 minutos"},"schema":{"@context":"https:\/\/schema.org","@graph":[{"@type":"WebPage","@id":"https:\/\/www.electronicajnc.com\/web\/producto\/esp32-c3-supermini-tipo-c\/","url":"https:\/\/www.electronicajnc.com\/web\/producto\/esp32-c3-supermini-tipo-c\/","name":"ESP32-C3 SuperMini Tipo C - Electronica JNC","isPartOf":{"@id":"https:\/\/www.electronicajnc.com\/web\/#website"},"primaryImageOfPage":{"@id":"https:\/\/www.electronicajnc.com\/web\/producto\/esp32-c3-supermini-tipo-c\/#primaryimage"},"image":{"@id":"https:\/\/www.electronicajnc.com\/web\/producto\/esp32-c3-supermini-tipo-c\/#primaryimage"},"thumbnailUrl":"https:\/\/www.electronicajnc.com\/web\/wp-content\/uploads\/2026\/03\/ESP32-C3-SuperMini-Tipo-C.jpg","datePublished":"2026-03-09T23:34:45+00:00","dateModified":"2026-03-09T23:34:46+00:00","description":"ESP32-C3 SuperMini Tipo C placa de desarrollo es compatible con los protocolos WIFI IEEE 802.11 b\/g\/n y Bluetooth 5 LE asado en el microcontrolador ESP32-C3","breadcrumb":{"@id":"https:\/\/www.electronicajnc.com\/web\/producto\/esp32-c3-supermini-tipo-c\/#breadcrumb"},"inLanguage":"es","potentialAction":[{"@type":"ReadAction","target":["https:\/\/www.electronicajnc.com\/web\/producto\/esp32-c3-supermini-tipo-c\/"]}]},{"@type":"ImageObject","inLanguage":"es","@id":"https:\/\/www.electronicajnc.com\/web\/producto\/esp32-c3-supermini-tipo-c\/#primaryimage","url":"https:\/\/www.electronicajnc.com\/web\/wp-content\/uploads\/2026\/03\/ESP32-C3-SuperMini-Tipo-C.jpg","contentUrl":"https:\/\/www.electronicajnc.com\/web\/wp-content\/uploads\/2026\/03\/ESP32-C3-SuperMini-Tipo-C.jpg","width":1028,"height":1115,"caption":"ESP32-C3 SuperMini Tipo C"},{"@type":"BreadcrumbList","@id":"https:\/\/www.electronicajnc.com\/web\/producto\/esp32-c3-supermini-tipo-c\/#breadcrumb","itemListElement":[{"@type":"ListItem","position":1,"name":"Portada","item":"https:\/\/www.electronicajnc.com\/web\/"},{"@type":"ListItem","position":2,"name":"TIENDA","item":"https:\/\/www.electronicajnc.com\/web\/tienda\/"},{"@type":"ListItem","position":3,"name":"ESP32-C3 SuperMini Tipo C"}]},{"@type":"WebSite","@id":"https:\/\/www.electronicajnc.com\/web\/#website","url":"https:\/\/www.electronicajnc.com\/web\/","name":"Electronica JNC","description":"Robotica Tecnologia Mecatronica en Ecuador","publisher":{"@id":"https:\/\/www.electronicajnc.com\/web\/#organization"},"potentialAction":[{"@type":"SearchAction","target":{"@type":"EntryPoint","urlTemplate":"https:\/\/www.electronicajnc.com\/web\/?s={search_term_string}"},"query-input":{"@type":"PropertyValueSpecification","valueRequired":true,"valueName":"search_term_string"}}],"inLanguage":"es"},{"@type":"Organization","@id":"https:\/\/www.electronicajnc.com\/web\/#organization","name":"Electronica JNC","url":"https:\/\/www.electronicajnc.com\/web\/","logo":{"@type":"ImageObject","inLanguage":"es","@id":"https:\/\/www.electronicajnc.com\/web\/#\/schema\/logo\/image\/","url":"https:\/\/www.electronicajnc.com\/web\/wp-content\/uploads\/2023\/06\/nuevo-logo.jpg","contentUrl":"https:\/\/www.electronicajnc.com\/web\/wp-content\/uploads\/2023\/06\/nuevo-logo.jpg","width":1256,"height":612,"caption":"Electronica JNC"},"image":{"@id":"https:\/\/www.electronicajnc.com\/web\/#\/schema\/logo\/image\/"}}]}},"_links":{"self":[{"href":"https:\/\/www.electronicajnc.com\/web\/wp-json\/wp\/v2\/product\/2880","targetHints":{"allow":["GET"]}}],"collection":[{"href":"https:\/\/www.electronicajnc.com\/web\/wp-json\/wp\/v2\/product"}],"about":[{"href":"https:\/\/www.electronicajnc.com\/web\/wp-json\/wp\/v2\/types\/product"}],"replies":[{"embeddable":true,"href":"https:\/\/www.electronicajnc.com\/web\/wp-json\/wp\/v2\/comments?post=2880"}],"wp:featuredmedia":[{"embeddable":true,"href":"https:\/\/www.electronicajnc.com\/web\/wp-json\/wp\/v2\/media\/2881"}],"wp:attachment":[{"href":"https:\/\/www.electronicajnc.com\/web\/wp-json\/wp\/v2\/media?parent=2880"}],"wp:term":[{"taxonomy":"product_brand","embeddable":true,"href":"https:\/\/www.electronicajnc.com\/web\/wp-json\/wp\/v2\/product_brand?post=2880"},{"taxonomy":"product_cat","embeddable":true,"href":"https:\/\/www.electronicajnc.com\/web\/wp-json\/wp\/v2\/product_cat?post=2880"},{"taxonomy":"product_tag","embeddable":true,"href":"https:\/\/www.electronicajnc.com\/web\/wp-json\/wp\/v2\/product_tag?post=2880"}],"curies":[{"name":"wp","href":"https:\/\/api.w.org\/{rel}","templated":true}]}}