{"id":2882,"date":"2026-03-10T00:21:04","date_gmt":"2026-03-10T00:21:04","guid":{"rendered":"https:\/\/www.electronicajnc.com\/web\/?post_type=product&#038;p=2882"},"modified":"2026-03-10T00:21:04","modified_gmt":"2026-03-10T00:21:04","slug":"sim800l-gsm-gprs-v2-0-con-antena","status":"publish","type":"product","link":"https:\/\/www.electronicajnc.com\/web\/producto\/sim800l-gsm-gprs-v2-0-con-antena\/","title":{"rendered":"SIM800L GSM GPRS v2.0 con Antena"},"content":{"rendered":"<p class=\"product-title product_title entry-title\">SIM800L GSM GPRS v2.0 con Antena<\/p>\n<p>El\u00a0<strong data-start=\"3\" data-end=\"39\">SIM800L GSM GPRS v2.0 con Antena<\/strong>\u00a0es ampliamente utilizado en aplicaciones que requieren\u00a0<strong data-start=\"95\" data-end=\"150\">conectividad m\u00f3vil para comunicaci\u00f3n de voz y datos<\/strong>, tales como\u00a0<strong data-start=\"163\" data-end=\"273\">sistemas de monitoreo remoto, rastreo GPS, automatizaci\u00f3n del hogar, alarmas de seguridad, y proyectos IoT<\/strong>. Su tama\u00f1o compacto y bajo consumo lo hacen ideal para dispositivos port\u00e1tiles y embebidos que necesitan enviar informaci\u00f3n a trav\u00e9s de redes 2G. Este m\u00f3dulo es compatible con diversas\u00a0<strong data-start=\"459\" data-end=\"485\">tarjetas de desarrollo<\/strong>\u00a0y microcontroladores populares que soportan comunicaci\u00f3n serial UART, como\u00a0<strong data-start=\"561\" data-end=\"600\">Arduino, ESP32, Raspberry Pi, STM32<\/strong>, entre otros, facilitando su integraci\u00f3n en una gran variedad de proyectos electr\u00f3nicos y sistemas embebidos.<\/p>\n<p>&nbsp;<\/p>\n<p>El\u00a0<strong data-start=\"3\" data-end=\"39\">SIM800L GSM GPRS v2.0 con Antena<\/strong>\u00a0es un\u00a0<strong data-start=\"46\" data-end=\"93\">m\u00f3dulo compacto de comunicaci\u00f3n inal\u00e1mbrica<\/strong>\u00a0que permite la conexi\u00f3n a redes m\u00f3viles\u00a0<strong data-start=\"134\" data-end=\"146\">GSM\/GPRS<\/strong>\u00a0para realizar\u00a0<strong data-start=\"161\" data-end=\"180\">llamadas de voz<\/strong>, enviar y recibir\u00a0<strong data-start=\"199\" data-end=\"215\">mensajes SMS<\/strong>, y transmitir datos mediante internet m\u00f3vil. Cuenta con una\u00a0<strong data-start=\"276\" data-end=\"296\">antena integrada<\/strong>\u00a0que mejora la recepci\u00f3n y transmisi\u00f3n de se\u00f1ales celulares. Su funcionamiento se basa en el intercambio de comandos\u00a0<strong data-start=\"413\" data-end=\"419\">AT<\/strong>\u00a0entre el m\u00f3dulo y un microcontrolador o placa de desarrollo, gestionando as\u00ed la conexi\u00f3n a redes\u00a0<strong data-start=\"517\" data-end=\"523\">2G<\/strong>\u00a0para aplicaciones de voz y datos.<\/p>\n<h1 class=\"product-title product_title entry-title\">SIM800L GSM GPRS v2.0 con Antena<\/h1>\n<div>\n<h2><b>\u00bfD\u00f3nde<\/b><strong>\u00a0conseguir ?<\/strong><\/h2>\n<\/div>\n<p>Puedes conseguir este producto y mucho mas en nuestra tienda de electr\u00f3nica \u201cElectr\u00f3nica JNC\u201d a un excelente precio, de igual manera puedes preguntar por otros productos que tenemos para ti y as\u00ed adquirirlos seg\u00fan tu necesidad para\u00a0 tus proyectos.<\/p>\n<p>Adem\u00e1s de vender realizamos todo tipo de proyectos de Rob\u00f3tica Electr\u00f3nica y de Programaci\u00f3n en Arduino-Raspberry, brindamos asesoramiento en la elaboraci\u00f3n de proyectos y personalizamos sus clases cuando deseas armar un robot.<\/p>\n<p>Somos importadores Directos de todo en Electr\u00f3nica y Rob\u00f3tica directamente desde los fabricantes, a los mejores precios del mercado.<\/p>\n<div class=\"x11i5rnm xat24cr x1mh8g0r x1vvkbs xtlvy1s x126k92a\">\n<div dir=\"auto\">SERVICIO PERSONALIZADO, APOYO TEORICO Y VENTA DE MATERIAL<\/div>\n<\/div>\n<div class=\"x11i5rnm xat24cr x1mh8g0r x1vvkbs xtlvy1s x126k92a\">\n<div dir=\"auto\">COTIZA CON NOSOTROS<\/div>\n<div dir=\"auto\">SERVICIO, EXPERIENCIA, CALIDAD Y CONFIANZA<\/div>\n<div dir=\"auto\">\u00abTodo lo que buscas en un solo lugar\u00bb<\/div>\n<\/div>\n<div dir=\"auto\"><\/div>\n<p><img decoding=\"async\" class=\"aligncenter\" src=\"https:\/\/images.ua.prom.st\/1494267654_1494267654.jpg?PImaGE_ID=1494267654\" \/><\/p>\n<p>Realizar un pedido en la web o por \u00a0<a href=\"https:\/\/api.whatsapp.com\/send?phone=593958753126\" target=\"_blank\" rel=\"noopener\">WHATSAPP<\/a>.<\/p>\n<p><img decoding=\"async\" class=\"aligncenter\" src=\"https:\/\/images.ua.prom.st\/1494267867_1494267867.jpg?PImaGE_ID=1494267867\" \/><\/p>\n<p>Consulta con un asesor\u00a0 todas tus inquietudes.<\/p>\n<p><img decoding=\"async\" class=\"aligncenter\" src=\"https:\/\/images.ua.prom.st\/1494266627_1494266627.jpg?PImaGE_ID=1494266627\" \/><\/p>\n<p>Pregunta las formas de pago.<\/p>\n<p><img decoding=\"async\" class=\"aligncenter\" src=\"https:\/\/images.ua.prom.st\/1494267985_1494267985.jpg?PImaGE_ID=1494267985\" \/><\/p>\n<p>Tu pedido llega a la puerta de tu casa.<\/p>\n<p>&nbsp;<\/p>\n<p><strong>\u00a1\u00a1 PREG\u00daNTANOS Sin compromiso !!!!<\/strong><\/p>\n<p>Puede retirar sus pedidos en nuestra\u00a0<a href=\"https:\/\/www.electronicajnc.com\/web\/contactos\" target=\"_blank\" rel=\"noopener\">TIENDA F\u00cdSICA<\/a>\u00a0o realizar sus pedidos\u00a0<a href=\"https:\/\/www.electronicajnc.com\/web\/mi-cuenta\" target=\"_blank\" rel=\"noopener\">ONLINE<\/a>\u00a0o por\u00a0<a href=\"https:\/\/api.whatsapp.com\/send?phone=593958753126\" target=\"_blank\" rel=\"noopener\">WHATSAPP<\/a>.<\/p>\n","protected":false},"excerpt":{"rendered":"<p>SIM800L GSM GPRS v2.0 con Antena El\u00a0SIM800L GSM GPRS v2.0 con Antena\u00a0es ampliamente utilizado en aplicaciones que requieren\u00a0conectividad m\u00f3vil para comunicaci\u00f3n de voz y datos, tales como\u00a0sistemas de monitoreo remoto, rastreo GPS, automatizaci\u00f3n del hogar, alarmas de seguridad, y proyectos IoT. Su tama\u00f1o compacto y bajo consumo lo hacen ideal para dispositivos port\u00e1tiles y embebidos [&hellip;]<\/p>\n","protected":false},"featured_media":2883,"comment_status":"closed","ping_status":"closed","template":"","meta":{"saved_in_kubio":false,"_joinchat":[]},"product_brand":[],"product_cat":[309],"product_tag":[1829,1830,1831,1832,1833,623,1618,1465,1834,1019,1022,768,769,1835,609,408,1836,1837,1838,1839,1840,1841,1842,546],"class_list":{"0":"post-2882","1":"product","2":"type-product","3":"status-publish","4":"has-post-thumbnail","6":"product_cat-componentes-electronicos","7":"product_tag-4-bandas","8":"product_tag-850mhz","9":"product_tag-900mhz","10":"product_tag-aplicaciones","11":"product_tag-at","12":"product_tag-automatizacion","13":"product_tag-bms","14":"product_tag-domotica","15":"product_tag-equipos","16":"product_tag-gprs","17":"product_tag-gsm","18":"product_tag-inalambrico","19":"product_tag-iot","20":"product_tag-m2m","21":"product_tag-micro","22":"product_tag-modulo","23":"product_tag-personal","24":"product_tag-pos","25":"product_tag-remotos","26":"product_tag-seguimiento","27":"product_tag-sim","28":"product_tag-sim800l","29":"product_tag-telemetria","30":"product_tag-uart","32":"first","33":"instock","34":"taxable","35":"shipping-taxable","36":"product-type-simple"},"yoast_head":"<!-- This site is optimized with the Yoast SEO plugin v27.4 - https:\/\/yoast.com\/product\/yoast-seo-wordpress\/ -->\n<title>SIM800L GSM GPRS v2.0 con Antena - Electronica JNC<\/title>\n<meta name=\"description\" content=\"SIM800L GSM GPRS v2.0 con Antena es un\u00a0m\u00f3dulo compacto de comunicaci\u00f3n inal\u00e1mbrica\u00a0que permite la conexi\u00f3n a redes m\u00f3viles\u00a0GSM\/GPRS\u00a0\" \/>\n<meta name=\"robots\" content=\"index, follow, max-snippet:-1, max-image-preview:large, max-video-preview:-1\" \/>\n<link rel=\"canonical\" href=\"https:\/\/www.electronicajnc.com\/web\/producto\/sim800l-gsm-gprs-v2-0-con-antena\/\" \/>\n<meta property=\"og:locale\" content=\"es_ES\" \/>\n<meta property=\"og:type\" content=\"article\" \/>\n<meta property=\"og:title\" content=\"SIM800L GSM GPRS v2.0 con Antena - Electronica JNC\" \/>\n<meta property=\"og:description\" content=\"SIM800L GSM GPRS v2.0 con Antena es un\u00a0m\u00f3dulo compacto de comunicaci\u00f3n inal\u00e1mbrica\u00a0que permite la conexi\u00f3n a redes m\u00f3viles\u00a0GSM\/GPRS\u00a0\" \/>\n<meta property=\"og:url\" content=\"https:\/\/www.electronicajnc.com\/web\/producto\/sim800l-gsm-gprs-v2-0-con-antena\/\" \/>\n<meta property=\"og:site_name\" content=\"Electronica JNC\" \/>\n<meta property=\"og:image\" content=\"https:\/\/www.electronicajnc.com\/web\/wp-content\/uploads\/2026\/03\/sim-800-antena-externa.jpg\" \/>\n\t<meta property=\"og:image:width\" content=\"1028\" \/>\n\t<meta property=\"og:image:height\" content=\"1115\" \/>\n\t<meta property=\"og:image:type\" content=\"image\/jpeg\" \/>\n<meta name=\"twitter:card\" content=\"summary_large_image\" \/>\n<meta name=\"twitter:label1\" content=\"Tiempo de lectura\" \/>\n\t<meta name=\"twitter:data1\" content=\"3 minutos\" \/>\n<script type=\"application\/ld+json\" class=\"yoast-schema-graph\">{\"@context\":\"https:\\\/\\\/schema.org\",\"@graph\":[{\"@type\":\"WebPage\",\"@id\":\"https:\\\/\\\/www.electronicajnc.com\\\/web\\\/producto\\\/sim800l-gsm-gprs-v2-0-con-antena\\\/\",\"url\":\"https:\\\/\\\/www.electronicajnc.com\\\/web\\\/producto\\\/sim800l-gsm-gprs-v2-0-con-antena\\\/\",\"name\":\"SIM800L GSM GPRS v2.0 con Antena - Electronica JNC\",\"isPartOf\":{\"@id\":\"https:\\\/\\\/www.electronicajnc.com\\\/web\\\/#website\"},\"primaryImageOfPage\":{\"@id\":\"https:\\\/\\\/www.electronicajnc.com\\\/web\\\/producto\\\/sim800l-gsm-gprs-v2-0-con-antena\\\/#primaryimage\"},\"image\":{\"@id\":\"https:\\\/\\\/www.electronicajnc.com\\\/web\\\/producto\\\/sim800l-gsm-gprs-v2-0-con-antena\\\/#primaryimage\"},\"thumbnailUrl\":\"https:\\\/\\\/www.electronicajnc.com\\\/web\\\/wp-content\\\/uploads\\\/2026\\\/03\\\/sim-800-antena-externa.jpg\",\"datePublished\":\"2026-03-10T00:21:04+00:00\",\"description\":\"SIM800L GSM GPRS v2.0 con Antena es un\u00a0m\u00f3dulo compacto de comunicaci\u00f3n inal\u00e1mbrica\u00a0que permite la conexi\u00f3n a redes m\u00f3viles\u00a0GSM\\\/GPRS\u00a0\",\"breadcrumb\":{\"@id\":\"https:\\\/\\\/www.electronicajnc.com\\\/web\\\/producto\\\/sim800l-gsm-gprs-v2-0-con-antena\\\/#breadcrumb\"},\"inLanguage\":\"es\",\"potentialAction\":[{\"@type\":\"ReadAction\",\"target\":[\"https:\\\/\\\/www.electronicajnc.com\\\/web\\\/producto\\\/sim800l-gsm-gprs-v2-0-con-antena\\\/\"]}]},{\"@type\":\"ImageObject\",\"inLanguage\":\"es\",\"@id\":\"https:\\\/\\\/www.electronicajnc.com\\\/web\\\/producto\\\/sim800l-gsm-gprs-v2-0-con-antena\\\/#primaryimage\",\"url\":\"https:\\\/\\\/www.electronicajnc.com\\\/web\\\/wp-content\\\/uploads\\\/2026\\\/03\\\/sim-800-antena-externa.jpg\",\"contentUrl\":\"https:\\\/\\\/www.electronicajnc.com\\\/web\\\/wp-content\\\/uploads\\\/2026\\\/03\\\/sim-800-antena-externa.jpg\",\"width\":1028,\"height\":1115,\"caption\":\"SIM800L GSM GPRS v2.0 con Antena\"},{\"@type\":\"BreadcrumbList\",\"@id\":\"https:\\\/\\\/www.electronicajnc.com\\\/web\\\/producto\\\/sim800l-gsm-gprs-v2-0-con-antena\\\/#breadcrumb\",\"itemListElement\":[{\"@type\":\"ListItem\",\"position\":1,\"name\":\"Portada\",\"item\":\"https:\\\/\\\/www.electronicajnc.com\\\/web\\\/\"},{\"@type\":\"ListItem\",\"position\":2,\"name\":\"TIENDA\",\"item\":\"https:\\\/\\\/www.electronicajnc.com\\\/web\\\/tienda\\\/\"},{\"@type\":\"ListItem\",\"position\":3,\"name\":\"SIM800L GSM GPRS v2.0 con Antena\"}]},{\"@type\":\"WebSite\",\"@id\":\"https:\\\/\\\/www.electronicajnc.com\\\/web\\\/#website\",\"url\":\"https:\\\/\\\/www.electronicajnc.com\\\/web\\\/\",\"name\":\"Electronica JNC\",\"description\":\"Robotica Tecnologia Mecatronica en Ecuador\",\"publisher\":{\"@id\":\"https:\\\/\\\/www.electronicajnc.com\\\/web\\\/#organization\"},\"potentialAction\":[{\"@type\":\"SearchAction\",\"target\":{\"@type\":\"EntryPoint\",\"urlTemplate\":\"https:\\\/\\\/www.electronicajnc.com\\\/web\\\/?s={search_term_string}\"},\"query-input\":{\"@type\":\"PropertyValueSpecification\",\"valueRequired\":true,\"valueName\":\"search_term_string\"}}],\"inLanguage\":\"es\"},{\"@type\":\"Organization\",\"@id\":\"https:\\\/\\\/www.electronicajnc.com\\\/web\\\/#organization\",\"name\":\"Electronica JNC\",\"url\":\"https:\\\/\\\/www.electronicajnc.com\\\/web\\\/\",\"logo\":{\"@type\":\"ImageObject\",\"inLanguage\":\"es\",\"@id\":\"https:\\\/\\\/www.electronicajnc.com\\\/web\\\/#\\\/schema\\\/logo\\\/image\\\/\",\"url\":\"https:\\\/\\\/www.electronicajnc.com\\\/web\\\/wp-content\\\/uploads\\\/2023\\\/06\\\/nuevo-logo.jpg\",\"contentUrl\":\"https:\\\/\\\/www.electronicajnc.com\\\/web\\\/wp-content\\\/uploads\\\/2023\\\/06\\\/nuevo-logo.jpg\",\"width\":1256,\"height\":612,\"caption\":\"Electronica JNC\"},\"image\":{\"@id\":\"https:\\\/\\\/www.electronicajnc.com\\\/web\\\/#\\\/schema\\\/logo\\\/image\\\/\"}}]}<\/script>\n<!-- \/ Yoast SEO plugin. -->","yoast_head_json":{"title":"SIM800L GSM GPRS v2.0 con Antena - Electronica JNC","description":"SIM800L GSM GPRS v2.0 con Antena es un\u00a0m\u00f3dulo compacto de comunicaci\u00f3n inal\u00e1mbrica\u00a0que permite la conexi\u00f3n a redes m\u00f3viles\u00a0GSM\/GPRS\u00a0","robots":{"index":"index","follow":"follow","max-snippet":"max-snippet:-1","max-image-preview":"max-image-preview:large","max-video-preview":"max-video-preview:-1"},"canonical":"https:\/\/www.electronicajnc.com\/web\/producto\/sim800l-gsm-gprs-v2-0-con-antena\/","og_locale":"es_ES","og_type":"article","og_title":"SIM800L GSM GPRS v2.0 con Antena - Electronica JNC","og_description":"SIM800L GSM GPRS v2.0 con Antena es un\u00a0m\u00f3dulo compacto de comunicaci\u00f3n inal\u00e1mbrica\u00a0que permite la conexi\u00f3n a redes m\u00f3viles\u00a0GSM\/GPRS\u00a0","og_url":"https:\/\/www.electronicajnc.com\/web\/producto\/sim800l-gsm-gprs-v2-0-con-antena\/","og_site_name":"Electronica JNC","og_image":[{"width":1028,"height":1115,"url":"https:\/\/www.electronicajnc.com\/web\/wp-content\/uploads\/2026\/03\/sim-800-antena-externa.jpg","type":"image\/jpeg"}],"twitter_card":"summary_large_image","twitter_misc":{"Tiempo de lectura":"3 minutos"},"schema":{"@context":"https:\/\/schema.org","@graph":[{"@type":"WebPage","@id":"https:\/\/www.electronicajnc.com\/web\/producto\/sim800l-gsm-gprs-v2-0-con-antena\/","url":"https:\/\/www.electronicajnc.com\/web\/producto\/sim800l-gsm-gprs-v2-0-con-antena\/","name":"SIM800L GSM GPRS v2.0 con Antena - Electronica JNC","isPartOf":{"@id":"https:\/\/www.electronicajnc.com\/web\/#website"},"primaryImageOfPage":{"@id":"https:\/\/www.electronicajnc.com\/web\/producto\/sim800l-gsm-gprs-v2-0-con-antena\/#primaryimage"},"image":{"@id":"https:\/\/www.electronicajnc.com\/web\/producto\/sim800l-gsm-gprs-v2-0-con-antena\/#primaryimage"},"thumbnailUrl":"https:\/\/www.electronicajnc.com\/web\/wp-content\/uploads\/2026\/03\/sim-800-antena-externa.jpg","datePublished":"2026-03-10T00:21:04+00:00","description":"SIM800L GSM GPRS v2.0 con Antena es un\u00a0m\u00f3dulo compacto de comunicaci\u00f3n inal\u00e1mbrica\u00a0que permite la conexi\u00f3n a redes m\u00f3viles\u00a0GSM\/GPRS\u00a0","breadcrumb":{"@id":"https:\/\/www.electronicajnc.com\/web\/producto\/sim800l-gsm-gprs-v2-0-con-antena\/#breadcrumb"},"inLanguage":"es","potentialAction":[{"@type":"ReadAction","target":["https:\/\/www.electronicajnc.com\/web\/producto\/sim800l-gsm-gprs-v2-0-con-antena\/"]}]},{"@type":"ImageObject","inLanguage":"es","@id":"https:\/\/www.electronicajnc.com\/web\/producto\/sim800l-gsm-gprs-v2-0-con-antena\/#primaryimage","url":"https:\/\/www.electronicajnc.com\/web\/wp-content\/uploads\/2026\/03\/sim-800-antena-externa.jpg","contentUrl":"https:\/\/www.electronicajnc.com\/web\/wp-content\/uploads\/2026\/03\/sim-800-antena-externa.jpg","width":1028,"height":1115,"caption":"SIM800L GSM GPRS v2.0 con Antena"},{"@type":"BreadcrumbList","@id":"https:\/\/www.electronicajnc.com\/web\/producto\/sim800l-gsm-gprs-v2-0-con-antena\/#breadcrumb","itemListElement":[{"@type":"ListItem","position":1,"name":"Portada","item":"https:\/\/www.electronicajnc.com\/web\/"},{"@type":"ListItem","position":2,"name":"TIENDA","item":"https:\/\/www.electronicajnc.com\/web\/tienda\/"},{"@type":"ListItem","position":3,"name":"SIM800L GSM GPRS v2.0 con Antena"}]},{"@type":"WebSite","@id":"https:\/\/www.electronicajnc.com\/web\/#website","url":"https:\/\/www.electronicajnc.com\/web\/","name":"Electronica JNC","description":"Robotica Tecnologia Mecatronica en Ecuador","publisher":{"@id":"https:\/\/www.electronicajnc.com\/web\/#organization"},"potentialAction":[{"@type":"SearchAction","target":{"@type":"EntryPoint","urlTemplate":"https:\/\/www.electronicajnc.com\/web\/?s={search_term_string}"},"query-input":{"@type":"PropertyValueSpecification","valueRequired":true,"valueName":"search_term_string"}}],"inLanguage":"es"},{"@type":"Organization","@id":"https:\/\/www.electronicajnc.com\/web\/#organization","name":"Electronica JNC","url":"https:\/\/www.electronicajnc.com\/web\/","logo":{"@type":"ImageObject","inLanguage":"es","@id":"https:\/\/www.electronicajnc.com\/web\/#\/schema\/logo\/image\/","url":"https:\/\/www.electronicajnc.com\/web\/wp-content\/uploads\/2023\/06\/nuevo-logo.jpg","contentUrl":"https:\/\/www.electronicajnc.com\/web\/wp-content\/uploads\/2023\/06\/nuevo-logo.jpg","width":1256,"height":612,"caption":"Electronica JNC"},"image":{"@id":"https:\/\/www.electronicajnc.com\/web\/#\/schema\/logo\/image\/"}}]}},"_links":{"self":[{"href":"https:\/\/www.electronicajnc.com\/web\/wp-json\/wp\/v2\/product\/2882","targetHints":{"allow":["GET"]}}],"collection":[{"href":"https:\/\/www.electronicajnc.com\/web\/wp-json\/wp\/v2\/product"}],"about":[{"href":"https:\/\/www.electronicajnc.com\/web\/wp-json\/wp\/v2\/types\/product"}],"replies":[{"embeddable":true,"href":"https:\/\/www.electronicajnc.com\/web\/wp-json\/wp\/v2\/comments?post=2882"}],"wp:featuredmedia":[{"embeddable":true,"href":"https:\/\/www.electronicajnc.com\/web\/wp-json\/wp\/v2\/media\/2883"}],"wp:attachment":[{"href":"https:\/\/www.electronicajnc.com\/web\/wp-json\/wp\/v2\/media?parent=2882"}],"wp:term":[{"taxonomy":"product_brand","embeddable":true,"href":"https:\/\/www.electronicajnc.com\/web\/wp-json\/wp\/v2\/product_brand?post=2882"},{"taxonomy":"product_cat","embeddable":true,"href":"https:\/\/www.electronicajnc.com\/web\/wp-json\/wp\/v2\/product_cat?post=2882"},{"taxonomy":"product_tag","embeddable":true,"href":"https:\/\/www.electronicajnc.com\/web\/wp-json\/wp\/v2\/product_tag?post=2882"}],"curies":[{"name":"wp","href":"https:\/\/api.w.org\/{rel}","templated":true}]}}