{"id":2885,"date":"2026-03-10T16:24:10","date_gmt":"2026-03-10T16:24:10","guid":{"rendered":"https:\/\/www.electronicajnc.com\/web\/?post_type=product&#038;p=2885"},"modified":"2026-03-10T16:24:38","modified_gmt":"2026-03-10T16:24:38","slug":"modulo-laser-ky-008","status":"publish","type":"product","link":"https:\/\/www.electronicajnc.com\/web\/producto\/modulo-laser-ky-008\/","title":{"rendered":"Modulo Laser KY-008"},"content":{"rendered":"<p class=\"product_title entry-title\">Modulo Laser KY-008<\/p>\n<p>El m\u00f3dulo KY-008 es un peque\u00f1o dispositivo que permite emitir un haz de luz l\u00e1ser, similar a la luz que puedes ver en un puntero l\u00e1ser.<\/p>\n<p>El diodo l\u00e1ser es el componente principal del m\u00f3dulo. Es el responsable de emitir el haz de luz del l\u00e1ser. Como ya vimos anteriormente, este diodo se controla a trav\u00e9s del pin digital del m\u00f3dulo (S).<\/p>\n<p>Un diodo l\u00e1ser es un tipo de diodo\u00a0que emite luz l\u00e1ser, una forma de luz que es coherente, unidireccional y muy concentrada.<\/p>\n<p>Est\u00e1 compuesto principalmente por una uni\u00f3n p-n, que es un \u00e1rea donde se encuentran dos tipos de materiales semiconductores: uno con exceso de cargas positivas (tipo p) y otro con exceso de cargas negativas (tipo n).<\/p>\n<p>Esta uni\u00f3n se coloca entre dos espejos, formando una cavidad resonante que ayuda a amplificar la luz que se produce.<\/p>\n<h1 class=\"product_title entry-title\">Modulo Laser KY-008<\/h1>\n<div>\n<h2><b>\u00bfD\u00f3nde<\/b><strong>\u00a0conseguir ?<\/strong><\/h2>\n<\/div>\n<p>Puedes conseguir este producto y mucho mas en nuestra tienda de electr\u00f3nica \u201cElectr\u00f3nica JNC\u201d a un excelente precio, de igual manera puedes preguntar por otros productos que tenemos para ti y as\u00ed adquirirlos seg\u00fan tu necesidad para\u00a0 tus proyectos.<\/p>\n<p>Adem\u00e1s de vender realizamos todo tipo de proyectos de Rob\u00f3tica Electr\u00f3nica y de Programaci\u00f3n en Arduino-Raspberry, brindamos asesoramiento en la elaboraci\u00f3n de proyectos y personalizamos sus clases cuando deseas armar un robot.<\/p>\n<p>Somos importadores Directos de todo en Electr\u00f3nica y Rob\u00f3tica directamente desde los fabricantes, a los mejores precios del mercado.<\/p>\n<div class=\"x11i5rnm xat24cr x1mh8g0r x1vvkbs xtlvy1s x126k92a\">\n<div dir=\"auto\">SERVICIO PERSONALIZADO, APOYO TEORICO Y VENTA DE MATERIAL<\/div>\n<\/div>\n<div class=\"x11i5rnm xat24cr x1mh8g0r x1vvkbs xtlvy1s x126k92a\">\n<div dir=\"auto\">COTIZA CON NOSOTROS<\/div>\n<div dir=\"auto\">SERVICIO, EXPERIENCIA, CALIDAD Y CONFIANZA<\/div>\n<div dir=\"auto\">\u00abTodo lo que buscas en un solo lugar\u00bb<\/div>\n<\/div>\n<div dir=\"auto\"><\/div>\n<p><img decoding=\"async\" class=\"aligncenter\" src=\"https:\/\/images.ua.prom.st\/1494267654_1494267654.jpg?PImaGE_ID=1494267654\" \/><\/p>\n<p>Realizar un pedido en la web o por \u00a0<a href=\"https:\/\/api.whatsapp.com\/send?phone=593958753126\" target=\"_blank\" rel=\"noopener\">WHATSAPP<\/a>.<\/p>\n<p><img decoding=\"async\" class=\"aligncenter\" src=\"https:\/\/images.ua.prom.st\/1494267867_1494267867.jpg?PImaGE_ID=1494267867\" \/><\/p>\n<p>Consulta con un asesor\u00a0 todas tus inquietudes.<\/p>\n<p><img decoding=\"async\" class=\"aligncenter\" src=\"https:\/\/images.ua.prom.st\/1494266627_1494266627.jpg?PImaGE_ID=1494266627\" \/><\/p>\n<p>Pregunta las formas de pago.<\/p>\n<p><img decoding=\"async\" class=\"aligncenter\" src=\"https:\/\/images.ua.prom.st\/1494267985_1494267985.jpg?PImaGE_ID=1494267985\" \/><\/p>\n<p>Tu pedido llega a la puerta de tu casa.<\/p>\n<p>&nbsp;<\/p>\n<p><strong>\u00a1\u00a1 PREG\u00daNTANOS Sin compromiso !!!!<\/strong><\/p>\n<p>Puede retirar sus pedidos en nuestra\u00a0<a href=\"https:\/\/www.electronicajnc.com\/web\/contactos\" target=\"_blank\" rel=\"noopener\">TIENDA F\u00cdSICA<\/a>\u00a0o realizar sus pedidos\u00a0<a href=\"https:\/\/www.electronicajnc.com\/web\/mi-cuenta\" target=\"_blank\" rel=\"noopener\">ONLINE<\/a>\u00a0o por\u00a0<a href=\"https:\/\/api.whatsapp.com\/send?phone=593958753126\" target=\"_blank\" rel=\"noopener\">WHATSAPP<\/a>.<\/p>\n<p>&nbsp;<\/p>\n","protected":false},"excerpt":{"rendered":"<p>Modulo Laser KY-008 El m\u00f3dulo KY-008 es un peque\u00f1o dispositivo que permite emitir un haz de luz l\u00e1ser, similar a la luz que puedes ver en un puntero l\u00e1ser. El diodo l\u00e1ser es el componente principal del m\u00f3dulo. Es el responsable de emitir el haz de luz del l\u00e1ser. Como ya vimos anteriormente, este diodo [&hellip;]<\/p>\n","protected":false},"featured_media":2886,"comment_status":"closed","ping_status":"closed","template":"","meta":{"saved_in_kubio":false,"_joinchat":[]},"product_brand":[],"product_cat":[21],"product_tag":[1843],"class_list":{"0":"post-2885","1":"product","2":"type-product","3":"status-publish","4":"has-post-thumbnail","6":"product_cat-modulos_sensores","7":"product_tag-modulo-laser-ky-008","9":"first","10":"instock","11":"taxable","12":"shipping-taxable","13":"product-type-simple"},"yoast_head":"<!-- This site is optimized with the Yoast SEO plugin v27.6 - https:\/\/yoast.com\/product\/yoast-seo-wordpress\/ -->\n<title>Modulo Laser KY-008 - Electronica JNC<\/title>\n<meta name=\"description\" content=\"Modulo Laser KY-008 se usa en proyectos de electr\u00f3nica y rob\u00f3tica, en \u00e1reas como la comunicaci\u00f3n, la detecci\u00f3n y la creaci\u00f3n de efectos visuales.\" \/>\n<meta name=\"robots\" content=\"index, follow, max-snippet:-1, max-image-preview:large, max-video-preview:-1\" \/>\n<link rel=\"canonical\" href=\"https:\/\/www.electronicajnc.com\/web\/producto\/modulo-laser-ky-008\/\" \/>\n<meta property=\"og:locale\" content=\"es_ES\" \/>\n<meta property=\"og:type\" content=\"article\" \/>\n<meta property=\"og:title\" content=\"Modulo Laser KY-008 - Electronica JNC\" \/>\n<meta property=\"og:description\" content=\"Modulo Laser KY-008 se usa en proyectos de electr\u00f3nica y rob\u00f3tica, en \u00e1reas como la comunicaci\u00f3n, la detecci\u00f3n y la creaci\u00f3n de efectos visuales.\" \/>\n<meta property=\"og:url\" content=\"https:\/\/www.electronicajnc.com\/web\/producto\/modulo-laser-ky-008\/\" \/>\n<meta property=\"og:site_name\" content=\"Electronica JNC\" \/>\n<meta property=\"article:modified_time\" content=\"2026-03-10T16:24:38+00:00\" \/>\n<meta property=\"og:image\" content=\"https:\/\/www.electronicajnc.com\/web\/wp-content\/uploads\/2026\/03\/Modulo-Laser-KY-008.jpg\" \/>\n\t<meta property=\"og:image:width\" content=\"1028\" \/>\n\t<meta property=\"og:image:height\" content=\"1115\" \/>\n\t<meta property=\"og:image:type\" content=\"image\/jpeg\" \/>\n<meta name=\"twitter:card\" content=\"summary_large_image\" \/>\n<meta name=\"twitter:label1\" content=\"Tiempo de lectura\" \/>\n\t<meta name=\"twitter:data1\" content=\"3 minutos\" \/>\n<script type=\"application\/ld+json\" class=\"yoast-schema-graph\">{\"@context\":\"https:\\\/\\\/schema.org\",\"@graph\":[{\"@type\":\"WebPage\",\"@id\":\"https:\\\/\\\/www.electronicajnc.com\\\/web\\\/producto\\\/modulo-laser-ky-008\\\/\",\"url\":\"https:\\\/\\\/www.electronicajnc.com\\\/web\\\/producto\\\/modulo-laser-ky-008\\\/\",\"name\":\"Modulo Laser KY-008 - Electronica JNC\",\"isPartOf\":{\"@id\":\"https:\\\/\\\/www.electronicajnc.com\\\/web\\\/#website\"},\"primaryImageOfPage\":{\"@id\":\"https:\\\/\\\/www.electronicajnc.com\\\/web\\\/producto\\\/modulo-laser-ky-008\\\/#primaryimage\"},\"image\":{\"@id\":\"https:\\\/\\\/www.electronicajnc.com\\\/web\\\/producto\\\/modulo-laser-ky-008\\\/#primaryimage\"},\"thumbnailUrl\":\"https:\\\/\\\/www.electronicajnc.com\\\/web\\\/wp-content\\\/uploads\\\/2026\\\/03\\\/Modulo-Laser-KY-008.jpg\",\"datePublished\":\"2026-03-10T16:24:10+00:00\",\"dateModified\":\"2026-03-10T16:24:38+00:00\",\"description\":\"Modulo Laser KY-008 se usa en proyectos de electr\u00f3nica y rob\u00f3tica, en \u00e1reas como la comunicaci\u00f3n, la detecci\u00f3n y la creaci\u00f3n de efectos visuales.\",\"breadcrumb\":{\"@id\":\"https:\\\/\\\/www.electronicajnc.com\\\/web\\\/producto\\\/modulo-laser-ky-008\\\/#breadcrumb\"},\"inLanguage\":\"es\",\"potentialAction\":[{\"@type\":\"ReadAction\",\"target\":[\"https:\\\/\\\/www.electronicajnc.com\\\/web\\\/producto\\\/modulo-laser-ky-008\\\/\"]}]},{\"@type\":\"ImageObject\",\"inLanguage\":\"es\",\"@id\":\"https:\\\/\\\/www.electronicajnc.com\\\/web\\\/producto\\\/modulo-laser-ky-008\\\/#primaryimage\",\"url\":\"https:\\\/\\\/www.electronicajnc.com\\\/web\\\/wp-content\\\/uploads\\\/2026\\\/03\\\/Modulo-Laser-KY-008.jpg\",\"contentUrl\":\"https:\\\/\\\/www.electronicajnc.com\\\/web\\\/wp-content\\\/uploads\\\/2026\\\/03\\\/Modulo-Laser-KY-008.jpg\",\"width\":1028,\"height\":1115,\"caption\":\"Modulo Laser KY-008\"},{\"@type\":\"BreadcrumbList\",\"@id\":\"https:\\\/\\\/www.electronicajnc.com\\\/web\\\/producto\\\/modulo-laser-ky-008\\\/#breadcrumb\",\"itemListElement\":[{\"@type\":\"ListItem\",\"position\":1,\"name\":\"Portada\",\"item\":\"https:\\\/\\\/www.electronicajnc.com\\\/web\\\/\"},{\"@type\":\"ListItem\",\"position\":2,\"name\":\"TIENDA\",\"item\":\"https:\\\/\\\/www.electronicajnc.com\\\/web\\\/tienda\\\/\"},{\"@type\":\"ListItem\",\"position\":3,\"name\":\"Modulo Laser KY-008\"}]},{\"@type\":\"WebSite\",\"@id\":\"https:\\\/\\\/www.electronicajnc.com\\\/web\\\/#website\",\"url\":\"https:\\\/\\\/www.electronicajnc.com\\\/web\\\/\",\"name\":\"Electronica JNC\",\"description\":\"Robotica Tecnologia Mecatronica en Ecuador\",\"publisher\":{\"@id\":\"https:\\\/\\\/www.electronicajnc.com\\\/web\\\/#organization\"},\"potentialAction\":[{\"@type\":\"SearchAction\",\"target\":{\"@type\":\"EntryPoint\",\"urlTemplate\":\"https:\\\/\\\/www.electronicajnc.com\\\/web\\\/?s={search_term_string}\"},\"query-input\":{\"@type\":\"PropertyValueSpecification\",\"valueRequired\":true,\"valueName\":\"search_term_string\"}}],\"inLanguage\":\"es\"},{\"@type\":\"Organization\",\"@id\":\"https:\\\/\\\/www.electronicajnc.com\\\/web\\\/#organization\",\"name\":\"Electronica JNC\",\"url\":\"https:\\\/\\\/www.electronicajnc.com\\\/web\\\/\",\"logo\":{\"@type\":\"ImageObject\",\"inLanguage\":\"es\",\"@id\":\"https:\\\/\\\/www.electronicajnc.com\\\/web\\\/#\\\/schema\\\/logo\\\/image\\\/\",\"url\":\"https:\\\/\\\/www.electronicajnc.com\\\/web\\\/wp-content\\\/uploads\\\/2023\\\/06\\\/nuevo-logo.jpg\",\"contentUrl\":\"https:\\\/\\\/www.electronicajnc.com\\\/web\\\/wp-content\\\/uploads\\\/2023\\\/06\\\/nuevo-logo.jpg\",\"width\":1256,\"height\":612,\"caption\":\"Electronica JNC\"},\"image\":{\"@id\":\"https:\\\/\\\/www.electronicajnc.com\\\/web\\\/#\\\/schema\\\/logo\\\/image\\\/\"}}]}<\/script>\n<!-- \/ Yoast SEO plugin. -->","yoast_head_json":{"title":"Modulo Laser KY-008 - Electronica JNC","description":"Modulo Laser KY-008 se usa en proyectos de electr\u00f3nica y rob\u00f3tica, en \u00e1reas como la comunicaci\u00f3n, la detecci\u00f3n y la creaci\u00f3n de efectos visuales.","robots":{"index":"index","follow":"follow","max-snippet":"max-snippet:-1","max-image-preview":"max-image-preview:large","max-video-preview":"max-video-preview:-1"},"canonical":"https:\/\/www.electronicajnc.com\/web\/producto\/modulo-laser-ky-008\/","og_locale":"es_ES","og_type":"article","og_title":"Modulo Laser KY-008 - Electronica JNC","og_description":"Modulo Laser KY-008 se usa en proyectos de electr\u00f3nica y rob\u00f3tica, en \u00e1reas como la comunicaci\u00f3n, la detecci\u00f3n y la creaci\u00f3n de efectos visuales.","og_url":"https:\/\/www.electronicajnc.com\/web\/producto\/modulo-laser-ky-008\/","og_site_name":"Electronica JNC","article_modified_time":"2026-03-10T16:24:38+00:00","og_image":[{"width":1028,"height":1115,"url":"https:\/\/www.electronicajnc.com\/web\/wp-content\/uploads\/2026\/03\/Modulo-Laser-KY-008.jpg","type":"image\/jpeg"}],"twitter_card":"summary_large_image","twitter_misc":{"Tiempo de lectura":"3 minutos"},"schema":{"@context":"https:\/\/schema.org","@graph":[{"@type":"WebPage","@id":"https:\/\/www.electronicajnc.com\/web\/producto\/modulo-laser-ky-008\/","url":"https:\/\/www.electronicajnc.com\/web\/producto\/modulo-laser-ky-008\/","name":"Modulo Laser KY-008 - Electronica JNC","isPartOf":{"@id":"https:\/\/www.electronicajnc.com\/web\/#website"},"primaryImageOfPage":{"@id":"https:\/\/www.electronicajnc.com\/web\/producto\/modulo-laser-ky-008\/#primaryimage"},"image":{"@id":"https:\/\/www.electronicajnc.com\/web\/producto\/modulo-laser-ky-008\/#primaryimage"},"thumbnailUrl":"https:\/\/www.electronicajnc.com\/web\/wp-content\/uploads\/2026\/03\/Modulo-Laser-KY-008.jpg","datePublished":"2026-03-10T16:24:10+00:00","dateModified":"2026-03-10T16:24:38+00:00","description":"Modulo Laser KY-008 se usa en proyectos de electr\u00f3nica y rob\u00f3tica, en \u00e1reas como la comunicaci\u00f3n, la detecci\u00f3n y la creaci\u00f3n de efectos visuales.","breadcrumb":{"@id":"https:\/\/www.electronicajnc.com\/web\/producto\/modulo-laser-ky-008\/#breadcrumb"},"inLanguage":"es","potentialAction":[{"@type":"ReadAction","target":["https:\/\/www.electronicajnc.com\/web\/producto\/modulo-laser-ky-008\/"]}]},{"@type":"ImageObject","inLanguage":"es","@id":"https:\/\/www.electronicajnc.com\/web\/producto\/modulo-laser-ky-008\/#primaryimage","url":"https:\/\/www.electronicajnc.com\/web\/wp-content\/uploads\/2026\/03\/Modulo-Laser-KY-008.jpg","contentUrl":"https:\/\/www.electronicajnc.com\/web\/wp-content\/uploads\/2026\/03\/Modulo-Laser-KY-008.jpg","width":1028,"height":1115,"caption":"Modulo Laser KY-008"},{"@type":"BreadcrumbList","@id":"https:\/\/www.electronicajnc.com\/web\/producto\/modulo-laser-ky-008\/#breadcrumb","itemListElement":[{"@type":"ListItem","position":1,"name":"Portada","item":"https:\/\/www.electronicajnc.com\/web\/"},{"@type":"ListItem","position":2,"name":"TIENDA","item":"https:\/\/www.electronicajnc.com\/web\/tienda\/"},{"@type":"ListItem","position":3,"name":"Modulo Laser KY-008"}]},{"@type":"WebSite","@id":"https:\/\/www.electronicajnc.com\/web\/#website","url":"https:\/\/www.electronicajnc.com\/web\/","name":"Electronica JNC","description":"Robotica Tecnologia Mecatronica en Ecuador","publisher":{"@id":"https:\/\/www.electronicajnc.com\/web\/#organization"},"potentialAction":[{"@type":"SearchAction","target":{"@type":"EntryPoint","urlTemplate":"https:\/\/www.electronicajnc.com\/web\/?s={search_term_string}"},"query-input":{"@type":"PropertyValueSpecification","valueRequired":true,"valueName":"search_term_string"}}],"inLanguage":"es"},{"@type":"Organization","@id":"https:\/\/www.electronicajnc.com\/web\/#organization","name":"Electronica JNC","url":"https:\/\/www.electronicajnc.com\/web\/","logo":{"@type":"ImageObject","inLanguage":"es","@id":"https:\/\/www.electronicajnc.com\/web\/#\/schema\/logo\/image\/","url":"https:\/\/www.electronicajnc.com\/web\/wp-content\/uploads\/2023\/06\/nuevo-logo.jpg","contentUrl":"https:\/\/www.electronicajnc.com\/web\/wp-content\/uploads\/2023\/06\/nuevo-logo.jpg","width":1256,"height":612,"caption":"Electronica JNC"},"image":{"@id":"https:\/\/www.electronicajnc.com\/web\/#\/schema\/logo\/image\/"}}]}},"_links":{"self":[{"href":"https:\/\/www.electronicajnc.com\/web\/wp-json\/wp\/v2\/product\/2885","targetHints":{"allow":["GET"]}}],"collection":[{"href":"https:\/\/www.electronicajnc.com\/web\/wp-json\/wp\/v2\/product"}],"about":[{"href":"https:\/\/www.electronicajnc.com\/web\/wp-json\/wp\/v2\/types\/product"}],"replies":[{"embeddable":true,"href":"https:\/\/www.electronicajnc.com\/web\/wp-json\/wp\/v2\/comments?post=2885"}],"wp:featuredmedia":[{"embeddable":true,"href":"https:\/\/www.electronicajnc.com\/web\/wp-json\/wp\/v2\/media\/2886"}],"wp:attachment":[{"href":"https:\/\/www.electronicajnc.com\/web\/wp-json\/wp\/v2\/media?parent=2885"}],"wp:term":[{"taxonomy":"product_brand","embeddable":true,"href":"https:\/\/www.electronicajnc.com\/web\/wp-json\/wp\/v2\/product_brand?post=2885"},{"taxonomy":"product_cat","embeddable":true,"href":"https:\/\/www.electronicajnc.com\/web\/wp-json\/wp\/v2\/product_cat?post=2885"},{"taxonomy":"product_tag","embeddable":true,"href":"https:\/\/www.electronicajnc.com\/web\/wp-json\/wp\/v2\/product_tag?post=2885"}],"curies":[{"name":"wp","href":"https:\/\/api.w.org\/{rel}","templated":true}]}}