{"id":2921,"date":"2026-04-24T19:19:23","date_gmt":"2026-04-24T19:19:23","guid":{"rendered":"https:\/\/www.electronicajnc.com\/web\/?post_type=product&#038;p=2921"},"modified":"2026-04-24T19:20:45","modified_gmt":"2026-04-24T19:20:45","slug":"kit-de-herramientas-soldadura","status":"publish","type":"product","link":"https:\/\/www.electronicajnc.com\/web\/producto\/kit-de-herramientas-soldadura\/","title":{"rendered":"Kit De Herramientas Soldadura"},"content":{"rendered":"<p class=\"product_title entry-title\">Kit De Herramientas Soldadura<\/p>\n<p>El kit soldador el\u00e9ctrico 60W 110V caut\u00edn con mult\u00edmetro cuenta con cerca de 21 elementos en equipo de electr\u00f3nica y electricidad, \u00fatil en reparaciones o desarrollo un proyecto electricidad.\u00a0El kit incluye:<\/p>\n<ul>\n<li>Pinzas de micro corte<\/li>\n<li>Pinzas antiest\u00e1tica para SMD<\/li>\n<li>Desarmador\/Probador de fase<\/li>\n<li>Cinta de aislar<\/li>\n<li>Puntas para mult\u00edmetro<\/li>\n<li>Esponja para caut\u00edn<\/li>\n<li>Puntas para caut\u00edn<\/li>\n<li>Desoldador de succi\u00f3n<\/li>\n<li>Caut\u00edn de temperatura variable<\/li>\n<li>Alambre para protoboard<\/li>\n<li>Rollo de soldadura<\/li>\n<li>Mult\u00edmetro\u00a0<strong>(sin bater\u00eda)<\/strong><\/li>\n<\/ul>\n<p>Todos los componentes del Kit Soldador Port\u00e1til con Herramientas vienen integrados en un estuche de pl\u00e1stico sellable con cierre, el estuche tiene resortes de tela para sujetar y mantener organizados todos los elementos del kit.<\/p>\n<h1 class=\"product_title entry-title\">Kit De Herramientas Soldadura<\/h1>\n<ul>\n<li>Caracter\u00edsticas del caut\u00edn:\n<ul>\n<li>Voltaje de entrada: 117 VAC a 60Hz<\/li>\n<li>Potencia: 60W<\/li>\n<li>Temperatura: 200\u00b0C a 450\u00b0C<\/li>\n<\/ul>\n<\/li>\n<\/ul>\n<div>\n<h2><b>\u00bfD\u00f3nde<\/b><strong>\u00a0conseguir ?<\/strong><\/h2>\n<\/div>\n<p>Puedes conseguir este producto y mucho mas en nuestra tienda de electr\u00f3nica \u201cElectr\u00f3nica JNC\u201d a un excelente precio, de igual manera puedes preguntar por otros productos que tenemos para ti y as\u00ed adquirirlos seg\u00fan tu necesidad para\u00a0 tus proyectos.<\/p>\n<p>Adem\u00e1s de vender realizamos todo tipo de proyectos de Rob\u00f3tica Electr\u00f3nica y de Programaci\u00f3n en Arduino-Raspberry, brindamos asesoramiento en la elaboraci\u00f3n de proyectos y personalizamos sus clases cuando deseas armar un robot.<\/p>\n<p>Somos importadores Directos de todo en Electr\u00f3nica y Rob\u00f3tica directamente desde los fabricantes, a los mejores precios del mercado.<\/p>\n<div class=\"x11i5rnm xat24cr x1mh8g0r x1vvkbs xtlvy1s x126k92a\">\n<div dir=\"auto\">SERVICIO PERSONALIZADO, APOYO TEORICO Y VENTA DE MATERIAL<\/div>\n<\/div>\n<div class=\"x11i5rnm xat24cr x1mh8g0r x1vvkbs xtlvy1s x126k92a\">\n<div dir=\"auto\">COTIZA CON NOSOTROS<\/div>\n<div dir=\"auto\">SERVICIO, EXPERIENCIA, CALIDAD Y CONFIANZA<\/div>\n<div dir=\"auto\">\u00abTodo lo que buscas en un solo lugar\u00bb<\/div>\n<\/div>\n<div dir=\"auto\"><\/div>\n<p><img decoding=\"async\" class=\"aligncenter\" src=\"https:\/\/images.ua.prom.st\/1494267654_1494267654.jpg?PImaGE_ID=1494267654\" \/><\/p>\n<p>Realizar un pedido en la web o por \u00a0<a href=\"https:\/\/api.whatsapp.com\/send?phone=593958753126\" target=\"_blank\" rel=\"noopener\">WHATSAPP<\/a>.<\/p>\n<p><img decoding=\"async\" class=\"aligncenter\" src=\"https:\/\/images.ua.prom.st\/1494267867_1494267867.jpg?PImaGE_ID=1494267867\" \/><\/p>\n<p>Consulta con un asesor\u00a0 todas tus inquietudes.<\/p>\n<p><img decoding=\"async\" class=\"aligncenter\" src=\"https:\/\/images.ua.prom.st\/1494266627_1494266627.jpg?PImaGE_ID=1494266627\" \/><\/p>\n<p>Pregunta las formas de pago.<\/p>\n<p><img decoding=\"async\" class=\"aligncenter\" src=\"https:\/\/images.ua.prom.st\/1494267985_1494267985.jpg?PImaGE_ID=1494267985\" \/><\/p>\n<p>Tu pedido llega a la puerta de tu casa.<\/p>\n<p>&nbsp;<\/p>\n<p><strong>\u00a1\u00a1 PREGUNTANOS Sin compromiso !!!!<\/strong><\/p>\n<p>Puede retirar sus pedidos en nuestra\u00a0<a href=\"https:\/\/www.electronicajnc.com\/web\/contactos\" target=\"_blank\" rel=\"noopener\">TIENDA F\u00cdSICA<\/a>\u00a0o realizar sus pedidos\u00a0<a href=\"https:\/\/www.electronicajnc.com\/web\/mi-cuenta\" target=\"_blank\" rel=\"noopener\">ONLINE<\/a>\u00a0o por\u00a0<a href=\"https:\/\/api.whatsapp.com\/send?phone=593958753126\" target=\"_blank\" rel=\"noopener\">WHATSAPP<\/a>.<\/p>\n","protected":false},"excerpt":{"rendered":"<p>Kit De Herramientas Soldadura El kit soldador el\u00e9ctrico 60W 110V caut\u00edn con mult\u00edmetro cuenta con cerca de 21 elementos en equipo de electr\u00f3nica y electricidad, \u00fatil en reparaciones o desarrollo un proyecto electricidad.\u00a0El kit incluye: Pinzas de micro corte Pinzas antiest\u00e1tica para SMD Desarmador\/Probador de fase Cinta de aislar Puntas para mult\u00edmetro Esponja para caut\u00edn [&hellip;]<\/p>\n","protected":false},"featured_media":2922,"comment_status":"closed","ping_status":"closed","template":"","meta":{"saved_in_kubio":false,"_joinchat":[]},"product_brand":[],"product_cat":[70],"product_tag":[1902,1903,641,1904,1905,1906,1907,278,1908,1909,1433,78,1910,1911,648,643,1912],"class_list":{"0":"post-2921","1":"product","2":"type-product","3":"status-publish","4":"has-post-thumbnail","6":"product_cat-electronica_herramientas","7":"product_tag-60w","8":"product_tag-alambre","9":"product_tag-cautin","10":"product_tag-cautines","11":"product_tag-cautines-y-estaciones","12":"product_tag-cuter","13":"product_tag-equipo-de-soldado","14":"product_tag-kit","15":"product_tag-kit-de-soldadura","16":"product_tag-maletin","17":"product_tag-material-basico-para-estudiantes","18":"product_tag-multimetro","19":"product_tag-puntas-de-soldado","20":"product_tag-soldado","21":"product_tag-soldador","22":"product_tag-soldadura","23":"product_tag-temperatura-variable","25":"first","26":"instock","27":"taxable","28":"shipping-taxable","29":"product-type-simple"},"yoast_head":"<!-- This site is optimized with the Yoast SEO plugin v27.5 - https:\/\/yoast.com\/product\/yoast-seo-wordpress\/ -->\n<title>Kit De Herramientas Soldadura - Electronica JNC<\/title>\n<meta name=\"description\" content=\"Kit De Herramientas Soldadura con estuche con cierre, el estuche tiene resortes de tela para sujetar y mantener organizados todos los elementos del kit.\" \/>\n<meta name=\"robots\" content=\"index, follow, max-snippet:-1, max-image-preview:large, max-video-preview:-1\" \/>\n<link rel=\"canonical\" href=\"https:\/\/www.electronicajnc.com\/web\/producto\/kit-de-herramientas-soldadura\/\" \/>\n<meta property=\"og:locale\" content=\"es_ES\" \/>\n<meta property=\"og:type\" content=\"article\" \/>\n<meta property=\"og:title\" content=\"Kit De Herramientas Soldadura - Electronica JNC\" \/>\n<meta property=\"og:description\" content=\"Kit De Herramientas Soldadura con estuche con cierre, el estuche tiene resortes de tela para sujetar y mantener organizados todos los elementos del kit.\" \/>\n<meta property=\"og:url\" content=\"https:\/\/www.electronicajnc.com\/web\/producto\/kit-de-herramientas-soldadura\/\" \/>\n<meta property=\"og:site_name\" content=\"Electronica JNC\" \/>\n<meta property=\"article:modified_time\" content=\"2026-04-24T19:20:45+00:00\" \/>\n<meta property=\"og:image\" content=\"https:\/\/www.electronicajnc.com\/web\/wp-content\/uploads\/2026\/04\/kit-de-soldadura.jpg\" \/>\n\t<meta property=\"og:image:width\" content=\"1028\" \/>\n\t<meta property=\"og:image:height\" content=\"1115\" \/>\n\t<meta property=\"og:image:type\" content=\"image\/jpeg\" \/>\n<meta name=\"twitter:card\" content=\"summary_large_image\" \/>\n<meta name=\"twitter:label1\" content=\"Tiempo de lectura\" \/>\n\t<meta name=\"twitter:data1\" content=\"3 minutos\" \/>\n<script type=\"application\/ld+json\" class=\"yoast-schema-graph\">{\"@context\":\"https:\\\/\\\/schema.org\",\"@graph\":[{\"@type\":\"WebPage\",\"@id\":\"https:\\\/\\\/www.electronicajnc.com\\\/web\\\/producto\\\/kit-de-herramientas-soldadura\\\/\",\"url\":\"https:\\\/\\\/www.electronicajnc.com\\\/web\\\/producto\\\/kit-de-herramientas-soldadura\\\/\",\"name\":\"Kit De Herramientas Soldadura - Electronica JNC\",\"isPartOf\":{\"@id\":\"https:\\\/\\\/www.electronicajnc.com\\\/web\\\/#website\"},\"primaryImageOfPage\":{\"@id\":\"https:\\\/\\\/www.electronicajnc.com\\\/web\\\/producto\\\/kit-de-herramientas-soldadura\\\/#primaryimage\"},\"image\":{\"@id\":\"https:\\\/\\\/www.electronicajnc.com\\\/web\\\/producto\\\/kit-de-herramientas-soldadura\\\/#primaryimage\"},\"thumbnailUrl\":\"https:\\\/\\\/www.electronicajnc.com\\\/web\\\/wp-content\\\/uploads\\\/2026\\\/04\\\/kit-de-soldadura.jpg\",\"datePublished\":\"2026-04-24T19:19:23+00:00\",\"dateModified\":\"2026-04-24T19:20:45+00:00\",\"description\":\"Kit De Herramientas Soldadura con estuche con cierre, el estuche tiene resortes de tela para sujetar y mantener organizados todos los elementos del kit.\",\"breadcrumb\":{\"@id\":\"https:\\\/\\\/www.electronicajnc.com\\\/web\\\/producto\\\/kit-de-herramientas-soldadura\\\/#breadcrumb\"},\"inLanguage\":\"es\",\"potentialAction\":[{\"@type\":\"ReadAction\",\"target\":[\"https:\\\/\\\/www.electronicajnc.com\\\/web\\\/producto\\\/kit-de-herramientas-soldadura\\\/\"]}]},{\"@type\":\"ImageObject\",\"inLanguage\":\"es\",\"@id\":\"https:\\\/\\\/www.electronicajnc.com\\\/web\\\/producto\\\/kit-de-herramientas-soldadura\\\/#primaryimage\",\"url\":\"https:\\\/\\\/www.electronicajnc.com\\\/web\\\/wp-content\\\/uploads\\\/2026\\\/04\\\/kit-de-soldadura.jpg\",\"contentUrl\":\"https:\\\/\\\/www.electronicajnc.com\\\/web\\\/wp-content\\\/uploads\\\/2026\\\/04\\\/kit-de-soldadura.jpg\",\"width\":1028,\"height\":1115,\"caption\":\"Kit De Herramientas Soldadura\"},{\"@type\":\"BreadcrumbList\",\"@id\":\"https:\\\/\\\/www.electronicajnc.com\\\/web\\\/producto\\\/kit-de-herramientas-soldadura\\\/#breadcrumb\",\"itemListElement\":[{\"@type\":\"ListItem\",\"position\":1,\"name\":\"Portada\",\"item\":\"https:\\\/\\\/www.electronicajnc.com\\\/web\\\/\"},{\"@type\":\"ListItem\",\"position\":2,\"name\":\"TIENDA\",\"item\":\"https:\\\/\\\/www.electronicajnc.com\\\/web\\\/tienda\\\/\"},{\"@type\":\"ListItem\",\"position\":3,\"name\":\"Kit De Herramientas Soldadura\"}]},{\"@type\":\"WebSite\",\"@id\":\"https:\\\/\\\/www.electronicajnc.com\\\/web\\\/#website\",\"url\":\"https:\\\/\\\/www.electronicajnc.com\\\/web\\\/\",\"name\":\"Electronica JNC\",\"description\":\"Robotica Tecnologia Mecatronica en Ecuador\",\"publisher\":{\"@id\":\"https:\\\/\\\/www.electronicajnc.com\\\/web\\\/#organization\"},\"potentialAction\":[{\"@type\":\"SearchAction\",\"target\":{\"@type\":\"EntryPoint\",\"urlTemplate\":\"https:\\\/\\\/www.electronicajnc.com\\\/web\\\/?s={search_term_string}\"},\"query-input\":{\"@type\":\"PropertyValueSpecification\",\"valueRequired\":true,\"valueName\":\"search_term_string\"}}],\"inLanguage\":\"es\"},{\"@type\":\"Organization\",\"@id\":\"https:\\\/\\\/www.electronicajnc.com\\\/web\\\/#organization\",\"name\":\"Electronica JNC\",\"url\":\"https:\\\/\\\/www.electronicajnc.com\\\/web\\\/\",\"logo\":{\"@type\":\"ImageObject\",\"inLanguage\":\"es\",\"@id\":\"https:\\\/\\\/www.electronicajnc.com\\\/web\\\/#\\\/schema\\\/logo\\\/image\\\/\",\"url\":\"https:\\\/\\\/www.electronicajnc.com\\\/web\\\/wp-content\\\/uploads\\\/2023\\\/06\\\/nuevo-logo.jpg\",\"contentUrl\":\"https:\\\/\\\/www.electronicajnc.com\\\/web\\\/wp-content\\\/uploads\\\/2023\\\/06\\\/nuevo-logo.jpg\",\"width\":1256,\"height\":612,\"caption\":\"Electronica JNC\"},\"image\":{\"@id\":\"https:\\\/\\\/www.electronicajnc.com\\\/web\\\/#\\\/schema\\\/logo\\\/image\\\/\"}}]}<\/script>\n<!-- \/ Yoast SEO plugin. -->","yoast_head_json":{"title":"Kit De Herramientas Soldadura - Electronica JNC","description":"Kit De Herramientas Soldadura con estuche con cierre, el estuche tiene resortes de tela para sujetar y mantener organizados todos los elementos del kit.","robots":{"index":"index","follow":"follow","max-snippet":"max-snippet:-1","max-image-preview":"max-image-preview:large","max-video-preview":"max-video-preview:-1"},"canonical":"https:\/\/www.electronicajnc.com\/web\/producto\/kit-de-herramientas-soldadura\/","og_locale":"es_ES","og_type":"article","og_title":"Kit De Herramientas Soldadura - Electronica JNC","og_description":"Kit De Herramientas Soldadura con estuche con cierre, el estuche tiene resortes de tela para sujetar y mantener organizados todos los elementos del kit.","og_url":"https:\/\/www.electronicajnc.com\/web\/producto\/kit-de-herramientas-soldadura\/","og_site_name":"Electronica JNC","article_modified_time":"2026-04-24T19:20:45+00:00","og_image":[{"width":1028,"height":1115,"url":"https:\/\/www.electronicajnc.com\/web\/wp-content\/uploads\/2026\/04\/kit-de-soldadura.jpg","type":"image\/jpeg"}],"twitter_card":"summary_large_image","twitter_misc":{"Tiempo de lectura":"3 minutos"},"schema":{"@context":"https:\/\/schema.org","@graph":[{"@type":"WebPage","@id":"https:\/\/www.electronicajnc.com\/web\/producto\/kit-de-herramientas-soldadura\/","url":"https:\/\/www.electronicajnc.com\/web\/producto\/kit-de-herramientas-soldadura\/","name":"Kit De Herramientas Soldadura - Electronica JNC","isPartOf":{"@id":"https:\/\/www.electronicajnc.com\/web\/#website"},"primaryImageOfPage":{"@id":"https:\/\/www.electronicajnc.com\/web\/producto\/kit-de-herramientas-soldadura\/#primaryimage"},"image":{"@id":"https:\/\/www.electronicajnc.com\/web\/producto\/kit-de-herramientas-soldadura\/#primaryimage"},"thumbnailUrl":"https:\/\/www.electronicajnc.com\/web\/wp-content\/uploads\/2026\/04\/kit-de-soldadura.jpg","datePublished":"2026-04-24T19:19:23+00:00","dateModified":"2026-04-24T19:20:45+00:00","description":"Kit De Herramientas Soldadura con estuche con cierre, el estuche tiene resortes de tela para sujetar y mantener organizados todos los elementos del kit.","breadcrumb":{"@id":"https:\/\/www.electronicajnc.com\/web\/producto\/kit-de-herramientas-soldadura\/#breadcrumb"},"inLanguage":"es","potentialAction":[{"@type":"ReadAction","target":["https:\/\/www.electronicajnc.com\/web\/producto\/kit-de-herramientas-soldadura\/"]}]},{"@type":"ImageObject","inLanguage":"es","@id":"https:\/\/www.electronicajnc.com\/web\/producto\/kit-de-herramientas-soldadura\/#primaryimage","url":"https:\/\/www.electronicajnc.com\/web\/wp-content\/uploads\/2026\/04\/kit-de-soldadura.jpg","contentUrl":"https:\/\/www.electronicajnc.com\/web\/wp-content\/uploads\/2026\/04\/kit-de-soldadura.jpg","width":1028,"height":1115,"caption":"Kit De Herramientas Soldadura"},{"@type":"BreadcrumbList","@id":"https:\/\/www.electronicajnc.com\/web\/producto\/kit-de-herramientas-soldadura\/#breadcrumb","itemListElement":[{"@type":"ListItem","position":1,"name":"Portada","item":"https:\/\/www.electronicajnc.com\/web\/"},{"@type":"ListItem","position":2,"name":"TIENDA","item":"https:\/\/www.electronicajnc.com\/web\/tienda\/"},{"@type":"ListItem","position":3,"name":"Kit De Herramientas Soldadura"}]},{"@type":"WebSite","@id":"https:\/\/www.electronicajnc.com\/web\/#website","url":"https:\/\/www.electronicajnc.com\/web\/","name":"Electronica JNC","description":"Robotica Tecnologia Mecatronica en Ecuador","publisher":{"@id":"https:\/\/www.electronicajnc.com\/web\/#organization"},"potentialAction":[{"@type":"SearchAction","target":{"@type":"EntryPoint","urlTemplate":"https:\/\/www.electronicajnc.com\/web\/?s={search_term_string}"},"query-input":{"@type":"PropertyValueSpecification","valueRequired":true,"valueName":"search_term_string"}}],"inLanguage":"es"},{"@type":"Organization","@id":"https:\/\/www.electronicajnc.com\/web\/#organization","name":"Electronica JNC","url":"https:\/\/www.electronicajnc.com\/web\/","logo":{"@type":"ImageObject","inLanguage":"es","@id":"https:\/\/www.electronicajnc.com\/web\/#\/schema\/logo\/image\/","url":"https:\/\/www.electronicajnc.com\/web\/wp-content\/uploads\/2023\/06\/nuevo-logo.jpg","contentUrl":"https:\/\/www.electronicajnc.com\/web\/wp-content\/uploads\/2023\/06\/nuevo-logo.jpg","width":1256,"height":612,"caption":"Electronica JNC"},"image":{"@id":"https:\/\/www.electronicajnc.com\/web\/#\/schema\/logo\/image\/"}}]}},"_links":{"self":[{"href":"https:\/\/www.electronicajnc.com\/web\/wp-json\/wp\/v2\/product\/2921","targetHints":{"allow":["GET"]}}],"collection":[{"href":"https:\/\/www.electronicajnc.com\/web\/wp-json\/wp\/v2\/product"}],"about":[{"href":"https:\/\/www.electronicajnc.com\/web\/wp-json\/wp\/v2\/types\/product"}],"replies":[{"embeddable":true,"href":"https:\/\/www.electronicajnc.com\/web\/wp-json\/wp\/v2\/comments?post=2921"}],"wp:featuredmedia":[{"embeddable":true,"href":"https:\/\/www.electronicajnc.com\/web\/wp-json\/wp\/v2\/media\/2922"}],"wp:attachment":[{"href":"https:\/\/www.electronicajnc.com\/web\/wp-json\/wp\/v2\/media?parent=2921"}],"wp:term":[{"taxonomy":"product_brand","embeddable":true,"href":"https:\/\/www.electronicajnc.com\/web\/wp-json\/wp\/v2\/product_brand?post=2921"},{"taxonomy":"product_cat","embeddable":true,"href":"https:\/\/www.electronicajnc.com\/web\/wp-json\/wp\/v2\/product_cat?post=2921"},{"taxonomy":"product_tag","embeddable":true,"href":"https:\/\/www.electronicajnc.com\/web\/wp-json\/wp\/v2\/product_tag?post=2921"}],"curies":[{"name":"wp","href":"https:\/\/api.w.org\/{rel}","templated":true}]}}