{"id":346,"date":"2023-03-29T19:34:24","date_gmt":"2023-03-29T19:34:24","guid":{"rendered":"https:\/\/www.electronicajnc.com\/web\/?post_type=product&#038;p=346"},"modified":"2024-07-22T20:25:56","modified_gmt":"2024-07-22T20:25:56","slug":"tarjeta-mega-compatible-con-arduino","status":"publish","type":"product","link":"https:\/\/www.electronicajnc.com\/web\/producto\/tarjeta-mega-compatible-con-arduino\/","title":{"rendered":"Tarjeta Mega compatible con Arduino"},"content":{"rendered":"<p>Tarjeta Mega compatible con Arduino<\/p>\n<p>Tarjeta Mega compatible con Arduino, Esta placa se presenta como una alternativa muy econ\u00f3mica y de excelente calidad (basta ver el terminado) para la tarjeta Mega. Es compatible en todos los aspectos con las tarjetas Mega y\u00a0 . El microcontrolador empleado es un ATMEGA2560. Parte del gran precio de esta tarjeta se debe a los circuitos integrados seleccionados y sin embargo, esto no afecta en lo m\u00e1s m\u00ednimo su funcionalidad ni pierde en caracter\u00edsticas contra otras tarjetas originales, clones o compatibles.<\/p>\n<p>Es utilizada para realizar todo tipo de prototipos, practicas y proyectos de electr\u00f3nica ya que puede ser programable para cumplir diferentes tareas o procesos que se le definan, desde recopilar informaci\u00f3n de sensores digitales y anal\u00f3gicos adem\u00e1s\u00a0 controlar diferentes dispositivos como leds, buzzers, motores, actuadores y m\u00e1s.<\/p>\n<p>Tarjeta Mega compatible con Arduino\u00a0 Rev3 basada en el microcontrolador ATmega2560\u00a0\u00a0 posee 54 pines de entrada\/salida digitales (de las cuales 14 se pueden usar como salidas de PWM), 16 entradas anal\u00f3gicas, 4 UART (puertos serie de hardware), un oscilador de cristal de 16 MHz, una conexi\u00f3n USB, un conector de alimentaci\u00f3n, un cabezal (header) ICSP y un bot\u00f3n de reinicio. Contiene todo lo necesario para respaldar al microcontrolador, simplemente con\u00e9ctela a una PC con un cable USB o use un adaptador de CA a CD o bater\u00eda para empezar. La Mega es compatible con la mayor\u00eda de los shields dise\u00f1ados para Arduino, Duemilanove o Diecimila. La tajeta Mega puede alimentarse a trav\u00e9s de la conexi\u00f3n USB o con una fuente de alimentaci\u00f3n externa. La fuente de alimentaci\u00f3n se selecciona autom\u00e1ticamente y posee varias facilidades para comunicarse con una PC, otra Arduino u otros microcontroladores.<\/p>\n<h3>Tarjeta Mega compatible con Arduino<\/h3>\n<h2>Especificaciones<\/h2>\n<ul>\n<li>Microcontrolador: ATmega2560<\/li>\n<li>Voltaje de operaci\u00f3n: 5V (Puerto USB)<\/li>\n<li>Voltaje de alimentaci\u00f3n m\u00ednimo: 7 V<\/li>\n<li>Voltaje de alimentaci\u00f3n m\u00e1ximo: 12 V<\/li>\n<li>Voltaje de alimentaci\u00f3n (l\u00edmite): 6-20V<\/li>\n<li>Pines Digitales E\/S: 54 (14 PWM)<\/li>\n<li>Pines An\u00e1logos (entrada): 66<\/li>\n<li>DC Corriente por Pin 1\/O: 40 mA<\/li>\n<li>DC Corriente para Pin 3.3 V: 50 mA<\/li>\n<li>\n<div class=\"text-wrap tlid-copy-target\">\n<div class=\"result-shield-container tlid-copy-target\"><span class=\"tlid-translation translation\" lang=\"es\"><span class=\"\" title=\"\">Memoria Flash: 256 KB de los cuales 8 KB utilizados por el gestor de arranque<\/span><\/span><\/div>\n<\/div>\n<\/li>\n<li>Memoria EEPROM: 4 KB<\/li>\n<li>Memoria SRAM: 8 KB<\/li>\n<li>Velocidad de reloj: 16 MHz<\/li>\n<li>Dimensiones: 101.52 mm x 53.3 mm<\/li>\n<li>Modelo:\u00a0<span class=\"sku_wrapper\"><span class=\"sku\">AR2863<\/span><\/span>\u00a0+<\/li>\n<li>Modelo: C10<\/li>\n<li>Modelo: MEGA2560-R3<\/li>\n<\/ul>\n<div>\n<h2><b>\u00bfD\u00f3nde<\/b><strong>\u00a0conseguir ?<\/strong><\/h2>\n<\/div>\n<p>Puedes conseguir este producto y mucho mas en nuestra tienda de electr\u00f3nica \u201cElectr\u00f3nica JNC\u201d a un excelente precio, de igual manera puedes preguntar por otros productos que tenemos para ti y as\u00ed adquirirlos seg\u00fan tu necesidad para\u00a0 tus proyectos.<\/p>\n<p>Adem\u00e1s de vender realizamos todo tipo de proyectos de Rob\u00f3tica Electr\u00f3nica y de Programaci\u00f3n compatible con\u00a0 Arduino-Raspberry, brindamos asesoramiento en la elaboraci\u00f3n de proyectos y personalizamos sus clases cuando deseas armar un robot.<\/p>\n<p>Somos importadores Directos de todo en Electr\u00f3nica y Rob\u00f3tica directamente desde los fabricantes, a los mejores precios del mercado.<\/p>\n<div class=\"x11i5rnm xat24cr x1mh8g0r x1vvkbs xtlvy1s x126k92a\">\n<div dir=\"auto\">SERVICIO PERSONALIZADO, APOYO TEORICO Y VENTA DE MATERIAL<\/div>\n<\/div>\n<div class=\"x11i5rnm xat24cr x1mh8g0r x1vvkbs xtlvy1s x126k92a\">\n<div dir=\"auto\">COTIZA CON NOSOTROS<\/div>\n<div dir=\"auto\">SERVICIO, EXPERIENCIA, CALIDAD Y CONFIANZA<\/div>\n<div dir=\"auto\">\u00abTodo lo que buscas en un solo lugar\u00bb<\/div>\n<\/div>\n<div dir=\"auto\"><\/div>\n<p><img decoding=\"async\" class=\"aligncenter\" src=\"https:\/\/images.ua.prom.st\/1494267654_1494267654.jpg?PImaGE_ID=1494267654\" \/><\/p>\n<p style=\"text-align: center;\">Realizar un pedido en la web o por \u00a0<a href=\"https:\/\/api.whatsapp.com\/send?phone=593958753126\" target=\"_blank\" rel=\"noopener\">WHATSAPP<\/a>.<\/p>\n<p><img decoding=\"async\" class=\"aligncenter\" src=\"https:\/\/images.ua.prom.st\/1494267867_1494267867.jpg?PImaGE_ID=1494267867\" \/><\/p>\n<p style=\"text-align: center;\">Consulta con un asesor\u00a0 todas tus inquietudes.<\/p>\n<p><img decoding=\"async\" class=\"aligncenter\" src=\"https:\/\/images.ua.prom.st\/1494266627_1494266627.jpg?PImaGE_ID=1494266627\" \/><\/p>\n<p style=\"text-align: center;\">Pregunta las formas de pago.<\/p>\n<p><img decoding=\"async\" class=\"aligncenter\" src=\"https:\/\/images.ua.prom.st\/1494267985_1494267985.jpg?PImaGE_ID=1494267985\" \/><\/p>\n<p style=\"text-align: center;\">Tu pedido llega a la puerta de tu casa.<\/p>\n<p>&nbsp;<\/p>\n<p><strong>\u00a1\u00a1 PREG\u00daNTANOS Sin compromiso !!!!<\/strong><\/p>\n<p>Puede retirar sus pedidos en nuestra\u00a0<a href=\"https:\/\/www.electronicajnc.com\/web\/contactos\" target=\"_blank\" rel=\"noopener\">TIENDA F\u00cdSICA<\/a>\u00a0o realizar sus pedidos\u00a0<a href=\"https:\/\/www.electronicajnc.com\/web\/mi-cuenta\" target=\"_blank\" rel=\"noopener\">ONLINE<\/a>\u00a0o por\u00a0<a href=\"https:\/\/api.whatsapp.com\/send?phone=593958753126\" target=\"_blank\" rel=\"noopener\">WHATSAPP<\/a>.<\/p>\n","protected":false},"excerpt":{"rendered":"<p>Arduino Mega 2560 R3 es una tarjeta de desarrollo mucho mas potente que el Arduino Uno, utiliza el microcontrolador ATmega2560. Posee 54 entradas\/salidas digitales (15 pueden usarse como PWM), 16 entradas anal\u00f3gicas, 4 UARTs(puertos seriales por hardware)<\/p>\n","protected":false},"featured_media":1662,"comment_status":"closed","ping_status":"closed","template":"","meta":{"saved_in_kubio":false,"_joinchat":[]},"product_brand":[],"product_cat":[52],"product_tag":[41,1106,1107,45,46,39,40,48,51,36,34,38,50,37,47,49,42,43,35],"class_list":{"0":"post-346","1":"product","2":"type-product","3":"status-publish","4":"has-post-thumbnail","6":"product_cat-tarjetas-compatibles-con-arduino","7":"product_tag-baterias","8":"product_tag-compatible-con-arduino","9":"product_tag-compatible-con-arduino-mega","10":"product_tag-distribuidores","11":"product_tag-electronica","12":"product_tag-electrovalvulas","13":"product_tag-fuentes","14":"product_tag-humedad-suelo-lluvia","15":"product_tag-leds","16":"product_tag-lm35","17":"product_tag-modulo-ultrasonico","18":"product_tag-multimetros","19":"product_tag-potenciometros","20":"product_tag-protoboard","21":"product_tag-proyectos-electronica","22":"product_tag-resistencias","23":"product_tag-robot-seguidor-de-linea","24":"product_tag-robot-zumo","25":"product_tag-sensor-de-temperatura","27":"first","28":"instock","29":"taxable","30":"shipping-taxable","31":"purchasable","32":"product-type-simple"},"yoast_head":"<!-- This site is optimized with the Yoast SEO plugin v27.4 - https:\/\/yoast.com\/product\/yoast-seo-wordpress\/ -->\n<title>Tarjeta Mega compatible con Arduino - Electronica JNC<\/title>\n<meta name=\"description\" content=\"MEGA 2560 R3 + Cable Usb ARDUINO tarjeta de desarrollo de Hardware libre construida con el microcontrolador Atmega 2560, que le da sentido a su nombre.\" \/>\n<meta name=\"robots\" content=\"index, follow, max-snippet:-1, max-image-preview:large, max-video-preview:-1\" \/>\n<link rel=\"canonical\" href=\"https:\/\/www.electronicajnc.com\/web\/producto\/tarjeta-mega-compatible-con-arduino\/\" \/>\n<meta property=\"og:locale\" content=\"es_ES\" \/>\n<meta property=\"og:type\" content=\"article\" \/>\n<meta property=\"og:title\" content=\"Tarjeta Mega compatible con Arduino - Electronica JNC\" \/>\n<meta property=\"og:description\" content=\"MEGA 2560 R3 + Cable Usb ARDUINO tarjeta de desarrollo de Hardware libre construida con el microcontrolador Atmega 2560, que le da sentido a su nombre.\" \/>\n<meta property=\"og:url\" content=\"https:\/\/www.electronicajnc.com\/web\/producto\/tarjeta-mega-compatible-con-arduino\/\" \/>\n<meta property=\"og:site_name\" content=\"Electronica JNC\" \/>\n<meta property=\"article:modified_time\" content=\"2024-07-22T20:25:56+00:00\" \/>\n<meta property=\"og:image\" content=\"https:\/\/www.electronicajnc.com\/web\/wp-content\/uploads\/2023\/03\/arduino-mega-cambio.jpg\" \/>\n\t<meta property=\"og:image:width\" content=\"1254\" \/>\n\t<meta property=\"og:image:height\" content=\"857\" \/>\n\t<meta property=\"og:image:type\" content=\"image\/jpeg\" \/>\n<meta name=\"twitter:card\" content=\"summary_large_image\" \/>\n<meta name=\"twitter:label1\" content=\"Tiempo de lectura\" \/>\n\t<meta name=\"twitter:data1\" content=\"4 minutos\" \/>\n<script type=\"application\/ld+json\" class=\"yoast-schema-graph\">{\"@context\":\"https:\\\/\\\/schema.org\",\"@graph\":[{\"@type\":\"WebPage\",\"@id\":\"https:\\\/\\\/www.electronicajnc.com\\\/web\\\/producto\\\/tarjeta-mega-compatible-con-arduino\\\/\",\"url\":\"https:\\\/\\\/www.electronicajnc.com\\\/web\\\/producto\\\/tarjeta-mega-compatible-con-arduino\\\/\",\"name\":\"Tarjeta Mega compatible con Arduino - Electronica JNC\",\"isPartOf\":{\"@id\":\"https:\\\/\\\/www.electronicajnc.com\\\/web\\\/#website\"},\"primaryImageOfPage\":{\"@id\":\"https:\\\/\\\/www.electronicajnc.com\\\/web\\\/producto\\\/tarjeta-mega-compatible-con-arduino\\\/#primaryimage\"},\"image\":{\"@id\":\"https:\\\/\\\/www.electronicajnc.com\\\/web\\\/producto\\\/tarjeta-mega-compatible-con-arduino\\\/#primaryimage\"},\"thumbnailUrl\":\"https:\\\/\\\/www.electronicajnc.com\\\/web\\\/wp-content\\\/uploads\\\/2023\\\/03\\\/arduino-mega-cambio.jpg\",\"datePublished\":\"2023-03-29T19:34:24+00:00\",\"dateModified\":\"2024-07-22T20:25:56+00:00\",\"description\":\"MEGA 2560 R3 + Cable Usb ARDUINO tarjeta de desarrollo de Hardware libre construida con el microcontrolador Atmega 2560, que le da sentido a su nombre.\",\"breadcrumb\":{\"@id\":\"https:\\\/\\\/www.electronicajnc.com\\\/web\\\/producto\\\/tarjeta-mega-compatible-con-arduino\\\/#breadcrumb\"},\"inLanguage\":\"es\",\"potentialAction\":[{\"@type\":\"ReadAction\",\"target\":[\"https:\\\/\\\/www.electronicajnc.com\\\/web\\\/producto\\\/tarjeta-mega-compatible-con-arduino\\\/\"]}]},{\"@type\":\"ImageObject\",\"inLanguage\":\"es\",\"@id\":\"https:\\\/\\\/www.electronicajnc.com\\\/web\\\/producto\\\/tarjeta-mega-compatible-con-arduino\\\/#primaryimage\",\"url\":\"https:\\\/\\\/www.electronicajnc.com\\\/web\\\/wp-content\\\/uploads\\\/2023\\\/03\\\/arduino-mega-cambio.jpg\",\"contentUrl\":\"https:\\\/\\\/www.electronicajnc.com\\\/web\\\/wp-content\\\/uploads\\\/2023\\\/03\\\/arduino-mega-cambio.jpg\",\"width\":1254,\"height\":857,\"caption\":\"compatible con arduino\"},{\"@type\":\"BreadcrumbList\",\"@id\":\"https:\\\/\\\/www.electronicajnc.com\\\/web\\\/producto\\\/tarjeta-mega-compatible-con-arduino\\\/#breadcrumb\",\"itemListElement\":[{\"@type\":\"ListItem\",\"position\":1,\"name\":\"Portada\",\"item\":\"https:\\\/\\\/www.electronicajnc.com\\\/web\\\/\"},{\"@type\":\"ListItem\",\"position\":2,\"name\":\"TIENDA\",\"item\":\"https:\\\/\\\/www.electronicajnc.com\\\/web\\\/tienda\\\/\"},{\"@type\":\"ListItem\",\"position\":3,\"name\":\"Tarjeta Mega compatible con Arduino\"}]},{\"@type\":\"WebSite\",\"@id\":\"https:\\\/\\\/www.electronicajnc.com\\\/web\\\/#website\",\"url\":\"https:\\\/\\\/www.electronicajnc.com\\\/web\\\/\",\"name\":\"Electronica JNC\",\"description\":\"Robotica Tecnologia Mecatronica en Ecuador\",\"publisher\":{\"@id\":\"https:\\\/\\\/www.electronicajnc.com\\\/web\\\/#organization\"},\"potentialAction\":[{\"@type\":\"SearchAction\",\"target\":{\"@type\":\"EntryPoint\",\"urlTemplate\":\"https:\\\/\\\/www.electronicajnc.com\\\/web\\\/?s={search_term_string}\"},\"query-input\":{\"@type\":\"PropertyValueSpecification\",\"valueRequired\":true,\"valueName\":\"search_term_string\"}}],\"inLanguage\":\"es\"},{\"@type\":\"Organization\",\"@id\":\"https:\\\/\\\/www.electronicajnc.com\\\/web\\\/#organization\",\"name\":\"Electronica JNC\",\"url\":\"https:\\\/\\\/www.electronicajnc.com\\\/web\\\/\",\"logo\":{\"@type\":\"ImageObject\",\"inLanguage\":\"es\",\"@id\":\"https:\\\/\\\/www.electronicajnc.com\\\/web\\\/#\\\/schema\\\/logo\\\/image\\\/\",\"url\":\"https:\\\/\\\/www.electronicajnc.com\\\/web\\\/wp-content\\\/uploads\\\/2023\\\/06\\\/nuevo-logo.jpg\",\"contentUrl\":\"https:\\\/\\\/www.electronicajnc.com\\\/web\\\/wp-content\\\/uploads\\\/2023\\\/06\\\/nuevo-logo.jpg\",\"width\":1256,\"height\":612,\"caption\":\"Electronica JNC\"},\"image\":{\"@id\":\"https:\\\/\\\/www.electronicajnc.com\\\/web\\\/#\\\/schema\\\/logo\\\/image\\\/\"}}]}<\/script>\n<!-- \/ Yoast SEO plugin. -->","yoast_head_json":{"title":"Tarjeta Mega compatible con Arduino - Electronica JNC","description":"MEGA 2560 R3 + Cable Usb ARDUINO tarjeta de desarrollo de Hardware libre construida con el microcontrolador Atmega 2560, que le da sentido a su nombre.","robots":{"index":"index","follow":"follow","max-snippet":"max-snippet:-1","max-image-preview":"max-image-preview:large","max-video-preview":"max-video-preview:-1"},"canonical":"https:\/\/www.electronicajnc.com\/web\/producto\/tarjeta-mega-compatible-con-arduino\/","og_locale":"es_ES","og_type":"article","og_title":"Tarjeta Mega compatible con Arduino - Electronica JNC","og_description":"MEGA 2560 R3 + Cable Usb ARDUINO tarjeta de desarrollo de Hardware libre construida con el microcontrolador Atmega 2560, que le da sentido a su nombre.","og_url":"https:\/\/www.electronicajnc.com\/web\/producto\/tarjeta-mega-compatible-con-arduino\/","og_site_name":"Electronica JNC","article_modified_time":"2024-07-22T20:25:56+00:00","og_image":[{"width":1254,"height":857,"url":"https:\/\/www.electronicajnc.com\/web\/wp-content\/uploads\/2023\/03\/arduino-mega-cambio.jpg","type":"image\/jpeg"}],"twitter_card":"summary_large_image","twitter_misc":{"Tiempo de lectura":"4 minutos"},"schema":{"@context":"https:\/\/schema.org","@graph":[{"@type":"WebPage","@id":"https:\/\/www.electronicajnc.com\/web\/producto\/tarjeta-mega-compatible-con-arduino\/","url":"https:\/\/www.electronicajnc.com\/web\/producto\/tarjeta-mega-compatible-con-arduino\/","name":"Tarjeta Mega compatible con Arduino - Electronica JNC","isPartOf":{"@id":"https:\/\/www.electronicajnc.com\/web\/#website"},"primaryImageOfPage":{"@id":"https:\/\/www.electronicajnc.com\/web\/producto\/tarjeta-mega-compatible-con-arduino\/#primaryimage"},"image":{"@id":"https:\/\/www.electronicajnc.com\/web\/producto\/tarjeta-mega-compatible-con-arduino\/#primaryimage"},"thumbnailUrl":"https:\/\/www.electronicajnc.com\/web\/wp-content\/uploads\/2023\/03\/arduino-mega-cambio.jpg","datePublished":"2023-03-29T19:34:24+00:00","dateModified":"2024-07-22T20:25:56+00:00","description":"MEGA 2560 R3 + Cable Usb ARDUINO tarjeta de desarrollo de Hardware libre construida con el microcontrolador Atmega 2560, que le da sentido a su nombre.","breadcrumb":{"@id":"https:\/\/www.electronicajnc.com\/web\/producto\/tarjeta-mega-compatible-con-arduino\/#breadcrumb"},"inLanguage":"es","potentialAction":[{"@type":"ReadAction","target":["https:\/\/www.electronicajnc.com\/web\/producto\/tarjeta-mega-compatible-con-arduino\/"]}]},{"@type":"ImageObject","inLanguage":"es","@id":"https:\/\/www.electronicajnc.com\/web\/producto\/tarjeta-mega-compatible-con-arduino\/#primaryimage","url":"https:\/\/www.electronicajnc.com\/web\/wp-content\/uploads\/2023\/03\/arduino-mega-cambio.jpg","contentUrl":"https:\/\/www.electronicajnc.com\/web\/wp-content\/uploads\/2023\/03\/arduino-mega-cambio.jpg","width":1254,"height":857,"caption":"compatible con arduino"},{"@type":"BreadcrumbList","@id":"https:\/\/www.electronicajnc.com\/web\/producto\/tarjeta-mega-compatible-con-arduino\/#breadcrumb","itemListElement":[{"@type":"ListItem","position":1,"name":"Portada","item":"https:\/\/www.electronicajnc.com\/web\/"},{"@type":"ListItem","position":2,"name":"TIENDA","item":"https:\/\/www.electronicajnc.com\/web\/tienda\/"},{"@type":"ListItem","position":3,"name":"Tarjeta Mega compatible con Arduino"}]},{"@type":"WebSite","@id":"https:\/\/www.electronicajnc.com\/web\/#website","url":"https:\/\/www.electronicajnc.com\/web\/","name":"Electronica JNC","description":"Robotica Tecnologia Mecatronica en Ecuador","publisher":{"@id":"https:\/\/www.electronicajnc.com\/web\/#organization"},"potentialAction":[{"@type":"SearchAction","target":{"@type":"EntryPoint","urlTemplate":"https:\/\/www.electronicajnc.com\/web\/?s={search_term_string}"},"query-input":{"@type":"PropertyValueSpecification","valueRequired":true,"valueName":"search_term_string"}}],"inLanguage":"es"},{"@type":"Organization","@id":"https:\/\/www.electronicajnc.com\/web\/#organization","name":"Electronica JNC","url":"https:\/\/www.electronicajnc.com\/web\/","logo":{"@type":"ImageObject","inLanguage":"es","@id":"https:\/\/www.electronicajnc.com\/web\/#\/schema\/logo\/image\/","url":"https:\/\/www.electronicajnc.com\/web\/wp-content\/uploads\/2023\/06\/nuevo-logo.jpg","contentUrl":"https:\/\/www.electronicajnc.com\/web\/wp-content\/uploads\/2023\/06\/nuevo-logo.jpg","width":1256,"height":612,"caption":"Electronica JNC"},"image":{"@id":"https:\/\/www.electronicajnc.com\/web\/#\/schema\/logo\/image\/"}}]}},"_links":{"self":[{"href":"https:\/\/www.electronicajnc.com\/web\/wp-json\/wp\/v2\/product\/346","targetHints":{"allow":["GET"]}}],"collection":[{"href":"https:\/\/www.electronicajnc.com\/web\/wp-json\/wp\/v2\/product"}],"about":[{"href":"https:\/\/www.electronicajnc.com\/web\/wp-json\/wp\/v2\/types\/product"}],"replies":[{"embeddable":true,"href":"https:\/\/www.electronicajnc.com\/web\/wp-json\/wp\/v2\/comments?post=346"}],"wp:featuredmedia":[{"embeddable":true,"href":"https:\/\/www.electronicajnc.com\/web\/wp-json\/wp\/v2\/media\/1662"}],"wp:attachment":[{"href":"https:\/\/www.electronicajnc.com\/web\/wp-json\/wp\/v2\/media?parent=346"}],"wp:term":[{"taxonomy":"product_brand","embeddable":true,"href":"https:\/\/www.electronicajnc.com\/web\/wp-json\/wp\/v2\/product_brand?post=346"},{"taxonomy":"product_cat","embeddable":true,"href":"https:\/\/www.electronicajnc.com\/web\/wp-json\/wp\/v2\/product_cat?post=346"},{"taxonomy":"product_tag","embeddable":true,"href":"https:\/\/www.electronicajnc.com\/web\/wp-json\/wp\/v2\/product_tag?post=346"}],"curies":[{"name":"wp","href":"https:\/\/api.w.org\/{rel}","templated":true}]}}