{"id":358,"date":"2023-03-29T22:04:59","date_gmt":"2023-03-29T22:04:59","guid":{"rendered":"https:\/\/www.electronicajnc.com\/web\/?post_type=product&#038;p=358"},"modified":"2025-09-11T17:43:46","modified_gmt":"2025-09-11T17:43:46","slug":"tarjeta-nano-compatible-con-arduino-atmega328p","status":"publish","type":"product","link":"https:\/\/www.electronicajnc.com\/web\/producto\/tarjeta-nano-compatible-con-arduino-atmega328p\/","title":{"rendered":"TARJETA NANO compatible con Arduino ATMEGA328P"},"content":{"rendered":"<p>TARJETA NANO compatible con Arduino ATMEGA328P,\u00a0 es una peque\u00f1a placa electr\u00f3nica basada en el microprocesador ATmega328. No posee conector para alimentaci\u00f3n externa, y funciona con un cable USB Mini-B (opcional).\u00a0 Nano compatible con Arduino\u00a0 es ideal para controlar peque\u00f1os robots y proyectos con Arduino en los que el tama\u00f1o es una prioridad.<\/p>\n<p>Tarjeta controladora peque\u00f1a, econ\u00f3mica y f\u00e1cil de utilizar basada en el ATmega328, el mismo que es compatible con\u00a0 Arduino<\/p>\n<p><strong>CARACTERISTICAS<\/strong><\/p>\n<ul>\n<li>Led rojo de alimentaci\u00f3n y leds verdes para la transmisi\u00f3n (Tx) y recepci\u00f3n (Rx) de datos desde el PC, as\u00ed como se\u00f1alizador D13.<\/li>\n<li>Tensi\u00f3n de funcionamiento +5V<\/li>\n<li>Incluye interface USB y cable tipo A a mini B<\/li>\n<li>Encapsulado en DIP est\u00e1ndar con paso de 2.54mm entre pines.<\/li>\n<\/ul>\n<h2>TARJETA NANO compatible con Arduino ATMEGA328P<\/h2>\n<p><strong>ESPECIFICACIONES<\/strong><\/p>\n<ul>\n<li>Microcontrolador ATmega328<\/li>\n<li>Tensi\u00f3n de entrada entre 7 y 12VDC<\/li>\n<li>14 patillas de E\/S digital 6 de las cuales pueden ser salidas PWM<\/li>\n<li>8 patillas de entradas anal\u00f3gicas<\/li>\n<li>Corriente m\u00e1xima 40 mA por patilla.<\/li>\n<li>Memoria flash de programa 32Kb<\/li>\n<li>Memoria RAM de datos 2Kb<\/li>\n<li>Memoria EEPROM de datos 1Kb<\/li>\n<li>Velocidad de trabajo 16Mhz<\/li>\n<li>Dimensiones 0.73\u2033 x 1.70\u2033<\/li>\n<\/ul>\n<p>Arduino NANO se puede alimentar desde el propio puerto USB, una fuente externa no regulada entre 7-12VDC o una tensi\u00f3n externa regulada a 5Vcc.<\/p>\n<div>\n<h2><b>\u00bfD\u00f3nde<\/b><strong>\u00a0conseguir ?<\/strong><\/h2>\n<\/div>\n<p>Puedes conseguir este producto y mucho mas en nuestra tienda de electr\u00f3nica \u201cElectr\u00f3nica JNC\u201d a un excelente precio, de igual manera puedes preguntar por otros productos que tenemos para ti y as\u00ed adquirirlos seg\u00fan tu necesidad para\u00a0 tus proyectos.<\/p>\n<p>Adem\u00e1s de vender realizamos todo tipo de proyectos de Rob\u00f3tica Electr\u00f3nica y de Programaci\u00f3n compatible con\u00a0 Arduino-Raspberry, brindamos asesoramiento en la elaboraci\u00f3n de proyectos y personalizamos sus clases cuando deseas armar un robot.<\/p>\n<p>Somos importadores Directos de todo en Electr\u00f3nica y Rob\u00f3tica directamente desde los fabricantes, a los mejores precios del mercado.<\/p>\n<div class=\"x11i5rnm xat24cr x1mh8g0r x1vvkbs xtlvy1s x126k92a\">\n<div dir=\"auto\">SERVICIO PERSONALIZADO, APOYO TEORICO Y VENTA DE MATERIAL<\/div>\n<\/div>\n<div class=\"x11i5rnm xat24cr x1mh8g0r x1vvkbs xtlvy1s x126k92a\">\n<div dir=\"auto\">COTIZA CON NOSOTROS<\/div>\n<div dir=\"auto\">SERVICIO, EXPERIENCIA, CALIDAD Y CONFIANZA<\/div>\n<div dir=\"auto\">\u00abTodo lo que buscas en un solo lugar\u00bb<\/div>\n<\/div>\n<div dir=\"auto\"><\/div>\n<p><img decoding=\"async\" class=\"aligncenter\" src=\"https:\/\/images.ua.prom.st\/1494267654_1494267654.jpg?PImaGE_ID=1494267654\" \/><\/p>\n<p style=\"text-align: center;\">Realizar un pedido en la web o por \u00a0<a href=\"https:\/\/api.whatsapp.com\/send?phone=593958753126\" target=\"_blank\" rel=\"noopener\">WHATSAPP<\/a>.<\/p>\n<p><img decoding=\"async\" class=\"aligncenter\" src=\"https:\/\/images.ua.prom.st\/1494267867_1494267867.jpg?PImaGE_ID=1494267867\" \/><\/p>\n<p style=\"text-align: center;\">Consulta con un asesor\u00a0 todas tus inquietudes.<\/p>\n<p><img decoding=\"async\" class=\"aligncenter\" src=\"https:\/\/images.ua.prom.st\/1494266627_1494266627.jpg?PImaGE_ID=1494266627\" \/><\/p>\n<p style=\"text-align: center;\">Pregunta las formas de pago.<\/p>\n<p><img decoding=\"async\" class=\"aligncenter\" src=\"https:\/\/images.ua.prom.st\/1494267985_1494267985.jpg?PImaGE_ID=1494267985\" \/><\/p>\n<p style=\"text-align: center;\">Tu pedido llega a la puerta de tu casa.<\/p>\n<p>&nbsp;<\/p>\n<p><strong>\u00a1\u00a1 PREG\u00daNTANOS Sin compromiso !!!!<\/strong><\/p>\n<p>Puede retirar sus pedidos en nuestra\u00a0<a href=\"https:\/\/www.electronicajnc.com\/web\/contactos\" target=\"_blank\" rel=\"noopener\">TIENDA F\u00cdSICA<\/a>\u00a0o realizar sus pedidos\u00a0<a href=\"https:\/\/www.electronicajnc.com\/web\/mi-cuenta\" target=\"_blank\" rel=\"noopener\">ONLINE<\/a>\u00a0o por\u00a0<a href=\"https:\/\/api.whatsapp.com\/send?phone=593958753126\" target=\"_blank\" rel=\"noopener\">WHATSAPP<\/a>.<\/p>\n<p>&nbsp;<\/p>\n<p>&nbsp;<\/p>\n","protected":false},"excerpt":{"rendered":"<p>Arduino Nano V3.0 Atmega compatible, es una peque\u00f1a placa electr\u00f3nica basada en el microprocesador ATmega328. No posee conector para alimentaci\u00f3n externa, y funciona con un cable USB Mini-B (opcional). Arduino Nano compatible es ideal para controlar peque\u00f1os robots y proyectos con Arduino en los que el tama\u00f1o es una prioridad.<\/p>\n","protected":false},"featured_media":362,"comment_status":"closed","ping_status":"closed","template":"","meta":{"saved_in_kubio":false,"_joinchat":[]},"product_brand":[],"product_cat":[52],"product_tag":[41,1106,1107,45,46,39,40,48,51,36,34,38,50,37,47,49,42,43,35],"class_list":{"0":"post-358","1":"product","2":"type-product","3":"status-publish","4":"has-post-thumbnail","6":"product_cat-tarjetas-compatibles-con-arduino","7":"product_tag-baterias","8":"product_tag-compatible-con-arduino","9":"product_tag-compatible-con-arduino-mega","10":"product_tag-distribuidores","11":"product_tag-electronica","12":"product_tag-electrovalvulas","13":"product_tag-fuentes","14":"product_tag-humedad-suelo-lluvia","15":"product_tag-leds","16":"product_tag-lm35","17":"product_tag-modulo-ultrasonico","18":"product_tag-multimetros","19":"product_tag-potenciometros","20":"product_tag-protoboard","21":"product_tag-proyectos-electronica","22":"product_tag-resistencias","23":"product_tag-robot-seguidor-de-linea","24":"product_tag-robot-zumo","25":"product_tag-sensor-de-temperatura","27":"first","28":"instock","29":"taxable","30":"shipping-taxable","31":"product-type-simple"},"yoast_head":"<!-- This site is optimized with the Yoast SEO plugin v27.4 - https:\/\/yoast.com\/product\/yoast-seo-wordpress\/ -->\n<title>TARJETA NANO compatible con Arduino ATMEGA328P - Electronica JNC<\/title>\n<meta name=\"description\" content=\"TARJETA NANO compatible con Arduino ATMEGA328, con un cable USB Mini-B ideal para controlar peque\u00f1os robots y proyectos peque\u00f1os\" \/>\n<meta name=\"robots\" content=\"index, follow, max-snippet:-1, max-image-preview:large, max-video-preview:-1\" \/>\n<link rel=\"canonical\" href=\"https:\/\/www.electronicajnc.com\/web\/producto\/tarjeta-nano-compatible-con-arduino-atmega328p\/\" \/>\n<meta property=\"og:locale\" content=\"es_ES\" \/>\n<meta property=\"og:type\" content=\"article\" \/>\n<meta property=\"og:title\" content=\"TARJETA NANO compatible con Arduino ATMEGA328P - Electronica JNC\" \/>\n<meta property=\"og:description\" content=\"TARJETA NANO compatible con Arduino ATMEGA328, con un cable USB Mini-B ideal para controlar peque\u00f1os robots y proyectos peque\u00f1os\" \/>\n<meta property=\"og:url\" content=\"https:\/\/www.electronicajnc.com\/web\/producto\/tarjeta-nano-compatible-con-arduino-atmega328p\/\" \/>\n<meta property=\"og:site_name\" content=\"Electronica JNC\" \/>\n<meta property=\"article:modified_time\" content=\"2025-09-11T17:43:46+00:00\" \/>\n<meta property=\"og:image\" content=\"https:\/\/www.electronicajnc.com\/web\/wp-content\/uploads\/2023\/03\/NANO-1.jpg\" \/>\n\t<meta property=\"og:image:width\" content=\"1500\" \/>\n\t<meta property=\"og:image:height\" content=\"1500\" \/>\n\t<meta property=\"og:image:type\" content=\"image\/jpeg\" \/>\n<meta name=\"twitter:card\" content=\"summary_large_image\" \/>\n<meta name=\"twitter:label1\" content=\"Tiempo de lectura\" \/>\n\t<meta name=\"twitter:data1\" content=\"3 minutos\" \/>\n<script type=\"application\/ld+json\" class=\"yoast-schema-graph\">{\"@context\":\"https:\\\/\\\/schema.org\",\"@graph\":[{\"@type\":\"WebPage\",\"@id\":\"https:\\\/\\\/www.electronicajnc.com\\\/web\\\/producto\\\/tarjeta-nano-compatible-con-arduino-atmega328p\\\/\",\"url\":\"https:\\\/\\\/www.electronicajnc.com\\\/web\\\/producto\\\/tarjeta-nano-compatible-con-arduino-atmega328p\\\/\",\"name\":\"TARJETA NANO compatible con Arduino ATMEGA328P - Electronica JNC\",\"isPartOf\":{\"@id\":\"https:\\\/\\\/www.electronicajnc.com\\\/web\\\/#website\"},\"primaryImageOfPage\":{\"@id\":\"https:\\\/\\\/www.electronicajnc.com\\\/web\\\/producto\\\/tarjeta-nano-compatible-con-arduino-atmega328p\\\/#primaryimage\"},\"image\":{\"@id\":\"https:\\\/\\\/www.electronicajnc.com\\\/web\\\/producto\\\/tarjeta-nano-compatible-con-arduino-atmega328p\\\/#primaryimage\"},\"thumbnailUrl\":\"https:\\\/\\\/www.electronicajnc.com\\\/web\\\/wp-content\\\/uploads\\\/2023\\\/03\\\/NANO-1.jpg\",\"datePublished\":\"2023-03-29T22:04:59+00:00\",\"dateModified\":\"2025-09-11T17:43:46+00:00\",\"description\":\"TARJETA NANO compatible con Arduino ATMEGA328, con un cable USB Mini-B ideal para controlar peque\u00f1os robots y proyectos peque\u00f1os\",\"breadcrumb\":{\"@id\":\"https:\\\/\\\/www.electronicajnc.com\\\/web\\\/producto\\\/tarjeta-nano-compatible-con-arduino-atmega328p\\\/#breadcrumb\"},\"inLanguage\":\"es\",\"potentialAction\":[{\"@type\":\"ReadAction\",\"target\":[\"https:\\\/\\\/www.electronicajnc.com\\\/web\\\/producto\\\/tarjeta-nano-compatible-con-arduino-atmega328p\\\/\"]}]},{\"@type\":\"ImageObject\",\"inLanguage\":\"es\",\"@id\":\"https:\\\/\\\/www.electronicajnc.com\\\/web\\\/producto\\\/tarjeta-nano-compatible-con-arduino-atmega328p\\\/#primaryimage\",\"url\":\"https:\\\/\\\/www.electronicajnc.com\\\/web\\\/wp-content\\\/uploads\\\/2023\\\/03\\\/NANO-1.jpg\",\"contentUrl\":\"https:\\\/\\\/www.electronicajnc.com\\\/web\\\/wp-content\\\/uploads\\\/2023\\\/03\\\/NANO-1.jpg\",\"width\":1500,\"height\":1500},{\"@type\":\"BreadcrumbList\",\"@id\":\"https:\\\/\\\/www.electronicajnc.com\\\/web\\\/producto\\\/tarjeta-nano-compatible-con-arduino-atmega328p\\\/#breadcrumb\",\"itemListElement\":[{\"@type\":\"ListItem\",\"position\":1,\"name\":\"Portada\",\"item\":\"https:\\\/\\\/www.electronicajnc.com\\\/web\\\/\"},{\"@type\":\"ListItem\",\"position\":2,\"name\":\"TIENDA\",\"item\":\"https:\\\/\\\/www.electronicajnc.com\\\/web\\\/tienda\\\/\"},{\"@type\":\"ListItem\",\"position\":3,\"name\":\"TARJETA NANO compatible con Arduino ATMEGA328P\"}]},{\"@type\":\"WebSite\",\"@id\":\"https:\\\/\\\/www.electronicajnc.com\\\/web\\\/#website\",\"url\":\"https:\\\/\\\/www.electronicajnc.com\\\/web\\\/\",\"name\":\"Electronica JNC\",\"description\":\"Robotica Tecnologia Mecatronica en Ecuador\",\"publisher\":{\"@id\":\"https:\\\/\\\/www.electronicajnc.com\\\/web\\\/#organization\"},\"potentialAction\":[{\"@type\":\"SearchAction\",\"target\":{\"@type\":\"EntryPoint\",\"urlTemplate\":\"https:\\\/\\\/www.electronicajnc.com\\\/web\\\/?s={search_term_string}\"},\"query-input\":{\"@type\":\"PropertyValueSpecification\",\"valueRequired\":true,\"valueName\":\"search_term_string\"}}],\"inLanguage\":\"es\"},{\"@type\":\"Organization\",\"@id\":\"https:\\\/\\\/www.electronicajnc.com\\\/web\\\/#organization\",\"name\":\"Electronica JNC\",\"url\":\"https:\\\/\\\/www.electronicajnc.com\\\/web\\\/\",\"logo\":{\"@type\":\"ImageObject\",\"inLanguage\":\"es\",\"@id\":\"https:\\\/\\\/www.electronicajnc.com\\\/web\\\/#\\\/schema\\\/logo\\\/image\\\/\",\"url\":\"https:\\\/\\\/www.electronicajnc.com\\\/web\\\/wp-content\\\/uploads\\\/2023\\\/06\\\/nuevo-logo.jpg\",\"contentUrl\":\"https:\\\/\\\/www.electronicajnc.com\\\/web\\\/wp-content\\\/uploads\\\/2023\\\/06\\\/nuevo-logo.jpg\",\"width\":1256,\"height\":612,\"caption\":\"Electronica JNC\"},\"image\":{\"@id\":\"https:\\\/\\\/www.electronicajnc.com\\\/web\\\/#\\\/schema\\\/logo\\\/image\\\/\"}}]}<\/script>\n<!-- \/ Yoast SEO plugin. -->","yoast_head_json":{"title":"TARJETA NANO compatible con Arduino ATMEGA328P - Electronica JNC","description":"TARJETA NANO compatible con Arduino ATMEGA328, con un cable USB Mini-B ideal para controlar peque\u00f1os robots y proyectos peque\u00f1os","robots":{"index":"index","follow":"follow","max-snippet":"max-snippet:-1","max-image-preview":"max-image-preview:large","max-video-preview":"max-video-preview:-1"},"canonical":"https:\/\/www.electronicajnc.com\/web\/producto\/tarjeta-nano-compatible-con-arduino-atmega328p\/","og_locale":"es_ES","og_type":"article","og_title":"TARJETA NANO compatible con Arduino ATMEGA328P - Electronica JNC","og_description":"TARJETA NANO compatible con Arduino ATMEGA328, con un cable USB Mini-B ideal para controlar peque\u00f1os robots y proyectos peque\u00f1os","og_url":"https:\/\/www.electronicajnc.com\/web\/producto\/tarjeta-nano-compatible-con-arduino-atmega328p\/","og_site_name":"Electronica JNC","article_modified_time":"2025-09-11T17:43:46+00:00","og_image":[{"width":1500,"height":1500,"url":"https:\/\/www.electronicajnc.com\/web\/wp-content\/uploads\/2023\/03\/NANO-1.jpg","type":"image\/jpeg"}],"twitter_card":"summary_large_image","twitter_misc":{"Tiempo de lectura":"3 minutos"},"schema":{"@context":"https:\/\/schema.org","@graph":[{"@type":"WebPage","@id":"https:\/\/www.electronicajnc.com\/web\/producto\/tarjeta-nano-compatible-con-arduino-atmega328p\/","url":"https:\/\/www.electronicajnc.com\/web\/producto\/tarjeta-nano-compatible-con-arduino-atmega328p\/","name":"TARJETA NANO compatible con Arduino ATMEGA328P - Electronica JNC","isPartOf":{"@id":"https:\/\/www.electronicajnc.com\/web\/#website"},"primaryImageOfPage":{"@id":"https:\/\/www.electronicajnc.com\/web\/producto\/tarjeta-nano-compatible-con-arduino-atmega328p\/#primaryimage"},"image":{"@id":"https:\/\/www.electronicajnc.com\/web\/producto\/tarjeta-nano-compatible-con-arduino-atmega328p\/#primaryimage"},"thumbnailUrl":"https:\/\/www.electronicajnc.com\/web\/wp-content\/uploads\/2023\/03\/NANO-1.jpg","datePublished":"2023-03-29T22:04:59+00:00","dateModified":"2025-09-11T17:43:46+00:00","description":"TARJETA NANO compatible con Arduino ATMEGA328, con un cable USB Mini-B ideal para controlar peque\u00f1os robots y proyectos peque\u00f1os","breadcrumb":{"@id":"https:\/\/www.electronicajnc.com\/web\/producto\/tarjeta-nano-compatible-con-arduino-atmega328p\/#breadcrumb"},"inLanguage":"es","potentialAction":[{"@type":"ReadAction","target":["https:\/\/www.electronicajnc.com\/web\/producto\/tarjeta-nano-compatible-con-arduino-atmega328p\/"]}]},{"@type":"ImageObject","inLanguage":"es","@id":"https:\/\/www.electronicajnc.com\/web\/producto\/tarjeta-nano-compatible-con-arduino-atmega328p\/#primaryimage","url":"https:\/\/www.electronicajnc.com\/web\/wp-content\/uploads\/2023\/03\/NANO-1.jpg","contentUrl":"https:\/\/www.electronicajnc.com\/web\/wp-content\/uploads\/2023\/03\/NANO-1.jpg","width":1500,"height":1500},{"@type":"BreadcrumbList","@id":"https:\/\/www.electronicajnc.com\/web\/producto\/tarjeta-nano-compatible-con-arduino-atmega328p\/#breadcrumb","itemListElement":[{"@type":"ListItem","position":1,"name":"Portada","item":"https:\/\/www.electronicajnc.com\/web\/"},{"@type":"ListItem","position":2,"name":"TIENDA","item":"https:\/\/www.electronicajnc.com\/web\/tienda\/"},{"@type":"ListItem","position":3,"name":"TARJETA NANO compatible con Arduino ATMEGA328P"}]},{"@type":"WebSite","@id":"https:\/\/www.electronicajnc.com\/web\/#website","url":"https:\/\/www.electronicajnc.com\/web\/","name":"Electronica JNC","description":"Robotica Tecnologia Mecatronica en Ecuador","publisher":{"@id":"https:\/\/www.electronicajnc.com\/web\/#organization"},"potentialAction":[{"@type":"SearchAction","target":{"@type":"EntryPoint","urlTemplate":"https:\/\/www.electronicajnc.com\/web\/?s={search_term_string}"},"query-input":{"@type":"PropertyValueSpecification","valueRequired":true,"valueName":"search_term_string"}}],"inLanguage":"es"},{"@type":"Organization","@id":"https:\/\/www.electronicajnc.com\/web\/#organization","name":"Electronica JNC","url":"https:\/\/www.electronicajnc.com\/web\/","logo":{"@type":"ImageObject","inLanguage":"es","@id":"https:\/\/www.electronicajnc.com\/web\/#\/schema\/logo\/image\/","url":"https:\/\/www.electronicajnc.com\/web\/wp-content\/uploads\/2023\/06\/nuevo-logo.jpg","contentUrl":"https:\/\/www.electronicajnc.com\/web\/wp-content\/uploads\/2023\/06\/nuevo-logo.jpg","width":1256,"height":612,"caption":"Electronica JNC"},"image":{"@id":"https:\/\/www.electronicajnc.com\/web\/#\/schema\/logo\/image\/"}}]}},"_links":{"self":[{"href":"https:\/\/www.electronicajnc.com\/web\/wp-json\/wp\/v2\/product\/358","targetHints":{"allow":["GET"]}}],"collection":[{"href":"https:\/\/www.electronicajnc.com\/web\/wp-json\/wp\/v2\/product"}],"about":[{"href":"https:\/\/www.electronicajnc.com\/web\/wp-json\/wp\/v2\/types\/product"}],"replies":[{"embeddable":true,"href":"https:\/\/www.electronicajnc.com\/web\/wp-json\/wp\/v2\/comments?post=358"}],"wp:featuredmedia":[{"embeddable":true,"href":"https:\/\/www.electronicajnc.com\/web\/wp-json\/wp\/v2\/media\/362"}],"wp:attachment":[{"href":"https:\/\/www.electronicajnc.com\/web\/wp-json\/wp\/v2\/media?parent=358"}],"wp:term":[{"taxonomy":"product_brand","embeddable":true,"href":"https:\/\/www.electronicajnc.com\/web\/wp-json\/wp\/v2\/product_brand?post=358"},{"taxonomy":"product_cat","embeddable":true,"href":"https:\/\/www.electronicajnc.com\/web\/wp-json\/wp\/v2\/product_cat?post=358"},{"taxonomy":"product_tag","embeddable":true,"href":"https:\/\/www.electronicajnc.com\/web\/wp-json\/wp\/v2\/product_tag?post=358"}],"curies":[{"name":"wp","href":"https:\/\/api.w.org\/{rel}","templated":true}]}}