{"id":401,"date":"2023-03-30T16:14:16","date_gmt":"2023-03-30T16:14:16","guid":{"rendered":"https:\/\/www.electronicajnc.com\/web\/?post_type=product&#038;p=401"},"modified":"2023-03-30T16:18:51","modified_gmt":"2023-03-30T16:18:51","slug":"cable-prueba-banana-lagarto-copia","status":"publish","type":"product","link":"https:\/\/www.electronicajnc.com\/web\/producto\/cable-prueba-banana-lagarto-copia\/","title":{"rendered":"Cable prueba Banana Lagarto"},"content":{"rendered":"<p>Cable prueba Banana Lagarto<\/p>\n<ul class=\"a-unordered-list a-vertical a-spacing-mini\">\n<li><span class=\"a-list-item\">Amplias aplicaciones para mult\u00edmetro y otros dispositivos el\u00e9ctricos. Los cables de prueba el\u00e9ctricos son adecuados para su uso con mult\u00edmetros, fuentes de alimentaci\u00f3n y otros equipos electr\u00f3nicos.<\/span><\/li>\n<\/ul>\n<p>El cable de prueba de enchufe Banana a pinza de cocodrilo se puede utilizar en trabajos de pruebas el\u00e9ctricas o de laboratorio.<\/p>\n<p>Los cables de plomo de prueba de enchufe de Banana a pinza de cocodrilo se utilizan con frecuencia en los laboratorios de f\u00edsica escolares para montar circuitos de forma r\u00e1pida y econ\u00f3mica. Son \u00fatiles para conectar componentes a cables.<\/p>\n<p>Son muy \u00fatiles para conectar componentes u otros a cables para laboratorios de colegio y universidades<\/p>\n<p>listos, pr\u00e1cticos, f\u00e1cil de usar<\/p>\n<div id=\"description\">\n<div class=\"ui-box-body\">\n<div>F\u00e1cil de instalar y de usar con las botas de pl\u00e1stico de aislamiento cubiertas.<br \/>\nConecta la abrazadera de enchufe banana a tierra y despu\u00e9s toma la sonda para probar el circuito.<\/div>\n<div><\/div>\n<div>\n<h2>Cable prueba Banana Lagarto<\/h2>\n<\/div>\n<div>Nombre del producto: Cable de prueba Cable prueba Banana Lagarto<br \/>\nConector Banana a Clip de cocodrilo<br \/>\nAplicaci\u00f3n: trabajo de prueba<br \/>\nCorriente m\u00e1xima: 3A<br \/>\nDi\u00e1metro del cable: 2,5mm\/0,1 pulgadas<br \/>\nDi\u00e1metro del conector Banana macho: 4mm\/0,16 pulgadas<br \/>\nAnchura de apertura de pinza de cocodrilo (m\u00e1x.) : 8mm\/0,31 pulgadas<br \/>\nTama\u00f1o externo del pl\u00e1tano: 4&#215;1 cm\/1,6 pulgadas x 0,4 pulgadas (L * D)<br \/>\nTama\u00f1o del conector Banana: 3,5x1x0,5 cm\/1,4 pulgadas x 0,4 pulgadas x 0,2 pulgadas (largo * ancho * T)<br \/>\nLongitud Total: 1 m\/3.3ft<br \/>\nColor: rojo, negro<br \/>\nMaterial: Metal de pl\u00e1stico<br \/>\nPeso Total: 51g<\/div>\n<div><\/div>\n<div>Cable Punta de prueba Banana Lagarto, <span id=\"productTitle\" class=\"a-size-large product-title-word-break\">Banana &#8211; Pinza de cocodrilo, conector de cocodrilo, cable de salida de 30 V, 5 A, cable de cocodrilo para fuente de alimentaci\u00f3n regulada DC ajustable, juego de cables de prueba con pinzas de cocodrilo.<\/span><\/div>\n<div><\/div>\n<div>\u00a1No te quedes sin el tuyo!<\/div>\n<\/div>\n<div>\n<p>Puede retirar sus pedidos en nuestra\u00a0<a href=\"https:\/\/www.electronicajnc.com\/web\/contactos\" target=\"_blank\" rel=\"noopener\">TIENDA F\u00cdSICA<\/a>\u00a0o realizar sus pedidos\u00a0<a href=\"https:\/\/www.electronicajnc.com\/web\/mi-cuenta\" target=\"_blank\" rel=\"noopener\">ONLINE<\/a>\u00a0o por\u00a0<a href=\"https:\/\/api.whatsapp.com\/send?phone=593958753126\" target=\"_blank\" rel=\"noopener\">WHATSAPP<\/a>.<\/p>\n<\/div>\n<\/div>\n","protected":false},"excerpt":{"rendered":"<p class=\"product_title entry-title\">Cable Punta de prueba Banana Lagarto Cable rojo negro Punta de prueba con conectores Banana Lagarto ideal para pruebas en laboratorio.<\/p>\n<ul class=\"a-unordered-list a-vertical a-spacing-mini\">\n<li><span class=\"a-list-item\">Amplias aplicaciones para mult\u00edmetro y otros dispositivos el\u00e9ctricos. Los cables de prueba el\u00e9ctricos son adecuados para su uso con mult\u00edmetros, fuentes de alimentaci\u00f3n y otros equipos electr\u00f3nicos.<\/span><\/li>\n<\/ul>\n","protected":false},"featured_media":396,"comment_status":"closed","ping_status":"closed","template":"","meta":{"saved_in_kubio":false,"_joinchat":[]},"product_brand":[],"product_cat":[95],"product_tag":[111,108,107,112,110,104,105,106,109,113],"class_list":{"0":"post-401","1":"product","2":"type-product","3":"status-publish","4":"has-post-thumbnail","6":"product_cat-cables","7":"product_tag-5-a","8":"product_tag-banana-pinza-de-cocodrilo","9":"product_tag-cable-banana-lagarto","10":"product_tag-cable-de-cocodrilo-para-fuente-de-alimentacion-regulada-dc-ajustable","11":"product_tag-cable-de-salida-de-30-v","12":"product_tag-cable-prueba-banana-lagarto","13":"product_tag-cable-punta-de-prueba-banana-lagarto","14":"product_tag-cables-banana-lagarto","15":"product_tag-conector-de-cocodrilo","16":"product_tag-juego-de-cables-de-prueba-con-pinzas-de-cocodrilo","18":"first","19":"instock","20":"taxable","21":"shipping-taxable","22":"purchasable","23":"product-type-simple"},"yoast_head":"<!-- This site is optimized with the Yoast SEO plugin v27.4 - https:\/\/yoast.com\/product\/yoast-seo-wordpress\/ -->\n<title>Cable prueba Banana Lagarto - Electronica JNC<\/title>\n<meta name=\"description\" content=\"Cable prueba Banana Lagarto Cable rojo negro Punta de prueba con conectores Banana Lagarto ideal para pruebas en laboratorio.\" \/>\n<meta name=\"robots\" content=\"index, follow, max-snippet:-1, max-image-preview:large, max-video-preview:-1\" \/>\n<link rel=\"canonical\" href=\"https:\/\/www.electronicajnc.com\/web\/producto\/cable-prueba-banana-lagarto-copia\/\" \/>\n<meta property=\"og:locale\" content=\"es_ES\" \/>\n<meta property=\"og:type\" content=\"article\" \/>\n<meta property=\"og:title\" content=\"Cable prueba Banana Lagarto - Electronica JNC\" \/>\n<meta property=\"og:description\" content=\"Cable prueba Banana Lagarto Cable rojo negro Punta de prueba con conectores Banana Lagarto ideal para pruebas en laboratorio.\" \/>\n<meta property=\"og:url\" content=\"https:\/\/www.electronicajnc.com\/web\/producto\/cable-prueba-banana-lagarto-copia\/\" \/>\n<meta property=\"og:site_name\" content=\"Electronica JNC\" \/>\n<meta property=\"article:modified_time\" content=\"2023-03-30T16:18:51+00:00\" \/>\n<meta property=\"og:image\" content=\"https:\/\/www.electronicajnc.com\/web\/wp-content\/uploads\/2023\/03\/LAGARTO-BANANA-1.jpg\" \/>\n\t<meta property=\"og:image:width\" content=\"1028\" \/>\n\t<meta property=\"og:image:height\" content=\"1001\" \/>\n\t<meta property=\"og:image:type\" content=\"image\/jpeg\" \/>\n<meta name=\"twitter:card\" content=\"summary_large_image\" \/>\n<meta name=\"twitter:label1\" content=\"Tiempo de lectura\" \/>\n\t<meta name=\"twitter:data1\" content=\"2 minutos\" \/>\n<script type=\"application\/ld+json\" class=\"yoast-schema-graph\">{\"@context\":\"https:\\\/\\\/schema.org\",\"@graph\":[{\"@type\":\"WebPage\",\"@id\":\"https:\\\/\\\/www.electronicajnc.com\\\/web\\\/producto\\\/cable-prueba-banana-lagarto-copia\\\/\",\"url\":\"https:\\\/\\\/www.electronicajnc.com\\\/web\\\/producto\\\/cable-prueba-banana-lagarto-copia\\\/\",\"name\":\"Cable prueba Banana Lagarto - Electronica JNC\",\"isPartOf\":{\"@id\":\"https:\\\/\\\/www.electronicajnc.com\\\/web\\\/#website\"},\"primaryImageOfPage\":{\"@id\":\"https:\\\/\\\/www.electronicajnc.com\\\/web\\\/producto\\\/cable-prueba-banana-lagarto-copia\\\/#primaryimage\"},\"image\":{\"@id\":\"https:\\\/\\\/www.electronicajnc.com\\\/web\\\/producto\\\/cable-prueba-banana-lagarto-copia\\\/#primaryimage\"},\"thumbnailUrl\":\"https:\\\/\\\/www.electronicajnc.com\\\/web\\\/wp-content\\\/uploads\\\/2023\\\/03\\\/LAGARTO-BANANA-1.jpg\",\"datePublished\":\"2023-03-30T16:14:16+00:00\",\"dateModified\":\"2023-03-30T16:18:51+00:00\",\"description\":\"Cable prueba Banana Lagarto Cable rojo negro Punta de prueba con conectores Banana Lagarto ideal para pruebas en laboratorio.\",\"breadcrumb\":{\"@id\":\"https:\\\/\\\/www.electronicajnc.com\\\/web\\\/producto\\\/cable-prueba-banana-lagarto-copia\\\/#breadcrumb\"},\"inLanguage\":\"es\",\"potentialAction\":[{\"@type\":\"ReadAction\",\"target\":[\"https:\\\/\\\/www.electronicajnc.com\\\/web\\\/producto\\\/cable-prueba-banana-lagarto-copia\\\/\"]}]},{\"@type\":\"ImageObject\",\"inLanguage\":\"es\",\"@id\":\"https:\\\/\\\/www.electronicajnc.com\\\/web\\\/producto\\\/cable-prueba-banana-lagarto-copia\\\/#primaryimage\",\"url\":\"https:\\\/\\\/www.electronicajnc.com\\\/web\\\/wp-content\\\/uploads\\\/2023\\\/03\\\/LAGARTO-BANANA-1.jpg\",\"contentUrl\":\"https:\\\/\\\/www.electronicajnc.com\\\/web\\\/wp-content\\\/uploads\\\/2023\\\/03\\\/LAGARTO-BANANA-1.jpg\",\"width\":1028,\"height\":1001,\"caption\":\"Cable Punta de prueba Banana Lagarto\"},{\"@type\":\"BreadcrumbList\",\"@id\":\"https:\\\/\\\/www.electronicajnc.com\\\/web\\\/producto\\\/cable-prueba-banana-lagarto-copia\\\/#breadcrumb\",\"itemListElement\":[{\"@type\":\"ListItem\",\"position\":1,\"name\":\"Portada\",\"item\":\"https:\\\/\\\/www.electronicajnc.com\\\/web\\\/\"},{\"@type\":\"ListItem\",\"position\":2,\"name\":\"TIENDA\",\"item\":\"https:\\\/\\\/www.electronicajnc.com\\\/web\\\/tienda\\\/\"},{\"@type\":\"ListItem\",\"position\":3,\"name\":\"Cable prueba Banana Lagarto\"}]},{\"@type\":\"WebSite\",\"@id\":\"https:\\\/\\\/www.electronicajnc.com\\\/web\\\/#website\",\"url\":\"https:\\\/\\\/www.electronicajnc.com\\\/web\\\/\",\"name\":\"Electronica JNC\",\"description\":\"Robotica Tecnologia Mecatronica en Ecuador\",\"publisher\":{\"@id\":\"https:\\\/\\\/www.electronicajnc.com\\\/web\\\/#organization\"},\"potentialAction\":[{\"@type\":\"SearchAction\",\"target\":{\"@type\":\"EntryPoint\",\"urlTemplate\":\"https:\\\/\\\/www.electronicajnc.com\\\/web\\\/?s={search_term_string}\"},\"query-input\":{\"@type\":\"PropertyValueSpecification\",\"valueRequired\":true,\"valueName\":\"search_term_string\"}}],\"inLanguage\":\"es\"},{\"@type\":\"Organization\",\"@id\":\"https:\\\/\\\/www.electronicajnc.com\\\/web\\\/#organization\",\"name\":\"Electronica JNC\",\"url\":\"https:\\\/\\\/www.electronicajnc.com\\\/web\\\/\",\"logo\":{\"@type\":\"ImageObject\",\"inLanguage\":\"es\",\"@id\":\"https:\\\/\\\/www.electronicajnc.com\\\/web\\\/#\\\/schema\\\/logo\\\/image\\\/\",\"url\":\"https:\\\/\\\/www.electronicajnc.com\\\/web\\\/wp-content\\\/uploads\\\/2023\\\/06\\\/nuevo-logo.jpg\",\"contentUrl\":\"https:\\\/\\\/www.electronicajnc.com\\\/web\\\/wp-content\\\/uploads\\\/2023\\\/06\\\/nuevo-logo.jpg\",\"width\":1256,\"height\":612,\"caption\":\"Electronica JNC\"},\"image\":{\"@id\":\"https:\\\/\\\/www.electronicajnc.com\\\/web\\\/#\\\/schema\\\/logo\\\/image\\\/\"}}]}<\/script>\n<!-- \/ Yoast SEO plugin. -->","yoast_head_json":{"title":"Cable prueba Banana Lagarto - Electronica JNC","description":"Cable prueba Banana Lagarto Cable rojo negro Punta de prueba con conectores Banana Lagarto ideal para pruebas en laboratorio.","robots":{"index":"index","follow":"follow","max-snippet":"max-snippet:-1","max-image-preview":"max-image-preview:large","max-video-preview":"max-video-preview:-1"},"canonical":"https:\/\/www.electronicajnc.com\/web\/producto\/cable-prueba-banana-lagarto-copia\/","og_locale":"es_ES","og_type":"article","og_title":"Cable prueba Banana Lagarto - Electronica JNC","og_description":"Cable prueba Banana Lagarto Cable rojo negro Punta de prueba con conectores Banana Lagarto ideal para pruebas en laboratorio.","og_url":"https:\/\/www.electronicajnc.com\/web\/producto\/cable-prueba-banana-lagarto-copia\/","og_site_name":"Electronica JNC","article_modified_time":"2023-03-30T16:18:51+00:00","og_image":[{"width":1028,"height":1001,"url":"https:\/\/www.electronicajnc.com\/web\/wp-content\/uploads\/2023\/03\/LAGARTO-BANANA-1.jpg","type":"image\/jpeg"}],"twitter_card":"summary_large_image","twitter_misc":{"Tiempo de lectura":"2 minutos"},"schema":{"@context":"https:\/\/schema.org","@graph":[{"@type":"WebPage","@id":"https:\/\/www.electronicajnc.com\/web\/producto\/cable-prueba-banana-lagarto-copia\/","url":"https:\/\/www.electronicajnc.com\/web\/producto\/cable-prueba-banana-lagarto-copia\/","name":"Cable prueba Banana Lagarto - Electronica JNC","isPartOf":{"@id":"https:\/\/www.electronicajnc.com\/web\/#website"},"primaryImageOfPage":{"@id":"https:\/\/www.electronicajnc.com\/web\/producto\/cable-prueba-banana-lagarto-copia\/#primaryimage"},"image":{"@id":"https:\/\/www.electronicajnc.com\/web\/producto\/cable-prueba-banana-lagarto-copia\/#primaryimage"},"thumbnailUrl":"https:\/\/www.electronicajnc.com\/web\/wp-content\/uploads\/2023\/03\/LAGARTO-BANANA-1.jpg","datePublished":"2023-03-30T16:14:16+00:00","dateModified":"2023-03-30T16:18:51+00:00","description":"Cable prueba Banana Lagarto Cable rojo negro Punta de prueba con conectores Banana Lagarto ideal para pruebas en laboratorio.","breadcrumb":{"@id":"https:\/\/www.electronicajnc.com\/web\/producto\/cable-prueba-banana-lagarto-copia\/#breadcrumb"},"inLanguage":"es","potentialAction":[{"@type":"ReadAction","target":["https:\/\/www.electronicajnc.com\/web\/producto\/cable-prueba-banana-lagarto-copia\/"]}]},{"@type":"ImageObject","inLanguage":"es","@id":"https:\/\/www.electronicajnc.com\/web\/producto\/cable-prueba-banana-lagarto-copia\/#primaryimage","url":"https:\/\/www.electronicajnc.com\/web\/wp-content\/uploads\/2023\/03\/LAGARTO-BANANA-1.jpg","contentUrl":"https:\/\/www.electronicajnc.com\/web\/wp-content\/uploads\/2023\/03\/LAGARTO-BANANA-1.jpg","width":1028,"height":1001,"caption":"Cable Punta de prueba Banana Lagarto"},{"@type":"BreadcrumbList","@id":"https:\/\/www.electronicajnc.com\/web\/producto\/cable-prueba-banana-lagarto-copia\/#breadcrumb","itemListElement":[{"@type":"ListItem","position":1,"name":"Portada","item":"https:\/\/www.electronicajnc.com\/web\/"},{"@type":"ListItem","position":2,"name":"TIENDA","item":"https:\/\/www.electronicajnc.com\/web\/tienda\/"},{"@type":"ListItem","position":3,"name":"Cable prueba Banana Lagarto"}]},{"@type":"WebSite","@id":"https:\/\/www.electronicajnc.com\/web\/#website","url":"https:\/\/www.electronicajnc.com\/web\/","name":"Electronica JNC","description":"Robotica Tecnologia Mecatronica en Ecuador","publisher":{"@id":"https:\/\/www.electronicajnc.com\/web\/#organization"},"potentialAction":[{"@type":"SearchAction","target":{"@type":"EntryPoint","urlTemplate":"https:\/\/www.electronicajnc.com\/web\/?s={search_term_string}"},"query-input":{"@type":"PropertyValueSpecification","valueRequired":true,"valueName":"search_term_string"}}],"inLanguage":"es"},{"@type":"Organization","@id":"https:\/\/www.electronicajnc.com\/web\/#organization","name":"Electronica JNC","url":"https:\/\/www.electronicajnc.com\/web\/","logo":{"@type":"ImageObject","inLanguage":"es","@id":"https:\/\/www.electronicajnc.com\/web\/#\/schema\/logo\/image\/","url":"https:\/\/www.electronicajnc.com\/web\/wp-content\/uploads\/2023\/06\/nuevo-logo.jpg","contentUrl":"https:\/\/www.electronicajnc.com\/web\/wp-content\/uploads\/2023\/06\/nuevo-logo.jpg","width":1256,"height":612,"caption":"Electronica JNC"},"image":{"@id":"https:\/\/www.electronicajnc.com\/web\/#\/schema\/logo\/image\/"}}]}},"_links":{"self":[{"href":"https:\/\/www.electronicajnc.com\/web\/wp-json\/wp\/v2\/product\/401","targetHints":{"allow":["GET"]}}],"collection":[{"href":"https:\/\/www.electronicajnc.com\/web\/wp-json\/wp\/v2\/product"}],"about":[{"href":"https:\/\/www.electronicajnc.com\/web\/wp-json\/wp\/v2\/types\/product"}],"replies":[{"embeddable":true,"href":"https:\/\/www.electronicajnc.com\/web\/wp-json\/wp\/v2\/comments?post=401"}],"wp:featuredmedia":[{"embeddable":true,"href":"https:\/\/www.electronicajnc.com\/web\/wp-json\/wp\/v2\/media\/396"}],"wp:attachment":[{"href":"https:\/\/www.electronicajnc.com\/web\/wp-json\/wp\/v2\/media?parent=401"}],"wp:term":[{"taxonomy":"product_brand","embeddable":true,"href":"https:\/\/www.electronicajnc.com\/web\/wp-json\/wp\/v2\/product_brand?post=401"},{"taxonomy":"product_cat","embeddable":true,"href":"https:\/\/www.electronicajnc.com\/web\/wp-json\/wp\/v2\/product_cat?post=401"},{"taxonomy":"product_tag","embeddable":true,"href":"https:\/\/www.electronicajnc.com\/web\/wp-json\/wp\/v2\/product_tag?post=401"}],"curies":[{"name":"wp","href":"https:\/\/api.w.org\/{rel}","templated":true}]}}