{"id":407,"date":"2023-03-30T16:43:44","date_gmt":"2023-03-30T16:43:44","guid":{"rendered":"https:\/\/www.electronicajnc.com\/web\/?post_type=product&#038;p=407"},"modified":"2023-03-30T17:22:31","modified_gmt":"2023-03-30T17:22:31","slug":"pack-kit-lagarto-lagarto","status":"publish","type":"product","link":"https:\/\/www.electronicajnc.com\/web\/producto\/pack-kit-lagarto-lagarto\/","title":{"rendered":"Pack Kit Lagarto Lagarto"},"content":{"rendered":"<p>Pack Kit Lagarto Lagarto<\/p>\n<ul class=\"a-unordered-list a-vertical a-spacing-mini\">\n<li><span class=\"a-list-item\">Amplias aplicaciones para mult\u00edmetro y otros dispositivos el\u00e9ctricos. Los cables de prueba el\u00e9ctricos son adecuados para su uso con mult\u00edmetros, fuentes de alimentaci\u00f3n y otros equipos electr\u00f3nicos.<\/span><\/li>\n<\/ul>\n<p>El cable de prueba de enchufe pinza a pinza de cocodrilo se puede utilizar en trabajos de pruebas el\u00e9ctricas o de laboratorio.<\/p>\n<p>Los cables de plomo de prueba de enchufe de pinza a pinza de cocodrilo se utilizan con frecuencia en los laboratorios de f\u00edsica escolares para montar circuitos de forma r\u00e1pida y econ\u00f3mica. Son \u00fatiles para conectar componentes a cables.<\/p>\n<p>Son muy \u00fatiles para conectar componentes u otros a cables para laboratorios de colegio y universidades<\/p>\n<p>listos, pr\u00e1cticos, f\u00e1cil de usar<\/p>\n<div id=\"description\">\n<div class=\"ui-box-body\">\n<div>F\u00e1cil de instalar y de usar con las botas de pl\u00e1stico de aislamiento cubiertas.<\/div>\n<div>Conecta la abrazadera de enchufe banana a tierra y despu\u00e9s toma la sonda para probar el circuito.<\/div>\n<div><\/div>\n<\/div>\n<div>cables de 40 cm con caimanes chicos de 4,3 cm de largo por 1 cm de ancho. Fabricados en l\u00e1mina calibre 28, acabado niquelado y mangos de colores. Soportan hasta 5 amperios. Se usan para pasar corriente, alimentar circuitos el\u00e9ctricos y electr\u00f3nicos, conectar bocinas, ventiladores, motores, entre otros.<\/div>\n<div><\/div>\n<div class=\"ui-box-body\">\n<div>\n<h3>Pack Kit Lagarto Lagarto<\/h3>\n<h3><strong>INFORMACI\u00d3N<\/strong><\/h3>\n<p>Juego de 10 cables caim\u00e1n caim\u00e1n.<\/p>\n<p>Se usan para pasar corriente, alimentar circuitos el\u00e9ctricos y electr\u00f3nicos, conectar bocinas, ventiladores, motores, entre otros.<\/p>\n<p>Incluye:<\/p>\n<ul>\n<li>2 cable con caimanes verdes<\/li>\n<li>2 cable con caimanes rojos<\/li>\n<li>2 cable con caimanes negros<\/li>\n<li>2 cable con caimanes amarillos<\/li>\n<li>2 cable con caimanes blancos<\/li>\n<\/ul>\n<hr \/>\n<h3><strong>ESPECIFICACIONES T\u00c9CNICAS.<\/strong><\/h3>\n<ul>\n<li>Juego de 10 cables de 46 cm (incluyendo los caim\u00e1nes)<\/li>\n<li>Caim\u00e1nes de 0.3 x 1.5 x 1.2cm<\/li>\n<li>5 colores diferentes (verde, rojo negro, amarillo, blanco)<\/li>\n<li>Fabricados en l\u00e1mina calibre 28<\/li>\n<li>Acabado niquelado<\/li>\n<li>Mangos de colores<\/li>\n<li>Soportan hasta 3 A.<\/li>\n<\/ul>\n<\/div>\n<div><\/div>\n<div>Cable Punta de prueba\u00a0 lagarto Lagarto, <span id=\"productTitle\" class=\"a-size-large product-title-word-break\">Banana &#8211; Pinza de cocodrilo, conector de cocodrilo, cable de salida de 30 V, 5 A, cable de cocodrilo para fuente de alimentaci\u00f3n regulada DC ajustable, juego de cables de prueba con pinzas de cocodrilo.<\/span><\/div>\n<div><\/div>\n<div>\u00a1No te quedes sin el tuyo!<\/div>\n<\/div>\n<div>\n<p>Puede retirar sus pedidos en nuestra\u00a0<a href=\"https:\/\/www.electronicajnc.com\/web\/contactos\" target=\"_blank\" rel=\"noopener\">TIENDA F\u00cdSICA<\/a>\u00a0o realizar sus pedidos\u00a0<a href=\"https:\/\/www.electronicajnc.com\/web\/mi-cuenta\" target=\"_blank\" rel=\"noopener\">ONLINE<\/a>\u00a0o por\u00a0<a href=\"https:\/\/api.whatsapp.com\/send?phone=593958753126\" target=\"_blank\" rel=\"noopener\">WHATSAPP<\/a>.<\/p>\n<\/div>\n<\/div>\n","protected":false},"excerpt":{"rendered":"<div>Cables de colores Punta de prueba con conectores Banana Lagarto ideal para pruebas en laboratorio.Se usan para pasar corriente, alimentar circuitos el\u00e9ctricos y electr\u00f3nicos, conectar bocinas, ventiladores, motores, entre otros.<\/div>\n<div><\/div>\n","protected":false},"featured_media":413,"comment_status":"closed","ping_status":"closed","template":"","meta":{"saved_in_kubio":false,"_joinchat":[]},"product_brand":[],"product_cat":[95],"product_tag":[111,108,107,115,112,110,114,104,105,106,109,116,117,118,119,120,113,121,122,123,124,125,126,127],"class_list":{"0":"post-407","1":"product","2":"type-product","3":"status-publish","4":"has-post-thumbnail","6":"product_cat-cables","7":"product_tag-5-a","8":"product_tag-banana-pinza-de-cocodrilo","9":"product_tag-cable-banana-lagarto","10":"product_tag-cable-cocodrilo-cocodrilo","11":"product_tag-cable-de-cocodrilo-para-fuente-de-alimentacion-regulada-dc-ajustable","12":"product_tag-cable-de-salida-de-30-v","13":"product_tag-cable-lagarto-lagarto","14":"product_tag-cable-prueba-banana-lagarto","15":"product_tag-cable-punta-de-prueba-banana-lagarto","16":"product_tag-cables-banana-lagarto","17":"product_tag-conector-de-cocodrilo","18":"product_tag-electronicakitlagartosx5pequenos","19":"product_tag-juego-cables-lagartos-5-cables-pequenos","20":"product_tag-juego-cables-lagartos-kit-5-cables-pequenos","21":"product_tag-juego-cables-lagartos-kit-x-5-cables","22":"product_tag-juego-cables-lagartos-kit-x-5-cables-pequenos","23":"product_tag-juego-de-cables-de-prueba-con-pinzas-de-cocodrilo","24":"product_tag-juego-de-cables-lagartos-5-cables-pequenos","25":"product_tag-juego-de-cables-lagartos-kit-5-cables-pequenos","26":"product_tag-juego-de-cables-lagartos-kit-x-5-cables","27":"product_tag-juego-de-cables-lagartos-kit-x-5-cables-pequenos","28":"product_tag-juego-de-cables-lagartos-x-5-cables-pequenos","29":"product_tag-lagartos-kit-5-cables-pequenos","30":"product_tag-lagartos-kit-x-5-cables-pequenos","32":"first","33":"instock","34":"taxable","35":"shipping-taxable","36":"purchasable","37":"product-type-simple"},"yoast_head":"<!-- This site is optimized with the Yoast SEO plugin v27.4 - https:\/\/yoast.com\/product\/yoast-seo-wordpress\/ -->\n<title>Pack Kit Lagarto Lagarto - Electronica JNC<\/title>\n<meta name=\"description\" content=\"Pack Kit Lagarto Lagarto Cables de colores Punta de prueba con conectores Banana Lagarto ideal para pruebas en laboratorio.\" \/>\n<meta name=\"robots\" content=\"index, follow, max-snippet:-1, max-image-preview:large, max-video-preview:-1\" \/>\n<link rel=\"canonical\" href=\"https:\/\/www.electronicajnc.com\/web\/producto\/pack-kit-lagarto-lagarto\/\" \/>\n<meta property=\"og:locale\" content=\"es_ES\" \/>\n<meta property=\"og:type\" content=\"article\" \/>\n<meta property=\"og:title\" content=\"Pack Kit Lagarto Lagarto - Electronica JNC\" \/>\n<meta property=\"og:description\" content=\"Pack Kit Lagarto Lagarto Cables de colores Punta de prueba con conectores Banana Lagarto ideal para pruebas en laboratorio.\" \/>\n<meta property=\"og:url\" content=\"https:\/\/www.electronicajnc.com\/web\/producto\/pack-kit-lagarto-lagarto\/\" \/>\n<meta property=\"og:site_name\" content=\"Electronica JNC\" \/>\n<meta property=\"article:modified_time\" content=\"2023-03-30T17:22:31+00:00\" \/>\n<meta property=\"og:image\" content=\"https:\/\/www.electronicajnc.com\/web\/wp-content\/uploads\/2023\/03\/LAGARTO-colores-3.jpg\" \/>\n\t<meta property=\"og:image:width\" content=\"1063\" \/>\n\t<meta property=\"og:image:height\" content=\"1008\" \/>\n\t<meta property=\"og:image:type\" content=\"image\/jpeg\" \/>\n<meta name=\"twitter:card\" content=\"summary_large_image\" \/>\n<meta name=\"twitter:label1\" content=\"Tiempo de lectura\" \/>\n\t<meta name=\"twitter:data1\" content=\"2 minutos\" \/>\n<script type=\"application\/ld+json\" class=\"yoast-schema-graph\">{\"@context\":\"https:\\\/\\\/schema.org\",\"@graph\":[{\"@type\":\"WebPage\",\"@id\":\"https:\\\/\\\/www.electronicajnc.com\\\/web\\\/producto\\\/pack-kit-lagarto-lagarto\\\/\",\"url\":\"https:\\\/\\\/www.electronicajnc.com\\\/web\\\/producto\\\/pack-kit-lagarto-lagarto\\\/\",\"name\":\"Pack Kit Lagarto Lagarto - Electronica JNC\",\"isPartOf\":{\"@id\":\"https:\\\/\\\/www.electronicajnc.com\\\/web\\\/#website\"},\"primaryImageOfPage\":{\"@id\":\"https:\\\/\\\/www.electronicajnc.com\\\/web\\\/producto\\\/pack-kit-lagarto-lagarto\\\/#primaryimage\"},\"image\":{\"@id\":\"https:\\\/\\\/www.electronicajnc.com\\\/web\\\/producto\\\/pack-kit-lagarto-lagarto\\\/#primaryimage\"},\"thumbnailUrl\":\"https:\\\/\\\/www.electronicajnc.com\\\/web\\\/wp-content\\\/uploads\\\/2023\\\/03\\\/LAGARTO-colores-3.jpg\",\"datePublished\":\"2023-03-30T16:43:44+00:00\",\"dateModified\":\"2023-03-30T17:22:31+00:00\",\"description\":\"Pack Kit Lagarto Lagarto Cables de colores Punta de prueba con conectores Banana Lagarto ideal para pruebas en laboratorio.\",\"breadcrumb\":{\"@id\":\"https:\\\/\\\/www.electronicajnc.com\\\/web\\\/producto\\\/pack-kit-lagarto-lagarto\\\/#breadcrumb\"},\"inLanguage\":\"es\",\"potentialAction\":[{\"@type\":\"ReadAction\",\"target\":[\"https:\\\/\\\/www.electronicajnc.com\\\/web\\\/producto\\\/pack-kit-lagarto-lagarto\\\/\"]}]},{\"@type\":\"ImageObject\",\"inLanguage\":\"es\",\"@id\":\"https:\\\/\\\/www.electronicajnc.com\\\/web\\\/producto\\\/pack-kit-lagarto-lagarto\\\/#primaryimage\",\"url\":\"https:\\\/\\\/www.electronicajnc.com\\\/web\\\/wp-content\\\/uploads\\\/2023\\\/03\\\/LAGARTO-colores-3.jpg\",\"contentUrl\":\"https:\\\/\\\/www.electronicajnc.com\\\/web\\\/wp-content\\\/uploads\\\/2023\\\/03\\\/LAGARTO-colores-3.jpg\",\"width\":1063,\"height\":1008,\"caption\":\"Kit de 10 Cables Lagarto, Lagarto\"},{\"@type\":\"BreadcrumbList\",\"@id\":\"https:\\\/\\\/www.electronicajnc.com\\\/web\\\/producto\\\/pack-kit-lagarto-lagarto\\\/#breadcrumb\",\"itemListElement\":[{\"@type\":\"ListItem\",\"position\":1,\"name\":\"Portada\",\"item\":\"https:\\\/\\\/www.electronicajnc.com\\\/web\\\/\"},{\"@type\":\"ListItem\",\"position\":2,\"name\":\"TIENDA\",\"item\":\"https:\\\/\\\/www.electronicajnc.com\\\/web\\\/tienda\\\/\"},{\"@type\":\"ListItem\",\"position\":3,\"name\":\"Pack Kit Lagarto Lagarto\"}]},{\"@type\":\"WebSite\",\"@id\":\"https:\\\/\\\/www.electronicajnc.com\\\/web\\\/#website\",\"url\":\"https:\\\/\\\/www.electronicajnc.com\\\/web\\\/\",\"name\":\"Electronica JNC\",\"description\":\"Robotica Tecnologia Mecatronica en Ecuador\",\"publisher\":{\"@id\":\"https:\\\/\\\/www.electronicajnc.com\\\/web\\\/#organization\"},\"potentialAction\":[{\"@type\":\"SearchAction\",\"target\":{\"@type\":\"EntryPoint\",\"urlTemplate\":\"https:\\\/\\\/www.electronicajnc.com\\\/web\\\/?s={search_term_string}\"},\"query-input\":{\"@type\":\"PropertyValueSpecification\",\"valueRequired\":true,\"valueName\":\"search_term_string\"}}],\"inLanguage\":\"es\"},{\"@type\":\"Organization\",\"@id\":\"https:\\\/\\\/www.electronicajnc.com\\\/web\\\/#organization\",\"name\":\"Electronica JNC\",\"url\":\"https:\\\/\\\/www.electronicajnc.com\\\/web\\\/\",\"logo\":{\"@type\":\"ImageObject\",\"inLanguage\":\"es\",\"@id\":\"https:\\\/\\\/www.electronicajnc.com\\\/web\\\/#\\\/schema\\\/logo\\\/image\\\/\",\"url\":\"https:\\\/\\\/www.electronicajnc.com\\\/web\\\/wp-content\\\/uploads\\\/2023\\\/06\\\/nuevo-logo.jpg\",\"contentUrl\":\"https:\\\/\\\/www.electronicajnc.com\\\/web\\\/wp-content\\\/uploads\\\/2023\\\/06\\\/nuevo-logo.jpg\",\"width\":1256,\"height\":612,\"caption\":\"Electronica JNC\"},\"image\":{\"@id\":\"https:\\\/\\\/www.electronicajnc.com\\\/web\\\/#\\\/schema\\\/logo\\\/image\\\/\"}}]}<\/script>\n<!-- \/ Yoast SEO plugin. -->","yoast_head_json":{"title":"Pack Kit Lagarto Lagarto - Electronica JNC","description":"Pack Kit Lagarto Lagarto Cables de colores Punta de prueba con conectores Banana Lagarto ideal para pruebas en laboratorio.","robots":{"index":"index","follow":"follow","max-snippet":"max-snippet:-1","max-image-preview":"max-image-preview:large","max-video-preview":"max-video-preview:-1"},"canonical":"https:\/\/www.electronicajnc.com\/web\/producto\/pack-kit-lagarto-lagarto\/","og_locale":"es_ES","og_type":"article","og_title":"Pack Kit Lagarto Lagarto - Electronica JNC","og_description":"Pack Kit Lagarto Lagarto Cables de colores Punta de prueba con conectores Banana Lagarto ideal para pruebas en laboratorio.","og_url":"https:\/\/www.electronicajnc.com\/web\/producto\/pack-kit-lagarto-lagarto\/","og_site_name":"Electronica JNC","article_modified_time":"2023-03-30T17:22:31+00:00","og_image":[{"width":1063,"height":1008,"url":"https:\/\/www.electronicajnc.com\/web\/wp-content\/uploads\/2023\/03\/LAGARTO-colores-3.jpg","type":"image\/jpeg"}],"twitter_card":"summary_large_image","twitter_misc":{"Tiempo de lectura":"2 minutos"},"schema":{"@context":"https:\/\/schema.org","@graph":[{"@type":"WebPage","@id":"https:\/\/www.electronicajnc.com\/web\/producto\/pack-kit-lagarto-lagarto\/","url":"https:\/\/www.electronicajnc.com\/web\/producto\/pack-kit-lagarto-lagarto\/","name":"Pack Kit Lagarto Lagarto - Electronica JNC","isPartOf":{"@id":"https:\/\/www.electronicajnc.com\/web\/#website"},"primaryImageOfPage":{"@id":"https:\/\/www.electronicajnc.com\/web\/producto\/pack-kit-lagarto-lagarto\/#primaryimage"},"image":{"@id":"https:\/\/www.electronicajnc.com\/web\/producto\/pack-kit-lagarto-lagarto\/#primaryimage"},"thumbnailUrl":"https:\/\/www.electronicajnc.com\/web\/wp-content\/uploads\/2023\/03\/LAGARTO-colores-3.jpg","datePublished":"2023-03-30T16:43:44+00:00","dateModified":"2023-03-30T17:22:31+00:00","description":"Pack Kit Lagarto Lagarto Cables de colores Punta de prueba con conectores Banana Lagarto ideal para pruebas en laboratorio.","breadcrumb":{"@id":"https:\/\/www.electronicajnc.com\/web\/producto\/pack-kit-lagarto-lagarto\/#breadcrumb"},"inLanguage":"es","potentialAction":[{"@type":"ReadAction","target":["https:\/\/www.electronicajnc.com\/web\/producto\/pack-kit-lagarto-lagarto\/"]}]},{"@type":"ImageObject","inLanguage":"es","@id":"https:\/\/www.electronicajnc.com\/web\/producto\/pack-kit-lagarto-lagarto\/#primaryimage","url":"https:\/\/www.electronicajnc.com\/web\/wp-content\/uploads\/2023\/03\/LAGARTO-colores-3.jpg","contentUrl":"https:\/\/www.electronicajnc.com\/web\/wp-content\/uploads\/2023\/03\/LAGARTO-colores-3.jpg","width":1063,"height":1008,"caption":"Kit de 10 Cables Lagarto, Lagarto"},{"@type":"BreadcrumbList","@id":"https:\/\/www.electronicajnc.com\/web\/producto\/pack-kit-lagarto-lagarto\/#breadcrumb","itemListElement":[{"@type":"ListItem","position":1,"name":"Portada","item":"https:\/\/www.electronicajnc.com\/web\/"},{"@type":"ListItem","position":2,"name":"TIENDA","item":"https:\/\/www.electronicajnc.com\/web\/tienda\/"},{"@type":"ListItem","position":3,"name":"Pack Kit Lagarto Lagarto"}]},{"@type":"WebSite","@id":"https:\/\/www.electronicajnc.com\/web\/#website","url":"https:\/\/www.electronicajnc.com\/web\/","name":"Electronica JNC","description":"Robotica Tecnologia Mecatronica en Ecuador","publisher":{"@id":"https:\/\/www.electronicajnc.com\/web\/#organization"},"potentialAction":[{"@type":"SearchAction","target":{"@type":"EntryPoint","urlTemplate":"https:\/\/www.electronicajnc.com\/web\/?s={search_term_string}"},"query-input":{"@type":"PropertyValueSpecification","valueRequired":true,"valueName":"search_term_string"}}],"inLanguage":"es"},{"@type":"Organization","@id":"https:\/\/www.electronicajnc.com\/web\/#organization","name":"Electronica JNC","url":"https:\/\/www.electronicajnc.com\/web\/","logo":{"@type":"ImageObject","inLanguage":"es","@id":"https:\/\/www.electronicajnc.com\/web\/#\/schema\/logo\/image\/","url":"https:\/\/www.electronicajnc.com\/web\/wp-content\/uploads\/2023\/06\/nuevo-logo.jpg","contentUrl":"https:\/\/www.electronicajnc.com\/web\/wp-content\/uploads\/2023\/06\/nuevo-logo.jpg","width":1256,"height":612,"caption":"Electronica JNC"},"image":{"@id":"https:\/\/www.electronicajnc.com\/web\/#\/schema\/logo\/image\/"}}]}},"_links":{"self":[{"href":"https:\/\/www.electronicajnc.com\/web\/wp-json\/wp\/v2\/product\/407","targetHints":{"allow":["GET"]}}],"collection":[{"href":"https:\/\/www.electronicajnc.com\/web\/wp-json\/wp\/v2\/product"}],"about":[{"href":"https:\/\/www.electronicajnc.com\/web\/wp-json\/wp\/v2\/types\/product"}],"replies":[{"embeddable":true,"href":"https:\/\/www.electronicajnc.com\/web\/wp-json\/wp\/v2\/comments?post=407"}],"wp:featuredmedia":[{"embeddable":true,"href":"https:\/\/www.electronicajnc.com\/web\/wp-json\/wp\/v2\/media\/413"}],"wp:attachment":[{"href":"https:\/\/www.electronicajnc.com\/web\/wp-json\/wp\/v2\/media?parent=407"}],"wp:term":[{"taxonomy":"product_brand","embeddable":true,"href":"https:\/\/www.electronicajnc.com\/web\/wp-json\/wp\/v2\/product_brand?post=407"},{"taxonomy":"product_cat","embeddable":true,"href":"https:\/\/www.electronicajnc.com\/web\/wp-json\/wp\/v2\/product_cat?post=407"},{"taxonomy":"product_tag","embeddable":true,"href":"https:\/\/www.electronicajnc.com\/web\/wp-json\/wp\/v2\/product_tag?post=407"}],"curies":[{"name":"wp","href":"https:\/\/api.w.org\/{rel}","templated":true}]}}