{"id":423,"date":"2023-03-30T23:06:44","date_gmt":"2023-03-30T23:06:44","guid":{"rendered":"https:\/\/www.electronicajnc.com\/web\/?post_type=product&#038;p=423"},"modified":"2023-10-31T17:11:04","modified_gmt":"2023-10-31T17:11:04","slug":"cable-osciloscopio-bnc-lagartos","status":"publish","type":"product","link":"https:\/\/www.electronicajnc.com\/web\/producto\/cable-osciloscopio-bnc-lagartos\/","title":{"rendered":"Cable Osciloscopio Bnc Lagartos\u00a0"},"content":{"rendered":"<p class=\"product_title entry-title\">Cable Osciloscopio Bnc Lagartos, Cable Bnc Macho A2 Lagartos Punta de Osciloscopio<\/p>\n<p id=\"title\" class=\"a-size-large a-spacing-none\"><span id=\"productTitle\" class=\"a-size-large product-title-word-break\">Sondas de Pinza de osciloscopio de 19,7 Pulgadas, sonda de Prueba de osciloscopio ecol\u00f3gica de PVC + Metal, para Uso en Laboratorio el\u00e9ctrico de osciloscopio, Uso Escolar\u00a0<\/span><\/p>\n<ul class=\"a-unordered-list a-vertical a-spacing-mini\">\n<li><span class=\"a-list-item\">El conector BNC con dise\u00f1o estandarizado es aplicable a todos los osciloscopios.<\/span><\/li>\n<li><span class=\"a-list-item\">Envuelto con material de PVC, aislado, ecol\u00f3gico y hermoso.<\/span><\/li>\n<li><span class=\"a-list-item\">Con pinzas de cocodrilo duales, ligeras y flexibles, f\u00e1ciles de conectar al circuito y dif\u00edciles de caer.<\/span><\/li>\n<li><span class=\"a-list-item\">La mano de obra estricta garantiza su buen rendimiento y larga durabilidad.<\/span><\/li>\n<li><span class=\"a-list-item\">Accesorio ideal para colegio, f\u00e1brica de electr\u00f3nica, laboratorio el\u00e9ctrico, etc.<\/span><\/li>\n<\/ul>\n<p>&nbsp;<\/p>\n<h2><span style=\"font-size: 2em;\">cable Osciloscopio Bnc Lagartos\u00a0<\/span><\/h2>\n<p>Caracter\u00edsticas:<br \/>\n1. El conector BNC con dise\u00f1o estandarizado es aplicable a todos los osciloscopios.<br \/>\n2. Envuelto con material de PVC, aislado, ecol\u00f3gico y hermoso.<br \/>\n3. Con pinzas de cocodrilo duales, ligeras y flexibles, f\u00e1ciles de conectar el circuito y dif\u00edcil de caer.<br \/>\n4. La mano de obra estricta garantiza su buen rendimiento y larga durabilidad.<br \/>\n5. Accesorio ideal para la escuela, f\u00e1brica de electr\u00f3nica, laboratorio el\u00e9ctrico, etc.<\/p>\n<p>Especificaci\u00f3n:<br \/>\nMaterial: PVC + Metal<br \/>\nCantidad: 1 pieza<br \/>\nColor: como muestran las im\u00e1genes<br \/>\nLongitud total: 0,5 m \/ 19,7 pulgadas<br \/>\nPeso aproximado. 59 g \/ 2,1 oz<\/p>\n<p>Lista de paquetes:<br \/>\n1 x cable de sonda de prueba de osciloscopio de enchufe BNC<\/p>\n<p>Nota:<br \/>\n1. Debido a la diferencia entre monitores y efectos de luz, el las im\u00e1genes pueden no reflejar el real color del art\u00edculo. Por favor, tome el real como est\u00e1ndar.<br \/>\n2. Permita un ligero error debido a la medici\u00f3n manual. Gracias por tu entendimiento.<\/p>\n<p>&nbsp;<\/p>\n<div class=\"ui-box-body\">\n<div>\u00a1No te quedes sin el tuyo!<\/div>\n<\/div>\n<div><\/div>\n<div><\/div>\n<div>\n<p>Puede retirar sus pedidos en nuestra\u00a0<a href=\"https:\/\/www.electronicajnc.com\/web\/contactos\" target=\"_blank\" rel=\"noopener\">TIENDA F\u00cdSICA<\/a>\u00a0o realizar sus pedidos\u00a0<a href=\"https:\/\/www.electronicajnc.com\/web\/mi-cuenta\" target=\"_blank\" rel=\"noopener\">ONLINE<\/a>\u00a0o por\u00a0<a href=\"https:\/\/api.whatsapp.com\/send?phone=593958753126\" target=\"_blank\" rel=\"noopener\">WHATSAPP<\/a>.<\/p>\n<\/div>\n","protected":false},"excerpt":{"rendered":"<p id=\"title\" class=\"a-size-large a-spacing-none\"><span id=\"productTitle\" class=\"a-size-large product-title-word-break\">Prueba de osciloscopio ecol\u00f3gica de PVC + Metal, para Uso en Laboratorio el\u00e9ctrico de osciloscopio, Uso Escolar.<\/span><\/p>\n","protected":false},"featured_media":424,"comment_status":"closed","ping_status":"closed","template":"","meta":{"saved_in_kubio":false,"_joinchat":[]},"product_brand":[],"product_cat":[95],"product_tag":[135,134],"class_list":{"0":"post-423","1":"product","2":"type-product","3":"status-publish","4":"has-post-thumbnail","6":"product_cat-cables","7":"product_tag-cable-bnc-macho-a2-lagartos-punta-de-osciloscopio","8":"product_tag-cable-osciloscopio-bnc-lagartos","10":"first","11":"instock","12":"taxable","13":"shipping-taxable","14":"purchasable","15":"product-type-simple"},"yoast_head":"<!-- This site is optimized with the Yoast SEO plugin v27.4 - https:\/\/yoast.com\/product\/yoast-seo-wordpress\/ -->\n<title>Cable Osciloscopio Bnc Lagartos\u00a0 - Electronica JNC<\/title>\n<meta name=\"description\" content=\"Cable Osciloscopio Bnc Lagartos\u00a0Prueba de osciloscopio ecol\u00f3gica de PVC + Metal, para Uso en Laboratorio el\u00e9ctrico de osciloscopio, Uso Escolar.\" \/>\n<meta name=\"robots\" content=\"index, follow, max-snippet:-1, max-image-preview:large, max-video-preview:-1\" \/>\n<link rel=\"canonical\" href=\"https:\/\/www.electronicajnc.com\/web\/producto\/cable-osciloscopio-bnc-lagartos\/\" \/>\n<meta property=\"og:locale\" content=\"es_ES\" \/>\n<meta property=\"og:type\" content=\"article\" \/>\n<meta property=\"og:title\" content=\"Cable Osciloscopio Bnc Lagartos\u00a0 - Electronica JNC\" \/>\n<meta property=\"og:description\" content=\"Cable Osciloscopio Bnc Lagartos\u00a0Prueba de osciloscopio ecol\u00f3gica de PVC + Metal, para Uso en Laboratorio el\u00e9ctrico de osciloscopio, Uso Escolar.\" \/>\n<meta property=\"og:url\" content=\"https:\/\/www.electronicajnc.com\/web\/producto\/cable-osciloscopio-bnc-lagartos\/\" \/>\n<meta property=\"og:site_name\" content=\"Electronica JNC\" \/>\n<meta property=\"article:modified_time\" content=\"2023-10-31T17:11:04+00:00\" \/>\n<meta property=\"og:image\" content=\"https:\/\/www.electronicajnc.com\/web\/wp-content\/uploads\/2023\/03\/PUNTA-GENERICA.jpg\" \/>\n\t<meta property=\"og:image:width\" content=\"1060\" \/>\n\t<meta property=\"og:image:height\" content=\"935\" \/>\n\t<meta property=\"og:image:type\" content=\"image\/jpeg\" \/>\n<meta name=\"twitter:card\" content=\"summary_large_image\" \/>\n<meta name=\"twitter:label1\" content=\"Tiempo de lectura\" \/>\n\t<meta name=\"twitter:data1\" content=\"2 minutos\" \/>\n<script type=\"application\/ld+json\" class=\"yoast-schema-graph\">{\"@context\":\"https:\\\/\\\/schema.org\",\"@graph\":[{\"@type\":\"WebPage\",\"@id\":\"https:\\\/\\\/www.electronicajnc.com\\\/web\\\/producto\\\/cable-osciloscopio-bnc-lagartos\\\/\",\"url\":\"https:\\\/\\\/www.electronicajnc.com\\\/web\\\/producto\\\/cable-osciloscopio-bnc-lagartos\\\/\",\"name\":\"Cable Osciloscopio Bnc Lagartos\u00a0 - Electronica JNC\",\"isPartOf\":{\"@id\":\"https:\\\/\\\/www.electronicajnc.com\\\/web\\\/#website\"},\"primaryImageOfPage\":{\"@id\":\"https:\\\/\\\/www.electronicajnc.com\\\/web\\\/producto\\\/cable-osciloscopio-bnc-lagartos\\\/#primaryimage\"},\"image\":{\"@id\":\"https:\\\/\\\/www.electronicajnc.com\\\/web\\\/producto\\\/cable-osciloscopio-bnc-lagartos\\\/#primaryimage\"},\"thumbnailUrl\":\"https:\\\/\\\/www.electronicajnc.com\\\/web\\\/wp-content\\\/uploads\\\/2023\\\/03\\\/PUNTA-GENERICA.jpg\",\"datePublished\":\"2023-03-30T23:06:44+00:00\",\"dateModified\":\"2023-10-31T17:11:04+00:00\",\"description\":\"Cable Osciloscopio Bnc Lagartos\u00a0Prueba de osciloscopio ecol\u00f3gica de PVC + Metal, para Uso en Laboratorio el\u00e9ctrico de osciloscopio, Uso Escolar.\",\"breadcrumb\":{\"@id\":\"https:\\\/\\\/www.electronicajnc.com\\\/web\\\/producto\\\/cable-osciloscopio-bnc-lagartos\\\/#breadcrumb\"},\"inLanguage\":\"es\",\"potentialAction\":[{\"@type\":\"ReadAction\",\"target\":[\"https:\\\/\\\/www.electronicajnc.com\\\/web\\\/producto\\\/cable-osciloscopio-bnc-lagartos\\\/\"]}]},{\"@type\":\"ImageObject\",\"inLanguage\":\"es\",\"@id\":\"https:\\\/\\\/www.electronicajnc.com\\\/web\\\/producto\\\/cable-osciloscopio-bnc-lagartos\\\/#primaryimage\",\"url\":\"https:\\\/\\\/www.electronicajnc.com\\\/web\\\/wp-content\\\/uploads\\\/2023\\\/03\\\/PUNTA-GENERICA.jpg\",\"contentUrl\":\"https:\\\/\\\/www.electronicajnc.com\\\/web\\\/wp-content\\\/uploads\\\/2023\\\/03\\\/PUNTA-GENERICA.jpg\",\"width\":1060,\"height\":935,\"caption\":\"Cable Bnc Macho A2 Lagartos Punta de Osciloscopio\"},{\"@type\":\"BreadcrumbList\",\"@id\":\"https:\\\/\\\/www.electronicajnc.com\\\/web\\\/producto\\\/cable-osciloscopio-bnc-lagartos\\\/#breadcrumb\",\"itemListElement\":[{\"@type\":\"ListItem\",\"position\":1,\"name\":\"Portada\",\"item\":\"https:\\\/\\\/www.electronicajnc.com\\\/web\\\/\"},{\"@type\":\"ListItem\",\"position\":2,\"name\":\"TIENDA\",\"item\":\"https:\\\/\\\/www.electronicajnc.com\\\/web\\\/tienda\\\/\"},{\"@type\":\"ListItem\",\"position\":3,\"name\":\"Cable Osciloscopio Bnc Lagartos\u00a0\"}]},{\"@type\":\"WebSite\",\"@id\":\"https:\\\/\\\/www.electronicajnc.com\\\/web\\\/#website\",\"url\":\"https:\\\/\\\/www.electronicajnc.com\\\/web\\\/\",\"name\":\"Electronica JNC\",\"description\":\"Robotica Tecnologia Mecatronica en Ecuador\",\"publisher\":{\"@id\":\"https:\\\/\\\/www.electronicajnc.com\\\/web\\\/#organization\"},\"potentialAction\":[{\"@type\":\"SearchAction\",\"target\":{\"@type\":\"EntryPoint\",\"urlTemplate\":\"https:\\\/\\\/www.electronicajnc.com\\\/web\\\/?s={search_term_string}\"},\"query-input\":{\"@type\":\"PropertyValueSpecification\",\"valueRequired\":true,\"valueName\":\"search_term_string\"}}],\"inLanguage\":\"es\"},{\"@type\":\"Organization\",\"@id\":\"https:\\\/\\\/www.electronicajnc.com\\\/web\\\/#organization\",\"name\":\"Electronica JNC\",\"url\":\"https:\\\/\\\/www.electronicajnc.com\\\/web\\\/\",\"logo\":{\"@type\":\"ImageObject\",\"inLanguage\":\"es\",\"@id\":\"https:\\\/\\\/www.electronicajnc.com\\\/web\\\/#\\\/schema\\\/logo\\\/image\\\/\",\"url\":\"https:\\\/\\\/www.electronicajnc.com\\\/web\\\/wp-content\\\/uploads\\\/2023\\\/06\\\/nuevo-logo.jpg\",\"contentUrl\":\"https:\\\/\\\/www.electronicajnc.com\\\/web\\\/wp-content\\\/uploads\\\/2023\\\/06\\\/nuevo-logo.jpg\",\"width\":1256,\"height\":612,\"caption\":\"Electronica JNC\"},\"image\":{\"@id\":\"https:\\\/\\\/www.electronicajnc.com\\\/web\\\/#\\\/schema\\\/logo\\\/image\\\/\"}}]}<\/script>\n<!-- \/ Yoast SEO plugin. -->","yoast_head_json":{"title":"Cable Osciloscopio Bnc Lagartos\u00a0 - Electronica JNC","description":"Cable Osciloscopio Bnc Lagartos\u00a0Prueba de osciloscopio ecol\u00f3gica de PVC + Metal, para Uso en Laboratorio el\u00e9ctrico de osciloscopio, Uso Escolar.","robots":{"index":"index","follow":"follow","max-snippet":"max-snippet:-1","max-image-preview":"max-image-preview:large","max-video-preview":"max-video-preview:-1"},"canonical":"https:\/\/www.electronicajnc.com\/web\/producto\/cable-osciloscopio-bnc-lagartos\/","og_locale":"es_ES","og_type":"article","og_title":"Cable Osciloscopio Bnc Lagartos\u00a0 - Electronica JNC","og_description":"Cable Osciloscopio Bnc Lagartos\u00a0Prueba de osciloscopio ecol\u00f3gica de PVC + Metal, para Uso en Laboratorio el\u00e9ctrico de osciloscopio, Uso Escolar.","og_url":"https:\/\/www.electronicajnc.com\/web\/producto\/cable-osciloscopio-bnc-lagartos\/","og_site_name":"Electronica JNC","article_modified_time":"2023-10-31T17:11:04+00:00","og_image":[{"width":1060,"height":935,"url":"https:\/\/www.electronicajnc.com\/web\/wp-content\/uploads\/2023\/03\/PUNTA-GENERICA.jpg","type":"image\/jpeg"}],"twitter_card":"summary_large_image","twitter_misc":{"Tiempo de lectura":"2 minutos"},"schema":{"@context":"https:\/\/schema.org","@graph":[{"@type":"WebPage","@id":"https:\/\/www.electronicajnc.com\/web\/producto\/cable-osciloscopio-bnc-lagartos\/","url":"https:\/\/www.electronicajnc.com\/web\/producto\/cable-osciloscopio-bnc-lagartos\/","name":"Cable Osciloscopio Bnc Lagartos\u00a0 - Electronica JNC","isPartOf":{"@id":"https:\/\/www.electronicajnc.com\/web\/#website"},"primaryImageOfPage":{"@id":"https:\/\/www.electronicajnc.com\/web\/producto\/cable-osciloscopio-bnc-lagartos\/#primaryimage"},"image":{"@id":"https:\/\/www.electronicajnc.com\/web\/producto\/cable-osciloscopio-bnc-lagartos\/#primaryimage"},"thumbnailUrl":"https:\/\/www.electronicajnc.com\/web\/wp-content\/uploads\/2023\/03\/PUNTA-GENERICA.jpg","datePublished":"2023-03-30T23:06:44+00:00","dateModified":"2023-10-31T17:11:04+00:00","description":"Cable Osciloscopio Bnc Lagartos\u00a0Prueba de osciloscopio ecol\u00f3gica de PVC + Metal, para Uso en Laboratorio el\u00e9ctrico de osciloscopio, Uso Escolar.","breadcrumb":{"@id":"https:\/\/www.electronicajnc.com\/web\/producto\/cable-osciloscopio-bnc-lagartos\/#breadcrumb"},"inLanguage":"es","potentialAction":[{"@type":"ReadAction","target":["https:\/\/www.electronicajnc.com\/web\/producto\/cable-osciloscopio-bnc-lagartos\/"]}]},{"@type":"ImageObject","inLanguage":"es","@id":"https:\/\/www.electronicajnc.com\/web\/producto\/cable-osciloscopio-bnc-lagartos\/#primaryimage","url":"https:\/\/www.electronicajnc.com\/web\/wp-content\/uploads\/2023\/03\/PUNTA-GENERICA.jpg","contentUrl":"https:\/\/www.electronicajnc.com\/web\/wp-content\/uploads\/2023\/03\/PUNTA-GENERICA.jpg","width":1060,"height":935,"caption":"Cable Bnc Macho A2 Lagartos Punta de Osciloscopio"},{"@type":"BreadcrumbList","@id":"https:\/\/www.electronicajnc.com\/web\/producto\/cable-osciloscopio-bnc-lagartos\/#breadcrumb","itemListElement":[{"@type":"ListItem","position":1,"name":"Portada","item":"https:\/\/www.electronicajnc.com\/web\/"},{"@type":"ListItem","position":2,"name":"TIENDA","item":"https:\/\/www.electronicajnc.com\/web\/tienda\/"},{"@type":"ListItem","position":3,"name":"Cable Osciloscopio Bnc Lagartos\u00a0"}]},{"@type":"WebSite","@id":"https:\/\/www.electronicajnc.com\/web\/#website","url":"https:\/\/www.electronicajnc.com\/web\/","name":"Electronica JNC","description":"Robotica Tecnologia Mecatronica en Ecuador","publisher":{"@id":"https:\/\/www.electronicajnc.com\/web\/#organization"},"potentialAction":[{"@type":"SearchAction","target":{"@type":"EntryPoint","urlTemplate":"https:\/\/www.electronicajnc.com\/web\/?s={search_term_string}"},"query-input":{"@type":"PropertyValueSpecification","valueRequired":true,"valueName":"search_term_string"}}],"inLanguage":"es"},{"@type":"Organization","@id":"https:\/\/www.electronicajnc.com\/web\/#organization","name":"Electronica JNC","url":"https:\/\/www.electronicajnc.com\/web\/","logo":{"@type":"ImageObject","inLanguage":"es","@id":"https:\/\/www.electronicajnc.com\/web\/#\/schema\/logo\/image\/","url":"https:\/\/www.electronicajnc.com\/web\/wp-content\/uploads\/2023\/06\/nuevo-logo.jpg","contentUrl":"https:\/\/www.electronicajnc.com\/web\/wp-content\/uploads\/2023\/06\/nuevo-logo.jpg","width":1256,"height":612,"caption":"Electronica JNC"},"image":{"@id":"https:\/\/www.electronicajnc.com\/web\/#\/schema\/logo\/image\/"}}]}},"_links":{"self":[{"href":"https:\/\/www.electronicajnc.com\/web\/wp-json\/wp\/v2\/product\/423","targetHints":{"allow":["GET"]}}],"collection":[{"href":"https:\/\/www.electronicajnc.com\/web\/wp-json\/wp\/v2\/product"}],"about":[{"href":"https:\/\/www.electronicajnc.com\/web\/wp-json\/wp\/v2\/types\/product"}],"replies":[{"embeddable":true,"href":"https:\/\/www.electronicajnc.com\/web\/wp-json\/wp\/v2\/comments?post=423"}],"wp:featuredmedia":[{"embeddable":true,"href":"https:\/\/www.electronicajnc.com\/web\/wp-json\/wp\/v2\/media\/424"}],"wp:attachment":[{"href":"https:\/\/www.electronicajnc.com\/web\/wp-json\/wp\/v2\/media?parent=423"}],"wp:term":[{"taxonomy":"product_brand","embeddable":true,"href":"https:\/\/www.electronicajnc.com\/web\/wp-json\/wp\/v2\/product_brand?post=423"},{"taxonomy":"product_cat","embeddable":true,"href":"https:\/\/www.electronicajnc.com\/web\/wp-json\/wp\/v2\/product_cat?post=423"},{"taxonomy":"product_tag","embeddable":true,"href":"https:\/\/www.electronicajnc.com\/web\/wp-json\/wp\/v2\/product_tag?post=423"}],"curies":[{"name":"wp","href":"https:\/\/api.w.org\/{rel}","templated":true}]}}