{"id":450,"date":"2023-03-31T21:47:22","date_gmt":"2023-03-31T21:47:22","guid":{"rendered":"https:\/\/www.electronicajnc.com\/web\/?post_type=product&#038;p=450"},"modified":"2025-05-07T16:18:39","modified_gmt":"2025-05-07T16:18:39","slug":"protoboard-1regleta-830-puntos","status":"publish","type":"product","link":"https:\/\/www.electronicajnc.com\/web\/producto\/protoboard-1regleta-830-puntos\/","title":{"rendered":"Protoboard 1regleta 830 Puntos"},"content":{"rendered":"<p>Protoboard 1regleta 830 Puntos<\/p>\n<p>El Protoboard 830 sirve para probar circuitos sin tener que fabricar un PCB, cuenta con 4 l\u00edneas de energ\u00eda, 63 columnas y 10 filas para un total de 830 puntos, todos los pines est\u00e1n espaciados por un est\u00e1ndar de 0,1\u2033, los dos conjuntos de cinco filas est\u00e1n separadas por aproximadamente 0,3\u2033, perfecto para integrados tipo DIP, la Junta acepta cables en el rango de 29-20AWG, para mejores resultados utilizar el cable especial para protoboard, posee un auto-adhesivo en la parte posterior, pueden conectarse varios protoboards juntos, tantos como desee.<\/p>\n<p>Todos los pines est\u00e1n espaciados por un est\u00e1ndar de 0,1&#8243;.<\/p>\n<p>Modelo: MB-102, 830 puntos.<\/p>\n<p>Tama\u00f1o: aprox. 16.5 * 5.4 * 0.9 cm.<\/p>\n<p>Ideal para circuitos de alta frecuencia y bajo ruido.<\/p>\n<p>Interconecte cualquier componente con un cable de 20-29 AWG (0.3-0.8 mm).<\/p>\n<p>Pinza de resorte de dise\u00f1o especial con m\u00e1s de 5,000 ciclos de inserci\u00f3n.<\/p>\n<p>&nbsp;<\/p>\n<p>Incluye:<\/p>\n<p>1x Protoboard 800 puntos.<\/p>\n<h2>Protoboard 1regleta 830 Puntos<\/h2>\n<p><strong>Caracter\u00edsticas:<\/strong><\/p>\n<ul>\n<li>Modelo: MB-102, 830 puntos.Tama\u00f1o: aprox. 16.5 * 5.4 * 0.9 cm.\n<p>Ideal para circuitos de alta frecuencia y bajo ruido.<\/p>\n<p>Interconecte cualquier componente con un cable de 20-29 AWG (0.3-0.8 mm).<\/p>\n<p>Pinza de resorte de dise\u00f1o especial con m\u00e1s de 5,000 ciclos de inserci\u00f3n.<\/p>\n<p>&nbsp;<\/p>\n<p>Incluye:<\/p>\n<p>1x Protoboard 800 puntos.<\/li>\n<\/ul>\n<div class=\"x11i5rnm xat24cr x1mh8g0r x1vvkbs xtlvy1s x126k92a\">\n<div dir=\"auto\"><a class=\"x1i10hfl xjbqb8w x6umtig x1b1mbwd xaqea5y xav7gou x9f619 x1ypdohk xt0psk2 xe8uvvx xdj266r x11i5rnm xat24cr x1mh8g0r xexx8yu x4uap5 x18d9i69 xkhd6sd x16tdsg8 x1hl2dhg xggy1nq x1a2a7pz xt0b8zv x1qq9wsj xo1l8bm\" role=\"link\" href=\"https:\/\/www.facebook.com\/electronica.jnc?__cft__[0]=AZUZfBwO0gTImNXyBLemoAdXCeMw6yegyV1Llbld01ZuqlJmGMXyr0JVpy6bIcez3HfKNWOzdJoxkT8hRDb8cuIpWNW1ieSsTN2-fQT7bVyeuIqmfyQWEN22lxJ6DafIkKASTVwAumXmx3MRRkAVr_DGONSgXe6D8--fb1sEG-y7mw&amp;__tn__=-]K-R\"><span class=\"xt0psk2\">Electronica Jnc<\/span><\/a>TU MEJOR ALIADO<\/div>\n<div dir=\"auto\">COTIZA CON NOSOTROS<\/div>\n<\/div>\n<div class=\"x11i5rnm xat24cr x1mh8g0r x1vvkbs xtlvy1s x126k92a\">\n<div dir=\"auto\"><\/div>\n<div dir=\"auto\">Electronica Jnc<\/div>\n<div dir=\"auto\">SERVICIO, EXPERIENCIA, CALIDAD Y CONFIANZA<\/div>\n<\/div>\n<div class=\"x11i5rnm xat24cr x1mh8g0r x1vvkbs xtlvy1s x126k92a\">\n<div dir=\"auto\">\u00abTodo lo que buscas en un solo lugar\u00bb<\/div>\n<div dir=\"auto\"><\/div>\n<div dir=\"auto\">Para mayor informaci\u00f3n:<\/div>\n<div dir=\"auto\">whatsapp:<\/div>\n<div dir=\"auto\">haga clic en el enlace:<\/div>\n<div dir=\"auto\"><a class=\"x1i10hfl xjbqb8w x6umtig x1b1mbwd xaqea5y xav7gou x9f619 x1ypdohk xt0psk2 xe8uvvx xdj266r x11i5rnm xat24cr x1mh8g0r xexx8yu x4uap5 x18d9i69 xkhd6sd x16tdsg8 x1hl2dhg xggy1nq x1a2a7pz xt0b8zv x1fey0fg\" role=\"link\" href=\"https:\/\/wa.me\/593958753126?fbclid=IwAR03oJhNCwgUeEOYkOYjyLNW0NDJo8x682NMrkRi_91sgvvlD8ednZe1e-c\" target=\"_blank\" rel=\"nofollow noopener\">https:\/\/wa.me\/593958753126<\/a><\/div>\n<\/div>\n<div class=\"ui-box-body\">\n<div><\/div>\n<div>\u00a1No te quedes sin el tuyo!<\/div>\n<div><\/div>\n<\/div>\n<div>\n<p>Puede retirar sus pedidos en nuestra\u00a0<a href=\"https:\/\/www.electronicajnc.com\/web\/contactos\" target=\"_blank\" rel=\"noopener\">TIENDA F\u00cdSICA<\/a>\u00a0o realizar sus pedidos\u00a0<a href=\"https:\/\/www.electronicajnc.com\/web\/mi-cuenta\" target=\"_blank\" rel=\"noopener\">ONLINE<\/a>\u00a0o por\u00a0<a href=\"https:\/\/api.whatsapp.com\/send?phone=593958753126\" target=\"_blank\" rel=\"noopener\">WHATSAPP<\/a>.<\/p>\n<\/div>\n<h2><\/h2>\n","protected":false},"excerpt":{"rendered":"<p>Tablilla de conexi\u00f3n (Protoboard), con 1 bloque, 2 tiras, sin bornes y 830 perforaciones, ideales para armar prototipos de circuitos electr\u00f3nicos.<\/p>\n","protected":false},"featured_media":451,"comment_status":"closed","ping_status":"closed","template":"","meta":{"saved_in_kubio":false,"_joinchat":[]},"product_brand":[],"product_cat":[15],"product_tag":[157,158,160,161,162,163,164,165,166,167,168,169,170,171,159],"class_list":{"0":"post-450","1":"product","2":"type-product","3":"status-publish","4":"has-post-thumbnail","6":"product_cat-sin-categorizar","7":"product_tag-placa-de-pruebas-830-puntos","8":"product_tag-protoboard-1-regleta-830-puntos","9":"product_tag-protoboard-1-regleta-830-puntos-blanco","10":"product_tag-protoboard-300-puntos-1t-2d-8-2-x-5-3-x-0-85-centimetros","11":"product_tag-protoboard-300-puntos-1t-2d-8-2-x-5-3-x-0-85-centimetros-pequeno","12":"product_tag-protoboard-300-puntos-1t-2d-8-2x5-3x0-85-cm","13":"product_tag-protoboard-300-puntos-1t-2d-8-2x5-3x0-85-cm-pequeno","14":"product_tag-protoboard-300-puntos-8-2-x-5-3-x-0-85-centimetros","15":"product_tag-protoboard-300-puntos-8-2-x-5-3-x-0-85-centimetros-pequeno","16":"product_tag-protoboard-300-puntos-8-2x5-3x0-85-cm-pequeno","17":"product_tag-protoboard-8-2-x-5-3-x-0-85-centimetros","18":"product_tag-protoboard-8-2-x-5-3-x-0-85-centimetros-pequeno","19":"product_tag-protoboard-8-2x5-3x0-85-cm","20":"product_tag-protoboard-8-2x5-3x0-85-cm-pequeno","21":"product_tag-protoboard-830-puntos","23":"first","24":"instock","25":"taxable","26":"shipping-taxable","27":"product-type-simple"},"yoast_head":"<!-- This site is optimized with the Yoast SEO plugin v27.4 - https:\/\/yoast.com\/product\/yoast-seo-wordpress\/ -->\n<title>Protoboard 1regleta 830 Puntos - Electronica JNC<\/title>\n<meta name=\"description\" content=\"Protoboard 1regleta 830, con 1 bloque, 2 tiras, sin bornes y 830 perforaciones, ideales para armar prototipos de circuitos electr\u00f3nicos\" \/>\n<meta name=\"robots\" content=\"index, follow, max-snippet:-1, max-image-preview:large, max-video-preview:-1\" \/>\n<link rel=\"canonical\" href=\"https:\/\/www.electronicajnc.com\/web\/producto\/protoboard-1regleta-830-puntos\/\" \/>\n<meta property=\"og:locale\" content=\"es_ES\" \/>\n<meta property=\"og:type\" content=\"article\" \/>\n<meta property=\"og:title\" content=\"Protoboard 1regleta 830 Puntos - Electronica JNC\" \/>\n<meta property=\"og:description\" content=\"Protoboard 1regleta 830, con 1 bloque, 2 tiras, sin bornes y 830 perforaciones, ideales para armar prototipos de circuitos electr\u00f3nicos\" \/>\n<meta property=\"og:url\" content=\"https:\/\/www.electronicajnc.com\/web\/producto\/protoboard-1regleta-830-puntos\/\" \/>\n<meta property=\"og:site_name\" content=\"Electronica JNC\" \/>\n<meta property=\"article:modified_time\" content=\"2025-05-07T16:18:39+00:00\" \/>\n<meta property=\"og:image\" content=\"https:\/\/www.electronicajnc.com\/web\/wp-content\/uploads\/2023\/03\/PROTO-PORTADA.jpg\" \/>\n\t<meta property=\"og:image:width\" content=\"717\" \/>\n\t<meta property=\"og:image:height\" content=\"656\" \/>\n\t<meta property=\"og:image:type\" content=\"image\/jpeg\" \/>\n<meta name=\"twitter:card\" content=\"summary_large_image\" \/>\n<meta name=\"twitter:label1\" content=\"Tiempo de lectura\" \/>\n\t<meta name=\"twitter:data1\" content=\"2 minutos\" \/>\n<script type=\"application\/ld+json\" class=\"yoast-schema-graph\">{\"@context\":\"https:\\\/\\\/schema.org\",\"@graph\":[{\"@type\":\"WebPage\",\"@id\":\"https:\\\/\\\/www.electronicajnc.com\\\/web\\\/producto\\\/protoboard-1regleta-830-puntos\\\/\",\"url\":\"https:\\\/\\\/www.electronicajnc.com\\\/web\\\/producto\\\/protoboard-1regleta-830-puntos\\\/\",\"name\":\"Protoboard 1regleta 830 Puntos - Electronica JNC\",\"isPartOf\":{\"@id\":\"https:\\\/\\\/www.electronicajnc.com\\\/web\\\/#website\"},\"primaryImageOfPage\":{\"@id\":\"https:\\\/\\\/www.electronicajnc.com\\\/web\\\/producto\\\/protoboard-1regleta-830-puntos\\\/#primaryimage\"},\"image\":{\"@id\":\"https:\\\/\\\/www.electronicajnc.com\\\/web\\\/producto\\\/protoboard-1regleta-830-puntos\\\/#primaryimage\"},\"thumbnailUrl\":\"https:\\\/\\\/www.electronicajnc.com\\\/web\\\/wp-content\\\/uploads\\\/2023\\\/03\\\/PROTO-PORTADA.jpg\",\"datePublished\":\"2023-03-31T21:47:22+00:00\",\"dateModified\":\"2025-05-07T16:18:39+00:00\",\"description\":\"Protoboard 1regleta 830, con 1 bloque, 2 tiras, sin bornes y 830 perforaciones, ideales para armar prototipos de circuitos electr\u00f3nicos\",\"breadcrumb\":{\"@id\":\"https:\\\/\\\/www.electronicajnc.com\\\/web\\\/producto\\\/protoboard-1regleta-830-puntos\\\/#breadcrumb\"},\"inLanguage\":\"es\",\"potentialAction\":[{\"@type\":\"ReadAction\",\"target\":[\"https:\\\/\\\/www.electronicajnc.com\\\/web\\\/producto\\\/protoboard-1regleta-830-puntos\\\/\"]}]},{\"@type\":\"ImageObject\",\"inLanguage\":\"es\",\"@id\":\"https:\\\/\\\/www.electronicajnc.com\\\/web\\\/producto\\\/protoboard-1regleta-830-puntos\\\/#primaryimage\",\"url\":\"https:\\\/\\\/www.electronicajnc.com\\\/web\\\/wp-content\\\/uploads\\\/2023\\\/03\\\/PROTO-PORTADA.jpg\",\"contentUrl\":\"https:\\\/\\\/www.electronicajnc.com\\\/web\\\/wp-content\\\/uploads\\\/2023\\\/03\\\/PROTO-PORTADA.jpg\",\"width\":717,\"height\":656,\"caption\":\"PROTOBOARD 1 REGLETA 830 PUNTOS BLANCO\"},{\"@type\":\"BreadcrumbList\",\"@id\":\"https:\\\/\\\/www.electronicajnc.com\\\/web\\\/producto\\\/protoboard-1regleta-830-puntos\\\/#breadcrumb\",\"itemListElement\":[{\"@type\":\"ListItem\",\"position\":1,\"name\":\"Portada\",\"item\":\"https:\\\/\\\/www.electronicajnc.com\\\/web\\\/\"},{\"@type\":\"ListItem\",\"position\":2,\"name\":\"TIENDA\",\"item\":\"https:\\\/\\\/www.electronicajnc.com\\\/web\\\/tienda\\\/\"},{\"@type\":\"ListItem\",\"position\":3,\"name\":\"Protoboard 1regleta 830 Puntos\"}]},{\"@type\":\"WebSite\",\"@id\":\"https:\\\/\\\/www.electronicajnc.com\\\/web\\\/#website\",\"url\":\"https:\\\/\\\/www.electronicajnc.com\\\/web\\\/\",\"name\":\"Electronica JNC\",\"description\":\"Robotica Tecnologia Mecatronica en Ecuador\",\"publisher\":{\"@id\":\"https:\\\/\\\/www.electronicajnc.com\\\/web\\\/#organization\"},\"potentialAction\":[{\"@type\":\"SearchAction\",\"target\":{\"@type\":\"EntryPoint\",\"urlTemplate\":\"https:\\\/\\\/www.electronicajnc.com\\\/web\\\/?s={search_term_string}\"},\"query-input\":{\"@type\":\"PropertyValueSpecification\",\"valueRequired\":true,\"valueName\":\"search_term_string\"}}],\"inLanguage\":\"es\"},{\"@type\":\"Organization\",\"@id\":\"https:\\\/\\\/www.electronicajnc.com\\\/web\\\/#organization\",\"name\":\"Electronica JNC\",\"url\":\"https:\\\/\\\/www.electronicajnc.com\\\/web\\\/\",\"logo\":{\"@type\":\"ImageObject\",\"inLanguage\":\"es\",\"@id\":\"https:\\\/\\\/www.electronicajnc.com\\\/web\\\/#\\\/schema\\\/logo\\\/image\\\/\",\"url\":\"https:\\\/\\\/www.electronicajnc.com\\\/web\\\/wp-content\\\/uploads\\\/2023\\\/06\\\/nuevo-logo.jpg\",\"contentUrl\":\"https:\\\/\\\/www.electronicajnc.com\\\/web\\\/wp-content\\\/uploads\\\/2023\\\/06\\\/nuevo-logo.jpg\",\"width\":1256,\"height\":612,\"caption\":\"Electronica JNC\"},\"image\":{\"@id\":\"https:\\\/\\\/www.electronicajnc.com\\\/web\\\/#\\\/schema\\\/logo\\\/image\\\/\"}}]}<\/script>\n<!-- \/ Yoast SEO plugin. -->","yoast_head_json":{"title":"Protoboard 1regleta 830 Puntos - Electronica JNC","description":"Protoboard 1regleta 830, con 1 bloque, 2 tiras, sin bornes y 830 perforaciones, ideales para armar prototipos de circuitos electr\u00f3nicos","robots":{"index":"index","follow":"follow","max-snippet":"max-snippet:-1","max-image-preview":"max-image-preview:large","max-video-preview":"max-video-preview:-1"},"canonical":"https:\/\/www.electronicajnc.com\/web\/producto\/protoboard-1regleta-830-puntos\/","og_locale":"es_ES","og_type":"article","og_title":"Protoboard 1regleta 830 Puntos - Electronica JNC","og_description":"Protoboard 1regleta 830, con 1 bloque, 2 tiras, sin bornes y 830 perforaciones, ideales para armar prototipos de circuitos electr\u00f3nicos","og_url":"https:\/\/www.electronicajnc.com\/web\/producto\/protoboard-1regleta-830-puntos\/","og_site_name":"Electronica JNC","article_modified_time":"2025-05-07T16:18:39+00:00","og_image":[{"width":717,"height":656,"url":"https:\/\/www.electronicajnc.com\/web\/wp-content\/uploads\/2023\/03\/PROTO-PORTADA.jpg","type":"image\/jpeg"}],"twitter_card":"summary_large_image","twitter_misc":{"Tiempo de lectura":"2 minutos"},"schema":{"@context":"https:\/\/schema.org","@graph":[{"@type":"WebPage","@id":"https:\/\/www.electronicajnc.com\/web\/producto\/protoboard-1regleta-830-puntos\/","url":"https:\/\/www.electronicajnc.com\/web\/producto\/protoboard-1regleta-830-puntos\/","name":"Protoboard 1regleta 830 Puntos - Electronica JNC","isPartOf":{"@id":"https:\/\/www.electronicajnc.com\/web\/#website"},"primaryImageOfPage":{"@id":"https:\/\/www.electronicajnc.com\/web\/producto\/protoboard-1regleta-830-puntos\/#primaryimage"},"image":{"@id":"https:\/\/www.electronicajnc.com\/web\/producto\/protoboard-1regleta-830-puntos\/#primaryimage"},"thumbnailUrl":"https:\/\/www.electronicajnc.com\/web\/wp-content\/uploads\/2023\/03\/PROTO-PORTADA.jpg","datePublished":"2023-03-31T21:47:22+00:00","dateModified":"2025-05-07T16:18:39+00:00","description":"Protoboard 1regleta 830, con 1 bloque, 2 tiras, sin bornes y 830 perforaciones, ideales para armar prototipos de circuitos electr\u00f3nicos","breadcrumb":{"@id":"https:\/\/www.electronicajnc.com\/web\/producto\/protoboard-1regleta-830-puntos\/#breadcrumb"},"inLanguage":"es","potentialAction":[{"@type":"ReadAction","target":["https:\/\/www.electronicajnc.com\/web\/producto\/protoboard-1regleta-830-puntos\/"]}]},{"@type":"ImageObject","inLanguage":"es","@id":"https:\/\/www.electronicajnc.com\/web\/producto\/protoboard-1regleta-830-puntos\/#primaryimage","url":"https:\/\/www.electronicajnc.com\/web\/wp-content\/uploads\/2023\/03\/PROTO-PORTADA.jpg","contentUrl":"https:\/\/www.electronicajnc.com\/web\/wp-content\/uploads\/2023\/03\/PROTO-PORTADA.jpg","width":717,"height":656,"caption":"PROTOBOARD 1 REGLETA 830 PUNTOS BLANCO"},{"@type":"BreadcrumbList","@id":"https:\/\/www.electronicajnc.com\/web\/producto\/protoboard-1regleta-830-puntos\/#breadcrumb","itemListElement":[{"@type":"ListItem","position":1,"name":"Portada","item":"https:\/\/www.electronicajnc.com\/web\/"},{"@type":"ListItem","position":2,"name":"TIENDA","item":"https:\/\/www.electronicajnc.com\/web\/tienda\/"},{"@type":"ListItem","position":3,"name":"Protoboard 1regleta 830 Puntos"}]},{"@type":"WebSite","@id":"https:\/\/www.electronicajnc.com\/web\/#website","url":"https:\/\/www.electronicajnc.com\/web\/","name":"Electronica JNC","description":"Robotica Tecnologia Mecatronica en Ecuador","publisher":{"@id":"https:\/\/www.electronicajnc.com\/web\/#organization"},"potentialAction":[{"@type":"SearchAction","target":{"@type":"EntryPoint","urlTemplate":"https:\/\/www.electronicajnc.com\/web\/?s={search_term_string}"},"query-input":{"@type":"PropertyValueSpecification","valueRequired":true,"valueName":"search_term_string"}}],"inLanguage":"es"},{"@type":"Organization","@id":"https:\/\/www.electronicajnc.com\/web\/#organization","name":"Electronica JNC","url":"https:\/\/www.electronicajnc.com\/web\/","logo":{"@type":"ImageObject","inLanguage":"es","@id":"https:\/\/www.electronicajnc.com\/web\/#\/schema\/logo\/image\/","url":"https:\/\/www.electronicajnc.com\/web\/wp-content\/uploads\/2023\/06\/nuevo-logo.jpg","contentUrl":"https:\/\/www.electronicajnc.com\/web\/wp-content\/uploads\/2023\/06\/nuevo-logo.jpg","width":1256,"height":612,"caption":"Electronica JNC"},"image":{"@id":"https:\/\/www.electronicajnc.com\/web\/#\/schema\/logo\/image\/"}}]}},"_links":{"self":[{"href":"https:\/\/www.electronicajnc.com\/web\/wp-json\/wp\/v2\/product\/450","targetHints":{"allow":["GET"]}}],"collection":[{"href":"https:\/\/www.electronicajnc.com\/web\/wp-json\/wp\/v2\/product"}],"about":[{"href":"https:\/\/www.electronicajnc.com\/web\/wp-json\/wp\/v2\/types\/product"}],"replies":[{"embeddable":true,"href":"https:\/\/www.electronicajnc.com\/web\/wp-json\/wp\/v2\/comments?post=450"}],"wp:featuredmedia":[{"embeddable":true,"href":"https:\/\/www.electronicajnc.com\/web\/wp-json\/wp\/v2\/media\/451"}],"wp:attachment":[{"href":"https:\/\/www.electronicajnc.com\/web\/wp-json\/wp\/v2\/media?parent=450"}],"wp:term":[{"taxonomy":"product_brand","embeddable":true,"href":"https:\/\/www.electronicajnc.com\/web\/wp-json\/wp\/v2\/product_brand?post=450"},{"taxonomy":"product_cat","embeddable":true,"href":"https:\/\/www.electronicajnc.com\/web\/wp-json\/wp\/v2\/product_cat?post=450"},{"taxonomy":"product_tag","embeddable":true,"href":"https:\/\/www.electronicajnc.com\/web\/wp-json\/wp\/v2\/product_tag?post=450"}],"curies":[{"name":"wp","href":"https:\/\/api.w.org\/{rel}","templated":true}]}}