{"id":462,"date":"2023-03-31T23:16:02","date_gmt":"2023-03-31T23:16:02","guid":{"rendered":"https:\/\/www.electronicajnc.com\/web\/?post_type=product&#038;p=462"},"modified":"2025-12-02T23:37:11","modified_gmt":"2025-12-02T23:37:11","slug":"mini-taladro-para-baquelita-manualidades","status":"publish","type":"product","link":"https:\/\/www.electronicajnc.com\/web\/producto\/mini-taladro-para-baquelita-manualidades\/","title":{"rendered":"Mini taladro para Baquelita Manualidades"},"content":{"rendered":"<p class=\"product_title entry-title\">Mini taladro para Baquelita Manualidades<\/p>\n<p><img decoding=\"async\" class=\"aligncenter\" src=\"https:\/\/http2.mlstatic.com\/D_NQ_NP_880767-MEC31575432246_072019-O.webp\" alt=\"Mini Taladro Para Circuitos Pcb Manualidades 17 Piezas | MercadoLibre\" \/><\/p>\n<p><span class=\"a-list-item\">Pr\u00e1ctico y fiable: esta herramienta de tallado el\u00e9ctrico tiene un cuerpo muy peque\u00f1o, c\u00f3modo de usar, f\u00e1cil para joyer\u00eda, madera, jade, peque\u00f1a artesan\u00eda.<\/span><\/p>\n<p><span class=\"a-list-item\">Carga f\u00e1cil y r\u00e1pida: reemplaza las diferentes brocas y la cabeza de sujeci\u00f3n en diferentes tama\u00f1os, un agujero en el que se puede taladrar una abertura diferente, uso de la forma un juego completo de rueda de molienda. Haz una carga simple y conveniente.<\/span><\/p>\n<p><span class=\"a-list-item\">Amplio uso: v\u00e1stagos de 1\/8 pulgadas de di\u00e1metro, ideal para mejorar el hogar, pasatiempos, manualidades y siempre que necesites pulir, moler, taladrar, cortar, grabar, arena y m\u00e1s.<\/span><\/p>\n<p><span class=\"a-list-item\">Mini taladro de alto rendimiento. Ideal para proyectos de manualidades y creaciones de bricolaje en tu hogar, trabajando en el garaje, hobby, joyer\u00eda, herramientas y equipos de joyer\u00eda, fabricaci\u00f3n de modelos, carpinter\u00eda, trabajo de metal y m\u00e1s prop\u00f3sitos.<\/span><\/p>\n<ul class=\"a-unordered-list a-vertical a-spacing-mini\">\n<li><span class=\"a-list-item\">Pr\u00e1ctico y fiable.<\/span><\/li>\n<li><span class=\"a-list-item\">Carga f\u00e1cil y r\u00e1pida.<\/span><\/li>\n<li><span class=\"a-list-item\">Amplio uso.<\/span><\/li>\n<li><span class=\"a-list-item\">Mini taladro de alto rendimiento.<\/span><\/li>\n<li><span class=\"a-list-item\">Ideal para proyectos de manualidades y creaciones de bricolaje en tu hogar, trabajando en el garaje, hobby, joyer\u00eda, herramientas y equipos de joyer\u00eda, fabricaci\u00f3n de modelos, carpinter\u00eda, trabajo de metal y m\u00e1s prop\u00f3sitos.<\/span><\/li>\n<\/ul>\n<h2>Mini taladro para Baquelita Manualidades<\/h2>\n<p class=\"product_title entry-title\"><span data-spm-anchor-id=\"a2g0o.detail.1000023.i8.7abc443boUnfkL\">Caracter\u00edsticas:<\/span><\/p>\n<p class=\"product_title entry-title\"><span data-spm-anchor-id=\"a2g0o.detail.1000023.i9.7abc443boUnfkL\">Una herramienta universal, equipada con una broca de acero reemplazable de alta velocidad de precisi\u00f3n (0,5-3,0mm).<br \/>\nProductos de alta calidad, adecuados para perforaci\u00f3n, molienda, pulido, corte, etc.<br \/>\nDise\u00f1o exquisito, agarre c\u00f3modo.<br \/>\nHecho de pl\u00e1stico ABS, peso ligero, adecuado para trabajos largos.<br \/>\nPuede cambiar el mandril r\u00e1pidamente, sin herramientas.<br \/>\nPuede cambiar diferentes perforaciones y mandriles, puede perforar agujeros de diferentes aperturas.<br \/>\nPeque\u00f1o volumen, peso ligero, f\u00e1cil de llevar<\/span>.<\/p>\n<p>Aviso: Es un Mini taladro el\u00e9ctrico, de baja potencia apto para el peque\u00f1o proceso de componentes electr\u00f3nicos, no para el proceso de art\u00edculo grande y duro, no para el punzonado de pared.<\/p>\n<p>MINI TALADRO PARA BAQUELITA de baja potencia apto para el peque\u00f1o proceso de componentes electr\u00f3nicos, manualidades muy pr\u00e1ctico de uso variable, electricidad, manualidades joyeria,robotica<\/p>\n<div class=\"ui-box-body\">\n<div>\u00a1No te quedes sin el tuyo!<\/div>\n<div><\/div>\n<\/div>\n<div>\n<p>Puede retirar sus pedidos en nuestra\u00a0<a href=\"https:\/\/www.electronicajnc.com\/web\/contactos\" target=\"_blank\" rel=\"noopener\">TIENDA F\u00cdSICA<\/a>\u00a0o realizar sus pedidos\u00a0<a href=\"https:\/\/www.electronicajnc.com\/web\/mi-cuenta\" target=\"_blank\" rel=\"noopener\">ONLINE<\/a>\u00a0o por\u00a0<a href=\"https:\/\/api.whatsapp.com\/send?phone=593958753126\" target=\"_blank\" rel=\"noopener\">WHATSAPP<\/a>.<\/p>\n<\/div>\n","protected":false},"excerpt":{"rendered":"<p>El s\u00faper taladro ventilador es adecuado para el procesamiento, reparaci\u00f3n y pulido de moldes. Tambi\u00e9n es adecuado para perforar placas de aluminio, placas de cobre finas, placas de madera, placas de pl\u00e1stico, placas de fibra, placas de circuito impreso, placas de epoxi, etc., y puede pulir, corta y pule las piezas necesarias.<\/p>\n","protected":false},"featured_media":463,"comment_status":"closed","ping_status":"closed","template":"","meta":{"saved_in_kubio":false,"_joinchat":[]},"product_brand":[],"product_cat":[70],"product_tag":[175,176,46,177,178,184,179,180,183,31,181,182],"class_list":{"0":"post-462","1":"product","2":"type-product","3":"status-publish","4":"has-post-thumbnail","6":"product_cat-electronica_herramientas","7":"product_tag-drill","8":"product_tag-electricidad","9":"product_tag-electronica","10":"product_tag-ingenieria","11":"product_tag-joyeria","12":"product_tag-kit-mini-taladro-para-baquelita","13":"product_tag-manualidades","14":"product_tag-mini","15":"product_tag-mini-taladro-electrico-con-brocas","16":"product_tag-robotica","17":"product_tag-taladro","18":"product_tag-vidrio","20":"first","21":"instock","22":"taxable","23":"shipping-taxable","24":"purchasable","25":"product-type-simple"},"yoast_head":"<!-- This site is optimized with the Yoast SEO plugin v27.5 - https:\/\/yoast.com\/product\/yoast-seo-wordpress\/ -->\n<title>Mini taladro para Baquelita Manualidades - Electronica JNC<\/title>\n<meta name=\"description\" content=\"Mini taladro para Baquelita Manualidades apto para el peque\u00f1o proceso de componentes electr\u00f3nicos, manualidades muy pr\u00e1ctico de uso variable.\" \/>\n<meta name=\"robots\" content=\"index, follow, max-snippet:-1, max-image-preview:large, max-video-preview:-1\" \/>\n<link rel=\"canonical\" href=\"https:\/\/www.electronicajnc.com\/web\/producto\/mini-taladro-para-baquelita-manualidades\/\" \/>\n<meta property=\"og:locale\" content=\"es_ES\" \/>\n<meta property=\"og:type\" content=\"article\" \/>\n<meta property=\"og:title\" content=\"Mini taladro para Baquelita Manualidades - Electronica JNC\" \/>\n<meta property=\"og:description\" content=\"Mini taladro para Baquelita Manualidades apto para el peque\u00f1o proceso de componentes electr\u00f3nicos, manualidades muy pr\u00e1ctico de uso variable.\" \/>\n<meta property=\"og:url\" content=\"https:\/\/www.electronicajnc.com\/web\/producto\/mini-taladro-para-baquelita-manualidades\/\" \/>\n<meta property=\"og:site_name\" content=\"Electronica JNC\" \/>\n<meta property=\"article:modified_time\" content=\"2025-12-02T23:37:11+00:00\" \/>\n<meta property=\"og:image\" content=\"https:\/\/www.electronicajnc.com\/web\/wp-content\/uploads\/2023\/03\/TALADRO-5.jpg\" \/>\n\t<meta property=\"og:image:width\" content=\"1139\" \/>\n\t<meta property=\"og:image:height\" content=\"1000\" \/>\n\t<meta property=\"og:image:type\" content=\"image\/jpeg\" \/>\n<meta name=\"twitter:card\" content=\"summary_large_image\" \/>\n<meta name=\"twitter:label1\" content=\"Tiempo de lectura\" \/>\n\t<meta name=\"twitter:data1\" content=\"2 minutos\" \/>\n<script type=\"application\/ld+json\" class=\"yoast-schema-graph\">{\"@context\":\"https:\\\/\\\/schema.org\",\"@graph\":[{\"@type\":\"WebPage\",\"@id\":\"https:\\\/\\\/www.electronicajnc.com\\\/web\\\/producto\\\/mini-taladro-para-baquelita-manualidades\\\/\",\"url\":\"https:\\\/\\\/www.electronicajnc.com\\\/web\\\/producto\\\/mini-taladro-para-baquelita-manualidades\\\/\",\"name\":\"Mini taladro para Baquelita Manualidades - Electronica JNC\",\"isPartOf\":{\"@id\":\"https:\\\/\\\/www.electronicajnc.com\\\/web\\\/#website\"},\"primaryImageOfPage\":{\"@id\":\"https:\\\/\\\/www.electronicajnc.com\\\/web\\\/producto\\\/mini-taladro-para-baquelita-manualidades\\\/#primaryimage\"},\"image\":{\"@id\":\"https:\\\/\\\/www.electronicajnc.com\\\/web\\\/producto\\\/mini-taladro-para-baquelita-manualidades\\\/#primaryimage\"},\"thumbnailUrl\":\"https:\\\/\\\/www.electronicajnc.com\\\/web\\\/wp-content\\\/uploads\\\/2023\\\/03\\\/TALADRO-5.jpg\",\"datePublished\":\"2023-03-31T23:16:02+00:00\",\"dateModified\":\"2025-12-02T23:37:11+00:00\",\"description\":\"Mini taladro para Baquelita Manualidades apto para el peque\u00f1o proceso de componentes electr\u00f3nicos, manualidades muy pr\u00e1ctico de uso variable.\",\"breadcrumb\":{\"@id\":\"https:\\\/\\\/www.electronicajnc.com\\\/web\\\/producto\\\/mini-taladro-para-baquelita-manualidades\\\/#breadcrumb\"},\"inLanguage\":\"es\",\"potentialAction\":[{\"@type\":\"ReadAction\",\"target\":[\"https:\\\/\\\/www.electronicajnc.com\\\/web\\\/producto\\\/mini-taladro-para-baquelita-manualidades\\\/\"]}]},{\"@type\":\"ImageObject\",\"inLanguage\":\"es\",\"@id\":\"https:\\\/\\\/www.electronicajnc.com\\\/web\\\/producto\\\/mini-taladro-para-baquelita-manualidades\\\/#primaryimage\",\"url\":\"https:\\\/\\\/www.electronicajnc.com\\\/web\\\/wp-content\\\/uploads\\\/2023\\\/03\\\/TALADRO-5.jpg\",\"contentUrl\":\"https:\\\/\\\/www.electronicajnc.com\\\/web\\\/wp-content\\\/uploads\\\/2023\\\/03\\\/TALADRO-5.jpg\",\"width\":1139,\"height\":1000,\"caption\":\"KIT MINI TALADRO PARA BAQUELITA\"},{\"@type\":\"BreadcrumbList\",\"@id\":\"https:\\\/\\\/www.electronicajnc.com\\\/web\\\/producto\\\/mini-taladro-para-baquelita-manualidades\\\/#breadcrumb\",\"itemListElement\":[{\"@type\":\"ListItem\",\"position\":1,\"name\":\"Portada\",\"item\":\"https:\\\/\\\/www.electronicajnc.com\\\/web\\\/\"},{\"@type\":\"ListItem\",\"position\":2,\"name\":\"TIENDA\",\"item\":\"https:\\\/\\\/www.electronicajnc.com\\\/web\\\/tienda\\\/\"},{\"@type\":\"ListItem\",\"position\":3,\"name\":\"Mini taladro para Baquelita Manualidades\"}]},{\"@type\":\"WebSite\",\"@id\":\"https:\\\/\\\/www.electronicajnc.com\\\/web\\\/#website\",\"url\":\"https:\\\/\\\/www.electronicajnc.com\\\/web\\\/\",\"name\":\"Electronica JNC\",\"description\":\"Robotica Tecnologia Mecatronica en Ecuador\",\"publisher\":{\"@id\":\"https:\\\/\\\/www.electronicajnc.com\\\/web\\\/#organization\"},\"potentialAction\":[{\"@type\":\"SearchAction\",\"target\":{\"@type\":\"EntryPoint\",\"urlTemplate\":\"https:\\\/\\\/www.electronicajnc.com\\\/web\\\/?s={search_term_string}\"},\"query-input\":{\"@type\":\"PropertyValueSpecification\",\"valueRequired\":true,\"valueName\":\"search_term_string\"}}],\"inLanguage\":\"es\"},{\"@type\":\"Organization\",\"@id\":\"https:\\\/\\\/www.electronicajnc.com\\\/web\\\/#organization\",\"name\":\"Electronica JNC\",\"url\":\"https:\\\/\\\/www.electronicajnc.com\\\/web\\\/\",\"logo\":{\"@type\":\"ImageObject\",\"inLanguage\":\"es\",\"@id\":\"https:\\\/\\\/www.electronicajnc.com\\\/web\\\/#\\\/schema\\\/logo\\\/image\\\/\",\"url\":\"https:\\\/\\\/www.electronicajnc.com\\\/web\\\/wp-content\\\/uploads\\\/2023\\\/06\\\/nuevo-logo.jpg\",\"contentUrl\":\"https:\\\/\\\/www.electronicajnc.com\\\/web\\\/wp-content\\\/uploads\\\/2023\\\/06\\\/nuevo-logo.jpg\",\"width\":1256,\"height\":612,\"caption\":\"Electronica JNC\"},\"image\":{\"@id\":\"https:\\\/\\\/www.electronicajnc.com\\\/web\\\/#\\\/schema\\\/logo\\\/image\\\/\"}}]}<\/script>\n<!-- \/ Yoast SEO plugin. -->","yoast_head_json":{"title":"Mini taladro para Baquelita Manualidades - Electronica JNC","description":"Mini taladro para Baquelita Manualidades apto para el peque\u00f1o proceso de componentes electr\u00f3nicos, manualidades muy pr\u00e1ctico de uso variable.","robots":{"index":"index","follow":"follow","max-snippet":"max-snippet:-1","max-image-preview":"max-image-preview:large","max-video-preview":"max-video-preview:-1"},"canonical":"https:\/\/www.electronicajnc.com\/web\/producto\/mini-taladro-para-baquelita-manualidades\/","og_locale":"es_ES","og_type":"article","og_title":"Mini taladro para Baquelita Manualidades - Electronica JNC","og_description":"Mini taladro para Baquelita Manualidades apto para el peque\u00f1o proceso de componentes electr\u00f3nicos, manualidades muy pr\u00e1ctico de uso variable.","og_url":"https:\/\/www.electronicajnc.com\/web\/producto\/mini-taladro-para-baquelita-manualidades\/","og_site_name":"Electronica JNC","article_modified_time":"2025-12-02T23:37:11+00:00","og_image":[{"width":1139,"height":1000,"url":"https:\/\/www.electronicajnc.com\/web\/wp-content\/uploads\/2023\/03\/TALADRO-5.jpg","type":"image\/jpeg"}],"twitter_card":"summary_large_image","twitter_misc":{"Tiempo de lectura":"2 minutos"},"schema":{"@context":"https:\/\/schema.org","@graph":[{"@type":"WebPage","@id":"https:\/\/www.electronicajnc.com\/web\/producto\/mini-taladro-para-baquelita-manualidades\/","url":"https:\/\/www.electronicajnc.com\/web\/producto\/mini-taladro-para-baquelita-manualidades\/","name":"Mini taladro para Baquelita Manualidades - Electronica JNC","isPartOf":{"@id":"https:\/\/www.electronicajnc.com\/web\/#website"},"primaryImageOfPage":{"@id":"https:\/\/www.electronicajnc.com\/web\/producto\/mini-taladro-para-baquelita-manualidades\/#primaryimage"},"image":{"@id":"https:\/\/www.electronicajnc.com\/web\/producto\/mini-taladro-para-baquelita-manualidades\/#primaryimage"},"thumbnailUrl":"https:\/\/www.electronicajnc.com\/web\/wp-content\/uploads\/2023\/03\/TALADRO-5.jpg","datePublished":"2023-03-31T23:16:02+00:00","dateModified":"2025-12-02T23:37:11+00:00","description":"Mini taladro para Baquelita Manualidades apto para el peque\u00f1o proceso de componentes electr\u00f3nicos, manualidades muy pr\u00e1ctico de uso variable.","breadcrumb":{"@id":"https:\/\/www.electronicajnc.com\/web\/producto\/mini-taladro-para-baquelita-manualidades\/#breadcrumb"},"inLanguage":"es","potentialAction":[{"@type":"ReadAction","target":["https:\/\/www.electronicajnc.com\/web\/producto\/mini-taladro-para-baquelita-manualidades\/"]}]},{"@type":"ImageObject","inLanguage":"es","@id":"https:\/\/www.electronicajnc.com\/web\/producto\/mini-taladro-para-baquelita-manualidades\/#primaryimage","url":"https:\/\/www.electronicajnc.com\/web\/wp-content\/uploads\/2023\/03\/TALADRO-5.jpg","contentUrl":"https:\/\/www.electronicajnc.com\/web\/wp-content\/uploads\/2023\/03\/TALADRO-5.jpg","width":1139,"height":1000,"caption":"KIT MINI TALADRO PARA BAQUELITA"},{"@type":"BreadcrumbList","@id":"https:\/\/www.electronicajnc.com\/web\/producto\/mini-taladro-para-baquelita-manualidades\/#breadcrumb","itemListElement":[{"@type":"ListItem","position":1,"name":"Portada","item":"https:\/\/www.electronicajnc.com\/web\/"},{"@type":"ListItem","position":2,"name":"TIENDA","item":"https:\/\/www.electronicajnc.com\/web\/tienda\/"},{"@type":"ListItem","position":3,"name":"Mini taladro para Baquelita Manualidades"}]},{"@type":"WebSite","@id":"https:\/\/www.electronicajnc.com\/web\/#website","url":"https:\/\/www.electronicajnc.com\/web\/","name":"Electronica JNC","description":"Robotica Tecnologia Mecatronica en Ecuador","publisher":{"@id":"https:\/\/www.electronicajnc.com\/web\/#organization"},"potentialAction":[{"@type":"SearchAction","target":{"@type":"EntryPoint","urlTemplate":"https:\/\/www.electronicajnc.com\/web\/?s={search_term_string}"},"query-input":{"@type":"PropertyValueSpecification","valueRequired":true,"valueName":"search_term_string"}}],"inLanguage":"es"},{"@type":"Organization","@id":"https:\/\/www.electronicajnc.com\/web\/#organization","name":"Electronica JNC","url":"https:\/\/www.electronicajnc.com\/web\/","logo":{"@type":"ImageObject","inLanguage":"es","@id":"https:\/\/www.electronicajnc.com\/web\/#\/schema\/logo\/image\/","url":"https:\/\/www.electronicajnc.com\/web\/wp-content\/uploads\/2023\/06\/nuevo-logo.jpg","contentUrl":"https:\/\/www.electronicajnc.com\/web\/wp-content\/uploads\/2023\/06\/nuevo-logo.jpg","width":1256,"height":612,"caption":"Electronica JNC"},"image":{"@id":"https:\/\/www.electronicajnc.com\/web\/#\/schema\/logo\/image\/"}}]}},"_links":{"self":[{"href":"https:\/\/www.electronicajnc.com\/web\/wp-json\/wp\/v2\/product\/462","targetHints":{"allow":["GET"]}}],"collection":[{"href":"https:\/\/www.electronicajnc.com\/web\/wp-json\/wp\/v2\/product"}],"about":[{"href":"https:\/\/www.electronicajnc.com\/web\/wp-json\/wp\/v2\/types\/product"}],"replies":[{"embeddable":true,"href":"https:\/\/www.electronicajnc.com\/web\/wp-json\/wp\/v2\/comments?post=462"}],"wp:featuredmedia":[{"embeddable":true,"href":"https:\/\/www.electronicajnc.com\/web\/wp-json\/wp\/v2\/media\/463"}],"wp:attachment":[{"href":"https:\/\/www.electronicajnc.com\/web\/wp-json\/wp\/v2\/media?parent=462"}],"wp:term":[{"taxonomy":"product_brand","embeddable":true,"href":"https:\/\/www.electronicajnc.com\/web\/wp-json\/wp\/v2\/product_brand?post=462"},{"taxonomy":"product_cat","embeddable":true,"href":"https:\/\/www.electronicajnc.com\/web\/wp-json\/wp\/v2\/product_cat?post=462"},{"taxonomy":"product_tag","embeddable":true,"href":"https:\/\/www.electronicajnc.com\/web\/wp-json\/wp\/v2\/product_tag?post=462"}],"curies":[{"name":"wp","href":"https:\/\/api.w.org\/{rel}","templated":true}]}}