{"id":480,"date":"2023-04-12T23:15:34","date_gmt":"2023-04-12T23:15:34","guid":{"rendered":"https:\/\/www.electronicajnc.com\/web\/?post_type=product&#038;p=480"},"modified":"2025-05-07T16:19:10","modified_gmt":"2025-05-07T16:19:10","slug":"protoboard-2-regletas-breadboard","status":"publish","type":"product","link":"https:\/\/www.electronicajnc.com\/web\/producto\/protoboard-2-regletas-breadboard\/","title":{"rendered":"PROTOBOARD 2 REGLETAS BREADBOARD"},"content":{"rendered":"<p class=\"product_title entry-title\">PROTOBOARD 2 REGLETAS BREADBOARD<\/p>\n<div id=\"product-description-short-868\" class=\"product-desc\">\n<h3><strong>Protoboard de 1660 puntos con base met\u00e1lica, 2 zonas master de conexi\u00f3n, 4 buses de alimentac\u00ed\u00f3n, 3 conectores de alimentaci\u00f3n y soportes de goma.<\/strong><\/h3>\n<\/div>\n<h3><strong>DESCRIPCI\u00d3N:<\/strong><\/h3>\n<p>El protoboard YXA388 se trata de un<strong>\u00a0tablero, placa de pruebas o protoboard, tambi\u00e9n conocido como breadboard<\/strong>, el cual posee\u00a0<strong>1660 orificios de interconexi\u00f3n<\/strong>\u00a0distribuidos en\u00a0<strong>2 zonas master<\/strong>\u00a0para conexi\u00f3n de componentes con\u00a0<strong>630 puntos cada uno<\/strong>, para un total de 1260 puntos,\u00a0<strong>4 buses de alimentaci\u00f3n<\/strong>\u00a0con 50 puntos positivos y 50 negativos cada uno, para un total de 400 puntos de alimentaci\u00f3n, adem\u00e1s el conjunto del protoboard est\u00e1 montado sobre una base met\u00e1lica con\u00a0<strong>3 conectores hembra tipo banana<\/strong>, identificados con los colores azul, verde y rojo, as\u00ed como un adhesivo con 4 soportes de goma para instalarlos en la l\u00e1mina base a modo de patas de apoyo antideslizantes para el conjunto.<\/p>\n<p>Este tablero breadboard es ideal para realizar la conexi\u00f3n de prueba de circuitos electr\u00f3nicos de prototipado que por su tama\u00f1o est\u00e1 habilitado para soportar mantajes de tama\u00f1o mediano. La parte exterior del tablero est\u00e1 mercada con la numeraci\u00f3n de las l\u00edneas de conexi\u00f3n y tambien identificando con una l\u00ednea azul y roja la polaridad de las conexiones internas para ayudar a prevenir cortocircuitos por malas conexiones.<\/p>\n<h1 class=\"product_title entry-title\">PROTOBOARD 2 REGLETAS BREADBOARD<\/h1>\n<h3><strong>CARACTER\u00cdSTICAS:<\/strong><\/h3>\n<ul>\n<li>Total de puntos 1660.<\/li>\n<li>2 Zonas master de conexi\u00f3n.<\/li>\n<li>4 Buses de alimentaci\u00f3n con 100 puntos cada uno.<\/li>\n<li>3 Terminales hembra de entradas globales tipo banana.<\/li>\n<li>Base del ensamble en lamina met\u00e1lica.<\/li>\n<li>4 soportes de goma.<\/li>\n<li>Tama\u00f1o total de la base 130mm x 215mm.<\/li>\n<\/ul>\n<p>Protoboard Estudiantil para proyectos electr\u00f3nicos de gran tama\u00f1o con doble cuerpo y 4 buses de voltaje, indicadores de polaridad de voltaje ideal para practicas y experimentos.<\/p>\n<p>Tablilla de conexi\u00f3n (Protoboard), con 2 bloques, 4 tiras, sin bornes, 1660 perforaciones y base de metal, ideal para armar prototipos de circuitos electr\u00f3nicos.<\/p>\n<div class=\"ui-box-body\">\n<div>\u00a1No te quedes sin el tuyo!<\/div>\n<div><\/div>\n<\/div>\n<div>\n<p>Puede retirar sus pedidos en nuestra\u00a0<a href=\"https:\/\/www.electronicajnc.com\/web\/contactos\" target=\"_blank\" rel=\"noopener\">TIENDA F\u00cdSICA<\/a>\u00a0o realizar sus pedidos\u00a0<a href=\"https:\/\/www.electronicajnc.com\/web\/mi-cuenta\" target=\"_blank\" rel=\"noopener\">ONLINE<\/a>\u00a0o por\u00a0<a href=\"https:\/\/api.whatsapp.com\/send?phone=593958753126\" target=\"_blank\" rel=\"noopener\">WHATSAPP<\/a>.<\/p>\n<\/div>\n","protected":false},"excerpt":{"rendered":"<p><strong>Protoboard de 1660 puntos con base met\u00e1lica, 2 zonas master de conexi\u00f3n, 4 buses de alimentac\u00ed\u00f3n, 3 conectores de alimentaci\u00f3n y soportes de goma.<\/strong><\/p>\n","protected":false},"featured_media":481,"comment_status":"closed","ping_status":"closed","template":"","meta":{"saved_in_kubio":false,"_joinchat":[]},"product_brand":[],"product_cat":[15],"product_tag":[46,190,148,194,37,193,191,192,149,150,31],"class_list":{"0":"post-480","1":"product","2":"type-product","3":"status-publish","4":"has-post-thumbnail","6":"product_cat-sin-categorizar","7":"product_tag-electronica","8":"product_tag-hd-bb2t3d-01","9":"product_tag-placa","10":"product_tag-placas","11":"product_tag-protoboard","12":"product_tag-protoboard-1280-puntos-2-terminales-3-distribuidores","13":"product_tag-protoboard-para-proyectos-1280-puntos-2-terminales","14":"product_tag-protoboard-para-proyectos-1280-puntos-2-terminales-3-distribuidores","15":"product_tag-protoboards","16":"product_tag-prueba","17":"product_tag-robotica","19":"first","20":"instock","21":"taxable","22":"shipping-taxable","23":"product-type-simple"},"yoast_head":"<!-- This site is optimized with the Yoast SEO plugin v27.5 - https:\/\/yoast.com\/product\/yoast-seo-wordpress\/ -->\n<title>PROTOBOARD 2 REGLETAS BREADBOARD - Electronica JNC<\/title>\n<meta name=\"description\" content=\"PROTOBOARD 2 REGLETAS BREADBOARD con 2 bloques, 4 tiras, sin bornes,\u00a01660\u00a0perforaciones y base de metal,\u00a0 para armar prototipos de circuitos electr\u00f3nicos.\" \/>\n<meta name=\"robots\" content=\"index, follow, max-snippet:-1, max-image-preview:large, max-video-preview:-1\" \/>\n<link rel=\"canonical\" href=\"https:\/\/www.electronicajnc.com\/web\/producto\/protoboard-2-regletas-breadboard\/\" \/>\n<meta property=\"og:locale\" content=\"es_ES\" \/>\n<meta property=\"og:type\" content=\"article\" \/>\n<meta property=\"og:title\" content=\"PROTOBOARD 2 REGLETAS BREADBOARD - Electronica JNC\" \/>\n<meta property=\"og:description\" content=\"PROTOBOARD 2 REGLETAS BREADBOARD con 2 bloques, 4 tiras, sin bornes,\u00a01660\u00a0perforaciones y base de metal,\u00a0 para armar prototipos de circuitos electr\u00f3nicos.\" \/>\n<meta property=\"og:url\" content=\"https:\/\/www.electronicajnc.com\/web\/producto\/protoboard-2-regletas-breadboard\/\" \/>\n<meta property=\"og:site_name\" content=\"Electronica JNC\" \/>\n<meta property=\"article:modified_time\" content=\"2025-05-07T16:19:10+00:00\" \/>\n<meta property=\"og:image\" content=\"https:\/\/www.electronicajnc.com\/web\/wp-content\/uploads\/2023\/04\/proto-2-regletas.jpg\" \/>\n\t<meta property=\"og:image:width\" content=\"1360\" \/>\n\t<meta property=\"og:image:height\" content=\"1162\" \/>\n\t<meta property=\"og:image:type\" content=\"image\/jpeg\" \/>\n<meta name=\"twitter:card\" content=\"summary_large_image\" \/>\n<meta name=\"twitter:label1\" content=\"Tiempo de lectura\" \/>\n\t<meta name=\"twitter:data1\" content=\"2 minutos\" \/>\n<script type=\"application\/ld+json\" class=\"yoast-schema-graph\">{\"@context\":\"https:\\\/\\\/schema.org\",\"@graph\":[{\"@type\":\"WebPage\",\"@id\":\"https:\\\/\\\/www.electronicajnc.com\\\/web\\\/producto\\\/protoboard-2-regletas-breadboard\\\/\",\"url\":\"https:\\\/\\\/www.electronicajnc.com\\\/web\\\/producto\\\/protoboard-2-regletas-breadboard\\\/\",\"name\":\"PROTOBOARD 2 REGLETAS BREADBOARD - Electronica JNC\",\"isPartOf\":{\"@id\":\"https:\\\/\\\/www.electronicajnc.com\\\/web\\\/#website\"},\"primaryImageOfPage\":{\"@id\":\"https:\\\/\\\/www.electronicajnc.com\\\/web\\\/producto\\\/protoboard-2-regletas-breadboard\\\/#primaryimage\"},\"image\":{\"@id\":\"https:\\\/\\\/www.electronicajnc.com\\\/web\\\/producto\\\/protoboard-2-regletas-breadboard\\\/#primaryimage\"},\"thumbnailUrl\":\"https:\\\/\\\/www.electronicajnc.com\\\/web\\\/wp-content\\\/uploads\\\/2023\\\/04\\\/proto-2-regletas.jpg\",\"datePublished\":\"2023-04-12T23:15:34+00:00\",\"dateModified\":\"2025-05-07T16:19:10+00:00\",\"description\":\"PROTOBOARD 2 REGLETAS BREADBOARD con 2 bloques, 4 tiras, sin bornes,\u00a01660\u00a0perforaciones y base de metal,\u00a0 para armar prototipos de circuitos electr\u00f3nicos.\",\"breadcrumb\":{\"@id\":\"https:\\\/\\\/www.electronicajnc.com\\\/web\\\/producto\\\/protoboard-2-regletas-breadboard\\\/#breadcrumb\"},\"inLanguage\":\"es\",\"potentialAction\":[{\"@type\":\"ReadAction\",\"target\":[\"https:\\\/\\\/www.electronicajnc.com\\\/web\\\/producto\\\/protoboard-2-regletas-breadboard\\\/\"]}]},{\"@type\":\"ImageObject\",\"inLanguage\":\"es\",\"@id\":\"https:\\\/\\\/www.electronicajnc.com\\\/web\\\/producto\\\/protoboard-2-regletas-breadboard\\\/#primaryimage\",\"url\":\"https:\\\/\\\/www.electronicajnc.com\\\/web\\\/wp-content\\\/uploads\\\/2023\\\/04\\\/proto-2-regletas.jpg\",\"contentUrl\":\"https:\\\/\\\/www.electronicajnc.com\\\/web\\\/wp-content\\\/uploads\\\/2023\\\/04\\\/proto-2-regletas.jpg\",\"width\":1360,\"height\":1162,\"caption\":\"PROTOBOARD 2 Regletas Con Base 1560 Puntos BB-2T4D\"},{\"@type\":\"BreadcrumbList\",\"@id\":\"https:\\\/\\\/www.electronicajnc.com\\\/web\\\/producto\\\/protoboard-2-regletas-breadboard\\\/#breadcrumb\",\"itemListElement\":[{\"@type\":\"ListItem\",\"position\":1,\"name\":\"Portada\",\"item\":\"https:\\\/\\\/www.electronicajnc.com\\\/web\\\/\"},{\"@type\":\"ListItem\",\"position\":2,\"name\":\"TIENDA\",\"item\":\"https:\\\/\\\/www.electronicajnc.com\\\/web\\\/tienda\\\/\"},{\"@type\":\"ListItem\",\"position\":3,\"name\":\"PROTOBOARD 2 REGLETAS BREADBOARD\"}]},{\"@type\":\"WebSite\",\"@id\":\"https:\\\/\\\/www.electronicajnc.com\\\/web\\\/#website\",\"url\":\"https:\\\/\\\/www.electronicajnc.com\\\/web\\\/\",\"name\":\"Electronica JNC\",\"description\":\"Robotica Tecnologia Mecatronica en Ecuador\",\"publisher\":{\"@id\":\"https:\\\/\\\/www.electronicajnc.com\\\/web\\\/#organization\"},\"potentialAction\":[{\"@type\":\"SearchAction\",\"target\":{\"@type\":\"EntryPoint\",\"urlTemplate\":\"https:\\\/\\\/www.electronicajnc.com\\\/web\\\/?s={search_term_string}\"},\"query-input\":{\"@type\":\"PropertyValueSpecification\",\"valueRequired\":true,\"valueName\":\"search_term_string\"}}],\"inLanguage\":\"es\"},{\"@type\":\"Organization\",\"@id\":\"https:\\\/\\\/www.electronicajnc.com\\\/web\\\/#organization\",\"name\":\"Electronica JNC\",\"url\":\"https:\\\/\\\/www.electronicajnc.com\\\/web\\\/\",\"logo\":{\"@type\":\"ImageObject\",\"inLanguage\":\"es\",\"@id\":\"https:\\\/\\\/www.electronicajnc.com\\\/web\\\/#\\\/schema\\\/logo\\\/image\\\/\",\"url\":\"https:\\\/\\\/www.electronicajnc.com\\\/web\\\/wp-content\\\/uploads\\\/2023\\\/06\\\/nuevo-logo.jpg\",\"contentUrl\":\"https:\\\/\\\/www.electronicajnc.com\\\/web\\\/wp-content\\\/uploads\\\/2023\\\/06\\\/nuevo-logo.jpg\",\"width\":1256,\"height\":612,\"caption\":\"Electronica JNC\"},\"image\":{\"@id\":\"https:\\\/\\\/www.electronicajnc.com\\\/web\\\/#\\\/schema\\\/logo\\\/image\\\/\"}}]}<\/script>\n<!-- \/ Yoast SEO plugin. -->","yoast_head_json":{"title":"PROTOBOARD 2 REGLETAS BREADBOARD - Electronica JNC","description":"PROTOBOARD 2 REGLETAS BREADBOARD con 2 bloques, 4 tiras, sin bornes,\u00a01660\u00a0perforaciones y base de metal,\u00a0 para armar prototipos de circuitos electr\u00f3nicos.","robots":{"index":"index","follow":"follow","max-snippet":"max-snippet:-1","max-image-preview":"max-image-preview:large","max-video-preview":"max-video-preview:-1"},"canonical":"https:\/\/www.electronicajnc.com\/web\/producto\/protoboard-2-regletas-breadboard\/","og_locale":"es_ES","og_type":"article","og_title":"PROTOBOARD 2 REGLETAS BREADBOARD - Electronica JNC","og_description":"PROTOBOARD 2 REGLETAS BREADBOARD con 2 bloques, 4 tiras, sin bornes,\u00a01660\u00a0perforaciones y base de metal,\u00a0 para armar prototipos de circuitos electr\u00f3nicos.","og_url":"https:\/\/www.electronicajnc.com\/web\/producto\/protoboard-2-regletas-breadboard\/","og_site_name":"Electronica JNC","article_modified_time":"2025-05-07T16:19:10+00:00","og_image":[{"width":1360,"height":1162,"url":"https:\/\/www.electronicajnc.com\/web\/wp-content\/uploads\/2023\/04\/proto-2-regletas.jpg","type":"image\/jpeg"}],"twitter_card":"summary_large_image","twitter_misc":{"Tiempo de lectura":"2 minutos"},"schema":{"@context":"https:\/\/schema.org","@graph":[{"@type":"WebPage","@id":"https:\/\/www.electronicajnc.com\/web\/producto\/protoboard-2-regletas-breadboard\/","url":"https:\/\/www.electronicajnc.com\/web\/producto\/protoboard-2-regletas-breadboard\/","name":"PROTOBOARD 2 REGLETAS BREADBOARD - Electronica JNC","isPartOf":{"@id":"https:\/\/www.electronicajnc.com\/web\/#website"},"primaryImageOfPage":{"@id":"https:\/\/www.electronicajnc.com\/web\/producto\/protoboard-2-regletas-breadboard\/#primaryimage"},"image":{"@id":"https:\/\/www.electronicajnc.com\/web\/producto\/protoboard-2-regletas-breadboard\/#primaryimage"},"thumbnailUrl":"https:\/\/www.electronicajnc.com\/web\/wp-content\/uploads\/2023\/04\/proto-2-regletas.jpg","datePublished":"2023-04-12T23:15:34+00:00","dateModified":"2025-05-07T16:19:10+00:00","description":"PROTOBOARD 2 REGLETAS BREADBOARD con 2 bloques, 4 tiras, sin bornes,\u00a01660\u00a0perforaciones y base de metal,\u00a0 para armar prototipos de circuitos electr\u00f3nicos.","breadcrumb":{"@id":"https:\/\/www.electronicajnc.com\/web\/producto\/protoboard-2-regletas-breadboard\/#breadcrumb"},"inLanguage":"es","potentialAction":[{"@type":"ReadAction","target":["https:\/\/www.electronicajnc.com\/web\/producto\/protoboard-2-regletas-breadboard\/"]}]},{"@type":"ImageObject","inLanguage":"es","@id":"https:\/\/www.electronicajnc.com\/web\/producto\/protoboard-2-regletas-breadboard\/#primaryimage","url":"https:\/\/www.electronicajnc.com\/web\/wp-content\/uploads\/2023\/04\/proto-2-regletas.jpg","contentUrl":"https:\/\/www.electronicajnc.com\/web\/wp-content\/uploads\/2023\/04\/proto-2-regletas.jpg","width":1360,"height":1162,"caption":"PROTOBOARD 2 Regletas Con Base 1560 Puntos BB-2T4D"},{"@type":"BreadcrumbList","@id":"https:\/\/www.electronicajnc.com\/web\/producto\/protoboard-2-regletas-breadboard\/#breadcrumb","itemListElement":[{"@type":"ListItem","position":1,"name":"Portada","item":"https:\/\/www.electronicajnc.com\/web\/"},{"@type":"ListItem","position":2,"name":"TIENDA","item":"https:\/\/www.electronicajnc.com\/web\/tienda\/"},{"@type":"ListItem","position":3,"name":"PROTOBOARD 2 REGLETAS BREADBOARD"}]},{"@type":"WebSite","@id":"https:\/\/www.electronicajnc.com\/web\/#website","url":"https:\/\/www.electronicajnc.com\/web\/","name":"Electronica JNC","description":"Robotica Tecnologia Mecatronica en Ecuador","publisher":{"@id":"https:\/\/www.electronicajnc.com\/web\/#organization"},"potentialAction":[{"@type":"SearchAction","target":{"@type":"EntryPoint","urlTemplate":"https:\/\/www.electronicajnc.com\/web\/?s={search_term_string}"},"query-input":{"@type":"PropertyValueSpecification","valueRequired":true,"valueName":"search_term_string"}}],"inLanguage":"es"},{"@type":"Organization","@id":"https:\/\/www.electronicajnc.com\/web\/#organization","name":"Electronica JNC","url":"https:\/\/www.electronicajnc.com\/web\/","logo":{"@type":"ImageObject","inLanguage":"es","@id":"https:\/\/www.electronicajnc.com\/web\/#\/schema\/logo\/image\/","url":"https:\/\/www.electronicajnc.com\/web\/wp-content\/uploads\/2023\/06\/nuevo-logo.jpg","contentUrl":"https:\/\/www.electronicajnc.com\/web\/wp-content\/uploads\/2023\/06\/nuevo-logo.jpg","width":1256,"height":612,"caption":"Electronica JNC"},"image":{"@id":"https:\/\/www.electronicajnc.com\/web\/#\/schema\/logo\/image\/"}}]}},"_links":{"self":[{"href":"https:\/\/www.electronicajnc.com\/web\/wp-json\/wp\/v2\/product\/480","targetHints":{"allow":["GET"]}}],"collection":[{"href":"https:\/\/www.electronicajnc.com\/web\/wp-json\/wp\/v2\/product"}],"about":[{"href":"https:\/\/www.electronicajnc.com\/web\/wp-json\/wp\/v2\/types\/product"}],"replies":[{"embeddable":true,"href":"https:\/\/www.electronicajnc.com\/web\/wp-json\/wp\/v2\/comments?post=480"}],"wp:featuredmedia":[{"embeddable":true,"href":"https:\/\/www.electronicajnc.com\/web\/wp-json\/wp\/v2\/media\/481"}],"wp:attachment":[{"href":"https:\/\/www.electronicajnc.com\/web\/wp-json\/wp\/v2\/media?parent=480"}],"wp:term":[{"taxonomy":"product_brand","embeddable":true,"href":"https:\/\/www.electronicajnc.com\/web\/wp-json\/wp\/v2\/product_brand?post=480"},{"taxonomy":"product_cat","embeddable":true,"href":"https:\/\/www.electronicajnc.com\/web\/wp-json\/wp\/v2\/product_cat?post=480"},{"taxonomy":"product_tag","embeddable":true,"href":"https:\/\/www.electronicajnc.com\/web\/wp-json\/wp\/v2\/product_tag?post=480"}],"curies":[{"name":"wp","href":"https:\/\/api.w.org\/{rel}","templated":true}]}}