{"id":483,"date":"2023-04-12T23:54:58","date_gmt":"2023-04-12T23:54:58","guid":{"rendered":"https:\/\/www.electronicajnc.com\/web\/?post_type=product&#038;p=483"},"modified":"2025-11-19T15:55:06","modified_gmt":"2025-11-19T15:55:06","slug":"buzzer-zumbador-5v-activo","status":"publish","type":"product","link":"https:\/\/www.electronicajnc.com\/web\/producto\/buzzer-zumbador-5v-activo\/","title":{"rendered":"BUZZER ZUMBADOR 5V ACTIVO"},"content":{"rendered":"<p class=\"product_title entry-title\">BUZZER ZUMBADOR 5V ACTIVO<img decoding=\"async\" src=\"https:\/\/grupoelectrostore.com\/wp-content\/uploads\/2021\/01\/Buzzer-12mm-5v.jpg\" \/><\/p>\n<p class=\"product_title entry-title\"><strong>\u00bfQu\u00e9 es un Buzzer ?\u00a0<\/strong><\/p>\n<div align=\"justify\">\n<p>Buzzer es un transductor electroac\u00fastico, es decir, un dispositivo que convierte la se\u00f1al el\u00e9ctrica en ac\u00fastica. Su construcci\u00f3n consta de una bobina y un electroim\u00e1n.<\/p>\n<h4><strong>\u00bfPara qu\u00e9 sirve <\/strong><strong>?<\/strong><\/h4>\n<p>Su uso es com\u00fanmente\u00a0 para generar alarmas\u00a0 sonoras en tarjetas electr\u00f3nicas, computadoras, mult\u00edmetros, en las series de luces de navide\u00f1as, mecanismo de se\u00f1alizaci\u00f3n, alarma en autom\u00f3viles u hogar, electrodom\u00e9sticos y su uso mas com\u00fan es como despertador.<\/p>\n<h4><strong>\u00bfC\u00f3mo funciona\u00a0<\/strong><strong>un Buzzer <\/strong><strong>?<\/strong><\/h4>\n<p>Cuando es conectado la corriente pasa por la bobina del electroim\u00e1n y produce un campo magn\u00e9tico variable que hace vibrar la lamina de acero sobre la armadura.<\/p>\n<p><strong style=\"font-size: 1.618em;\">ESPECIFICACIONES Y CARACTER\u00cdSTICAS<\/strong><\/p>\n<\/div>\n<ul>\n<li>Voltaje de operaci\u00f3n: 5V DC<\/li>\n<li>Corriente m\u00e1xima: 30 mA<\/li>\n<li>Dimensiones:12 mm x 9.5 mm<\/li>\n<li>Frecuencia de resonancia: 23K Hz<\/li>\n<li>Salida de sonido m\u00ednimo a 10 cm: 85 dB<\/li>\n<li>Temperatura de trabajo: -20\u00b0C a 70\u00b0C<\/li>\n<li>Temperatura de almacenamiento:-30\u00b0C a 105\u00b0C<\/li>\n<li>\u00a0Pines\n<ul>\n<li>VCC (+)<\/li>\n<\/ul>\n<\/li>\n<\/ul>\n<p><b>Variaciones<\/b><strong>:<\/strong><\/p>\n<ul>\n<li><strong>Buzzer pasivo<\/strong>\n<ul>\n<li>Voltaje 4-7 VDC.<\/li>\n<li>Di\u00e1metro: 12mm.<\/li>\n<li>Frecuencia : 2 a 5 Khz.<\/li>\n<\/ul>\n<\/li>\n<li><strong>Buzzer activo<\/strong>\n<ul>\n<li>Voltaje : 5 V.<\/li>\n<li>Di\u00e1metro: 12mm.<\/li>\n<li>Frecuencia: 2300 \u00b1300 Hz.<\/li>\n<\/ul>\n<\/li>\n<\/ul>\n<h1 class=\"product_title entry-title\">BUZZER ZUMBADOR 5V ACTIVO<\/h1>\n<p><strong>Aplicaciones:<\/strong><\/p>\n<ul>\n<li>Sirve como mecanismo de se\u00f1alizaci\u00f3n o aviso.<\/li>\n<li>Sistemas como en autom\u00f3viles, proyectos electr\u00f3nicos, locales comerciales.<\/li>\n<\/ul>\n<p>Un buzzer es un dispositivo electr\u00f3nico que produce un sonido ya sea continuo o intermitente de un mismo tono,\u00a0 es ideal para hacer m\u00fasica con Arduino, melod\u00edas, timbres, se\u00f1alizaci\u00f3n o aviso para alarmas,\u00a0 etc.<\/p>\n<p>Buzzer activo a diferencia del pasivo solo requiere alimentaci\u00f3n a 5v para emitir un sonido, ya que cuenta con un oscilador integrado para generar la se\u00f1al de audio. \u00c9ste buzzer es un componente con polaridad, misma que viene indicada por el largo de sus terminales donde la corta corresponde a GND y la terminal larga a VCC.<\/p>\n<p>Este Parlante Buzzer Activo es muy sencillo de conectar y controlar, solo es necesario suministrar corriente al dispositivo para que emita sonido a una\u00a0frecuencia determinada\u00a0y fija.<\/p>\n<p>Posee alta resistencia, por lo que no es necesario agregar una resistencia para conectarlo a un pin de microcontrolador, que hace lo ideal para utilizarlo con Arduino u otro dispositivo similar.<\/p>\n<div class=\"ui-box-body\">\n<div>\u00a1No te quedes sin el tuyo!<\/div>\n<div><\/div>\n<\/div>\n<div>\n<p>Puede retirar sus pedidos en nuestra\u00a0<a href=\"https:\/\/www.electronicajnc.com\/web\/contactos\" target=\"_blank\" rel=\"noopener\">TIENDA F\u00cdSICA<\/a>\u00a0o realizar sus pedidos\u00a0<a href=\"https:\/\/www.electronicajnc.com\/web\/mi-cuenta\" target=\"_blank\" rel=\"noopener\">ONLINE<\/a>\u00a0o por\u00a0<a href=\"https:\/\/api.whatsapp.com\/send?phone=593958753126\" target=\"_blank\" rel=\"noopener\">WHATSAPP<\/a>.<\/p>\n<\/div>\n<p>&nbsp;<\/p>\n","protected":false},"excerpt":{"rendered":"<p>Un buzzer es un dispositivo electr\u00f3nico que produce un sonido ya sea continuo o intermitente de un mismo tono,\u00a0 es ideal para hacer m\u00fasica con Arduino, melod\u00edas, timbres, se\u00f1alizaci\u00f3n o aviso para alarmas,\u00a0 etc.<\/p>\n","protected":false},"featured_media":484,"comment_status":"closed","ping_status":"closed","template":"","meta":{"saved_in_kubio":false,"_joinchat":[]},"product_brand":[],"product_cat":[309],"product_tag":[195,196,197,201,202,203,198,199,200],"class_list":{"0":"post-483","1":"product","2":"type-product","3":"status-publish","4":"has-post-thumbnail","6":"product_cat-componentes-electronicos","7":"product_tag-5v","8":"product_tag-arduino","9":"product_tag-buzzer","10":"product_tag-buzzer-arduino","11":"product_tag-modulo-buzzer","12":"product_tag-modulo-buzzer-arduino","13":"product_tag-sonido","14":"product_tag-timre","15":"product_tag-zumbador","17":"first","18":"instock","19":"taxable","20":"shipping-taxable","21":"purchasable","22":"product-type-simple"},"yoast_head":"<!-- This site is optimized with the Yoast SEO plugin v27.4 - https:\/\/yoast.com\/product\/yoast-seo-wordpress\/ -->\n<title>BUZZER ZUMBADOR 5V ACTIVO - Electronica JNC<\/title>\n<meta name=\"description\" content=\"BUZZER ZUMBADOR 5V ACTIVO, Un buzzer es un dispositivo electr\u00f3nico que produce un sonido ya sea continuo o intermitente de un mismo tono,\u00a0ideal para alarmas\" \/>\n<meta name=\"robots\" content=\"index, follow, max-snippet:-1, max-image-preview:large, max-video-preview:-1\" \/>\n<link rel=\"canonical\" href=\"https:\/\/www.electronicajnc.com\/web\/producto\/buzzer-zumbador-5v-activo\/\" \/>\n<meta property=\"og:locale\" content=\"es_ES\" \/>\n<meta property=\"og:type\" content=\"article\" \/>\n<meta property=\"og:title\" content=\"BUZZER ZUMBADOR 5V ACTIVO - Electronica JNC\" \/>\n<meta property=\"og:description\" content=\"BUZZER ZUMBADOR 5V ACTIVO, Un buzzer es un dispositivo electr\u00f3nico que produce un sonido ya sea continuo o intermitente de un mismo tono,\u00a0ideal para alarmas\" \/>\n<meta property=\"og:url\" content=\"https:\/\/www.electronicajnc.com\/web\/producto\/buzzer-zumbador-5v-activo\/\" \/>\n<meta property=\"og:site_name\" content=\"Electronica JNC\" \/>\n<meta property=\"article:modified_time\" content=\"2025-11-19T15:55:06+00:00\" \/>\n<meta property=\"og:image\" content=\"https:\/\/www.electronicajnc.com\/web\/wp-content\/uploads\/2023\/04\/ADAPTADOR-1.jpg\" \/>\n\t<meta property=\"og:image:width\" content=\"988\" \/>\n\t<meta property=\"og:image:height\" content=\"824\" \/>\n\t<meta property=\"og:image:type\" content=\"image\/jpeg\" \/>\n<meta name=\"twitter:card\" content=\"summary_large_image\" \/>\n<meta name=\"twitter:label1\" content=\"Tiempo de lectura\" \/>\n\t<meta name=\"twitter:data1\" content=\"3 minutos\" \/>\n<script type=\"application\/ld+json\" class=\"yoast-schema-graph\">{\"@context\":\"https:\\\/\\\/schema.org\",\"@graph\":[{\"@type\":\"WebPage\",\"@id\":\"https:\\\/\\\/www.electronicajnc.com\\\/web\\\/producto\\\/buzzer-zumbador-5v-activo\\\/\",\"url\":\"https:\\\/\\\/www.electronicajnc.com\\\/web\\\/producto\\\/buzzer-zumbador-5v-activo\\\/\",\"name\":\"BUZZER ZUMBADOR 5V ACTIVO - Electronica JNC\",\"isPartOf\":{\"@id\":\"https:\\\/\\\/www.electronicajnc.com\\\/web\\\/#website\"},\"primaryImageOfPage\":{\"@id\":\"https:\\\/\\\/www.electronicajnc.com\\\/web\\\/producto\\\/buzzer-zumbador-5v-activo\\\/#primaryimage\"},\"image\":{\"@id\":\"https:\\\/\\\/www.electronicajnc.com\\\/web\\\/producto\\\/buzzer-zumbador-5v-activo\\\/#primaryimage\"},\"thumbnailUrl\":\"https:\\\/\\\/www.electronicajnc.com\\\/web\\\/wp-content\\\/uploads\\\/2023\\\/04\\\/ADAPTADOR-1.jpg\",\"datePublished\":\"2023-04-12T23:54:58+00:00\",\"dateModified\":\"2025-11-19T15:55:06+00:00\",\"description\":\"BUZZER ZUMBADOR 5V ACTIVO, Un buzzer es un dispositivo electr\u00f3nico que produce un sonido ya sea continuo o intermitente de un mismo tono,\u00a0ideal para alarmas\",\"breadcrumb\":{\"@id\":\"https:\\\/\\\/www.electronicajnc.com\\\/web\\\/producto\\\/buzzer-zumbador-5v-activo\\\/#breadcrumb\"},\"inLanguage\":\"es\",\"potentialAction\":[{\"@type\":\"ReadAction\",\"target\":[\"https:\\\/\\\/www.electronicajnc.com\\\/web\\\/producto\\\/buzzer-zumbador-5v-activo\\\/\"]}]},{\"@type\":\"ImageObject\",\"inLanguage\":\"es\",\"@id\":\"https:\\\/\\\/www.electronicajnc.com\\\/web\\\/producto\\\/buzzer-zumbador-5v-activo\\\/#primaryimage\",\"url\":\"https:\\\/\\\/www.electronicajnc.com\\\/web\\\/wp-content\\\/uploads\\\/2023\\\/04\\\/ADAPTADOR-1.jpg\",\"contentUrl\":\"https:\\\/\\\/www.electronicajnc.com\\\/web\\\/wp-content\\\/uploads\\\/2023\\\/04\\\/ADAPTADOR-1.jpg\",\"width\":988,\"height\":824,\"caption\":\"BUZZER ACTIVO 5V \u2013 12V\"},{\"@type\":\"BreadcrumbList\",\"@id\":\"https:\\\/\\\/www.electronicajnc.com\\\/web\\\/producto\\\/buzzer-zumbador-5v-activo\\\/#breadcrumb\",\"itemListElement\":[{\"@type\":\"ListItem\",\"position\":1,\"name\":\"Portada\",\"item\":\"https:\\\/\\\/www.electronicajnc.com\\\/web\\\/\"},{\"@type\":\"ListItem\",\"position\":2,\"name\":\"TIENDA\",\"item\":\"https:\\\/\\\/www.electronicajnc.com\\\/web\\\/tienda\\\/\"},{\"@type\":\"ListItem\",\"position\":3,\"name\":\"BUZZER ZUMBADOR 5V ACTIVO\"}]},{\"@type\":\"WebSite\",\"@id\":\"https:\\\/\\\/www.electronicajnc.com\\\/web\\\/#website\",\"url\":\"https:\\\/\\\/www.electronicajnc.com\\\/web\\\/\",\"name\":\"Electronica JNC\",\"description\":\"Robotica Tecnologia Mecatronica en Ecuador\",\"publisher\":{\"@id\":\"https:\\\/\\\/www.electronicajnc.com\\\/web\\\/#organization\"},\"potentialAction\":[{\"@type\":\"SearchAction\",\"target\":{\"@type\":\"EntryPoint\",\"urlTemplate\":\"https:\\\/\\\/www.electronicajnc.com\\\/web\\\/?s={search_term_string}\"},\"query-input\":{\"@type\":\"PropertyValueSpecification\",\"valueRequired\":true,\"valueName\":\"search_term_string\"}}],\"inLanguage\":\"es\"},{\"@type\":\"Organization\",\"@id\":\"https:\\\/\\\/www.electronicajnc.com\\\/web\\\/#organization\",\"name\":\"Electronica JNC\",\"url\":\"https:\\\/\\\/www.electronicajnc.com\\\/web\\\/\",\"logo\":{\"@type\":\"ImageObject\",\"inLanguage\":\"es\",\"@id\":\"https:\\\/\\\/www.electronicajnc.com\\\/web\\\/#\\\/schema\\\/logo\\\/image\\\/\",\"url\":\"https:\\\/\\\/www.electronicajnc.com\\\/web\\\/wp-content\\\/uploads\\\/2023\\\/06\\\/nuevo-logo.jpg\",\"contentUrl\":\"https:\\\/\\\/www.electronicajnc.com\\\/web\\\/wp-content\\\/uploads\\\/2023\\\/06\\\/nuevo-logo.jpg\",\"width\":1256,\"height\":612,\"caption\":\"Electronica JNC\"},\"image\":{\"@id\":\"https:\\\/\\\/www.electronicajnc.com\\\/web\\\/#\\\/schema\\\/logo\\\/image\\\/\"}}]}<\/script>\n<!-- \/ Yoast SEO plugin. -->","yoast_head_json":{"title":"BUZZER ZUMBADOR 5V ACTIVO - Electronica JNC","description":"BUZZER ZUMBADOR 5V ACTIVO, Un buzzer es un dispositivo electr\u00f3nico que produce un sonido ya sea continuo o intermitente de un mismo tono,\u00a0ideal para alarmas","robots":{"index":"index","follow":"follow","max-snippet":"max-snippet:-1","max-image-preview":"max-image-preview:large","max-video-preview":"max-video-preview:-1"},"canonical":"https:\/\/www.electronicajnc.com\/web\/producto\/buzzer-zumbador-5v-activo\/","og_locale":"es_ES","og_type":"article","og_title":"BUZZER ZUMBADOR 5V ACTIVO - Electronica JNC","og_description":"BUZZER ZUMBADOR 5V ACTIVO, Un buzzer es un dispositivo electr\u00f3nico que produce un sonido ya sea continuo o intermitente de un mismo tono,\u00a0ideal para alarmas","og_url":"https:\/\/www.electronicajnc.com\/web\/producto\/buzzer-zumbador-5v-activo\/","og_site_name":"Electronica JNC","article_modified_time":"2025-11-19T15:55:06+00:00","og_image":[{"width":988,"height":824,"url":"https:\/\/www.electronicajnc.com\/web\/wp-content\/uploads\/2023\/04\/ADAPTADOR-1.jpg","type":"image\/jpeg"}],"twitter_card":"summary_large_image","twitter_misc":{"Tiempo de lectura":"3 minutos"},"schema":{"@context":"https:\/\/schema.org","@graph":[{"@type":"WebPage","@id":"https:\/\/www.electronicajnc.com\/web\/producto\/buzzer-zumbador-5v-activo\/","url":"https:\/\/www.electronicajnc.com\/web\/producto\/buzzer-zumbador-5v-activo\/","name":"BUZZER ZUMBADOR 5V ACTIVO - Electronica JNC","isPartOf":{"@id":"https:\/\/www.electronicajnc.com\/web\/#website"},"primaryImageOfPage":{"@id":"https:\/\/www.electronicajnc.com\/web\/producto\/buzzer-zumbador-5v-activo\/#primaryimage"},"image":{"@id":"https:\/\/www.electronicajnc.com\/web\/producto\/buzzer-zumbador-5v-activo\/#primaryimage"},"thumbnailUrl":"https:\/\/www.electronicajnc.com\/web\/wp-content\/uploads\/2023\/04\/ADAPTADOR-1.jpg","datePublished":"2023-04-12T23:54:58+00:00","dateModified":"2025-11-19T15:55:06+00:00","description":"BUZZER ZUMBADOR 5V ACTIVO, Un buzzer es un dispositivo electr\u00f3nico que produce un sonido ya sea continuo o intermitente de un mismo tono,\u00a0ideal para alarmas","breadcrumb":{"@id":"https:\/\/www.electronicajnc.com\/web\/producto\/buzzer-zumbador-5v-activo\/#breadcrumb"},"inLanguage":"es","potentialAction":[{"@type":"ReadAction","target":["https:\/\/www.electronicajnc.com\/web\/producto\/buzzer-zumbador-5v-activo\/"]}]},{"@type":"ImageObject","inLanguage":"es","@id":"https:\/\/www.electronicajnc.com\/web\/producto\/buzzer-zumbador-5v-activo\/#primaryimage","url":"https:\/\/www.electronicajnc.com\/web\/wp-content\/uploads\/2023\/04\/ADAPTADOR-1.jpg","contentUrl":"https:\/\/www.electronicajnc.com\/web\/wp-content\/uploads\/2023\/04\/ADAPTADOR-1.jpg","width":988,"height":824,"caption":"BUZZER ACTIVO 5V \u2013 12V"},{"@type":"BreadcrumbList","@id":"https:\/\/www.electronicajnc.com\/web\/producto\/buzzer-zumbador-5v-activo\/#breadcrumb","itemListElement":[{"@type":"ListItem","position":1,"name":"Portada","item":"https:\/\/www.electronicajnc.com\/web\/"},{"@type":"ListItem","position":2,"name":"TIENDA","item":"https:\/\/www.electronicajnc.com\/web\/tienda\/"},{"@type":"ListItem","position":3,"name":"BUZZER ZUMBADOR 5V ACTIVO"}]},{"@type":"WebSite","@id":"https:\/\/www.electronicajnc.com\/web\/#website","url":"https:\/\/www.electronicajnc.com\/web\/","name":"Electronica JNC","description":"Robotica Tecnologia Mecatronica en Ecuador","publisher":{"@id":"https:\/\/www.electronicajnc.com\/web\/#organization"},"potentialAction":[{"@type":"SearchAction","target":{"@type":"EntryPoint","urlTemplate":"https:\/\/www.electronicajnc.com\/web\/?s={search_term_string}"},"query-input":{"@type":"PropertyValueSpecification","valueRequired":true,"valueName":"search_term_string"}}],"inLanguage":"es"},{"@type":"Organization","@id":"https:\/\/www.electronicajnc.com\/web\/#organization","name":"Electronica JNC","url":"https:\/\/www.electronicajnc.com\/web\/","logo":{"@type":"ImageObject","inLanguage":"es","@id":"https:\/\/www.electronicajnc.com\/web\/#\/schema\/logo\/image\/","url":"https:\/\/www.electronicajnc.com\/web\/wp-content\/uploads\/2023\/06\/nuevo-logo.jpg","contentUrl":"https:\/\/www.electronicajnc.com\/web\/wp-content\/uploads\/2023\/06\/nuevo-logo.jpg","width":1256,"height":612,"caption":"Electronica JNC"},"image":{"@id":"https:\/\/www.electronicajnc.com\/web\/#\/schema\/logo\/image\/"}}]}},"_links":{"self":[{"href":"https:\/\/www.electronicajnc.com\/web\/wp-json\/wp\/v2\/product\/483","targetHints":{"allow":["GET"]}}],"collection":[{"href":"https:\/\/www.electronicajnc.com\/web\/wp-json\/wp\/v2\/product"}],"about":[{"href":"https:\/\/www.electronicajnc.com\/web\/wp-json\/wp\/v2\/types\/product"}],"replies":[{"embeddable":true,"href":"https:\/\/www.electronicajnc.com\/web\/wp-json\/wp\/v2\/comments?post=483"}],"wp:featuredmedia":[{"embeddable":true,"href":"https:\/\/www.electronicajnc.com\/web\/wp-json\/wp\/v2\/media\/484"}],"wp:attachment":[{"href":"https:\/\/www.electronicajnc.com\/web\/wp-json\/wp\/v2\/media?parent=483"}],"wp:term":[{"taxonomy":"product_brand","embeddable":true,"href":"https:\/\/www.electronicajnc.com\/web\/wp-json\/wp\/v2\/product_brand?post=483"},{"taxonomy":"product_cat","embeddable":true,"href":"https:\/\/www.electronicajnc.com\/web\/wp-json\/wp\/v2\/product_cat?post=483"},{"taxonomy":"product_tag","embeddable":true,"href":"https:\/\/www.electronicajnc.com\/web\/wp-json\/wp\/v2\/product_tag?post=483"}],"curies":[{"name":"wp","href":"https:\/\/api.w.org\/{rel}","templated":true}]}}