{"id":499,"date":"2023-04-17T16:20:53","date_gmt":"2023-04-17T16:20:53","guid":{"rendered":"https:\/\/www.electronicajnc.com\/web\/?post_type=product&#038;p=499"},"modified":"2023-04-17T16:20:54","modified_gmt":"2023-04-17T16:20:54","slug":"modulo-tarjeta-micro-sd","status":"publish","type":"product","link":"https:\/\/www.electronicajnc.com\/web\/producto\/modulo-tarjeta-micro-sd\/","title":{"rendered":"M\u00f3dulo Tarjeta Micro SD"},"content":{"rendered":"<p class=\"product_title entry-title\">M\u00f3dulo Tarjeta Micro SD<\/p>\n<p><img decoding=\"async\" class=\"aligncenter\" src=\"https:\/\/www.tarjetasdememoria.info\/wp-content\/uploads\/2019\/04\/esquema-conexion-modulo-tarjetas-arduino.jpg\" alt=\"esquema-conexion-modulo-tarjetas-arduino\" \/><\/p>\n<p>&nbsp;<\/p>\n<p>Este m\u00f3dulo de tarjeta micro SD permite llevar a cabo aplicaciones de manera mucho m\u00e1s din\u00e1mica y de una forma sencilla. Se conecta f\u00e1cilmente como un perif\u00e9rico a la board Arduino. A trav\u00e9s de c\u00f3digos de programaci\u00f3n se puede leer y escribir en la tarjeta micro SD usando el Arduino o en la Raspberry Pi. Puede ser usado para sistemas de control ARM\/MCU, reproducci\u00f3n de MP3. Este slot puede ser aplicado en pr\u00e1cticas de rob\u00f3tica, modelismo, Arduino o cualquier proyecto de electr\u00f3nica. Es compatible con todas las board Shields y m\u00f3dulos Arduino dise\u00f1ados para esta versi\u00f3n. Esta peque\u00f1a board permite el almacenamiento extra a sus aplicaciones, tiene todas las conexiones necesarias para su correcto funcionamiento, adem\u00e1s de contar con un regulador interno de 5V para alimentar la SD.<\/p>\n<p>Este dise\u00f1o de interfaz a la memoria micro SD esta lista para acceder en modo SPI, por lo cual las se\u00f1ales de control est\u00e1n debidamente nombradas por el bus de comunicaciones SPI.<\/p>\n<p>El voltaje con el que trabaja es de 3.3 V o 5 V y soporta tarjetas microSD y microSDHC.<\/p>\n<p>Tiene un regulador de voltaje incluido con el que logra soportar hasta 5V.<\/p>\n<p>Es muy f\u00e1cil de usar con Arduino o con cualquier microcontrolador en general o\u00a0 una tarjeta de desarrollo.<\/p>\n<h1 class=\"product_title entry-title\">M\u00f3dulo Tarjeta Micro SD<\/h1>\n<p>El m\u00f3dulo de la tarjeta SD tiene 6 pines para establecer la conexi\u00f3n: 2 para alimentaci\u00f3n y 4 para establecer una conexi\u00f3n SPI<\/p>\n<ul>\n<li>5V o 3.3V para alimentar el m\u00f3dulo<\/li>\n<li>GND para el suelo<\/li>\n<li>CS o ChipSelect para activar la comunicaci\u00f3n<\/li>\n<li>MISO (Master Input, Slave Output) Pin de transmisi\u00f3n, equivalente al pin del puerto serie Tx. M\u00f3dulo de salida.<\/li>\n<li>MOSI (Master Output, Slave Input) Pin de recepci\u00f3n equivalente al pin de puerto serie Rx. M\u00f3dulo de entrada.<\/li>\n<li>SCK Clock para sincronizar los dispositivos<\/li>\n<\/ul>\n<p>En caso de blindaje, el cableado est\u00e1 predefinido. Aseg\u00farese de revisar la hoja de datos y modificar el c\u00f3digo en consecuencia.<\/p>\n<p><strong style=\"font-size: 1.41575em\">\u00bfD\u00f3nde conseguir ?<\/strong><\/p>\n<div align=\"justify\">\n<p>Puedes conseguir este producto y mucho mas en nuestra tienda de electr\u00f3nica \u201cElectronic JNC\u201d a un excelente precio, de igual manera puedes preguntar por otros productos que tenemos para ti y as\u00ed adquirirlos seg\u00fan tu necesidad para\u00a0 tus proyectos.<\/p>\n<\/div>\n<div class=\"ui-box-body\">\n<div>\u00a1No te quedes sin el tuyo!<\/div>\n<div><\/div>\n<\/div>\n<div>\n<p>Puede retirar sus pedidos en nuestra\u00a0<a href=\"https:\/\/www.electronicajnc.com\/web\/contactos\" target=\"_blank\" rel=\"noopener\">TIENDA F\u00cdSICA<\/a>\u00a0o realizar sus pedidos\u00a0<a href=\"https:\/\/www.electronicajnc.com\/web\/mi-cuenta\" target=\"_blank\" rel=\"noopener\">ONLINE<\/a>\u00a0o por\u00a0<a href=\"https:\/\/api.whatsapp.com\/send?phone=593958753126\" target=\"_blank\" rel=\"noopener\">WHATSAPP<\/a>.<\/p>\n<\/div>\n","protected":false},"excerpt":{"rendered":"<p>Totalmente compatible con Arduino. \u00c9ste m\u00f3dulo cuenta con un convertidor de nivel l\u00f3gico por lo que todos sus pines son tolerantes a 3.3V y 5V. Puedes conectarlo directamente a los pines SPI de cualquier Arduino o microcontrolador.<\/p>\n","protected":false},"featured_media":500,"comment_status":"closed","ping_status":"closed","template":"","meta":{"saved_in_kubio":false,"_joinchat":[]},"product_brand":[],"product_cat":[21],"product_tag":[241,240,243,242,244,239],"class_list":{"0":"post-499","1":"product","2":"type-product","3":"status-publish","4":"has-post-thumbnail","6":"product_cat-modulos_sensores","7":"product_tag-lector-sd","8":"product_tag-modulo-lector-micro-sd","9":"product_tag-modulo-lector-tarjeta-microsd","10":"product_tag-modulo-micro-sd","11":"product_tag-modulo-micro-sd-card-lectura-escritura-arduin0","12":"product_tag-modulo-tarjeta-micro-sd-arduino","14":"first","15":"instock","16":"taxable","17":"shipping-taxable","18":"purchasable","19":"product-type-simple"},"yoast_head":"<!-- This site is optimized with the Yoast SEO plugin v27.4 - https:\/\/yoast.com\/product\/yoast-seo-wordpress\/ -->\n<title>M\u00f3dulo Tarjeta Micro SD - Electronica JNC<\/title>\n<meta name=\"description\" content=\"M\u00f3dulo Tarjeta Micro SD, Tiene diversas aplicaciones tales como registrador de datos, audio, v\u00eddeo, gr\u00e1ficos, tiene una interfaz SPI a 5v.\" \/>\n<meta name=\"robots\" content=\"index, follow, max-snippet:-1, max-image-preview:large, max-video-preview:-1\" \/>\n<link rel=\"canonical\" href=\"https:\/\/www.electronicajnc.com\/web\/producto\/modulo-tarjeta-micro-sd\/\" \/>\n<meta property=\"og:locale\" content=\"es_ES\" \/>\n<meta property=\"og:type\" content=\"article\" \/>\n<meta property=\"og:title\" content=\"M\u00f3dulo Tarjeta Micro SD - Electronica JNC\" \/>\n<meta property=\"og:description\" content=\"M\u00f3dulo Tarjeta Micro SD, Tiene diversas aplicaciones tales como registrador de datos, audio, v\u00eddeo, gr\u00e1ficos, tiene una interfaz SPI a 5v.\" \/>\n<meta property=\"og:url\" content=\"https:\/\/www.electronicajnc.com\/web\/producto\/modulo-tarjeta-micro-sd\/\" \/>\n<meta property=\"og:site_name\" content=\"Electronica JNC\" \/>\n<meta property=\"article:modified_time\" content=\"2023-04-17T16:20:54+00:00\" \/>\n<meta property=\"og:image\" content=\"https:\/\/www.electronicajnc.com\/web\/wp-content\/uploads\/2023\/04\/targeta-micro-sd.jpg\" \/>\n\t<meta property=\"og:image:width\" content=\"1166\" \/>\n\t<meta property=\"og:image:height\" content=\"1072\" \/>\n\t<meta property=\"og:image:type\" content=\"image\/jpeg\" \/>\n<meta name=\"twitter:card\" content=\"summary_large_image\" \/>\n<meta name=\"twitter:label1\" content=\"Tiempo de lectura\" \/>\n\t<meta name=\"twitter:data1\" content=\"2 minutos\" \/>\n<script type=\"application\/ld+json\" class=\"yoast-schema-graph\">{\"@context\":\"https:\\\/\\\/schema.org\",\"@graph\":[{\"@type\":\"WebPage\",\"@id\":\"https:\\\/\\\/www.electronicajnc.com\\\/web\\\/producto\\\/modulo-tarjeta-micro-sd\\\/\",\"url\":\"https:\\\/\\\/www.electronicajnc.com\\\/web\\\/producto\\\/modulo-tarjeta-micro-sd\\\/\",\"name\":\"M\u00f3dulo Tarjeta Micro SD - Electronica JNC\",\"isPartOf\":{\"@id\":\"https:\\\/\\\/www.electronicajnc.com\\\/web\\\/#website\"},\"primaryImageOfPage\":{\"@id\":\"https:\\\/\\\/www.electronicajnc.com\\\/web\\\/producto\\\/modulo-tarjeta-micro-sd\\\/#primaryimage\"},\"image\":{\"@id\":\"https:\\\/\\\/www.electronicajnc.com\\\/web\\\/producto\\\/modulo-tarjeta-micro-sd\\\/#primaryimage\"},\"thumbnailUrl\":\"https:\\\/\\\/www.electronicajnc.com\\\/web\\\/wp-content\\\/uploads\\\/2023\\\/04\\\/targeta-micro-sd.jpg\",\"datePublished\":\"2023-04-17T16:20:53+00:00\",\"dateModified\":\"2023-04-17T16:20:54+00:00\",\"description\":\"M\u00f3dulo Tarjeta Micro SD, Tiene diversas aplicaciones tales como registrador de datos, audio, v\u00eddeo, gr\u00e1ficos, tiene una interfaz SPI a 5v.\",\"breadcrumb\":{\"@id\":\"https:\\\/\\\/www.electronicajnc.com\\\/web\\\/producto\\\/modulo-tarjeta-micro-sd\\\/#breadcrumb\"},\"inLanguage\":\"es\",\"potentialAction\":[{\"@type\":\"ReadAction\",\"target\":[\"https:\\\/\\\/www.electronicajnc.com\\\/web\\\/producto\\\/modulo-tarjeta-micro-sd\\\/\"]}]},{\"@type\":\"ImageObject\",\"inLanguage\":\"es\",\"@id\":\"https:\\\/\\\/www.electronicajnc.com\\\/web\\\/producto\\\/modulo-tarjeta-micro-sd\\\/#primaryimage\",\"url\":\"https:\\\/\\\/www.electronicajnc.com\\\/web\\\/wp-content\\\/uploads\\\/2023\\\/04\\\/targeta-micro-sd.jpg\",\"contentUrl\":\"https:\\\/\\\/www.electronicajnc.com\\\/web\\\/wp-content\\\/uploads\\\/2023\\\/04\\\/targeta-micro-sd.jpg\",\"width\":1166,\"height\":1072,\"caption\":\"M\u00f3dulo Tarjeta Micro SD Arduino\"},{\"@type\":\"BreadcrumbList\",\"@id\":\"https:\\\/\\\/www.electronicajnc.com\\\/web\\\/producto\\\/modulo-tarjeta-micro-sd\\\/#breadcrumb\",\"itemListElement\":[{\"@type\":\"ListItem\",\"position\":1,\"name\":\"Portada\",\"item\":\"https:\\\/\\\/www.electronicajnc.com\\\/web\\\/\"},{\"@type\":\"ListItem\",\"position\":2,\"name\":\"TIENDA\",\"item\":\"https:\\\/\\\/www.electronicajnc.com\\\/web\\\/tienda\\\/\"},{\"@type\":\"ListItem\",\"position\":3,\"name\":\"M\u00f3dulo Tarjeta Micro SD\"}]},{\"@type\":\"WebSite\",\"@id\":\"https:\\\/\\\/www.electronicajnc.com\\\/web\\\/#website\",\"url\":\"https:\\\/\\\/www.electronicajnc.com\\\/web\\\/\",\"name\":\"Electronica JNC\",\"description\":\"Robotica Tecnologia Mecatronica en Ecuador\",\"publisher\":{\"@id\":\"https:\\\/\\\/www.electronicajnc.com\\\/web\\\/#organization\"},\"potentialAction\":[{\"@type\":\"SearchAction\",\"target\":{\"@type\":\"EntryPoint\",\"urlTemplate\":\"https:\\\/\\\/www.electronicajnc.com\\\/web\\\/?s={search_term_string}\"},\"query-input\":{\"@type\":\"PropertyValueSpecification\",\"valueRequired\":true,\"valueName\":\"search_term_string\"}}],\"inLanguage\":\"es\"},{\"@type\":\"Organization\",\"@id\":\"https:\\\/\\\/www.electronicajnc.com\\\/web\\\/#organization\",\"name\":\"Electronica JNC\",\"url\":\"https:\\\/\\\/www.electronicajnc.com\\\/web\\\/\",\"logo\":{\"@type\":\"ImageObject\",\"inLanguage\":\"es\",\"@id\":\"https:\\\/\\\/www.electronicajnc.com\\\/web\\\/#\\\/schema\\\/logo\\\/image\\\/\",\"url\":\"https:\\\/\\\/www.electronicajnc.com\\\/web\\\/wp-content\\\/uploads\\\/2023\\\/06\\\/nuevo-logo.jpg\",\"contentUrl\":\"https:\\\/\\\/www.electronicajnc.com\\\/web\\\/wp-content\\\/uploads\\\/2023\\\/06\\\/nuevo-logo.jpg\",\"width\":1256,\"height\":612,\"caption\":\"Electronica JNC\"},\"image\":{\"@id\":\"https:\\\/\\\/www.electronicajnc.com\\\/web\\\/#\\\/schema\\\/logo\\\/image\\\/\"}}]}<\/script>\n<!-- \/ Yoast SEO plugin. -->","yoast_head_json":{"title":"M\u00f3dulo Tarjeta Micro SD - Electronica JNC","description":"M\u00f3dulo Tarjeta Micro SD, Tiene diversas aplicaciones tales como registrador de datos, audio, v\u00eddeo, gr\u00e1ficos, tiene una interfaz SPI a 5v.","robots":{"index":"index","follow":"follow","max-snippet":"max-snippet:-1","max-image-preview":"max-image-preview:large","max-video-preview":"max-video-preview:-1"},"canonical":"https:\/\/www.electronicajnc.com\/web\/producto\/modulo-tarjeta-micro-sd\/","og_locale":"es_ES","og_type":"article","og_title":"M\u00f3dulo Tarjeta Micro SD - Electronica JNC","og_description":"M\u00f3dulo Tarjeta Micro SD, Tiene diversas aplicaciones tales como registrador de datos, audio, v\u00eddeo, gr\u00e1ficos, tiene una interfaz SPI a 5v.","og_url":"https:\/\/www.electronicajnc.com\/web\/producto\/modulo-tarjeta-micro-sd\/","og_site_name":"Electronica JNC","article_modified_time":"2023-04-17T16:20:54+00:00","og_image":[{"width":1166,"height":1072,"url":"https:\/\/www.electronicajnc.com\/web\/wp-content\/uploads\/2023\/04\/targeta-micro-sd.jpg","type":"image\/jpeg"}],"twitter_card":"summary_large_image","twitter_misc":{"Tiempo de lectura":"2 minutos"},"schema":{"@context":"https:\/\/schema.org","@graph":[{"@type":"WebPage","@id":"https:\/\/www.electronicajnc.com\/web\/producto\/modulo-tarjeta-micro-sd\/","url":"https:\/\/www.electronicajnc.com\/web\/producto\/modulo-tarjeta-micro-sd\/","name":"M\u00f3dulo Tarjeta Micro SD - Electronica JNC","isPartOf":{"@id":"https:\/\/www.electronicajnc.com\/web\/#website"},"primaryImageOfPage":{"@id":"https:\/\/www.electronicajnc.com\/web\/producto\/modulo-tarjeta-micro-sd\/#primaryimage"},"image":{"@id":"https:\/\/www.electronicajnc.com\/web\/producto\/modulo-tarjeta-micro-sd\/#primaryimage"},"thumbnailUrl":"https:\/\/www.electronicajnc.com\/web\/wp-content\/uploads\/2023\/04\/targeta-micro-sd.jpg","datePublished":"2023-04-17T16:20:53+00:00","dateModified":"2023-04-17T16:20:54+00:00","description":"M\u00f3dulo Tarjeta Micro SD, Tiene diversas aplicaciones tales como registrador de datos, audio, v\u00eddeo, gr\u00e1ficos, tiene una interfaz SPI a 5v.","breadcrumb":{"@id":"https:\/\/www.electronicajnc.com\/web\/producto\/modulo-tarjeta-micro-sd\/#breadcrumb"},"inLanguage":"es","potentialAction":[{"@type":"ReadAction","target":["https:\/\/www.electronicajnc.com\/web\/producto\/modulo-tarjeta-micro-sd\/"]}]},{"@type":"ImageObject","inLanguage":"es","@id":"https:\/\/www.electronicajnc.com\/web\/producto\/modulo-tarjeta-micro-sd\/#primaryimage","url":"https:\/\/www.electronicajnc.com\/web\/wp-content\/uploads\/2023\/04\/targeta-micro-sd.jpg","contentUrl":"https:\/\/www.electronicajnc.com\/web\/wp-content\/uploads\/2023\/04\/targeta-micro-sd.jpg","width":1166,"height":1072,"caption":"M\u00f3dulo Tarjeta Micro SD Arduino"},{"@type":"BreadcrumbList","@id":"https:\/\/www.electronicajnc.com\/web\/producto\/modulo-tarjeta-micro-sd\/#breadcrumb","itemListElement":[{"@type":"ListItem","position":1,"name":"Portada","item":"https:\/\/www.electronicajnc.com\/web\/"},{"@type":"ListItem","position":2,"name":"TIENDA","item":"https:\/\/www.electronicajnc.com\/web\/tienda\/"},{"@type":"ListItem","position":3,"name":"M\u00f3dulo Tarjeta Micro SD"}]},{"@type":"WebSite","@id":"https:\/\/www.electronicajnc.com\/web\/#website","url":"https:\/\/www.electronicajnc.com\/web\/","name":"Electronica JNC","description":"Robotica Tecnologia Mecatronica en Ecuador","publisher":{"@id":"https:\/\/www.electronicajnc.com\/web\/#organization"},"potentialAction":[{"@type":"SearchAction","target":{"@type":"EntryPoint","urlTemplate":"https:\/\/www.electronicajnc.com\/web\/?s={search_term_string}"},"query-input":{"@type":"PropertyValueSpecification","valueRequired":true,"valueName":"search_term_string"}}],"inLanguage":"es"},{"@type":"Organization","@id":"https:\/\/www.electronicajnc.com\/web\/#organization","name":"Electronica JNC","url":"https:\/\/www.electronicajnc.com\/web\/","logo":{"@type":"ImageObject","inLanguage":"es","@id":"https:\/\/www.electronicajnc.com\/web\/#\/schema\/logo\/image\/","url":"https:\/\/www.electronicajnc.com\/web\/wp-content\/uploads\/2023\/06\/nuevo-logo.jpg","contentUrl":"https:\/\/www.electronicajnc.com\/web\/wp-content\/uploads\/2023\/06\/nuevo-logo.jpg","width":1256,"height":612,"caption":"Electronica JNC"},"image":{"@id":"https:\/\/www.electronicajnc.com\/web\/#\/schema\/logo\/image\/"}}]}},"_links":{"self":[{"href":"https:\/\/www.electronicajnc.com\/web\/wp-json\/wp\/v2\/product\/499","targetHints":{"allow":["GET"]}}],"collection":[{"href":"https:\/\/www.electronicajnc.com\/web\/wp-json\/wp\/v2\/product"}],"about":[{"href":"https:\/\/www.electronicajnc.com\/web\/wp-json\/wp\/v2\/types\/product"}],"replies":[{"embeddable":true,"href":"https:\/\/www.electronicajnc.com\/web\/wp-json\/wp\/v2\/comments?post=499"}],"wp:featuredmedia":[{"embeddable":true,"href":"https:\/\/www.electronicajnc.com\/web\/wp-json\/wp\/v2\/media\/500"}],"wp:attachment":[{"href":"https:\/\/www.electronicajnc.com\/web\/wp-json\/wp\/v2\/media?parent=499"}],"wp:term":[{"taxonomy":"product_brand","embeddable":true,"href":"https:\/\/www.electronicajnc.com\/web\/wp-json\/wp\/v2\/product_brand?post=499"},{"taxonomy":"product_cat","embeddable":true,"href":"https:\/\/www.electronicajnc.com\/web\/wp-json\/wp\/v2\/product_cat?post=499"},{"taxonomy":"product_tag","embeddable":true,"href":"https:\/\/www.electronicajnc.com\/web\/wp-json\/wp\/v2\/product_tag?post=499"}],"curies":[{"name":"wp","href":"https:\/\/api.w.org\/{rel}","templated":true}]}}