{"id":506,"date":"2023-04-17T19:22:59","date_gmt":"2023-04-17T19:22:59","guid":{"rendered":"https:\/\/www.electronicajnc.com\/web\/?post_type=product&#038;p=506"},"modified":"2025-02-06T23:03:00","modified_gmt":"2025-02-06T23:03:00","slug":"modulo-matriz-led-8x8-max7219","status":"publish","type":"product","link":"https:\/\/www.electronicajnc.com\/web\/producto\/modulo-matriz-led-8x8-max7219\/","title":{"rendered":"M\u00f3dulo Matriz LED 8\u00d78 Max7219"},"content":{"rendered":"<p class=\"product_title entry-title\">M\u00f3dulo Matriz LED 8\u00d78, Max7219<\/p>\n<p class=\"product_title entry-title\">Este m\u00f3dulo integra una matriz de leds de 8\u00d78 y un chip MAX7219, lo que permite trabajar r\u00e1pidamente con matrices led y utilizando solo 4 cables para la comunicaci\u00f3n. Estos m\u00f3dulos se pueden conectar en cascada utilizando un solo bus SPI y mostrar textos o gr\u00e1ficos m\u00e1s grandes.<\/p>\n<p><img fetchpriority=\"high\" decoding=\"async\" class=\"aligncenter\" src=\"https:\/\/hetpro-store.com\/TUTORIALES\/wp-content\/uploads\/2018\/05\/diagrama-de-conexi%C3%B3n.jpg\" alt=\"Matriz LED con integrado MAX7219 - HeTPro-Tutoriales\" width=\"737\" height=\"335\" \/><\/p>\n<p>El chip\u00a0 MAX7219 es magn\u00edfico pues permite controlar 64 leds de forma independiente (o 8 d\u00edgitos de 7-segmentos), incluye un decoder BCD, posee una memoria RAM est\u00e1tica interna de 8\u00d78. Permite el control del brillo de forma digital y anal\u00f3gica. Solo necesita una resistencia externa para su funcionamiento. Se maneja tan s\u00f3lo con 3 pines y es compatible con SPI, QSPI, y MICROWIRE.<\/p>\n<p data-spm-anchor-id=\"a2g0o.detail.1000023.i2.75931e1eUzhgtc\"><strong data-spm-anchor-id=\"a2g0o.detail.1000023.i4.75931e1eUzhgtc\">El MAX7219 es un controlador de pantalla de c\u00e1todo com\u00fan de entrada\/salida serial integrado, est\u00e1 conectado a un microprocesador con pantalla LED digital de 8 d\u00edgitos y 7 segmentos. Tambi\u00e9n se puede conectar a la pantalla del gr\u00e1fico de barras o 64 LED separados. En el codificador BCD B que incluye una unidad de palabras en bucle de escaneo multicanal en chip, pero tambi\u00e9n se utiliza una RAM est\u00e1tica de 8&#215;8 para almacenar cada datos. Solo se utiliza un registro externo para configurar la corriente de cada segmento LED.<\/strong><\/p>\n<p>Este m\u00f3dulo integra una matriz de leds de 8\u00d78 y un chip MAX7219, lo que permite trabajar r\u00e1pidamente con matrices led y utilizando solo 4 cables para la comunicaci\u00f3n. Estos m\u00f3dulos se pueden conectar en cascada utilizando un solo bus SPI y mostrar textos o gr\u00e1ficos m\u00e1s grandes.<\/p>\n<h1 class=\"product_title entry-title\">M\u00f3dulo Matriz LED 8\u00d78, Max7219<\/h1>\n<p><strong>Caracter\u00edsticas:<\/strong><\/p>\n<ul>\n<li>Matriz de LED 8X8 controlado con el chip MAX7219.<\/li>\n<li>Led 3mm color rojo.<\/li>\n<li>Comunicaci\u00f3n SPI.<\/li>\n<li>Incluye cables de conexi\u00f3n.<\/li>\n<li>voltaje: 4.7 \u2013 5.3V DC.<\/li>\n<li>Interfaces para gestionar m\u00faltiples m\u00f3dulos en cascada.<\/li>\n<li>Dimensiones de matriz : 32mm x 32mm x 8mm.<\/li>\n<li>Dimensiones de PCB : 32mm x 50mm.<\/li>\n<\/ul>\n<div align=\"justify\">\n<h4><strong>\u00bfD\u00f3nde conseguir ?<\/strong><\/h4>\n<p>Puedes conseguir este producto y mucho mas en nuestra tienda de electr\u00f3nica \u201cElectronic JNC\u201d a un excelente precio, de igual manera puedes preguntar por otros productos que tenemos para ti y as\u00ed adquirirlos seg\u00fan tu necesidad para\u00a0 tus proyectos.<\/p>\n<\/div>\n<div class=\"ui-box-body\">\n<div>\u00a1No te quedes sin el tuyo!<\/div>\n<div><\/div>\n<\/div>\n<div>\n<p>Puede retirar sus pedidos en nuestra\u00a0<a href=\"https:\/\/www.electronicajnc.com\/web\/contactos\" target=\"_blank\" rel=\"noopener\">TIENDA F\u00cdSICA<\/a>\u00a0o realizar sus pedidos\u00a0<a href=\"https:\/\/www.electronicajnc.com\/web\/mi-cuenta\" target=\"_blank\" rel=\"noopener\">ONLINE<\/a>\u00a0o por\u00a0<a href=\"https:\/\/api.whatsapp.com\/send?phone=593958753126\" target=\"_blank\" rel=\"noopener\">WHATSAPP<\/a>.<\/p>\n<\/div>\n","protected":false},"excerpt":{"rendered":"<p>Este m\u00f3dulo integra una matriz de leds de 8\u00d78 y un chip MAX7219, lo que permite trabajar r\u00e1pidamente con matrices led y utilizando solo 4 cables para la comunicaci\u00f3n<\/p>\n","protected":false},"featured_media":507,"comment_status":"closed","ping_status":"closed","template":"","meta":{"saved_in_kubio":false,"_joinchat":[]},"product_brand":[],"product_cat":[21],"product_tag":[254,256,258,259,252,255,257,253],"class_list":{"0":"post-506","1":"product","2":"type-product","3":"status-publish","4":"has-post-thumbnail","6":"product_cat-modulos_sensores","7":"product_tag-arduino-pic-avr","8":"product_tag-max7219-modulo-matriz-led-arduino","9":"product_tag-modulo-matriz-de-leds-8x8-5v-modulo-matriz-de-leds-8x8-5v-modulo-matriz-de-leds-8x8-5v-modulo-matriz-de-leds-8x8","10":"product_tag-modulo-matriz-de-leds-8x8-max7219-lcd-para-arduino","11":"product_tag-modulo-matriz-led","12":"product_tag-modulo-matriz-led-8x8","13":"product_tag-modulo-matriz-led-8x8-max7219","14":"product_tag-modulo-matriz-leds-8x8-max7219","16":"first","17":"instock","18":"taxable","19":"shipping-taxable","20":"purchasable","21":"product-type-simple"},"yoast_head":"<!-- This site is optimized with the Yoast SEO plugin v27.5 - https:\/\/yoast.com\/product\/yoast-seo-wordpress\/ -->\n<title>M\u00f3dulo Matriz LED 8\u00d78 Max7219 - Electronica JNC<\/title>\n<meta name=\"description\" content=\"M\u00f3dulo Matriz LED 8\u00d78, Max7219 integra leds de 8\u00d78 y un chip MAX7219, que trabaja con matrices led y utilizando solo 4 cables para la comunicaci\u00f3n.\" \/>\n<meta name=\"robots\" content=\"index, follow, max-snippet:-1, max-image-preview:large, max-video-preview:-1\" \/>\n<link rel=\"canonical\" href=\"https:\/\/www.electronicajnc.com\/web\/producto\/modulo-matriz-led-8x8-max7219\/\" \/>\n<meta property=\"og:locale\" content=\"es_ES\" \/>\n<meta property=\"og:type\" content=\"article\" \/>\n<meta property=\"og:title\" content=\"M\u00f3dulo Matriz LED 8\u00d78 Max7219 - Electronica JNC\" \/>\n<meta property=\"og:description\" content=\"M\u00f3dulo Matriz LED 8\u00d78, Max7219 integra leds de 8\u00d78 y un chip MAX7219, que trabaja con matrices led y utilizando solo 4 cables para la comunicaci\u00f3n.\" \/>\n<meta property=\"og:url\" content=\"https:\/\/www.electronicajnc.com\/web\/producto\/modulo-matriz-led-8x8-max7219\/\" \/>\n<meta property=\"og:site_name\" content=\"Electronica JNC\" \/>\n<meta property=\"article:modified_time\" content=\"2025-02-06T23:03:00+00:00\" \/>\n<meta property=\"og:image\" content=\"https:\/\/www.electronicajnc.com\/web\/wp-content\/uploads\/2023\/04\/MODULO-MATRIZ-0.jpg\" \/>\n\t<meta property=\"og:image:width\" content=\"1000\" \/>\n\t<meta property=\"og:image:height\" content=\"1000\" \/>\n\t<meta property=\"og:image:type\" content=\"image\/jpeg\" \/>\n<meta name=\"twitter:card\" content=\"summary_large_image\" \/>\n<meta name=\"twitter:label1\" content=\"Tiempo de lectura\" \/>\n\t<meta name=\"twitter:data1\" content=\"2 minutos\" \/>\n<script type=\"application\/ld+json\" class=\"yoast-schema-graph\">{\"@context\":\"https:\\\/\\\/schema.org\",\"@graph\":[{\"@type\":\"WebPage\",\"@id\":\"https:\\\/\\\/www.electronicajnc.com\\\/web\\\/producto\\\/modulo-matriz-led-8x8-max7219\\\/\",\"url\":\"https:\\\/\\\/www.electronicajnc.com\\\/web\\\/producto\\\/modulo-matriz-led-8x8-max7219\\\/\",\"name\":\"M\u00f3dulo Matriz LED 8\u00d78 Max7219 - Electronica JNC\",\"isPartOf\":{\"@id\":\"https:\\\/\\\/www.electronicajnc.com\\\/web\\\/#website\"},\"primaryImageOfPage\":{\"@id\":\"https:\\\/\\\/www.electronicajnc.com\\\/web\\\/producto\\\/modulo-matriz-led-8x8-max7219\\\/#primaryimage\"},\"image\":{\"@id\":\"https:\\\/\\\/www.electronicajnc.com\\\/web\\\/producto\\\/modulo-matriz-led-8x8-max7219\\\/#primaryimage\"},\"thumbnailUrl\":\"https:\\\/\\\/www.electronicajnc.com\\\/web\\\/wp-content\\\/uploads\\\/2023\\\/04\\\/MODULO-MATRIZ-0.jpg\",\"datePublished\":\"2023-04-17T19:22:59+00:00\",\"dateModified\":\"2025-02-06T23:03:00+00:00\",\"description\":\"M\u00f3dulo Matriz LED 8\u00d78, Max7219 integra leds de 8\u00d78 y un chip MAX7219, que trabaja con matrices led y utilizando solo 4 cables para la comunicaci\u00f3n.\",\"breadcrumb\":{\"@id\":\"https:\\\/\\\/www.electronicajnc.com\\\/web\\\/producto\\\/modulo-matriz-led-8x8-max7219\\\/#breadcrumb\"},\"inLanguage\":\"es\",\"potentialAction\":[{\"@type\":\"ReadAction\",\"target\":[\"https:\\\/\\\/www.electronicajnc.com\\\/web\\\/producto\\\/modulo-matriz-led-8x8-max7219\\\/\"]}]},{\"@type\":\"ImageObject\",\"inLanguage\":\"es\",\"@id\":\"https:\\\/\\\/www.electronicajnc.com\\\/web\\\/producto\\\/modulo-matriz-led-8x8-max7219\\\/#primaryimage\",\"url\":\"https:\\\/\\\/www.electronicajnc.com\\\/web\\\/wp-content\\\/uploads\\\/2023\\\/04\\\/MODULO-MATRIZ-0.jpg\",\"contentUrl\":\"https:\\\/\\\/www.electronicajnc.com\\\/web\\\/wp-content\\\/uploads\\\/2023\\\/04\\\/MODULO-MATRIZ-0.jpg\",\"width\":1000,\"height\":1000,\"caption\":\"M\u00f3dulo Matriz Leds 8\u00d78 Max7219\"},{\"@type\":\"BreadcrumbList\",\"@id\":\"https:\\\/\\\/www.electronicajnc.com\\\/web\\\/producto\\\/modulo-matriz-led-8x8-max7219\\\/#breadcrumb\",\"itemListElement\":[{\"@type\":\"ListItem\",\"position\":1,\"name\":\"Portada\",\"item\":\"https:\\\/\\\/www.electronicajnc.com\\\/web\\\/\"},{\"@type\":\"ListItem\",\"position\":2,\"name\":\"TIENDA\",\"item\":\"https:\\\/\\\/www.electronicajnc.com\\\/web\\\/tienda\\\/\"},{\"@type\":\"ListItem\",\"position\":3,\"name\":\"M\u00f3dulo Matriz LED 8\u00d78 Max7219\"}]},{\"@type\":\"WebSite\",\"@id\":\"https:\\\/\\\/www.electronicajnc.com\\\/web\\\/#website\",\"url\":\"https:\\\/\\\/www.electronicajnc.com\\\/web\\\/\",\"name\":\"Electronica JNC\",\"description\":\"Robotica Tecnologia Mecatronica en Ecuador\",\"publisher\":{\"@id\":\"https:\\\/\\\/www.electronicajnc.com\\\/web\\\/#organization\"},\"potentialAction\":[{\"@type\":\"SearchAction\",\"target\":{\"@type\":\"EntryPoint\",\"urlTemplate\":\"https:\\\/\\\/www.electronicajnc.com\\\/web\\\/?s={search_term_string}\"},\"query-input\":{\"@type\":\"PropertyValueSpecification\",\"valueRequired\":true,\"valueName\":\"search_term_string\"}}],\"inLanguage\":\"es\"},{\"@type\":\"Organization\",\"@id\":\"https:\\\/\\\/www.electronicajnc.com\\\/web\\\/#organization\",\"name\":\"Electronica JNC\",\"url\":\"https:\\\/\\\/www.electronicajnc.com\\\/web\\\/\",\"logo\":{\"@type\":\"ImageObject\",\"inLanguage\":\"es\",\"@id\":\"https:\\\/\\\/www.electronicajnc.com\\\/web\\\/#\\\/schema\\\/logo\\\/image\\\/\",\"url\":\"https:\\\/\\\/www.electronicajnc.com\\\/web\\\/wp-content\\\/uploads\\\/2023\\\/06\\\/nuevo-logo.jpg\",\"contentUrl\":\"https:\\\/\\\/www.electronicajnc.com\\\/web\\\/wp-content\\\/uploads\\\/2023\\\/06\\\/nuevo-logo.jpg\",\"width\":1256,\"height\":612,\"caption\":\"Electronica JNC\"},\"image\":{\"@id\":\"https:\\\/\\\/www.electronicajnc.com\\\/web\\\/#\\\/schema\\\/logo\\\/image\\\/\"}}]}<\/script>\n<!-- \/ Yoast SEO plugin. -->","yoast_head_json":{"title":"M\u00f3dulo Matriz LED 8\u00d78 Max7219 - Electronica JNC","description":"M\u00f3dulo Matriz LED 8\u00d78, Max7219 integra leds de 8\u00d78 y un chip MAX7219, que trabaja con matrices led y utilizando solo 4 cables para la comunicaci\u00f3n.","robots":{"index":"index","follow":"follow","max-snippet":"max-snippet:-1","max-image-preview":"max-image-preview:large","max-video-preview":"max-video-preview:-1"},"canonical":"https:\/\/www.electronicajnc.com\/web\/producto\/modulo-matriz-led-8x8-max7219\/","og_locale":"es_ES","og_type":"article","og_title":"M\u00f3dulo Matriz LED 8\u00d78 Max7219 - Electronica JNC","og_description":"M\u00f3dulo Matriz LED 8\u00d78, Max7219 integra leds de 8\u00d78 y un chip MAX7219, que trabaja con matrices led y utilizando solo 4 cables para la comunicaci\u00f3n.","og_url":"https:\/\/www.electronicajnc.com\/web\/producto\/modulo-matriz-led-8x8-max7219\/","og_site_name":"Electronica JNC","article_modified_time":"2025-02-06T23:03:00+00:00","og_image":[{"width":1000,"height":1000,"url":"https:\/\/www.electronicajnc.com\/web\/wp-content\/uploads\/2023\/04\/MODULO-MATRIZ-0.jpg","type":"image\/jpeg"}],"twitter_card":"summary_large_image","twitter_misc":{"Tiempo de lectura":"2 minutos"},"schema":{"@context":"https:\/\/schema.org","@graph":[{"@type":"WebPage","@id":"https:\/\/www.electronicajnc.com\/web\/producto\/modulo-matriz-led-8x8-max7219\/","url":"https:\/\/www.electronicajnc.com\/web\/producto\/modulo-matriz-led-8x8-max7219\/","name":"M\u00f3dulo Matriz LED 8\u00d78 Max7219 - Electronica JNC","isPartOf":{"@id":"https:\/\/www.electronicajnc.com\/web\/#website"},"primaryImageOfPage":{"@id":"https:\/\/www.electronicajnc.com\/web\/producto\/modulo-matriz-led-8x8-max7219\/#primaryimage"},"image":{"@id":"https:\/\/www.electronicajnc.com\/web\/producto\/modulo-matriz-led-8x8-max7219\/#primaryimage"},"thumbnailUrl":"https:\/\/www.electronicajnc.com\/web\/wp-content\/uploads\/2023\/04\/MODULO-MATRIZ-0.jpg","datePublished":"2023-04-17T19:22:59+00:00","dateModified":"2025-02-06T23:03:00+00:00","description":"M\u00f3dulo Matriz LED 8\u00d78, Max7219 integra leds de 8\u00d78 y un chip MAX7219, que trabaja con matrices led y utilizando solo 4 cables para la comunicaci\u00f3n.","breadcrumb":{"@id":"https:\/\/www.electronicajnc.com\/web\/producto\/modulo-matriz-led-8x8-max7219\/#breadcrumb"},"inLanguage":"es","potentialAction":[{"@type":"ReadAction","target":["https:\/\/www.electronicajnc.com\/web\/producto\/modulo-matriz-led-8x8-max7219\/"]}]},{"@type":"ImageObject","inLanguage":"es","@id":"https:\/\/www.electronicajnc.com\/web\/producto\/modulo-matriz-led-8x8-max7219\/#primaryimage","url":"https:\/\/www.electronicajnc.com\/web\/wp-content\/uploads\/2023\/04\/MODULO-MATRIZ-0.jpg","contentUrl":"https:\/\/www.electronicajnc.com\/web\/wp-content\/uploads\/2023\/04\/MODULO-MATRIZ-0.jpg","width":1000,"height":1000,"caption":"M\u00f3dulo Matriz Leds 8\u00d78 Max7219"},{"@type":"BreadcrumbList","@id":"https:\/\/www.electronicajnc.com\/web\/producto\/modulo-matriz-led-8x8-max7219\/#breadcrumb","itemListElement":[{"@type":"ListItem","position":1,"name":"Portada","item":"https:\/\/www.electronicajnc.com\/web\/"},{"@type":"ListItem","position":2,"name":"TIENDA","item":"https:\/\/www.electronicajnc.com\/web\/tienda\/"},{"@type":"ListItem","position":3,"name":"M\u00f3dulo Matriz LED 8\u00d78 Max7219"}]},{"@type":"WebSite","@id":"https:\/\/www.electronicajnc.com\/web\/#website","url":"https:\/\/www.electronicajnc.com\/web\/","name":"Electronica JNC","description":"Robotica Tecnologia Mecatronica en Ecuador","publisher":{"@id":"https:\/\/www.electronicajnc.com\/web\/#organization"},"potentialAction":[{"@type":"SearchAction","target":{"@type":"EntryPoint","urlTemplate":"https:\/\/www.electronicajnc.com\/web\/?s={search_term_string}"},"query-input":{"@type":"PropertyValueSpecification","valueRequired":true,"valueName":"search_term_string"}}],"inLanguage":"es"},{"@type":"Organization","@id":"https:\/\/www.electronicajnc.com\/web\/#organization","name":"Electronica JNC","url":"https:\/\/www.electronicajnc.com\/web\/","logo":{"@type":"ImageObject","inLanguage":"es","@id":"https:\/\/www.electronicajnc.com\/web\/#\/schema\/logo\/image\/","url":"https:\/\/www.electronicajnc.com\/web\/wp-content\/uploads\/2023\/06\/nuevo-logo.jpg","contentUrl":"https:\/\/www.electronicajnc.com\/web\/wp-content\/uploads\/2023\/06\/nuevo-logo.jpg","width":1256,"height":612,"caption":"Electronica JNC"},"image":{"@id":"https:\/\/www.electronicajnc.com\/web\/#\/schema\/logo\/image\/"}}]}},"_links":{"self":[{"href":"https:\/\/www.electronicajnc.com\/web\/wp-json\/wp\/v2\/product\/506","targetHints":{"allow":["GET"]}}],"collection":[{"href":"https:\/\/www.electronicajnc.com\/web\/wp-json\/wp\/v2\/product"}],"about":[{"href":"https:\/\/www.electronicajnc.com\/web\/wp-json\/wp\/v2\/types\/product"}],"replies":[{"embeddable":true,"href":"https:\/\/www.electronicajnc.com\/web\/wp-json\/wp\/v2\/comments?post=506"}],"wp:featuredmedia":[{"embeddable":true,"href":"https:\/\/www.electronicajnc.com\/web\/wp-json\/wp\/v2\/media\/507"}],"wp:attachment":[{"href":"https:\/\/www.electronicajnc.com\/web\/wp-json\/wp\/v2\/media?parent=506"}],"wp:term":[{"taxonomy":"product_brand","embeddable":true,"href":"https:\/\/www.electronicajnc.com\/web\/wp-json\/wp\/v2\/product_brand?post=506"},{"taxonomy":"product_cat","embeddable":true,"href":"https:\/\/www.electronicajnc.com\/web\/wp-json\/wp\/v2\/product_cat?post=506"},{"taxonomy":"product_tag","embeddable":true,"href":"https:\/\/www.electronicajnc.com\/web\/wp-json\/wp\/v2\/product_tag?post=506"}],"curies":[{"name":"wp","href":"https:\/\/api.w.org\/{rel}","templated":true}]}}