{"id":542,"date":"2023-04-18T19:55:41","date_gmt":"2023-04-18T19:55:41","guid":{"rendered":"https:\/\/www.electronicajnc.com\/web\/?post_type=product&#038;p=542"},"modified":"2024-03-18T03:41:24","modified_gmt":"2024-03-18T03:41:24","slug":"modulo-bluetooth-hc-05-maestro-esclavo","status":"publish","type":"product","link":"https:\/\/www.electronicajnc.com\/web\/producto\/modulo-bluetooth-hc-05-maestro-esclavo\/","title":{"rendered":"M\u00f3dulo Bluetooth HC-05 Maestro Esclavo"},"content":{"rendered":"<p class=\"product_title entry-title\">M\u00f3dulo Bluetooth HC-05 Maestro Esclavo consta de 6 pines, puede actuar como maestro o como esclavo y acepta un mayor n\u00famero de \u00f3rdenes de configuraci\u00f3n. Esta configurado de f\u00e1brica para trabajar como\u00a0<strong>Esclavo,<\/strong>\u00a0es decir, preparado para recibir peticiones de conexi\u00f3n, pero podemos configurarlo para trabajar con\u00a0<strong>Maestro<\/strong>\u00a0utilizando comandos AT, en este estado puede conectarse con otros m\u00f3dulos Bluetooth.<\/p>\n<p><img fetchpriority=\"high\" decoding=\"async\" class=\"aligncenter\" src=\"https:\/\/www.prometec.net\/wp-content\/uploads\/2014\/12\/Sesio-71_bb__2.jpg\" alt=\"El m\u00f3dulo BlueTooth HC-05 | Tienda y Tutoriales Arduino\" width=\"515\" height=\"271\" \/><\/p>\n<p>El m\u00f3dulo bluetooth HC-05 consta de 6 pines, puede actuar como maestro o como esclavo y acepta un mayor n\u00famero de \u00f3rdenes de configuraci\u00f3n.<\/p>\n<p>En el modo maestro puede conectarse con otros m\u00f3dulos bluetooth, mientras que en el modo esclavo queda a la escucha de peticiones de conexi\u00f3n. Es un m\u00f3dulo sencillo e \u00a0ideal para peque\u00f1os proyectos en los que buscas una comunicaci\u00f3n f\u00e1cil entre un celular y Arduino as\u00ed como otros microcontroladores.<\/p>\n<p>Permite una conexi\u00f3n sencilla y sin problemas mediante comandos AT a trav\u00e9s de un puerto serie.\u00a0El modulo BlueTooth HC-05 utiliza el protocolo UART RS 232 serial. Es ideal para aplicaciones inal\u00e1mbricas, f\u00e1cil de implementar con PC, microcontrolador o m\u00f3dulos Arduinos.<\/p>\n<h1 class=\"product_title entry-title\">M\u00f3dulo Bluetooth HC-05 Maestro Esclavo<\/h1>\n<h3><strong>ESPECIFICACIONES Y CARACTER\u00cdSTICAS<\/strong><\/h3>\n<ul>\n<li>Modelo: HC-05<\/li>\n<li>Voltaje de Operaci\u00f3n: 3.6 VDC a 6 VDC<\/li>\n<li>Consumo Corriente: 30 mA a 50mA<\/li>\n<li>Configuraci\u00f3n: Comandos AT<\/li>\n<li>Protocolo Bluetooth: Bluetooth Especificaci\u00f3n v2.0+EDR<\/li>\n<li>Chip: BC417143<\/li>\n<li>Versi\u00f3n o firmware: 3.0-20170609<\/li>\n<li>Baudios por defecto: 38400<\/li>\n<li>Baudios soportados: 1200, 2400, 4800, 9600, 19200, 38400, 57600, 115200.<\/li>\n<li>Interface: Serial TTL<\/li>\n<li>Frecuencia de banda: ISM 2.4GHz<\/li>\n<li>Modulaci\u00f3n: GFSK<\/li>\n<li>Potencia de transmisi\u00f3n: 4dBm, Clase 2<\/li>\n<li>Sensibilidad: -84dBm a 0.1% BER<\/li>\n<li>Velocidad as\u00edncrona: 2.1Mbps (Max) \/160 kbps<\/li>\n<li>Velocidad s\u00edncrona: 1Mbps\/1Mbps<\/li>\n<li>Seguridad: Autenticaci\u00f3n y encriptaci\u00f3n (Contrase\u00f1a por defecto: 0000 o 1234)<\/li>\n<li>Temperatura de trabajo (Max): -20\u00b0C a 75\u00b0C<\/li>\n<li>Dimensiones: 4.4 x 1.6 x 0.7 cm<\/li>\n<\/ul>\n<p><strong>\u00bfD\u00f3nde conseguir ?<\/strong><\/p>\n<p>Puedes conseguir este producto y mucho mas en nuestra tienda de electr\u00f3nica \u201cElectronica JNC\u201d a un excelente precio, de igual manera puedes preguntar por otros productos que tenemos para ti y as\u00ed adquirirlos seg\u00fan tu necesidad para\u00a0 tus proyectos.<\/p>\n<p>Puede retirar sus pedidos en nuestra\u00a0<a href=\"https:\/\/www.electronicajnc.com\/web\/contactos\" target=\"_blank\" rel=\"noopener\">TIENDA F\u00cdSICA<\/a>\u00a0o realizar sus pedidos\u00a0<a href=\"https:\/\/www.electronicajnc.com\/web\/mi-cuenta\" target=\"_blank\" rel=\"noopener\">ONLINE<\/a>\u00a0o por\u00a0<a href=\"https:\/\/api.whatsapp.com\/send?phone=593958753126\" target=\"_blank\" rel=\"noopener\">WHATSAPP<\/a>.<\/p>\n","protected":false},"excerpt":{"rendered":"<p>Es un m\u00f3dulo sencillo e \u00a0ideal para peque\u00f1os proyectos en los que buscas una comunicaci\u00f3n f\u00e1cil entre un celular y Arduino\u00a0 as\u00ed como otros microcontroladores.<\/p>\n","protected":false},"featured_media":543,"comment_status":"closed","ping_status":"closed","template":"","meta":{"saved_in_kubio":false,"_joinchat":[]},"product_brand":[],"product_cat":[21],"product_tag":[307,300,299,302,301,304,303,308,298,305,306,227],"class_list":{"0":"post-542","1":"product","2":"type-product","3":"status-publish","4":"has-post-thumbnail","6":"product_cat-modulos_sensores","7":"product_tag-atmel","8":"product_tag-bluetooth-hc-05-maestro-esclavo-6-pines","9":"product_tag-bluetooth-hc-06","10":"product_tag-bluetooth-hc05-4-terminales-con-pulsador-de-vinculacion","11":"product_tag-hc05-bluetooth-transceiver-module","12":"product_tag-hc06-modulo-bluetooth-esclavo","13":"product_tag-modulo-bluetooth-hc-05","14":"product_tag-modulo-bluetooth-hc-05-3-6v-50ma-modulo-bluetooth-hc-05-3-6v-50ma-modulo-bluetooth-hc-05-3-6v-50ma-modulo-bluetooth-hc-05-3-6v-50ma","15":"product_tag-modulo-bluetooth-hc-05-maestro-esclavo","16":"product_tag-modulo-bluetooth-hc-05-para-arduino","17":"product_tag-pc","18":"product_tag-pic","20":"first","21":"instock","22":"taxable","23":"shipping-taxable","24":"purchasable","25":"product-type-simple"},"yoast_head":"<!-- This site is optimized with the Yoast SEO plugin v27.4 - https:\/\/yoast.com\/product\/yoast-seo-wordpress\/ -->\n<title>M\u00f3dulo Bluetooth HC-05 Maestro Esclavo - Electronica JNC<\/title>\n<meta name=\"description\" content=\"M\u00f3dulo Bluetooth HC-05 Maestro Esclavo que permite una comunicaci\u00f3n f\u00e1cil entre tu m\u00f3vil y Arduino de f\u00e1cil uso se configura como maestro o como esclavo.\" \/>\n<meta name=\"robots\" content=\"index, follow, max-snippet:-1, max-image-preview:large, max-video-preview:-1\" \/>\n<link rel=\"canonical\" href=\"https:\/\/www.electronicajnc.com\/web\/producto\/modulo-bluetooth-hc-05-maestro-esclavo\/\" \/>\n<meta property=\"og:locale\" content=\"es_ES\" \/>\n<meta property=\"og:type\" content=\"article\" \/>\n<meta property=\"og:title\" content=\"M\u00f3dulo Bluetooth HC-05 Maestro Esclavo - Electronica JNC\" \/>\n<meta property=\"og:description\" content=\"M\u00f3dulo Bluetooth HC-05 Maestro Esclavo que permite una comunicaci\u00f3n f\u00e1cil entre tu m\u00f3vil y Arduino de f\u00e1cil uso se configura como maestro o como esclavo.\" \/>\n<meta property=\"og:url\" content=\"https:\/\/www.electronicajnc.com\/web\/producto\/modulo-bluetooth-hc-05-maestro-esclavo\/\" \/>\n<meta property=\"og:site_name\" content=\"Electronica JNC\" \/>\n<meta property=\"article:modified_time\" content=\"2024-03-18T03:41:24+00:00\" \/>\n<meta property=\"og:image\" content=\"https:\/\/www.electronicajnc.com\/web\/wp-content\/uploads\/2023\/04\/HC05.jpg\" \/>\n\t<meta property=\"og:image:width\" content=\"1106\" \/>\n\t<meta property=\"og:image:height\" content=\"1000\" \/>\n\t<meta property=\"og:image:type\" content=\"image\/jpeg\" \/>\n<meta name=\"twitter:card\" content=\"summary_large_image\" \/>\n<meta name=\"twitter:label1\" content=\"Tiempo de lectura\" \/>\n\t<meta name=\"twitter:data1\" content=\"2 minutos\" \/>\n<script type=\"application\/ld+json\" class=\"yoast-schema-graph\">{\"@context\":\"https:\\\/\\\/schema.org\",\"@graph\":[{\"@type\":\"WebPage\",\"@id\":\"https:\\\/\\\/www.electronicajnc.com\\\/web\\\/producto\\\/modulo-bluetooth-hc-05-maestro-esclavo\\\/\",\"url\":\"https:\\\/\\\/www.electronicajnc.com\\\/web\\\/producto\\\/modulo-bluetooth-hc-05-maestro-esclavo\\\/\",\"name\":\"M\u00f3dulo Bluetooth HC-05 Maestro Esclavo - Electronica JNC\",\"isPartOf\":{\"@id\":\"https:\\\/\\\/www.electronicajnc.com\\\/web\\\/#website\"},\"primaryImageOfPage\":{\"@id\":\"https:\\\/\\\/www.electronicajnc.com\\\/web\\\/producto\\\/modulo-bluetooth-hc-05-maestro-esclavo\\\/#primaryimage\"},\"image\":{\"@id\":\"https:\\\/\\\/www.electronicajnc.com\\\/web\\\/producto\\\/modulo-bluetooth-hc-05-maestro-esclavo\\\/#primaryimage\"},\"thumbnailUrl\":\"https:\\\/\\\/www.electronicajnc.com\\\/web\\\/wp-content\\\/uploads\\\/2023\\\/04\\\/HC05.jpg\",\"datePublished\":\"2023-04-18T19:55:41+00:00\",\"dateModified\":\"2024-03-18T03:41:24+00:00\",\"description\":\"M\u00f3dulo Bluetooth HC-05 Maestro Esclavo que permite una comunicaci\u00f3n f\u00e1cil entre tu m\u00f3vil y Arduino de f\u00e1cil uso se configura como maestro o como esclavo.\",\"breadcrumb\":{\"@id\":\"https:\\\/\\\/www.electronicajnc.com\\\/web\\\/producto\\\/modulo-bluetooth-hc-05-maestro-esclavo\\\/#breadcrumb\"},\"inLanguage\":\"es\",\"potentialAction\":[{\"@type\":\"ReadAction\",\"target\":[\"https:\\\/\\\/www.electronicajnc.com\\\/web\\\/producto\\\/modulo-bluetooth-hc-05-maestro-esclavo\\\/\"]}]},{\"@type\":\"ImageObject\",\"inLanguage\":\"es\",\"@id\":\"https:\\\/\\\/www.electronicajnc.com\\\/web\\\/producto\\\/modulo-bluetooth-hc-05-maestro-esclavo\\\/#primaryimage\",\"url\":\"https:\\\/\\\/www.electronicajnc.com\\\/web\\\/wp-content\\\/uploads\\\/2023\\\/04\\\/HC05.jpg\",\"contentUrl\":\"https:\\\/\\\/www.electronicajnc.com\\\/web\\\/wp-content\\\/uploads\\\/2023\\\/04\\\/HC05.jpg\",\"width\":1106,\"height\":1000,\"caption\":\"M\u00f3dulo Bluetooth HC-05 Maestro Esclavo\"},{\"@type\":\"BreadcrumbList\",\"@id\":\"https:\\\/\\\/www.electronicajnc.com\\\/web\\\/producto\\\/modulo-bluetooth-hc-05-maestro-esclavo\\\/#breadcrumb\",\"itemListElement\":[{\"@type\":\"ListItem\",\"position\":1,\"name\":\"Portada\",\"item\":\"https:\\\/\\\/www.electronicajnc.com\\\/web\\\/\"},{\"@type\":\"ListItem\",\"position\":2,\"name\":\"TIENDA\",\"item\":\"https:\\\/\\\/www.electronicajnc.com\\\/web\\\/tienda\\\/\"},{\"@type\":\"ListItem\",\"position\":3,\"name\":\"M\u00f3dulo Bluetooth HC-05 Maestro Esclavo\"}]},{\"@type\":\"WebSite\",\"@id\":\"https:\\\/\\\/www.electronicajnc.com\\\/web\\\/#website\",\"url\":\"https:\\\/\\\/www.electronicajnc.com\\\/web\\\/\",\"name\":\"Electronica JNC\",\"description\":\"Robotica Tecnologia Mecatronica en Ecuador\",\"publisher\":{\"@id\":\"https:\\\/\\\/www.electronicajnc.com\\\/web\\\/#organization\"},\"potentialAction\":[{\"@type\":\"SearchAction\",\"target\":{\"@type\":\"EntryPoint\",\"urlTemplate\":\"https:\\\/\\\/www.electronicajnc.com\\\/web\\\/?s={search_term_string}\"},\"query-input\":{\"@type\":\"PropertyValueSpecification\",\"valueRequired\":true,\"valueName\":\"search_term_string\"}}],\"inLanguage\":\"es\"},{\"@type\":\"Organization\",\"@id\":\"https:\\\/\\\/www.electronicajnc.com\\\/web\\\/#organization\",\"name\":\"Electronica JNC\",\"url\":\"https:\\\/\\\/www.electronicajnc.com\\\/web\\\/\",\"logo\":{\"@type\":\"ImageObject\",\"inLanguage\":\"es\",\"@id\":\"https:\\\/\\\/www.electronicajnc.com\\\/web\\\/#\\\/schema\\\/logo\\\/image\\\/\",\"url\":\"https:\\\/\\\/www.electronicajnc.com\\\/web\\\/wp-content\\\/uploads\\\/2023\\\/06\\\/nuevo-logo.jpg\",\"contentUrl\":\"https:\\\/\\\/www.electronicajnc.com\\\/web\\\/wp-content\\\/uploads\\\/2023\\\/06\\\/nuevo-logo.jpg\",\"width\":1256,\"height\":612,\"caption\":\"Electronica JNC\"},\"image\":{\"@id\":\"https:\\\/\\\/www.electronicajnc.com\\\/web\\\/#\\\/schema\\\/logo\\\/image\\\/\"}}]}<\/script>\n<!-- \/ Yoast SEO plugin. -->","yoast_head_json":{"title":"M\u00f3dulo Bluetooth HC-05 Maestro Esclavo - Electronica JNC","description":"M\u00f3dulo Bluetooth HC-05 Maestro Esclavo que permite una comunicaci\u00f3n f\u00e1cil entre tu m\u00f3vil y Arduino de f\u00e1cil uso se configura como maestro o como esclavo.","robots":{"index":"index","follow":"follow","max-snippet":"max-snippet:-1","max-image-preview":"max-image-preview:large","max-video-preview":"max-video-preview:-1"},"canonical":"https:\/\/www.electronicajnc.com\/web\/producto\/modulo-bluetooth-hc-05-maestro-esclavo\/","og_locale":"es_ES","og_type":"article","og_title":"M\u00f3dulo Bluetooth HC-05 Maestro Esclavo - Electronica JNC","og_description":"M\u00f3dulo Bluetooth HC-05 Maestro Esclavo que permite una comunicaci\u00f3n f\u00e1cil entre tu m\u00f3vil y Arduino de f\u00e1cil uso se configura como maestro o como esclavo.","og_url":"https:\/\/www.electronicajnc.com\/web\/producto\/modulo-bluetooth-hc-05-maestro-esclavo\/","og_site_name":"Electronica JNC","article_modified_time":"2024-03-18T03:41:24+00:00","og_image":[{"width":1106,"height":1000,"url":"https:\/\/www.electronicajnc.com\/web\/wp-content\/uploads\/2023\/04\/HC05.jpg","type":"image\/jpeg"}],"twitter_card":"summary_large_image","twitter_misc":{"Tiempo de lectura":"2 minutos"},"schema":{"@context":"https:\/\/schema.org","@graph":[{"@type":"WebPage","@id":"https:\/\/www.electronicajnc.com\/web\/producto\/modulo-bluetooth-hc-05-maestro-esclavo\/","url":"https:\/\/www.electronicajnc.com\/web\/producto\/modulo-bluetooth-hc-05-maestro-esclavo\/","name":"M\u00f3dulo Bluetooth HC-05 Maestro Esclavo - Electronica JNC","isPartOf":{"@id":"https:\/\/www.electronicajnc.com\/web\/#website"},"primaryImageOfPage":{"@id":"https:\/\/www.electronicajnc.com\/web\/producto\/modulo-bluetooth-hc-05-maestro-esclavo\/#primaryimage"},"image":{"@id":"https:\/\/www.electronicajnc.com\/web\/producto\/modulo-bluetooth-hc-05-maestro-esclavo\/#primaryimage"},"thumbnailUrl":"https:\/\/www.electronicajnc.com\/web\/wp-content\/uploads\/2023\/04\/HC05.jpg","datePublished":"2023-04-18T19:55:41+00:00","dateModified":"2024-03-18T03:41:24+00:00","description":"M\u00f3dulo Bluetooth HC-05 Maestro Esclavo que permite una comunicaci\u00f3n f\u00e1cil entre tu m\u00f3vil y Arduino de f\u00e1cil uso se configura como maestro o como esclavo.","breadcrumb":{"@id":"https:\/\/www.electronicajnc.com\/web\/producto\/modulo-bluetooth-hc-05-maestro-esclavo\/#breadcrumb"},"inLanguage":"es","potentialAction":[{"@type":"ReadAction","target":["https:\/\/www.electronicajnc.com\/web\/producto\/modulo-bluetooth-hc-05-maestro-esclavo\/"]}]},{"@type":"ImageObject","inLanguage":"es","@id":"https:\/\/www.electronicajnc.com\/web\/producto\/modulo-bluetooth-hc-05-maestro-esclavo\/#primaryimage","url":"https:\/\/www.electronicajnc.com\/web\/wp-content\/uploads\/2023\/04\/HC05.jpg","contentUrl":"https:\/\/www.electronicajnc.com\/web\/wp-content\/uploads\/2023\/04\/HC05.jpg","width":1106,"height":1000,"caption":"M\u00f3dulo Bluetooth HC-05 Maestro Esclavo"},{"@type":"BreadcrumbList","@id":"https:\/\/www.electronicajnc.com\/web\/producto\/modulo-bluetooth-hc-05-maestro-esclavo\/#breadcrumb","itemListElement":[{"@type":"ListItem","position":1,"name":"Portada","item":"https:\/\/www.electronicajnc.com\/web\/"},{"@type":"ListItem","position":2,"name":"TIENDA","item":"https:\/\/www.electronicajnc.com\/web\/tienda\/"},{"@type":"ListItem","position":3,"name":"M\u00f3dulo Bluetooth HC-05 Maestro Esclavo"}]},{"@type":"WebSite","@id":"https:\/\/www.electronicajnc.com\/web\/#website","url":"https:\/\/www.electronicajnc.com\/web\/","name":"Electronica JNC","description":"Robotica Tecnologia Mecatronica en Ecuador","publisher":{"@id":"https:\/\/www.electronicajnc.com\/web\/#organization"},"potentialAction":[{"@type":"SearchAction","target":{"@type":"EntryPoint","urlTemplate":"https:\/\/www.electronicajnc.com\/web\/?s={search_term_string}"},"query-input":{"@type":"PropertyValueSpecification","valueRequired":true,"valueName":"search_term_string"}}],"inLanguage":"es"},{"@type":"Organization","@id":"https:\/\/www.electronicajnc.com\/web\/#organization","name":"Electronica JNC","url":"https:\/\/www.electronicajnc.com\/web\/","logo":{"@type":"ImageObject","inLanguage":"es","@id":"https:\/\/www.electronicajnc.com\/web\/#\/schema\/logo\/image\/","url":"https:\/\/www.electronicajnc.com\/web\/wp-content\/uploads\/2023\/06\/nuevo-logo.jpg","contentUrl":"https:\/\/www.electronicajnc.com\/web\/wp-content\/uploads\/2023\/06\/nuevo-logo.jpg","width":1256,"height":612,"caption":"Electronica JNC"},"image":{"@id":"https:\/\/www.electronicajnc.com\/web\/#\/schema\/logo\/image\/"}}]}},"_links":{"self":[{"href":"https:\/\/www.electronicajnc.com\/web\/wp-json\/wp\/v2\/product\/542","targetHints":{"allow":["GET"]}}],"collection":[{"href":"https:\/\/www.electronicajnc.com\/web\/wp-json\/wp\/v2\/product"}],"about":[{"href":"https:\/\/www.electronicajnc.com\/web\/wp-json\/wp\/v2\/types\/product"}],"replies":[{"embeddable":true,"href":"https:\/\/www.electronicajnc.com\/web\/wp-json\/wp\/v2\/comments?post=542"}],"wp:featuredmedia":[{"embeddable":true,"href":"https:\/\/www.electronicajnc.com\/web\/wp-json\/wp\/v2\/media\/543"}],"wp:attachment":[{"href":"https:\/\/www.electronicajnc.com\/web\/wp-json\/wp\/v2\/media?parent=542"}],"wp:term":[{"taxonomy":"product_brand","embeddable":true,"href":"https:\/\/www.electronicajnc.com\/web\/wp-json\/wp\/v2\/product_brand?post=542"},{"taxonomy":"product_cat","embeddable":true,"href":"https:\/\/www.electronicajnc.com\/web\/wp-json\/wp\/v2\/product_cat?post=542"},{"taxonomy":"product_tag","embeddable":true,"href":"https:\/\/www.electronicajnc.com\/web\/wp-json\/wp\/v2\/product_tag?post=542"}],"curies":[{"name":"wp","href":"https:\/\/api.w.org\/{rel}","templated":true}]}}