{"id":578,"date":"2023-04-27T23:01:51","date_gmt":"2023-04-27T23:01:51","guid":{"rendered":"https:\/\/www.electronicajnc.com\/web\/?post_type=product&#038;p=578"},"modified":"2023-04-27T23:01:52","modified_gmt":"2023-04-27T23:01:52","slug":"robot-accionado-por-agua-salada","status":"publish","type":"product","link":"https:\/\/www.electronicajnc.com\/web\/producto\/robot-accionado-por-agua-salada\/","title":{"rendered":"ROBOT ACCIONADO POR AGUA SALADA"},"content":{"rendered":"<p>ROBOT ACCIONADO POR AGUA SALADA<\/p>\n<p><img decoding=\"async\" class=\"aligncenter\" src=\"https:\/\/cdtechnologia.net\/7716-home_default\/robot-kids-robot-accionado-por-agua-salada.jpg\" alt=\"Robot Kids Robot accionado por agua salada\" \/><\/p>\n<p>Crea un corredor rob\u00f3tico con el kit de robot alimentado por agua salada 4M. Este kit de robot es una experiencia de aprendizaje pr\u00e1ctica que ilustra el valor de las fuentes de energ\u00eda alternativas. El robot funciona con la reacci\u00f3n qu\u00edmica del agua salada y el carb\u00f3n, y es seguro y no t\u00f3xico. Este kit contiene todas las piezas y materiales necesarios para crear un robot alimentado por agua salada. Instrucciones de montaje detalladas incluidas.<\/p>\n<p>Desaf\u00eda la imaginaci\u00f3n de tu hijo con el kit de robot accionado por agua salada 4M. Perfecto para cualquier joven cient\u00edfico, este divertido kit ense\u00f1a rob\u00f3tica y el valor de las fuentes de energ\u00eda alternativas. Una vez ensamblado, este corredor rob\u00f3tico funciona con la reacci\u00f3n qu\u00edmica segura y no t\u00f3xica del agua salada y el carb\u00f3n. Fomentando la creatividad y las habilidades mec\u00e1nicas, este kit tambi\u00e9n brinda una excelente oportunidad para mostrar a los ni\u00f1os c\u00f3mo se ensamblan y funcionan los juguetes.<\/p>\n<p>Este conjunto incluye los componentes necesarios, accesorios e instrucciones f\u00e1ciles de seguir. Recomendado para ni\u00f1os de 9 a\u00f1os en adelante.<\/p>\n<p>Incluye:<\/p>\n<p>1 x\u00a0Robot Kids Robot accionado por agua salada<\/p>\n<ul class=\"a-unordered-list a-vertical\">\n<li><span class=\"a-list-item\"><span class=\"a-size-base\">Los ni\u00f1os pueden montar un emocionante robot en movimiento del que estar\u00e1n orgullosos de<\/span><\/span><\/li>\n<li><span class=\"a-list-item\"><span class=\"a-size-base\">Ayuda a ense\u00f1ar a los ni\u00f1os la creatividad, los principios mec\u00e1nicos y el valor de la energ\u00eda alternativa<\/span><\/span><\/li>\n<li><span class=\"a-list-item\"><span class=\"a-size-base\">Requiere un destornillador, taza, sal de mesa, cuchara y supervisi\u00f3n para adultos.<\/span><\/span><\/li>\n<li>y muchas ganas de aprender<\/li>\n<\/ul>\n<h1>ROBOT ACCIONADO POR AGUA SALADA<\/h1>\n<p>\u00bfD\u00f3nde conseguir ?<\/p>\n<p>Puedes conseguir este producto y mucho mas en nuestra tienda de electr\u00f3nica \u201cElectronic JNC\u201d a un excelente precio, de igual manera puedes preguntar por otros productos que tenemos para ti y as\u00ed adquirirlos seg\u00fan tu necesidad para\u00a0 tus proyectos.<\/p>\n<p>Puede retirar sus pedidos en nuestra\u00a0<a href=\"https:\/\/www.electronicajnc.com\/web\/contactos\" target=\"_blank\" rel=\"noopener\">TIENDA F\u00cdSICA<\/a>\u00a0o realizar sus pedidos\u00a0<a href=\"https:\/\/www.electronicajnc.com\/web\/mi-cuenta\" target=\"_blank\" rel=\"noopener\">ONLINE<\/a>\u00a0o por\u00a0<a href=\"https:\/\/api.whatsapp.com\/send?phone=593958753126\" target=\"_blank\" rel=\"noopener\">WHATSAPP<\/a>.<\/p>\n","protected":false},"excerpt":{"rendered":"<p>Desaf\u00eda la imaginaci\u00f3n de tu hijo o estudiante con el kit de robot accionado por agua salada 4M. Perfecto para cualquier joven cient\u00edfico, este divertido kit ense\u00f1a rob\u00f3tica y el valor de las fuentes de energ\u00eda alternativas.<\/p>\n","protected":false},"featured_media":580,"comment_status":"closed","ping_status":"closed","template":"","meta":{"saved_in_kubio":false,"_joinchat":[]},"product_brand":[],"product_cat":[323],"product_tag":[330,329,331,324,327,326,328,325,332,31],"class_list":{"0":"post-578","1":"product","2":"type-product","3":"status-publish","4":"has-post-thumbnail","6":"product_cat-kits-steam","7":"product_tag-creativo","8":"product_tag-divertido","9":"product_tag-emsamble","10":"product_tag-energia-alternativas","11":"product_tag-fomentando-la-creatividad-y-las-habilidades-mecanicas","12":"product_tag-joven-cientifico","13":"product_tag-kit-contiene-todas-las-piezas-y-materiales-necesarios-para-crear-un-robot","14":"product_tag-kit-de-robot-accionado-por-agua-salada","15":"product_tag-proyecto-steam","16":"product_tag-robotica","18":"first","19":"instock","20":"taxable","21":"shipping-taxable","22":"product-type-simple"},"yoast_head":"<!-- This site is optimized with the Yoast SEO plugin v27.4 - https:\/\/yoast.com\/product\/yoast-seo-wordpress\/ -->\n<title>ROBOT ACCIONADO POR AGUA SALADA - Electronica JNC<\/title>\n<meta name=\"description\" content=\"ROBOT ACCIONADO POR AGUA SALADA kit ense\u00f1a rob\u00f3tica y el valor de las fuentes de energ\u00eda alternativas, perfecto para cualquier joven cient\u00edfico.\" \/>\n<meta name=\"robots\" content=\"index, follow, max-snippet:-1, max-image-preview:large, max-video-preview:-1\" \/>\n<link rel=\"canonical\" href=\"https:\/\/www.electronicajnc.com\/web\/producto\/robot-accionado-por-agua-salada\/\" \/>\n<meta property=\"og:locale\" content=\"es_ES\" \/>\n<meta property=\"og:type\" content=\"article\" \/>\n<meta property=\"og:title\" content=\"ROBOT ACCIONADO POR AGUA SALADA - Electronica JNC\" \/>\n<meta property=\"og:description\" content=\"ROBOT ACCIONADO POR AGUA SALADA kit ense\u00f1a rob\u00f3tica y el valor de las fuentes de energ\u00eda alternativas, perfecto para cualquier joven cient\u00edfico.\" \/>\n<meta property=\"og:url\" content=\"https:\/\/www.electronicajnc.com\/web\/producto\/robot-accionado-por-agua-salada\/\" \/>\n<meta property=\"og:site_name\" content=\"Electronica JNC\" \/>\n<meta property=\"article:modified_time\" content=\"2023-04-27T23:01:52+00:00\" \/>\n<meta property=\"og:image\" content=\"https:\/\/www.electronicajnc.com\/web\/wp-content\/uploads\/2023\/04\/robot-salado.jpg\" \/>\n\t<meta property=\"og:image:width\" content=\"1500\" \/>\n\t<meta property=\"og:image:height\" content=\"1602\" \/>\n\t<meta property=\"og:image:type\" content=\"image\/jpeg\" \/>\n<meta name=\"twitter:card\" content=\"summary_large_image\" \/>\n<meta name=\"twitter:label1\" content=\"Tiempo de lectura\" \/>\n\t<meta name=\"twitter:data1\" content=\"2 minutos\" \/>\n<script type=\"application\/ld+json\" class=\"yoast-schema-graph\">{\"@context\":\"https:\\\/\\\/schema.org\",\"@graph\":[{\"@type\":\"WebPage\",\"@id\":\"https:\\\/\\\/www.electronicajnc.com\\\/web\\\/producto\\\/robot-accionado-por-agua-salada\\\/\",\"url\":\"https:\\\/\\\/www.electronicajnc.com\\\/web\\\/producto\\\/robot-accionado-por-agua-salada\\\/\",\"name\":\"ROBOT ACCIONADO POR AGUA SALADA - Electronica JNC\",\"isPartOf\":{\"@id\":\"https:\\\/\\\/www.electronicajnc.com\\\/web\\\/#website\"},\"primaryImageOfPage\":{\"@id\":\"https:\\\/\\\/www.electronicajnc.com\\\/web\\\/producto\\\/robot-accionado-por-agua-salada\\\/#primaryimage\"},\"image\":{\"@id\":\"https:\\\/\\\/www.electronicajnc.com\\\/web\\\/producto\\\/robot-accionado-por-agua-salada\\\/#primaryimage\"},\"thumbnailUrl\":\"https:\\\/\\\/www.electronicajnc.com\\\/web\\\/wp-content\\\/uploads\\\/2023\\\/04\\\/robot-salado.jpg\",\"datePublished\":\"2023-04-27T23:01:51+00:00\",\"dateModified\":\"2023-04-27T23:01:52+00:00\",\"description\":\"ROBOT ACCIONADO POR AGUA SALADA kit ense\u00f1a rob\u00f3tica y el valor de las fuentes de energ\u00eda alternativas, perfecto para cualquier joven cient\u00edfico.\",\"breadcrumb\":{\"@id\":\"https:\\\/\\\/www.electronicajnc.com\\\/web\\\/producto\\\/robot-accionado-por-agua-salada\\\/#breadcrumb\"},\"inLanguage\":\"es\",\"potentialAction\":[{\"@type\":\"ReadAction\",\"target\":[\"https:\\\/\\\/www.electronicajnc.com\\\/web\\\/producto\\\/robot-accionado-por-agua-salada\\\/\"]}]},{\"@type\":\"ImageObject\",\"inLanguage\":\"es\",\"@id\":\"https:\\\/\\\/www.electronicajnc.com\\\/web\\\/producto\\\/robot-accionado-por-agua-salada\\\/#primaryimage\",\"url\":\"https:\\\/\\\/www.electronicajnc.com\\\/web\\\/wp-content\\\/uploads\\\/2023\\\/04\\\/robot-salado.jpg\",\"contentUrl\":\"https:\\\/\\\/www.electronicajnc.com\\\/web\\\/wp-content\\\/uploads\\\/2023\\\/04\\\/robot-salado.jpg\",\"width\":1500,\"height\":1602,\"caption\":\"ROBOT ACCIONADO POR AGUA SALADA\"},{\"@type\":\"BreadcrumbList\",\"@id\":\"https:\\\/\\\/www.electronicajnc.com\\\/web\\\/producto\\\/robot-accionado-por-agua-salada\\\/#breadcrumb\",\"itemListElement\":[{\"@type\":\"ListItem\",\"position\":1,\"name\":\"Portada\",\"item\":\"https:\\\/\\\/www.electronicajnc.com\\\/web\\\/\"},{\"@type\":\"ListItem\",\"position\":2,\"name\":\"TIENDA\",\"item\":\"https:\\\/\\\/www.electronicajnc.com\\\/web\\\/tienda\\\/\"},{\"@type\":\"ListItem\",\"position\":3,\"name\":\"ROBOT ACCIONADO POR AGUA SALADA\"}]},{\"@type\":\"WebSite\",\"@id\":\"https:\\\/\\\/www.electronicajnc.com\\\/web\\\/#website\",\"url\":\"https:\\\/\\\/www.electronicajnc.com\\\/web\\\/\",\"name\":\"Electronica JNC\",\"description\":\"Robotica Tecnologia Mecatronica en Ecuador\",\"publisher\":{\"@id\":\"https:\\\/\\\/www.electronicajnc.com\\\/web\\\/#organization\"},\"potentialAction\":[{\"@type\":\"SearchAction\",\"target\":{\"@type\":\"EntryPoint\",\"urlTemplate\":\"https:\\\/\\\/www.electronicajnc.com\\\/web\\\/?s={search_term_string}\"},\"query-input\":{\"@type\":\"PropertyValueSpecification\",\"valueRequired\":true,\"valueName\":\"search_term_string\"}}],\"inLanguage\":\"es\"},{\"@type\":\"Organization\",\"@id\":\"https:\\\/\\\/www.electronicajnc.com\\\/web\\\/#organization\",\"name\":\"Electronica JNC\",\"url\":\"https:\\\/\\\/www.electronicajnc.com\\\/web\\\/\",\"logo\":{\"@type\":\"ImageObject\",\"inLanguage\":\"es\",\"@id\":\"https:\\\/\\\/www.electronicajnc.com\\\/web\\\/#\\\/schema\\\/logo\\\/image\\\/\",\"url\":\"https:\\\/\\\/www.electronicajnc.com\\\/web\\\/wp-content\\\/uploads\\\/2023\\\/06\\\/nuevo-logo.jpg\",\"contentUrl\":\"https:\\\/\\\/www.electronicajnc.com\\\/web\\\/wp-content\\\/uploads\\\/2023\\\/06\\\/nuevo-logo.jpg\",\"width\":1256,\"height\":612,\"caption\":\"Electronica JNC\"},\"image\":{\"@id\":\"https:\\\/\\\/www.electronicajnc.com\\\/web\\\/#\\\/schema\\\/logo\\\/image\\\/\"}}]}<\/script>\n<!-- \/ Yoast SEO plugin. -->","yoast_head_json":{"title":"ROBOT ACCIONADO POR AGUA SALADA - Electronica JNC","description":"ROBOT ACCIONADO POR AGUA SALADA kit ense\u00f1a rob\u00f3tica y el valor de las fuentes de energ\u00eda alternativas, perfecto para cualquier joven cient\u00edfico.","robots":{"index":"index","follow":"follow","max-snippet":"max-snippet:-1","max-image-preview":"max-image-preview:large","max-video-preview":"max-video-preview:-1"},"canonical":"https:\/\/www.electronicajnc.com\/web\/producto\/robot-accionado-por-agua-salada\/","og_locale":"es_ES","og_type":"article","og_title":"ROBOT ACCIONADO POR AGUA SALADA - Electronica JNC","og_description":"ROBOT ACCIONADO POR AGUA SALADA kit ense\u00f1a rob\u00f3tica y el valor de las fuentes de energ\u00eda alternativas, perfecto para cualquier joven cient\u00edfico.","og_url":"https:\/\/www.electronicajnc.com\/web\/producto\/robot-accionado-por-agua-salada\/","og_site_name":"Electronica JNC","article_modified_time":"2023-04-27T23:01:52+00:00","og_image":[{"width":1500,"height":1602,"url":"https:\/\/www.electronicajnc.com\/web\/wp-content\/uploads\/2023\/04\/robot-salado.jpg","type":"image\/jpeg"}],"twitter_card":"summary_large_image","twitter_misc":{"Tiempo de lectura":"2 minutos"},"schema":{"@context":"https:\/\/schema.org","@graph":[{"@type":"WebPage","@id":"https:\/\/www.electronicajnc.com\/web\/producto\/robot-accionado-por-agua-salada\/","url":"https:\/\/www.electronicajnc.com\/web\/producto\/robot-accionado-por-agua-salada\/","name":"ROBOT ACCIONADO POR AGUA SALADA - Electronica JNC","isPartOf":{"@id":"https:\/\/www.electronicajnc.com\/web\/#website"},"primaryImageOfPage":{"@id":"https:\/\/www.electronicajnc.com\/web\/producto\/robot-accionado-por-agua-salada\/#primaryimage"},"image":{"@id":"https:\/\/www.electronicajnc.com\/web\/producto\/robot-accionado-por-agua-salada\/#primaryimage"},"thumbnailUrl":"https:\/\/www.electronicajnc.com\/web\/wp-content\/uploads\/2023\/04\/robot-salado.jpg","datePublished":"2023-04-27T23:01:51+00:00","dateModified":"2023-04-27T23:01:52+00:00","description":"ROBOT ACCIONADO POR AGUA SALADA kit ense\u00f1a rob\u00f3tica y el valor de las fuentes de energ\u00eda alternativas, perfecto para cualquier joven cient\u00edfico.","breadcrumb":{"@id":"https:\/\/www.electronicajnc.com\/web\/producto\/robot-accionado-por-agua-salada\/#breadcrumb"},"inLanguage":"es","potentialAction":[{"@type":"ReadAction","target":["https:\/\/www.electronicajnc.com\/web\/producto\/robot-accionado-por-agua-salada\/"]}]},{"@type":"ImageObject","inLanguage":"es","@id":"https:\/\/www.electronicajnc.com\/web\/producto\/robot-accionado-por-agua-salada\/#primaryimage","url":"https:\/\/www.electronicajnc.com\/web\/wp-content\/uploads\/2023\/04\/robot-salado.jpg","contentUrl":"https:\/\/www.electronicajnc.com\/web\/wp-content\/uploads\/2023\/04\/robot-salado.jpg","width":1500,"height":1602,"caption":"ROBOT ACCIONADO POR AGUA SALADA"},{"@type":"BreadcrumbList","@id":"https:\/\/www.electronicajnc.com\/web\/producto\/robot-accionado-por-agua-salada\/#breadcrumb","itemListElement":[{"@type":"ListItem","position":1,"name":"Portada","item":"https:\/\/www.electronicajnc.com\/web\/"},{"@type":"ListItem","position":2,"name":"TIENDA","item":"https:\/\/www.electronicajnc.com\/web\/tienda\/"},{"@type":"ListItem","position":3,"name":"ROBOT ACCIONADO POR AGUA SALADA"}]},{"@type":"WebSite","@id":"https:\/\/www.electronicajnc.com\/web\/#website","url":"https:\/\/www.electronicajnc.com\/web\/","name":"Electronica JNC","description":"Robotica Tecnologia Mecatronica en Ecuador","publisher":{"@id":"https:\/\/www.electronicajnc.com\/web\/#organization"},"potentialAction":[{"@type":"SearchAction","target":{"@type":"EntryPoint","urlTemplate":"https:\/\/www.electronicajnc.com\/web\/?s={search_term_string}"},"query-input":{"@type":"PropertyValueSpecification","valueRequired":true,"valueName":"search_term_string"}}],"inLanguage":"es"},{"@type":"Organization","@id":"https:\/\/www.electronicajnc.com\/web\/#organization","name":"Electronica JNC","url":"https:\/\/www.electronicajnc.com\/web\/","logo":{"@type":"ImageObject","inLanguage":"es","@id":"https:\/\/www.electronicajnc.com\/web\/#\/schema\/logo\/image\/","url":"https:\/\/www.electronicajnc.com\/web\/wp-content\/uploads\/2023\/06\/nuevo-logo.jpg","contentUrl":"https:\/\/www.electronicajnc.com\/web\/wp-content\/uploads\/2023\/06\/nuevo-logo.jpg","width":1256,"height":612,"caption":"Electronica JNC"},"image":{"@id":"https:\/\/www.electronicajnc.com\/web\/#\/schema\/logo\/image\/"}}]}},"_links":{"self":[{"href":"https:\/\/www.electronicajnc.com\/web\/wp-json\/wp\/v2\/product\/578","targetHints":{"allow":["GET"]}}],"collection":[{"href":"https:\/\/www.electronicajnc.com\/web\/wp-json\/wp\/v2\/product"}],"about":[{"href":"https:\/\/www.electronicajnc.com\/web\/wp-json\/wp\/v2\/types\/product"}],"replies":[{"embeddable":true,"href":"https:\/\/www.electronicajnc.com\/web\/wp-json\/wp\/v2\/comments?post=578"}],"wp:featuredmedia":[{"embeddable":true,"href":"https:\/\/www.electronicajnc.com\/web\/wp-json\/wp\/v2\/media\/580"}],"wp:attachment":[{"href":"https:\/\/www.electronicajnc.com\/web\/wp-json\/wp\/v2\/media?parent=578"}],"wp:term":[{"taxonomy":"product_brand","embeddable":true,"href":"https:\/\/www.electronicajnc.com\/web\/wp-json\/wp\/v2\/product_brand?post=578"},{"taxonomy":"product_cat","embeddable":true,"href":"https:\/\/www.electronicajnc.com\/web\/wp-json\/wp\/v2\/product_cat?post=578"},{"taxonomy":"product_tag","embeddable":true,"href":"https:\/\/www.electronicajnc.com\/web\/wp-json\/wp\/v2\/product_tag?post=578"}],"curies":[{"name":"wp","href":"https:\/\/api.w.org\/{rel}","templated":true}]}}