{"id":585,"date":"2023-04-28T00:32:53","date_gmt":"2023-04-28T00:32:53","guid":{"rendered":"https:\/\/www.electronicajnc.com\/web\/?post_type=product&#038;p=585"},"modified":"2023-04-28T00:37:27","modified_gmt":"2023-04-28T00:37:27","slug":"kit-3-en-1-robot-nave-espacial","status":"publish","type":"product","link":"https:\/\/www.electronicajnc.com\/web\/producto\/kit-3-en-1-robot-nave-espacial\/","title":{"rendered":"Kit 3 en 1 ROBOT NAVE ESPACIAL"},"content":{"rendered":"<p>Kit 3 en 1 ROBOT NAVE ESPACIAL<\/p>\n<p><img fetchpriority=\"high\" decoding=\"async\" class=\"aligncenter\" src=\"https:\/\/sc04.alicdn.com\/kf\/Hea2a64174fd74ba49aa1bffe8126538bB.jpg\" alt=\"Educational Solar Diy Assemble Building Block Model Toys 3 In 1 Moon Exploration Fleet Solar Powered Model Stem Toy Set - Buy Solar Powered Model Toy Set,3 In 1 Solar Model Toys,Solar\" width=\"366\" height=\"366\" \/><\/p>\n<p>Este kit es una\u00a0excelente\u00a0adici\u00f3n a cualquier\u00a0plan de estudios de la escuela en el hogar\u00a0.\u00a0Tambi\u00e9n es ideal para un\u00a0proyecto despu\u00e9s de la escuela\u00a0o\u00a0una recompensa\u00a0para un artista destacado.\u00a0Recompense a sus hijos por un trabajo bien hecho o\u00a0deles el don de Space solo para mostrarles que se preocupa por ellos.<\/p>\n<p><em>viaja por el espacio y explora la luna!\u00a0<\/em>Este innovador kit de ciencia alimentado por energ\u00eda solar que se puede ensamblar en 3 diferentes m\u00f3dulos de flota exploradores de la luna:\u00a0Space Shuttle, Moon Buggy y Space Station<\/p>\n<p>\u00a1Deja que este\u00a0proyecto de bricolaje\u00a0lleve la imaginaci\u00f3n de tu ni\u00f1o a una nueva \u00f3rbita!<br \/>\nPres\u00e9nteles a sus hijos los principios de\u00a0<em>Ciencia, Tecnolog\u00eda, Ingenier\u00eda y Matem\u00e1ticas<\/em>\u00a0.\u00a0Se\u00a0enamorar\u00e1n de Space Exploration\u00a0mientras construyen toda esta Flota de Exploraci\u00f3n Espacial.\u00a0<em>Las instrucciones paso a paso<\/em>\u00a0hacen que este proyecto sea desafiante y divertido para ni\u00f1os de todas las edades.\u00a0Todas las piezas son f\u00e1ciles de ensamblar y juntar.<\/p>\n<p>Aproveche el poder del sol para alimentar su Flota Espacial.\u00a0Ense\u00f1e a sus hijos acerca de la energ\u00eda renovable.\u00a0Muestre a sus hijos c\u00f3mo incluso los juguetes pueden ser alimentados por el sol\u00a0con paneles solares y bater\u00edas recargables\u00a0.\u00a0Cada m\u00f3dulo est\u00e1 alimentado por una bater\u00eda micro que puede recargarse utilizando el panel solar (colocado a la luz solar directa durante 3-10 minutos) o acopl\u00e1ndolo al paquete de bater\u00edas AAA integrado en la Estaci\u00f3n Espacial (conecte durante 10-30 segundos) .\u00a0Despu\u00e9s de cada carga, la bater\u00eda micro se puede usar durante 50-60 segundos.<\/p>\n<p>Este kit es una\u00a0excelente\u00a0adici\u00f3n a cualquier\u00a0plan de estudios de la escuela en el hogar\u00a0.\u00a0Tambi\u00e9n es ideal para un\u00a0proyecto despu\u00e9s de la escuela\u00a0o\u00a0una recompensa\u00a0para un artista destacado.\u00a0Recompense a sus hijos por un trabajo bien hecho o\u00a0deles el don de Space solo para mostrarles que se preocupa por ellos.<\/p>\n<p>Disfruta de 3 m\u00f3dulos diferentes:<\/p>\n<ul>\n<li>Transbordador Espacial<\/li>\n<li>Moon Buggy<\/li>\n<li>Estaci\u00f3n espacial: Estacion de recarga<\/li>\n<\/ul>\n<p>Recarga Tiempos de recarga de la bater\u00eda micro:<\/p>\n<ul>\n<li>Usando el panel solar \u2013 3-10 minutos bajo la luz solar directa<\/li>\n<li>Usando el paquete de bater\u00edas AAA \u2013 10-30 segundos<\/li>\n<li>(pilas AAA no incluidas)<\/li>\n<\/ul>\n<p>Recomendado para edades de 8 y arriba (puede requerir asistencia de un adulto)<\/p>\n<p>CONSEJO: use corta \u00fa\u00f1as para quitar los bordes filosos de la moldura de pl\u00e1stico<\/p>\n<p>&nbsp;<\/p>\n<h1>Kit 3 en 1 ROBOT NAVE ESPACIAL<\/h1>\n<p>Puedes conseguir este producto y mucho mas en nuestra tienda de electr\u00f3nica \u201cElectronic JNC\u201d a un excelente precio, de igual manera puedes preguntar por otros productos que tenemos para ti y as\u00ed adquirirlos seg\u00fan tu necesidad para\u00a0 tus proyectos.<\/p>\n<p>Puede retirar sus pedidos en nuestra\u00a0<a href=\"https:\/\/www.electronicajnc.com\/web\/contactos\" target=\"_blank\" rel=\"noopener\">TIENDA F\u00cdSICA<\/a>\u00a0o realizar sus pedidos\u00a0<a href=\"https:\/\/www.electronicajnc.com\/web\/mi-cuenta\" target=\"_blank\" rel=\"noopener\">ONLINE<\/a>\u00a0o por\u00a0<a href=\"https:\/\/api.whatsapp.com\/send?phone=593958753126\" target=\"_blank\" rel=\"noopener\">WHATSAPP<\/a>.<\/p>\n","protected":false},"excerpt":{"rendered":"<p>Pres\u00e9nteles a sus hijos y estudiantes, los principios de <em>Ciencia, Tecnolog\u00eda, Ingenier\u00eda y Matem\u00e1ticas<\/em>\u00a0.\u00a0Se\u00a0enamorar\u00e1n de Space Exploration\u00a0mientras construyen toda esta Flota de Exploraci\u00f3n Espacial.\u00a0<em>Las instrucciones paso a paso<\/em>\u00a0hacen que este proyecto sea desafiante y divertido para ni\u00f1os de todas las edades.\u00a0Todas las piezas son f\u00e1ciles de ensamblar y juntar.<\/p>\n","protected":false},"featured_media":586,"comment_status":"closed","ping_status":"closed","template":"","meta":{"saved_in_kubio":false,"_joinchat":[]},"product_brand":[],"product_cat":[323],"product_tag":[335,336,330,329,331,324,334,327,326,328,325,332,333,31],"class_list":{"0":"post-585","1":"product","2":"type-product","3":"status-publish","4":"has-post-thumbnail","6":"product_cat-kits-steam","7":"product_tag-clases-de-robotica","8":"product_tag-clases-de-steam","9":"product_tag-creativo","10":"product_tag-divertido","11":"product_tag-emsamble","12":"product_tag-energia-alternativas","13":"product_tag-estudiantes","14":"product_tag-fomentando-la-creatividad-y-las-habilidades-mecanicas","15":"product_tag-joven-cientifico","16":"product_tag-kit-contiene-todas-las-piezas-y-materiales-necesarios-para-crear-un-robot","17":"product_tag-kit-de-robot-accionado-por-agua-salada","18":"product_tag-proyecto-steam","19":"product_tag-regalo","20":"product_tag-robotica","22":"first","23":"instock","24":"taxable","25":"shipping-taxable","26":"product-type-simple"},"yoast_head":"<!-- This site is optimized with the Yoast SEO plugin v27.4 - https:\/\/yoast.com\/product\/yoast-seo-wordpress\/ -->\n<title>Kit 3 en 1 ROBOT NAVE ESPACIAL - Electronica JNC<\/title>\n<meta name=\"description\" content=\"Kit 3 en 1 ROBOT NAVE ESPACIAL viaja por el espacio y explora la luna! Este innovador kit de ciencia alimentado por energ\u00eda solar.\" \/>\n<meta name=\"robots\" content=\"index, follow, max-snippet:-1, max-image-preview:large, max-video-preview:-1\" \/>\n<link rel=\"canonical\" href=\"https:\/\/www.electronicajnc.com\/web\/producto\/kit-3-en-1-robot-nave-espacial\/\" \/>\n<meta property=\"og:locale\" content=\"es_ES\" \/>\n<meta property=\"og:type\" content=\"article\" \/>\n<meta property=\"og:title\" content=\"Kit 3 en 1 ROBOT NAVE ESPACIAL - Electronica JNC\" \/>\n<meta property=\"og:description\" content=\"Kit 3 en 1 ROBOT NAVE ESPACIAL viaja por el espacio y explora la luna! Este innovador kit de ciencia alimentado por energ\u00eda solar.\" \/>\n<meta property=\"og:url\" content=\"https:\/\/www.electronicajnc.com\/web\/producto\/kit-3-en-1-robot-nave-espacial\/\" \/>\n<meta property=\"og:site_name\" content=\"Electronica JNC\" \/>\n<meta property=\"article:modified_time\" content=\"2023-04-28T00:37:27+00:00\" \/>\n<meta property=\"og:image\" content=\"https:\/\/www.electronicajnc.com\/web\/wp-content\/uploads\/2023\/04\/NAVE.png\" \/>\n\t<meta property=\"og:image:width\" content=\"949\" \/>\n\t<meta property=\"og:image:height\" content=\"927\" \/>\n\t<meta property=\"og:image:type\" content=\"image\/png\" \/>\n<meta name=\"twitter:card\" content=\"summary_large_image\" \/>\n<meta name=\"twitter:label1\" content=\"Tiempo de lectura\" \/>\n\t<meta name=\"twitter:data1\" content=\"3 minutos\" \/>\n<script type=\"application\/ld+json\" class=\"yoast-schema-graph\">{\"@context\":\"https:\\\/\\\/schema.org\",\"@graph\":[{\"@type\":\"WebPage\",\"@id\":\"https:\\\/\\\/www.electronicajnc.com\\\/web\\\/producto\\\/kit-3-en-1-robot-nave-espacial\\\/\",\"url\":\"https:\\\/\\\/www.electronicajnc.com\\\/web\\\/producto\\\/kit-3-en-1-robot-nave-espacial\\\/\",\"name\":\"Kit 3 en 1 ROBOT NAVE ESPACIAL - Electronica JNC\",\"isPartOf\":{\"@id\":\"https:\\\/\\\/www.electronicajnc.com\\\/web\\\/#website\"},\"primaryImageOfPage\":{\"@id\":\"https:\\\/\\\/www.electronicajnc.com\\\/web\\\/producto\\\/kit-3-en-1-robot-nave-espacial\\\/#primaryimage\"},\"image\":{\"@id\":\"https:\\\/\\\/www.electronicajnc.com\\\/web\\\/producto\\\/kit-3-en-1-robot-nave-espacial\\\/#primaryimage\"},\"thumbnailUrl\":\"https:\\\/\\\/www.electronicajnc.com\\\/web\\\/wp-content\\\/uploads\\\/2023\\\/04\\\/NAVE.png\",\"datePublished\":\"2023-04-28T00:32:53+00:00\",\"dateModified\":\"2023-04-28T00:37:27+00:00\",\"description\":\"Kit 3 en 1 ROBOT NAVE ESPACIAL viaja por el espacio y explora la luna! Este innovador kit de ciencia alimentado por energ\u00eda solar.\",\"breadcrumb\":{\"@id\":\"https:\\\/\\\/www.electronicajnc.com\\\/web\\\/producto\\\/kit-3-en-1-robot-nave-espacial\\\/#breadcrumb\"},\"inLanguage\":\"es\",\"potentialAction\":[{\"@type\":\"ReadAction\",\"target\":[\"https:\\\/\\\/www.electronicajnc.com\\\/web\\\/producto\\\/kit-3-en-1-robot-nave-espacial\\\/\"]}]},{\"@type\":\"ImageObject\",\"inLanguage\":\"es\",\"@id\":\"https:\\\/\\\/www.electronicajnc.com\\\/web\\\/producto\\\/kit-3-en-1-robot-nave-espacial\\\/#primaryimage\",\"url\":\"https:\\\/\\\/www.electronicajnc.com\\\/web\\\/wp-content\\\/uploads\\\/2023\\\/04\\\/NAVE.png\",\"contentUrl\":\"https:\\\/\\\/www.electronicajnc.com\\\/web\\\/wp-content\\\/uploads\\\/2023\\\/04\\\/NAVE.png\",\"width\":949,\"height\":927,\"caption\":\"ROBOT NAVE\"},{\"@type\":\"BreadcrumbList\",\"@id\":\"https:\\\/\\\/www.electronicajnc.com\\\/web\\\/producto\\\/kit-3-en-1-robot-nave-espacial\\\/#breadcrumb\",\"itemListElement\":[{\"@type\":\"ListItem\",\"position\":1,\"name\":\"Portada\",\"item\":\"https:\\\/\\\/www.electronicajnc.com\\\/web\\\/\"},{\"@type\":\"ListItem\",\"position\":2,\"name\":\"TIENDA\",\"item\":\"https:\\\/\\\/www.electronicajnc.com\\\/web\\\/tienda\\\/\"},{\"@type\":\"ListItem\",\"position\":3,\"name\":\"Kit 3 en 1 ROBOT NAVE ESPACIAL\"}]},{\"@type\":\"WebSite\",\"@id\":\"https:\\\/\\\/www.electronicajnc.com\\\/web\\\/#website\",\"url\":\"https:\\\/\\\/www.electronicajnc.com\\\/web\\\/\",\"name\":\"Electronica JNC\",\"description\":\"Robotica Tecnologia Mecatronica en Ecuador\",\"publisher\":{\"@id\":\"https:\\\/\\\/www.electronicajnc.com\\\/web\\\/#organization\"},\"potentialAction\":[{\"@type\":\"SearchAction\",\"target\":{\"@type\":\"EntryPoint\",\"urlTemplate\":\"https:\\\/\\\/www.electronicajnc.com\\\/web\\\/?s={search_term_string}\"},\"query-input\":{\"@type\":\"PropertyValueSpecification\",\"valueRequired\":true,\"valueName\":\"search_term_string\"}}],\"inLanguage\":\"es\"},{\"@type\":\"Organization\",\"@id\":\"https:\\\/\\\/www.electronicajnc.com\\\/web\\\/#organization\",\"name\":\"Electronica JNC\",\"url\":\"https:\\\/\\\/www.electronicajnc.com\\\/web\\\/\",\"logo\":{\"@type\":\"ImageObject\",\"inLanguage\":\"es\",\"@id\":\"https:\\\/\\\/www.electronicajnc.com\\\/web\\\/#\\\/schema\\\/logo\\\/image\\\/\",\"url\":\"https:\\\/\\\/www.electronicajnc.com\\\/web\\\/wp-content\\\/uploads\\\/2023\\\/06\\\/nuevo-logo.jpg\",\"contentUrl\":\"https:\\\/\\\/www.electronicajnc.com\\\/web\\\/wp-content\\\/uploads\\\/2023\\\/06\\\/nuevo-logo.jpg\",\"width\":1256,\"height\":612,\"caption\":\"Electronica JNC\"},\"image\":{\"@id\":\"https:\\\/\\\/www.electronicajnc.com\\\/web\\\/#\\\/schema\\\/logo\\\/image\\\/\"}}]}<\/script>\n<!-- \/ Yoast SEO plugin. -->","yoast_head_json":{"title":"Kit 3 en 1 ROBOT NAVE ESPACIAL - Electronica JNC","description":"Kit 3 en 1 ROBOT NAVE ESPACIAL viaja por el espacio y explora la luna! Este innovador kit de ciencia alimentado por energ\u00eda solar.","robots":{"index":"index","follow":"follow","max-snippet":"max-snippet:-1","max-image-preview":"max-image-preview:large","max-video-preview":"max-video-preview:-1"},"canonical":"https:\/\/www.electronicajnc.com\/web\/producto\/kit-3-en-1-robot-nave-espacial\/","og_locale":"es_ES","og_type":"article","og_title":"Kit 3 en 1 ROBOT NAVE ESPACIAL - Electronica JNC","og_description":"Kit 3 en 1 ROBOT NAVE ESPACIAL viaja por el espacio y explora la luna! Este innovador kit de ciencia alimentado por energ\u00eda solar.","og_url":"https:\/\/www.electronicajnc.com\/web\/producto\/kit-3-en-1-robot-nave-espacial\/","og_site_name":"Electronica JNC","article_modified_time":"2023-04-28T00:37:27+00:00","og_image":[{"width":949,"height":927,"url":"https:\/\/www.electronicajnc.com\/web\/wp-content\/uploads\/2023\/04\/NAVE.png","type":"image\/png"}],"twitter_card":"summary_large_image","twitter_misc":{"Tiempo de lectura":"3 minutos"},"schema":{"@context":"https:\/\/schema.org","@graph":[{"@type":"WebPage","@id":"https:\/\/www.electronicajnc.com\/web\/producto\/kit-3-en-1-robot-nave-espacial\/","url":"https:\/\/www.electronicajnc.com\/web\/producto\/kit-3-en-1-robot-nave-espacial\/","name":"Kit 3 en 1 ROBOT NAVE ESPACIAL - Electronica JNC","isPartOf":{"@id":"https:\/\/www.electronicajnc.com\/web\/#website"},"primaryImageOfPage":{"@id":"https:\/\/www.electronicajnc.com\/web\/producto\/kit-3-en-1-robot-nave-espacial\/#primaryimage"},"image":{"@id":"https:\/\/www.electronicajnc.com\/web\/producto\/kit-3-en-1-robot-nave-espacial\/#primaryimage"},"thumbnailUrl":"https:\/\/www.electronicajnc.com\/web\/wp-content\/uploads\/2023\/04\/NAVE.png","datePublished":"2023-04-28T00:32:53+00:00","dateModified":"2023-04-28T00:37:27+00:00","description":"Kit 3 en 1 ROBOT NAVE ESPACIAL viaja por el espacio y explora la luna! Este innovador kit de ciencia alimentado por energ\u00eda solar.","breadcrumb":{"@id":"https:\/\/www.electronicajnc.com\/web\/producto\/kit-3-en-1-robot-nave-espacial\/#breadcrumb"},"inLanguage":"es","potentialAction":[{"@type":"ReadAction","target":["https:\/\/www.electronicajnc.com\/web\/producto\/kit-3-en-1-robot-nave-espacial\/"]}]},{"@type":"ImageObject","inLanguage":"es","@id":"https:\/\/www.electronicajnc.com\/web\/producto\/kit-3-en-1-robot-nave-espacial\/#primaryimage","url":"https:\/\/www.electronicajnc.com\/web\/wp-content\/uploads\/2023\/04\/NAVE.png","contentUrl":"https:\/\/www.electronicajnc.com\/web\/wp-content\/uploads\/2023\/04\/NAVE.png","width":949,"height":927,"caption":"ROBOT NAVE"},{"@type":"BreadcrumbList","@id":"https:\/\/www.electronicajnc.com\/web\/producto\/kit-3-en-1-robot-nave-espacial\/#breadcrumb","itemListElement":[{"@type":"ListItem","position":1,"name":"Portada","item":"https:\/\/www.electronicajnc.com\/web\/"},{"@type":"ListItem","position":2,"name":"TIENDA","item":"https:\/\/www.electronicajnc.com\/web\/tienda\/"},{"@type":"ListItem","position":3,"name":"Kit 3 en 1 ROBOT NAVE ESPACIAL"}]},{"@type":"WebSite","@id":"https:\/\/www.electronicajnc.com\/web\/#website","url":"https:\/\/www.electronicajnc.com\/web\/","name":"Electronica JNC","description":"Robotica Tecnologia Mecatronica en Ecuador","publisher":{"@id":"https:\/\/www.electronicajnc.com\/web\/#organization"},"potentialAction":[{"@type":"SearchAction","target":{"@type":"EntryPoint","urlTemplate":"https:\/\/www.electronicajnc.com\/web\/?s={search_term_string}"},"query-input":{"@type":"PropertyValueSpecification","valueRequired":true,"valueName":"search_term_string"}}],"inLanguage":"es"},{"@type":"Organization","@id":"https:\/\/www.electronicajnc.com\/web\/#organization","name":"Electronica JNC","url":"https:\/\/www.electronicajnc.com\/web\/","logo":{"@type":"ImageObject","inLanguage":"es","@id":"https:\/\/www.electronicajnc.com\/web\/#\/schema\/logo\/image\/","url":"https:\/\/www.electronicajnc.com\/web\/wp-content\/uploads\/2023\/06\/nuevo-logo.jpg","contentUrl":"https:\/\/www.electronicajnc.com\/web\/wp-content\/uploads\/2023\/06\/nuevo-logo.jpg","width":1256,"height":612,"caption":"Electronica JNC"},"image":{"@id":"https:\/\/www.electronicajnc.com\/web\/#\/schema\/logo\/image\/"}}]}},"_links":{"self":[{"href":"https:\/\/www.electronicajnc.com\/web\/wp-json\/wp\/v2\/product\/585","targetHints":{"allow":["GET"]}}],"collection":[{"href":"https:\/\/www.electronicajnc.com\/web\/wp-json\/wp\/v2\/product"}],"about":[{"href":"https:\/\/www.electronicajnc.com\/web\/wp-json\/wp\/v2\/types\/product"}],"replies":[{"embeddable":true,"href":"https:\/\/www.electronicajnc.com\/web\/wp-json\/wp\/v2\/comments?post=585"}],"wp:featuredmedia":[{"embeddable":true,"href":"https:\/\/www.electronicajnc.com\/web\/wp-json\/wp\/v2\/media\/586"}],"wp:attachment":[{"href":"https:\/\/www.electronicajnc.com\/web\/wp-json\/wp\/v2\/media?parent=585"}],"wp:term":[{"taxonomy":"product_brand","embeddable":true,"href":"https:\/\/www.electronicajnc.com\/web\/wp-json\/wp\/v2\/product_brand?post=585"},{"taxonomy":"product_cat","embeddable":true,"href":"https:\/\/www.electronicajnc.com\/web\/wp-json\/wp\/v2\/product_cat?post=585"},{"taxonomy":"product_tag","embeddable":true,"href":"https:\/\/www.electronicajnc.com\/web\/wp-json\/wp\/v2\/product_tag?post=585"}],"curies":[{"name":"wp","href":"https:\/\/api.w.org\/{rel}","templated":true}]}}