{"id":592,"date":"2023-04-28T22:34:55","date_gmt":"2023-04-28T22:34:55","guid":{"rendered":"https:\/\/www.electronicajnc.com\/web\/?post_type=product&#038;p=592"},"modified":"2023-04-28T22:34:58","modified_gmt":"2023-04-28T22:34:58","slug":"planetario-armable-proyecto-steam","status":"publish","type":"product","link":"https:\/\/www.electronicajnc.com\/web\/producto\/planetario-armable-proyecto-steam\/","title":{"rendered":"Planetario armable proyecto STEAM"},"content":{"rendered":"<p>Planetario armable proyecto STEAM<\/p>\n<p id=\"title\" class=\"a-size-large a-spacing-none\"><span id=\"productTitle\" class=\"a-size-large product-title-word-break\">Modelo de sistema solar para ni\u00f1os,\u00a0 de ciencia para ni\u00f1os, actividades de tallo de planetas 3D, de pintura de juguetes educativos, escuela, regalos de cumplea\u00f1os para ni\u00f1os y ni\u00f1as<\/span><\/p>\n<p><img decoding=\"async\" class=\"aligncenter\" src=\"https:\/\/encrypted-tbn0.gstatic.com\/images?q=tbn:ANd9GcQnV3b9ye7p6TtJJaYqdH1wL_3jJza3Db1gvg&amp;usqp=CAU\" alt=\"Sistema solar planet\u00e1rio modelo 8 planetas conjunto crian\u00e7as ci\u00eancia vapor  planeta brinquedos sistema solar modelo astr\u00f4metro para o beb\u00ea educa\u00e7\u00e3o  brinquedos|Brinquedo artesanal| - AliExpress\" \/><\/p>\n<ul class=\"a-unordered-list a-vertical a-spacing-mini\">\n<li><span class=\"a-list-item\">Kit de ciencia para ni\u00f1os de 6 a 8 a 12: las marcas y colores en cada planeta de diferentes tama\u00f1os son diferentes. Al observar y explorar la rotaci\u00f3n y las propiedades del planeta, inspira a los peque\u00f1os exploradores a construir la galaxia, pintar los planetas, aprender lo c\u00f3smico.<\/span><\/li>\n<li><span class=\"a-list-item\">Artes y manualidades para ni\u00f1os de 6 a 8 a 12 a\u00f1os: el modelo de sistema solar 3D es f\u00e1cil de montar, pintar y aprender, los ni\u00f1os pueden crear su propio planetario de sistema solar, utilizando diferentes colores de pintura. Estimula su imaginaci\u00f3n y creatividad.<\/span><\/li>\n<li><span class=\"a-list-item\">Juguetes STEM para ni\u00f1os de 5, 6, 7, 8, 9, 10 a\u00f1os: integra los conceptos 4 en 1 de STEM (ciencia, tecnolog\u00eda, ingenier\u00eda y matem\u00e1ticas). Proporciona a los ni\u00f1os la experiencia de aprendizaje de instrucciones f\u00e1ciles de seguir, construyendo modelos del sistema solar y dise\u00f1ando sus propios planetas.<\/span><\/li>\n<li><span class=\"a-list-item\">Juguetes educativos y de aprendizaje: de una manera divertida de montar el sol y los planetas y hacer que los planetas giren alrededor del sol a diferentes velocidades, el kit del sistema solar ayuda a los ni\u00f1os a aprender sobre las maravillas de los planetas, el espacio y la galaxia.<\/span><\/li>\n<li><span class=\"a-list-item\">El mejor regalo para ni\u00f1as y ni\u00f1os: cubriendo divertidos temas educativos, el juguete educativo del sistema solar es la opci\u00f3n de regalo perfecta para los ni\u00f1os. Para cualquier problema con el kit de ciencia, por favor h\u00e1znoslo saber para un reembolso o reemplazo.<\/span><\/li>\n<\/ul>\n<h2>Planetario armable proyecto STEAM<\/h2>\n<p>Caracter\u00edsticas:<br \/>\n100% nuevo y de alta calidad<br \/>\nUtiliza este kit creativo para construir y dibujar tu propio modelo de planetario.<br \/>\nIncluye modelos del sol y 8 planetas, brazos y soportes m\u00f3viles, tiras de pintura, pinceles, instrucciones detalladas y hechos interesantes.<\/p>\n<p>Adecuado: m\u00e1s de 8 a\u00f1os<br \/>\nColor: Multicolor<br \/>\nPeso: 200g<\/p>\n<p>El paquete incluye:<br \/>\n1 x Kit de modelo de planetario del sistema Solar<\/p>\n<p>Puedes conseguir este producto y mucho mas en nuestra tienda de electr\u00f3nica \u201cElectronic JNC\u201d a un excelente precio, de igual manera puedes preguntar por otros productos que tenemos para ti y as\u00ed adquirirlos seg\u00fan tu necesidad para\u00a0 tus proyectos.<\/p>\n<p>Puede retirar sus pedidos en nuestra\u00a0<a href=\"https:\/\/www.electronicajnc.com\/web\/contactos\" target=\"_blank\" rel=\"noopener\">TIENDA F\u00cdSICA<\/a>\u00a0o realizar sus pedidos\u00a0<a href=\"https:\/\/www.electronicajnc.com\/web\/mi-cuenta\" target=\"_blank\" rel=\"noopener\">ONLINE<\/a>\u00a0o por\u00a0<a href=\"https:\/\/api.whatsapp.com\/send?phone=593958753126\" target=\"_blank\" rel=\"noopener\">WHATSAPP<\/a>.<\/p>\n","protected":false},"excerpt":{"rendered":"<p>Modelo de sistema solar para ni\u00f1os, kit de ciencia para ni\u00f1os, actividades de tallo de planetas 3D, kits de pintura de juguetes educativos, escuela, regalos&#8230;<\/p>\n","protected":false},"featured_media":593,"comment_status":"closed","ping_status":"closed","template":"","meta":{"saved_in_kubio":false,"_joinchat":[]},"product_brand":[],"product_cat":[323],"product_tag":[346,342,343,341,348,339,345,347,344,338,337,340,349],"class_list":{"0":"post-592","1":"product","2":"type-product","3":"status-publish","4":"has-post-thumbnail","6":"product_cat-kits-steam","7":"product_tag-actividades-de-tallo-de-planetas-3d","8":"product_tag-armable","9":"product_tag-con-kid-de-pintura","10":"product_tag-desarrolla-la-inteligencia","11":"product_tag-escuela","12":"product_tag-exploracion","13":"product_tag-kit-de-ciencia-para-ninos","14":"product_tag-kits-de-pintura-de-juguetes-educativos","15":"product_tag-modelo-de-sistema-solar-para-ninos","16":"product_tag-planetario-sistema-solar","17":"product_tag-planetario-sistema-solar-exploracion-promueve-la-innovacion-y-desarrolla-la-inteligencia-armable-con-kid-de-pintura","18":"product_tag-promueve-la-innovacion","19":"product_tag-regalos-de-cumpleanos-para-ninos-y-ninas","21":"first","22":"instock","23":"taxable","24":"shipping-taxable","25":"purchasable","26":"product-type-simple"},"yoast_head":"<!-- This site is optimized with the Yoast SEO plugin v27.5 - https:\/\/yoast.com\/product\/yoast-seo-wordpress\/ -->\n<title>Planetario armable proyecto STEAM - Electronica JNC<\/title>\n<meta name=\"description\" content=\"Planetario armable proyecto STEAM, actualmente se utilizan para hacer investigaci\u00f3n steam cient\u00edfica o proyectar problemas que aquejan al planeta.\" \/>\n<meta name=\"robots\" content=\"index, follow, max-snippet:-1, max-image-preview:large, max-video-preview:-1\" \/>\n<link rel=\"canonical\" href=\"https:\/\/www.electronicajnc.com\/web\/producto\/planetario-armable-proyecto-steam\/\" \/>\n<meta property=\"og:locale\" content=\"es_ES\" \/>\n<meta property=\"og:type\" content=\"article\" \/>\n<meta property=\"og:title\" content=\"Planetario armable proyecto STEAM - Electronica JNC\" \/>\n<meta property=\"og:description\" content=\"Planetario armable proyecto STEAM, actualmente se utilizan para hacer investigaci\u00f3n steam cient\u00edfica o proyectar problemas que aquejan al planeta.\" \/>\n<meta property=\"og:url\" content=\"https:\/\/www.electronicajnc.com\/web\/producto\/planetario-armable-proyecto-steam\/\" \/>\n<meta property=\"og:site_name\" content=\"Electronica JNC\" \/>\n<meta property=\"article:modified_time\" content=\"2023-04-28T22:34:58+00:00\" \/>\n<meta property=\"og:image\" content=\"https:\/\/www.electronicajnc.com\/web\/wp-content\/uploads\/2023\/04\/SISTEMA-SOLAR-1.jpg\" \/>\n\t<meta property=\"og:image:width\" content=\"1002\" \/>\n\t<meta property=\"og:image:height\" content=\"926\" \/>\n\t<meta property=\"og:image:type\" content=\"image\/jpeg\" \/>\n<meta name=\"twitter:card\" content=\"summary_large_image\" \/>\n<meta name=\"twitter:label1\" content=\"Tiempo de lectura\" \/>\n\t<meta name=\"twitter:data1\" content=\"2 minutos\" \/>\n<script type=\"application\/ld+json\" class=\"yoast-schema-graph\">{\"@context\":\"https:\\\/\\\/schema.org\",\"@graph\":[{\"@type\":\"WebPage\",\"@id\":\"https:\\\/\\\/www.electronicajnc.com\\\/web\\\/producto\\\/planetario-armable-proyecto-steam\\\/\",\"url\":\"https:\\\/\\\/www.electronicajnc.com\\\/web\\\/producto\\\/planetario-armable-proyecto-steam\\\/\",\"name\":\"Planetario armable proyecto STEAM - Electronica JNC\",\"isPartOf\":{\"@id\":\"https:\\\/\\\/www.electronicajnc.com\\\/web\\\/#website\"},\"primaryImageOfPage\":{\"@id\":\"https:\\\/\\\/www.electronicajnc.com\\\/web\\\/producto\\\/planetario-armable-proyecto-steam\\\/#primaryimage\"},\"image\":{\"@id\":\"https:\\\/\\\/www.electronicajnc.com\\\/web\\\/producto\\\/planetario-armable-proyecto-steam\\\/#primaryimage\"},\"thumbnailUrl\":\"https:\\\/\\\/www.electronicajnc.com\\\/web\\\/wp-content\\\/uploads\\\/2023\\\/04\\\/SISTEMA-SOLAR-1.jpg\",\"datePublished\":\"2023-04-28T22:34:55+00:00\",\"dateModified\":\"2023-04-28T22:34:58+00:00\",\"description\":\"Planetario armable proyecto STEAM, actualmente se utilizan para hacer investigaci\u00f3n steam cient\u00edfica o proyectar problemas que aquejan al planeta.\",\"breadcrumb\":{\"@id\":\"https:\\\/\\\/www.electronicajnc.com\\\/web\\\/producto\\\/planetario-armable-proyecto-steam\\\/#breadcrumb\"},\"inLanguage\":\"es\",\"potentialAction\":[{\"@type\":\"ReadAction\",\"target\":[\"https:\\\/\\\/www.electronicajnc.com\\\/web\\\/producto\\\/planetario-armable-proyecto-steam\\\/\"]}]},{\"@type\":\"ImageObject\",\"inLanguage\":\"es\",\"@id\":\"https:\\\/\\\/www.electronicajnc.com\\\/web\\\/producto\\\/planetario-armable-proyecto-steam\\\/#primaryimage\",\"url\":\"https:\\\/\\\/www.electronicajnc.com\\\/web\\\/wp-content\\\/uploads\\\/2023\\\/04\\\/SISTEMA-SOLAR-1.jpg\",\"contentUrl\":\"https:\\\/\\\/www.electronicajnc.com\\\/web\\\/wp-content\\\/uploads\\\/2023\\\/04\\\/SISTEMA-SOLAR-1.jpg\",\"width\":1002,\"height\":926,\"caption\":\"sistema solar armable steam\"},{\"@type\":\"BreadcrumbList\",\"@id\":\"https:\\\/\\\/www.electronicajnc.com\\\/web\\\/producto\\\/planetario-armable-proyecto-steam\\\/#breadcrumb\",\"itemListElement\":[{\"@type\":\"ListItem\",\"position\":1,\"name\":\"Portada\",\"item\":\"https:\\\/\\\/www.electronicajnc.com\\\/web\\\/\"},{\"@type\":\"ListItem\",\"position\":2,\"name\":\"TIENDA\",\"item\":\"https:\\\/\\\/www.electronicajnc.com\\\/web\\\/tienda\\\/\"},{\"@type\":\"ListItem\",\"position\":3,\"name\":\"Planetario armable proyecto STEAM\"}]},{\"@type\":\"WebSite\",\"@id\":\"https:\\\/\\\/www.electronicajnc.com\\\/web\\\/#website\",\"url\":\"https:\\\/\\\/www.electronicajnc.com\\\/web\\\/\",\"name\":\"Electronica JNC\",\"description\":\"Robotica Tecnologia Mecatronica en Ecuador\",\"publisher\":{\"@id\":\"https:\\\/\\\/www.electronicajnc.com\\\/web\\\/#organization\"},\"potentialAction\":[{\"@type\":\"SearchAction\",\"target\":{\"@type\":\"EntryPoint\",\"urlTemplate\":\"https:\\\/\\\/www.electronicajnc.com\\\/web\\\/?s={search_term_string}\"},\"query-input\":{\"@type\":\"PropertyValueSpecification\",\"valueRequired\":true,\"valueName\":\"search_term_string\"}}],\"inLanguage\":\"es\"},{\"@type\":\"Organization\",\"@id\":\"https:\\\/\\\/www.electronicajnc.com\\\/web\\\/#organization\",\"name\":\"Electronica JNC\",\"url\":\"https:\\\/\\\/www.electronicajnc.com\\\/web\\\/\",\"logo\":{\"@type\":\"ImageObject\",\"inLanguage\":\"es\",\"@id\":\"https:\\\/\\\/www.electronicajnc.com\\\/web\\\/#\\\/schema\\\/logo\\\/image\\\/\",\"url\":\"https:\\\/\\\/www.electronicajnc.com\\\/web\\\/wp-content\\\/uploads\\\/2023\\\/06\\\/nuevo-logo.jpg\",\"contentUrl\":\"https:\\\/\\\/www.electronicajnc.com\\\/web\\\/wp-content\\\/uploads\\\/2023\\\/06\\\/nuevo-logo.jpg\",\"width\":1256,\"height\":612,\"caption\":\"Electronica JNC\"},\"image\":{\"@id\":\"https:\\\/\\\/www.electronicajnc.com\\\/web\\\/#\\\/schema\\\/logo\\\/image\\\/\"}}]}<\/script>\n<!-- \/ Yoast SEO plugin. -->","yoast_head_json":{"title":"Planetario armable proyecto STEAM - Electronica JNC","description":"Planetario armable proyecto STEAM, actualmente se utilizan para hacer investigaci\u00f3n steam cient\u00edfica o proyectar problemas que aquejan al planeta.","robots":{"index":"index","follow":"follow","max-snippet":"max-snippet:-1","max-image-preview":"max-image-preview:large","max-video-preview":"max-video-preview:-1"},"canonical":"https:\/\/www.electronicajnc.com\/web\/producto\/planetario-armable-proyecto-steam\/","og_locale":"es_ES","og_type":"article","og_title":"Planetario armable proyecto STEAM - Electronica JNC","og_description":"Planetario armable proyecto STEAM, actualmente se utilizan para hacer investigaci\u00f3n steam cient\u00edfica o proyectar problemas que aquejan al planeta.","og_url":"https:\/\/www.electronicajnc.com\/web\/producto\/planetario-armable-proyecto-steam\/","og_site_name":"Electronica JNC","article_modified_time":"2023-04-28T22:34:58+00:00","og_image":[{"width":1002,"height":926,"url":"https:\/\/www.electronicajnc.com\/web\/wp-content\/uploads\/2023\/04\/SISTEMA-SOLAR-1.jpg","type":"image\/jpeg"}],"twitter_card":"summary_large_image","twitter_misc":{"Tiempo de lectura":"2 minutos"},"schema":{"@context":"https:\/\/schema.org","@graph":[{"@type":"WebPage","@id":"https:\/\/www.electronicajnc.com\/web\/producto\/planetario-armable-proyecto-steam\/","url":"https:\/\/www.electronicajnc.com\/web\/producto\/planetario-armable-proyecto-steam\/","name":"Planetario armable proyecto STEAM - Electronica JNC","isPartOf":{"@id":"https:\/\/www.electronicajnc.com\/web\/#website"},"primaryImageOfPage":{"@id":"https:\/\/www.electronicajnc.com\/web\/producto\/planetario-armable-proyecto-steam\/#primaryimage"},"image":{"@id":"https:\/\/www.electronicajnc.com\/web\/producto\/planetario-armable-proyecto-steam\/#primaryimage"},"thumbnailUrl":"https:\/\/www.electronicajnc.com\/web\/wp-content\/uploads\/2023\/04\/SISTEMA-SOLAR-1.jpg","datePublished":"2023-04-28T22:34:55+00:00","dateModified":"2023-04-28T22:34:58+00:00","description":"Planetario armable proyecto STEAM, actualmente se utilizan para hacer investigaci\u00f3n steam cient\u00edfica o proyectar problemas que aquejan al planeta.","breadcrumb":{"@id":"https:\/\/www.electronicajnc.com\/web\/producto\/planetario-armable-proyecto-steam\/#breadcrumb"},"inLanguage":"es","potentialAction":[{"@type":"ReadAction","target":["https:\/\/www.electronicajnc.com\/web\/producto\/planetario-armable-proyecto-steam\/"]}]},{"@type":"ImageObject","inLanguage":"es","@id":"https:\/\/www.electronicajnc.com\/web\/producto\/planetario-armable-proyecto-steam\/#primaryimage","url":"https:\/\/www.electronicajnc.com\/web\/wp-content\/uploads\/2023\/04\/SISTEMA-SOLAR-1.jpg","contentUrl":"https:\/\/www.electronicajnc.com\/web\/wp-content\/uploads\/2023\/04\/SISTEMA-SOLAR-1.jpg","width":1002,"height":926,"caption":"sistema solar armable steam"},{"@type":"BreadcrumbList","@id":"https:\/\/www.electronicajnc.com\/web\/producto\/planetario-armable-proyecto-steam\/#breadcrumb","itemListElement":[{"@type":"ListItem","position":1,"name":"Portada","item":"https:\/\/www.electronicajnc.com\/web\/"},{"@type":"ListItem","position":2,"name":"TIENDA","item":"https:\/\/www.electronicajnc.com\/web\/tienda\/"},{"@type":"ListItem","position":3,"name":"Planetario armable proyecto STEAM"}]},{"@type":"WebSite","@id":"https:\/\/www.electronicajnc.com\/web\/#website","url":"https:\/\/www.electronicajnc.com\/web\/","name":"Electronica JNC","description":"Robotica Tecnologia Mecatronica en Ecuador","publisher":{"@id":"https:\/\/www.electronicajnc.com\/web\/#organization"},"potentialAction":[{"@type":"SearchAction","target":{"@type":"EntryPoint","urlTemplate":"https:\/\/www.electronicajnc.com\/web\/?s={search_term_string}"},"query-input":{"@type":"PropertyValueSpecification","valueRequired":true,"valueName":"search_term_string"}}],"inLanguage":"es"},{"@type":"Organization","@id":"https:\/\/www.electronicajnc.com\/web\/#organization","name":"Electronica JNC","url":"https:\/\/www.electronicajnc.com\/web\/","logo":{"@type":"ImageObject","inLanguage":"es","@id":"https:\/\/www.electronicajnc.com\/web\/#\/schema\/logo\/image\/","url":"https:\/\/www.electronicajnc.com\/web\/wp-content\/uploads\/2023\/06\/nuevo-logo.jpg","contentUrl":"https:\/\/www.electronicajnc.com\/web\/wp-content\/uploads\/2023\/06\/nuevo-logo.jpg","width":1256,"height":612,"caption":"Electronica JNC"},"image":{"@id":"https:\/\/www.electronicajnc.com\/web\/#\/schema\/logo\/image\/"}}]}},"_links":{"self":[{"href":"https:\/\/www.electronicajnc.com\/web\/wp-json\/wp\/v2\/product\/592","targetHints":{"allow":["GET"]}}],"collection":[{"href":"https:\/\/www.electronicajnc.com\/web\/wp-json\/wp\/v2\/product"}],"about":[{"href":"https:\/\/www.electronicajnc.com\/web\/wp-json\/wp\/v2\/types\/product"}],"replies":[{"embeddable":true,"href":"https:\/\/www.electronicajnc.com\/web\/wp-json\/wp\/v2\/comments?post=592"}],"wp:featuredmedia":[{"embeddable":true,"href":"https:\/\/www.electronicajnc.com\/web\/wp-json\/wp\/v2\/media\/593"}],"wp:attachment":[{"href":"https:\/\/www.electronicajnc.com\/web\/wp-json\/wp\/v2\/media?parent=592"}],"wp:term":[{"taxonomy":"product_brand","embeddable":true,"href":"https:\/\/www.electronicajnc.com\/web\/wp-json\/wp\/v2\/product_brand?post=592"},{"taxonomy":"product_cat","embeddable":true,"href":"https:\/\/www.electronicajnc.com\/web\/wp-json\/wp\/v2\/product_cat?post=592"},{"taxonomy":"product_tag","embeddable":true,"href":"https:\/\/www.electronicajnc.com\/web\/wp-json\/wp\/v2\/product_tag?post=592"}],"curies":[{"name":"wp","href":"https:\/\/api.w.org\/{rel}","templated":true}]}}