{"id":597,"date":"2023-05-12T17:46:47","date_gmt":"2023-05-12T17:46:47","guid":{"rendered":"https:\/\/www.electronicajnc.com\/web\/?post_type=product&#038;p=597"},"modified":"2025-06-10T13:29:23","modified_gmt":"2025-06-10T13:29:23","slug":"tarjeta-de-desarrollo-esp32-wifi-bluetooth","status":"publish","type":"product","link":"https:\/\/www.electronicajnc.com\/web\/producto\/tarjeta-de-desarrollo-esp32-wifi-bluetooth\/","title":{"rendered":"Tarjeta de Desarrollo ESP32 Wifi Bluetooth"},"content":{"rendered":"<p class=\"product_title entry-title\">Tarjeta de Desarrollo ESP32 Wifi Bluetooth<\/p>\n<p><img decoding=\"async\" class=\"aligncenter\" src=\"https:\/\/encrypted-tbn0.gstatic.com\/images?q=tbn:ANd9GcRx3VPg79pnd4xDkuJJXMHt0QPudbG9s09rLw&amp;usqp=CAU\" alt=\"ESP32 Development Boards for Wi-Fi communication | Behind The Scenes\" \/>La plataforma ESP32 ofrece a bajo costo capacidades wifi, bluetooth y BLE. Tiene un CPU de dos n\u00facleos de hasta 240Mhz que se pueden controlar independientemente. Ademas integra internamente una gran cantidad de perif\u00e9ricos incluyendo: sensores t\u00e1ctiles capacitivos, sensor de efecto Hall, amplificadores de bajo ruido, interfaz para tarjeta SD, Ethernet, SPI de alta velocidad, UART, I2S e I2C.<\/p>\n<p>El punto fuerte de esta plataforma es su gran comunidad en internet que le brinda soporte y desarolla constantemente nuevas herramientas para su uso.<\/p>\n<p>Para su desarrollo cuenta con gran variedad de software, lenguajes de programaci\u00f3n, frameworks, librerias, codigos, y otros recursos. Los m\u00e1s comunes a elegir son: Esp-idf (Espressif IoT Development Framework) desarollado por el fabricante del chip, Arduino (en lenguaje C++), Simba Embedded Programming Platform (en lenguaje Python), RTOS\u2019s (como Zephyr Project, Mongoose OS, NuttX RTOS), MicroPython, LUA, Javascript (Espruino, Duktape, Mongoose JS), Basic.<\/p>\n<h1 class=\"product_title entry-title\">Tarjeta de Desarrollo ESP32 Wifi Bluetooth<\/h1>\n<p><strong>Caracter\u00edsticas:<\/strong><\/p>\n<ul>\n<li>Microcontrolador Tensilica LX6\u00a0240 MHz dual\u00a0core \u2013 600 DMIPS<\/li>\n<li>520 KB SRAM<\/li>\n<li>Wifi 802.11b\/g\/n HT40 Wi-Fi transceiver, baseband, stack and LWIP<\/li>\n<li>Bluetooth doble banda (classic y BLE)<\/li>\n<li>Flash de 4 MBytes<\/li>\n<li>Antena PCB integrada<\/li>\n<li>Amplificador anal\u00f3gico de ultra majo ruido<\/li>\n<li>Sensor Hall<\/li>\n<li>10 pines capacitivos<\/li>\n<li>Oscilador de cristal a 32 kHz<\/li>\n<li>3 x UARTs (solo dos est\u00e1n configurados por defecto en el IDE de Arduino, uno de ellos usado para bootloading\/debug)<\/li>\n<li>3 x SPI (solo uno configurado por defecto en Arduino IDE)<\/li>\n<li>2 x I2C (solo uno configurado por defecto en Arduino IDE)<\/li>\n<li>12 x entradas ADC<\/li>\n<li>2 x I2S Audio<\/li>\n<li>2 x DAC<\/li>\n<li>PWM\/timer input\/output available on every GPIO pin<\/li>\n<li>OpenOCD debug interface with 32 kB TRAX buffer<\/li>\n<li>SDIO master\/slave 50 MHz<\/li>\n<li>SD-card interface support<\/li>\n<li>Dimensiones: 51 x 23 x 8 mm) sin header headers<\/li>\n<li>Peso: 6.8 gramos<\/li>\n<li>Regulador 3.3V integrado (500mA)<\/li>\n<li>Conector USB<\/li>\n<li>4 agujeros de montaje (2.5mm)<\/li>\n<li>Pulsador de RESET<\/li>\n<\/ul>\n<p><strong>\u00bfD\u00f3nde conseguir ?<\/strong><\/p>\n<p>Puedes conseguir este producto y mucho mas en nuestra tienda de electr\u00f3nica \u201cElectronica JNC\u201d a un excelente precio, de igual manera puedes preguntar por otros productos que tenemos para ti y as\u00ed adquirirlos seg\u00fan tu necesidad para\u00a0 tus proyectos.<\/p>\n<p>Puede retirar sus pedidos en nuestra\u00a0<a href=\"https:\/\/www.electronicajnc.com\/web\/contactos\" target=\"_blank\" rel=\"noopener\">TIENDA F\u00cdSICA<\/a>\u00a0o realizar sus pedidos\u00a0<a href=\"https:\/\/www.electronicajnc.com\/web\/mi-cuenta\" target=\"_blank\" rel=\"noopener\">ONLINE<\/a>\u00a0o por\u00a0<a href=\"https:\/\/api.whatsapp.com\/send?phone=593958753126\" target=\"_blank\" rel=\"noopener\">WHATSAPP<\/a>.<\/p>\n","protected":false},"excerpt":{"rendered":"<p>es un potente m\u00f3dulo gen\u00e9rico de Wi-Fi+Bluetooth+BLE MCU que est\u00e1 dirigido a una amplia variedad de aplicaciones, que van desde redes de sensores de bajo consumo hasta las tareas m\u00e1s exigentes, como la codificaci\u00f3n de voz, la transmisi\u00f3n de m\u00fasica y la decodificaci\u00f3n de MP3.<\/p>\n","protected":false},"featured_media":598,"comment_status":"closed","ping_status":"closed","template":"","meta":{"saved_in_kubio":false,"_joinchat":[]},"product_brand":[],"product_cat":[21],"product_tag":[355,274,317,46,353,350,356,357,318,352,354,358,80,31,351,359,360,361],"class_list":{"0":"post-597","1":"product","2":"type-product","3":"status-publish","4":"has-post-thumbnail","6":"product_cat-modulos_sensores","7":"product_tag-bluetooth","8":"product_tag-control","9":"product_tag-controlador","10":"product_tag-electronica","11":"product_tag-esp","12":"product_tag-esp-32-modulo-wifi-bluetooth-esp32-30-pines","13":"product_tag-esp32","14":"product_tag-fi","15":"product_tag-microcontrolador","16":"product_tag-modulo-esp32-esp-32-wifi-bluetooth","17":"product_tag-placas-para-programacion-etiquetas-32","18":"product_tag-procesador","19":"product_tag-robot","20":"product_tag-robotica","21":"product_tag-tarjeta-de-desarrollo-esp32-wifi-bluetooth","22":"product_tag-wi","23":"product_tag-wi-fi","24":"product_tag-wifi","26":"first","27":"instock","28":"taxable","29":"shipping-taxable","30":"product-type-simple"},"yoast_head":"<!-- This site is optimized with the Yoast SEO plugin v27.4 - https:\/\/yoast.com\/product\/yoast-seo-wordpress\/ -->\n<title>Tarjeta de Desarrollo ESP32 Wifi Bluetooth - Electronica JNC<\/title>\n<meta name=\"description\" content=\"Tarjeta de Desarrollo ESP32 Wifi Bluetooth, dirigido a una variedad de aplicaciones, desde redes de sensores de bajo consumo hasta las tareas m\u00e1s exigentes\" \/>\n<meta name=\"robots\" content=\"index, follow, max-snippet:-1, max-image-preview:large, max-video-preview:-1\" \/>\n<link rel=\"canonical\" href=\"https:\/\/www.electronicajnc.com\/web\/producto\/tarjeta-de-desarrollo-esp32-wifi-bluetooth\/\" \/>\n<meta property=\"og:locale\" content=\"es_ES\" \/>\n<meta property=\"og:type\" content=\"article\" \/>\n<meta property=\"og:title\" content=\"Tarjeta de Desarrollo ESP32 Wifi Bluetooth - Electronica JNC\" \/>\n<meta property=\"og:description\" content=\"Tarjeta de Desarrollo ESP32 Wifi Bluetooth, dirigido a una variedad de aplicaciones, desde redes de sensores de bajo consumo hasta las tareas m\u00e1s exigentes\" \/>\n<meta property=\"og:url\" content=\"https:\/\/www.electronicajnc.com\/web\/producto\/tarjeta-de-desarrollo-esp32-wifi-bluetooth\/\" \/>\n<meta property=\"og:site_name\" content=\"Electronica JNC\" \/>\n<meta property=\"article:modified_time\" content=\"2025-06-10T13:29:23+00:00\" \/>\n<meta property=\"og:image\" content=\"https:\/\/www.electronicajnc.com\/web\/wp-content\/uploads\/2023\/05\/ESP32.jpg\" \/>\n\t<meta property=\"og:image:width\" content=\"1200\" \/>\n\t<meta property=\"og:image:height\" content=\"1112\" \/>\n\t<meta property=\"og:image:type\" content=\"image\/jpeg\" \/>\n<meta name=\"twitter:card\" content=\"summary_large_image\" \/>\n<meta name=\"twitter:label1\" content=\"Tiempo de lectura\" \/>\n\t<meta name=\"twitter:data1\" content=\"3 minutos\" \/>\n<script type=\"application\/ld+json\" class=\"yoast-schema-graph\">{\"@context\":\"https:\\\/\\\/schema.org\",\"@graph\":[{\"@type\":\"WebPage\",\"@id\":\"https:\\\/\\\/www.electronicajnc.com\\\/web\\\/producto\\\/tarjeta-de-desarrollo-esp32-wifi-bluetooth\\\/\",\"url\":\"https:\\\/\\\/www.electronicajnc.com\\\/web\\\/producto\\\/tarjeta-de-desarrollo-esp32-wifi-bluetooth\\\/\",\"name\":\"Tarjeta de Desarrollo ESP32 Wifi Bluetooth - Electronica JNC\",\"isPartOf\":{\"@id\":\"https:\\\/\\\/www.electronicajnc.com\\\/web\\\/#website\"},\"primaryImageOfPage\":{\"@id\":\"https:\\\/\\\/www.electronicajnc.com\\\/web\\\/producto\\\/tarjeta-de-desarrollo-esp32-wifi-bluetooth\\\/#primaryimage\"},\"image\":{\"@id\":\"https:\\\/\\\/www.electronicajnc.com\\\/web\\\/producto\\\/tarjeta-de-desarrollo-esp32-wifi-bluetooth\\\/#primaryimage\"},\"thumbnailUrl\":\"https:\\\/\\\/www.electronicajnc.com\\\/web\\\/wp-content\\\/uploads\\\/2023\\\/05\\\/ESP32.jpg\",\"datePublished\":\"2023-05-12T17:46:47+00:00\",\"dateModified\":\"2025-06-10T13:29:23+00:00\",\"description\":\"Tarjeta de Desarrollo ESP32 Wifi Bluetooth, dirigido a una variedad de aplicaciones, desde redes de sensores de bajo consumo hasta las tareas m\u00e1s exigentes\",\"breadcrumb\":{\"@id\":\"https:\\\/\\\/www.electronicajnc.com\\\/web\\\/producto\\\/tarjeta-de-desarrollo-esp32-wifi-bluetooth\\\/#breadcrumb\"},\"inLanguage\":\"es\",\"potentialAction\":[{\"@type\":\"ReadAction\",\"target\":[\"https:\\\/\\\/www.electronicajnc.com\\\/web\\\/producto\\\/tarjeta-de-desarrollo-esp32-wifi-bluetooth\\\/\"]}]},{\"@type\":\"ImageObject\",\"inLanguage\":\"es\",\"@id\":\"https:\\\/\\\/www.electronicajnc.com\\\/web\\\/producto\\\/tarjeta-de-desarrollo-esp32-wifi-bluetooth\\\/#primaryimage\",\"url\":\"https:\\\/\\\/www.electronicajnc.com\\\/web\\\/wp-content\\\/uploads\\\/2023\\\/05\\\/ESP32.jpg\",\"contentUrl\":\"https:\\\/\\\/www.electronicajnc.com\\\/web\\\/wp-content\\\/uploads\\\/2023\\\/05\\\/ESP32.jpg\",\"width\":1200,\"height\":1112,\"caption\":\"Esp 32 Modulo Wifi- Bluetooth Esp32 30 Pines\"},{\"@type\":\"BreadcrumbList\",\"@id\":\"https:\\\/\\\/www.electronicajnc.com\\\/web\\\/producto\\\/tarjeta-de-desarrollo-esp32-wifi-bluetooth\\\/#breadcrumb\",\"itemListElement\":[{\"@type\":\"ListItem\",\"position\":1,\"name\":\"Portada\",\"item\":\"https:\\\/\\\/www.electronicajnc.com\\\/web\\\/\"},{\"@type\":\"ListItem\",\"position\":2,\"name\":\"TIENDA\",\"item\":\"https:\\\/\\\/www.electronicajnc.com\\\/web\\\/tienda\\\/\"},{\"@type\":\"ListItem\",\"position\":3,\"name\":\"Tarjeta de Desarrollo ESP32 Wifi Bluetooth\"}]},{\"@type\":\"WebSite\",\"@id\":\"https:\\\/\\\/www.electronicajnc.com\\\/web\\\/#website\",\"url\":\"https:\\\/\\\/www.electronicajnc.com\\\/web\\\/\",\"name\":\"Electronica JNC\",\"description\":\"Robotica Tecnologia Mecatronica en Ecuador\",\"publisher\":{\"@id\":\"https:\\\/\\\/www.electronicajnc.com\\\/web\\\/#organization\"},\"potentialAction\":[{\"@type\":\"SearchAction\",\"target\":{\"@type\":\"EntryPoint\",\"urlTemplate\":\"https:\\\/\\\/www.electronicajnc.com\\\/web\\\/?s={search_term_string}\"},\"query-input\":{\"@type\":\"PropertyValueSpecification\",\"valueRequired\":true,\"valueName\":\"search_term_string\"}}],\"inLanguage\":\"es\"},{\"@type\":\"Organization\",\"@id\":\"https:\\\/\\\/www.electronicajnc.com\\\/web\\\/#organization\",\"name\":\"Electronica JNC\",\"url\":\"https:\\\/\\\/www.electronicajnc.com\\\/web\\\/\",\"logo\":{\"@type\":\"ImageObject\",\"inLanguage\":\"es\",\"@id\":\"https:\\\/\\\/www.electronicajnc.com\\\/web\\\/#\\\/schema\\\/logo\\\/image\\\/\",\"url\":\"https:\\\/\\\/www.electronicajnc.com\\\/web\\\/wp-content\\\/uploads\\\/2023\\\/06\\\/nuevo-logo.jpg\",\"contentUrl\":\"https:\\\/\\\/www.electronicajnc.com\\\/web\\\/wp-content\\\/uploads\\\/2023\\\/06\\\/nuevo-logo.jpg\",\"width\":1256,\"height\":612,\"caption\":\"Electronica JNC\"},\"image\":{\"@id\":\"https:\\\/\\\/www.electronicajnc.com\\\/web\\\/#\\\/schema\\\/logo\\\/image\\\/\"}}]}<\/script>\n<!-- \/ Yoast SEO plugin. -->","yoast_head_json":{"title":"Tarjeta de Desarrollo ESP32 Wifi Bluetooth - Electronica JNC","description":"Tarjeta de Desarrollo ESP32 Wifi Bluetooth, dirigido a una variedad de aplicaciones, desde redes de sensores de bajo consumo hasta las tareas m\u00e1s exigentes","robots":{"index":"index","follow":"follow","max-snippet":"max-snippet:-1","max-image-preview":"max-image-preview:large","max-video-preview":"max-video-preview:-1"},"canonical":"https:\/\/www.electronicajnc.com\/web\/producto\/tarjeta-de-desarrollo-esp32-wifi-bluetooth\/","og_locale":"es_ES","og_type":"article","og_title":"Tarjeta de Desarrollo ESP32 Wifi Bluetooth - Electronica JNC","og_description":"Tarjeta de Desarrollo ESP32 Wifi Bluetooth, dirigido a una variedad de aplicaciones, desde redes de sensores de bajo consumo hasta las tareas m\u00e1s exigentes","og_url":"https:\/\/www.electronicajnc.com\/web\/producto\/tarjeta-de-desarrollo-esp32-wifi-bluetooth\/","og_site_name":"Electronica JNC","article_modified_time":"2025-06-10T13:29:23+00:00","og_image":[{"width":1200,"height":1112,"url":"https:\/\/www.electronicajnc.com\/web\/wp-content\/uploads\/2023\/05\/ESP32.jpg","type":"image\/jpeg"}],"twitter_card":"summary_large_image","twitter_misc":{"Tiempo de lectura":"3 minutos"},"schema":{"@context":"https:\/\/schema.org","@graph":[{"@type":"WebPage","@id":"https:\/\/www.electronicajnc.com\/web\/producto\/tarjeta-de-desarrollo-esp32-wifi-bluetooth\/","url":"https:\/\/www.electronicajnc.com\/web\/producto\/tarjeta-de-desarrollo-esp32-wifi-bluetooth\/","name":"Tarjeta de Desarrollo ESP32 Wifi Bluetooth - Electronica JNC","isPartOf":{"@id":"https:\/\/www.electronicajnc.com\/web\/#website"},"primaryImageOfPage":{"@id":"https:\/\/www.electronicajnc.com\/web\/producto\/tarjeta-de-desarrollo-esp32-wifi-bluetooth\/#primaryimage"},"image":{"@id":"https:\/\/www.electronicajnc.com\/web\/producto\/tarjeta-de-desarrollo-esp32-wifi-bluetooth\/#primaryimage"},"thumbnailUrl":"https:\/\/www.electronicajnc.com\/web\/wp-content\/uploads\/2023\/05\/ESP32.jpg","datePublished":"2023-05-12T17:46:47+00:00","dateModified":"2025-06-10T13:29:23+00:00","description":"Tarjeta de Desarrollo ESP32 Wifi Bluetooth, dirigido a una variedad de aplicaciones, desde redes de sensores de bajo consumo hasta las tareas m\u00e1s exigentes","breadcrumb":{"@id":"https:\/\/www.electronicajnc.com\/web\/producto\/tarjeta-de-desarrollo-esp32-wifi-bluetooth\/#breadcrumb"},"inLanguage":"es","potentialAction":[{"@type":"ReadAction","target":["https:\/\/www.electronicajnc.com\/web\/producto\/tarjeta-de-desarrollo-esp32-wifi-bluetooth\/"]}]},{"@type":"ImageObject","inLanguage":"es","@id":"https:\/\/www.electronicajnc.com\/web\/producto\/tarjeta-de-desarrollo-esp32-wifi-bluetooth\/#primaryimage","url":"https:\/\/www.electronicajnc.com\/web\/wp-content\/uploads\/2023\/05\/ESP32.jpg","contentUrl":"https:\/\/www.electronicajnc.com\/web\/wp-content\/uploads\/2023\/05\/ESP32.jpg","width":1200,"height":1112,"caption":"Esp 32 Modulo Wifi- Bluetooth Esp32 30 Pines"},{"@type":"BreadcrumbList","@id":"https:\/\/www.electronicajnc.com\/web\/producto\/tarjeta-de-desarrollo-esp32-wifi-bluetooth\/#breadcrumb","itemListElement":[{"@type":"ListItem","position":1,"name":"Portada","item":"https:\/\/www.electronicajnc.com\/web\/"},{"@type":"ListItem","position":2,"name":"TIENDA","item":"https:\/\/www.electronicajnc.com\/web\/tienda\/"},{"@type":"ListItem","position":3,"name":"Tarjeta de Desarrollo ESP32 Wifi Bluetooth"}]},{"@type":"WebSite","@id":"https:\/\/www.electronicajnc.com\/web\/#website","url":"https:\/\/www.electronicajnc.com\/web\/","name":"Electronica JNC","description":"Robotica Tecnologia Mecatronica en Ecuador","publisher":{"@id":"https:\/\/www.electronicajnc.com\/web\/#organization"},"potentialAction":[{"@type":"SearchAction","target":{"@type":"EntryPoint","urlTemplate":"https:\/\/www.electronicajnc.com\/web\/?s={search_term_string}"},"query-input":{"@type":"PropertyValueSpecification","valueRequired":true,"valueName":"search_term_string"}}],"inLanguage":"es"},{"@type":"Organization","@id":"https:\/\/www.electronicajnc.com\/web\/#organization","name":"Electronica JNC","url":"https:\/\/www.electronicajnc.com\/web\/","logo":{"@type":"ImageObject","inLanguage":"es","@id":"https:\/\/www.electronicajnc.com\/web\/#\/schema\/logo\/image\/","url":"https:\/\/www.electronicajnc.com\/web\/wp-content\/uploads\/2023\/06\/nuevo-logo.jpg","contentUrl":"https:\/\/www.electronicajnc.com\/web\/wp-content\/uploads\/2023\/06\/nuevo-logo.jpg","width":1256,"height":612,"caption":"Electronica JNC"},"image":{"@id":"https:\/\/www.electronicajnc.com\/web\/#\/schema\/logo\/image\/"}}]}},"_links":{"self":[{"href":"https:\/\/www.electronicajnc.com\/web\/wp-json\/wp\/v2\/product\/597","targetHints":{"allow":["GET"]}}],"collection":[{"href":"https:\/\/www.electronicajnc.com\/web\/wp-json\/wp\/v2\/product"}],"about":[{"href":"https:\/\/www.electronicajnc.com\/web\/wp-json\/wp\/v2\/types\/product"}],"replies":[{"embeddable":true,"href":"https:\/\/www.electronicajnc.com\/web\/wp-json\/wp\/v2\/comments?post=597"}],"wp:featuredmedia":[{"embeddable":true,"href":"https:\/\/www.electronicajnc.com\/web\/wp-json\/wp\/v2\/media\/598"}],"wp:attachment":[{"href":"https:\/\/www.electronicajnc.com\/web\/wp-json\/wp\/v2\/media?parent=597"}],"wp:term":[{"taxonomy":"product_brand","embeddable":true,"href":"https:\/\/www.electronicajnc.com\/web\/wp-json\/wp\/v2\/product_brand?post=597"},{"taxonomy":"product_cat","embeddable":true,"href":"https:\/\/www.electronicajnc.com\/web\/wp-json\/wp\/v2\/product_cat?post=597"},{"taxonomy":"product_tag","embeddable":true,"href":"https:\/\/www.electronicajnc.com\/web\/wp-json\/wp\/v2\/product_tag?post=597"}],"curies":[{"name":"wp","href":"https:\/\/api.w.org\/{rel}","templated":true}]}}