{"id":600,"date":"2023-05-18T20:58:40","date_gmt":"2023-05-18T20:58:40","guid":{"rendered":"https:\/\/www.electronicajnc.com\/web\/?post_type=product&#038;p=600"},"modified":"2025-05-27T15:47:48","modified_gmt":"2025-05-27T15:47:48","slug":"amplificador-de-instrumentacion-ad620","status":"publish","type":"product","link":"https:\/\/www.electronicajnc.com\/web\/producto\/amplificador-de-instrumentacion-ad620\/","title":{"rendered":"Amplificador de Instrumentaci\u00f3n AD620"},"content":{"rendered":"<p>Amplificador de Instrumentaci\u00f3n AD620<\/p>\n<p>&nbsp;<\/p>\n<p>El AD620 viene en paquetes SOIC y DIP de 8 conductores y son amplificadores de instrumentaci\u00f3n de bajo costo y alta precisi\u00f3n que, con una resistencia externa, permiten al usuario establecer ganancias de 1 a 10.000. El dise\u00f1o compacto y bajo consumo de energ\u00eda (solamente 1.3 mA (m\u00e1ximo) fuente de corriente) lo hacen apto para aplicaciones port\u00e1tiles o remotas que requieren una bater\u00eda, ideal para uso en sistemas de adquisici\u00f3n de datos precisos tales como balanzas de peso e interfaces de transductor. Adem\u00e1s, el bajo ruido, baja corriente de polarizaci\u00f3n de entrada y baja potencia de entrada del AD620 lo hacen apto para aplicaciones m\u00e9dicas tales como ECG y monitores de presi\u00f3n sangu\u00ednea no invasivos.<\/p>\n<div>\n<div class=\"dnXCYb\" tabindex=\"0\" role=\"button\" aria-controls=\"_3pBmZNGBO9-zqtsPk6KJ8Aw_35\" aria-expanded=\"true\" data-hveid=\"CCwQAQ\">\n<div class=\"JlqpRe\"><span class=\"JCzEY ZwRhJd\"><span class=\"CSkcDe\">\u00bfC\u00f3mo se determina la ganancia en un amplificador de instrumentaci\u00f3n?<\/span><\/span><\/div>\n<div class=\"aj35ze\"><\/div>\n<\/div>\n<\/div>\n<div id=\"_3pBmZNGBO9-zqtsPk6KJ8Aw_35\" class=\"bCOlv\" data-ved=\"2ahUKEwjR6LjA4P_-AhXfmWoFHRNRAs4Q7NUEegQILBAE\">\n<div class=\"IZE3Td\">\n<div class=\"t0bRye r2fjmd\" data-hveid=\"CCwQBQ\" data-ved=\"2ahUKEwjR6LjA4P_-AhXfmWoFHRNRAs4Qu04oAHoECCwQBQ\">\n<div id=\"3pBmZNGBO9-zqtsPk6KJ8Aw__25\">\n<div class=\"wDYxhc NFQFxe oHglmf xzPb7d\" data-md=\"32\" data-hveid=\"CC8QAA\" data-ved=\"2ahUKEwjR6LjA4P_-AhXfmWoFHRNRAs4Q4dMGegQILxAA\">\n<div id=\"media_result_group\" class=\"kno-mrg-si kno-mrg kno-swp\" data-hveid=\"CC8QAQ\">\n<div class=\"kno-fiu kno-liu\">\n<div data-count=\"1\" data-hveid=\"CBUQAA\">\n<div><\/div>\n<div>\n<div>\n<div class=\"RYdNQb\" data-h=\"130\" data-nr=\"1\" data-ved=\"2ahUKEwjR6LjA4P_-AhXfmWoFHRNRAs4QyQ0oAHoECBUQAg\">\n<div class=\"eA0Zlc WghbWd FnEtTd ivg-i PZPZlf img-kc-m GMCzAd\" data-sd=\"\" aria-hidden=\"true\" data-attrid=\"image\" data-docid=\"osl2TF14255TYM\" data-lpage=\"https:\/\/hetpro-store.com\/TUTORIALES\/amplificador-de-instrumentacion\/\" data-ni=\"1\" data-ref-docid=\"ZMB5Yj7Clda3tM\" data-vc=\"1\" data-hveid=\"CCMQAA\" data-ved=\"2ahUKEwjR6LjA4P_-AhXfmWoFHRNRAs4Qzkx6BAgjEAA\">\n<div>\n<div class=\"XOEbc\" tabindex=\"0\" role=\"button\">\n<div>\n<div class=\"uhHOwf BYbUcd\" data-bla=\"\"><\/div>\n<\/div>\n<\/div>\n<\/div>\n<\/div>\n<\/div>\n<\/div>\n<\/div>\n<\/div>\n<\/div>\n<\/div>\n<\/div>\n<\/div>\n<div id=\"3pBmZNGBO9-zqtsPk6KJ8Aw__28\">\n<div class=\"wDYxhc\" data-md=\"61\">\n<div class=\"LGOjhe\" role=\"heading\" data-attrid=\"wa:\/description\" aria-level=\"3\" data-hveid=\"CC0QAA\"><span class=\"ILfuVd\" lang=\"es\"><span class=\"hgKElc\">En la etapa de ganancia, en el modo diferencial se tiene que mantener la relaci\u00f3n entre R4\/R3 igual a la de R2\/R1 para mantener la ganancia ajustada. En el de instrumentaci\u00f3n solo <b>depende de una resistencia<\/b>.<\/span><\/span><\/div>\n<\/div>\n<\/div>\n<\/div>\n<\/div>\n<\/div>\n<div role=\"heading\" data-attrid=\"wa:\/description\" aria-level=\"3\" data-hveid=\"CC0QAA\">\n<div>\n<div class=\"dnXCYb\" tabindex=\"0\" role=\"button\" aria-controls=\"_3pBmZNGBO9-zqtsPk6KJ8Aw_36\" aria-expanded=\"true\" data-hveid=\"CDAQAQ\">\n<div class=\"JlqpRe\"><span class=\"JCzEY ZwRhJd\"><span class=\"CSkcDe\">\u00bfCu\u00e1ndo usar un amplificador de instrumentaci\u00f3n?<\/span><\/span><\/div>\n<div class=\"aj35ze\"><\/div>\n<div class=\"L3Ezfd\" data-ved=\"2ahUKEwjR6LjA4P_-AhXfmWoFHRNRAs4Quk56BAgwEAI\"><\/div>\n<\/div>\n<\/div>\n<div id=\"_3pBmZNGBO9-zqtsPk6KJ8Aw_36\" class=\"bCOlv\" data-ved=\"2ahUKEwjR6LjA4P_-AhXfmWoFHRNRAs4Q7NUEegQIMBAE\">\n<div class=\"IZE3Td\">\n<div class=\"t0bRye r2fjmd\" data-hveid=\"CDAQBQ\" data-ved=\"2ahUKEwjR6LjA4P_-AhXfmWoFHRNRAs4Qu04oAHoECDAQBQ\">\n<div id=\"3pBmZNGBO9-zqtsPk6KJ8Aw__22\">\n<div class=\"wDYxhc\" data-md=\"61\">\n<div class=\"LGOjhe\" role=\"heading\" data-attrid=\"wa:\/description\" aria-level=\"3\" data-hveid=\"CDEQAA\"><span class=\"ILfuVd\" lang=\"es\"><span class=\"hgKElc\"><b>Para amplificar se\u00f1ales el\u00e9ctricas biol\u00f3gicas<\/b>\u00a0(por ejemplo en electrocardiogramas). Como parte de circuitos para proporcionar alimentaci\u00f3n a corriente constante<\/span><\/span><\/div>\n<\/div>\n<\/div>\n<\/div>\n<\/div>\n<\/div>\n<\/div>\n<div id=\"_3pBmZNGBO9-zqtsPk6KJ8Aw_35\" class=\"bCOlv\" data-ved=\"2ahUKEwjR6LjA4P_-AhXfmWoFHRNRAs4Q7NUEegQILBAE\">\n<div class=\"IZE3Td\">\n<div class=\"t0bRye r2fjmd\" data-hveid=\"CCwQBQ\" data-ved=\"2ahUKEwjR6LjA4P_-AhXfmWoFHRNRAs4Qu04oAHoECCwQBQ\">\n<div id=\"3pBmZNGBO9-zqtsPk6KJ8Aw__28\">\n<div role=\"heading\" data-attrid=\"wa:\/description\" aria-level=\"3\" data-hveid=\"CC0QAA\"><\/div>\n<\/div>\n<\/div>\n<\/div>\n<\/div>\n<h2>Amplificador de Instrumentaci\u00f3n AD620<\/h2>\n<h3>Especificaciones<\/h3>\n<ul>\n<li>No. de amplificadores: 1<\/li>\n<li>Input Offset Voltage: 50 \u03bcV<\/li>\n<li>Ancho de banda: 1 MHz<\/li>\n<li>Supply Voltage Range: \u00b1 2.3 V a \u00b1 18 V<\/li>\n<li>De salida del amplificador: Single Ended<\/li>\n<li>CMRR: 130 dB<\/li>\n<li>Ganancia del equipo con una resistencia externa (Ganancia rango de 1 a 1000)<\/li>\n<li>Amplio rango de alimentaci\u00f3n: 62.3 V a 618 V<\/li>\n<li>Un mayor rendimiento que los tres dise\u00f1os de amplificadores operacionales IA<\/li>\n<li>Corriente de alimentaci\u00f3n de bajo consumo, 1.3 mA<\/li>\n<li>Encapsulado DIP<\/li>\n<li>8 pines<\/li>\n<\/ul>\n<p><strong>\u00bfD\u00f3nde conseguir ?<\/strong><\/p>\n<p>Puedes conseguir este producto y mucho mas en nuestra tienda de electr\u00f3nica \u201cElectr\u00f3nica JNC\u201d a un excelente precio, de igual manera puedes preguntar por otros productos que tenemos para ti y as\u00ed adquirirlos seg\u00fan tu necesidad para\u00a0 tus proyectos.<\/p>\n<p>Puede retirar sus pedidos en nuestra\u00a0<a href=\"https:\/\/www.electronicajnc.com\/web\/contactos\" target=\"_blank\" rel=\"noopener\">TIENDA F\u00cdSICA<\/a>\u00a0o realizar sus pedidos\u00a0<a href=\"https:\/\/www.electronicajnc.com\/web\/mi-cuenta\" target=\"_blank\" rel=\"noopener\">ONLINE<\/a>\u00a0o por\u00a0<a href=\"https:\/\/api.whatsapp.com\/send?phone=593958753126\" target=\"_blank\" rel=\"noopener\">WHATSAPP<\/a>.<\/p>\n","protected":false},"excerpt":{"rendered":"<p>El AD620 es un amplificador de instrumentaci\u00f3n de bajo costo y alta precisi\u00f3n que requiere s\u00f3lo una resistencia externa para ajustar ganancias de 1 a 10,000.<\/p>\n","protected":false},"featured_media":617,"comment_status":"closed","ping_status":"closed","template":"","meta":{"saved_in_kubio":false,"_joinchat":[]},"product_brand":[],"product_cat":[309],"product_tag":[387,379,391,380,383,382,392,388,390,385,386,381,389,384],"class_list":{"0":"post-600","1":"product","2":"type-product","3":"status-publish","4":"has-post-thumbnail","6":"product_cat-componentes-electronicos","7":"product_tag-1-3-ma-max","8":"product_tag-ad620","9":"product_tag-alta-impedancia-de-entrada-10-g","10":"product_tag-amplificador","11":"product_tag-amplificador-de-instrumentacion-de-precision","12":"product_tag-amplificador-de-instrumentacion-de-precision-rango-de-ganancia-entre-1-y-10000","13":"product_tag-ancho-de-banda-120-khz-g100","14":"product_tag-bajo-drift-del-voltaje-offset-0-6-v-c","15":"product_tag-bajo-voltaje-de-offset-125-v-max","16":"product_tag-configurable","17":"product_tag-consumo-de-corriente-en-reposo","18":"product_tag-instrumentacion","19":"product_tag-max","20":"product_tag-rango-de-ganancia-entre-1-y-10000","22":"first","23":"instock","24":"taxable","25":"shipping-taxable","26":"product-type-simple"},"yoast_head":"<!-- This site is optimized with the Yoast SEO plugin v27.5 - https:\/\/yoast.com\/product\/yoast-seo-wordpress\/ -->\n<title>Amplificador de Instrumentaci\u00f3n AD620 - Electronica JNC<\/title>\n<meta name=\"description\" content=\"Amplificador de Instrumentaci\u00f3n AD620 es un amplificador de instrumentaci\u00f3n de bajo costo y alta precisi\u00f3n que requiere s\u00f3lo una resistencia externa\" \/>\n<meta name=\"robots\" content=\"index, follow, max-snippet:-1, max-image-preview:large, max-video-preview:-1\" \/>\n<link rel=\"canonical\" href=\"https:\/\/www.electronicajnc.com\/web\/producto\/amplificador-de-instrumentacion-ad620\/\" \/>\n<meta property=\"og:locale\" content=\"es_ES\" \/>\n<meta property=\"og:type\" content=\"article\" \/>\n<meta property=\"og:title\" content=\"Amplificador de Instrumentaci\u00f3n AD620 - Electronica JNC\" \/>\n<meta property=\"og:description\" content=\"Amplificador de Instrumentaci\u00f3n AD620 es un amplificador de instrumentaci\u00f3n de bajo costo y alta precisi\u00f3n que requiere s\u00f3lo una resistencia externa\" \/>\n<meta property=\"og:url\" content=\"https:\/\/www.electronicajnc.com\/web\/producto\/amplificador-de-instrumentacion-ad620\/\" \/>\n<meta property=\"og:site_name\" content=\"Electronica JNC\" \/>\n<meta property=\"article:modified_time\" content=\"2025-05-27T15:47:48+00:00\" \/>\n<meta property=\"og:image\" content=\"https:\/\/www.electronicajnc.com\/web\/wp-content\/uploads\/2023\/05\/AD620-SIN-LIGO-1.jpg\" \/>\n\t<meta property=\"og:image:width\" content=\"1466\" \/>\n\t<meta property=\"og:image:height\" content=\"1402\" \/>\n\t<meta property=\"og:image:type\" content=\"image\/jpeg\" \/>\n<meta name=\"twitter:card\" content=\"summary_large_image\" \/>\n<meta name=\"twitter:label1\" content=\"Tiempo de lectura\" \/>\n\t<meta name=\"twitter:data1\" content=\"2 minutos\" \/>\n<script type=\"application\/ld+json\" class=\"yoast-schema-graph\">{\"@context\":\"https:\\\/\\\/schema.org\",\"@graph\":[{\"@type\":\"WebPage\",\"@id\":\"https:\\\/\\\/www.electronicajnc.com\\\/web\\\/producto\\\/amplificador-de-instrumentacion-ad620\\\/\",\"url\":\"https:\\\/\\\/www.electronicajnc.com\\\/web\\\/producto\\\/amplificador-de-instrumentacion-ad620\\\/\",\"name\":\"Amplificador de Instrumentaci\u00f3n AD620 - Electronica JNC\",\"isPartOf\":{\"@id\":\"https:\\\/\\\/www.electronicajnc.com\\\/web\\\/#website\"},\"primaryImageOfPage\":{\"@id\":\"https:\\\/\\\/www.electronicajnc.com\\\/web\\\/producto\\\/amplificador-de-instrumentacion-ad620\\\/#primaryimage\"},\"image\":{\"@id\":\"https:\\\/\\\/www.electronicajnc.com\\\/web\\\/producto\\\/amplificador-de-instrumentacion-ad620\\\/#primaryimage\"},\"thumbnailUrl\":\"https:\\\/\\\/www.electronicajnc.com\\\/web\\\/wp-content\\\/uploads\\\/2023\\\/05\\\/AD620-SIN-LIGO-1.jpg\",\"datePublished\":\"2023-05-18T20:58:40+00:00\",\"dateModified\":\"2025-05-27T15:47:48+00:00\",\"description\":\"Amplificador de Instrumentaci\u00f3n AD620 es un amplificador de instrumentaci\u00f3n de bajo costo y alta precisi\u00f3n que requiere s\u00f3lo una resistencia externa\",\"breadcrumb\":{\"@id\":\"https:\\\/\\\/www.electronicajnc.com\\\/web\\\/producto\\\/amplificador-de-instrumentacion-ad620\\\/#breadcrumb\"},\"inLanguage\":\"es\",\"potentialAction\":[{\"@type\":\"ReadAction\",\"target\":[\"https:\\\/\\\/www.electronicajnc.com\\\/web\\\/producto\\\/amplificador-de-instrumentacion-ad620\\\/\"]}]},{\"@type\":\"ImageObject\",\"inLanguage\":\"es\",\"@id\":\"https:\\\/\\\/www.electronicajnc.com\\\/web\\\/producto\\\/amplificador-de-instrumentacion-ad620\\\/#primaryimage\",\"url\":\"https:\\\/\\\/www.electronicajnc.com\\\/web\\\/wp-content\\\/uploads\\\/2023\\\/05\\\/AD620-SIN-LIGO-1.jpg\",\"contentUrl\":\"https:\\\/\\\/www.electronicajnc.com\\\/web\\\/wp-content\\\/uploads\\\/2023\\\/05\\\/AD620-SIN-LIGO-1.jpg\",\"width\":1466,\"height\":1402,\"caption\":\"AD620AN - Amplificador de Instrumentaci\u00f3n de Alta Precisi\u00f3n\"},{\"@type\":\"BreadcrumbList\",\"@id\":\"https:\\\/\\\/www.electronicajnc.com\\\/web\\\/producto\\\/amplificador-de-instrumentacion-ad620\\\/#breadcrumb\",\"itemListElement\":[{\"@type\":\"ListItem\",\"position\":1,\"name\":\"Portada\",\"item\":\"https:\\\/\\\/www.electronicajnc.com\\\/web\\\/\"},{\"@type\":\"ListItem\",\"position\":2,\"name\":\"TIENDA\",\"item\":\"https:\\\/\\\/www.electronicajnc.com\\\/web\\\/tienda\\\/\"},{\"@type\":\"ListItem\",\"position\":3,\"name\":\"Amplificador de Instrumentaci\u00f3n AD620\"}]},{\"@type\":\"WebSite\",\"@id\":\"https:\\\/\\\/www.electronicajnc.com\\\/web\\\/#website\",\"url\":\"https:\\\/\\\/www.electronicajnc.com\\\/web\\\/\",\"name\":\"Electronica JNC\",\"description\":\"Robotica Tecnologia Mecatronica en Ecuador\",\"publisher\":{\"@id\":\"https:\\\/\\\/www.electronicajnc.com\\\/web\\\/#organization\"},\"potentialAction\":[{\"@type\":\"SearchAction\",\"target\":{\"@type\":\"EntryPoint\",\"urlTemplate\":\"https:\\\/\\\/www.electronicajnc.com\\\/web\\\/?s={search_term_string}\"},\"query-input\":{\"@type\":\"PropertyValueSpecification\",\"valueRequired\":true,\"valueName\":\"search_term_string\"}}],\"inLanguage\":\"es\"},{\"@type\":\"Organization\",\"@id\":\"https:\\\/\\\/www.electronicajnc.com\\\/web\\\/#organization\",\"name\":\"Electronica JNC\",\"url\":\"https:\\\/\\\/www.electronicajnc.com\\\/web\\\/\",\"logo\":{\"@type\":\"ImageObject\",\"inLanguage\":\"es\",\"@id\":\"https:\\\/\\\/www.electronicajnc.com\\\/web\\\/#\\\/schema\\\/logo\\\/image\\\/\",\"url\":\"https:\\\/\\\/www.electronicajnc.com\\\/web\\\/wp-content\\\/uploads\\\/2023\\\/06\\\/nuevo-logo.jpg\",\"contentUrl\":\"https:\\\/\\\/www.electronicajnc.com\\\/web\\\/wp-content\\\/uploads\\\/2023\\\/06\\\/nuevo-logo.jpg\",\"width\":1256,\"height\":612,\"caption\":\"Electronica JNC\"},\"image\":{\"@id\":\"https:\\\/\\\/www.electronicajnc.com\\\/web\\\/#\\\/schema\\\/logo\\\/image\\\/\"}}]}<\/script>\n<!-- \/ Yoast SEO plugin. -->","yoast_head_json":{"title":"Amplificador de Instrumentaci\u00f3n AD620 - Electronica JNC","description":"Amplificador de Instrumentaci\u00f3n AD620 es un amplificador de instrumentaci\u00f3n de bajo costo y alta precisi\u00f3n que requiere s\u00f3lo una resistencia externa","robots":{"index":"index","follow":"follow","max-snippet":"max-snippet:-1","max-image-preview":"max-image-preview:large","max-video-preview":"max-video-preview:-1"},"canonical":"https:\/\/www.electronicajnc.com\/web\/producto\/amplificador-de-instrumentacion-ad620\/","og_locale":"es_ES","og_type":"article","og_title":"Amplificador de Instrumentaci\u00f3n AD620 - Electronica JNC","og_description":"Amplificador de Instrumentaci\u00f3n AD620 es un amplificador de instrumentaci\u00f3n de bajo costo y alta precisi\u00f3n que requiere s\u00f3lo una resistencia externa","og_url":"https:\/\/www.electronicajnc.com\/web\/producto\/amplificador-de-instrumentacion-ad620\/","og_site_name":"Electronica JNC","article_modified_time":"2025-05-27T15:47:48+00:00","og_image":[{"width":1466,"height":1402,"url":"https:\/\/www.electronicajnc.com\/web\/wp-content\/uploads\/2023\/05\/AD620-SIN-LIGO-1.jpg","type":"image\/jpeg"}],"twitter_card":"summary_large_image","twitter_misc":{"Tiempo de lectura":"2 minutos"},"schema":{"@context":"https:\/\/schema.org","@graph":[{"@type":"WebPage","@id":"https:\/\/www.electronicajnc.com\/web\/producto\/amplificador-de-instrumentacion-ad620\/","url":"https:\/\/www.electronicajnc.com\/web\/producto\/amplificador-de-instrumentacion-ad620\/","name":"Amplificador de Instrumentaci\u00f3n AD620 - Electronica JNC","isPartOf":{"@id":"https:\/\/www.electronicajnc.com\/web\/#website"},"primaryImageOfPage":{"@id":"https:\/\/www.electronicajnc.com\/web\/producto\/amplificador-de-instrumentacion-ad620\/#primaryimage"},"image":{"@id":"https:\/\/www.electronicajnc.com\/web\/producto\/amplificador-de-instrumentacion-ad620\/#primaryimage"},"thumbnailUrl":"https:\/\/www.electronicajnc.com\/web\/wp-content\/uploads\/2023\/05\/AD620-SIN-LIGO-1.jpg","datePublished":"2023-05-18T20:58:40+00:00","dateModified":"2025-05-27T15:47:48+00:00","description":"Amplificador de Instrumentaci\u00f3n AD620 es un amplificador de instrumentaci\u00f3n de bajo costo y alta precisi\u00f3n que requiere s\u00f3lo una resistencia externa","breadcrumb":{"@id":"https:\/\/www.electronicajnc.com\/web\/producto\/amplificador-de-instrumentacion-ad620\/#breadcrumb"},"inLanguage":"es","potentialAction":[{"@type":"ReadAction","target":["https:\/\/www.electronicajnc.com\/web\/producto\/amplificador-de-instrumentacion-ad620\/"]}]},{"@type":"ImageObject","inLanguage":"es","@id":"https:\/\/www.electronicajnc.com\/web\/producto\/amplificador-de-instrumentacion-ad620\/#primaryimage","url":"https:\/\/www.electronicajnc.com\/web\/wp-content\/uploads\/2023\/05\/AD620-SIN-LIGO-1.jpg","contentUrl":"https:\/\/www.electronicajnc.com\/web\/wp-content\/uploads\/2023\/05\/AD620-SIN-LIGO-1.jpg","width":1466,"height":1402,"caption":"AD620AN - Amplificador de Instrumentaci\u00f3n de Alta Precisi\u00f3n"},{"@type":"BreadcrumbList","@id":"https:\/\/www.electronicajnc.com\/web\/producto\/amplificador-de-instrumentacion-ad620\/#breadcrumb","itemListElement":[{"@type":"ListItem","position":1,"name":"Portada","item":"https:\/\/www.electronicajnc.com\/web\/"},{"@type":"ListItem","position":2,"name":"TIENDA","item":"https:\/\/www.electronicajnc.com\/web\/tienda\/"},{"@type":"ListItem","position":3,"name":"Amplificador de Instrumentaci\u00f3n AD620"}]},{"@type":"WebSite","@id":"https:\/\/www.electronicajnc.com\/web\/#website","url":"https:\/\/www.electronicajnc.com\/web\/","name":"Electronica JNC","description":"Robotica Tecnologia Mecatronica en Ecuador","publisher":{"@id":"https:\/\/www.electronicajnc.com\/web\/#organization"},"potentialAction":[{"@type":"SearchAction","target":{"@type":"EntryPoint","urlTemplate":"https:\/\/www.electronicajnc.com\/web\/?s={search_term_string}"},"query-input":{"@type":"PropertyValueSpecification","valueRequired":true,"valueName":"search_term_string"}}],"inLanguage":"es"},{"@type":"Organization","@id":"https:\/\/www.electronicajnc.com\/web\/#organization","name":"Electronica JNC","url":"https:\/\/www.electronicajnc.com\/web\/","logo":{"@type":"ImageObject","inLanguage":"es","@id":"https:\/\/www.electronicajnc.com\/web\/#\/schema\/logo\/image\/","url":"https:\/\/www.electronicajnc.com\/web\/wp-content\/uploads\/2023\/06\/nuevo-logo.jpg","contentUrl":"https:\/\/www.electronicajnc.com\/web\/wp-content\/uploads\/2023\/06\/nuevo-logo.jpg","width":1256,"height":612,"caption":"Electronica JNC"},"image":{"@id":"https:\/\/www.electronicajnc.com\/web\/#\/schema\/logo\/image\/"}}]}},"_links":{"self":[{"href":"https:\/\/www.electronicajnc.com\/web\/wp-json\/wp\/v2\/product\/600","targetHints":{"allow":["GET"]}}],"collection":[{"href":"https:\/\/www.electronicajnc.com\/web\/wp-json\/wp\/v2\/product"}],"about":[{"href":"https:\/\/www.electronicajnc.com\/web\/wp-json\/wp\/v2\/types\/product"}],"replies":[{"embeddable":true,"href":"https:\/\/www.electronicajnc.com\/web\/wp-json\/wp\/v2\/comments?post=600"}],"wp:featuredmedia":[{"embeddable":true,"href":"https:\/\/www.electronicajnc.com\/web\/wp-json\/wp\/v2\/media\/617"}],"wp:attachment":[{"href":"https:\/\/www.electronicajnc.com\/web\/wp-json\/wp\/v2\/media?parent=600"}],"wp:term":[{"taxonomy":"product_brand","embeddable":true,"href":"https:\/\/www.electronicajnc.com\/web\/wp-json\/wp\/v2\/product_brand?post=600"},{"taxonomy":"product_cat","embeddable":true,"href":"https:\/\/www.electronicajnc.com\/web\/wp-json\/wp\/v2\/product_cat?post=600"},{"taxonomy":"product_tag","embeddable":true,"href":"https:\/\/www.electronicajnc.com\/web\/wp-json\/wp\/v2\/product_tag?post=600"}],"curies":[{"name":"wp","href":"https:\/\/api.w.org\/{rel}","templated":true}]}}