{"id":602,"date":"2023-05-22T21:34:42","date_gmt":"2023-05-22T21:34:42","guid":{"rendered":"https:\/\/www.electronicajnc.com\/web\/?post_type=product&#038;p=602"},"modified":"2025-05-27T16:19:55","modified_gmt":"2025-05-27T16:19:55","slug":"74ls00-7400-nand","status":"publish","type":"product","link":"https:\/\/www.electronicajnc.com\/web\/producto\/74ls00-7400-nand\/","title":{"rendered":"74LS00 7400 NAND"},"content":{"rendered":"<p class=\"product_title entry-title\">74LS00 7400 NAND<\/p>\n<p><img decoding=\"async\" class=\"aligncenter\" src=\"https:\/\/www.electronicajnc.com\/web\/wp-content\/uploads\/2023\/05\/LS00-COLORES-150x150.png\" \/><\/p>\n<p>&nbsp;<\/p>\n<p>CIRCUITO INTEGRADO COMPUERTA NAND DE 2 ENTRADAS CU\u00c1DRUPLE<\/p>\n<p>La COMPUERTA LS00N consta de 4 compuertas NAND-positivas de 2 entradas. Los dispositivos realizan la funci\u00f3n booleana Y = (A \u2022 B)\\ o Y = A\\ + B\\ en l\u00f3gica positiva. Con estas compuertas l\u00f3gicas podemos invertir una se\u00f1al o generar una l\u00f3gica para activar otro circuito integrado. Tambi\u00e9n podemos construir una Bascula R-S Asincrona con un par de compuertas, como podemos ver en el esquema adjunto<\/p>\n<h1 class=\"product_title entry-title\">74LS00 7400 NAND<\/h1>\n<p>La 74HC00N consta de 4 compuertas NAND-positivas de 2 entradas. Los dispositivos realizan la funci\u00f3n booleana Y = (A \u2022 B)\\ o Y = A\\ + B\\ en l\u00f3gica positiva. Con estas compuertas l\u00f3gicas podemos invertir una se\u00f1al o generar una l\u00f3gica para activar otro circuito integrado. Tambi\u00e9n podemos construir una Bascula R-S Asincrona con un par de compuertas, como podemos ver en el esquema adjunto.<br \/>\nEl circuito 7400 y sus variantes es uno de los mas usados en electr\u00f3nica, cuando hay que implementar funciones que usen muchas compuertas NAND y el circuito cuando no es casero o de pruebas se utilizan memorias PAL o GAL principalmente, que son unos circuitos integrados que podemos grabar el resultado en una matriz l\u00f3gica programable mediante un programador universal. En los esquemas electr\u00f3nicos podemos encontrarnos con dos s\u00edmbolos diferentes de la compuerta NAND, los dos son equivalentes. El primero suele usarse m\u00e1s en los esquemas.<\/p>\n<p>Especificaciones<\/p>\n<p>* Familia l\u00f3gica: 74LS00<br \/>\n* Tipo circuito l\u00f3gico: NAND<br \/>\n* N\u00famero de entradas: 2<br \/>\n* Tensi\u00f3n de alimentaci\u00f3n m\u00ednima: 4.75 V<br \/>\n* Tensi\u00f3n de alimentaci\u00f3n m\u00e1xima: 5.25 V<br \/>\n* Corriente de salida: 16 mA<br \/>\n* Temperatura de funcionamiento m\u00ednima: 0 \u00b0C<br \/>\n* Temperatura de funcionamiento m\u00e1xima: 70 \u00b0C<br \/>\n* Encapsulado: DIP<br \/>\n* N\u00famero de pines: 14<br \/>\n* Tipo de entrada y salida TTL<br \/>\n* 0.4 \/ -16 mA salida de unidad (IOL \/ IOH) (M\u00e1ximo)<br \/>\n* Aplicaciones: Procesado de se\u00f1al, industrial<\/p>\n<p><strong>\u00bfD\u00f3nde conseguir ?<\/strong><\/p>\n<p>Puedes conseguir este producto y mucho mas en nuestra tienda de electr\u00f3nica \u201cElectronica JNC\u201d a un excelente precio, de igual manera puedes preguntar por otros productos que tenemos para ti y as\u00ed adquirirlos seg\u00fan tu necesidad para\u00a0 tus proyectos.<\/p>\n<p>Puede retirar sus pedidos en nuestra\u00a0<a href=\"https:\/\/www.electronicajnc.com\/web\/contactos\" target=\"_blank\" rel=\"noopener\">TIENDA F\u00cdSICA<\/a>\u00a0o realizar sus pedidos\u00a0<a href=\"https:\/\/www.electronicajnc.com\/web\/mi-cuenta\" target=\"_blank\" rel=\"noopener\">ONLINE<\/a>\u00a0o por\u00a0<a href=\"https:\/\/api.whatsapp.com\/send?phone=593958753126\" target=\"_blank\" rel=\"noopener\">WHATSAPP<\/a>.<\/p>\n","protected":false},"excerpt":{"rendered":"<p class=\"product_title entry-title\">74LS00 7400 NAND . Con estas compuertas l\u00f3gicas podemos invertir una se\u00f1al o generar una l\u00f3gica para activar otro circuito integrado. Tambi\u00e9n podemos construir una B\u00e1scula R-S As\u00edncrona con un par de compuertas, como podemos ver en el esquema adjunto. Tipo de entrada y salida TTL, 0.4 \/ -16 mA salida de unidad (IOL \/ IOH) (M\u00e1ximo)<\/p>\n","protected":false},"featured_media":603,"comment_status":"closed","ping_status":"closed","template":"","meta":{"saved_in_kubio":false,"_joinchat":[]},"product_brand":[],"product_cat":[309],"product_tag":[369,370,372,371,373,368,362,363,364,365,366,367],"class_list":{"0":"post-602","1":"product","2":"type-product","3":"status-publish","4":"has-post-thumbnail","6":"product_cat-componentes-electronicos","7":"product_tag-74ls02","8":"product_tag-74ls04-74ls08","9":"product_tag-74ls266-74ls85","10":"product_tag-74ls32","11":"product_tag-74lsxx","12":"product_tag-77ls00","13":"product_tag-ci","14":"product_tag-circuito","15":"product_tag-circuito-integrado","16":"product_tag-compuerta","17":"product_tag-ic","18":"product_tag-integrado","20":"first","21":"instock","22":"taxable","23":"shipping-taxable","24":"product-type-simple"},"yoast_head":"<!-- This site is optimized with the Yoast SEO plugin v27.4 - https:\/\/yoast.com\/product\/yoast-seo-wordpress\/ -->\n<title>74LS00 7400 NAND - Electronica JNC<\/title>\n<meta name=\"description\" content=\"74LS00 7400 NAND de 4 compuertas NAND-positivas de 2 entradas. Los dispositivos realizan la funci\u00f3n booleana Y = (A \u2022 B) o Y = A + B en l\u00f3gica positiva\" \/>\n<meta name=\"robots\" content=\"index, follow, max-snippet:-1, max-image-preview:large, max-video-preview:-1\" \/>\n<link rel=\"canonical\" href=\"https:\/\/www.electronicajnc.com\/web\/producto\/74ls00-7400-nand\/\" \/>\n<meta property=\"og:locale\" content=\"es_ES\" \/>\n<meta property=\"og:type\" content=\"article\" \/>\n<meta property=\"og:title\" content=\"74LS00 7400 NAND - Electronica JNC\" \/>\n<meta property=\"og:description\" content=\"74LS00 7400 NAND de 4 compuertas NAND-positivas de 2 entradas. Los dispositivos realizan la funci\u00f3n booleana Y = (A \u2022 B) o Y = A + B en l\u00f3gica positiva\" \/>\n<meta property=\"og:url\" content=\"https:\/\/www.electronicajnc.com\/web\/producto\/74ls00-7400-nand\/\" \/>\n<meta property=\"og:site_name\" content=\"Electronica JNC\" \/>\n<meta property=\"article:modified_time\" content=\"2025-05-27T16:19:55+00:00\" \/>\n<meta property=\"og:image\" content=\"https:\/\/www.electronicajnc.com\/web\/wp-content\/uploads\/2023\/05\/LS-00.jpg\" \/>\n\t<meta property=\"og:image:width\" content=\"1040\" \/>\n\t<meta property=\"og:image:height\" content=\"935\" \/>\n\t<meta property=\"og:image:type\" content=\"image\/jpeg\" \/>\n<meta name=\"twitter:card\" content=\"summary_large_image\" \/>\n<meta name=\"twitter:label1\" content=\"Tiempo de lectura\" \/>\n\t<meta name=\"twitter:data1\" content=\"2 minutos\" \/>\n<script type=\"application\/ld+json\" class=\"yoast-schema-graph\">{\"@context\":\"https:\\\/\\\/schema.org\",\"@graph\":[{\"@type\":\"WebPage\",\"@id\":\"https:\\\/\\\/www.electronicajnc.com\\\/web\\\/producto\\\/74ls00-7400-nand\\\/\",\"url\":\"https:\\\/\\\/www.electronicajnc.com\\\/web\\\/producto\\\/74ls00-7400-nand\\\/\",\"name\":\"74LS00 7400 NAND - Electronica JNC\",\"isPartOf\":{\"@id\":\"https:\\\/\\\/www.electronicajnc.com\\\/web\\\/#website\"},\"primaryImageOfPage\":{\"@id\":\"https:\\\/\\\/www.electronicajnc.com\\\/web\\\/producto\\\/74ls00-7400-nand\\\/#primaryimage\"},\"image\":{\"@id\":\"https:\\\/\\\/www.electronicajnc.com\\\/web\\\/producto\\\/74ls00-7400-nand\\\/#primaryimage\"},\"thumbnailUrl\":\"https:\\\/\\\/www.electronicajnc.com\\\/web\\\/wp-content\\\/uploads\\\/2023\\\/05\\\/LS-00.jpg\",\"datePublished\":\"2023-05-22T21:34:42+00:00\",\"dateModified\":\"2025-05-27T16:19:55+00:00\",\"description\":\"74LS00 7400 NAND de 4 compuertas NAND-positivas de 2 entradas. Los dispositivos realizan la funci\u00f3n booleana Y = (A \u2022 B)\\\\ o Y = A\\\\ + B\\\\ en l\u00f3gica positiva\",\"breadcrumb\":{\"@id\":\"https:\\\/\\\/www.electronicajnc.com\\\/web\\\/producto\\\/74ls00-7400-nand\\\/#breadcrumb\"},\"inLanguage\":\"es\",\"potentialAction\":[{\"@type\":\"ReadAction\",\"target\":[\"https:\\\/\\\/www.electronicajnc.com\\\/web\\\/producto\\\/74ls00-7400-nand\\\/\"]}]},{\"@type\":\"ImageObject\",\"inLanguage\":\"es\",\"@id\":\"https:\\\/\\\/www.electronicajnc.com\\\/web\\\/producto\\\/74ls00-7400-nand\\\/#primaryimage\",\"url\":\"https:\\\/\\\/www.electronicajnc.com\\\/web\\\/wp-content\\\/uploads\\\/2023\\\/05\\\/LS-00.jpg\",\"contentUrl\":\"https:\\\/\\\/www.electronicajnc.com\\\/web\\\/wp-content\\\/uploads\\\/2023\\\/05\\\/LS-00.jpg\",\"width\":1040,\"height\":935,\"caption\":\"CI HD74LS00P COMPUERTA NAND\"},{\"@type\":\"BreadcrumbList\",\"@id\":\"https:\\\/\\\/www.electronicajnc.com\\\/web\\\/producto\\\/74ls00-7400-nand\\\/#breadcrumb\",\"itemListElement\":[{\"@type\":\"ListItem\",\"position\":1,\"name\":\"Portada\",\"item\":\"https:\\\/\\\/www.electronicajnc.com\\\/web\\\/\"},{\"@type\":\"ListItem\",\"position\":2,\"name\":\"TIENDA\",\"item\":\"https:\\\/\\\/www.electronicajnc.com\\\/web\\\/tienda\\\/\"},{\"@type\":\"ListItem\",\"position\":3,\"name\":\"74LS00 7400 NAND\"}]},{\"@type\":\"WebSite\",\"@id\":\"https:\\\/\\\/www.electronicajnc.com\\\/web\\\/#website\",\"url\":\"https:\\\/\\\/www.electronicajnc.com\\\/web\\\/\",\"name\":\"Electronica JNC\",\"description\":\"Robotica Tecnologia Mecatronica en Ecuador\",\"publisher\":{\"@id\":\"https:\\\/\\\/www.electronicajnc.com\\\/web\\\/#organization\"},\"potentialAction\":[{\"@type\":\"SearchAction\",\"target\":{\"@type\":\"EntryPoint\",\"urlTemplate\":\"https:\\\/\\\/www.electronicajnc.com\\\/web\\\/?s={search_term_string}\"},\"query-input\":{\"@type\":\"PropertyValueSpecification\",\"valueRequired\":true,\"valueName\":\"search_term_string\"}}],\"inLanguage\":\"es\"},{\"@type\":\"Organization\",\"@id\":\"https:\\\/\\\/www.electronicajnc.com\\\/web\\\/#organization\",\"name\":\"Electronica JNC\",\"url\":\"https:\\\/\\\/www.electronicajnc.com\\\/web\\\/\",\"logo\":{\"@type\":\"ImageObject\",\"inLanguage\":\"es\",\"@id\":\"https:\\\/\\\/www.electronicajnc.com\\\/web\\\/#\\\/schema\\\/logo\\\/image\\\/\",\"url\":\"https:\\\/\\\/www.electronicajnc.com\\\/web\\\/wp-content\\\/uploads\\\/2023\\\/06\\\/nuevo-logo.jpg\",\"contentUrl\":\"https:\\\/\\\/www.electronicajnc.com\\\/web\\\/wp-content\\\/uploads\\\/2023\\\/06\\\/nuevo-logo.jpg\",\"width\":1256,\"height\":612,\"caption\":\"Electronica JNC\"},\"image\":{\"@id\":\"https:\\\/\\\/www.electronicajnc.com\\\/web\\\/#\\\/schema\\\/logo\\\/image\\\/\"}}]}<\/script>\n<!-- \/ Yoast SEO plugin. -->","yoast_head_json":{"title":"74LS00 7400 NAND - Electronica JNC","description":"74LS00 7400 NAND de 4 compuertas NAND-positivas de 2 entradas. Los dispositivos realizan la funci\u00f3n booleana Y = (A \u2022 B) o Y = A + B en l\u00f3gica positiva","robots":{"index":"index","follow":"follow","max-snippet":"max-snippet:-1","max-image-preview":"max-image-preview:large","max-video-preview":"max-video-preview:-1"},"canonical":"https:\/\/www.electronicajnc.com\/web\/producto\/74ls00-7400-nand\/","og_locale":"es_ES","og_type":"article","og_title":"74LS00 7400 NAND - Electronica JNC","og_description":"74LS00 7400 NAND de 4 compuertas NAND-positivas de 2 entradas. Los dispositivos realizan la funci\u00f3n booleana Y = (A \u2022 B) o Y = A + B en l\u00f3gica positiva","og_url":"https:\/\/www.electronicajnc.com\/web\/producto\/74ls00-7400-nand\/","og_site_name":"Electronica JNC","article_modified_time":"2025-05-27T16:19:55+00:00","og_image":[{"width":1040,"height":935,"url":"https:\/\/www.electronicajnc.com\/web\/wp-content\/uploads\/2023\/05\/LS-00.jpg","type":"image\/jpeg"}],"twitter_card":"summary_large_image","twitter_misc":{"Tiempo de lectura":"2 minutos"},"schema":{"@context":"https:\/\/schema.org","@graph":[{"@type":"WebPage","@id":"https:\/\/www.electronicajnc.com\/web\/producto\/74ls00-7400-nand\/","url":"https:\/\/www.electronicajnc.com\/web\/producto\/74ls00-7400-nand\/","name":"74LS00 7400 NAND - Electronica JNC","isPartOf":{"@id":"https:\/\/www.electronicajnc.com\/web\/#website"},"primaryImageOfPage":{"@id":"https:\/\/www.electronicajnc.com\/web\/producto\/74ls00-7400-nand\/#primaryimage"},"image":{"@id":"https:\/\/www.electronicajnc.com\/web\/producto\/74ls00-7400-nand\/#primaryimage"},"thumbnailUrl":"https:\/\/www.electronicajnc.com\/web\/wp-content\/uploads\/2023\/05\/LS-00.jpg","datePublished":"2023-05-22T21:34:42+00:00","dateModified":"2025-05-27T16:19:55+00:00","description":"74LS00 7400 NAND de 4 compuertas NAND-positivas de 2 entradas. Los dispositivos realizan la funci\u00f3n booleana Y = (A \u2022 B)\\ o Y = A\\ + B\\ en l\u00f3gica positiva","breadcrumb":{"@id":"https:\/\/www.electronicajnc.com\/web\/producto\/74ls00-7400-nand\/#breadcrumb"},"inLanguage":"es","potentialAction":[{"@type":"ReadAction","target":["https:\/\/www.electronicajnc.com\/web\/producto\/74ls00-7400-nand\/"]}]},{"@type":"ImageObject","inLanguage":"es","@id":"https:\/\/www.electronicajnc.com\/web\/producto\/74ls00-7400-nand\/#primaryimage","url":"https:\/\/www.electronicajnc.com\/web\/wp-content\/uploads\/2023\/05\/LS-00.jpg","contentUrl":"https:\/\/www.electronicajnc.com\/web\/wp-content\/uploads\/2023\/05\/LS-00.jpg","width":1040,"height":935,"caption":"CI HD74LS00P COMPUERTA NAND"},{"@type":"BreadcrumbList","@id":"https:\/\/www.electronicajnc.com\/web\/producto\/74ls00-7400-nand\/#breadcrumb","itemListElement":[{"@type":"ListItem","position":1,"name":"Portada","item":"https:\/\/www.electronicajnc.com\/web\/"},{"@type":"ListItem","position":2,"name":"TIENDA","item":"https:\/\/www.electronicajnc.com\/web\/tienda\/"},{"@type":"ListItem","position":3,"name":"74LS00 7400 NAND"}]},{"@type":"WebSite","@id":"https:\/\/www.electronicajnc.com\/web\/#website","url":"https:\/\/www.electronicajnc.com\/web\/","name":"Electronica JNC","description":"Robotica Tecnologia Mecatronica en Ecuador","publisher":{"@id":"https:\/\/www.electronicajnc.com\/web\/#organization"},"potentialAction":[{"@type":"SearchAction","target":{"@type":"EntryPoint","urlTemplate":"https:\/\/www.electronicajnc.com\/web\/?s={search_term_string}"},"query-input":{"@type":"PropertyValueSpecification","valueRequired":true,"valueName":"search_term_string"}}],"inLanguage":"es"},{"@type":"Organization","@id":"https:\/\/www.electronicajnc.com\/web\/#organization","name":"Electronica JNC","url":"https:\/\/www.electronicajnc.com\/web\/","logo":{"@type":"ImageObject","inLanguage":"es","@id":"https:\/\/www.electronicajnc.com\/web\/#\/schema\/logo\/image\/","url":"https:\/\/www.electronicajnc.com\/web\/wp-content\/uploads\/2023\/06\/nuevo-logo.jpg","contentUrl":"https:\/\/www.electronicajnc.com\/web\/wp-content\/uploads\/2023\/06\/nuevo-logo.jpg","width":1256,"height":612,"caption":"Electronica JNC"},"image":{"@id":"https:\/\/www.electronicajnc.com\/web\/#\/schema\/logo\/image\/"}}]}},"_links":{"self":[{"href":"https:\/\/www.electronicajnc.com\/web\/wp-json\/wp\/v2\/product\/602","targetHints":{"allow":["GET"]}}],"collection":[{"href":"https:\/\/www.electronicajnc.com\/web\/wp-json\/wp\/v2\/product"}],"about":[{"href":"https:\/\/www.electronicajnc.com\/web\/wp-json\/wp\/v2\/types\/product"}],"replies":[{"embeddable":true,"href":"https:\/\/www.electronicajnc.com\/web\/wp-json\/wp\/v2\/comments?post=602"}],"wp:featuredmedia":[{"embeddable":true,"href":"https:\/\/www.electronicajnc.com\/web\/wp-json\/wp\/v2\/media\/603"}],"wp:attachment":[{"href":"https:\/\/www.electronicajnc.com\/web\/wp-json\/wp\/v2\/media?parent=602"}],"wp:term":[{"taxonomy":"product_brand","embeddable":true,"href":"https:\/\/www.electronicajnc.com\/web\/wp-json\/wp\/v2\/product_brand?post=602"},{"taxonomy":"product_cat","embeddable":true,"href":"https:\/\/www.electronicajnc.com\/web\/wp-json\/wp\/v2\/product_cat?post=602"},{"taxonomy":"product_tag","embeddable":true,"href":"https:\/\/www.electronicajnc.com\/web\/wp-json\/wp\/v2\/product_tag?post=602"}],"curies":[{"name":"wp","href":"https:\/\/api.w.org\/{rel}","templated":true}]}}