{"id":619,"date":"2023-05-29T17:35:33","date_gmt":"2023-05-29T17:35:33","guid":{"rendered":"https:\/\/www.electronicajnc.com\/web\/?post_type=product&#038;p=619"},"modified":"2024-07-25T20:02:07","modified_gmt":"2024-07-25T20:02:07","slug":"modulo-rele-de-1-canal-5v","status":"publish","type":"product","link":"https:\/\/www.electronicajnc.com\/web\/producto\/modulo-rele-de-1-canal-5v\/","title":{"rendered":"M\u00d3DULO RELE DE 1 CANAL 5V"},"content":{"rendered":"<p style=\"text-align: left;\">M\u00d3DULO RELE DE 1 CANAL 5V El M\u00f3dulo Rel\u00e9 de 1 Canal, es un dispositivo que se usa por lo general para el control o Switcheo de cargas de potencia. Dependiendo de la aplicaci\u00f3n a desempe\u00f1ar. Se puede conectar con cualquier micro controlador o Arduino, Con el M\u00f3dulo Rel\u00e9 5V 1 Canal usted puede controlar l\u00e1mparas, motores y otros equipos.<img decoding=\"async\" class=\"aligncenter\" src=\"https:\/\/cdnx.jumpseller.com\/mactornica\/image\/9815568\/1_1.jpg?1656432928\" alt=\"MODULO RELE 1 CANAL\" \/><\/p>\n<p><strong>M\u00d3DULO RELE DE 1 CANAL<\/strong><\/p>\n<div>\n<p>El M\u00f3dulo Rel\u00e9 de 1 Canal, es un dispositivo que se usa por lo general para el control o Switcheo de cargas de potencia. Dependiendo de la aplicaci\u00f3n a desempe\u00f1ar, este m\u00f3dulo por sus caracter\u00ed\u00adsticas de voltaje y de corriente es solicitado en las grandes industrias.<\/p>\n<p>Este m\u00f3dulo rel\u00e9 de un canal dispone de un transistor para su activaci\u00f3n, lo que quiere decir que no es optoacoplado posee dos indicadores LED los cuales iluminan dependiendo del estado l\u00f3gico suministrado a la entrada, (verde para la retransmisi\u00f3n, rojo para el suministro de energ\u00ed\u00ada)<\/p>\n<p>Posee 3 terminales VCC, GND, y la entrada de se\u00f1al de estado l\u00f3gico, el m\u00f3dulo puede ser accionado por una board Arduino, microcontrolador o Raspberry Pi, para manejar cargas con una corriente m\u00e1xima de 10A y hasta 250VAC.<\/p>\n<p>Permite controlar el encendido y apagado de cualquier aparato que se conecte a una fuente de alimentaci\u00f3n el\u00e9ctrica externa. El rel\u00e9 hace de interruptor y se activa y desactiva mediante una entra de datos. Gracias a esto se puede controlar el encendido de cualquier aparato. A parte del pin que controla al rel\u00e9.<\/p>\n<p>&nbsp;<\/p>\n<h1>M\u00d3DULO RELE DE 1 CANAL 5V<\/h1>\n<p><strong>CARACTERISTICAS:<\/strong><\/p>\n<p>Canal de salida 1<\/p>\n<p>Voltaje de funcionamiento 24V<\/p>\n<p>Rel\u00e9 de tensi\u00f3n de carga<\/p>\n<p>125VAC\/250VAC<\/p>\n<p>28VDC\/30VDC<\/p>\n<p>Corriente de operaci\u00f3n 10A<\/p>\n<p>Voltaje de la bobina (rel\u00e9) 5V<\/p>\n<p>Modo de disparo Bajo nivel de disparo<\/p>\n<p>Diodo de protecci\u00f3n En cada bobina<\/p>\n<p>Diodo LED indicador Estado para cada canal<\/p>\n<p>Consumo de corriente (bobina) 20mA<\/p>\n<p>Tama\u00f1o 4.0cm x 1.5cm x 2.0cm<\/p>\n<p>Peso 14 gramos<\/p>\n<p><strong>ESPECIFICACIONES TECNICAS:<\/strong><\/p>\n<p>Referencia de producto: MD RELE 1CH<\/p>\n<\/div>\n<p><strong>\u00bfD\u00f3nde conseguir ?<\/strong><\/p>\n<p>Puedes conseguir este producto y mucho mas en nuestra tienda de electr\u00f3nica \u201cElectronica JNC\u201d a un excelente precio, de igual manera puedes preguntar por otros productos que tenemos para ti y as\u00ed adquirirlos seg\u00fan tu necesidad para\u00a0 tus proyectos.<\/p>\n<p>Puede retirar sus pedidos en nuestra\u00a0<a href=\"https:\/\/www.electronicajnc.com\/web\/contactos\" target=\"_blank\" rel=\"noopener\">TIENDA F\u00cdSICA<\/a>\u00a0o realizar sus pedidos\u00a0<a href=\"https:\/\/www.electronicajnc.com\/web\/mi-cuenta\" target=\"_blank\" rel=\"noopener\">ONLINE<\/a>\u00a0o por\u00a0<a href=\"https:\/\/api.whatsapp.com\/send?phone=593958753126\" target=\"_blank\" rel=\"noopener\">WHATSAPP<\/a>.<\/p>\n<p>&nbsp;<\/p>\n","protected":false},"excerpt":{"rendered":"<p>El m\u00f3dulo posee 1 Relays de alta calidad, capaces de manejar cargas de hasta 250V\/10A. Cada canal posee aislamiento el\u00e9ctrico por medio de un optoacoplador y un led indicador de estado. Su dise\u00f1o facilita el trabajo con Arduino, al igual que con muchos otros sistemas como Raspberry Pi<\/p>\n","protected":false},"featured_media":620,"comment_status":"closed","ping_status":"closed","template":"","meta":{"saved_in_kubio":false,"_joinchat":[]},"product_brand":[],"product_cat":[21],"product_tag":[395,397,394,396,393],"class_list":{"0":"post-619","1":"product","2":"type-product","3":"status-publish","4":"has-post-thumbnail","6":"product_cat-modulos_sensores","7":"product_tag-modulo-1-relay","8":"product_tag-modulo-de-rele-5v-1-canal-activacion-alto-o-bajo-arduino","9":"product_tag-modulo-rele-1-canal","10":"product_tag-modulo-rele-5v-1-canal-con-led-indicadores","11":"product_tag-search-modulo-rele-para-arduino-5v-1-canal-modulo-rele-1-canal","13":"first","14":"instock","15":"taxable","16":"shipping-taxable","17":"purchasable","18":"product-type-simple"},"yoast_head":"<!-- This site is optimized with the Yoast SEO plugin v27.5 - https:\/\/yoast.com\/product\/yoast-seo-wordpress\/ -->\n<title>M\u00d3DULO RELE DE 1 CANAL 5V - Electronica JNC<\/title>\n<meta name=\"description\" content=\"M\u00d3DULO RELE DE 1 CANAL 5V Est\u00e1 dise\u00f1ado para la conmutaci\u00f3n de cargas de potencia de hasta 10A \u2013 250VAC, para minimizar las se\u00f1ales de ruido.\" \/>\n<meta name=\"robots\" content=\"index, follow, max-snippet:-1, max-image-preview:large, max-video-preview:-1\" \/>\n<link rel=\"canonical\" href=\"https:\/\/www.electronicajnc.com\/web\/producto\/modulo-rele-de-1-canal-5v\/\" \/>\n<meta property=\"og:locale\" content=\"es_ES\" \/>\n<meta property=\"og:type\" content=\"article\" \/>\n<meta property=\"og:title\" content=\"M\u00d3DULO RELE DE 1 CANAL 5V - Electronica JNC\" \/>\n<meta property=\"og:description\" content=\"M\u00d3DULO RELE DE 1 CANAL 5V Est\u00e1 dise\u00f1ado para la conmutaci\u00f3n de cargas de potencia de hasta 10A \u2013 250VAC, para minimizar las se\u00f1ales de ruido.\" \/>\n<meta property=\"og:url\" content=\"https:\/\/www.electronicajnc.com\/web\/producto\/modulo-rele-de-1-canal-5v\/\" \/>\n<meta property=\"og:site_name\" content=\"Electronica JNC\" \/>\n<meta property=\"article:modified_time\" content=\"2024-07-25T20:02:07+00:00\" \/>\n<meta property=\"og:image\" content=\"https:\/\/www.electronicajnc.com\/web\/wp-content\/uploads\/2023\/05\/MODULO-DE-UN-RELEY.jpg\" \/>\n\t<meta property=\"og:image:width\" content=\"1038\" \/>\n\t<meta property=\"og:image:height\" content=\"895\" \/>\n\t<meta property=\"og:image:type\" content=\"image\/jpeg\" \/>\n<meta name=\"twitter:card\" content=\"summary_large_image\" \/>\n<meta name=\"twitter:label1\" content=\"Tiempo de lectura\" \/>\n\t<meta name=\"twitter:data1\" content=\"2 minutos\" \/>\n<script type=\"application\/ld+json\" class=\"yoast-schema-graph\">{\"@context\":\"https:\\\/\\\/schema.org\",\"@graph\":[{\"@type\":\"WebPage\",\"@id\":\"https:\\\/\\\/www.electronicajnc.com\\\/web\\\/producto\\\/modulo-rele-de-1-canal-5v\\\/\",\"url\":\"https:\\\/\\\/www.electronicajnc.com\\\/web\\\/producto\\\/modulo-rele-de-1-canal-5v\\\/\",\"name\":\"M\u00d3DULO RELE DE 1 CANAL 5V - Electronica JNC\",\"isPartOf\":{\"@id\":\"https:\\\/\\\/www.electronicajnc.com\\\/web\\\/#website\"},\"primaryImageOfPage\":{\"@id\":\"https:\\\/\\\/www.electronicajnc.com\\\/web\\\/producto\\\/modulo-rele-de-1-canal-5v\\\/#primaryimage\"},\"image\":{\"@id\":\"https:\\\/\\\/www.electronicajnc.com\\\/web\\\/producto\\\/modulo-rele-de-1-canal-5v\\\/#primaryimage\"},\"thumbnailUrl\":\"https:\\\/\\\/www.electronicajnc.com\\\/web\\\/wp-content\\\/uploads\\\/2023\\\/05\\\/MODULO-DE-UN-RELEY.jpg\",\"datePublished\":\"2023-05-29T17:35:33+00:00\",\"dateModified\":\"2024-07-25T20:02:07+00:00\",\"description\":\"M\u00d3DULO RELE DE 1 CANAL 5V Est\u00e1 dise\u00f1ado para la conmutaci\u00f3n de cargas de potencia de hasta 10A \u2013 250VAC, para minimizar las se\u00f1ales de ruido.\",\"breadcrumb\":{\"@id\":\"https:\\\/\\\/www.electronicajnc.com\\\/web\\\/producto\\\/modulo-rele-de-1-canal-5v\\\/#breadcrumb\"},\"inLanguage\":\"es\",\"potentialAction\":[{\"@type\":\"ReadAction\",\"target\":[\"https:\\\/\\\/www.electronicajnc.com\\\/web\\\/producto\\\/modulo-rele-de-1-canal-5v\\\/\"]}]},{\"@type\":\"ImageObject\",\"inLanguage\":\"es\",\"@id\":\"https:\\\/\\\/www.electronicajnc.com\\\/web\\\/producto\\\/modulo-rele-de-1-canal-5v\\\/#primaryimage\",\"url\":\"https:\\\/\\\/www.electronicajnc.com\\\/web\\\/wp-content\\\/uploads\\\/2023\\\/05\\\/MODULO-DE-UN-RELEY.jpg\",\"contentUrl\":\"https:\\\/\\\/www.electronicajnc.com\\\/web\\\/wp-content\\\/uploads\\\/2023\\\/05\\\/MODULO-DE-UN-RELEY.jpg\",\"width\":1038,\"height\":895,\"caption\":\"M\u00f3dulo Rel\u00e9 1 Canal\"},{\"@type\":\"BreadcrumbList\",\"@id\":\"https:\\\/\\\/www.electronicajnc.com\\\/web\\\/producto\\\/modulo-rele-de-1-canal-5v\\\/#breadcrumb\",\"itemListElement\":[{\"@type\":\"ListItem\",\"position\":1,\"name\":\"Portada\",\"item\":\"https:\\\/\\\/www.electronicajnc.com\\\/web\\\/\"},{\"@type\":\"ListItem\",\"position\":2,\"name\":\"TIENDA\",\"item\":\"https:\\\/\\\/www.electronicajnc.com\\\/web\\\/tienda\\\/\"},{\"@type\":\"ListItem\",\"position\":3,\"name\":\"M\u00d3DULO RELE DE 1 CANAL 5V\"}]},{\"@type\":\"WebSite\",\"@id\":\"https:\\\/\\\/www.electronicajnc.com\\\/web\\\/#website\",\"url\":\"https:\\\/\\\/www.electronicajnc.com\\\/web\\\/\",\"name\":\"Electronica JNC\",\"description\":\"Robotica Tecnologia Mecatronica en Ecuador\",\"publisher\":{\"@id\":\"https:\\\/\\\/www.electronicajnc.com\\\/web\\\/#organization\"},\"potentialAction\":[{\"@type\":\"SearchAction\",\"target\":{\"@type\":\"EntryPoint\",\"urlTemplate\":\"https:\\\/\\\/www.electronicajnc.com\\\/web\\\/?s={search_term_string}\"},\"query-input\":{\"@type\":\"PropertyValueSpecification\",\"valueRequired\":true,\"valueName\":\"search_term_string\"}}],\"inLanguage\":\"es\"},{\"@type\":\"Organization\",\"@id\":\"https:\\\/\\\/www.electronicajnc.com\\\/web\\\/#organization\",\"name\":\"Electronica JNC\",\"url\":\"https:\\\/\\\/www.electronicajnc.com\\\/web\\\/\",\"logo\":{\"@type\":\"ImageObject\",\"inLanguage\":\"es\",\"@id\":\"https:\\\/\\\/www.electronicajnc.com\\\/web\\\/#\\\/schema\\\/logo\\\/image\\\/\",\"url\":\"https:\\\/\\\/www.electronicajnc.com\\\/web\\\/wp-content\\\/uploads\\\/2023\\\/06\\\/nuevo-logo.jpg\",\"contentUrl\":\"https:\\\/\\\/www.electronicajnc.com\\\/web\\\/wp-content\\\/uploads\\\/2023\\\/06\\\/nuevo-logo.jpg\",\"width\":1256,\"height\":612,\"caption\":\"Electronica JNC\"},\"image\":{\"@id\":\"https:\\\/\\\/www.electronicajnc.com\\\/web\\\/#\\\/schema\\\/logo\\\/image\\\/\"}}]}<\/script>\n<!-- \/ Yoast SEO plugin. -->","yoast_head_json":{"title":"M\u00d3DULO RELE DE 1 CANAL 5V - Electronica JNC","description":"M\u00d3DULO RELE DE 1 CANAL 5V Est\u00e1 dise\u00f1ado para la conmutaci\u00f3n de cargas de potencia de hasta 10A \u2013 250VAC, para minimizar las se\u00f1ales de ruido.","robots":{"index":"index","follow":"follow","max-snippet":"max-snippet:-1","max-image-preview":"max-image-preview:large","max-video-preview":"max-video-preview:-1"},"canonical":"https:\/\/www.electronicajnc.com\/web\/producto\/modulo-rele-de-1-canal-5v\/","og_locale":"es_ES","og_type":"article","og_title":"M\u00d3DULO RELE DE 1 CANAL 5V - Electronica JNC","og_description":"M\u00d3DULO RELE DE 1 CANAL 5V Est\u00e1 dise\u00f1ado para la conmutaci\u00f3n de cargas de potencia de hasta 10A \u2013 250VAC, para minimizar las se\u00f1ales de ruido.","og_url":"https:\/\/www.electronicajnc.com\/web\/producto\/modulo-rele-de-1-canal-5v\/","og_site_name":"Electronica JNC","article_modified_time":"2024-07-25T20:02:07+00:00","og_image":[{"width":1038,"height":895,"url":"https:\/\/www.electronicajnc.com\/web\/wp-content\/uploads\/2023\/05\/MODULO-DE-UN-RELEY.jpg","type":"image\/jpeg"}],"twitter_card":"summary_large_image","twitter_misc":{"Tiempo de lectura":"2 minutos"},"schema":{"@context":"https:\/\/schema.org","@graph":[{"@type":"WebPage","@id":"https:\/\/www.electronicajnc.com\/web\/producto\/modulo-rele-de-1-canal-5v\/","url":"https:\/\/www.electronicajnc.com\/web\/producto\/modulo-rele-de-1-canal-5v\/","name":"M\u00d3DULO RELE DE 1 CANAL 5V - Electronica JNC","isPartOf":{"@id":"https:\/\/www.electronicajnc.com\/web\/#website"},"primaryImageOfPage":{"@id":"https:\/\/www.electronicajnc.com\/web\/producto\/modulo-rele-de-1-canal-5v\/#primaryimage"},"image":{"@id":"https:\/\/www.electronicajnc.com\/web\/producto\/modulo-rele-de-1-canal-5v\/#primaryimage"},"thumbnailUrl":"https:\/\/www.electronicajnc.com\/web\/wp-content\/uploads\/2023\/05\/MODULO-DE-UN-RELEY.jpg","datePublished":"2023-05-29T17:35:33+00:00","dateModified":"2024-07-25T20:02:07+00:00","description":"M\u00d3DULO RELE DE 1 CANAL 5V Est\u00e1 dise\u00f1ado para la conmutaci\u00f3n de cargas de potencia de hasta 10A \u2013 250VAC, para minimizar las se\u00f1ales de ruido.","breadcrumb":{"@id":"https:\/\/www.electronicajnc.com\/web\/producto\/modulo-rele-de-1-canal-5v\/#breadcrumb"},"inLanguage":"es","potentialAction":[{"@type":"ReadAction","target":["https:\/\/www.electronicajnc.com\/web\/producto\/modulo-rele-de-1-canal-5v\/"]}]},{"@type":"ImageObject","inLanguage":"es","@id":"https:\/\/www.electronicajnc.com\/web\/producto\/modulo-rele-de-1-canal-5v\/#primaryimage","url":"https:\/\/www.electronicajnc.com\/web\/wp-content\/uploads\/2023\/05\/MODULO-DE-UN-RELEY.jpg","contentUrl":"https:\/\/www.electronicajnc.com\/web\/wp-content\/uploads\/2023\/05\/MODULO-DE-UN-RELEY.jpg","width":1038,"height":895,"caption":"M\u00f3dulo Rel\u00e9 1 Canal"},{"@type":"BreadcrumbList","@id":"https:\/\/www.electronicajnc.com\/web\/producto\/modulo-rele-de-1-canal-5v\/#breadcrumb","itemListElement":[{"@type":"ListItem","position":1,"name":"Portada","item":"https:\/\/www.electronicajnc.com\/web\/"},{"@type":"ListItem","position":2,"name":"TIENDA","item":"https:\/\/www.electronicajnc.com\/web\/tienda\/"},{"@type":"ListItem","position":3,"name":"M\u00d3DULO RELE DE 1 CANAL 5V"}]},{"@type":"WebSite","@id":"https:\/\/www.electronicajnc.com\/web\/#website","url":"https:\/\/www.electronicajnc.com\/web\/","name":"Electronica JNC","description":"Robotica Tecnologia Mecatronica en Ecuador","publisher":{"@id":"https:\/\/www.electronicajnc.com\/web\/#organization"},"potentialAction":[{"@type":"SearchAction","target":{"@type":"EntryPoint","urlTemplate":"https:\/\/www.electronicajnc.com\/web\/?s={search_term_string}"},"query-input":{"@type":"PropertyValueSpecification","valueRequired":true,"valueName":"search_term_string"}}],"inLanguage":"es"},{"@type":"Organization","@id":"https:\/\/www.electronicajnc.com\/web\/#organization","name":"Electronica JNC","url":"https:\/\/www.electronicajnc.com\/web\/","logo":{"@type":"ImageObject","inLanguage":"es","@id":"https:\/\/www.electronicajnc.com\/web\/#\/schema\/logo\/image\/","url":"https:\/\/www.electronicajnc.com\/web\/wp-content\/uploads\/2023\/06\/nuevo-logo.jpg","contentUrl":"https:\/\/www.electronicajnc.com\/web\/wp-content\/uploads\/2023\/06\/nuevo-logo.jpg","width":1256,"height":612,"caption":"Electronica JNC"},"image":{"@id":"https:\/\/www.electronicajnc.com\/web\/#\/schema\/logo\/image\/"}}]}},"_links":{"self":[{"href":"https:\/\/www.electronicajnc.com\/web\/wp-json\/wp\/v2\/product\/619","targetHints":{"allow":["GET"]}}],"collection":[{"href":"https:\/\/www.electronicajnc.com\/web\/wp-json\/wp\/v2\/product"}],"about":[{"href":"https:\/\/www.electronicajnc.com\/web\/wp-json\/wp\/v2\/types\/product"}],"replies":[{"embeddable":true,"href":"https:\/\/www.electronicajnc.com\/web\/wp-json\/wp\/v2\/comments?post=619"}],"wp:featuredmedia":[{"embeddable":true,"href":"https:\/\/www.electronicajnc.com\/web\/wp-json\/wp\/v2\/media\/620"}],"wp:attachment":[{"href":"https:\/\/www.electronicajnc.com\/web\/wp-json\/wp\/v2\/media?parent=619"}],"wp:term":[{"taxonomy":"product_brand","embeddable":true,"href":"https:\/\/www.electronicajnc.com\/web\/wp-json\/wp\/v2\/product_brand?post=619"},{"taxonomy":"product_cat","embeddable":true,"href":"https:\/\/www.electronicajnc.com\/web\/wp-json\/wp\/v2\/product_cat?post=619"},{"taxonomy":"product_tag","embeddable":true,"href":"https:\/\/www.electronicajnc.com\/web\/wp-json\/wp\/v2\/product_tag?post=619"}],"curies":[{"name":"wp","href":"https:\/\/api.w.org\/{rel}","templated":true}]}}