{"id":621,"date":"2023-05-29T21:35:23","date_gmt":"2023-05-29T21:35:23","guid":{"rendered":"https:\/\/www.electronicajnc.com\/web\/?post_type=product&#038;p=621"},"modified":"2023-05-31T23:34:01","modified_gmt":"2023-05-31T23:34:01","slug":"micro-motor-dc-3-6v-robot","status":"publish","type":"product","link":"https:\/\/www.electronicajnc.com\/web\/producto\/micro-motor-dc-3-6v-robot\/","title":{"rendered":"Micro Motor DC 3-6V robot"},"content":{"rendered":"<p style=\"text-align: left;\">Micro Motor DC 3-6V robot <img decoding=\"async\" class=\"aligncenter\" src=\"https:\/\/encrypted-tbn0.gstatic.com\/images?q=tbn:ANd9GcRKQfzrUaYgUBq41VDjBNk0szmVZSn6rv7D6Q&amp;usqp=CAU\" alt=\"Micro Motor DC 3V-6V 130 16500 RPM - Electronilab\" \/>Mini Motor Rob\u00f3tica Proyectos Ciencia\/ Arduino.<\/p>\n<p>Mini\u00a0<strong>motor DC<\/strong>\u00a0tipo 130 con un voltaje de funcionamiento de\u00a0<strong>3v<\/strong>\u00a0a\u00a0<strong>6v<\/strong>\u00a0<strong>DC<\/strong>\u00a0y una velocidad que va desde las\u00a0<strong>5000<\/strong>\u00a0<strong>rpm<\/strong>\u00a0hasta las\u00a0<strong>10000<\/strong>\u00a0<strong>rpm<\/strong>\u00a0o m\u00e1s, dependiendo del voltaje. Ideal para peque\u00f1os proyectos<\/p>\n<p>Un\u00a0<strong>motor<\/strong>\u00a0de corriente continua (denominado tambi\u00e9n motor de corriente directa, motor CC o motor DC) es una m\u00e1quina que convierte la energ\u00eda el\u00e9ctrica en mec\u00e1nica, provocando un movimiento rotatorio, gracias a la acci\u00f3n que se genera por el campo magn\u00e9tico. Este mini motor DC es utilizado generalmente para juguetes y peque\u00f1os proyectos de electr\u00f3nica, es un producto de bajo costo y eficiente. Se caracteriza por tener gran velocidad, pero muy poco torque, por eso si se desea utilizar en robots es necesario acoplarle pi\u00f1ones para reducir la velocidad y aumentar la fuerza. La velocidad del motor depende del voltaje de alimentaci\u00f3n, a mayor voltaje, mayor velocidad, pero mayor calentamiento y menos duraci\u00f3n del motor.<\/p>\n<h1>Micro Motor DC 3-6V robot<\/h1>\n<p>Motor estudiantil de 3 a 6 VDC de alta velocidad pero de bajo torque.<\/p>\n<h4>CARACTER\u00cdSTICAS<\/h4>\n<ul>\n<li>Longitud: 25 mm.<\/li>\n<li>Di\u00e1metro: 21 mm.<\/li>\n<li>Di\u00e1metro del eje: 2 mm.<\/li>\n<li>Longitud del eje: 9 mm.<\/li>\n<li>Voltaje: 3-6V.<\/li>\n<li>Dimensiones principales: 25 x 15 x 20 mm.<\/li>\n<li>Longitud del eje del motor: 9 mm, di\u00e1metro del eje 2 mm.<\/li>\n<li>Tensi\u00f3n nominal: 3V.<\/li>\n<li>Corriente de referencia: 0.35-0.4A.<\/li>\n<li>Velocidad 3V: 8000 r \/ min.<\/li>\n<\/ul>\n<p><strong>\u00bfD\u00f3nde conseguir ?<\/strong><\/p>\n<p>Puedes conseguir este producto y mucho mas en nuestra tienda de electr\u00f3nica \u201cElectronica JNC\u201d a un excelente precio, de igual manera puedes preguntar por otros productos que tenemos para ti y as\u00ed adquirirlos seg\u00fan tu necesidad para\u00a0 tus proyectos.<\/p>\n<p>Adem\u00e1s de vender realizamos todo tipo de proyectos de Rob\u00f3tica Electr\u00f3nica y de Programaci\u00f3n en Arduino-Raspberry, brindamos asesoramiento en la elaboracion de proyectos y personalizamos sus clases cuando deseas armar un robot.<\/p>\n<p>\u00a1\u00a1\u00a1\u00a1 PREGUNTANOS!!!!<\/p>\n<p>Puede retirar sus pedidos en nuestra\u00a0<a href=\"https:\/\/www.electronicajnc.com\/web\/contactos\" target=\"_blank\" rel=\"noopener\">TIENDA F\u00cdSICA<\/a>\u00a0o realizar sus pedidos\u00a0<a href=\"https:\/\/www.electronicajnc.com\/web\/mi-cuenta\" target=\"_blank\" rel=\"noopener\">ONLINE<\/a>\u00a0o por\u00a0<a href=\"https:\/\/api.whatsapp.com\/send?phone=593958753126\" target=\"_blank\" rel=\"noopener\">WHATSAPP<\/a>.<\/p>\n","protected":false},"excerpt":{"rendered":"<p class=\"ui-pdp-title\">Micro Dc Motor 3v-9v Proyectos Estudiantiles, Rob\u00f3tica. se caracteriza por tener gran velocidad pero muy poco torque, por eso si se desea utilizar en robots es necesario hacer acoplar pi\u00f1ones para reducir la velocidad y aumentar la fuerza.<\/p>\n","protected":false},"featured_media":626,"comment_status":"closed","ping_status":"closed","template":"","meta":{"saved_in_kubio":false,"_joinchat":[]},"product_brand":[],"product_cat":[53],"product_tag":[400,401,398,399,31,402,403],"class_list":{"0":"post-621","1":"product","2":"type-product","3":"status-publish","4":"has-post-thumbnail","6":"product_cat-kits-de-robotica","7":"product_tag-arana-robotica","8":"product_tag-carro-robotico","9":"product_tag-micro-dc-motor-3v-9v-proyectos-estudiantiles","10":"product_tag-proyectos-de-robotica","11":"product_tag-robotica","12":"product_tag-robots-caseros","13":"product_tag-robots-facil-de-armar","15":"first","16":"instock","17":"taxable","18":"shipping-taxable","19":"product-type-simple"},"yoast_head":"<!-- This site is optimized with the Yoast SEO plugin v27.4 - https:\/\/yoast.com\/product\/yoast-seo-wordpress\/ -->\n<title>Micro Motor DC 3-6V robot - Electronica JNC<\/title>\n<meta name=\"description\" content=\"Micro Motor DC 3-6V robot Tiene gran velocidad ideal para la elaboraci\u00f3n de un sin fin de proyectos de robots es el mas utilizado por su gran versatilidad.\" \/>\n<meta name=\"robots\" content=\"index, follow, max-snippet:-1, max-image-preview:large, max-video-preview:-1\" \/>\n<link rel=\"canonical\" href=\"https:\/\/www.electronicajnc.com\/web\/producto\/micro-motor-dc-3-6v-robot\/\" \/>\n<meta property=\"og:locale\" content=\"es_ES\" \/>\n<meta property=\"og:type\" content=\"article\" \/>\n<meta property=\"og:title\" content=\"Micro Motor DC 3-6V robot - Electronica JNC\" \/>\n<meta property=\"og:description\" content=\"Micro Motor DC 3-6V robot Tiene gran velocidad ideal para la elaboraci\u00f3n de un sin fin de proyectos de robots es el mas utilizado por su gran versatilidad.\" \/>\n<meta property=\"og:url\" content=\"https:\/\/www.electronicajnc.com\/web\/producto\/micro-motor-dc-3-6v-robot\/\" \/>\n<meta property=\"og:site_name\" content=\"Electronica JNC\" \/>\n<meta property=\"article:modified_time\" content=\"2023-05-31T23:34:01+00:00\" \/>\n<meta property=\"og:image\" content=\"https:\/\/www.electronicajnc.com\/web\/wp-content\/uploads\/2023\/05\/motor-DC-2-1.jpg\" \/>\n\t<meta property=\"og:image:width\" content=\"1091\" \/>\n\t<meta property=\"og:image:height\" content=\"1061\" \/>\n\t<meta property=\"og:image:type\" content=\"image\/jpeg\" \/>\n<meta name=\"twitter:card\" content=\"summary_large_image\" \/>\n<meta name=\"twitter:label1\" content=\"Tiempo de lectura\" \/>\n\t<meta name=\"twitter:data1\" content=\"2 minutos\" \/>\n<script type=\"application\/ld+json\" class=\"yoast-schema-graph\">{\"@context\":\"https:\\\/\\\/schema.org\",\"@graph\":[{\"@type\":\"WebPage\",\"@id\":\"https:\\\/\\\/www.electronicajnc.com\\\/web\\\/producto\\\/micro-motor-dc-3-6v-robot\\\/\",\"url\":\"https:\\\/\\\/www.electronicajnc.com\\\/web\\\/producto\\\/micro-motor-dc-3-6v-robot\\\/\",\"name\":\"Micro Motor DC 3-6V robot - Electronica JNC\",\"isPartOf\":{\"@id\":\"https:\\\/\\\/www.electronicajnc.com\\\/web\\\/#website\"},\"primaryImageOfPage\":{\"@id\":\"https:\\\/\\\/www.electronicajnc.com\\\/web\\\/producto\\\/micro-motor-dc-3-6v-robot\\\/#primaryimage\"},\"image\":{\"@id\":\"https:\\\/\\\/www.electronicajnc.com\\\/web\\\/producto\\\/micro-motor-dc-3-6v-robot\\\/#primaryimage\"},\"thumbnailUrl\":\"https:\\\/\\\/www.electronicajnc.com\\\/web\\\/wp-content\\\/uploads\\\/2023\\\/05\\\/motor-DC-2-1.jpg\",\"datePublished\":\"2023-05-29T21:35:23+00:00\",\"dateModified\":\"2023-05-31T23:34:01+00:00\",\"description\":\"Micro Motor DC 3-6V robot Tiene gran velocidad ideal para la elaboraci\u00f3n de un sin fin de proyectos de robots es el mas utilizado por su gran versatilidad.\",\"breadcrumb\":{\"@id\":\"https:\\\/\\\/www.electronicajnc.com\\\/web\\\/producto\\\/micro-motor-dc-3-6v-robot\\\/#breadcrumb\"},\"inLanguage\":\"es\",\"potentialAction\":[{\"@type\":\"ReadAction\",\"target\":[\"https:\\\/\\\/www.electronicajnc.com\\\/web\\\/producto\\\/micro-motor-dc-3-6v-robot\\\/\"]}]},{\"@type\":\"ImageObject\",\"inLanguage\":\"es\",\"@id\":\"https:\\\/\\\/www.electronicajnc.com\\\/web\\\/producto\\\/micro-motor-dc-3-6v-robot\\\/#primaryimage\",\"url\":\"https:\\\/\\\/www.electronicajnc.com\\\/web\\\/wp-content\\\/uploads\\\/2023\\\/05\\\/motor-DC-2-1.jpg\",\"contentUrl\":\"https:\\\/\\\/www.electronicajnc.com\\\/web\\\/wp-content\\\/uploads\\\/2023\\\/05\\\/motor-DC-2-1.jpg\",\"width\":1091,\"height\":1061,\"caption\":\"Micro DC Motor 3V-6V 8000RPM\"},{\"@type\":\"BreadcrumbList\",\"@id\":\"https:\\\/\\\/www.electronicajnc.com\\\/web\\\/producto\\\/micro-motor-dc-3-6v-robot\\\/#breadcrumb\",\"itemListElement\":[{\"@type\":\"ListItem\",\"position\":1,\"name\":\"Portada\",\"item\":\"https:\\\/\\\/www.electronicajnc.com\\\/web\\\/\"},{\"@type\":\"ListItem\",\"position\":2,\"name\":\"TIENDA\",\"item\":\"https:\\\/\\\/www.electronicajnc.com\\\/web\\\/tienda\\\/\"},{\"@type\":\"ListItem\",\"position\":3,\"name\":\"Micro Motor DC 3-6V robot\"}]},{\"@type\":\"WebSite\",\"@id\":\"https:\\\/\\\/www.electronicajnc.com\\\/web\\\/#website\",\"url\":\"https:\\\/\\\/www.electronicajnc.com\\\/web\\\/\",\"name\":\"Electronica JNC\",\"description\":\"Robotica Tecnologia Mecatronica en Ecuador\",\"publisher\":{\"@id\":\"https:\\\/\\\/www.electronicajnc.com\\\/web\\\/#organization\"},\"potentialAction\":[{\"@type\":\"SearchAction\",\"target\":{\"@type\":\"EntryPoint\",\"urlTemplate\":\"https:\\\/\\\/www.electronicajnc.com\\\/web\\\/?s={search_term_string}\"},\"query-input\":{\"@type\":\"PropertyValueSpecification\",\"valueRequired\":true,\"valueName\":\"search_term_string\"}}],\"inLanguage\":\"es\"},{\"@type\":\"Organization\",\"@id\":\"https:\\\/\\\/www.electronicajnc.com\\\/web\\\/#organization\",\"name\":\"Electronica JNC\",\"url\":\"https:\\\/\\\/www.electronicajnc.com\\\/web\\\/\",\"logo\":{\"@type\":\"ImageObject\",\"inLanguage\":\"es\",\"@id\":\"https:\\\/\\\/www.electronicajnc.com\\\/web\\\/#\\\/schema\\\/logo\\\/image\\\/\",\"url\":\"https:\\\/\\\/www.electronicajnc.com\\\/web\\\/wp-content\\\/uploads\\\/2023\\\/06\\\/nuevo-logo.jpg\",\"contentUrl\":\"https:\\\/\\\/www.electronicajnc.com\\\/web\\\/wp-content\\\/uploads\\\/2023\\\/06\\\/nuevo-logo.jpg\",\"width\":1256,\"height\":612,\"caption\":\"Electronica JNC\"},\"image\":{\"@id\":\"https:\\\/\\\/www.electronicajnc.com\\\/web\\\/#\\\/schema\\\/logo\\\/image\\\/\"}}]}<\/script>\n<!-- \/ Yoast SEO plugin. -->","yoast_head_json":{"title":"Micro Motor DC 3-6V robot - Electronica JNC","description":"Micro Motor DC 3-6V robot Tiene gran velocidad ideal para la elaboraci\u00f3n de un sin fin de proyectos de robots es el mas utilizado por su gran versatilidad.","robots":{"index":"index","follow":"follow","max-snippet":"max-snippet:-1","max-image-preview":"max-image-preview:large","max-video-preview":"max-video-preview:-1"},"canonical":"https:\/\/www.electronicajnc.com\/web\/producto\/micro-motor-dc-3-6v-robot\/","og_locale":"es_ES","og_type":"article","og_title":"Micro Motor DC 3-6V robot - Electronica JNC","og_description":"Micro Motor DC 3-6V robot Tiene gran velocidad ideal para la elaboraci\u00f3n de un sin fin de proyectos de robots es el mas utilizado por su gran versatilidad.","og_url":"https:\/\/www.electronicajnc.com\/web\/producto\/micro-motor-dc-3-6v-robot\/","og_site_name":"Electronica JNC","article_modified_time":"2023-05-31T23:34:01+00:00","og_image":[{"width":1091,"height":1061,"url":"https:\/\/www.electronicajnc.com\/web\/wp-content\/uploads\/2023\/05\/motor-DC-2-1.jpg","type":"image\/jpeg"}],"twitter_card":"summary_large_image","twitter_misc":{"Tiempo de lectura":"2 minutos"},"schema":{"@context":"https:\/\/schema.org","@graph":[{"@type":"WebPage","@id":"https:\/\/www.electronicajnc.com\/web\/producto\/micro-motor-dc-3-6v-robot\/","url":"https:\/\/www.electronicajnc.com\/web\/producto\/micro-motor-dc-3-6v-robot\/","name":"Micro Motor DC 3-6V robot - Electronica JNC","isPartOf":{"@id":"https:\/\/www.electronicajnc.com\/web\/#website"},"primaryImageOfPage":{"@id":"https:\/\/www.electronicajnc.com\/web\/producto\/micro-motor-dc-3-6v-robot\/#primaryimage"},"image":{"@id":"https:\/\/www.electronicajnc.com\/web\/producto\/micro-motor-dc-3-6v-robot\/#primaryimage"},"thumbnailUrl":"https:\/\/www.electronicajnc.com\/web\/wp-content\/uploads\/2023\/05\/motor-DC-2-1.jpg","datePublished":"2023-05-29T21:35:23+00:00","dateModified":"2023-05-31T23:34:01+00:00","description":"Micro Motor DC 3-6V robot Tiene gran velocidad ideal para la elaboraci\u00f3n de un sin fin de proyectos de robots es el mas utilizado por su gran versatilidad.","breadcrumb":{"@id":"https:\/\/www.electronicajnc.com\/web\/producto\/micro-motor-dc-3-6v-robot\/#breadcrumb"},"inLanguage":"es","potentialAction":[{"@type":"ReadAction","target":["https:\/\/www.electronicajnc.com\/web\/producto\/micro-motor-dc-3-6v-robot\/"]}]},{"@type":"ImageObject","inLanguage":"es","@id":"https:\/\/www.electronicajnc.com\/web\/producto\/micro-motor-dc-3-6v-robot\/#primaryimage","url":"https:\/\/www.electronicajnc.com\/web\/wp-content\/uploads\/2023\/05\/motor-DC-2-1.jpg","contentUrl":"https:\/\/www.electronicajnc.com\/web\/wp-content\/uploads\/2023\/05\/motor-DC-2-1.jpg","width":1091,"height":1061,"caption":"Micro DC Motor 3V-6V 8000RPM"},{"@type":"BreadcrumbList","@id":"https:\/\/www.electronicajnc.com\/web\/producto\/micro-motor-dc-3-6v-robot\/#breadcrumb","itemListElement":[{"@type":"ListItem","position":1,"name":"Portada","item":"https:\/\/www.electronicajnc.com\/web\/"},{"@type":"ListItem","position":2,"name":"TIENDA","item":"https:\/\/www.electronicajnc.com\/web\/tienda\/"},{"@type":"ListItem","position":3,"name":"Micro Motor DC 3-6V robot"}]},{"@type":"WebSite","@id":"https:\/\/www.electronicajnc.com\/web\/#website","url":"https:\/\/www.electronicajnc.com\/web\/","name":"Electronica JNC","description":"Robotica Tecnologia Mecatronica en Ecuador","publisher":{"@id":"https:\/\/www.electronicajnc.com\/web\/#organization"},"potentialAction":[{"@type":"SearchAction","target":{"@type":"EntryPoint","urlTemplate":"https:\/\/www.electronicajnc.com\/web\/?s={search_term_string}"},"query-input":{"@type":"PropertyValueSpecification","valueRequired":true,"valueName":"search_term_string"}}],"inLanguage":"es"},{"@type":"Organization","@id":"https:\/\/www.electronicajnc.com\/web\/#organization","name":"Electronica JNC","url":"https:\/\/www.electronicajnc.com\/web\/","logo":{"@type":"ImageObject","inLanguage":"es","@id":"https:\/\/www.electronicajnc.com\/web\/#\/schema\/logo\/image\/","url":"https:\/\/www.electronicajnc.com\/web\/wp-content\/uploads\/2023\/06\/nuevo-logo.jpg","contentUrl":"https:\/\/www.electronicajnc.com\/web\/wp-content\/uploads\/2023\/06\/nuevo-logo.jpg","width":1256,"height":612,"caption":"Electronica JNC"},"image":{"@id":"https:\/\/www.electronicajnc.com\/web\/#\/schema\/logo\/image\/"}}]}},"_links":{"self":[{"href":"https:\/\/www.electronicajnc.com\/web\/wp-json\/wp\/v2\/product\/621","targetHints":{"allow":["GET"]}}],"collection":[{"href":"https:\/\/www.electronicajnc.com\/web\/wp-json\/wp\/v2\/product"}],"about":[{"href":"https:\/\/www.electronicajnc.com\/web\/wp-json\/wp\/v2\/types\/product"}],"replies":[{"embeddable":true,"href":"https:\/\/www.electronicajnc.com\/web\/wp-json\/wp\/v2\/comments?post=621"}],"wp:featuredmedia":[{"embeddable":true,"href":"https:\/\/www.electronicajnc.com\/web\/wp-json\/wp\/v2\/media\/626"}],"wp:attachment":[{"href":"https:\/\/www.electronicajnc.com\/web\/wp-json\/wp\/v2\/media?parent=621"}],"wp:term":[{"taxonomy":"product_brand","embeddable":true,"href":"https:\/\/www.electronicajnc.com\/web\/wp-json\/wp\/v2\/product_brand?post=621"},{"taxonomy":"product_cat","embeddable":true,"href":"https:\/\/www.electronicajnc.com\/web\/wp-json\/wp\/v2\/product_cat?post=621"},{"taxonomy":"product_tag","embeddable":true,"href":"https:\/\/www.electronicajnc.com\/web\/wp-json\/wp\/v2\/product_tag?post=621"}],"curies":[{"name":"wp","href":"https:\/\/api.w.org\/{rel}","templated":true}]}}