{"id":632,"date":"2023-05-31T23:43:56","date_gmt":"2023-05-31T23:43:56","guid":{"rendered":"https:\/\/www.electronicajnc.com\/web\/?post_type=product&#038;p=632"},"modified":"2023-05-31T23:45:47","modified_gmt":"2023-05-31T23:45:47","slug":"cable-u-utp-c6e","status":"publish","type":"product","link":"https:\/\/www.electronicajnc.com\/web\/producto\/cable-u-utp-c6e\/","title":{"rendered":"CABLE U\/UTP CATEGORIA C6E"},"content":{"rendered":"<p>CABLE U\/UTP CATEGORIA C6E<br \/>\n<img decoding=\"async\" class=\"aligncenter\" src=\"https:\/\/encrypted-tbn0.gstatic.com\/images?q=tbn:ANd9GcTeondtbyHMVgR7VP74v2s9bHTeDIGHGU-v0A&amp;usqp=CAU\" alt=\"ATLANTICSWIRE AW-RJ45-C6-PASS_THROUGH CONECTOR RJ45 PASS...\" \/>La categor\u00eda 6 se describe dentro de los est\u00e1ndares TIA\/EIA 568B.2-1, ISO\/IEC 11801 y EN 50173-1 y\u00a0<b>permite trabajar a velocidades de hasta 1000Mbps dentro de un entorno Ethernet, pudiendo tambi\u00e9n llevar otras se\u00f1ales como servicios b\u00e1sicos de telefon\u00eda, TokenRing y ATM<\/b>.<\/p>\n<div>\n<div class=\"dnXCYb\" tabindex=\"0\" role=\"button\" aria-controls=\"_6dd3ZPfQDauuqtsP76ew4AE_35\" aria-expanded=\"true\" data-hveid=\"CC0QAQ\">\n<div class=\"JlqpRe\"><span class=\"JCzEY ZwRhJd\"><span class=\"CSkcDe\">\u00bfCu\u00e1l es la diferencia entre categor\u00eda 6 y 6a?<\/span><\/span><\/div>\n<div class=\"L3Ezfd\" data-ved=\"2ahUKEwi36anS2qD_AhUrl2oFHe8TDBwQuk56BAgtEAI\"><\/div>\n<\/div>\n<\/div>\n<div id=\"_6dd3ZPfQDauuqtsP76ew4AE_35\" class=\"bCOlv\" data-ved=\"2ahUKEwi36anS2qD_AhUrl2oFHe8TDBwQ7NUEegQILRAE\">\n<div class=\"IZE3Td\">\n<div class=\"t0bRye r2fjmd\" data-hveid=\"CC0QBQ\" data-ved=\"2ahUKEwi36anS2qD_AhUrl2oFHe8TDBwQu04oAHoECC0QBQ\">\n<div id=\"6dd3ZPfQDauuqtsP76ew4AE__22\">\n<div class=\"wDYxhc\" data-md=\"61\">\n<div class=\"LGOjhe\" role=\"heading\" data-attrid=\"wa:\/description\" aria-level=\"3\" data-hveid=\"CCwQAA\"><span class=\"ILfuVd\" lang=\"es\"><span class=\"hgKElc\"><b>6a<\/b>\u00a0se encuentra en la velocidad de transmisi\u00f3n. Mientras que un cable de red\u00a0<b>Cat<\/b>.\u00a0<b>6<\/b>\u00a0ya permite un ancho de banda de 1 Gigabit por segundo, es decir, 1000 Mbit\/s, el cable\u00a0<b>Cat<\/b>.\u00a0<b>6a<\/b>\u00a0puede alcanzar una velocidad mucho mayor.<\/span><\/span><\/div>\n<div role=\"heading\" data-attrid=\"wa:\/description\" aria-level=\"3\" data-hveid=\"CCwQAA\"><\/div>\n<\/div>\n<\/div>\n<\/div>\n<\/div>\n<\/div>\n<div>\n<div class=\"dnXCYb\" tabindex=\"0\" role=\"button\" aria-controls=\"_ANl3ZObzFLGlqtsPqtCOyAU_39\" aria-expanded=\"true\" data-hveid=\"CCoQAQ\">\n<div class=\"JlqpRe\"><span class=\"JCzEY ZwRhJd\"><span class=\"CSkcDe\">\u00bfQu\u00e9 significa la E en el cable UTP?<\/span><\/span><\/div>\n<div class=\"aj35ze\"><\/div>\n<div class=\"L3Ezfd\" data-ved=\"2ahUKEwjm87XX26D_AhWxkmoFHSqoA1kQuk56BAgqEAI\"><\/div>\n<\/div>\n<\/div>\n<div id=\"_ANl3ZObzFLGlqtsPqtCOyAU_39\" class=\"bCOlv\" data-ved=\"2ahUKEwjm87XX26D_AhWxkmoFHSqoA1kQ7NUEegQIKhAE\">\n<div class=\"IZE3Td\">\n<div class=\"t0bRye r2fjmd\" data-hveid=\"CCoQBQ\" data-ved=\"2ahUKEwjm87XX26D_AhWxkmoFHSqoA1kQu04oAHoECCoQBQ\">\n<div id=\"ANl3ZObzFLGlqtsPqtCOyAU__24\">\n<div class=\"wDYxhc NFQFxe oHglmf xzPb7d\" data-md=\"32\" data-hveid=\"CCkQAA\" data-ved=\"2ahUKEwjm87XX26D_AhWxkmoFHSqoA1kQ4dMGegQIKRAA\">\n<div id=\"media_result_group\" class=\"kno-mrg-si kno-mrg kno-swp\" data-hveid=\"CCkQAQ\">\n<div class=\"kno-fiu kno-liu\">\n<div data-count=\"1\" data-hveid=\"CBgQAA\">\n<div><\/div>\n<div>\n<div>\n<div class=\"RYdNQb\" data-h=\"130\" data-nr=\"1\" data-ved=\"2ahUKEwjm87XX26D_AhWxkmoFHSqoA1kQyQ0oAHoECBgQAg\">\n<div class=\"eA0Zlc WghbWd FnEtTd ivg-i PZPZlf img-kc-m GMCzAd\" data-sd=\"\" aria-hidden=\"true\" data-attrid=\"image\" data-docid=\"8UUZws0omBm8tM\" data-lpage=\"https:\/\/definicion.de\/cable-utp\/\" data-ni=\"1\" data-ref-docid=\"1OdWjx1ugP8e-M\" data-vc=\"1\" data-hveid=\"CB8QAA\" data-ved=\"2ahUKEwjm87XX26D_AhWxkmoFHSqoA1kQzkx6BAgfEAA\">\n<div>\n<div class=\"XOEbc\" tabindex=\"0\" role=\"button\">\n<div>\n<div class=\"uhHOwf BYbUcd\" data-bla=\"\"><img decoding=\"async\" src=\"https:\/\/encrypted-tbn0.gstatic.com\/images?q=tbn:ANd9GcS2nBRu9vclbr4qTAlEuO1Metw1gUFZgG6kQtZRH3Doqw&amp;s\" alt=\"Cable UTP - Qu\u00e9 es, historia, ventajas y desventajas\" \/><\/div>\n<\/div>\n<\/div>\n<div class=\"BfmEZb\"><\/div>\n<\/div>\n<\/div>\n<\/div>\n<\/div>\n<\/div>\n<\/div>\n<\/div>\n<\/div>\n<\/div>\n<\/div>\n<div id=\"ANl3ZObzFLGlqtsPqtCOyAU__29\">\n<div class=\"wDYxhc\" data-md=\"61\">\n<div class=\"LGOjhe\" role=\"heading\" data-attrid=\"wa:\/description\" aria-level=\"3\" data-hveid=\"CCsQAA\"><span class=\"ILfuVd\" lang=\"es\"><span class=\"hgKElc\">Los cables suelen estar confeccionados con aluminio o cobre. UTP, por otra parte, es una sigla que significa\u00a0<b>Unshielded Twisted Pair<\/b>\u00a0(lo que puede traducirse como \u201cPar trenzado no blindado\u201d).<\/span><\/span><\/div>\n<\/div>\n<\/div>\n<\/div>\n<\/div>\n<\/div>\n<div>\n<div class=\"dnXCYb\" tabindex=\"0\" role=\"button\" aria-controls=\"_ANl3ZObzFLGlqtsPqtCOyAU_37\" aria-expanded=\"true\" data-hveid=\"CCcQAQ\">\n<div class=\"JlqpRe\"><span class=\"JCzEY ZwRhJd\"><span class=\"CSkcDe\">\u00bfQu\u00e9 significa CAT5e?<\/span><\/span><\/div>\n<div class=\"aj35ze\"><\/div>\n<div class=\"L3Ezfd\" data-ved=\"2ahUKEwjm87XX26D_AhWxkmoFHSqoA1kQuk56BAgnEAI\"><\/div>\n<\/div>\n<\/div>\n<div id=\"_ANl3ZObzFLGlqtsPqtCOyAU_37\" class=\"bCOlv\" data-ved=\"2ahUKEwjm87XX26D_AhWxkmoFHSqoA1kQ7NUEegQIJxAE\">\n<div class=\"IZE3Td\">\n<div class=\"t0bRye r2fjmd\" data-hveid=\"CCcQBQ\" data-ved=\"2ahUKEwjm87XX26D_AhWxkmoFHSqoA1kQu04oAHoECCcQBQ\">\n<div id=\"ANl3ZObzFLGlqtsPqtCOyAU__41\">\n<div class=\"wDYxhc\" data-md=\"61\">\n<div class=\"LGOjhe\" role=\"heading\" data-attrid=\"wa:\/description\" aria-level=\"3\" data-hveid=\"CCIQAA\"><span class=\"ILfuVd\" lang=\"es\"><span class=\"hgKElc\">El\u00a0<b>CAT 5e<\/b>\u00a0es una cable clase D que funciona con una transmisi\u00f3n de datos en una frecuencia de ancho de banda de hasta 100Mhz y una velocidad de transferencia de datos de 1000Mbps con un alcance m\u00e1ximo de 100 metros. El\u00a0<b>CAT 5e<\/b>\u00a0puede usarse idealmente para aplicaciones de 1Gbit.<\/span><\/span><\/div>\n<\/div>\n<\/div>\n<\/div>\n<\/div>\n<\/div>\n<p>&nbsp;<\/p>\n<h1>CABLE U\/UTP CATEGORIA C6E<\/h1>\n<p>Compuesto por:<\/p>\n<p>Cable sim\u00e9trico Sin pantalla para transmisi\u00f3n de datos en redes de cableado estructurado (LAN\/WAN,etc.)en entornor libres de interferencias.<\/p>\n<p>Cubierta exterior de polietileno PE. Estabilizado UV, apto para instalaciones exteriores (subterraneas o aereas).<\/p>\n<p>Verificados 3P, ETL o Delta. ISO\/IEC 11801, IEC61156, EIA\/TIA 568A, EN 50173. EST\u00c1NDARES:IEEE 802.3 10 Base-T; 100Base-T, 1000 Base-T \/(IEEE 802.5, 16MB, ISDN, TPDDI; ATM<\/p>\n<p>Recubierta especial:<\/p>\n<p>Trenza de hilos Fe galvanizado<\/p>\n<p>Cubierta Exterior de PE (espesor 1,20mm)<\/p>\n<p>Presentaci\u00f3n bobinas de 1000 metros<\/p>\n<p>RFA:ACS-UC400 S23 C6 U\/FTP 4P LSHF MA LSHF 1000DW<\/p>\n<p><strong>\u00bfD\u00f3nde conseguir ?<\/strong><\/p>\n<p>Puedes conseguir este producto y mucho mas en nuestra tienda de electr\u00f3nica \u201cElectronica JNC\u201d a un excelente precio, de igual manera puedes preguntar por otros productos que tenemos para ti y as\u00ed adquirirlos seg\u00fan tu necesidad para\u00a0 tus proyectos.<\/p>\n<p>Adem\u00e1s de vender realizamos todo tipo de proyectos de Rob\u00f3tica Electr\u00f3nica y de Programaci\u00f3n en Arduino-Raspberry, brindamos asesoramiento en la elaboracion de proyectos y personalizamos sus clases cuando deseas armar un robot.<\/p>\n<p>\u00a1\u00a1\u00a1\u00a1 PREGUNTANOS!!!!<\/p>\n<p>Puede retirar sus pedidos en nuestra\u00a0<a href=\"https:\/\/www.electronicajnc.com\/web\/contactos\" target=\"_blank\" rel=\"noopener\">TIENDA F\u00cdSICA<\/a>\u00a0o realizar sus pedidos\u00a0<a href=\"https:\/\/www.electronicajnc.com\/web\/mi-cuenta\" target=\"_blank\" rel=\"noopener\">ONLINE<\/a>\u00a0o por\u00a0<a href=\"https:\/\/api.whatsapp.com\/send?phone=593958753126\" target=\"_blank\" rel=\"noopener\">WHATSAPP<\/a>.<\/p>\n","protected":false},"excerpt":{"rendered":"<p>Este cable UTP Cat6 puede utilizarse para conectar a Internet un ordenador, un televisor, un port\u00e1til, un reproductor multimedia, un reproductor de bluray, etc.El cable tiene una clavija RJ45 en ambos extremos para poder utilizarlo directamente (plug and play). El conector RJ45 est\u00e1 protegido en ambos lados por un aumento moldeado tambi\u00e9n llamad&#8230;<\/p>\n","protected":false},"featured_media":633,"comment_status":"closed","ping_status":"closed","template":"","meta":{"saved_in_kubio":false,"_joinchat":[]},"product_brand":[],"product_cat":[95],"product_tag":[414,415,413,412],"class_list":{"0":"post-632","1":"product","2":"type-product","3":"status-publish","4":"has-post-thumbnail","6":"product_cat-cables","7":"product_tag-cable-categoria-6","8":"product_tag-cable-de-alta-transmision","9":"product_tag-cable-de-red","10":"product_tag-cable-utp","12":"first","13":"instock","14":"taxable","15":"shipping-taxable","16":"purchasable","17":"product-type-simple"},"yoast_head":"<!-- This site is optimized with the Yoast SEO plugin v27.5 - https:\/\/yoast.com\/product\/yoast-seo-wordpress\/ -->\n<title>CABLE U\/UTP CATEGORIA C6E - Electronica JNC<\/title>\n<meta name=\"description\" content=\"CABLE U\/UTP C6E con transmisi\u00f3n de datos de frecuencia de ancho de banda de 100Mhz con una velocidad de transferencia de datos de 1000Mbps y 100 metros.\" \/>\n<meta name=\"robots\" content=\"index, follow, max-snippet:-1, max-image-preview:large, max-video-preview:-1\" \/>\n<link rel=\"canonical\" href=\"https:\/\/www.electronicajnc.com\/web\/producto\/cable-u-utp-c6e\/\" \/>\n<meta property=\"og:locale\" content=\"es_ES\" \/>\n<meta property=\"og:type\" content=\"article\" \/>\n<meta property=\"og:title\" content=\"CABLE U\/UTP CATEGORIA C6E - Electronica JNC\" \/>\n<meta property=\"og:description\" content=\"CABLE U\/UTP C6E con transmisi\u00f3n de datos de frecuencia de ancho de banda de 100Mhz con una velocidad de transferencia de datos de 1000Mbps y 100 metros.\" \/>\n<meta property=\"og:url\" content=\"https:\/\/www.electronicajnc.com\/web\/producto\/cable-u-utp-c6e\/\" \/>\n<meta property=\"og:site_name\" content=\"Electronica JNC\" \/>\n<meta property=\"article:modified_time\" content=\"2023-05-31T23:45:47+00:00\" \/>\n<meta property=\"og:image\" content=\"https:\/\/www.electronicajnc.com\/web\/wp-content\/uploads\/2023\/05\/CATEGORIA-6A.jpg\" \/>\n\t<meta property=\"og:image:width\" content=\"1170\" \/>\n\t<meta property=\"og:image:height\" content=\"999\" \/>\n\t<meta property=\"og:image:type\" content=\"image\/jpeg\" \/>\n<meta name=\"twitter:card\" content=\"summary_large_image\" \/>\n<meta name=\"twitter:label1\" content=\"Tiempo de lectura\" \/>\n\t<meta name=\"twitter:data1\" content=\"3 minutos\" \/>\n<script type=\"application\/ld+json\" class=\"yoast-schema-graph\">{\"@context\":\"https:\\\/\\\/schema.org\",\"@graph\":[{\"@type\":\"WebPage\",\"@id\":\"https:\\\/\\\/www.electronicajnc.com\\\/web\\\/producto\\\/cable-u-utp-c6e\\\/\",\"url\":\"https:\\\/\\\/www.electronicajnc.com\\\/web\\\/producto\\\/cable-u-utp-c6e\\\/\",\"name\":\"CABLE U\\\/UTP CATEGORIA C6E - Electronica JNC\",\"isPartOf\":{\"@id\":\"https:\\\/\\\/www.electronicajnc.com\\\/web\\\/#website\"},\"primaryImageOfPage\":{\"@id\":\"https:\\\/\\\/www.electronicajnc.com\\\/web\\\/producto\\\/cable-u-utp-c6e\\\/#primaryimage\"},\"image\":{\"@id\":\"https:\\\/\\\/www.electronicajnc.com\\\/web\\\/producto\\\/cable-u-utp-c6e\\\/#primaryimage\"},\"thumbnailUrl\":\"https:\\\/\\\/www.electronicajnc.com\\\/web\\\/wp-content\\\/uploads\\\/2023\\\/05\\\/CATEGORIA-6A.jpg\",\"datePublished\":\"2023-05-31T23:43:56+00:00\",\"dateModified\":\"2023-05-31T23:45:47+00:00\",\"description\":\"CABLE U\\\/UTP C6E con transmisi\u00f3n de datos de frecuencia de ancho de banda de 100Mhz con una velocidad de transferencia de datos de 1000Mbps y 100 metros.\",\"breadcrumb\":{\"@id\":\"https:\\\/\\\/www.electronicajnc.com\\\/web\\\/producto\\\/cable-u-utp-c6e\\\/#breadcrumb\"},\"inLanguage\":\"es\",\"potentialAction\":[{\"@type\":\"ReadAction\",\"target\":[\"https:\\\/\\\/www.electronicajnc.com\\\/web\\\/producto\\\/cable-u-utp-c6e\\\/\"]}]},{\"@type\":\"ImageObject\",\"inLanguage\":\"es\",\"@id\":\"https:\\\/\\\/www.electronicajnc.com\\\/web\\\/producto\\\/cable-u-utp-c6e\\\/#primaryimage\",\"url\":\"https:\\\/\\\/www.electronicajnc.com\\\/web\\\/wp-content\\\/uploads\\\/2023\\\/05\\\/CATEGORIA-6A.jpg\",\"contentUrl\":\"https:\\\/\\\/www.electronicajnc.com\\\/web\\\/wp-content\\\/uploads\\\/2023\\\/05\\\/CATEGORIA-6A.jpg\",\"width\":1170,\"height\":999,\"caption\":\"CABLE U\\\/UTP C6E\"},{\"@type\":\"BreadcrumbList\",\"@id\":\"https:\\\/\\\/www.electronicajnc.com\\\/web\\\/producto\\\/cable-u-utp-c6e\\\/#breadcrumb\",\"itemListElement\":[{\"@type\":\"ListItem\",\"position\":1,\"name\":\"Portada\",\"item\":\"https:\\\/\\\/www.electronicajnc.com\\\/web\\\/\"},{\"@type\":\"ListItem\",\"position\":2,\"name\":\"TIENDA\",\"item\":\"https:\\\/\\\/www.electronicajnc.com\\\/web\\\/tienda\\\/\"},{\"@type\":\"ListItem\",\"position\":3,\"name\":\"CABLE U\\\/UTP CATEGORIA C6E\"}]},{\"@type\":\"WebSite\",\"@id\":\"https:\\\/\\\/www.electronicajnc.com\\\/web\\\/#website\",\"url\":\"https:\\\/\\\/www.electronicajnc.com\\\/web\\\/\",\"name\":\"Electronica JNC\",\"description\":\"Robotica Tecnologia Mecatronica en Ecuador\",\"publisher\":{\"@id\":\"https:\\\/\\\/www.electronicajnc.com\\\/web\\\/#organization\"},\"potentialAction\":[{\"@type\":\"SearchAction\",\"target\":{\"@type\":\"EntryPoint\",\"urlTemplate\":\"https:\\\/\\\/www.electronicajnc.com\\\/web\\\/?s={search_term_string}\"},\"query-input\":{\"@type\":\"PropertyValueSpecification\",\"valueRequired\":true,\"valueName\":\"search_term_string\"}}],\"inLanguage\":\"es\"},{\"@type\":\"Organization\",\"@id\":\"https:\\\/\\\/www.electronicajnc.com\\\/web\\\/#organization\",\"name\":\"Electronica JNC\",\"url\":\"https:\\\/\\\/www.electronicajnc.com\\\/web\\\/\",\"logo\":{\"@type\":\"ImageObject\",\"inLanguage\":\"es\",\"@id\":\"https:\\\/\\\/www.electronicajnc.com\\\/web\\\/#\\\/schema\\\/logo\\\/image\\\/\",\"url\":\"https:\\\/\\\/www.electronicajnc.com\\\/web\\\/wp-content\\\/uploads\\\/2023\\\/06\\\/nuevo-logo.jpg\",\"contentUrl\":\"https:\\\/\\\/www.electronicajnc.com\\\/web\\\/wp-content\\\/uploads\\\/2023\\\/06\\\/nuevo-logo.jpg\",\"width\":1256,\"height\":612,\"caption\":\"Electronica JNC\"},\"image\":{\"@id\":\"https:\\\/\\\/www.electronicajnc.com\\\/web\\\/#\\\/schema\\\/logo\\\/image\\\/\"}}]}<\/script>\n<!-- \/ Yoast SEO plugin. -->","yoast_head_json":{"title":"CABLE U\/UTP CATEGORIA C6E - Electronica JNC","description":"CABLE U\/UTP C6E con transmisi\u00f3n de datos de frecuencia de ancho de banda de 100Mhz con una velocidad de transferencia de datos de 1000Mbps y 100 metros.","robots":{"index":"index","follow":"follow","max-snippet":"max-snippet:-1","max-image-preview":"max-image-preview:large","max-video-preview":"max-video-preview:-1"},"canonical":"https:\/\/www.electronicajnc.com\/web\/producto\/cable-u-utp-c6e\/","og_locale":"es_ES","og_type":"article","og_title":"CABLE U\/UTP CATEGORIA C6E - Electronica JNC","og_description":"CABLE U\/UTP C6E con transmisi\u00f3n de datos de frecuencia de ancho de banda de 100Mhz con una velocidad de transferencia de datos de 1000Mbps y 100 metros.","og_url":"https:\/\/www.electronicajnc.com\/web\/producto\/cable-u-utp-c6e\/","og_site_name":"Electronica JNC","article_modified_time":"2023-05-31T23:45:47+00:00","og_image":[{"width":1170,"height":999,"url":"https:\/\/www.electronicajnc.com\/web\/wp-content\/uploads\/2023\/05\/CATEGORIA-6A.jpg","type":"image\/jpeg"}],"twitter_card":"summary_large_image","twitter_misc":{"Tiempo de lectura":"3 minutos"},"schema":{"@context":"https:\/\/schema.org","@graph":[{"@type":"WebPage","@id":"https:\/\/www.electronicajnc.com\/web\/producto\/cable-u-utp-c6e\/","url":"https:\/\/www.electronicajnc.com\/web\/producto\/cable-u-utp-c6e\/","name":"CABLE U\/UTP CATEGORIA C6E - Electronica JNC","isPartOf":{"@id":"https:\/\/www.electronicajnc.com\/web\/#website"},"primaryImageOfPage":{"@id":"https:\/\/www.electronicajnc.com\/web\/producto\/cable-u-utp-c6e\/#primaryimage"},"image":{"@id":"https:\/\/www.electronicajnc.com\/web\/producto\/cable-u-utp-c6e\/#primaryimage"},"thumbnailUrl":"https:\/\/www.electronicajnc.com\/web\/wp-content\/uploads\/2023\/05\/CATEGORIA-6A.jpg","datePublished":"2023-05-31T23:43:56+00:00","dateModified":"2023-05-31T23:45:47+00:00","description":"CABLE U\/UTP C6E con transmisi\u00f3n de datos de frecuencia de ancho de banda de 100Mhz con una velocidad de transferencia de datos de 1000Mbps y 100 metros.","breadcrumb":{"@id":"https:\/\/www.electronicajnc.com\/web\/producto\/cable-u-utp-c6e\/#breadcrumb"},"inLanguage":"es","potentialAction":[{"@type":"ReadAction","target":["https:\/\/www.electronicajnc.com\/web\/producto\/cable-u-utp-c6e\/"]}]},{"@type":"ImageObject","inLanguage":"es","@id":"https:\/\/www.electronicajnc.com\/web\/producto\/cable-u-utp-c6e\/#primaryimage","url":"https:\/\/www.electronicajnc.com\/web\/wp-content\/uploads\/2023\/05\/CATEGORIA-6A.jpg","contentUrl":"https:\/\/www.electronicajnc.com\/web\/wp-content\/uploads\/2023\/05\/CATEGORIA-6A.jpg","width":1170,"height":999,"caption":"CABLE U\/UTP C6E"},{"@type":"BreadcrumbList","@id":"https:\/\/www.electronicajnc.com\/web\/producto\/cable-u-utp-c6e\/#breadcrumb","itemListElement":[{"@type":"ListItem","position":1,"name":"Portada","item":"https:\/\/www.electronicajnc.com\/web\/"},{"@type":"ListItem","position":2,"name":"TIENDA","item":"https:\/\/www.electronicajnc.com\/web\/tienda\/"},{"@type":"ListItem","position":3,"name":"CABLE U\/UTP CATEGORIA C6E"}]},{"@type":"WebSite","@id":"https:\/\/www.electronicajnc.com\/web\/#website","url":"https:\/\/www.electronicajnc.com\/web\/","name":"Electronica JNC","description":"Robotica Tecnologia Mecatronica en Ecuador","publisher":{"@id":"https:\/\/www.electronicajnc.com\/web\/#organization"},"potentialAction":[{"@type":"SearchAction","target":{"@type":"EntryPoint","urlTemplate":"https:\/\/www.electronicajnc.com\/web\/?s={search_term_string}"},"query-input":{"@type":"PropertyValueSpecification","valueRequired":true,"valueName":"search_term_string"}}],"inLanguage":"es"},{"@type":"Organization","@id":"https:\/\/www.electronicajnc.com\/web\/#organization","name":"Electronica JNC","url":"https:\/\/www.electronicajnc.com\/web\/","logo":{"@type":"ImageObject","inLanguage":"es","@id":"https:\/\/www.electronicajnc.com\/web\/#\/schema\/logo\/image\/","url":"https:\/\/www.electronicajnc.com\/web\/wp-content\/uploads\/2023\/06\/nuevo-logo.jpg","contentUrl":"https:\/\/www.electronicajnc.com\/web\/wp-content\/uploads\/2023\/06\/nuevo-logo.jpg","width":1256,"height":612,"caption":"Electronica JNC"},"image":{"@id":"https:\/\/www.electronicajnc.com\/web\/#\/schema\/logo\/image\/"}}]}},"_links":{"self":[{"href":"https:\/\/www.electronicajnc.com\/web\/wp-json\/wp\/v2\/product\/632","targetHints":{"allow":["GET"]}}],"collection":[{"href":"https:\/\/www.electronicajnc.com\/web\/wp-json\/wp\/v2\/product"}],"about":[{"href":"https:\/\/www.electronicajnc.com\/web\/wp-json\/wp\/v2\/types\/product"}],"replies":[{"embeddable":true,"href":"https:\/\/www.electronicajnc.com\/web\/wp-json\/wp\/v2\/comments?post=632"}],"wp:featuredmedia":[{"embeddable":true,"href":"https:\/\/www.electronicajnc.com\/web\/wp-json\/wp\/v2\/media\/633"}],"wp:attachment":[{"href":"https:\/\/www.electronicajnc.com\/web\/wp-json\/wp\/v2\/media?parent=632"}],"wp:term":[{"taxonomy":"product_brand","embeddable":true,"href":"https:\/\/www.electronicajnc.com\/web\/wp-json\/wp\/v2\/product_brand?post=632"},{"taxonomy":"product_cat","embeddable":true,"href":"https:\/\/www.electronicajnc.com\/web\/wp-json\/wp\/v2\/product_cat?post=632"},{"taxonomy":"product_tag","embeddable":true,"href":"https:\/\/www.electronicajnc.com\/web\/wp-json\/wp\/v2\/product_tag?post=632"}],"curies":[{"name":"wp","href":"https:\/\/api.w.org\/{rel}","templated":true}]}}