{"id":641,"date":"2023-06-13T20:00:23","date_gmt":"2023-06-13T20:00:23","guid":{"rendered":"https:\/\/www.electronicajnc.com\/web\/?post_type=product&#038;p=641"},"modified":"2024-10-18T16:51:30","modified_gmt":"2024-10-18T16:51:30","slug":"convertidor-voltaje-dc-dc-lm2596","status":"publish","type":"product","link":"https:\/\/www.electronicajnc.com\/web\/producto\/convertidor-voltaje-dc-dc-lm2596\/","title":{"rendered":"Convertidor Voltaje DC-DC LM2596"},"content":{"rendered":"<p>Convertidor Voltaje DC-DC LM2596 El convertidor de voltaje DC-DC Step-Down 3A\u00a0LM2596 tiene como funci\u00f3n\u00a0entregar un voltaje de salida constante inferior al voltaje de entrada frente a variaciones del voltaje de entrada o de carga. Soporta corrientes de salida de hasta 3A, voltaje de entrada entre 4.5V a 40V y voltaje de salida entre 1.23V a 37V. El voltaje de salida se selecciona mediante un potenci\u00f3metro multivuelta.<\/p>\n<p><img decoding=\"async\" class=\"aligncenter\" src=\"https:\/\/encrypted-tbn0.gstatic.com\/images?q=tbn:ANd9GcTi7870lWqEHmEjl87ZhDQF5VgJ_IXWPTdgtA&amp;usqp=CAU\" alt=\"Ultra-Small Lm2596 Power Supply Module Dc \/ Dc Buck 3A Adjustable Buck Module Regulator Ultra Lm2596S 24V Switch 12V 5V 3V\" \/><\/p>\n<div class=\"row\">\n<div class=\"col-md-9\">\n<p>El convertidor DC-DC\u00a0LM2596 es un regulador de tipo conmutado reductor (Step-Down o Buck) con una alta eficiencia de conversi\u00f3n,\u00a0excelente regulaci\u00f3n de l\u00ednea y bajo voltaje de rizado.\u00a0 El m\u00f3dulo reduce al m\u00ednimo el uso de componentes externos para simplificar el dise\u00f1o de fuentes de alimentaci\u00f3n. Permite obtener un voltaje regulado a partir de una fuente con un voltaje mayor, por ejemplo:\u00a0obtener\u00a05V, 3.3V, 1.8V\u00a0a partir de una fuente o bater\u00eda de 12V.\u00a0Para asegurar un buen funcionamiento el nivel de voltaje de entrada debe ser superior al nivel de\u00a0voltaje de salida por lo menos en 1.5V, ya que de no ser as\u00ed, se presentar\u00eda problemas de eficiencia y rendimiento.\u00a0Es capaz de manejar una carga de hasta 3A, cuando se emplee para una corriente\u00a0superior a 2A\u00a0es recomendable adicionar\u00a0un disipador de calor.<\/p>\n<\/div>\n<\/div>\n<div class=\"row\">\n<div class=\"col-md-3\">\n<h3>Convertidor Voltaje DC-DC LM2596<\/h3>\n<h3><\/h3>\n<h3>ESPECIFICACIONES T\u00c9CNICAS<\/h3>\n<\/div>\n<div class=\"col-md-9\">\n<ul>\n<li>Convertidor DC-DC Buck: LM2596<\/li>\n<li>Voltaje de entrada: 4.5V\u00a0a 40V DC<\/li>\n<li>Voltaje de salida: 1.23V\u00a0a 37V DC<\/li>\n<li>V. salida ajustable (el voltaje de entrada debe tener al menos 1.5V m\u00e1s que la salida).<\/li>\n<li>Corriente de Salida: m\u00e1x. 3A, 2.5A recomendado (usar disipador para corrientes mayores a 2A).<\/li>\n<li>Potencia de salida: 25W<\/li>\n<li>Eficiencia de conversi\u00f3n: 92%<\/li>\n<li>Regulaci\u00f3n de carga: S (I) \u2264 0.5%.<\/li>\n<li>Regulaci\u00f3n de voltaje: S (u) \u2264 0.5%.<\/li>\n<li>Frecuencia de Trabajo: 150KHz<\/li>\n<li>Ripple en la salida: 30mV (m\u00e1x.) 20M bandwidth<\/li>\n<li>Protecci\u00f3n\u00a0de sobre-temperatura: SI (apaga la salida)<\/li>\n<li>Protecci\u00f3n de corto circuito: SI (hasta 5A)<\/li>\n<li>Protecci\u00f3n limitadora de corriente: SI<\/li>\n<li>Protecci\u00f3n frente a inversi\u00f3n de polaridad: NO<\/li>\n<li>Dimensiones:\u00a043mm*21mm*13mm<\/li>\n<\/ul>\n<\/div>\n<\/div>\n<p><strong>\u00bfD\u00f3nde conseguir ?<\/strong><\/p>\n<p>Puedes conseguir este producto y mucho mas en nuestra tienda de electr\u00f3nica \u201cElectronica JNC\u201d a un excelente precio, de igual manera puedes preguntar por otros productos que tenemos para ti y as\u00ed adquirirlos seg\u00fan tu necesidad para\u00a0 tus proyectos.<\/p>\n<p>Adem\u00e1s de vender realizamos todo tipo de proyectos de Rob\u00f3tica Electr\u00f3nica y de Programaci\u00f3n en Arduino-Raspberry, brindamos asesoramiento en la elaboraci\u00f3n de proyectos y personalizamos sus clases cuando deseas armar un robot.<\/p>\n<p>\u00a1\u00a1\u00a1\u00a1 PREGUNTANOS!!!!<\/p>\n<p>Puede retirar sus pedidos en nuestra\u00a0<a href=\"https:\/\/www.electronicajnc.com\/web\/contactos\" target=\"_blank\" rel=\"noopener\">TIENDA F\u00cdSICA<\/a>\u00a0o realizar sus pedidos\u00a0<a href=\"https:\/\/www.electronicajnc.com\/web\/mi-cuenta\" target=\"_blank\" rel=\"noopener\">ONLINE<\/a>\u00a0o por\u00a0<a href=\"https:\/\/api.whatsapp.com\/send?phone=593958753126\" target=\"_blank\" rel=\"noopener\">WHATSAPP<\/a>.<\/p>\n<p>&nbsp;<\/p>\n","protected":false},"excerpt":{"rendered":"<p>El m\u00f3dulo convertidor LM2596 es una fuente de alimentaci\u00f3n conmutada, as\u00ed que su eficiencia es significativamente mayor en comparaci\u00f3n con los populares reguladores lineales de tres terminales, especialmente con tensiones de entrada superiores.<\/p>\n","protected":false},"featured_media":642,"comment_status":"closed","ping_status":"closed","template":"","meta":{"saved_in_kubio":false,"_joinchat":[]},"product_brand":[],"product_cat":[21],"product_tag":[430,426,429,427,428],"class_list":{"0":"post-641","1":"product","2":"type-product","3":"status-publish","4":"has-post-thumbnail","6":"product_cat-modulos_sensores","7":"product_tag-lm2596hvs-modulo-reductor-de-voltaje-step-down-lm2596-3a","8":"product_tag-modulo-lm2596-regulador-step-down","9":"product_tag-modulo-regulador-dc-step-down-lm2596-3a","10":"product_tag-modulo-regulador-step-down-lm2596-3a-arduino-pic","11":"product_tag-regulador-de-voltaje-step-down-lm2596-3a-dc-dc-buck","13":"first","14":"instock","15":"taxable","16":"shipping-taxable","17":"purchasable","18":"product-type-simple"},"yoast_head":"<!-- This site is optimized with the Yoast SEO plugin v27.4 - https:\/\/yoast.com\/product\/yoast-seo-wordpress\/ -->\n<title>Convertidor Voltaje DC-DC LM2596 - Electronica JNC<\/title>\n<meta name=\"description\" content=\"Convertidor Voltaje DC-DC LM2596 es una fuente de alimentaci\u00f3n conmutada, su eficiencia es mayor en comparaci\u00f3n con los populares reguladores lineales\" \/>\n<meta name=\"robots\" content=\"index, follow, max-snippet:-1, max-image-preview:large, max-video-preview:-1\" \/>\n<link rel=\"canonical\" href=\"https:\/\/www.electronicajnc.com\/web\/producto\/convertidor-voltaje-dc-dc-lm2596\/\" \/>\n<meta property=\"og:locale\" content=\"es_ES\" \/>\n<meta property=\"og:type\" content=\"article\" \/>\n<meta property=\"og:title\" content=\"Convertidor Voltaje DC-DC LM2596 - Electronica JNC\" \/>\n<meta property=\"og:description\" content=\"Convertidor Voltaje DC-DC LM2596 es una fuente de alimentaci\u00f3n conmutada, su eficiencia es mayor en comparaci\u00f3n con los populares reguladores lineales\" \/>\n<meta property=\"og:url\" content=\"https:\/\/www.electronicajnc.com\/web\/producto\/convertidor-voltaje-dc-dc-lm2596\/\" \/>\n<meta property=\"og:site_name\" content=\"Electronica JNC\" \/>\n<meta property=\"article:modified_time\" content=\"2024-10-18T16:51:30+00:00\" \/>\n<meta property=\"og:image\" content=\"https:\/\/www.electronicajnc.com\/web\/wp-content\/uploads\/2023\/06\/LM2596.jpg\" \/>\n\t<meta property=\"og:image:width\" content=\"730\" \/>\n\t<meta property=\"og:image:height\" content=\"800\" \/>\n\t<meta property=\"og:image:type\" content=\"image\/jpeg\" \/>\n<meta name=\"twitter:card\" content=\"summary_large_image\" \/>\n<meta name=\"twitter:label1\" content=\"Tiempo de lectura\" \/>\n\t<meta name=\"twitter:data1\" content=\"3 minutos\" \/>\n<script type=\"application\/ld+json\" class=\"yoast-schema-graph\">{\"@context\":\"https:\\\/\\\/schema.org\",\"@graph\":[{\"@type\":\"WebPage\",\"@id\":\"https:\\\/\\\/www.electronicajnc.com\\\/web\\\/producto\\\/convertidor-voltaje-dc-dc-lm2596\\\/\",\"url\":\"https:\\\/\\\/www.electronicajnc.com\\\/web\\\/producto\\\/convertidor-voltaje-dc-dc-lm2596\\\/\",\"name\":\"Convertidor Voltaje DC-DC LM2596 - Electronica JNC\",\"isPartOf\":{\"@id\":\"https:\\\/\\\/www.electronicajnc.com\\\/web\\\/#website\"},\"primaryImageOfPage\":{\"@id\":\"https:\\\/\\\/www.electronicajnc.com\\\/web\\\/producto\\\/convertidor-voltaje-dc-dc-lm2596\\\/#primaryimage\"},\"image\":{\"@id\":\"https:\\\/\\\/www.electronicajnc.com\\\/web\\\/producto\\\/convertidor-voltaje-dc-dc-lm2596\\\/#primaryimage\"},\"thumbnailUrl\":\"https:\\\/\\\/www.electronicajnc.com\\\/web\\\/wp-content\\\/uploads\\\/2023\\\/06\\\/LM2596.jpg\",\"datePublished\":\"2023-06-13T20:00:23+00:00\",\"dateModified\":\"2024-10-18T16:51:30+00:00\",\"description\":\"Convertidor Voltaje DC-DC LM2596 es una fuente de alimentaci\u00f3n conmutada, su eficiencia es mayor en comparaci\u00f3n con los populares reguladores lineales\",\"breadcrumb\":{\"@id\":\"https:\\\/\\\/www.electronicajnc.com\\\/web\\\/producto\\\/convertidor-voltaje-dc-dc-lm2596\\\/#breadcrumb\"},\"inLanguage\":\"es\",\"potentialAction\":[{\"@type\":\"ReadAction\",\"target\":[\"https:\\\/\\\/www.electronicajnc.com\\\/web\\\/producto\\\/convertidor-voltaje-dc-dc-lm2596\\\/\"]}]},{\"@type\":\"ImageObject\",\"inLanguage\":\"es\",\"@id\":\"https:\\\/\\\/www.electronicajnc.com\\\/web\\\/producto\\\/convertidor-voltaje-dc-dc-lm2596\\\/#primaryimage\",\"url\":\"https:\\\/\\\/www.electronicajnc.com\\\/web\\\/wp-content\\\/uploads\\\/2023\\\/06\\\/LM2596.jpg\",\"contentUrl\":\"https:\\\/\\\/www.electronicajnc.com\\\/web\\\/wp-content\\\/uploads\\\/2023\\\/06\\\/LM2596.jpg\",\"width\":730,\"height\":800,\"caption\":\"Convertidor Voltaje Buck DC-DC Adjustable Step Down LM2596\"},{\"@type\":\"BreadcrumbList\",\"@id\":\"https:\\\/\\\/www.electronicajnc.com\\\/web\\\/producto\\\/convertidor-voltaje-dc-dc-lm2596\\\/#breadcrumb\",\"itemListElement\":[{\"@type\":\"ListItem\",\"position\":1,\"name\":\"Portada\",\"item\":\"https:\\\/\\\/www.electronicajnc.com\\\/web\\\/\"},{\"@type\":\"ListItem\",\"position\":2,\"name\":\"TIENDA\",\"item\":\"https:\\\/\\\/www.electronicajnc.com\\\/web\\\/tienda\\\/\"},{\"@type\":\"ListItem\",\"position\":3,\"name\":\"Convertidor Voltaje DC-DC LM2596\"}]},{\"@type\":\"WebSite\",\"@id\":\"https:\\\/\\\/www.electronicajnc.com\\\/web\\\/#website\",\"url\":\"https:\\\/\\\/www.electronicajnc.com\\\/web\\\/\",\"name\":\"Electronica JNC\",\"description\":\"Robotica Tecnologia Mecatronica en Ecuador\",\"publisher\":{\"@id\":\"https:\\\/\\\/www.electronicajnc.com\\\/web\\\/#organization\"},\"potentialAction\":[{\"@type\":\"SearchAction\",\"target\":{\"@type\":\"EntryPoint\",\"urlTemplate\":\"https:\\\/\\\/www.electronicajnc.com\\\/web\\\/?s={search_term_string}\"},\"query-input\":{\"@type\":\"PropertyValueSpecification\",\"valueRequired\":true,\"valueName\":\"search_term_string\"}}],\"inLanguage\":\"es\"},{\"@type\":\"Organization\",\"@id\":\"https:\\\/\\\/www.electronicajnc.com\\\/web\\\/#organization\",\"name\":\"Electronica JNC\",\"url\":\"https:\\\/\\\/www.electronicajnc.com\\\/web\\\/\",\"logo\":{\"@type\":\"ImageObject\",\"inLanguage\":\"es\",\"@id\":\"https:\\\/\\\/www.electronicajnc.com\\\/web\\\/#\\\/schema\\\/logo\\\/image\\\/\",\"url\":\"https:\\\/\\\/www.electronicajnc.com\\\/web\\\/wp-content\\\/uploads\\\/2023\\\/06\\\/nuevo-logo.jpg\",\"contentUrl\":\"https:\\\/\\\/www.electronicajnc.com\\\/web\\\/wp-content\\\/uploads\\\/2023\\\/06\\\/nuevo-logo.jpg\",\"width\":1256,\"height\":612,\"caption\":\"Electronica JNC\"},\"image\":{\"@id\":\"https:\\\/\\\/www.electronicajnc.com\\\/web\\\/#\\\/schema\\\/logo\\\/image\\\/\"}}]}<\/script>\n<!-- \/ Yoast SEO plugin. -->","yoast_head_json":{"title":"Convertidor Voltaje DC-DC LM2596 - Electronica JNC","description":"Convertidor Voltaje DC-DC LM2596 es una fuente de alimentaci\u00f3n conmutada, su eficiencia es mayor en comparaci\u00f3n con los populares reguladores lineales","robots":{"index":"index","follow":"follow","max-snippet":"max-snippet:-1","max-image-preview":"max-image-preview:large","max-video-preview":"max-video-preview:-1"},"canonical":"https:\/\/www.electronicajnc.com\/web\/producto\/convertidor-voltaje-dc-dc-lm2596\/","og_locale":"es_ES","og_type":"article","og_title":"Convertidor Voltaje DC-DC LM2596 - Electronica JNC","og_description":"Convertidor Voltaje DC-DC LM2596 es una fuente de alimentaci\u00f3n conmutada, su eficiencia es mayor en comparaci\u00f3n con los populares reguladores lineales","og_url":"https:\/\/www.electronicajnc.com\/web\/producto\/convertidor-voltaje-dc-dc-lm2596\/","og_site_name":"Electronica JNC","article_modified_time":"2024-10-18T16:51:30+00:00","og_image":[{"width":730,"height":800,"url":"https:\/\/www.electronicajnc.com\/web\/wp-content\/uploads\/2023\/06\/LM2596.jpg","type":"image\/jpeg"}],"twitter_card":"summary_large_image","twitter_misc":{"Tiempo de lectura":"3 minutos"},"schema":{"@context":"https:\/\/schema.org","@graph":[{"@type":"WebPage","@id":"https:\/\/www.electronicajnc.com\/web\/producto\/convertidor-voltaje-dc-dc-lm2596\/","url":"https:\/\/www.electronicajnc.com\/web\/producto\/convertidor-voltaje-dc-dc-lm2596\/","name":"Convertidor Voltaje DC-DC LM2596 - Electronica JNC","isPartOf":{"@id":"https:\/\/www.electronicajnc.com\/web\/#website"},"primaryImageOfPage":{"@id":"https:\/\/www.electronicajnc.com\/web\/producto\/convertidor-voltaje-dc-dc-lm2596\/#primaryimage"},"image":{"@id":"https:\/\/www.electronicajnc.com\/web\/producto\/convertidor-voltaje-dc-dc-lm2596\/#primaryimage"},"thumbnailUrl":"https:\/\/www.electronicajnc.com\/web\/wp-content\/uploads\/2023\/06\/LM2596.jpg","datePublished":"2023-06-13T20:00:23+00:00","dateModified":"2024-10-18T16:51:30+00:00","description":"Convertidor Voltaje DC-DC LM2596 es una fuente de alimentaci\u00f3n conmutada, su eficiencia es mayor en comparaci\u00f3n con los populares reguladores lineales","breadcrumb":{"@id":"https:\/\/www.electronicajnc.com\/web\/producto\/convertidor-voltaje-dc-dc-lm2596\/#breadcrumb"},"inLanguage":"es","potentialAction":[{"@type":"ReadAction","target":["https:\/\/www.electronicajnc.com\/web\/producto\/convertidor-voltaje-dc-dc-lm2596\/"]}]},{"@type":"ImageObject","inLanguage":"es","@id":"https:\/\/www.electronicajnc.com\/web\/producto\/convertidor-voltaje-dc-dc-lm2596\/#primaryimage","url":"https:\/\/www.electronicajnc.com\/web\/wp-content\/uploads\/2023\/06\/LM2596.jpg","contentUrl":"https:\/\/www.electronicajnc.com\/web\/wp-content\/uploads\/2023\/06\/LM2596.jpg","width":730,"height":800,"caption":"Convertidor Voltaje Buck DC-DC Adjustable Step Down LM2596"},{"@type":"BreadcrumbList","@id":"https:\/\/www.electronicajnc.com\/web\/producto\/convertidor-voltaje-dc-dc-lm2596\/#breadcrumb","itemListElement":[{"@type":"ListItem","position":1,"name":"Portada","item":"https:\/\/www.electronicajnc.com\/web\/"},{"@type":"ListItem","position":2,"name":"TIENDA","item":"https:\/\/www.electronicajnc.com\/web\/tienda\/"},{"@type":"ListItem","position":3,"name":"Convertidor Voltaje DC-DC LM2596"}]},{"@type":"WebSite","@id":"https:\/\/www.electronicajnc.com\/web\/#website","url":"https:\/\/www.electronicajnc.com\/web\/","name":"Electronica JNC","description":"Robotica Tecnologia Mecatronica en Ecuador","publisher":{"@id":"https:\/\/www.electronicajnc.com\/web\/#organization"},"potentialAction":[{"@type":"SearchAction","target":{"@type":"EntryPoint","urlTemplate":"https:\/\/www.electronicajnc.com\/web\/?s={search_term_string}"},"query-input":{"@type":"PropertyValueSpecification","valueRequired":true,"valueName":"search_term_string"}}],"inLanguage":"es"},{"@type":"Organization","@id":"https:\/\/www.electronicajnc.com\/web\/#organization","name":"Electronica JNC","url":"https:\/\/www.electronicajnc.com\/web\/","logo":{"@type":"ImageObject","inLanguage":"es","@id":"https:\/\/www.electronicajnc.com\/web\/#\/schema\/logo\/image\/","url":"https:\/\/www.electronicajnc.com\/web\/wp-content\/uploads\/2023\/06\/nuevo-logo.jpg","contentUrl":"https:\/\/www.electronicajnc.com\/web\/wp-content\/uploads\/2023\/06\/nuevo-logo.jpg","width":1256,"height":612,"caption":"Electronica JNC"},"image":{"@id":"https:\/\/www.electronicajnc.com\/web\/#\/schema\/logo\/image\/"}}]}},"_links":{"self":[{"href":"https:\/\/www.electronicajnc.com\/web\/wp-json\/wp\/v2\/product\/641","targetHints":{"allow":["GET"]}}],"collection":[{"href":"https:\/\/www.electronicajnc.com\/web\/wp-json\/wp\/v2\/product"}],"about":[{"href":"https:\/\/www.electronicajnc.com\/web\/wp-json\/wp\/v2\/types\/product"}],"replies":[{"embeddable":true,"href":"https:\/\/www.electronicajnc.com\/web\/wp-json\/wp\/v2\/comments?post=641"}],"wp:featuredmedia":[{"embeddable":true,"href":"https:\/\/www.electronicajnc.com\/web\/wp-json\/wp\/v2\/media\/642"}],"wp:attachment":[{"href":"https:\/\/www.electronicajnc.com\/web\/wp-json\/wp\/v2\/media?parent=641"}],"wp:term":[{"taxonomy":"product_brand","embeddable":true,"href":"https:\/\/www.electronicajnc.com\/web\/wp-json\/wp\/v2\/product_brand?post=641"},{"taxonomy":"product_cat","embeddable":true,"href":"https:\/\/www.electronicajnc.com\/web\/wp-json\/wp\/v2\/product_cat?post=641"},{"taxonomy":"product_tag","embeddable":true,"href":"https:\/\/www.electronicajnc.com\/web\/wp-json\/wp\/v2\/product_tag?post=641"}],"curies":[{"name":"wp","href":"https:\/\/api.w.org\/{rel}","templated":true}]}}