{"id":643,"date":"2023-06-13T22:51:14","date_gmt":"2023-06-13T22:51:14","guid":{"rendered":"https:\/\/www.electronicajnc.com\/web\/?post_type=product&#038;p=643"},"modified":"2023-07-04T00:01:57","modified_gmt":"2023-07-04T00:01:57","slug":"sensor-de-flama-yg1006","status":"publish","type":"product","link":"https:\/\/www.electronicajnc.com\/web\/producto\/sensor-de-flama-yg1006\/","title":{"rendered":"SENSOR DE FLAMA YG1006"},"content":{"rendered":"<p class=\"product_name \">SENSOR DE FLAMA<img fetchpriority=\"high\" decoding=\"async\" class=\"aligncenter\" src=\"https:\/\/cdn.shopify.com\/s\/files\/1\/0020\/8027\/6524\/files\/Diagrama_sensor_lcd_bb_efb6c43c-ebf7-45dd-aee0-2b9b8f785aff_1024x1024.png?v=1593720730\" alt=\"Sensor de flama \u2014 Talos Electronics\" width=\"686\" height=\"329\" \/><\/p>\n<h3><strong style=\"font-size: 16px;\">\u00bfQu\u00e9 es?<\/strong><\/h3>\n<div align=\"justify\">\n<p>El M\u00f3dulo KY-026 es un Sensor de Flama que por medio de un LED receptor infrarrojo detecta longitudes de onda de llama en un rango de 760nm a 1100nm. Las salidas de este sensor son digital y anal\u00f3gica e incluye un potenci\u00f3metro para ajuste de la sensibilidad del sensor.<\/p>\n<p><strong>\u00bfPara qu\u00e9 sirve?<\/strong><\/p>\n<p>El m\u00f3dulo KY-026 Sensor de Flama es \u00fatil para sistema de detecci\u00f3n de incendios, como una medida de seguridad.<\/p>\n<\/div>\n<h3><strong>ESPECIFICACI\u00d3N Y <\/strong><b>CARACTER\u00cdSTICAS<\/b><\/h3>\n<ul>\n<li>Voltaje de operaci\u00f3n: 3.3 a 5.5\u00a0 V<\/li>\n<li>Corriente de Operaci\u00f3n: 15 mA<\/li>\n<li>Rango de detecci\u00f3n: 760 nm a 1100 nm<\/li>\n<li>\u00c1ngulo de detecci\u00f3n:\u00a0 60\u00b0<\/li>\n<li>Tipo de salida: digital y anal\u00f3gica<\/li>\n<li>Ajuste de sensibilidad: Si<\/li>\n<li>Distancia de detecci\u00f3n m\u00e1xima: 1 metro\u00a0 (puede ser mayor, dependiendo de la magnitud de la llama)<\/li>\n<li>Dimensiones: 15 mm x 36 mm<\/li>\n<li>Peso: 3 g<\/li>\n<\/ul>\n<p><strong>\u00bfC\u00f3mo funciona el Sensor de Flama?<\/strong><\/p>\n<div>El sensor de llama KY-026 est\u00e1 equipado con un fotodiodo que es sensible al rango espectral de luz creado por una llama abierta. El sensor de llama detecta longitudes de onda que van desde 760 nm hasta 1100 nm en el espectro infrarrojo. Despu\u00e9s de detectar una llama, la l\u00ednea de salida digital (DO) se volver\u00e1 ALTA. La salida anal\u00f3gica (AO) proporcionar\u00e1 una medici\u00f3n directa de la lectura.<\/div>\n<div><\/div>\n<div>No se recomienda que este dispositivo entre en contacto con una llama, ya que es probable que el pl\u00e1stico se derrita o se queme. El sensor de llama debe mantenerse a una distancia razonable de la fuente de llama.<\/div>\n<h1 class=\"product_name \">SENSOR DE FLAMA<\/h1>\n<p><strong>Caracter\u00edsticas:<\/strong><\/p>\n<ul>\n<li>Rango de detecci\u00f3n: 60 grados.<\/li>\n<li>Sensibilidad ajustable (en el potenci\u00f3metro digital azul).<\/li>\n<li>Alta fotosensibilidad.<\/li>\n<li>Tiempo de respuesta r\u00e1pido.<\/li>\n<li>Voltaje de operaci\u00f3n: 3.3v-5v.<\/li>\n<li>Salida: salida digital de switcheo DO (0 y 1) y salida anal\u00f3gica de voltaje AO.<\/li>\n<li>Chip LM393 integrado.<\/li>\n<\/ul>\n<p><strong>\u00bfD\u00f3nde conseguir ?<\/strong><\/p>\n<p>Puedes conseguir este producto y mucho mas en nuestra tienda de electr\u00f3nica \u201cElectronica JNC\u201d a un excelente precio, de igual manera puedes preguntar por otros productos que tenemos para ti y as\u00ed adquirirlos seg\u00fan tu necesidad para\u00a0 tus proyectos.<\/p>\n<p>Adem\u00e1s de vender realizamos todo tipo de proyectos de Rob\u00f3tica Electr\u00f3nica y de Programaci\u00f3n en Arduino-Raspberry, brindamos asesoramiento en la elaboraci\u00f3n de proyectos y personalizamos sus clases cuando deseas armar un robot.<\/p>\n<p>\u00a1\u00a1\u00a1\u00a1 PREGUNTANOS!!!!<\/p>\n<p>Puede retirar sus pedidos en nuestra\u00a0<a href=\"https:\/\/www.electronicajnc.com\/web\/contactos\" target=\"_blank\" rel=\"noopener\">TIENDA F\u00cdSICA<\/a>\u00a0o realizar sus pedidos\u00a0<a href=\"https:\/\/www.electronicajnc.com\/web\/mi-cuenta\" target=\"_blank\" rel=\"noopener\">ONLINE<\/a>\u00a0o por\u00a0<a href=\"https:\/\/api.whatsapp.com\/send?phone=593958753126\" target=\"_blank\" rel=\"noopener\">WHATSAPP<\/a>.<\/p>\n","protected":false},"excerpt":{"rendered":"<p>El M\u00f3dulo KY-026 es un Sensor de Flama que por medio de un LED receptor infrarrojo detecta longitudes de onda de llama en un rango de 760nm a 1100nm. Las salidas de este sensor son digital y anal\u00f3gica e incluye un potenci\u00f3metro para ajuste de la sensibilidad del sensor.<\/p>\n","protected":false},"featured_media":646,"comment_status":"closed","ping_status":"closed","template":"","meta":{"saved_in_kubio":false,"_joinchat":[]},"product_brand":[],"product_cat":[21],"product_tag":[434,432,431,433,436,435],"class_list":{"0":"post-643","1":"product","2":"type-product","3":"status-publish","4":"has-post-thumbnail","6":"product_cat-modulos_sensores","7":"product_tag-modulo-de-sensor-de-deteccion-de-flama-ir","8":"product_tag-modulo-ky-026-sensor-de-flama","9":"product_tag-modulo-sensor-de-flama","10":"product_tag-modulo-sensor-de-flama-llama-ky-026-arduino","11":"product_tag-modulo-sensor-detector-de-flama","12":"product_tag-modulo-sensor-flama","14":"first","15":"instock","16":"taxable","17":"shipping-taxable","18":"purchasable","19":"product-type-simple"},"yoast_head":"<!-- This site is optimized with the Yoast SEO plugin v27.4 - https:\/\/yoast.com\/product\/yoast-seo-wordpress\/ -->\n<title>SENSOR DE FLAMA YG1006 - Electronica JNC<\/title>\n<meta name=\"description\" content=\"SENSOR DE FLAMA El m\u00f3dulo KY-026 Sensor de Flama es \u00fatil para sistema de detecci\u00f3n de incendios, como una medida de seguridad, para Arduino.\" \/>\n<meta name=\"robots\" content=\"index, follow, max-snippet:-1, max-image-preview:large, max-video-preview:-1\" \/>\n<link rel=\"canonical\" href=\"https:\/\/www.electronicajnc.com\/web\/producto\/sensor-de-flama-yg1006\/\" \/>\n<meta property=\"og:locale\" content=\"es_ES\" \/>\n<meta property=\"og:type\" content=\"article\" \/>\n<meta property=\"og:title\" content=\"SENSOR DE FLAMA YG1006 - Electronica JNC\" \/>\n<meta property=\"og:description\" content=\"SENSOR DE FLAMA El m\u00f3dulo KY-026 Sensor de Flama es \u00fatil para sistema de detecci\u00f3n de incendios, como una medida de seguridad, para Arduino.\" \/>\n<meta property=\"og:url\" content=\"https:\/\/www.electronicajnc.com\/web\/producto\/sensor-de-flama-yg1006\/\" \/>\n<meta property=\"og:site_name\" content=\"Electronica JNC\" \/>\n<meta property=\"article:modified_time\" content=\"2023-07-04T00:01:57+00:00\" \/>\n<meta property=\"og:image\" content=\"https:\/\/www.electronicajnc.com\/web\/wp-content\/uploads\/2023\/06\/flama-2.jpg\" \/>\n\t<meta property=\"og:image:width\" content=\"1207\" \/>\n\t<meta property=\"og:image:height\" content=\"1014\" \/>\n\t<meta property=\"og:image:type\" content=\"image\/jpeg\" \/>\n<meta name=\"twitter:card\" content=\"summary_large_image\" \/>\n<meta name=\"twitter:label1\" content=\"Tiempo de lectura\" \/>\n\t<meta name=\"twitter:data1\" content=\"2 minutos\" \/>\n<script type=\"application\/ld+json\" class=\"yoast-schema-graph\">{\"@context\":\"https:\\\/\\\/schema.org\",\"@graph\":[{\"@type\":\"WebPage\",\"@id\":\"https:\\\/\\\/www.electronicajnc.com\\\/web\\\/producto\\\/sensor-de-flama-yg1006\\\/\",\"url\":\"https:\\\/\\\/www.electronicajnc.com\\\/web\\\/producto\\\/sensor-de-flama-yg1006\\\/\",\"name\":\"SENSOR DE FLAMA YG1006 - Electronica JNC\",\"isPartOf\":{\"@id\":\"https:\\\/\\\/www.electronicajnc.com\\\/web\\\/#website\"},\"primaryImageOfPage\":{\"@id\":\"https:\\\/\\\/www.electronicajnc.com\\\/web\\\/producto\\\/sensor-de-flama-yg1006\\\/#primaryimage\"},\"image\":{\"@id\":\"https:\\\/\\\/www.electronicajnc.com\\\/web\\\/producto\\\/sensor-de-flama-yg1006\\\/#primaryimage\"},\"thumbnailUrl\":\"https:\\\/\\\/www.electronicajnc.com\\\/web\\\/wp-content\\\/uploads\\\/2023\\\/06\\\/flama-2.jpg\",\"datePublished\":\"2023-06-13T22:51:14+00:00\",\"dateModified\":\"2023-07-04T00:01:57+00:00\",\"description\":\"SENSOR DE FLAMA El m\u00f3dulo KY-026 Sensor de Flama es \u00fatil para sistema de detecci\u00f3n de incendios, como una medida de seguridad, para Arduino.\",\"breadcrumb\":{\"@id\":\"https:\\\/\\\/www.electronicajnc.com\\\/web\\\/producto\\\/sensor-de-flama-yg1006\\\/#breadcrumb\"},\"inLanguage\":\"es\",\"potentialAction\":[{\"@type\":\"ReadAction\",\"target\":[\"https:\\\/\\\/www.electronicajnc.com\\\/web\\\/producto\\\/sensor-de-flama-yg1006\\\/\"]}]},{\"@type\":\"ImageObject\",\"inLanguage\":\"es\",\"@id\":\"https:\\\/\\\/www.electronicajnc.com\\\/web\\\/producto\\\/sensor-de-flama-yg1006\\\/#primaryimage\",\"url\":\"https:\\\/\\\/www.electronicajnc.com\\\/web\\\/wp-content\\\/uploads\\\/2023\\\/06\\\/flama-2.jpg\",\"contentUrl\":\"https:\\\/\\\/www.electronicajnc.com\\\/web\\\/wp-content\\\/uploads\\\/2023\\\/06\\\/flama-2.jpg\",\"width\":1207,\"height\":1014,\"caption\":\"M\u00f3dulo de Sensor de Detecci\u00f3n de Flama IR\"},{\"@type\":\"BreadcrumbList\",\"@id\":\"https:\\\/\\\/www.electronicajnc.com\\\/web\\\/producto\\\/sensor-de-flama-yg1006\\\/#breadcrumb\",\"itemListElement\":[{\"@type\":\"ListItem\",\"position\":1,\"name\":\"Portada\",\"item\":\"https:\\\/\\\/www.electronicajnc.com\\\/web\\\/\"},{\"@type\":\"ListItem\",\"position\":2,\"name\":\"TIENDA\",\"item\":\"https:\\\/\\\/www.electronicajnc.com\\\/web\\\/tienda\\\/\"},{\"@type\":\"ListItem\",\"position\":3,\"name\":\"SENSOR DE FLAMA YG1006\"}]},{\"@type\":\"WebSite\",\"@id\":\"https:\\\/\\\/www.electronicajnc.com\\\/web\\\/#website\",\"url\":\"https:\\\/\\\/www.electronicajnc.com\\\/web\\\/\",\"name\":\"Electronica JNC\",\"description\":\"Robotica Tecnologia Mecatronica en Ecuador\",\"publisher\":{\"@id\":\"https:\\\/\\\/www.electronicajnc.com\\\/web\\\/#organization\"},\"potentialAction\":[{\"@type\":\"SearchAction\",\"target\":{\"@type\":\"EntryPoint\",\"urlTemplate\":\"https:\\\/\\\/www.electronicajnc.com\\\/web\\\/?s={search_term_string}\"},\"query-input\":{\"@type\":\"PropertyValueSpecification\",\"valueRequired\":true,\"valueName\":\"search_term_string\"}}],\"inLanguage\":\"es\"},{\"@type\":\"Organization\",\"@id\":\"https:\\\/\\\/www.electronicajnc.com\\\/web\\\/#organization\",\"name\":\"Electronica JNC\",\"url\":\"https:\\\/\\\/www.electronicajnc.com\\\/web\\\/\",\"logo\":{\"@type\":\"ImageObject\",\"inLanguage\":\"es\",\"@id\":\"https:\\\/\\\/www.electronicajnc.com\\\/web\\\/#\\\/schema\\\/logo\\\/image\\\/\",\"url\":\"https:\\\/\\\/www.electronicajnc.com\\\/web\\\/wp-content\\\/uploads\\\/2023\\\/06\\\/nuevo-logo.jpg\",\"contentUrl\":\"https:\\\/\\\/www.electronicajnc.com\\\/web\\\/wp-content\\\/uploads\\\/2023\\\/06\\\/nuevo-logo.jpg\",\"width\":1256,\"height\":612,\"caption\":\"Electronica JNC\"},\"image\":{\"@id\":\"https:\\\/\\\/www.electronicajnc.com\\\/web\\\/#\\\/schema\\\/logo\\\/image\\\/\"}}]}<\/script>\n<!-- \/ Yoast SEO plugin. -->","yoast_head_json":{"title":"SENSOR DE FLAMA YG1006 - Electronica JNC","description":"SENSOR DE FLAMA El m\u00f3dulo KY-026 Sensor de Flama es \u00fatil para sistema de detecci\u00f3n de incendios, como una medida de seguridad, para Arduino.","robots":{"index":"index","follow":"follow","max-snippet":"max-snippet:-1","max-image-preview":"max-image-preview:large","max-video-preview":"max-video-preview:-1"},"canonical":"https:\/\/www.electronicajnc.com\/web\/producto\/sensor-de-flama-yg1006\/","og_locale":"es_ES","og_type":"article","og_title":"SENSOR DE FLAMA YG1006 - Electronica JNC","og_description":"SENSOR DE FLAMA El m\u00f3dulo KY-026 Sensor de Flama es \u00fatil para sistema de detecci\u00f3n de incendios, como una medida de seguridad, para Arduino.","og_url":"https:\/\/www.electronicajnc.com\/web\/producto\/sensor-de-flama-yg1006\/","og_site_name":"Electronica JNC","article_modified_time":"2023-07-04T00:01:57+00:00","og_image":[{"width":1207,"height":1014,"url":"https:\/\/www.electronicajnc.com\/web\/wp-content\/uploads\/2023\/06\/flama-2.jpg","type":"image\/jpeg"}],"twitter_card":"summary_large_image","twitter_misc":{"Tiempo de lectura":"2 minutos"},"schema":{"@context":"https:\/\/schema.org","@graph":[{"@type":"WebPage","@id":"https:\/\/www.electronicajnc.com\/web\/producto\/sensor-de-flama-yg1006\/","url":"https:\/\/www.electronicajnc.com\/web\/producto\/sensor-de-flama-yg1006\/","name":"SENSOR DE FLAMA YG1006 - Electronica JNC","isPartOf":{"@id":"https:\/\/www.electronicajnc.com\/web\/#website"},"primaryImageOfPage":{"@id":"https:\/\/www.electronicajnc.com\/web\/producto\/sensor-de-flama-yg1006\/#primaryimage"},"image":{"@id":"https:\/\/www.electronicajnc.com\/web\/producto\/sensor-de-flama-yg1006\/#primaryimage"},"thumbnailUrl":"https:\/\/www.electronicajnc.com\/web\/wp-content\/uploads\/2023\/06\/flama-2.jpg","datePublished":"2023-06-13T22:51:14+00:00","dateModified":"2023-07-04T00:01:57+00:00","description":"SENSOR DE FLAMA El m\u00f3dulo KY-026 Sensor de Flama es \u00fatil para sistema de detecci\u00f3n de incendios, como una medida de seguridad, para Arduino.","breadcrumb":{"@id":"https:\/\/www.electronicajnc.com\/web\/producto\/sensor-de-flama-yg1006\/#breadcrumb"},"inLanguage":"es","potentialAction":[{"@type":"ReadAction","target":["https:\/\/www.electronicajnc.com\/web\/producto\/sensor-de-flama-yg1006\/"]}]},{"@type":"ImageObject","inLanguage":"es","@id":"https:\/\/www.electronicajnc.com\/web\/producto\/sensor-de-flama-yg1006\/#primaryimage","url":"https:\/\/www.electronicajnc.com\/web\/wp-content\/uploads\/2023\/06\/flama-2.jpg","contentUrl":"https:\/\/www.electronicajnc.com\/web\/wp-content\/uploads\/2023\/06\/flama-2.jpg","width":1207,"height":1014,"caption":"M\u00f3dulo de Sensor de Detecci\u00f3n de Flama IR"},{"@type":"BreadcrumbList","@id":"https:\/\/www.electronicajnc.com\/web\/producto\/sensor-de-flama-yg1006\/#breadcrumb","itemListElement":[{"@type":"ListItem","position":1,"name":"Portada","item":"https:\/\/www.electronicajnc.com\/web\/"},{"@type":"ListItem","position":2,"name":"TIENDA","item":"https:\/\/www.electronicajnc.com\/web\/tienda\/"},{"@type":"ListItem","position":3,"name":"SENSOR DE FLAMA YG1006"}]},{"@type":"WebSite","@id":"https:\/\/www.electronicajnc.com\/web\/#website","url":"https:\/\/www.electronicajnc.com\/web\/","name":"Electronica JNC","description":"Robotica Tecnologia Mecatronica en Ecuador","publisher":{"@id":"https:\/\/www.electronicajnc.com\/web\/#organization"},"potentialAction":[{"@type":"SearchAction","target":{"@type":"EntryPoint","urlTemplate":"https:\/\/www.electronicajnc.com\/web\/?s={search_term_string}"},"query-input":{"@type":"PropertyValueSpecification","valueRequired":true,"valueName":"search_term_string"}}],"inLanguage":"es"},{"@type":"Organization","@id":"https:\/\/www.electronicajnc.com\/web\/#organization","name":"Electronica JNC","url":"https:\/\/www.electronicajnc.com\/web\/","logo":{"@type":"ImageObject","inLanguage":"es","@id":"https:\/\/www.electronicajnc.com\/web\/#\/schema\/logo\/image\/","url":"https:\/\/www.electronicajnc.com\/web\/wp-content\/uploads\/2023\/06\/nuevo-logo.jpg","contentUrl":"https:\/\/www.electronicajnc.com\/web\/wp-content\/uploads\/2023\/06\/nuevo-logo.jpg","width":1256,"height":612,"caption":"Electronica JNC"},"image":{"@id":"https:\/\/www.electronicajnc.com\/web\/#\/schema\/logo\/image\/"}}]}},"_links":{"self":[{"href":"https:\/\/www.electronicajnc.com\/web\/wp-json\/wp\/v2\/product\/643","targetHints":{"allow":["GET"]}}],"collection":[{"href":"https:\/\/www.electronicajnc.com\/web\/wp-json\/wp\/v2\/product"}],"about":[{"href":"https:\/\/www.electronicajnc.com\/web\/wp-json\/wp\/v2\/types\/product"}],"replies":[{"embeddable":true,"href":"https:\/\/www.electronicajnc.com\/web\/wp-json\/wp\/v2\/comments?post=643"}],"wp:featuredmedia":[{"embeddable":true,"href":"https:\/\/www.electronicajnc.com\/web\/wp-json\/wp\/v2\/media\/646"}],"wp:attachment":[{"href":"https:\/\/www.electronicajnc.com\/web\/wp-json\/wp\/v2\/media?parent=643"}],"wp:term":[{"taxonomy":"product_brand","embeddable":true,"href":"https:\/\/www.electronicajnc.com\/web\/wp-json\/wp\/v2\/product_brand?post=643"},{"taxonomy":"product_cat","embeddable":true,"href":"https:\/\/www.electronicajnc.com\/web\/wp-json\/wp\/v2\/product_cat?post=643"},{"taxonomy":"product_tag","embeddable":true,"href":"https:\/\/www.electronicajnc.com\/web\/wp-json\/wp\/v2\/product_tag?post=643"}],"curies":[{"name":"wp","href":"https:\/\/api.w.org\/{rel}","templated":true}]}}