{"id":649,"date":"2023-06-14T00:19:09","date_gmt":"2023-06-14T00:19:09","guid":{"rendered":"https:\/\/www.electronicajnc.com\/web\/?post_type=product&#038;p=649"},"modified":"2023-06-14T00:19:35","modified_gmt":"2023-06-14T00:19:35","slug":"modulo-acelerometro-mpu6050","status":"publish","type":"product","link":"https:\/\/www.electronicajnc.com\/web\/producto\/modulo-acelerometro-mpu6050\/","title":{"rendered":"M\u00f3dulo Aceler\u00f3metro Mpu6050"},"content":{"rendered":"<p class=\"product_title entry-title\">M\u00f3dulo Aceler\u00f3metro Mpu6050<\/p>\n<p><img fetchpriority=\"high\" decoding=\"async\" class=\"aligncenter\" src=\"https:\/\/sandorobotics.com\/wp-content\/uploads\/2018\/07\/BBBmU.png\" alt=\"M\u00f3dulo Aceler\u00f3metro y Giroscopio MPU6050 | SANDOROBOTICS\" width=\"453\" height=\"446\" \/>Sensor Girosc\u00f3pico<\/p>\n<p>Un giroscopio es un dispositivo que funciona para miden velocidades angulares bas\u00e1ndose en el mantenimiento del impulso de rotaci\u00f3n. Si intentamos hacer girar un objeto que est\u00e1 girando sobre un eje que no es el eje sobre el que est\u00e1 rotando, el objeto ejercer\u00e1 un momento contrario al movimiento con el fin de preservar el impulso de rotaci\u00f3n total.<br \/>\nEl giroscopio muestra el cambio de rango en rotaci\u00f3n en sus ejes X, Y y Z.<\/p>\n<p>Aceler\u00f3metro<\/p>\n<p>Mide la aceleraci\u00f3n, inclinaci\u00f3n o vibraci\u00f3n y transforma la magnitud f\u00edsica de aceleraci\u00f3n en otra magnitud el\u00e9ctrica que ser\u00e1 la que emplearemos en los equipos de adquisici\u00f3n est\u00e1ndar. Los rangos de medida van desde las d\u00e9cimas de g, hasta los miles de g.<\/p>\n<p>MPU-6050<\/p>\n<p>El circuito integrado MPU-6050 contiene un aceler\u00f3metro y giroscopio MEMS en un solo empaque. Cuenta con una resoluci\u00f3n de 16-bits, lo cual significa que divide el rango din\u00e1mico en 65536 fracciones, estos aplican para cada eje X, Y y Z al igual que en la velocidad angular. El sensor es ideal para dise\u00f1ar control de rob\u00f3tica, medici\u00f3n de vibraci\u00f3n, sistemas de medici\u00f3n inercial (IMU), detector de ca\u00eddas, sensor de distancia y velocidad, y muchas cosas m\u00e1s. El MPU-6050 contiene un girosc\u00f3pico, un aceler\u00f3metro, adem\u00e1s de un sensor de temperatura, mediante I2C regresa unos valores conocidos como raw o \u201ccrudos\u201d seg\u00fan el registro seleccionado.<\/p>\n<h1 class=\"product_title entry-title\">M\u00f3dulo Aceler\u00f3metro Mpu6050<\/h1>\n<h3><strong>\u00a0Caracteristicas:<\/strong><\/h3>\n<ul>\n<li>Usa el Circuito Integrado MPU-6050<\/li>\n<li>Voltaje de Operacion entre 3-5Vdc<\/li>\n<li>Tipo de comunicacion i2C<\/li>\n<li>Internamete funciona como un convertidor Analogo a Digital<\/li>\n<li>con Salida de operacion a 16 bit<\/li>\n<li>El rango del giroscopio es +250 500 1000 2000 Grados\/s<\/li>\n<li>El rango de aceleracion es \u00b12 \u00b14 \u00b18 \u00b116 g<\/li>\n<li>Dimensiones aproximadas 21*15*1.2mm<\/li>\n<li>Peso Aproximado de 3gr<\/li>\n<\/ul>\n<p><strong>\u00bfD\u00f3nde conseguir ?<\/strong><\/p>\n<p>Puedes conseguir este producto y mucho mas en nuestra tienda de electr\u00f3nica \u201cElectronica JNC\u201d a un excelente precio, de igual manera puedes preguntar por otros productos que tenemos para ti y as\u00ed adquirirlos seg\u00fan tu necesidad para\u00a0 tus proyectos.<\/p>\n<p>Adem\u00e1s de vender realizamos todo tipo de proyectos de Rob\u00f3tica Electr\u00f3nica y de Programaci\u00f3n en Arduino-Raspberry, brindamos asesoramiento en la elaboraci\u00f3n de proyectos y personalizamos sus clases cuando deseas armar un robot.<\/p>\n<p>\u00a1\u00a1\u00a1\u00a1 PREGUNTANOS!!!!<\/p>\n<p>Puede retirar sus pedidos en nuestra\u00a0<a href=\"https:\/\/www.electronicajnc.com\/web\/contactos\" target=\"_blank\" rel=\"noopener\">TIENDA F\u00cdSICA<\/a>\u00a0o realizar sus pedidos\u00a0<a href=\"https:\/\/www.electronicajnc.com\/web\/mi-cuenta\" target=\"_blank\" rel=\"noopener\">ONLINE<\/a>\u00a0o por\u00a0<a href=\"https:\/\/api.whatsapp.com\/send?phone=593958753126\" target=\"_blank\" rel=\"noopener\">WHATSAPP<\/a>.<\/p>\n","protected":false},"excerpt":{"rendered":"<p>Este m\u00f3dulo est\u00e1 basado en el sensor MPU6050 y contiene todo lo necesario medir movimiento en 6 grados de libertad, combinando un giroscopio de 3 ejes y un aceler\u00f3metro de 3 ejes en un mismo chip. Integra un DMP (Procesador digital de movimiento) capaz de realizar complejos algoritmos de captura de movimiento de 9 ejes.<\/p>\n","protected":false},"featured_media":650,"comment_status":"closed","ping_status":"closed","template":"","meta":{"saved_in_kubio":false,"_joinchat":[]},"product_brand":[],"product_cat":[21],"product_tag":[449,448,445,447,444,446],"class_list":{"0":"post-649","1":"product","2":"type-product","3":"status-publish","4":"has-post-thumbnail","6":"product_cat-modulos_sensores","7":"product_tag-arduino-uno-arrduino-mega","8":"product_tag-el-sensor-mpu-6050","9":"product_tag-modulo-giroscopio-modulo-acelerometro-mpu6050","10":"product_tag-modulo-gy-521-mpu-6050-giroscopio-acelerometro-para-arduino","11":"product_tag-mpu-6050-modulo-de-giroscopio-de-aceleracion-de-tres-ejes-6dof","12":"product_tag-search-gy-521-mpu-6050-giroscopio-acelerometro-de-3-ejes-gy-521-mpu-6050-giroscopio-acelerometro-de-3-ejes","14":"first","15":"instock","16":"taxable","17":"shipping-taxable","18":"purchasable","19":"product-type-simple"},"yoast_head":"<!-- This site is optimized with the Yoast SEO plugin v27.5 - https:\/\/yoast.com\/product\/yoast-seo-wordpress\/ -->\n<title>M\u00f3dulo Aceler\u00f3metro Mpu6050 - Electronica JNC<\/title>\n<meta name=\"description\" content=\"M\u00f3dulo Aceler\u00f3metro Mpu6050 Se comunica a trav\u00e9s de una interfaz I2C y posee una librer\u00eda muy difundida para su uso inmediato con Arduino.\" \/>\n<meta name=\"robots\" content=\"index, follow, max-snippet:-1, max-image-preview:large, max-video-preview:-1\" \/>\n<link rel=\"canonical\" href=\"https:\/\/www.electronicajnc.com\/web\/producto\/modulo-acelerometro-mpu6050\/\" \/>\n<meta property=\"og:locale\" content=\"es_ES\" \/>\n<meta property=\"og:type\" content=\"article\" \/>\n<meta property=\"og:title\" content=\"M\u00f3dulo Aceler\u00f3metro Mpu6050 - Electronica JNC\" \/>\n<meta property=\"og:description\" content=\"M\u00f3dulo Aceler\u00f3metro Mpu6050 Se comunica a trav\u00e9s de una interfaz I2C y posee una librer\u00eda muy difundida para su uso inmediato con Arduino.\" \/>\n<meta property=\"og:url\" content=\"https:\/\/www.electronicajnc.com\/web\/producto\/modulo-acelerometro-mpu6050\/\" \/>\n<meta property=\"og:site_name\" content=\"Electronica JNC\" \/>\n<meta property=\"article:modified_time\" content=\"2023-06-14T00:19:35+00:00\" \/>\n<meta property=\"og:image\" content=\"https:\/\/www.electronicajnc.com\/web\/wp-content\/uploads\/2023\/06\/6050.jpg\" \/>\n\t<meta property=\"og:image:width\" content=\"1008\" \/>\n\t<meta property=\"og:image:height\" content=\"1024\" \/>\n\t<meta property=\"og:image:type\" content=\"image\/jpeg\" \/>\n<meta name=\"twitter:card\" content=\"summary_large_image\" \/>\n<meta name=\"twitter:label1\" content=\"Tiempo de lectura\" \/>\n\t<meta name=\"twitter:data1\" content=\"2 minutos\" \/>\n<script type=\"application\/ld+json\" class=\"yoast-schema-graph\">{\"@context\":\"https:\\\/\\\/schema.org\",\"@graph\":[{\"@type\":\"WebPage\",\"@id\":\"https:\\\/\\\/www.electronicajnc.com\\\/web\\\/producto\\\/modulo-acelerometro-mpu6050\\\/\",\"url\":\"https:\\\/\\\/www.electronicajnc.com\\\/web\\\/producto\\\/modulo-acelerometro-mpu6050\\\/\",\"name\":\"M\u00f3dulo Aceler\u00f3metro Mpu6050 - Electronica JNC\",\"isPartOf\":{\"@id\":\"https:\\\/\\\/www.electronicajnc.com\\\/web\\\/#website\"},\"primaryImageOfPage\":{\"@id\":\"https:\\\/\\\/www.electronicajnc.com\\\/web\\\/producto\\\/modulo-acelerometro-mpu6050\\\/#primaryimage\"},\"image\":{\"@id\":\"https:\\\/\\\/www.electronicajnc.com\\\/web\\\/producto\\\/modulo-acelerometro-mpu6050\\\/#primaryimage\"},\"thumbnailUrl\":\"https:\\\/\\\/www.electronicajnc.com\\\/web\\\/wp-content\\\/uploads\\\/2023\\\/06\\\/6050.jpg\",\"datePublished\":\"2023-06-14T00:19:09+00:00\",\"dateModified\":\"2023-06-14T00:19:35+00:00\",\"description\":\"M\u00f3dulo Aceler\u00f3metro Mpu6050 Se comunica a trav\u00e9s de una interfaz I2C y posee una librer\u00eda muy difundida para su uso inmediato con Arduino.\",\"breadcrumb\":{\"@id\":\"https:\\\/\\\/www.electronicajnc.com\\\/web\\\/producto\\\/modulo-acelerometro-mpu6050\\\/#breadcrumb\"},\"inLanguage\":\"es\",\"potentialAction\":[{\"@type\":\"ReadAction\",\"target\":[\"https:\\\/\\\/www.electronicajnc.com\\\/web\\\/producto\\\/modulo-acelerometro-mpu6050\\\/\"]}]},{\"@type\":\"ImageObject\",\"inLanguage\":\"es\",\"@id\":\"https:\\\/\\\/www.electronicajnc.com\\\/web\\\/producto\\\/modulo-acelerometro-mpu6050\\\/#primaryimage\",\"url\":\"https:\\\/\\\/www.electronicajnc.com\\\/web\\\/wp-content\\\/uploads\\\/2023\\\/06\\\/6050.jpg\",\"contentUrl\":\"https:\\\/\\\/www.electronicajnc.com\\\/web\\\/wp-content\\\/uploads\\\/2023\\\/06\\\/6050.jpg\",\"width\":1008,\"height\":1024,\"caption\":\"M\u00f3dulo Giroscopio M\u00f3dulo Aceler\u00f3metro Mpu6050\"},{\"@type\":\"BreadcrumbList\",\"@id\":\"https:\\\/\\\/www.electronicajnc.com\\\/web\\\/producto\\\/modulo-acelerometro-mpu6050\\\/#breadcrumb\",\"itemListElement\":[{\"@type\":\"ListItem\",\"position\":1,\"name\":\"Portada\",\"item\":\"https:\\\/\\\/www.electronicajnc.com\\\/web\\\/\"},{\"@type\":\"ListItem\",\"position\":2,\"name\":\"TIENDA\",\"item\":\"https:\\\/\\\/www.electronicajnc.com\\\/web\\\/tienda\\\/\"},{\"@type\":\"ListItem\",\"position\":3,\"name\":\"M\u00f3dulo Aceler\u00f3metro Mpu6050\"}]},{\"@type\":\"WebSite\",\"@id\":\"https:\\\/\\\/www.electronicajnc.com\\\/web\\\/#website\",\"url\":\"https:\\\/\\\/www.electronicajnc.com\\\/web\\\/\",\"name\":\"Electronica JNC\",\"description\":\"Robotica Tecnologia Mecatronica en Ecuador\",\"publisher\":{\"@id\":\"https:\\\/\\\/www.electronicajnc.com\\\/web\\\/#organization\"},\"potentialAction\":[{\"@type\":\"SearchAction\",\"target\":{\"@type\":\"EntryPoint\",\"urlTemplate\":\"https:\\\/\\\/www.electronicajnc.com\\\/web\\\/?s={search_term_string}\"},\"query-input\":{\"@type\":\"PropertyValueSpecification\",\"valueRequired\":true,\"valueName\":\"search_term_string\"}}],\"inLanguage\":\"es\"},{\"@type\":\"Organization\",\"@id\":\"https:\\\/\\\/www.electronicajnc.com\\\/web\\\/#organization\",\"name\":\"Electronica JNC\",\"url\":\"https:\\\/\\\/www.electronicajnc.com\\\/web\\\/\",\"logo\":{\"@type\":\"ImageObject\",\"inLanguage\":\"es\",\"@id\":\"https:\\\/\\\/www.electronicajnc.com\\\/web\\\/#\\\/schema\\\/logo\\\/image\\\/\",\"url\":\"https:\\\/\\\/www.electronicajnc.com\\\/web\\\/wp-content\\\/uploads\\\/2023\\\/06\\\/nuevo-logo.jpg\",\"contentUrl\":\"https:\\\/\\\/www.electronicajnc.com\\\/web\\\/wp-content\\\/uploads\\\/2023\\\/06\\\/nuevo-logo.jpg\",\"width\":1256,\"height\":612,\"caption\":\"Electronica JNC\"},\"image\":{\"@id\":\"https:\\\/\\\/www.electronicajnc.com\\\/web\\\/#\\\/schema\\\/logo\\\/image\\\/\"}}]}<\/script>\n<!-- \/ Yoast SEO plugin. -->","yoast_head_json":{"title":"M\u00f3dulo Aceler\u00f3metro Mpu6050 - Electronica JNC","description":"M\u00f3dulo Aceler\u00f3metro Mpu6050 Se comunica a trav\u00e9s de una interfaz I2C y posee una librer\u00eda muy difundida para su uso inmediato con Arduino.","robots":{"index":"index","follow":"follow","max-snippet":"max-snippet:-1","max-image-preview":"max-image-preview:large","max-video-preview":"max-video-preview:-1"},"canonical":"https:\/\/www.electronicajnc.com\/web\/producto\/modulo-acelerometro-mpu6050\/","og_locale":"es_ES","og_type":"article","og_title":"M\u00f3dulo Aceler\u00f3metro Mpu6050 - Electronica JNC","og_description":"M\u00f3dulo Aceler\u00f3metro Mpu6050 Se comunica a trav\u00e9s de una interfaz I2C y posee una librer\u00eda muy difundida para su uso inmediato con Arduino.","og_url":"https:\/\/www.electronicajnc.com\/web\/producto\/modulo-acelerometro-mpu6050\/","og_site_name":"Electronica JNC","article_modified_time":"2023-06-14T00:19:35+00:00","og_image":[{"width":1008,"height":1024,"url":"https:\/\/www.electronicajnc.com\/web\/wp-content\/uploads\/2023\/06\/6050.jpg","type":"image\/jpeg"}],"twitter_card":"summary_large_image","twitter_misc":{"Tiempo de lectura":"2 minutos"},"schema":{"@context":"https:\/\/schema.org","@graph":[{"@type":"WebPage","@id":"https:\/\/www.electronicajnc.com\/web\/producto\/modulo-acelerometro-mpu6050\/","url":"https:\/\/www.electronicajnc.com\/web\/producto\/modulo-acelerometro-mpu6050\/","name":"M\u00f3dulo Aceler\u00f3metro Mpu6050 - Electronica JNC","isPartOf":{"@id":"https:\/\/www.electronicajnc.com\/web\/#website"},"primaryImageOfPage":{"@id":"https:\/\/www.electronicajnc.com\/web\/producto\/modulo-acelerometro-mpu6050\/#primaryimage"},"image":{"@id":"https:\/\/www.electronicajnc.com\/web\/producto\/modulo-acelerometro-mpu6050\/#primaryimage"},"thumbnailUrl":"https:\/\/www.electronicajnc.com\/web\/wp-content\/uploads\/2023\/06\/6050.jpg","datePublished":"2023-06-14T00:19:09+00:00","dateModified":"2023-06-14T00:19:35+00:00","description":"M\u00f3dulo Aceler\u00f3metro Mpu6050 Se comunica a trav\u00e9s de una interfaz I2C y posee una librer\u00eda muy difundida para su uso inmediato con Arduino.","breadcrumb":{"@id":"https:\/\/www.electronicajnc.com\/web\/producto\/modulo-acelerometro-mpu6050\/#breadcrumb"},"inLanguage":"es","potentialAction":[{"@type":"ReadAction","target":["https:\/\/www.electronicajnc.com\/web\/producto\/modulo-acelerometro-mpu6050\/"]}]},{"@type":"ImageObject","inLanguage":"es","@id":"https:\/\/www.electronicajnc.com\/web\/producto\/modulo-acelerometro-mpu6050\/#primaryimage","url":"https:\/\/www.electronicajnc.com\/web\/wp-content\/uploads\/2023\/06\/6050.jpg","contentUrl":"https:\/\/www.electronicajnc.com\/web\/wp-content\/uploads\/2023\/06\/6050.jpg","width":1008,"height":1024,"caption":"M\u00f3dulo Giroscopio M\u00f3dulo Aceler\u00f3metro Mpu6050"},{"@type":"BreadcrumbList","@id":"https:\/\/www.electronicajnc.com\/web\/producto\/modulo-acelerometro-mpu6050\/#breadcrumb","itemListElement":[{"@type":"ListItem","position":1,"name":"Portada","item":"https:\/\/www.electronicajnc.com\/web\/"},{"@type":"ListItem","position":2,"name":"TIENDA","item":"https:\/\/www.electronicajnc.com\/web\/tienda\/"},{"@type":"ListItem","position":3,"name":"M\u00f3dulo Aceler\u00f3metro Mpu6050"}]},{"@type":"WebSite","@id":"https:\/\/www.electronicajnc.com\/web\/#website","url":"https:\/\/www.electronicajnc.com\/web\/","name":"Electronica JNC","description":"Robotica Tecnologia Mecatronica en Ecuador","publisher":{"@id":"https:\/\/www.electronicajnc.com\/web\/#organization"},"potentialAction":[{"@type":"SearchAction","target":{"@type":"EntryPoint","urlTemplate":"https:\/\/www.electronicajnc.com\/web\/?s={search_term_string}"},"query-input":{"@type":"PropertyValueSpecification","valueRequired":true,"valueName":"search_term_string"}}],"inLanguage":"es"},{"@type":"Organization","@id":"https:\/\/www.electronicajnc.com\/web\/#organization","name":"Electronica JNC","url":"https:\/\/www.electronicajnc.com\/web\/","logo":{"@type":"ImageObject","inLanguage":"es","@id":"https:\/\/www.electronicajnc.com\/web\/#\/schema\/logo\/image\/","url":"https:\/\/www.electronicajnc.com\/web\/wp-content\/uploads\/2023\/06\/nuevo-logo.jpg","contentUrl":"https:\/\/www.electronicajnc.com\/web\/wp-content\/uploads\/2023\/06\/nuevo-logo.jpg","width":1256,"height":612,"caption":"Electronica JNC"},"image":{"@id":"https:\/\/www.electronicajnc.com\/web\/#\/schema\/logo\/image\/"}}]}},"_links":{"self":[{"href":"https:\/\/www.electronicajnc.com\/web\/wp-json\/wp\/v2\/product\/649","targetHints":{"allow":["GET"]}}],"collection":[{"href":"https:\/\/www.electronicajnc.com\/web\/wp-json\/wp\/v2\/product"}],"about":[{"href":"https:\/\/www.electronicajnc.com\/web\/wp-json\/wp\/v2\/types\/product"}],"replies":[{"embeddable":true,"href":"https:\/\/www.electronicajnc.com\/web\/wp-json\/wp\/v2\/comments?post=649"}],"wp:featuredmedia":[{"embeddable":true,"href":"https:\/\/www.electronicajnc.com\/web\/wp-json\/wp\/v2\/media\/650"}],"wp:attachment":[{"href":"https:\/\/www.electronicajnc.com\/web\/wp-json\/wp\/v2\/media?parent=649"}],"wp:term":[{"taxonomy":"product_brand","embeddable":true,"href":"https:\/\/www.electronicajnc.com\/web\/wp-json\/wp\/v2\/product_brand?post=649"},{"taxonomy":"product_cat","embeddable":true,"href":"https:\/\/www.electronicajnc.com\/web\/wp-json\/wp\/v2\/product_cat?post=649"},{"taxonomy":"product_tag","embeddable":true,"href":"https:\/\/www.electronicajnc.com\/web\/wp-json\/wp\/v2\/product_tag?post=649"}],"curies":[{"name":"wp","href":"https:\/\/api.w.org\/{rel}","templated":true}]}}