{"id":651,"date":"2023-06-14T00:44:24","date_gmt":"2023-06-14T00:44:24","guid":{"rendered":"https:\/\/www.electronicajnc.com\/web\/?post_type=product&#038;p=651"},"modified":"2023-06-14T00:44:26","modified_gmt":"2023-06-14T00:44:26","slug":"modulo-rele-2-canales","status":"publish","type":"product","link":"https:\/\/www.electronicajnc.com\/web\/producto\/modulo-rele-2-canales\/","title":{"rendered":"M\u00f3dulo Rel\u00e9 2 Canales"},"content":{"rendered":"<p class=\"product_title entry-title\">M\u00f3dulo Rel\u00e9 2 Canales<\/p>\n<p><img decoding=\"async\" class=\"aligncenter\" src=\"https:\/\/encrypted-tbn0.gstatic.com\/images?q=tbn:ANd9GcR0jgZs88ztGVgaUJa8QHZ0_9AHL-9dzaOkAXeuJBWZhcI0Mwtwoq0OEQvqjKDJcQAh_E4&amp;usqp=CAU\" alt=\"Utiliza un rel\u00e9 con tu placa Arduino | DIWO\" \/><\/p>\n<p>Dentro de la gran variedad de proyectos que podemos realizar con Arduino, podemos llegar a desear controlar componentes de alto\u00a0voltaje o alto amperaje, como bombillas o bombas de agua, los cuales no pueden ser manejados directamente con Arduino. En estos casos es necesario utilizar Relays o Reles, estos dispositivos permiten controlar cargas de alto voltaje con una se\u00f1al peque\u00f1a.<\/p>\n<p>El m\u00f3dulo posee 2 Relays de alta calidad, capaces de manejar cargas de hasta 250V\/10A. Cada canal posee aislamiento el\u00e9ctrico por medio de un optoacoplador y un led indicador de estado. Su dise\u00f1o facilita el trabajo con Arduino, al igual que con muchos otros sistemas como Raspberry Pi, ESP8266 (NodeMCU y Wemos), Teensy y Pic. Este m\u00f3dulo Relay activa la salida normalmente abierta (NO: Normally Open) al recibir un \u00ab0\u00bb l\u00f3gico (0 Voltios) y desactiva la salida con un \u00ab1\u00bb l\u00f3gico (5 voltios). Para la programaci\u00f3n de Arduino y Relays se recomienda el uso de timers con la funci\u00f3n \u00abmillis()\u00bb y de esa forma no utilizar la funci\u00f3n \u00abdelay\u00bb que impide que el sistema contin\u00fae trabajando mientras se activa\/desactiva un relay.<\/p>\n<h2>M\u00f3dulo Rel\u00e9 2 Canales<\/h2>\n<h3><strong>Caracter\u00edsticas<\/strong><\/h3>\n<ul>\n<li>Tarjeta con rel\u00e9s de 2-5V y 2 canales<\/li>\n<li>Corriente est\u00e1tica: 4mA<\/li>\n<li>Corriente de activaci\u00f3n: 2mA<\/li>\n<li>Corriente de trabajo: 65mA<\/li>\n<li>Rel\u00e9 de alta Corriente:\u00a0AC250V 10A;\u00a0DC30V 10A.<\/li>\n<li>Interfaz est\u00e1ndar para microcontrolador: Arduino, AVR, PIC, DSP, ARM, etc.<\/li>\n<li>Optoacoplador PC817 de abordo con capacidad de aislamiento \u00f3ptico anti-jamming<\/li>\n<li>Cableado independiente de contacto, seguro y confiable<\/li>\n<li>Con orificios para tornillos para una f\u00e1cil instalaci\u00f3n<\/li>\n<li>Tama\u00f1o: 44.4\u00d732.4mm<\/li>\n<\/ul>\n<h3>M\u00f3dulo Rel\u00e9 2 Canales<\/h3>\n<p><strong>\u00bfD\u00f3nde conseguir ?<\/strong><\/p>\n<p>Puedes conseguir este producto y mucho mas en nuestra tienda de electr\u00f3nica \u201cElectronica JNC\u201d a un excelente precio, de igual manera puedes preguntar por otros productos que tenemos para ti y as\u00ed adquirirlos seg\u00fan tu necesidad para\u00a0 tus proyectos.<\/p>\n<p>Adem\u00e1s de vender realizamos todo tipo de proyectos de Rob\u00f3tica Electr\u00f3nica y de Programaci\u00f3n en Arduino-Raspberry, brindamos asesoramiento en la elaboraci\u00f3n de proyectos y personalizamos sus clases cuando deseas armar un robot.<\/p>\n<p>\u00a1\u00a1\u00a1\u00a1 PREGUNTANOS!!!!<\/p>\n<p>Puede retirar sus pedidos en nuestra\u00a0<a href=\"https:\/\/www.electronicajnc.com\/web\/contactos\" target=\"_blank\" rel=\"noopener\">TIENDA F\u00cdSICA<\/a>\u00a0o realizar sus pedidos\u00a0<a href=\"https:\/\/www.electronicajnc.com\/web\/mi-cuenta\" target=\"_blank\" rel=\"noopener\">ONLINE<\/a>\u00a0o por\u00a0<a href=\"https:\/\/api.whatsapp.com\/send?phone=593958753126\" target=\"_blank\" rel=\"noopener\">WHATSAPP<\/a>.<\/p>\n","protected":false},"excerpt":{"rendered":"<p>Dentro de la gran variedad de proyectos que podemos realizar con Arduino, podemos llegar a desear controlar componentes de alto\u00a0voltaje o alto amperaje, como bombillas o bombas de agua, los cuales no pueden ser manejados directamente con Arduino. En estos casos es necesario utilizar Relays o Reles, estos dispositivos permiten controlar cargas de alto voltaje con una se\u00f1al peque\u00f1a.<\/p>\n","protected":false},"featured_media":652,"comment_status":"closed","ping_status":"closed","template":"","meta":{"saved_in_kubio":false,"_joinchat":[]},"product_brand":[],"product_cat":[21],"product_tag":[196,451,450,454,453,452,227,455],"class_list":{"0":"post-651","1":"product","2":"type-product","3":"status-publish","4":"has-post-thumbnail","6":"product_cat-modulos_sensores","7":"product_tag-arduino","8":"product_tag-modulo-2-reles-optoacoplados-optoaislados-ttl-5v","9":"product_tag-modulo-de-2-relevadores","10":"product_tag-modulo-de-rele-de-2-canales-con-regulador-a-5v","11":"product_tag-modulo-rele-de-2-canales-5v-optoacoplados","12":"product_tag-modulo-rele-relay-5v-2-canales-arduino-10a","13":"product_tag-pic","14":"product_tag-plcduino","16":"first","17":"instock","18":"taxable","19":"shipping-taxable","20":"purchasable","21":"product-type-simple"},"yoast_head":"<!-- This site is optimized with the Yoast SEO plugin v27.6 - https:\/\/yoast.com\/product\/yoast-seo-wordpress\/ -->\n<title>M\u00f3dulo Rel\u00e9 2 Canales - Electronica JNC<\/title>\n<meta name=\"description\" content=\"M\u00f3dulo Rel\u00e9 2 Canales, controla elementos el\u00e9ctricos que funcionan con tensiones y corrientes m\u00e1s altas de las que puede manejar un circuito electr\u00f3nico.\" \/>\n<meta name=\"robots\" content=\"index, follow, max-snippet:-1, max-image-preview:large, max-video-preview:-1\" \/>\n<link rel=\"canonical\" href=\"https:\/\/www.electronicajnc.com\/web\/producto\/modulo-rele-2-canales\/\" \/>\n<meta property=\"og:locale\" content=\"es_ES\" \/>\n<meta property=\"og:type\" content=\"article\" \/>\n<meta property=\"og:title\" content=\"M\u00f3dulo Rel\u00e9 2 Canales - Electronica JNC\" \/>\n<meta property=\"og:description\" content=\"M\u00f3dulo Rel\u00e9 2 Canales, controla elementos el\u00e9ctricos que funcionan con tensiones y corrientes m\u00e1s altas de las que puede manejar un circuito electr\u00f3nico.\" \/>\n<meta property=\"og:url\" content=\"https:\/\/www.electronicajnc.com\/web\/producto\/modulo-rele-2-canales\/\" \/>\n<meta property=\"og:site_name\" content=\"Electronica JNC\" \/>\n<meta property=\"article:modified_time\" content=\"2023-06-14T00:44:26+00:00\" \/>\n<meta property=\"og:image\" content=\"https:\/\/www.electronicajnc.com\/web\/wp-content\/uploads\/2023\/06\/dos-reles.jpg\" \/>\n\t<meta property=\"og:image:width\" content=\"1107\" \/>\n\t<meta property=\"og:image:height\" content=\"1024\" \/>\n\t<meta property=\"og:image:type\" content=\"image\/jpeg\" \/>\n<meta name=\"twitter:card\" content=\"summary_large_image\" \/>\n<meta name=\"twitter:label1\" content=\"Tiempo de lectura\" \/>\n\t<meta name=\"twitter:data1\" content=\"2 minutos\" \/>\n<script type=\"application\/ld+json\" class=\"yoast-schema-graph\">{\"@context\":\"https:\\\/\\\/schema.org\",\"@graph\":[{\"@type\":\"WebPage\",\"@id\":\"https:\\\/\\\/www.electronicajnc.com\\\/web\\\/producto\\\/modulo-rele-2-canales\\\/\",\"url\":\"https:\\\/\\\/www.electronicajnc.com\\\/web\\\/producto\\\/modulo-rele-2-canales\\\/\",\"name\":\"M\u00f3dulo Rel\u00e9 2 Canales - Electronica JNC\",\"isPartOf\":{\"@id\":\"https:\\\/\\\/www.electronicajnc.com\\\/web\\\/#website\"},\"primaryImageOfPage\":{\"@id\":\"https:\\\/\\\/www.electronicajnc.com\\\/web\\\/producto\\\/modulo-rele-2-canales\\\/#primaryimage\"},\"image\":{\"@id\":\"https:\\\/\\\/www.electronicajnc.com\\\/web\\\/producto\\\/modulo-rele-2-canales\\\/#primaryimage\"},\"thumbnailUrl\":\"https:\\\/\\\/www.electronicajnc.com\\\/web\\\/wp-content\\\/uploads\\\/2023\\\/06\\\/dos-reles.jpg\",\"datePublished\":\"2023-06-14T00:44:24+00:00\",\"dateModified\":\"2023-06-14T00:44:26+00:00\",\"description\":\"M\u00f3dulo Rel\u00e9 2 Canales, controla elementos el\u00e9ctricos que funcionan con tensiones y corrientes m\u00e1s altas de las que puede manejar un circuito electr\u00f3nico.\",\"breadcrumb\":{\"@id\":\"https:\\\/\\\/www.electronicajnc.com\\\/web\\\/producto\\\/modulo-rele-2-canales\\\/#breadcrumb\"},\"inLanguage\":\"es\",\"potentialAction\":[{\"@type\":\"ReadAction\",\"target\":[\"https:\\\/\\\/www.electronicajnc.com\\\/web\\\/producto\\\/modulo-rele-2-canales\\\/\"]}]},{\"@type\":\"ImageObject\",\"inLanguage\":\"es\",\"@id\":\"https:\\\/\\\/www.electronicajnc.com\\\/web\\\/producto\\\/modulo-rele-2-canales\\\/#primaryimage\",\"url\":\"https:\\\/\\\/www.electronicajnc.com\\\/web\\\/wp-content\\\/uploads\\\/2023\\\/06\\\/dos-reles.jpg\",\"contentUrl\":\"https:\\\/\\\/www.electronicajnc.com\\\/web\\\/wp-content\\\/uploads\\\/2023\\\/06\\\/dos-reles.jpg\",\"width\":1107,\"height\":1024,\"caption\":\"M\u00d3DULO REL\u00c9 5V 2 CANALES CON OPTOACOPLADORES\"},{\"@type\":\"BreadcrumbList\",\"@id\":\"https:\\\/\\\/www.electronicajnc.com\\\/web\\\/producto\\\/modulo-rele-2-canales\\\/#breadcrumb\",\"itemListElement\":[{\"@type\":\"ListItem\",\"position\":1,\"name\":\"Portada\",\"item\":\"https:\\\/\\\/www.electronicajnc.com\\\/web\\\/\"},{\"@type\":\"ListItem\",\"position\":2,\"name\":\"TIENDA\",\"item\":\"https:\\\/\\\/www.electronicajnc.com\\\/web\\\/tienda\\\/\"},{\"@type\":\"ListItem\",\"position\":3,\"name\":\"M\u00f3dulo Rel\u00e9 2 Canales\"}]},{\"@type\":\"WebSite\",\"@id\":\"https:\\\/\\\/www.electronicajnc.com\\\/web\\\/#website\",\"url\":\"https:\\\/\\\/www.electronicajnc.com\\\/web\\\/\",\"name\":\"Electronica JNC\",\"description\":\"Robotica Tecnologia Mecatronica en Ecuador\",\"publisher\":{\"@id\":\"https:\\\/\\\/www.electronicajnc.com\\\/web\\\/#organization\"},\"potentialAction\":[{\"@type\":\"SearchAction\",\"target\":{\"@type\":\"EntryPoint\",\"urlTemplate\":\"https:\\\/\\\/www.electronicajnc.com\\\/web\\\/?s={search_term_string}\"},\"query-input\":{\"@type\":\"PropertyValueSpecification\",\"valueRequired\":true,\"valueName\":\"search_term_string\"}}],\"inLanguage\":\"es\"},{\"@type\":\"Organization\",\"@id\":\"https:\\\/\\\/www.electronicajnc.com\\\/web\\\/#organization\",\"name\":\"Electronica JNC\",\"url\":\"https:\\\/\\\/www.electronicajnc.com\\\/web\\\/\",\"logo\":{\"@type\":\"ImageObject\",\"inLanguage\":\"es\",\"@id\":\"https:\\\/\\\/www.electronicajnc.com\\\/web\\\/#\\\/schema\\\/logo\\\/image\\\/\",\"url\":\"https:\\\/\\\/www.electronicajnc.com\\\/web\\\/wp-content\\\/uploads\\\/2023\\\/06\\\/nuevo-logo.jpg\",\"contentUrl\":\"https:\\\/\\\/www.electronicajnc.com\\\/web\\\/wp-content\\\/uploads\\\/2023\\\/06\\\/nuevo-logo.jpg\",\"width\":1256,\"height\":612,\"caption\":\"Electronica JNC\"},\"image\":{\"@id\":\"https:\\\/\\\/www.electronicajnc.com\\\/web\\\/#\\\/schema\\\/logo\\\/image\\\/\"}}]}<\/script>\n<!-- \/ Yoast SEO plugin. -->","yoast_head_json":{"title":"M\u00f3dulo Rel\u00e9 2 Canales - Electronica JNC","description":"M\u00f3dulo Rel\u00e9 2 Canales, controla elementos el\u00e9ctricos que funcionan con tensiones y corrientes m\u00e1s altas de las que puede manejar un circuito electr\u00f3nico.","robots":{"index":"index","follow":"follow","max-snippet":"max-snippet:-1","max-image-preview":"max-image-preview:large","max-video-preview":"max-video-preview:-1"},"canonical":"https:\/\/www.electronicajnc.com\/web\/producto\/modulo-rele-2-canales\/","og_locale":"es_ES","og_type":"article","og_title":"M\u00f3dulo Rel\u00e9 2 Canales - Electronica JNC","og_description":"M\u00f3dulo Rel\u00e9 2 Canales, controla elementos el\u00e9ctricos que funcionan con tensiones y corrientes m\u00e1s altas de las que puede manejar un circuito electr\u00f3nico.","og_url":"https:\/\/www.electronicajnc.com\/web\/producto\/modulo-rele-2-canales\/","og_site_name":"Electronica JNC","article_modified_time":"2023-06-14T00:44:26+00:00","og_image":[{"width":1107,"height":1024,"url":"https:\/\/www.electronicajnc.com\/web\/wp-content\/uploads\/2023\/06\/dos-reles.jpg","type":"image\/jpeg"}],"twitter_card":"summary_large_image","twitter_misc":{"Tiempo de lectura":"2 minutos"},"schema":{"@context":"https:\/\/schema.org","@graph":[{"@type":"WebPage","@id":"https:\/\/www.electronicajnc.com\/web\/producto\/modulo-rele-2-canales\/","url":"https:\/\/www.electronicajnc.com\/web\/producto\/modulo-rele-2-canales\/","name":"M\u00f3dulo Rel\u00e9 2 Canales - Electronica JNC","isPartOf":{"@id":"https:\/\/www.electronicajnc.com\/web\/#website"},"primaryImageOfPage":{"@id":"https:\/\/www.electronicajnc.com\/web\/producto\/modulo-rele-2-canales\/#primaryimage"},"image":{"@id":"https:\/\/www.electronicajnc.com\/web\/producto\/modulo-rele-2-canales\/#primaryimage"},"thumbnailUrl":"https:\/\/www.electronicajnc.com\/web\/wp-content\/uploads\/2023\/06\/dos-reles.jpg","datePublished":"2023-06-14T00:44:24+00:00","dateModified":"2023-06-14T00:44:26+00:00","description":"M\u00f3dulo Rel\u00e9 2 Canales, controla elementos el\u00e9ctricos que funcionan con tensiones y corrientes m\u00e1s altas de las que puede manejar un circuito electr\u00f3nico.","breadcrumb":{"@id":"https:\/\/www.electronicajnc.com\/web\/producto\/modulo-rele-2-canales\/#breadcrumb"},"inLanguage":"es","potentialAction":[{"@type":"ReadAction","target":["https:\/\/www.electronicajnc.com\/web\/producto\/modulo-rele-2-canales\/"]}]},{"@type":"ImageObject","inLanguage":"es","@id":"https:\/\/www.electronicajnc.com\/web\/producto\/modulo-rele-2-canales\/#primaryimage","url":"https:\/\/www.electronicajnc.com\/web\/wp-content\/uploads\/2023\/06\/dos-reles.jpg","contentUrl":"https:\/\/www.electronicajnc.com\/web\/wp-content\/uploads\/2023\/06\/dos-reles.jpg","width":1107,"height":1024,"caption":"M\u00d3DULO REL\u00c9 5V 2 CANALES CON OPTOACOPLADORES"},{"@type":"BreadcrumbList","@id":"https:\/\/www.electronicajnc.com\/web\/producto\/modulo-rele-2-canales\/#breadcrumb","itemListElement":[{"@type":"ListItem","position":1,"name":"Portada","item":"https:\/\/www.electronicajnc.com\/web\/"},{"@type":"ListItem","position":2,"name":"TIENDA","item":"https:\/\/www.electronicajnc.com\/web\/tienda\/"},{"@type":"ListItem","position":3,"name":"M\u00f3dulo Rel\u00e9 2 Canales"}]},{"@type":"WebSite","@id":"https:\/\/www.electronicajnc.com\/web\/#website","url":"https:\/\/www.electronicajnc.com\/web\/","name":"Electronica JNC","description":"Robotica Tecnologia Mecatronica en Ecuador","publisher":{"@id":"https:\/\/www.electronicajnc.com\/web\/#organization"},"potentialAction":[{"@type":"SearchAction","target":{"@type":"EntryPoint","urlTemplate":"https:\/\/www.electronicajnc.com\/web\/?s={search_term_string}"},"query-input":{"@type":"PropertyValueSpecification","valueRequired":true,"valueName":"search_term_string"}}],"inLanguage":"es"},{"@type":"Organization","@id":"https:\/\/www.electronicajnc.com\/web\/#organization","name":"Electronica JNC","url":"https:\/\/www.electronicajnc.com\/web\/","logo":{"@type":"ImageObject","inLanguage":"es","@id":"https:\/\/www.electronicajnc.com\/web\/#\/schema\/logo\/image\/","url":"https:\/\/www.electronicajnc.com\/web\/wp-content\/uploads\/2023\/06\/nuevo-logo.jpg","contentUrl":"https:\/\/www.electronicajnc.com\/web\/wp-content\/uploads\/2023\/06\/nuevo-logo.jpg","width":1256,"height":612,"caption":"Electronica JNC"},"image":{"@id":"https:\/\/www.electronicajnc.com\/web\/#\/schema\/logo\/image\/"}}]}},"_links":{"self":[{"href":"https:\/\/www.electronicajnc.com\/web\/wp-json\/wp\/v2\/product\/651","targetHints":{"allow":["GET"]}}],"collection":[{"href":"https:\/\/www.electronicajnc.com\/web\/wp-json\/wp\/v2\/product"}],"about":[{"href":"https:\/\/www.electronicajnc.com\/web\/wp-json\/wp\/v2\/types\/product"}],"replies":[{"embeddable":true,"href":"https:\/\/www.electronicajnc.com\/web\/wp-json\/wp\/v2\/comments?post=651"}],"wp:featuredmedia":[{"embeddable":true,"href":"https:\/\/www.electronicajnc.com\/web\/wp-json\/wp\/v2\/media\/652"}],"wp:attachment":[{"href":"https:\/\/www.electronicajnc.com\/web\/wp-json\/wp\/v2\/media?parent=651"}],"wp:term":[{"taxonomy":"product_brand","embeddable":true,"href":"https:\/\/www.electronicajnc.com\/web\/wp-json\/wp\/v2\/product_brand?post=651"},{"taxonomy":"product_cat","embeddable":true,"href":"https:\/\/www.electronicajnc.com\/web\/wp-json\/wp\/v2\/product_cat?post=651"},{"taxonomy":"product_tag","embeddable":true,"href":"https:\/\/www.electronicajnc.com\/web\/wp-json\/wp\/v2\/product_tag?post=651"}],"curies":[{"name":"wp","href":"https:\/\/api.w.org\/{rel}","templated":true}]}}