{"id":655,"date":"2023-06-14T05:01:15","date_gmt":"2023-06-14T05:01:15","guid":{"rendered":"https:\/\/www.electronicajnc.com\/web\/?post_type=product&#038;p=655"},"modified":"2023-07-04T00:06:57","modified_gmt":"2023-07-04T00:06:57","slug":"ds3231-modulo-reloj","status":"publish","type":"product","link":"https:\/\/www.electronicajnc.com\/web\/producto\/ds3231-modulo-reloj\/","title":{"rendered":"DS3231 M\u00f3dulo reloj"},"content":{"rendered":"<p class=\"product_title entry-title\">DS3231 M\u00f3dulo reloj<\/p>\n<p><img fetchpriority=\"high\" decoding=\"async\" class=\"aligncenter\" src=\"https:\/\/eloctavobit.com\/wp-content\/uploads\/2020\/12\/esquema-arduino-DS3231.jpg\" alt=\"Esquema de conexi\u00f3n del m\u00f3dulo DS3231 con la placa Arduino\" width=\"459\" height=\"388\" \/><\/p>\n<p>El DS3231 es un reloj en tiempo real de alta precisi\u00f3n que cuenta con un oscilador a cristal con compensaci\u00f3n de temperatura (TCXO). La integraci\u00f3n del oscilador a cristal en el propio circuito integrado, en conjunto con la compensaci\u00f3n de temperatura, asegura la precisi\u00f3n a largo plazo.<\/p>\n<p>El RTC mantiene registro de segundos, minutos, horas, d\u00eda de la semana, fecha, mes y a\u00f1o, la fecha es ajustada autom\u00e1ticamente a final de mes para meses con menos de 31 d\u00edas, incluyendo las correcciones para a\u00f1o bisiesto.<\/p>\n<p>El DS3231 es capaz de generar se\u00f1ales de reloj cuadradas de frecuencia configurable y adem\u00e1s cuenta con 2 alarmas programables que pueden generar interrupciones en el microcontrolador principal en tiempos espec\u00edficos.<\/p>\n<p>El m\u00f3dulo se comunica con el microcontrolador a trav\u00e9s del bus I2C con solamente 2 pines que pueden ser compartidos por varios dispositivos como memorias EEPROM, expansores de IO, controladores PWM, etc.<\/p>\n<h1 class=\"product_title entry-title\">DS3231 M\u00f3dulo reloj<\/h1>\n<p><strong>Caracter\u00edsticas:<\/strong><\/p>\n<ul>\n<li>Mantiene la fecha y el horario (a\u00f1o, mes, d\u00eda, hora, minutos, segundos)<\/li>\n<li>Oscilador interno compensado por temperatura (TCXO)<\/li>\n<li>Error de +-2 ppm (unos pocos minutos al a\u00f1o)<\/li>\n<li>Bater\u00eda de respaldo, mantiene la fecha y el horario.<\/li>\n<li>Salida directa de oscilador interno de 32.768 Khz (32 K)<\/li>\n<li>Salida programable de 1 Hz, 1 Khz, 4 Khz, 8 Khz (SQW)<\/li>\n<li>F\u00e1cil conexi\u00f3n mediante interfaz I2C<\/li>\n<\/ul>\n<p><strong>\u00bfD\u00f3nde conseguir ?<\/strong><\/p>\n<p>Puedes conseguir este producto y mucho mas en nuestra tienda de electr\u00f3nica \u201cElectronica JNC\u201d a un excelente precio, de igual manera puedes preguntar por otros productos que tenemos para ti y as\u00ed adquirirlos seg\u00fan tu necesidad para\u00a0 tus proyectos.<\/p>\n<p>Adem\u00e1s de vender realizamos todo tipo de proyectos de Rob\u00f3tica Electr\u00f3nica y de Programaci\u00f3n en Arduino-Raspberry, brindamos asesoramiento en la elaboraci\u00f3n de proyectos y personalizamos sus clases cuando deseas armar un robot.<\/p>\n<p>\u00a1\u00a1\u00a1\u00a1 PREGUNTANOS!!!!<\/p>\n<p>Puede retirar sus pedidos en nuestra\u00a0<a href=\"https:\/\/www.electronicajnc.com\/web\/contactos\" target=\"_blank\" rel=\"noopener\">TIENDA F\u00cdSICA<\/a>\u00a0o realizar sus pedidos\u00a0<a href=\"https:\/\/www.electronicajnc.com\/web\/mi-cuenta\" target=\"_blank\" rel=\"noopener\">ONLINE<\/a>\u00a0o por\u00a0<a href=\"https:\/\/api.whatsapp.com\/send?phone=593958753126\" target=\"_blank\" rel=\"noopener\">WHATSAPP<\/a>.<\/p>\n","protected":false},"excerpt":{"rendered":"<p>El m\u00f3dulo est\u00e1 basado en el RTC DS3231 de MAXIM y la EEPROM AT24C32 de ATMEL. Ambos circuitos integrados comparten el mismo bus comunicaci\u00f3n con el Protocolo I2C. El RTC DS3231 es la evoluci\u00f3n del cl\u00e1sico RTC DS1307. La principal diferencia con el DS1307 es el oscilador interno compensado por temperatura, lo que hace que su precisi\u00f3n sea muy alta. La memoria EEPROM AT24C32 permite almacenar 32Kbits (4K Bytes) de datos de manera permanente.<\/p>\n","protected":false},"featured_media":656,"comment_status":"closed","ping_status":"closed","template":"","meta":{"saved_in_kubio":false,"_joinchat":[]},"product_brand":[],"product_cat":[309],"product_tag":[463,464,196,465,466,467,363,274,468,469,470,486,46,441,471,276,472,277,473,474,475,408,476,477,478,479,79,484,31,485,72,480,481,442,482,483],"class_list":{"0":"post-655","1":"product","2":"type-product","3":"status-publish","4":"has-post-thumbnail","6":"product_cat-componentes-electronicos","7":"product_tag-adc","8":"product_tag-analogo","9":"product_tag-arduino","10":"product_tag-binario","11":"product_tag-bits","12":"product_tag-board","13":"product_tag-circuito","14":"product_tag-control","15":"product_tag-deteccion","16":"product_tag-detector","17":"product_tag-digital","18":"product_tag-ds3231","19":"product_tag-electronica","20":"product_tag-humedad","21":"product_tag-inductivo","22":"product_tag-infrarrojo","23":"product_tag-innovacion","24":"product_tag-ir","25":"product_tag-mecatronica","26":"product_tag-mekatronik","27":"product_tag-metales","28":"product_tag-modulo","29":"product_tag-obstaculos","30":"product_tag-plantas","31":"product_tag-prototipos","32":"product_tag-proximidad","33":"product_tag-proyectos","34":"product_tag-reloj","35":"product_tag-robotica","36":"product_tag-rtc","37":"product_tag-sensores","38":"product_tag-suelo","39":"product_tag-tecnologia","40":"product_tag-temperatura","41":"product_tag-tierra","42":"product_tag-universidad","44":"first","45":"instock","46":"taxable","47":"shipping-taxable","48":"purchasable","49":"product-type-simple"},"yoast_head":"<!-- This site is optimized with the Yoast SEO plugin v27.4 - https:\/\/yoast.com\/product\/yoast-seo-wordpress\/ -->\n<title>DS3231 M\u00f3dulo reloj - Electronica JNC<\/title>\n<meta name=\"description\" content=\"DS3231 M\u00f3dulo reloj El DS3231 es un reloj en tiempo real de alta exactitud que cuenta con un oscilador a cristal con compensaci\u00f3n de temperatura (TCXO).\" \/>\n<meta name=\"robots\" content=\"index, follow, max-snippet:-1, max-image-preview:large, max-video-preview:-1\" \/>\n<link rel=\"canonical\" href=\"https:\/\/www.electronicajnc.com\/web\/producto\/ds3231-modulo-reloj\/\" \/>\n<meta property=\"og:locale\" content=\"es_ES\" \/>\n<meta property=\"og:type\" content=\"article\" \/>\n<meta property=\"og:title\" content=\"DS3231 M\u00f3dulo reloj - Electronica JNC\" \/>\n<meta property=\"og:description\" content=\"DS3231 M\u00f3dulo reloj El DS3231 es un reloj en tiempo real de alta exactitud que cuenta con un oscilador a cristal con compensaci\u00f3n de temperatura (TCXO).\" \/>\n<meta property=\"og:url\" content=\"https:\/\/www.electronicajnc.com\/web\/producto\/ds3231-modulo-reloj\/\" \/>\n<meta property=\"og:site_name\" content=\"Electronica JNC\" \/>\n<meta property=\"article:modified_time\" content=\"2023-07-04T00:06:57+00:00\" \/>\n<meta property=\"og:image\" content=\"https:\/\/www.electronicajnc.com\/web\/wp-content\/uploads\/2023\/06\/RELOJ.jpg\" \/>\n\t<meta property=\"og:image:width\" content=\"1287\" \/>\n\t<meta property=\"og:image:height\" content=\"1024\" \/>\n\t<meta property=\"og:image:type\" content=\"image\/jpeg\" \/>\n<meta name=\"twitter:card\" content=\"summary_large_image\" \/>\n<meta name=\"twitter:label1\" content=\"Tiempo de lectura\" \/>\n\t<meta name=\"twitter:data1\" content=\"2 minutos\" \/>\n<script type=\"application\/ld+json\" class=\"yoast-schema-graph\">{\"@context\":\"https:\\\/\\\/schema.org\",\"@graph\":[{\"@type\":\"WebPage\",\"@id\":\"https:\\\/\\\/www.electronicajnc.com\\\/web\\\/producto\\\/ds3231-modulo-reloj\\\/\",\"url\":\"https:\\\/\\\/www.electronicajnc.com\\\/web\\\/producto\\\/ds3231-modulo-reloj\\\/\",\"name\":\"DS3231 M\u00f3dulo reloj - Electronica JNC\",\"isPartOf\":{\"@id\":\"https:\\\/\\\/www.electronicajnc.com\\\/web\\\/#website\"},\"primaryImageOfPage\":{\"@id\":\"https:\\\/\\\/www.electronicajnc.com\\\/web\\\/producto\\\/ds3231-modulo-reloj\\\/#primaryimage\"},\"image\":{\"@id\":\"https:\\\/\\\/www.electronicajnc.com\\\/web\\\/producto\\\/ds3231-modulo-reloj\\\/#primaryimage\"},\"thumbnailUrl\":\"https:\\\/\\\/www.electronicajnc.com\\\/web\\\/wp-content\\\/uploads\\\/2023\\\/06\\\/RELOJ.jpg\",\"datePublished\":\"2023-06-14T05:01:15+00:00\",\"dateModified\":\"2023-07-04T00:06:57+00:00\",\"description\":\"DS3231 M\u00f3dulo reloj El DS3231 es un reloj en tiempo real de alta exactitud que cuenta con un oscilador a cristal con compensaci\u00f3n de temperatura (TCXO).\",\"breadcrumb\":{\"@id\":\"https:\\\/\\\/www.electronicajnc.com\\\/web\\\/producto\\\/ds3231-modulo-reloj\\\/#breadcrumb\"},\"inLanguage\":\"es\",\"potentialAction\":[{\"@type\":\"ReadAction\",\"target\":[\"https:\\\/\\\/www.electronicajnc.com\\\/web\\\/producto\\\/ds3231-modulo-reloj\\\/\"]}]},{\"@type\":\"ImageObject\",\"inLanguage\":\"es\",\"@id\":\"https:\\\/\\\/www.electronicajnc.com\\\/web\\\/producto\\\/ds3231-modulo-reloj\\\/#primaryimage\",\"url\":\"https:\\\/\\\/www.electronicajnc.com\\\/web\\\/wp-content\\\/uploads\\\/2023\\\/06\\\/RELOJ.jpg\",\"contentUrl\":\"https:\\\/\\\/www.electronicajnc.com\\\/web\\\/wp-content\\\/uploads\\\/2023\\\/06\\\/RELOJ.jpg\",\"width\":1287,\"height\":1024,\"caption\":\"A\u00d1ADIR A LA LISTA DE DESEOS M\u00f3dulo RTC DS3231 Reloj de Tiempo Real\"},{\"@type\":\"BreadcrumbList\",\"@id\":\"https:\\\/\\\/www.electronicajnc.com\\\/web\\\/producto\\\/ds3231-modulo-reloj\\\/#breadcrumb\",\"itemListElement\":[{\"@type\":\"ListItem\",\"position\":1,\"name\":\"Portada\",\"item\":\"https:\\\/\\\/www.electronicajnc.com\\\/web\\\/\"},{\"@type\":\"ListItem\",\"position\":2,\"name\":\"TIENDA\",\"item\":\"https:\\\/\\\/www.electronicajnc.com\\\/web\\\/tienda\\\/\"},{\"@type\":\"ListItem\",\"position\":3,\"name\":\"DS3231 M\u00f3dulo reloj\"}]},{\"@type\":\"WebSite\",\"@id\":\"https:\\\/\\\/www.electronicajnc.com\\\/web\\\/#website\",\"url\":\"https:\\\/\\\/www.electronicajnc.com\\\/web\\\/\",\"name\":\"Electronica JNC\",\"description\":\"Robotica Tecnologia Mecatronica en Ecuador\",\"publisher\":{\"@id\":\"https:\\\/\\\/www.electronicajnc.com\\\/web\\\/#organization\"},\"potentialAction\":[{\"@type\":\"SearchAction\",\"target\":{\"@type\":\"EntryPoint\",\"urlTemplate\":\"https:\\\/\\\/www.electronicajnc.com\\\/web\\\/?s={search_term_string}\"},\"query-input\":{\"@type\":\"PropertyValueSpecification\",\"valueRequired\":true,\"valueName\":\"search_term_string\"}}],\"inLanguage\":\"es\"},{\"@type\":\"Organization\",\"@id\":\"https:\\\/\\\/www.electronicajnc.com\\\/web\\\/#organization\",\"name\":\"Electronica JNC\",\"url\":\"https:\\\/\\\/www.electronicajnc.com\\\/web\\\/\",\"logo\":{\"@type\":\"ImageObject\",\"inLanguage\":\"es\",\"@id\":\"https:\\\/\\\/www.electronicajnc.com\\\/web\\\/#\\\/schema\\\/logo\\\/image\\\/\",\"url\":\"https:\\\/\\\/www.electronicajnc.com\\\/web\\\/wp-content\\\/uploads\\\/2023\\\/06\\\/nuevo-logo.jpg\",\"contentUrl\":\"https:\\\/\\\/www.electronicajnc.com\\\/web\\\/wp-content\\\/uploads\\\/2023\\\/06\\\/nuevo-logo.jpg\",\"width\":1256,\"height\":612,\"caption\":\"Electronica JNC\"},\"image\":{\"@id\":\"https:\\\/\\\/www.electronicajnc.com\\\/web\\\/#\\\/schema\\\/logo\\\/image\\\/\"}}]}<\/script>\n<!-- \/ Yoast SEO plugin. -->","yoast_head_json":{"title":"DS3231 M\u00f3dulo reloj - Electronica JNC","description":"DS3231 M\u00f3dulo reloj El DS3231 es un reloj en tiempo real de alta exactitud que cuenta con un oscilador a cristal con compensaci\u00f3n de temperatura (TCXO).","robots":{"index":"index","follow":"follow","max-snippet":"max-snippet:-1","max-image-preview":"max-image-preview:large","max-video-preview":"max-video-preview:-1"},"canonical":"https:\/\/www.electronicajnc.com\/web\/producto\/ds3231-modulo-reloj\/","og_locale":"es_ES","og_type":"article","og_title":"DS3231 M\u00f3dulo reloj - Electronica JNC","og_description":"DS3231 M\u00f3dulo reloj El DS3231 es un reloj en tiempo real de alta exactitud que cuenta con un oscilador a cristal con compensaci\u00f3n de temperatura (TCXO).","og_url":"https:\/\/www.electronicajnc.com\/web\/producto\/ds3231-modulo-reloj\/","og_site_name":"Electronica JNC","article_modified_time":"2023-07-04T00:06:57+00:00","og_image":[{"width":1287,"height":1024,"url":"https:\/\/www.electronicajnc.com\/web\/wp-content\/uploads\/2023\/06\/RELOJ.jpg","type":"image\/jpeg"}],"twitter_card":"summary_large_image","twitter_misc":{"Tiempo de lectura":"2 minutos"},"schema":{"@context":"https:\/\/schema.org","@graph":[{"@type":"WebPage","@id":"https:\/\/www.electronicajnc.com\/web\/producto\/ds3231-modulo-reloj\/","url":"https:\/\/www.electronicajnc.com\/web\/producto\/ds3231-modulo-reloj\/","name":"DS3231 M\u00f3dulo reloj - Electronica JNC","isPartOf":{"@id":"https:\/\/www.electronicajnc.com\/web\/#website"},"primaryImageOfPage":{"@id":"https:\/\/www.electronicajnc.com\/web\/producto\/ds3231-modulo-reloj\/#primaryimage"},"image":{"@id":"https:\/\/www.electronicajnc.com\/web\/producto\/ds3231-modulo-reloj\/#primaryimage"},"thumbnailUrl":"https:\/\/www.electronicajnc.com\/web\/wp-content\/uploads\/2023\/06\/RELOJ.jpg","datePublished":"2023-06-14T05:01:15+00:00","dateModified":"2023-07-04T00:06:57+00:00","description":"DS3231 M\u00f3dulo reloj El DS3231 es un reloj en tiempo real de alta exactitud que cuenta con un oscilador a cristal con compensaci\u00f3n de temperatura (TCXO).","breadcrumb":{"@id":"https:\/\/www.electronicajnc.com\/web\/producto\/ds3231-modulo-reloj\/#breadcrumb"},"inLanguage":"es","potentialAction":[{"@type":"ReadAction","target":["https:\/\/www.electronicajnc.com\/web\/producto\/ds3231-modulo-reloj\/"]}]},{"@type":"ImageObject","inLanguage":"es","@id":"https:\/\/www.electronicajnc.com\/web\/producto\/ds3231-modulo-reloj\/#primaryimage","url":"https:\/\/www.electronicajnc.com\/web\/wp-content\/uploads\/2023\/06\/RELOJ.jpg","contentUrl":"https:\/\/www.electronicajnc.com\/web\/wp-content\/uploads\/2023\/06\/RELOJ.jpg","width":1287,"height":1024,"caption":"A\u00d1ADIR A LA LISTA DE DESEOS M\u00f3dulo RTC DS3231 Reloj de Tiempo Real"},{"@type":"BreadcrumbList","@id":"https:\/\/www.electronicajnc.com\/web\/producto\/ds3231-modulo-reloj\/#breadcrumb","itemListElement":[{"@type":"ListItem","position":1,"name":"Portada","item":"https:\/\/www.electronicajnc.com\/web\/"},{"@type":"ListItem","position":2,"name":"TIENDA","item":"https:\/\/www.electronicajnc.com\/web\/tienda\/"},{"@type":"ListItem","position":3,"name":"DS3231 M\u00f3dulo reloj"}]},{"@type":"WebSite","@id":"https:\/\/www.electronicajnc.com\/web\/#website","url":"https:\/\/www.electronicajnc.com\/web\/","name":"Electronica JNC","description":"Robotica Tecnologia Mecatronica en Ecuador","publisher":{"@id":"https:\/\/www.electronicajnc.com\/web\/#organization"},"potentialAction":[{"@type":"SearchAction","target":{"@type":"EntryPoint","urlTemplate":"https:\/\/www.electronicajnc.com\/web\/?s={search_term_string}"},"query-input":{"@type":"PropertyValueSpecification","valueRequired":true,"valueName":"search_term_string"}}],"inLanguage":"es"},{"@type":"Organization","@id":"https:\/\/www.electronicajnc.com\/web\/#organization","name":"Electronica JNC","url":"https:\/\/www.electronicajnc.com\/web\/","logo":{"@type":"ImageObject","inLanguage":"es","@id":"https:\/\/www.electronicajnc.com\/web\/#\/schema\/logo\/image\/","url":"https:\/\/www.electronicajnc.com\/web\/wp-content\/uploads\/2023\/06\/nuevo-logo.jpg","contentUrl":"https:\/\/www.electronicajnc.com\/web\/wp-content\/uploads\/2023\/06\/nuevo-logo.jpg","width":1256,"height":612,"caption":"Electronica JNC"},"image":{"@id":"https:\/\/www.electronicajnc.com\/web\/#\/schema\/logo\/image\/"}}]}},"_links":{"self":[{"href":"https:\/\/www.electronicajnc.com\/web\/wp-json\/wp\/v2\/product\/655","targetHints":{"allow":["GET"]}}],"collection":[{"href":"https:\/\/www.electronicajnc.com\/web\/wp-json\/wp\/v2\/product"}],"about":[{"href":"https:\/\/www.electronicajnc.com\/web\/wp-json\/wp\/v2\/types\/product"}],"replies":[{"embeddable":true,"href":"https:\/\/www.electronicajnc.com\/web\/wp-json\/wp\/v2\/comments?post=655"}],"wp:featuredmedia":[{"embeddable":true,"href":"https:\/\/www.electronicajnc.com\/web\/wp-json\/wp\/v2\/media\/656"}],"wp:attachment":[{"href":"https:\/\/www.electronicajnc.com\/web\/wp-json\/wp\/v2\/media?parent=655"}],"wp:term":[{"taxonomy":"product_brand","embeddable":true,"href":"https:\/\/www.electronicajnc.com\/web\/wp-json\/wp\/v2\/product_brand?post=655"},{"taxonomy":"product_cat","embeddable":true,"href":"https:\/\/www.electronicajnc.com\/web\/wp-json\/wp\/v2\/product_cat?post=655"},{"taxonomy":"product_tag","embeddable":true,"href":"https:\/\/www.electronicajnc.com\/web\/wp-json\/wp\/v2\/product_tag?post=655"}],"curies":[{"name":"wp","href":"https:\/\/api.w.org\/{rel}","templated":true}]}}