{"id":688,"date":"2023-06-29T18:42:47","date_gmt":"2023-06-29T18:42:47","guid":{"rendered":"https:\/\/www.electronicajnc.com\/web\/?post_type=product&#038;p=688"},"modified":"2023-06-29T18:42:49","modified_gmt":"2023-06-29T18:42:49","slug":"cny70-sensor-infrarrojo-reflectivo","status":"publish","type":"product","link":"https:\/\/www.electronicajnc.com\/web\/producto\/cny70-sensor-infrarrojo-reflectivo\/","title":{"rendered":"CNY70 Sensor Infrarrojo Reflectivo"},"content":{"rendered":"<p class=\"product_title entry-title\">CNY70 Sensor Infrarrojo Reflectivo<img fetchpriority=\"high\" decoding=\"async\" class=\"aligncenter\" src=\"https:\/\/www.steren.com.gt\/media\/catalog\/product\/cache\/b69086f136192bea7a4d681a8eaf533d\/image\/2143185cb\/sensor-optico.jpg\" alt=\"Sensor \u00f3ptico\" width=\"309\" height=\"309\" \/><\/p>\n<p>El CNY70 es un sensor \u00f3ptico reflexivo que tiene una construcci\u00f3n compacta d\u00f3nde el emisor de luz y el receptor se colocan en la misma direcci\u00f3n para detectar la presencia de un objeto utilizando la reflexi\u00f3n del infrarrojo sobre el objeto. La longitud de onda de trabajo es 950nm. El detector consiste en un fototransistor.<\/p>\n<div class=\"post-header blog-post-info\">\n<h1 class=\"post-title\"><\/h1>\n<\/div>\n<div class=\"post-body post-content\">\n<div class=\"separator\"><\/div>\n<div>El\u00a0<b>CNY70<\/b>\u00a0es un sensor \u00f3ptico reflexivo que tiene una construcci\u00f3n compacta d\u00f3nde el emisor de luz y el receptor se colocan en la misma direcci\u00f3n para detectar la presencia de un objeto utilizando la reflexi\u00f3n del infrarrojo sobre el objeto.<\/div>\n<div>El\u00a0<b>CNY70<\/b>\u00a0funciona como un detector de distancia. Para esto, requiere de una superficie que pueda reflejar la luz infrarroja. Entonces el detector recibe esta luz en la base del foto-transistor. Si la corriente en la base es suficiente, permite el paso de corriente entre el colector y el emisor. El CNY70 funciona como un switch que se abre o cierra si existe una superficie que refleje la se\u00f1al que emite el diodo IR.<\/div>\n<\/div>\n<p>La distancia m\u00e1xima, la determina la corriente que le llega a la base del transistor. La distancia va desde 0 mm hasta 10 mm.<\/p>\n<p style=\"font-weight: 400;\"><strong>Aplicaciones<\/strong><\/p>\n<p style=\"font-weight: 400;\"><em>Detecci\u00f3n de presencia o ausencia de objetos<\/em><\/p>\n<p style=\"font-weight: 400;\"><em>Detecci\u00f3n de posici\u00f3n<\/em><\/p>\n<p style=\"font-weight: 400;\"><em>Seguimiento\u00a0de l\u00ednea en rob\u00f3tica<\/em><\/p>\n<p style=\"font-weight: 400;\"><em>Medici\u00f3n de revoluciones<\/em><\/p>\n<p style=\"font-weight: 400;\"><em>Escaneo de discos codificados<\/em><\/p>\n<p style=\"font-weight: 400;\"><em>Encoders<\/em><\/p>\n<p style=\"font-weight: 400;\"><strong>Funcionamiento<\/strong><\/p>\n<p style=\"font-weight: 400;\">El funcionamiento es similar al sensor de ultrasonidos HC-Sr04, pero mediante infrarrojos.<\/p>\n<p><strong>ACTER\u00cdSTICAS<\/strong><\/p>\n<ul>\n<li>Sensor \u00f3ptico por reflexi\u00f3n<\/li>\n<li style=\"font-weight: 400;\">Combina un led infrarrojo emisor y un fototransistor receptor en un mismo m\u00f3dulo<\/li>\n<li>Longitud de onda del emisor: 950 nm<\/li>\n<li>Rango de operaci\u00f3n con cambio &gt;20% de la corriente de colector: 0 mm a 5 mm<\/li>\n<li>Distancia operativa a corriente de salida pico: &lt;0 .5=\u00bb\u00bb font=\u00bb\u00bb mm=\u00bb\u00bb&gt;<\/li>\n<li>Filtro contra la luz del espectro visible<\/li>\n<li>Corriente del LED en directo max:\u00a050 mA<\/li>\n<li>Voltaje inverso del LED max:\u00a05 V<\/li>\n<li>Corriente de colector del fototransistor en directo max: 50 mA<\/li>\n<li>Voltaje colector-emisor del fototransistor max: 32 V<\/li>\n<li>Voltaje emisor-colector del fototransistor max:\u00a07 V<\/li>\n<\/ul>\n<p><strong>Aplicaciones<\/strong><\/p>\n<p><em>Detecci\u00f3n de presencia o ausencia de objetos<\/em><\/p>\n<p><em>Detecci\u00f3n de posici\u00f3n<\/em><\/p>\n<p><em>Seguimiento\u00a0de l\u00ednea en rob\u00f3tica<\/em><\/p>\n<p><em>Medici\u00f3n de revoluciones<\/em><\/p>\n<p><em>Escaneo de discos codificados<\/em><\/p>\n<p><em>Encoders<\/em><\/p>\n<h1 class=\"product_title entry-title\">CNY70 Sensor Infrarrojo Reflectivo<\/h1>\n<p>Caracteristicas:<\/p>\n<p>-Tipo de embalaje: con plomo<br \/>\n-Tipo de detector: fototransistor<br \/>\n-Dimensiones (L x W x H en mm): 7 x 7 x 6<br \/>\n-Distancia de funcionamiento m\u00e1ximo: -Rango de trabajo dentro relativa&gt; 20%<br \/>\n-corriente de colector: 0 mm a 5 mm<br \/>\n-Salida de corriente t\u00edpica bajo prueba: IC = 1 mA<br \/>\n-longitud de onda del emisor: 950 nm<br \/>\n-Filtro de bloqueo de luz solar<\/p>\n<p><strong>\u00bfD\u00f3nde conseguir ?<\/strong><\/p>\n<p>Puedes conseguir este producto y mucho mas en nuestra tienda de electr\u00f3nica \u201cElectr\u00f3nica JNC\u201d a un excelente precio, de igual manera puedes preguntar por otros productos que tenemos para ti y as\u00ed adquirirlos seg\u00fan tu necesidad para\u00a0 tus proyectos.<\/p>\n<p>Adem\u00e1s de vender realizamos todo tipo de proyectos de Rob\u00f3tica Electr\u00f3nica y de Programaci\u00f3n en Arduino-Raspberry, brindamos asesoramiento en la elaboraci\u00f3n de proyectos y personalizamos sus clases cuando deseas armar un robot.<\/p>\n<p>\u00a1\u00a1\u00a1\u00a1 PREGUNTANOS!!!!<\/p>\n<p>Puede retirar sus pedidos en nuestra\u00a0<a href=\"https:\/\/www.electronicajnc.com\/web\/contactos\" target=\"_blank\" rel=\"noopener\">TIENDA F\u00cdSICA<\/a>\u00a0o realizar sus pedidos\u00a0<a href=\"https:\/\/www.electronicajnc.com\/web\/mi-cuenta\" target=\"_blank\" rel=\"noopener\">ONLINE<\/a>\u00a0o por\u00a0<a href=\"https:\/\/api.whatsapp.com\/send?phone=593958753126\" target=\"_blank\" rel=\"noopener\">WHATSAPP<\/a>.<\/p>\n","protected":false},"excerpt":{"rendered":"<p>CNY70 Sensor Infrarrojo Reflectivo El CNY70 es un sensor \u00f3ptico reflexivo que tiene una construcci\u00f3n compacta d\u00f3nde el emisor de luz y el receptor se colocan en la misma direcci\u00f3n para detectar la presencia de un objeto utilizando la reflexi\u00f3n del infrarrojo sobre el objeto. La longitud de onda de trabajo es 950nm. El detector [&hellip;]<\/p>\n","protected":false},"featured_media":689,"comment_status":"closed","ping_status":"closed","template":"","meta":{"saved_in_kubio":false,"_joinchat":[]},"product_brand":[],"product_cat":[21],"product_tag":[525,521,524,523,522],"class_list":{"0":"post-688","1":"product","2":"type-product","3":"status-publish","4":"has-post-thumbnail","6":"product_cat-modulos_sensores","7":"product_tag-1x-sensor-cny70-robot-seguidor-linea","8":"product_tag-deteccion-de-presencia-o-ausencia-de-objetos","9":"product_tag-escaneo-de-discos-codificados","10":"product_tag-medicion-de-revoluciones","11":"product_tag-seguimiento-de-linea-en-robotica","13":"first","14":"instock","15":"taxable","16":"shipping-taxable","17":"purchasable","18":"product-type-simple"},"yoast_head":"<!-- This site is optimized with the Yoast SEO plugin v27.4 - https:\/\/yoast.com\/product\/yoast-seo-wordpress\/ -->\n<title>CNY70 Sensor Infrarrojo Reflectivo - Electronica JNC<\/title>\n<meta name=\"description\" content=\"CNY70 Sensor Infrarrojo Reflectivo\" \/>\n<meta name=\"robots\" content=\"index, follow, max-snippet:-1, max-image-preview:large, max-video-preview:-1\" \/>\n<link rel=\"canonical\" href=\"https:\/\/www.electronicajnc.com\/web\/producto\/cny70-sensor-infrarrojo-reflectivo\/\" \/>\n<meta property=\"og:locale\" content=\"es_ES\" \/>\n<meta property=\"og:type\" content=\"article\" \/>\n<meta property=\"og:title\" content=\"CNY70 Sensor Infrarrojo Reflectivo - Electronica JNC\" \/>\n<meta property=\"og:description\" content=\"CNY70 Sensor Infrarrojo Reflectivo\" \/>\n<meta property=\"og:url\" content=\"https:\/\/www.electronicajnc.com\/web\/producto\/cny70-sensor-infrarrojo-reflectivo\/\" \/>\n<meta property=\"og:site_name\" content=\"Electronica JNC\" \/>\n<meta property=\"article:modified_time\" content=\"2023-06-29T18:42:49+00:00\" \/>\n<meta property=\"og:image\" content=\"https:\/\/www.electronicajnc.com\/web\/wp-content\/uploads\/2023\/06\/cny-70.jpg\" \/>\n\t<meta property=\"og:image:width\" content=\"1028\" \/>\n\t<meta property=\"og:image:height\" content=\"1001\" \/>\n\t<meta property=\"og:image:type\" content=\"image\/jpeg\" \/>\n<meta name=\"twitter:card\" content=\"summary_large_image\" \/>\n<meta name=\"twitter:label1\" content=\"Tiempo de lectura\" \/>\n\t<meta name=\"twitter:data1\" content=\"3 minutos\" \/>\n<script type=\"application\/ld+json\" class=\"yoast-schema-graph\">{\"@context\":\"https:\\\/\\\/schema.org\",\"@graph\":[{\"@type\":\"WebPage\",\"@id\":\"https:\\\/\\\/www.electronicajnc.com\\\/web\\\/producto\\\/cny70-sensor-infrarrojo-reflectivo\\\/\",\"url\":\"https:\\\/\\\/www.electronicajnc.com\\\/web\\\/producto\\\/cny70-sensor-infrarrojo-reflectivo\\\/\",\"name\":\"CNY70 Sensor Infrarrojo Reflectivo - Electronica JNC\",\"isPartOf\":{\"@id\":\"https:\\\/\\\/www.electronicajnc.com\\\/web\\\/#website\"},\"primaryImageOfPage\":{\"@id\":\"https:\\\/\\\/www.electronicajnc.com\\\/web\\\/producto\\\/cny70-sensor-infrarrojo-reflectivo\\\/#primaryimage\"},\"image\":{\"@id\":\"https:\\\/\\\/www.electronicajnc.com\\\/web\\\/producto\\\/cny70-sensor-infrarrojo-reflectivo\\\/#primaryimage\"},\"thumbnailUrl\":\"https:\\\/\\\/www.electronicajnc.com\\\/web\\\/wp-content\\\/uploads\\\/2023\\\/06\\\/cny-70.jpg\",\"datePublished\":\"2023-06-29T18:42:47+00:00\",\"dateModified\":\"2023-06-29T18:42:49+00:00\",\"description\":\"CNY70 Sensor Infrarrojo Reflectivo\",\"breadcrumb\":{\"@id\":\"https:\\\/\\\/www.electronicajnc.com\\\/web\\\/producto\\\/cny70-sensor-infrarrojo-reflectivo\\\/#breadcrumb\"},\"inLanguage\":\"es\",\"potentialAction\":[{\"@type\":\"ReadAction\",\"target\":[\"https:\\\/\\\/www.electronicajnc.com\\\/web\\\/producto\\\/cny70-sensor-infrarrojo-reflectivo\\\/\"]}]},{\"@type\":\"ImageObject\",\"inLanguage\":\"es\",\"@id\":\"https:\\\/\\\/www.electronicajnc.com\\\/web\\\/producto\\\/cny70-sensor-infrarrojo-reflectivo\\\/#primaryimage\",\"url\":\"https:\\\/\\\/www.electronicajnc.com\\\/web\\\/wp-content\\\/uploads\\\/2023\\\/06\\\/cny-70.jpg\",\"contentUrl\":\"https:\\\/\\\/www.electronicajnc.com\\\/web\\\/wp-content\\\/uploads\\\/2023\\\/06\\\/cny-70.jpg\",\"width\":1028,\"height\":1001,\"caption\":\"CNY70 Sensor Infrarrojo Reflectivo\"},{\"@type\":\"BreadcrumbList\",\"@id\":\"https:\\\/\\\/www.electronicajnc.com\\\/web\\\/producto\\\/cny70-sensor-infrarrojo-reflectivo\\\/#breadcrumb\",\"itemListElement\":[{\"@type\":\"ListItem\",\"position\":1,\"name\":\"Portada\",\"item\":\"https:\\\/\\\/www.electronicajnc.com\\\/web\\\/\"},{\"@type\":\"ListItem\",\"position\":2,\"name\":\"TIENDA\",\"item\":\"https:\\\/\\\/www.electronicajnc.com\\\/web\\\/tienda\\\/\"},{\"@type\":\"ListItem\",\"position\":3,\"name\":\"CNY70 Sensor Infrarrojo Reflectivo\"}]},{\"@type\":\"WebSite\",\"@id\":\"https:\\\/\\\/www.electronicajnc.com\\\/web\\\/#website\",\"url\":\"https:\\\/\\\/www.electronicajnc.com\\\/web\\\/\",\"name\":\"Electronica JNC\",\"description\":\"Robotica Tecnologia Mecatronica en Ecuador\",\"publisher\":{\"@id\":\"https:\\\/\\\/www.electronicajnc.com\\\/web\\\/#organization\"},\"potentialAction\":[{\"@type\":\"SearchAction\",\"target\":{\"@type\":\"EntryPoint\",\"urlTemplate\":\"https:\\\/\\\/www.electronicajnc.com\\\/web\\\/?s={search_term_string}\"},\"query-input\":{\"@type\":\"PropertyValueSpecification\",\"valueRequired\":true,\"valueName\":\"search_term_string\"}}],\"inLanguage\":\"es\"},{\"@type\":\"Organization\",\"@id\":\"https:\\\/\\\/www.electronicajnc.com\\\/web\\\/#organization\",\"name\":\"Electronica JNC\",\"url\":\"https:\\\/\\\/www.electronicajnc.com\\\/web\\\/\",\"logo\":{\"@type\":\"ImageObject\",\"inLanguage\":\"es\",\"@id\":\"https:\\\/\\\/www.electronicajnc.com\\\/web\\\/#\\\/schema\\\/logo\\\/image\\\/\",\"url\":\"https:\\\/\\\/www.electronicajnc.com\\\/web\\\/wp-content\\\/uploads\\\/2023\\\/06\\\/nuevo-logo.jpg\",\"contentUrl\":\"https:\\\/\\\/www.electronicajnc.com\\\/web\\\/wp-content\\\/uploads\\\/2023\\\/06\\\/nuevo-logo.jpg\",\"width\":1256,\"height\":612,\"caption\":\"Electronica JNC\"},\"image\":{\"@id\":\"https:\\\/\\\/www.electronicajnc.com\\\/web\\\/#\\\/schema\\\/logo\\\/image\\\/\"}}]}<\/script>\n<!-- \/ Yoast SEO plugin. -->","yoast_head_json":{"title":"CNY70 Sensor Infrarrojo Reflectivo - Electronica JNC","description":"CNY70 Sensor Infrarrojo Reflectivo","robots":{"index":"index","follow":"follow","max-snippet":"max-snippet:-1","max-image-preview":"max-image-preview:large","max-video-preview":"max-video-preview:-1"},"canonical":"https:\/\/www.electronicajnc.com\/web\/producto\/cny70-sensor-infrarrojo-reflectivo\/","og_locale":"es_ES","og_type":"article","og_title":"CNY70 Sensor Infrarrojo Reflectivo - Electronica JNC","og_description":"CNY70 Sensor Infrarrojo Reflectivo","og_url":"https:\/\/www.electronicajnc.com\/web\/producto\/cny70-sensor-infrarrojo-reflectivo\/","og_site_name":"Electronica JNC","article_modified_time":"2023-06-29T18:42:49+00:00","og_image":[{"width":1028,"height":1001,"url":"https:\/\/www.electronicajnc.com\/web\/wp-content\/uploads\/2023\/06\/cny-70.jpg","type":"image\/jpeg"}],"twitter_card":"summary_large_image","twitter_misc":{"Tiempo de lectura":"3 minutos"},"schema":{"@context":"https:\/\/schema.org","@graph":[{"@type":"WebPage","@id":"https:\/\/www.electronicajnc.com\/web\/producto\/cny70-sensor-infrarrojo-reflectivo\/","url":"https:\/\/www.electronicajnc.com\/web\/producto\/cny70-sensor-infrarrojo-reflectivo\/","name":"CNY70 Sensor Infrarrojo Reflectivo - Electronica JNC","isPartOf":{"@id":"https:\/\/www.electronicajnc.com\/web\/#website"},"primaryImageOfPage":{"@id":"https:\/\/www.electronicajnc.com\/web\/producto\/cny70-sensor-infrarrojo-reflectivo\/#primaryimage"},"image":{"@id":"https:\/\/www.electronicajnc.com\/web\/producto\/cny70-sensor-infrarrojo-reflectivo\/#primaryimage"},"thumbnailUrl":"https:\/\/www.electronicajnc.com\/web\/wp-content\/uploads\/2023\/06\/cny-70.jpg","datePublished":"2023-06-29T18:42:47+00:00","dateModified":"2023-06-29T18:42:49+00:00","description":"CNY70 Sensor Infrarrojo Reflectivo","breadcrumb":{"@id":"https:\/\/www.electronicajnc.com\/web\/producto\/cny70-sensor-infrarrojo-reflectivo\/#breadcrumb"},"inLanguage":"es","potentialAction":[{"@type":"ReadAction","target":["https:\/\/www.electronicajnc.com\/web\/producto\/cny70-sensor-infrarrojo-reflectivo\/"]}]},{"@type":"ImageObject","inLanguage":"es","@id":"https:\/\/www.electronicajnc.com\/web\/producto\/cny70-sensor-infrarrojo-reflectivo\/#primaryimage","url":"https:\/\/www.electronicajnc.com\/web\/wp-content\/uploads\/2023\/06\/cny-70.jpg","contentUrl":"https:\/\/www.electronicajnc.com\/web\/wp-content\/uploads\/2023\/06\/cny-70.jpg","width":1028,"height":1001,"caption":"CNY70 Sensor Infrarrojo Reflectivo"},{"@type":"BreadcrumbList","@id":"https:\/\/www.electronicajnc.com\/web\/producto\/cny70-sensor-infrarrojo-reflectivo\/#breadcrumb","itemListElement":[{"@type":"ListItem","position":1,"name":"Portada","item":"https:\/\/www.electronicajnc.com\/web\/"},{"@type":"ListItem","position":2,"name":"TIENDA","item":"https:\/\/www.electronicajnc.com\/web\/tienda\/"},{"@type":"ListItem","position":3,"name":"CNY70 Sensor Infrarrojo Reflectivo"}]},{"@type":"WebSite","@id":"https:\/\/www.electronicajnc.com\/web\/#website","url":"https:\/\/www.electronicajnc.com\/web\/","name":"Electronica JNC","description":"Robotica Tecnologia Mecatronica en Ecuador","publisher":{"@id":"https:\/\/www.electronicajnc.com\/web\/#organization"},"potentialAction":[{"@type":"SearchAction","target":{"@type":"EntryPoint","urlTemplate":"https:\/\/www.electronicajnc.com\/web\/?s={search_term_string}"},"query-input":{"@type":"PropertyValueSpecification","valueRequired":true,"valueName":"search_term_string"}}],"inLanguage":"es"},{"@type":"Organization","@id":"https:\/\/www.electronicajnc.com\/web\/#organization","name":"Electronica JNC","url":"https:\/\/www.electronicajnc.com\/web\/","logo":{"@type":"ImageObject","inLanguage":"es","@id":"https:\/\/www.electronicajnc.com\/web\/#\/schema\/logo\/image\/","url":"https:\/\/www.electronicajnc.com\/web\/wp-content\/uploads\/2023\/06\/nuevo-logo.jpg","contentUrl":"https:\/\/www.electronicajnc.com\/web\/wp-content\/uploads\/2023\/06\/nuevo-logo.jpg","width":1256,"height":612,"caption":"Electronica JNC"},"image":{"@id":"https:\/\/www.electronicajnc.com\/web\/#\/schema\/logo\/image\/"}}]}},"_links":{"self":[{"href":"https:\/\/www.electronicajnc.com\/web\/wp-json\/wp\/v2\/product\/688","targetHints":{"allow":["GET"]}}],"collection":[{"href":"https:\/\/www.electronicajnc.com\/web\/wp-json\/wp\/v2\/product"}],"about":[{"href":"https:\/\/www.electronicajnc.com\/web\/wp-json\/wp\/v2\/types\/product"}],"replies":[{"embeddable":true,"href":"https:\/\/www.electronicajnc.com\/web\/wp-json\/wp\/v2\/comments?post=688"}],"wp:featuredmedia":[{"embeddable":true,"href":"https:\/\/www.electronicajnc.com\/web\/wp-json\/wp\/v2\/media\/689"}],"wp:attachment":[{"href":"https:\/\/www.electronicajnc.com\/web\/wp-json\/wp\/v2\/media?parent=688"}],"wp:term":[{"taxonomy":"product_brand","embeddable":true,"href":"https:\/\/www.electronicajnc.com\/web\/wp-json\/wp\/v2\/product_brand?post=688"},{"taxonomy":"product_cat","embeddable":true,"href":"https:\/\/www.electronicajnc.com\/web\/wp-json\/wp\/v2\/product_cat?post=688"},{"taxonomy":"product_tag","embeddable":true,"href":"https:\/\/www.electronicajnc.com\/web\/wp-json\/wp\/v2\/product_tag?post=688"}],"curies":[{"name":"wp","href":"https:\/\/api.w.org\/{rel}","templated":true}]}}