{"id":691,"date":"2023-06-30T00:30:52","date_gmt":"2023-06-30T00:30:52","guid":{"rendered":"https:\/\/www.electronicajnc.com\/web\/?post_type=product&#038;p=691"},"modified":"2023-07-21T00:15:23","modified_gmt":"2023-07-21T00:15:23","slug":"calculadora-cientifica-casio-fx-350la-plus-2","status":"publish","type":"product","link":"https:\/\/www.electronicajnc.com\/web\/producto\/calculadora-cientifica-casio-fx-350la-plus-2\/","title":{"rendered":"Calculadora Cient\u00edfica Casio FX 350LA 350 plus-2"},"content":{"rendered":"<p style=\"text-align: left;\"><strong>Calculadora Cient\u00edfica Casio FX 350LA 350 plus-2<\/strong><img decoding=\"async\" class=\"aligncenter\" src=\"https:\/\/dilipa.com.ec\/1359-large_default\/calculadora-cs-cient-fx-350ms-2da-edic.jpg\" alt=\"CALCULADORA CASIO FX-350MS CIENTIFICA 2DA EDICION\" \/><\/p>\n<p>La Calculadora Cient\u00edfica Casio fx-350ES PLUS-2 es una herramienta confiable y f\u00e1cil de usar para estudiantes y profesionales. Con 252 funciones integradas, esta calculadora no programable y sin creaci\u00f3n de gr\u00e1ficos es perfecta para c\u00e1lculos matem\u00e1ticos b\u00e1sicos y avanzados. La pantalla de cristal l\u00edquido con presentaci\u00f3n de libro de texto natural y matriz de puntos permite una f\u00e1cil lectura de los resultados.<\/p>\n<p>Adem\u00e1s, la fx-350ES PLUS-2 cuenta con teclas pl\u00e1sticas y una memoria independiente para almacenar c\u00e1lculos previos. Con una duraci\u00f3n aproximada de la bater\u00eda principal de 3 a\u00f1os y un apagado autom\u00e1tico, esta calculadora es una opci\u00f3n duradera y pr\u00e1ctica para todas tus necesidades de c\u00e1lculo.<\/p>\n<p><strong>CARACTERISTICAS:<\/strong><\/p>\n<p>N\u00famero de funciones: 252<br \/>\nVisualizaci\u00f3n natural de libros de texto<br \/>\n10 + 2 d\u00edgitos<br \/>\nMantisa de 10 d\u00edgitos + visualizaci\u00f3n exponencial de 2 d\u00edgitos.<br \/>\nPantalla de matriz de puntos<br \/>\nLa pantalla de alta resoluci\u00f3n proporciona gr\u00e1ficos hermosos en todo momento.<br \/>\nMulti-repetici\u00f3n<br \/>\nRecuperaci\u00f3n r\u00e1pida y f\u00e1cil de f\u00f3rmulas ejecutadas previamente para editarlas y volver a ejecutarlas.<br \/>\nllaves de pl\u00e1stico<br \/>\nDise\u00f1ado y construido para una f\u00e1cil operaci\u00f3n.<br \/>\nGeneraci\u00f3n de tablas<br \/>\nPuede crear una tabla num\u00e9rica basada en esa expresi\u00f3n registrando una expresi\u00f3n de funci\u00f3n. Adem\u00e1s, las funciones gr\u00e1ficas se pueden representar mediante gr\u00e1ficos.<br \/>\nFunciones Matem\u00e1ticas B\u00e1sicas<br \/>\nTrigonom\u00e9trica, logar\u00edtmica exponencial, etc.<br \/>\nEstad\u00edsticas b\u00e1sicas<br \/>\nFunciones estad\u00edsticas est\u00e1ndar como media, SUMA, desviaci\u00f3n est\u00e1ndar y regresi\u00f3n<br \/>\nEditor de datos STAT basado en listas<br \/>\nVisualizaci\u00f3n y edici\u00f3n de datos de entrada en formato de lista, mostrando grupos de datos (datos x, datos y, frecuencia) y datos circundantes.<br \/>\nBater\u00eda de tama\u00f1o AAA<\/p>\n<h1 class=\"product_title entry-title\">Calculadora Cient\u00edfica Casio FX 350LA 350 plus-2<\/h1>\n<p><strong>\u00bfD\u00f3nde conseguir ?<\/strong><\/p>\n<p>Puedes conseguir este producto y mucho mas en nuestra tienda de electr\u00f3nica \u201cElectr\u00f3nica JNC\u201d a un excelente precio, de igual manera puedes preguntar por otros productos que tenemos para ti y as\u00ed adquirirlos seg\u00fan tu necesidad para\u00a0 tus proyectos.<\/p>\n<p>Adem\u00e1s de vender realizamos todo tipo de proyectos de Rob\u00f3tica Electr\u00f3nica y de Programaci\u00f3n en Arduino-Raspberry, brindamos asesoramiento en la elaboraci\u00f3n de proyectos y personalizamos sus clases cuando deseas armar un robot.<\/p>\n<p>\u00a1\u00a1\u00a1\u00a1 PREGUNTANOS!!!!<\/p>\n<p>Puede retirar sus pedidos en nuestra\u00a0<a href=\"https:\/\/www.electronicajnc.com\/web\/contactos\" target=\"_blank\" rel=\"noopener\">TIENDA F\u00cdSICA<\/a>\u00a0o realizar sus pedidos\u00a0<a href=\"https:\/\/www.electronicajnc.com\/web\/mi-cuenta\" target=\"_blank\" rel=\"noopener\">ONLINE<\/a>\u00a0o por\u00a0<a href=\"https:\/\/api.whatsapp.com\/send?phone=593958753126\" target=\"_blank\" rel=\"noopener\">WHATSAPP<\/a>.<\/p>\n","protected":false},"excerpt":{"rendered":"<p>La Calculadora Cient\u00edfica Casio fx-350ES PLUS-2 es una herramienta confiable y f\u00e1cil de usar con 252 funciones integradas. Con una pantalla de cristal l\u00edquido y teclas pl\u00e1sticas, esta calculadora no programable es perfecta para c\u00e1lculos matem\u00e1ticos b\u00e1sicos y avanzados.<\/p>\n","protected":false},"featured_media":692,"comment_status":"closed","ping_status":"closed","template":"","meta":{"saved_in_kubio":false,"_joinchat":[]},"product_brand":[],"product_cat":[70],"product_tag":[533,530,527,534,528,532,334,526,531,529],"class_list":{"0":"post-691","1":"product","2":"type-product","3":"status-publish","4":"has-post-thumbnail","6":"product_cat-electronica_herramientas","7":"product_tag-252-funciones","8":"product_tag-bachillerato","9":"product_tag-calculadora","10":"product_tag-calculos","11":"product_tag-casio","12":"product_tag-cientifica","13":"product_tag-estudiantes","14":"product_tag-matematicas","15":"product_tag-nuevo","16":"product_tag-original","18":"first","19":"instock","20":"taxable","21":"shipping-taxable","22":"purchasable","23":"product-type-simple"},"yoast_head":"<!-- This site is optimized with the Yoast SEO plugin v27.5 - https:\/\/yoast.com\/product\/yoast-seo-wordpress\/ -->\n<title>Calculadora Cient\u00edfica Casio FX 350LA 350 plus-2 - Electronica JNC<\/title>\n<meta name=\"description\" content=\"Calculadora Cient\u00edfica Casio FX 350LA 350 plus-2 confiable y f\u00e1cil de usar para estudiantes y profesionale con 252 funciones integradas para c\u00e1lculos matem\u00e1ticos\" \/>\n<meta name=\"robots\" content=\"index, follow, max-snippet:-1, max-image-preview:large, max-video-preview:-1\" \/>\n<link rel=\"canonical\" href=\"https:\/\/www.electronicajnc.com\/web\/producto\/calculadora-cientifica-casio-fx-350la-plus-2\/\" \/>\n<meta property=\"og:locale\" content=\"es_ES\" \/>\n<meta property=\"og:type\" content=\"article\" \/>\n<meta property=\"og:title\" content=\"Calculadora Cient\u00edfica Casio FX 350LA 350 plus-2 - Electronica JNC\" \/>\n<meta property=\"og:description\" content=\"Calculadora Cient\u00edfica Casio FX 350LA 350 plus-2 confiable y f\u00e1cil de usar para estudiantes y profesionale con 252 funciones integradas para c\u00e1lculos matem\u00e1ticos\" \/>\n<meta property=\"og:url\" content=\"https:\/\/www.electronicajnc.com\/web\/producto\/calculadora-cientifica-casio-fx-350la-plus-2\/\" \/>\n<meta property=\"og:site_name\" content=\"Electronica JNC\" \/>\n<meta property=\"article:modified_time\" content=\"2023-07-21T00:15:23+00:00\" \/>\n<meta property=\"og:image\" content=\"https:\/\/www.electronicajnc.com\/web\/wp-content\/uploads\/2023\/06\/calculadora-350.jpg\" \/>\n\t<meta property=\"og:image:width\" content=\"1022\" \/>\n\t<meta property=\"og:image:height\" content=\"1062\" \/>\n\t<meta property=\"og:image:type\" content=\"image\/jpeg\" \/>\n<meta name=\"twitter:card\" content=\"summary_large_image\" \/>\n<meta name=\"twitter:label1\" content=\"Tiempo de lectura\" \/>\n\t<meta name=\"twitter:data1\" content=\"2 minutos\" \/>\n<script type=\"application\/ld+json\" class=\"yoast-schema-graph\">{\"@context\":\"https:\\\/\\\/schema.org\",\"@graph\":[{\"@type\":\"WebPage\",\"@id\":\"https:\\\/\\\/www.electronicajnc.com\\\/web\\\/producto\\\/calculadora-cientifica-casio-fx-350la-plus-2\\\/\",\"url\":\"https:\\\/\\\/www.electronicajnc.com\\\/web\\\/producto\\\/calculadora-cientifica-casio-fx-350la-plus-2\\\/\",\"name\":\"Calculadora Cient\u00edfica Casio FX 350LA 350 plus-2 - Electronica JNC\",\"isPartOf\":{\"@id\":\"https:\\\/\\\/www.electronicajnc.com\\\/web\\\/#website\"},\"primaryImageOfPage\":{\"@id\":\"https:\\\/\\\/www.electronicajnc.com\\\/web\\\/producto\\\/calculadora-cientifica-casio-fx-350la-plus-2\\\/#primaryimage\"},\"image\":{\"@id\":\"https:\\\/\\\/www.electronicajnc.com\\\/web\\\/producto\\\/calculadora-cientifica-casio-fx-350la-plus-2\\\/#primaryimage\"},\"thumbnailUrl\":\"https:\\\/\\\/www.electronicajnc.com\\\/web\\\/wp-content\\\/uploads\\\/2023\\\/06\\\/calculadora-350.jpg\",\"datePublished\":\"2023-06-30T00:30:52+00:00\",\"dateModified\":\"2023-07-21T00:15:23+00:00\",\"description\":\"Calculadora Cient\u00edfica Casio FX 350LA 350 plus-2 confiable y f\u00e1cil de usar para estudiantes y profesionale con 252 funciones integradas para c\u00e1lculos matem\u00e1ticos\",\"breadcrumb\":{\"@id\":\"https:\\\/\\\/www.electronicajnc.com\\\/web\\\/producto\\\/calculadora-cientifica-casio-fx-350la-plus-2\\\/#breadcrumb\"},\"inLanguage\":\"es\",\"potentialAction\":[{\"@type\":\"ReadAction\",\"target\":[\"https:\\\/\\\/www.electronicajnc.com\\\/web\\\/producto\\\/calculadora-cientifica-casio-fx-350la-plus-2\\\/\"]}]},{\"@type\":\"ImageObject\",\"inLanguage\":\"es\",\"@id\":\"https:\\\/\\\/www.electronicajnc.com\\\/web\\\/producto\\\/calculadora-cientifica-casio-fx-350la-plus-2\\\/#primaryimage\",\"url\":\"https:\\\/\\\/www.electronicajnc.com\\\/web\\\/wp-content\\\/uploads\\\/2023\\\/06\\\/calculadora-350.jpg\",\"contentUrl\":\"https:\\\/\\\/www.electronicajnc.com\\\/web\\\/wp-content\\\/uploads\\\/2023\\\/06\\\/calculadora-350.jpg\",\"width\":1022,\"height\":1062,\"caption\":\"CALCULADORA CIENT\u00cdFICA CASIO FX 350LA PLUS\"},{\"@type\":\"BreadcrumbList\",\"@id\":\"https:\\\/\\\/www.electronicajnc.com\\\/web\\\/producto\\\/calculadora-cientifica-casio-fx-350la-plus-2\\\/#breadcrumb\",\"itemListElement\":[{\"@type\":\"ListItem\",\"position\":1,\"name\":\"Portada\",\"item\":\"https:\\\/\\\/www.electronicajnc.com\\\/web\\\/\"},{\"@type\":\"ListItem\",\"position\":2,\"name\":\"TIENDA\",\"item\":\"https:\\\/\\\/www.electronicajnc.com\\\/web\\\/tienda\\\/\"},{\"@type\":\"ListItem\",\"position\":3,\"name\":\"Calculadora Cient\u00edfica Casio FX 350LA 350 plus-2\"}]},{\"@type\":\"WebSite\",\"@id\":\"https:\\\/\\\/www.electronicajnc.com\\\/web\\\/#website\",\"url\":\"https:\\\/\\\/www.electronicajnc.com\\\/web\\\/\",\"name\":\"Electronica JNC\",\"description\":\"Robotica Tecnologia Mecatronica en Ecuador\",\"publisher\":{\"@id\":\"https:\\\/\\\/www.electronicajnc.com\\\/web\\\/#organization\"},\"potentialAction\":[{\"@type\":\"SearchAction\",\"target\":{\"@type\":\"EntryPoint\",\"urlTemplate\":\"https:\\\/\\\/www.electronicajnc.com\\\/web\\\/?s={search_term_string}\"},\"query-input\":{\"@type\":\"PropertyValueSpecification\",\"valueRequired\":true,\"valueName\":\"search_term_string\"}}],\"inLanguage\":\"es\"},{\"@type\":\"Organization\",\"@id\":\"https:\\\/\\\/www.electronicajnc.com\\\/web\\\/#organization\",\"name\":\"Electronica JNC\",\"url\":\"https:\\\/\\\/www.electronicajnc.com\\\/web\\\/\",\"logo\":{\"@type\":\"ImageObject\",\"inLanguage\":\"es\",\"@id\":\"https:\\\/\\\/www.electronicajnc.com\\\/web\\\/#\\\/schema\\\/logo\\\/image\\\/\",\"url\":\"https:\\\/\\\/www.electronicajnc.com\\\/web\\\/wp-content\\\/uploads\\\/2023\\\/06\\\/nuevo-logo.jpg\",\"contentUrl\":\"https:\\\/\\\/www.electronicajnc.com\\\/web\\\/wp-content\\\/uploads\\\/2023\\\/06\\\/nuevo-logo.jpg\",\"width\":1256,\"height\":612,\"caption\":\"Electronica JNC\"},\"image\":{\"@id\":\"https:\\\/\\\/www.electronicajnc.com\\\/web\\\/#\\\/schema\\\/logo\\\/image\\\/\"}}]}<\/script>\n<!-- \/ Yoast SEO plugin. -->","yoast_head_json":{"title":"Calculadora Cient\u00edfica Casio FX 350LA 350 plus-2 - Electronica JNC","description":"Calculadora Cient\u00edfica Casio FX 350LA 350 plus-2 confiable y f\u00e1cil de usar para estudiantes y profesionale con 252 funciones integradas para c\u00e1lculos matem\u00e1ticos","robots":{"index":"index","follow":"follow","max-snippet":"max-snippet:-1","max-image-preview":"max-image-preview:large","max-video-preview":"max-video-preview:-1"},"canonical":"https:\/\/www.electronicajnc.com\/web\/producto\/calculadora-cientifica-casio-fx-350la-plus-2\/","og_locale":"es_ES","og_type":"article","og_title":"Calculadora Cient\u00edfica Casio FX 350LA 350 plus-2 - Electronica JNC","og_description":"Calculadora Cient\u00edfica Casio FX 350LA 350 plus-2 confiable y f\u00e1cil de usar para estudiantes y profesionale con 252 funciones integradas para c\u00e1lculos matem\u00e1ticos","og_url":"https:\/\/www.electronicajnc.com\/web\/producto\/calculadora-cientifica-casio-fx-350la-plus-2\/","og_site_name":"Electronica JNC","article_modified_time":"2023-07-21T00:15:23+00:00","og_image":[{"width":1022,"height":1062,"url":"https:\/\/www.electronicajnc.com\/web\/wp-content\/uploads\/2023\/06\/calculadora-350.jpg","type":"image\/jpeg"}],"twitter_card":"summary_large_image","twitter_misc":{"Tiempo de lectura":"2 minutos"},"schema":{"@context":"https:\/\/schema.org","@graph":[{"@type":"WebPage","@id":"https:\/\/www.electronicajnc.com\/web\/producto\/calculadora-cientifica-casio-fx-350la-plus-2\/","url":"https:\/\/www.electronicajnc.com\/web\/producto\/calculadora-cientifica-casio-fx-350la-plus-2\/","name":"Calculadora Cient\u00edfica Casio FX 350LA 350 plus-2 - Electronica JNC","isPartOf":{"@id":"https:\/\/www.electronicajnc.com\/web\/#website"},"primaryImageOfPage":{"@id":"https:\/\/www.electronicajnc.com\/web\/producto\/calculadora-cientifica-casio-fx-350la-plus-2\/#primaryimage"},"image":{"@id":"https:\/\/www.electronicajnc.com\/web\/producto\/calculadora-cientifica-casio-fx-350la-plus-2\/#primaryimage"},"thumbnailUrl":"https:\/\/www.electronicajnc.com\/web\/wp-content\/uploads\/2023\/06\/calculadora-350.jpg","datePublished":"2023-06-30T00:30:52+00:00","dateModified":"2023-07-21T00:15:23+00:00","description":"Calculadora Cient\u00edfica Casio FX 350LA 350 plus-2 confiable y f\u00e1cil de usar para estudiantes y profesionale con 252 funciones integradas para c\u00e1lculos matem\u00e1ticos","breadcrumb":{"@id":"https:\/\/www.electronicajnc.com\/web\/producto\/calculadora-cientifica-casio-fx-350la-plus-2\/#breadcrumb"},"inLanguage":"es","potentialAction":[{"@type":"ReadAction","target":["https:\/\/www.electronicajnc.com\/web\/producto\/calculadora-cientifica-casio-fx-350la-plus-2\/"]}]},{"@type":"ImageObject","inLanguage":"es","@id":"https:\/\/www.electronicajnc.com\/web\/producto\/calculadora-cientifica-casio-fx-350la-plus-2\/#primaryimage","url":"https:\/\/www.electronicajnc.com\/web\/wp-content\/uploads\/2023\/06\/calculadora-350.jpg","contentUrl":"https:\/\/www.electronicajnc.com\/web\/wp-content\/uploads\/2023\/06\/calculadora-350.jpg","width":1022,"height":1062,"caption":"CALCULADORA CIENT\u00cdFICA CASIO FX 350LA PLUS"},{"@type":"BreadcrumbList","@id":"https:\/\/www.electronicajnc.com\/web\/producto\/calculadora-cientifica-casio-fx-350la-plus-2\/#breadcrumb","itemListElement":[{"@type":"ListItem","position":1,"name":"Portada","item":"https:\/\/www.electronicajnc.com\/web\/"},{"@type":"ListItem","position":2,"name":"TIENDA","item":"https:\/\/www.electronicajnc.com\/web\/tienda\/"},{"@type":"ListItem","position":3,"name":"Calculadora Cient\u00edfica Casio FX 350LA 350 plus-2"}]},{"@type":"WebSite","@id":"https:\/\/www.electronicajnc.com\/web\/#website","url":"https:\/\/www.electronicajnc.com\/web\/","name":"Electronica JNC","description":"Robotica Tecnologia Mecatronica en Ecuador","publisher":{"@id":"https:\/\/www.electronicajnc.com\/web\/#organization"},"potentialAction":[{"@type":"SearchAction","target":{"@type":"EntryPoint","urlTemplate":"https:\/\/www.electronicajnc.com\/web\/?s={search_term_string}"},"query-input":{"@type":"PropertyValueSpecification","valueRequired":true,"valueName":"search_term_string"}}],"inLanguage":"es"},{"@type":"Organization","@id":"https:\/\/www.electronicajnc.com\/web\/#organization","name":"Electronica JNC","url":"https:\/\/www.electronicajnc.com\/web\/","logo":{"@type":"ImageObject","inLanguage":"es","@id":"https:\/\/www.electronicajnc.com\/web\/#\/schema\/logo\/image\/","url":"https:\/\/www.electronicajnc.com\/web\/wp-content\/uploads\/2023\/06\/nuevo-logo.jpg","contentUrl":"https:\/\/www.electronicajnc.com\/web\/wp-content\/uploads\/2023\/06\/nuevo-logo.jpg","width":1256,"height":612,"caption":"Electronica JNC"},"image":{"@id":"https:\/\/www.electronicajnc.com\/web\/#\/schema\/logo\/image\/"}}]}},"_links":{"self":[{"href":"https:\/\/www.electronicajnc.com\/web\/wp-json\/wp\/v2\/product\/691","targetHints":{"allow":["GET"]}}],"collection":[{"href":"https:\/\/www.electronicajnc.com\/web\/wp-json\/wp\/v2\/product"}],"about":[{"href":"https:\/\/www.electronicajnc.com\/web\/wp-json\/wp\/v2\/types\/product"}],"replies":[{"embeddable":true,"href":"https:\/\/www.electronicajnc.com\/web\/wp-json\/wp\/v2\/comments?post=691"}],"wp:featuredmedia":[{"embeddable":true,"href":"https:\/\/www.electronicajnc.com\/web\/wp-json\/wp\/v2\/media\/692"}],"wp:attachment":[{"href":"https:\/\/www.electronicajnc.com\/web\/wp-json\/wp\/v2\/media?parent=691"}],"wp:term":[{"taxonomy":"product_brand","embeddable":true,"href":"https:\/\/www.electronicajnc.com\/web\/wp-json\/wp\/v2\/product_brand?post=691"},{"taxonomy":"product_cat","embeddable":true,"href":"https:\/\/www.electronicajnc.com\/web\/wp-json\/wp\/v2\/product_cat?post=691"},{"taxonomy":"product_tag","embeddable":true,"href":"https:\/\/www.electronicajnc.com\/web\/wp-json\/wp\/v2\/product_tag?post=691"}],"curies":[{"name":"wp","href":"https:\/\/api.w.org\/{rel}","templated":true}]}}