{"id":697,"date":"2023-06-30T01:18:29","date_gmt":"2023-06-30T01:18:29","guid":{"rendered":"https:\/\/www.electronicajnc.com\/web\/?post_type=product&#038;p=697"},"modified":"2023-07-21T00:17:35","modified_gmt":"2023-07-21T00:17:35","slug":"calculadora-casio-cientifica-fx-570la-plus","status":"publish","type":"product","link":"https:\/\/www.electronicajnc.com\/web\/producto\/calculadora-casio-cientifica-fx-570la-plus\/","title":{"rendered":"Calculadora Cient\u00edfica Casio FX 570LA 350 plus-2"},"content":{"rendered":"<p class=\"product-name\">Calculadora Cient\u00edfica Casio FX 570LA 350 plus-2<\/p>\n<p>417 Funciones. Presentaci\u00f3n de dos l\u00edneas. Funci\u00f3n de repetici\u00f3n m\u00faltiple. Calculo de ecuaciones, integrales, diferenciales y fracciones. Combinaci\u00f3n y permutaci\u00f3n. Estad\u00edsticas: editor de datos STAT, desviaci\u00f3n estandar, an\u00e1lisis de regresi\u00f3n. C\u00e1lculos\/ conversiones con n\u00fameros en base n. C\u00e1lculos con n\u00fameros complejos, matriciales y vectoriales. 40 constantes cient\u00edficas. 9 memorias de variables. Teclas pl\u00e1sticas, y estuche duro deslizable<\/p>\n<p><img decoding=\"async\" class=\"aligncenter\" src=\"https:\/\/http2.mlstatic.com\/D_NQ_NP_749980-MLA54991711346_052023-O.webp\" alt=\"Calculadora Casio Fx-570la Plus 2 | Env\u00edo gratis\" \/><\/p>\n<div><\/div>\n<div>Calculadora en Espa\u00f1ol, Casio Cient\u00edfica de Uso Escolar y Universitario Modelo FX-570LA PLUS 2 Versi\u00f3n 2. Es muy facil de utilizar, posee formato Estandar e intuitivo y 417 Funciones. La Super Calculadora FX-570LA PLUS 2 Es considerada una opci\u00f3n Ideal para la Ense\u00f1anza Media y Estudios Superiores.<\/div>\n<div><\/div>\n<div><strong>Caracter\u00edsticas\u00a0<\/strong><\/div>\n<div><\/div>\n<div>\n<p>417 funciones<\/p>\n<p>La pantalla Natural (Natural-V.P.A.M.) muestra expresiones matem\u00e1ticas como las ra\u00edces y las fracciones que aparecen en su libro de texto, y esto aumenta la comprensi\u00f3n ya que los resultados son mas f\u00e1ciles de entender.<\/p>\n<p>Resoluci\u00f3n de ecuaciones.<br \/>\n20 pares de valores para conversiones m\u00e9tricas, 24 niveles de par\u00e9ntesis<br \/>\nCalculo con n\u00fameros complejos.<br \/>\nCalculo de funciones con la tecla Cal (memoria temporal de f\u00f3rmulas).<br \/>\n40 constantes cient\u00edficas.<br \/>\nCalculo vectorial y de matrices<br \/>\nCalculo num\u00e9rico de integrales \/ calculo diferencial<br \/>\nN\u00fameros enteros aleatorios<br \/>\nNuevo modo de ecuaciones<br \/>\nTabla de funciones, Respuestas m\u00faltiples<br \/>\nBater\u00eda.<\/p>\n<h2>Calculadora Cient\u00edfica Casio FX 570LA 350 plus-2<\/h2>\n<p>PRODUCTO 100% ORIGINAL NUEVA Y SELLADA DEL FABRICANTE TENEMOS TAMBIEN La Calculadora Cient\u00edfica Casio fx-350ES PLUS-2<\/p>\n<h1><strong style=\"font-size: 16px;\">\u00bfD\u00f3nde conseguir ?<\/strong><\/h1>\n<\/div>\n<p>Puedes conseguir este producto y mucho mas en nuestra tienda de electr\u00f3nica \u201cElectr\u00f3nica JNC\u201d a un excelente precio, de igual manera puedes preguntar por otros productos que tenemos para ti y as\u00ed adquirirlos seg\u00fan tu necesidad para\u00a0 tus proyectos.<\/p>\n<p>Adem\u00e1s de vender realizamos todo tipo de proyectos de Rob\u00f3tica Electr\u00f3nica y de Programaci\u00f3n en Arduino-Raspberry, brindamos asesoramiento en la elaboraci\u00f3n de proyectos y personalizamos sus clases cuando deseas armar un robot.<\/p>\n<p>\u00a1\u00a1\u00a1\u00a1 PREGUNTANOS!!!!<\/p>\n<p>Puede retirar sus pedidos en nuestra\u00a0<a href=\"https:\/\/www.electronicajnc.com\/web\/contactos\" target=\"_blank\" rel=\"noopener\">TIENDA F\u00cdSICA<\/a>\u00a0o realizar sus pedidos\u00a0<a href=\"https:\/\/www.electronicajnc.com\/web\/mi-cuenta\" target=\"_blank\" rel=\"noopener\">ONLINE<\/a>\u00a0o por\u00a0<a href=\"https:\/\/api.whatsapp.com\/send?phone=593958753126\" target=\"_blank\" rel=\"noopener\">WHATSAPP<\/a>.<\/p>\n<p>\u00a1\u00a1\u00a1COMPRALO AQUI!!!<\/p>\n","protected":false},"excerpt":{"rendered":"<p>Calculadora Cient\u00edfica Casio FX 570LA 350 plus-2 417 Funciones. Presentaci\u00f3n de dos l\u00edneas. Funci\u00f3n de repetici\u00f3n m\u00faltiple. Calculo de ecuaciones, integrales, diferenciales y fracciones. Combinaci\u00f3n y permutaci\u00f3n. Estad\u00edsticas: editor de datos STAT, desviaci\u00f3n estandar, an\u00e1lisis de regresi\u00f3n. C\u00e1lculos\/ conversiones con n\u00fameros en base n. C\u00e1lculos con n\u00fameros complejos, matriciales y vectoriales. 40 constantes cient\u00edficas. 9 [&hellip;]<\/p>\n","protected":false},"featured_media":698,"comment_status":"closed","ping_status":"closed","template":"","meta":{"saved_in_kubio":false,"_joinchat":[]},"product_brand":[],"product_cat":[70],"product_tag":[530,527,537,532,334,177,538,535,536],"class_list":{"0":"post-697","1":"product","2":"type-product","3":"status-publish","4":"has-post-thumbnail","6":"product_cat-electronica_herramientas","7":"product_tag-bachillerato","8":"product_tag-calculadora","9":"product_tag-calculo-contabilidad","10":"product_tag-cientifica","11":"product_tag-estudiantes","12":"product_tag-ingenieria","13":"product_tag-original-casio","14":"product_tag-profesionales","15":"product_tag-universicad","17":"first","18":"instock","19":"taxable","20":"shipping-taxable","21":"product-type-simple"},"yoast_head":"<!-- This site is optimized with the Yoast SEO plugin v27.5 - https:\/\/yoast.com\/product\/yoast-seo-wordpress\/ -->\n<title>Calculadora Cient\u00edfica Casio FX 570LA 350 plus-2 - Electronica JNC<\/title>\n<meta name=\"description\" content=\"Calculadora Cient\u00edfica Casio FX 570LA 350 plus-2 Uso Escolar y Universitario Es muy f\u00e1cil de utilizar, posee formato Est\u00e1ndar e intuitivo y 417 Funciones\" \/>\n<meta name=\"robots\" content=\"index, follow, max-snippet:-1, max-image-preview:large, max-video-preview:-1\" \/>\n<link rel=\"canonical\" href=\"https:\/\/www.electronicajnc.com\/web\/producto\/calculadora-casio-cientifica-fx-570la-plus\/\" \/>\n<meta property=\"og:locale\" content=\"es_ES\" \/>\n<meta property=\"og:type\" content=\"article\" \/>\n<meta property=\"og:title\" content=\"Calculadora Cient\u00edfica Casio FX 570LA 350 plus-2 - Electronica JNC\" \/>\n<meta property=\"og:description\" content=\"Calculadora Cient\u00edfica Casio FX 570LA 350 plus-2 Uso Escolar y Universitario Es muy f\u00e1cil de utilizar, posee formato Est\u00e1ndar e intuitivo y 417 Funciones\" \/>\n<meta property=\"og:url\" content=\"https:\/\/www.electronicajnc.com\/web\/producto\/calculadora-casio-cientifica-fx-570la-plus\/\" \/>\n<meta property=\"og:site_name\" content=\"Electronica JNC\" \/>\n<meta property=\"article:modified_time\" content=\"2023-07-21T00:17:35+00:00\" \/>\n<meta property=\"og:image\" content=\"https:\/\/www.electronicajnc.com\/web\/wp-content\/uploads\/2023\/06\/calculadora-570.jpg\" \/>\n\t<meta property=\"og:image:width\" content=\"961\" \/>\n\t<meta property=\"og:image:height\" content=\"1137\" \/>\n\t<meta property=\"og:image:type\" content=\"image\/jpeg\" \/>\n<meta name=\"twitter:card\" content=\"summary_large_image\" \/>\n<meta name=\"twitter:label1\" content=\"Tiempo de lectura\" \/>\n\t<meta name=\"twitter:data1\" content=\"2 minutos\" \/>\n<script type=\"application\/ld+json\" class=\"yoast-schema-graph\">{\"@context\":\"https:\\\/\\\/schema.org\",\"@graph\":[{\"@type\":\"WebPage\",\"@id\":\"https:\\\/\\\/www.electronicajnc.com\\\/web\\\/producto\\\/calculadora-casio-cientifica-fx-570la-plus\\\/\",\"url\":\"https:\\\/\\\/www.electronicajnc.com\\\/web\\\/producto\\\/calculadora-casio-cientifica-fx-570la-plus\\\/\",\"name\":\"Calculadora Cient\u00edfica Casio FX 570LA 350 plus-2 - Electronica JNC\",\"isPartOf\":{\"@id\":\"https:\\\/\\\/www.electronicajnc.com\\\/web\\\/#website\"},\"primaryImageOfPage\":{\"@id\":\"https:\\\/\\\/www.electronicajnc.com\\\/web\\\/producto\\\/calculadora-casio-cientifica-fx-570la-plus\\\/#primaryimage\"},\"image\":{\"@id\":\"https:\\\/\\\/www.electronicajnc.com\\\/web\\\/producto\\\/calculadora-casio-cientifica-fx-570la-plus\\\/#primaryimage\"},\"thumbnailUrl\":\"https:\\\/\\\/www.electronicajnc.com\\\/web\\\/wp-content\\\/uploads\\\/2023\\\/06\\\/calculadora-570.jpg\",\"datePublished\":\"2023-06-30T01:18:29+00:00\",\"dateModified\":\"2023-07-21T00:17:35+00:00\",\"description\":\"Calculadora Cient\u00edfica Casio FX 570LA 350 plus-2 Uso Escolar y Universitario Es muy f\u00e1cil de utilizar, posee formato Est\u00e1ndar e intuitivo y 417 Funciones\",\"breadcrumb\":{\"@id\":\"https:\\\/\\\/www.electronicajnc.com\\\/web\\\/producto\\\/calculadora-casio-cientifica-fx-570la-plus\\\/#breadcrumb\"},\"inLanguage\":\"es\",\"potentialAction\":[{\"@type\":\"ReadAction\",\"target\":[\"https:\\\/\\\/www.electronicajnc.com\\\/web\\\/producto\\\/calculadora-casio-cientifica-fx-570la-plus\\\/\"]}]},{\"@type\":\"ImageObject\",\"inLanguage\":\"es\",\"@id\":\"https:\\\/\\\/www.electronicajnc.com\\\/web\\\/producto\\\/calculadora-casio-cientifica-fx-570la-plus\\\/#primaryimage\",\"url\":\"https:\\\/\\\/www.electronicajnc.com\\\/web\\\/wp-content\\\/uploads\\\/2023\\\/06\\\/calculadora-570.jpg\",\"contentUrl\":\"https:\\\/\\\/www.electronicajnc.com\\\/web\\\/wp-content\\\/uploads\\\/2023\\\/06\\\/calculadora-570.jpg\",\"width\":961,\"height\":1137,\"caption\":\"CALCULADORA CASIO CIENTIFICA FX-570LA PLUS\"},{\"@type\":\"BreadcrumbList\",\"@id\":\"https:\\\/\\\/www.electronicajnc.com\\\/web\\\/producto\\\/calculadora-casio-cientifica-fx-570la-plus\\\/#breadcrumb\",\"itemListElement\":[{\"@type\":\"ListItem\",\"position\":1,\"name\":\"Portada\",\"item\":\"https:\\\/\\\/www.electronicajnc.com\\\/web\\\/\"},{\"@type\":\"ListItem\",\"position\":2,\"name\":\"TIENDA\",\"item\":\"https:\\\/\\\/www.electronicajnc.com\\\/web\\\/tienda\\\/\"},{\"@type\":\"ListItem\",\"position\":3,\"name\":\"Calculadora Cient\u00edfica Casio FX 570LA 350 plus-2\"}]},{\"@type\":\"WebSite\",\"@id\":\"https:\\\/\\\/www.electronicajnc.com\\\/web\\\/#website\",\"url\":\"https:\\\/\\\/www.electronicajnc.com\\\/web\\\/\",\"name\":\"Electronica JNC\",\"description\":\"Robotica Tecnologia Mecatronica en Ecuador\",\"publisher\":{\"@id\":\"https:\\\/\\\/www.electronicajnc.com\\\/web\\\/#organization\"},\"potentialAction\":[{\"@type\":\"SearchAction\",\"target\":{\"@type\":\"EntryPoint\",\"urlTemplate\":\"https:\\\/\\\/www.electronicajnc.com\\\/web\\\/?s={search_term_string}\"},\"query-input\":{\"@type\":\"PropertyValueSpecification\",\"valueRequired\":true,\"valueName\":\"search_term_string\"}}],\"inLanguage\":\"es\"},{\"@type\":\"Organization\",\"@id\":\"https:\\\/\\\/www.electronicajnc.com\\\/web\\\/#organization\",\"name\":\"Electronica JNC\",\"url\":\"https:\\\/\\\/www.electronicajnc.com\\\/web\\\/\",\"logo\":{\"@type\":\"ImageObject\",\"inLanguage\":\"es\",\"@id\":\"https:\\\/\\\/www.electronicajnc.com\\\/web\\\/#\\\/schema\\\/logo\\\/image\\\/\",\"url\":\"https:\\\/\\\/www.electronicajnc.com\\\/web\\\/wp-content\\\/uploads\\\/2023\\\/06\\\/nuevo-logo.jpg\",\"contentUrl\":\"https:\\\/\\\/www.electronicajnc.com\\\/web\\\/wp-content\\\/uploads\\\/2023\\\/06\\\/nuevo-logo.jpg\",\"width\":1256,\"height\":612,\"caption\":\"Electronica JNC\"},\"image\":{\"@id\":\"https:\\\/\\\/www.electronicajnc.com\\\/web\\\/#\\\/schema\\\/logo\\\/image\\\/\"}}]}<\/script>\n<!-- \/ Yoast SEO plugin. -->","yoast_head_json":{"title":"Calculadora Cient\u00edfica Casio FX 570LA 350 plus-2 - Electronica JNC","description":"Calculadora Cient\u00edfica Casio FX 570LA 350 plus-2 Uso Escolar y Universitario Es muy f\u00e1cil de utilizar, posee formato Est\u00e1ndar e intuitivo y 417 Funciones","robots":{"index":"index","follow":"follow","max-snippet":"max-snippet:-1","max-image-preview":"max-image-preview:large","max-video-preview":"max-video-preview:-1"},"canonical":"https:\/\/www.electronicajnc.com\/web\/producto\/calculadora-casio-cientifica-fx-570la-plus\/","og_locale":"es_ES","og_type":"article","og_title":"Calculadora Cient\u00edfica Casio FX 570LA 350 plus-2 - Electronica JNC","og_description":"Calculadora Cient\u00edfica Casio FX 570LA 350 plus-2 Uso Escolar y Universitario Es muy f\u00e1cil de utilizar, posee formato Est\u00e1ndar e intuitivo y 417 Funciones","og_url":"https:\/\/www.electronicajnc.com\/web\/producto\/calculadora-casio-cientifica-fx-570la-plus\/","og_site_name":"Electronica JNC","article_modified_time":"2023-07-21T00:17:35+00:00","og_image":[{"width":961,"height":1137,"url":"https:\/\/www.electronicajnc.com\/web\/wp-content\/uploads\/2023\/06\/calculadora-570.jpg","type":"image\/jpeg"}],"twitter_card":"summary_large_image","twitter_misc":{"Tiempo de lectura":"2 minutos"},"schema":{"@context":"https:\/\/schema.org","@graph":[{"@type":"WebPage","@id":"https:\/\/www.electronicajnc.com\/web\/producto\/calculadora-casio-cientifica-fx-570la-plus\/","url":"https:\/\/www.electronicajnc.com\/web\/producto\/calculadora-casio-cientifica-fx-570la-plus\/","name":"Calculadora Cient\u00edfica Casio FX 570LA 350 plus-2 - Electronica JNC","isPartOf":{"@id":"https:\/\/www.electronicajnc.com\/web\/#website"},"primaryImageOfPage":{"@id":"https:\/\/www.electronicajnc.com\/web\/producto\/calculadora-casio-cientifica-fx-570la-plus\/#primaryimage"},"image":{"@id":"https:\/\/www.electronicajnc.com\/web\/producto\/calculadora-casio-cientifica-fx-570la-plus\/#primaryimage"},"thumbnailUrl":"https:\/\/www.electronicajnc.com\/web\/wp-content\/uploads\/2023\/06\/calculadora-570.jpg","datePublished":"2023-06-30T01:18:29+00:00","dateModified":"2023-07-21T00:17:35+00:00","description":"Calculadora Cient\u00edfica Casio FX 570LA 350 plus-2 Uso Escolar y Universitario Es muy f\u00e1cil de utilizar, posee formato Est\u00e1ndar e intuitivo y 417 Funciones","breadcrumb":{"@id":"https:\/\/www.electronicajnc.com\/web\/producto\/calculadora-casio-cientifica-fx-570la-plus\/#breadcrumb"},"inLanguage":"es","potentialAction":[{"@type":"ReadAction","target":["https:\/\/www.electronicajnc.com\/web\/producto\/calculadora-casio-cientifica-fx-570la-plus\/"]}]},{"@type":"ImageObject","inLanguage":"es","@id":"https:\/\/www.electronicajnc.com\/web\/producto\/calculadora-casio-cientifica-fx-570la-plus\/#primaryimage","url":"https:\/\/www.electronicajnc.com\/web\/wp-content\/uploads\/2023\/06\/calculadora-570.jpg","contentUrl":"https:\/\/www.electronicajnc.com\/web\/wp-content\/uploads\/2023\/06\/calculadora-570.jpg","width":961,"height":1137,"caption":"CALCULADORA CASIO CIENTIFICA FX-570LA PLUS"},{"@type":"BreadcrumbList","@id":"https:\/\/www.electronicajnc.com\/web\/producto\/calculadora-casio-cientifica-fx-570la-plus\/#breadcrumb","itemListElement":[{"@type":"ListItem","position":1,"name":"Portada","item":"https:\/\/www.electronicajnc.com\/web\/"},{"@type":"ListItem","position":2,"name":"TIENDA","item":"https:\/\/www.electronicajnc.com\/web\/tienda\/"},{"@type":"ListItem","position":3,"name":"Calculadora Cient\u00edfica Casio FX 570LA 350 plus-2"}]},{"@type":"WebSite","@id":"https:\/\/www.electronicajnc.com\/web\/#website","url":"https:\/\/www.electronicajnc.com\/web\/","name":"Electronica JNC","description":"Robotica Tecnologia Mecatronica en Ecuador","publisher":{"@id":"https:\/\/www.electronicajnc.com\/web\/#organization"},"potentialAction":[{"@type":"SearchAction","target":{"@type":"EntryPoint","urlTemplate":"https:\/\/www.electronicajnc.com\/web\/?s={search_term_string}"},"query-input":{"@type":"PropertyValueSpecification","valueRequired":true,"valueName":"search_term_string"}}],"inLanguage":"es"},{"@type":"Organization","@id":"https:\/\/www.electronicajnc.com\/web\/#organization","name":"Electronica JNC","url":"https:\/\/www.electronicajnc.com\/web\/","logo":{"@type":"ImageObject","inLanguage":"es","@id":"https:\/\/www.electronicajnc.com\/web\/#\/schema\/logo\/image\/","url":"https:\/\/www.electronicajnc.com\/web\/wp-content\/uploads\/2023\/06\/nuevo-logo.jpg","contentUrl":"https:\/\/www.electronicajnc.com\/web\/wp-content\/uploads\/2023\/06\/nuevo-logo.jpg","width":1256,"height":612,"caption":"Electronica JNC"},"image":{"@id":"https:\/\/www.electronicajnc.com\/web\/#\/schema\/logo\/image\/"}}]}},"_links":{"self":[{"href":"https:\/\/www.electronicajnc.com\/web\/wp-json\/wp\/v2\/product\/697","targetHints":{"allow":["GET"]}}],"collection":[{"href":"https:\/\/www.electronicajnc.com\/web\/wp-json\/wp\/v2\/product"}],"about":[{"href":"https:\/\/www.electronicajnc.com\/web\/wp-json\/wp\/v2\/types\/product"}],"replies":[{"embeddable":true,"href":"https:\/\/www.electronicajnc.com\/web\/wp-json\/wp\/v2\/comments?post=697"}],"wp:featuredmedia":[{"embeddable":true,"href":"https:\/\/www.electronicajnc.com\/web\/wp-json\/wp\/v2\/media\/698"}],"wp:attachment":[{"href":"https:\/\/www.electronicajnc.com\/web\/wp-json\/wp\/v2\/media?parent=697"}],"wp:term":[{"taxonomy":"product_brand","embeddable":true,"href":"https:\/\/www.electronicajnc.com\/web\/wp-json\/wp\/v2\/product_brand?post=697"},{"taxonomy":"product_cat","embeddable":true,"href":"https:\/\/www.electronicajnc.com\/web\/wp-json\/wp\/v2\/product_cat?post=697"},{"taxonomy":"product_tag","embeddable":true,"href":"https:\/\/www.electronicajnc.com\/web\/wp-json\/wp\/v2\/product_tag?post=697"}],"curies":[{"name":"wp","href":"https:\/\/api.w.org\/{rel}","templated":true}]}}