{"id":701,"date":"2023-07-01T20:08:03","date_gmt":"2023-07-01T20:08:03","guid":{"rendered":"https:\/\/www.electronicajnc.com\/web\/?post_type=product&#038;p=701"},"modified":"2025-03-21T16:28:31","modified_gmt":"2025-03-21T16:28:31","slug":"kit-compatible-con-arduino-con-sernsores","status":"publish","type":"product","link":"https:\/\/www.electronicajnc.com\/web\/producto\/kit-compatible-con-arduino-con-sernsores\/","title":{"rendered":"Kit compatible con arduino con sensores"},"content":{"rendered":"<p class=\"h1\">Kit compatible con arduino con sensores<\/p>\n<p>Kit compatible con arduino con sernsores , es un conjunto de componentes y m\u00f3dulos que te permiten realizar diferentes experimentos y aplicaciones con tu placa. Existen muchos tipos de kits, desde los m\u00e1s b\u00e1sicos hasta los m\u00e1s avanzados, que incluyen sensores, motores, pantallas, botones, LEDs y mucho m\u00e1s.<\/p>\n<p>Kit compatible con arduino con sernsores<strong> con<\/strong> 193 piezas, puede ser usado por principiantes para el aprendizaje desde cero, o por aquellas personas que ya tienen conocimientos b\u00e1sicos y desean realizar pr\u00e1cticas con un nivel medio de dificultad; muy \u00fatil para el aprendizaje y la experimentaci\u00f3n en la plataforma.<\/p>\n<h2>\u00bfQu\u00e9 ventajas tiene usar un Kit compatible con arduino con sernsores?<\/h2>\n<p>&nbsp;<\/p>\n<p>Usar un Kit compatible con arduino con sernsores tiene varias ventajas frente a comprar los componentes por separado:<\/p>\n<p>&#8211; Te ahorras tiempo y dinero al tener todo lo necesario en un solo paquete.<\/p>\n<p>&#8211; Te aseguras de que los componentes son compatibles entre s\u00ed y con la placa.<\/p>\n<p>&#8211; Te facilita el aprendizaje porque en internet encuentras manuales o tutoriales con instrucciones paso a paso para realizar los proyectos.<\/p>\n<p>&#8211; Te permite explorar diferentes \u00e1reas de la electr\u00f3nica y la programaci\u00f3n con variedad de sensores y actuadores.<\/p>\n<p>&#8211; Te inspira a crear tus propios dise\u00f1os al combinar los elementos del kit seg\u00fan tu imaginaci\u00f3n.<\/p>\n<h2>Kit compatible con arduino con sensores<\/h2>\n<h2>Contenido del kit<\/h2>\n<p>1 x Caja pr\u00e1ctica para guardar tu kit<br \/>\n1 x\u00a0<strong>Tarjeta UNO compatible con\u00a0 Arduino <\/strong>con chip desmontable<br \/>\n1 x Cable USB<br \/>\n1 x Protoboard de 830 puntos<br \/>\n1 x Control remoto<br \/>\n1 x Teclado matricial para Arduino<br \/>\n1 x Modulo receptor infrarrojo VS1838<br \/>\n1 x Display LCD 16&#215;2 con backlight<br \/>\n1 x Servomotor SG90<br \/>\n1 x Accesorios servo motor<br \/>\n1 x M\u00f3dulo sensor de sonido \u00f3 de Flama<br \/>\n1 x Buzzer activo<br \/>\n1 x Buzzer pasivo<br \/>\n2 x Sensor vibracion\/inclinacion SW-520D<br \/>\n1 x Display de 7 segmentos AC<br \/>\n1 x Kit de 1<strong>0 cables<\/strong> (hembra-macho) de 20cm<\/p>\n<p>consultamos que mas&#8230;&#8230;&#8230;&#8230;&#8230;&#8230;&#8230;&#8230;&#8230;.<\/p>\n<p>&nbsp;<\/p>\n<div><\/div>\n<div><\/div>\n<div>\n<h2><b>\u00bfD\u00f3nde<\/b><strong>\u00a0conseguir ?<\/strong><\/h2>\n<\/div>\n<p>Puedes conseguir este producto y mucho mas en nuestra tienda de electr\u00f3nica \u201cElectr\u00f3nica JNC\u201d a un excelente precio, de igual manera puedes preguntar por otros productos que tenemos para ti y as\u00ed adquirirlos seg\u00fan tu necesidad para\u00a0 tus proyectos.<\/p>\n<p>Adem\u00e1s de vender realizamos todo tipo de proyectos de Rob\u00f3tica Electr\u00f3nica y de Programaci\u00f3n compatible con\u00a0 Arduino-Raspberry, brindamos asesoramiento en la elaboraci\u00f3n de proyectos y personalizamos sus clases cuando deseas armar un robot.<\/p>\n<p>Somos importadores Directos de todo en Electr\u00f3nica y Rob\u00f3tica directamente desde los fabricantes, a los mejores precios del mercado.<\/p>\n<div class=\"x11i5rnm xat24cr x1mh8g0r x1vvkbs xtlvy1s x126k92a\">\n<div dir=\"auto\">SERVICIO PERSONALIZADO, APOYO TEORICO Y VENTA DE MATERIAL<\/div>\n<\/div>\n<div class=\"x11i5rnm xat24cr x1mh8g0r x1vvkbs xtlvy1s x126k92a\">\n<div dir=\"auto\">COTIZA CON NOSOTROS<\/div>\n<div dir=\"auto\">SERVICIO, EXPERIENCIA, CALIDAD Y CONFIANZA<\/div>\n<div dir=\"auto\">\u00abTodo lo que buscas en un solo lugar\u00bb<\/div>\n<\/div>\n<div dir=\"auto\"><\/div>\n<p><img decoding=\"async\" class=\"aligncenter\" src=\"https:\/\/images.ua.prom.st\/1494267654_1494267654.jpg?PImaGE_ID=1494267654\" \/><\/p>\n<p style=\"text-align: center;\">Realizar un pedido en la web o por \u00a0<a href=\"https:\/\/api.whatsapp.com\/send?phone=593958753126\" target=\"_blank\" rel=\"noopener\">WHATSAPP<\/a>.<\/p>\n<p><img decoding=\"async\" class=\"aligncenter\" src=\"https:\/\/images.ua.prom.st\/1494267867_1494267867.jpg?PImaGE_ID=1494267867\" \/><\/p>\n<p style=\"text-align: center;\">Consulta con un asesor\u00a0 todas tus inquietudes.<\/p>\n<p><img decoding=\"async\" class=\"aligncenter\" src=\"https:\/\/images.ua.prom.st\/1494266627_1494266627.jpg?PImaGE_ID=1494266627\" \/><\/p>\n<p style=\"text-align: center;\">Pregunta las formas de pago.<\/p>\n<p><img decoding=\"async\" class=\"aligncenter\" src=\"https:\/\/images.ua.prom.st\/1494267985_1494267985.jpg?PImaGE_ID=1494267985\" \/><\/p>\n<p style=\"text-align: center;\">Tu pedido llega a la puerta de tu casa.<\/p>\n<p>&nbsp;<\/p>\n<p><strong>\u00a1\u00a1 PREG\u00daNTANOS Sin compromiso !!!!<\/strong><\/p>\n<p>Puede retirar sus pedidos en nuestra\u00a0<a href=\"https:\/\/www.electronicajnc.com\/web\/contactos\" target=\"_blank\" rel=\"noopener\">TIENDA F\u00cdSICA<\/a>\u00a0o realizar sus pedidos\u00a0<a href=\"https:\/\/www.electronicajnc.com\/web\/mi-cuenta\" target=\"_blank\" rel=\"noopener\">ONLINE<\/a>\u00a0o por\u00a0<a href=\"https:\/\/api.whatsapp.com\/send?phone=593958753126\" target=\"_blank\" rel=\"noopener\">WHATSAPP<\/a>.<\/p>\n","protected":false},"excerpt":{"rendered":"<p>Kit compatible con arduino con sensores Kit compatible con arduino con sernsores , es un conjunto de componentes y m\u00f3dulos que te permiten realizar diferentes experimentos y aplicaciones con tu placa. Existen muchos tipos de kits, desde los m\u00e1s b\u00e1sicos hasta los m\u00e1s avanzados, que incluyen sensores, motores, pantallas, botones, LEDs y mucho m\u00e1s. Kit [&hellip;]<\/p>\n","protected":false},"featured_media":1655,"comment_status":"closed","ping_status":"closed","template":"","meta":{"saved_in_kubio":false,"_joinchat":[]},"product_brand":[],"product_cat":[52],"product_tag":[41,1106,45,46,39,40,36,34,38,37,79,42,43,35],"class_list":{"0":"post-701","1":"product","2":"type-product","3":"status-publish","4":"has-post-thumbnail","6":"product_cat-tarjetas-compatibles-con-arduino","7":"product_tag-baterias","8":"product_tag-compatible-con-arduino","9":"product_tag-distribuidores","10":"product_tag-electronica","11":"product_tag-electrovalvulas","12":"product_tag-fuentes","13":"product_tag-lm35","14":"product_tag-modulo-ultrasonico","15":"product_tag-multimetros","16":"product_tag-protoboard","17":"product_tag-proyectos","18":"product_tag-robot-seguidor-de-linea","19":"product_tag-robot-zumo","20":"product_tag-sensor-de-temperatura","22":"first","23":"instock","24":"taxable","25":"shipping-taxable","26":"purchasable","27":"product-type-simple"},"yoast_head":"<!-- This site is optimized with the Yoast SEO plugin v27.4 - https:\/\/yoast.com\/product\/yoast-seo-wordpress\/ -->\n<title>Kit compatible con arduino con sensores - Electronica JNC<\/title>\n<meta name=\"description\" content=\"Kit compatible con arduino con sernsores es completo, permite realizar una gran variedad de prototipos es ideal para iniciar Rob\u00f3tica y Electr\u00f3nica\" \/>\n<meta name=\"robots\" content=\"index, follow, max-snippet:-1, max-image-preview:large, max-video-preview:-1\" \/>\n<link rel=\"canonical\" href=\"https:\/\/www.electronicajnc.com\/web\/producto\/kit-compatible-con-arduino-con-sernsores\/\" \/>\n<meta property=\"og:locale\" content=\"es_ES\" \/>\n<meta property=\"og:type\" content=\"article\" \/>\n<meta property=\"og:title\" content=\"Kit compatible con arduino con sensores - Electronica JNC\" \/>\n<meta property=\"og:description\" content=\"Kit compatible con arduino con sernsores es completo, permite realizar una gran variedad de prototipos es ideal para iniciar Rob\u00f3tica y Electr\u00f3nica\" \/>\n<meta property=\"og:url\" content=\"https:\/\/www.electronicajnc.com\/web\/producto\/kit-compatible-con-arduino-con-sernsores\/\" \/>\n<meta property=\"og:site_name\" content=\"Electronica JNC\" \/>\n<meta property=\"article:modified_time\" content=\"2025-03-21T16:28:31+00:00\" \/>\n<meta property=\"og:image\" content=\"https:\/\/www.electronicajnc.com\/web\/wp-content\/uploads\/2023\/07\/kit-de-5495-tekmicro-1-1.jpg\" \/>\n\t<meta property=\"og:image:width\" content=\"834\" \/>\n\t<meta property=\"og:image:height\" content=\"935\" \/>\n\t<meta property=\"og:image:type\" content=\"image\/jpeg\" \/>\n<meta name=\"twitter:card\" content=\"summary_large_image\" \/>\n<meta name=\"twitter:label1\" content=\"Tiempo de lectura\" \/>\n\t<meta name=\"twitter:data1\" content=\"4 minutos\" \/>\n<script type=\"application\/ld+json\" class=\"yoast-schema-graph\">{\"@context\":\"https:\\\/\\\/schema.org\",\"@graph\":[{\"@type\":\"WebPage\",\"@id\":\"https:\\\/\\\/www.electronicajnc.com\\\/web\\\/producto\\\/kit-compatible-con-arduino-con-sernsores\\\/\",\"url\":\"https:\\\/\\\/www.electronicajnc.com\\\/web\\\/producto\\\/kit-compatible-con-arduino-con-sernsores\\\/\",\"name\":\"Kit compatible con arduino con sensores - Electronica JNC\",\"isPartOf\":{\"@id\":\"https:\\\/\\\/www.electronicajnc.com\\\/web\\\/#website\"},\"primaryImageOfPage\":{\"@id\":\"https:\\\/\\\/www.electronicajnc.com\\\/web\\\/producto\\\/kit-compatible-con-arduino-con-sernsores\\\/#primaryimage\"},\"image\":{\"@id\":\"https:\\\/\\\/www.electronicajnc.com\\\/web\\\/producto\\\/kit-compatible-con-arduino-con-sernsores\\\/#primaryimage\"},\"thumbnailUrl\":\"https:\\\/\\\/www.electronicajnc.com\\\/web\\\/wp-content\\\/uploads\\\/2023\\\/07\\\/kit-de-5495-tekmicro-1-1.jpg\",\"datePublished\":\"2023-07-01T20:08:03+00:00\",\"dateModified\":\"2025-03-21T16:28:31+00:00\",\"description\":\"Kit compatible con arduino con sernsores es completo, permite realizar una gran variedad de prototipos es ideal para iniciar Rob\u00f3tica y Electr\u00f3nica\",\"breadcrumb\":{\"@id\":\"https:\\\/\\\/www.electronicajnc.com\\\/web\\\/producto\\\/kit-compatible-con-arduino-con-sernsores\\\/#breadcrumb\"},\"inLanguage\":\"es\",\"potentialAction\":[{\"@type\":\"ReadAction\",\"target\":[\"https:\\\/\\\/www.electronicajnc.com\\\/web\\\/producto\\\/kit-compatible-con-arduino-con-sernsores\\\/\"]}]},{\"@type\":\"ImageObject\",\"inLanguage\":\"es\",\"@id\":\"https:\\\/\\\/www.electronicajnc.com\\\/web\\\/producto\\\/kit-compatible-con-arduino-con-sernsores\\\/#primaryimage\",\"url\":\"https:\\\/\\\/www.electronicajnc.com\\\/web\\\/wp-content\\\/uploads\\\/2023\\\/07\\\/kit-de-5495-tekmicro-1-1.jpg\",\"contentUrl\":\"https:\\\/\\\/www.electronicajnc.com\\\/web\\\/wp-content\\\/uploads\\\/2023\\\/07\\\/kit-de-5495-tekmicro-1-1.jpg\",\"width\":834,\"height\":935,\"caption\":\"kit para arduino\"},{\"@type\":\"BreadcrumbList\",\"@id\":\"https:\\\/\\\/www.electronicajnc.com\\\/web\\\/producto\\\/kit-compatible-con-arduino-con-sernsores\\\/#breadcrumb\",\"itemListElement\":[{\"@type\":\"ListItem\",\"position\":1,\"name\":\"Portada\",\"item\":\"https:\\\/\\\/www.electronicajnc.com\\\/web\\\/\"},{\"@type\":\"ListItem\",\"position\":2,\"name\":\"TIENDA\",\"item\":\"https:\\\/\\\/www.electronicajnc.com\\\/web\\\/tienda\\\/\"},{\"@type\":\"ListItem\",\"position\":3,\"name\":\"Kit compatible con arduino con sensores\"}]},{\"@type\":\"WebSite\",\"@id\":\"https:\\\/\\\/www.electronicajnc.com\\\/web\\\/#website\",\"url\":\"https:\\\/\\\/www.electronicajnc.com\\\/web\\\/\",\"name\":\"Electronica JNC\",\"description\":\"Robotica Tecnologia Mecatronica en Ecuador\",\"publisher\":{\"@id\":\"https:\\\/\\\/www.electronicajnc.com\\\/web\\\/#organization\"},\"potentialAction\":[{\"@type\":\"SearchAction\",\"target\":{\"@type\":\"EntryPoint\",\"urlTemplate\":\"https:\\\/\\\/www.electronicajnc.com\\\/web\\\/?s={search_term_string}\"},\"query-input\":{\"@type\":\"PropertyValueSpecification\",\"valueRequired\":true,\"valueName\":\"search_term_string\"}}],\"inLanguage\":\"es\"},{\"@type\":\"Organization\",\"@id\":\"https:\\\/\\\/www.electronicajnc.com\\\/web\\\/#organization\",\"name\":\"Electronica JNC\",\"url\":\"https:\\\/\\\/www.electronicajnc.com\\\/web\\\/\",\"logo\":{\"@type\":\"ImageObject\",\"inLanguage\":\"es\",\"@id\":\"https:\\\/\\\/www.electronicajnc.com\\\/web\\\/#\\\/schema\\\/logo\\\/image\\\/\",\"url\":\"https:\\\/\\\/www.electronicajnc.com\\\/web\\\/wp-content\\\/uploads\\\/2023\\\/06\\\/nuevo-logo.jpg\",\"contentUrl\":\"https:\\\/\\\/www.electronicajnc.com\\\/web\\\/wp-content\\\/uploads\\\/2023\\\/06\\\/nuevo-logo.jpg\",\"width\":1256,\"height\":612,\"caption\":\"Electronica JNC\"},\"image\":{\"@id\":\"https:\\\/\\\/www.electronicajnc.com\\\/web\\\/#\\\/schema\\\/logo\\\/image\\\/\"}}]}<\/script>\n<!-- \/ Yoast SEO plugin. -->","yoast_head_json":{"title":"Kit compatible con arduino con sensores - Electronica JNC","description":"Kit compatible con arduino con sernsores es completo, permite realizar una gran variedad de prototipos es ideal para iniciar Rob\u00f3tica y Electr\u00f3nica","robots":{"index":"index","follow":"follow","max-snippet":"max-snippet:-1","max-image-preview":"max-image-preview:large","max-video-preview":"max-video-preview:-1"},"canonical":"https:\/\/www.electronicajnc.com\/web\/producto\/kit-compatible-con-arduino-con-sernsores\/","og_locale":"es_ES","og_type":"article","og_title":"Kit compatible con arduino con sensores - Electronica JNC","og_description":"Kit compatible con arduino con sernsores es completo, permite realizar una gran variedad de prototipos es ideal para iniciar Rob\u00f3tica y Electr\u00f3nica","og_url":"https:\/\/www.electronicajnc.com\/web\/producto\/kit-compatible-con-arduino-con-sernsores\/","og_site_name":"Electronica JNC","article_modified_time":"2025-03-21T16:28:31+00:00","og_image":[{"width":834,"height":935,"url":"https:\/\/www.electronicajnc.com\/web\/wp-content\/uploads\/2023\/07\/kit-de-5495-tekmicro-1-1.jpg","type":"image\/jpeg"}],"twitter_card":"summary_large_image","twitter_misc":{"Tiempo de lectura":"4 minutos"},"schema":{"@context":"https:\/\/schema.org","@graph":[{"@type":"WebPage","@id":"https:\/\/www.electronicajnc.com\/web\/producto\/kit-compatible-con-arduino-con-sernsores\/","url":"https:\/\/www.electronicajnc.com\/web\/producto\/kit-compatible-con-arduino-con-sernsores\/","name":"Kit compatible con arduino con sensores - Electronica JNC","isPartOf":{"@id":"https:\/\/www.electronicajnc.com\/web\/#website"},"primaryImageOfPage":{"@id":"https:\/\/www.electronicajnc.com\/web\/producto\/kit-compatible-con-arduino-con-sernsores\/#primaryimage"},"image":{"@id":"https:\/\/www.electronicajnc.com\/web\/producto\/kit-compatible-con-arduino-con-sernsores\/#primaryimage"},"thumbnailUrl":"https:\/\/www.electronicajnc.com\/web\/wp-content\/uploads\/2023\/07\/kit-de-5495-tekmicro-1-1.jpg","datePublished":"2023-07-01T20:08:03+00:00","dateModified":"2025-03-21T16:28:31+00:00","description":"Kit compatible con arduino con sernsores es completo, permite realizar una gran variedad de prototipos es ideal para iniciar Rob\u00f3tica y Electr\u00f3nica","breadcrumb":{"@id":"https:\/\/www.electronicajnc.com\/web\/producto\/kit-compatible-con-arduino-con-sernsores\/#breadcrumb"},"inLanguage":"es","potentialAction":[{"@type":"ReadAction","target":["https:\/\/www.electronicajnc.com\/web\/producto\/kit-compatible-con-arduino-con-sernsores\/"]}]},{"@type":"ImageObject","inLanguage":"es","@id":"https:\/\/www.electronicajnc.com\/web\/producto\/kit-compatible-con-arduino-con-sernsores\/#primaryimage","url":"https:\/\/www.electronicajnc.com\/web\/wp-content\/uploads\/2023\/07\/kit-de-5495-tekmicro-1-1.jpg","contentUrl":"https:\/\/www.electronicajnc.com\/web\/wp-content\/uploads\/2023\/07\/kit-de-5495-tekmicro-1-1.jpg","width":834,"height":935,"caption":"kit para arduino"},{"@type":"BreadcrumbList","@id":"https:\/\/www.electronicajnc.com\/web\/producto\/kit-compatible-con-arduino-con-sernsores\/#breadcrumb","itemListElement":[{"@type":"ListItem","position":1,"name":"Portada","item":"https:\/\/www.electronicajnc.com\/web\/"},{"@type":"ListItem","position":2,"name":"TIENDA","item":"https:\/\/www.electronicajnc.com\/web\/tienda\/"},{"@type":"ListItem","position":3,"name":"Kit compatible con arduino con sensores"}]},{"@type":"WebSite","@id":"https:\/\/www.electronicajnc.com\/web\/#website","url":"https:\/\/www.electronicajnc.com\/web\/","name":"Electronica JNC","description":"Robotica Tecnologia Mecatronica en Ecuador","publisher":{"@id":"https:\/\/www.electronicajnc.com\/web\/#organization"},"potentialAction":[{"@type":"SearchAction","target":{"@type":"EntryPoint","urlTemplate":"https:\/\/www.electronicajnc.com\/web\/?s={search_term_string}"},"query-input":{"@type":"PropertyValueSpecification","valueRequired":true,"valueName":"search_term_string"}}],"inLanguage":"es"},{"@type":"Organization","@id":"https:\/\/www.electronicajnc.com\/web\/#organization","name":"Electronica JNC","url":"https:\/\/www.electronicajnc.com\/web\/","logo":{"@type":"ImageObject","inLanguage":"es","@id":"https:\/\/www.electronicajnc.com\/web\/#\/schema\/logo\/image\/","url":"https:\/\/www.electronicajnc.com\/web\/wp-content\/uploads\/2023\/06\/nuevo-logo.jpg","contentUrl":"https:\/\/www.electronicajnc.com\/web\/wp-content\/uploads\/2023\/06\/nuevo-logo.jpg","width":1256,"height":612,"caption":"Electronica JNC"},"image":{"@id":"https:\/\/www.electronicajnc.com\/web\/#\/schema\/logo\/image\/"}}]}},"_links":{"self":[{"href":"https:\/\/www.electronicajnc.com\/web\/wp-json\/wp\/v2\/product\/701","targetHints":{"allow":["GET"]}}],"collection":[{"href":"https:\/\/www.electronicajnc.com\/web\/wp-json\/wp\/v2\/product"}],"about":[{"href":"https:\/\/www.electronicajnc.com\/web\/wp-json\/wp\/v2\/types\/product"}],"replies":[{"embeddable":true,"href":"https:\/\/www.electronicajnc.com\/web\/wp-json\/wp\/v2\/comments?post=701"}],"wp:featuredmedia":[{"embeddable":true,"href":"https:\/\/www.electronicajnc.com\/web\/wp-json\/wp\/v2\/media\/1655"}],"wp:attachment":[{"href":"https:\/\/www.electronicajnc.com\/web\/wp-json\/wp\/v2\/media?parent=701"}],"wp:term":[{"taxonomy":"product_brand","embeddable":true,"href":"https:\/\/www.electronicajnc.com\/web\/wp-json\/wp\/v2\/product_brand?post=701"},{"taxonomy":"product_cat","embeddable":true,"href":"https:\/\/www.electronicajnc.com\/web\/wp-json\/wp\/v2\/product_cat?post=701"},{"taxonomy":"product_tag","embeddable":true,"href":"https:\/\/www.electronicajnc.com\/web\/wp-json\/wp\/v2\/product_tag?post=701"}],"curies":[{"name":"wp","href":"https:\/\/api.w.org\/{rel}","templated":true}]}}