{"id":706,"date":"2023-07-03T22:56:56","date_gmt":"2023-07-03T22:56:56","guid":{"rendered":"https:\/\/www.electronicajnc.com\/web\/?post_type=product&#038;p=706"},"modified":"2023-07-03T22:56:57","modified_gmt":"2023-07-03T22:56:57","slug":"modulo-nodemcu-v3-lua-wifi-esp8266","status":"publish","type":"product","link":"https:\/\/www.electronicajnc.com\/web\/producto\/modulo-nodemcu-v3-lua-wifi-esp8266\/","title":{"rendered":"M\u00f3dulo NodeMcu V3 Lua WiFi ESP8266"},"content":{"rendered":"<p class=\"product_title entry-title\">M\u00f3dulo NodeMcu V3 Lua WiFi ESP8266<\/p>\n<p><img fetchpriority=\"high\" decoding=\"async\" class=\"aligncenter\" src=\"https:\/\/electronilab.co\/wp-content\/uploads\/2016\/02\/NodeMCU-%E2%80%93-Board-de-desarrollo-con-m%C3%B3dulo-ESP8266-WiFi-y-Lua-1.jpg\" alt=\"M\u00f3dulo Wifi NodeMCU ESP8266 Esp12e WiFi CP2102 - Electronilab\" width=\"653\" height=\"490\" \/><\/p>\n<p>El m\u00f3dulo NodeMCU es una peque\u00f1a placa Wifi lista para usar en cualquier proyecto IoT. Est\u00e1 montada alrededor del conocido chip ESP8266 (el cual ofrece una soluci\u00f3n completa y aut\u00f3noma de redes Wi-Fi, lo que le permite alojar la aplicaci\u00f3n o servir como puente entre Internet y un microcontrolador) y expone todos sus pines en los laterales. Adem\u00e1s ofrece m\u00e1s ventajas como la incorporaci\u00f3n de un regulador de tensi\u00f3n integrado, as\u00ed como un puerto USB de programaci\u00f3n. Se puede programar con LUA o mediante el IDE de Arduino.<\/p>\n<p>El ESP8266 tiene potentes capacidades a bordo de procesamiento y almacenamiento que le permiten integrarse con sensores y dispositivos espec\u00edficos de aplicaci\u00f3n a trav\u00e9s de sus GPIOs con un desarrollo m\u00ednimo y carga m\u00ednima durante el tiempo de ejecuci\u00f3n. Su alto grado de integraci\u00f3n en el chip permite una circuiter\u00eda externa m\u00ednima, y la totalidad de la soluci\u00f3n, incluyendo el m\u00f3dulo est\u00e1 dise\u00f1ado para ocupar el \u00e1rea m\u00ednima en un PCB.<\/p>\n<h1 class=\"product_title entry-title\">M\u00f3dulo NodeMcu V3 Lua WiFi ESP8266<\/h1>\n<h4>CARACTER\u00cdSTICAS:<\/h4>\n<ul>\n<li>Procesador: ESP8266 @ 80MHz (3.3V) (ESP-12E)<\/li>\n<li>4MB de memoria FLASH (32 MBit)<\/li>\n<li>WiFi 802.11 b\/g\/n<\/li>\n<li>Regulador 3.3V integrado (500mA)<\/li>\n<li>Conversor USB-TTL<\/li>\n<li>Funci\u00f3n Auto-reset<\/li>\n<li>9 pines GPIO con I2C y SPI<\/li>\n<li>1 entrada anal\u00f3gica (1.0V max)<\/li>\n<li>4 agujeros de montaje (3mm)<\/li>\n<li>Bot\u00f3n de RESET<\/li>\n<li>Entrada alimentaci\u00f3n externa VIN (20V max)<\/li>\n<li>Dimensiones : 48 x 25 x 10 mm<\/li>\n<\/ul>\n<p><strong style=\"font-size: 16px;\">\u00bfD\u00f3nde conseguir ?<\/strong><\/p>\n<p>Puedes conseguir este producto y mucho mas en nuestra tienda de electr\u00f3nica \u201cElectr\u00f3nica JNC\u201d a un excelente precio, de igual manera puedes preguntar por otros productos que tenemos para ti y as\u00ed adquirirlos seg\u00fan tu necesidad para\u00a0 tus proyectos.<\/p>\n<p>Adem\u00e1s de vender realizamos todo tipo de proyectos de Rob\u00f3tica Electr\u00f3nica y de Programaci\u00f3n en Arduino-Raspberry, brindamos asesoramiento en la elaboraci\u00f3n de proyectos y personalizamos sus clases cuando deseas armar un robot.<\/p>\n<p>\u00a1\u00a1\u00a1\u00a1 PREGUNTANOS!!!!<\/p>\n<p>Puede retirar sus pedidos en nuestra\u00a0<a href=\"https:\/\/www.electronicajnc.com\/web\/contactos\" target=\"_blank\" rel=\"noopener\">TIENDA F\u00cdSICA<\/a>\u00a0o realizar sus pedidos\u00a0<a href=\"https:\/\/www.electronicajnc.com\/web\/mi-cuenta\" target=\"_blank\" rel=\"noopener\">ONLINE<\/a>\u00a0o por\u00a0<a href=\"https:\/\/api.whatsapp.com\/send?phone=593958753126\" target=\"_blank\" rel=\"noopener\">WHATSAPP<\/a>.<\/p>\n","protected":false},"excerpt":{"rendered":"<p>Dispone de una extensa comunidad y documentaci\u00f3n que te permitir\u00e1n conectar tu proyecto al mundo exterior mediante conexi\u00f3n Wifi. Debido a que utiliza un conversor USB CH340, normalmente el sistema operativo lo instala autom\u00e1ticamente, aunque dependiendo de los casos, puede que necesites instalar el driver espec\u00edfico.<\/p>\n","protected":false},"featured_media":707,"comment_status":"closed","ping_status":"closed","template":"","meta":{"saved_in_kubio":false,"_joinchat":[]},"product_brand":[],"product_cat":[21],"product_tag":[196,547,539,543,548,545,542,408,540,541,544,546,361],"class_list":{"0":"post-706","1":"product","2":"type-product","3":"status-publish","4":"has-post-thumbnail","6":"product_cat-modulos_sensores","7":"product_tag-arduino","8":"product_tag-ch340","9":"product_tag-esp8266","10":"product_tag-gpio","11":"product_tag-hob","12":"product_tag-i2c","13":"product_tag-lua","14":"product_tag-modulo","15":"product_tag-node-mcu","16":"product_tag-nodemcu","17":"product_tag-pwm","18":"product_tag-uart","19":"product_tag-wifi","21":"first","22":"instock","23":"taxable","24":"shipping-taxable","25":"purchasable","26":"product-type-simple"},"yoast_head":"<!-- This site is optimized with the Yoast SEO plugin v27.4 - https:\/\/yoast.com\/product\/yoast-seo-wordpress\/ -->\n<title>M\u00f3dulo NodeMcu V3 Lua WiFi ESP8266 - Electronica JNC<\/title>\n<meta name=\"description\" content=\"M\u00f3dulo NodeMcu V3 Lua WiFi ESP8266 ofrece una soluci\u00f3n completa y aut\u00f3noma de redes Wi-Fi, sirve como puente entre Internet y un microcontrolador)\" \/>\n<meta name=\"robots\" content=\"index, follow, max-snippet:-1, max-image-preview:large, max-video-preview:-1\" \/>\n<link rel=\"canonical\" href=\"https:\/\/www.electronicajnc.com\/web\/producto\/modulo-nodemcu-v3-lua-wifi-esp8266\/\" \/>\n<meta property=\"og:locale\" content=\"es_ES\" \/>\n<meta property=\"og:type\" content=\"article\" \/>\n<meta property=\"og:title\" content=\"M\u00f3dulo NodeMcu V3 Lua WiFi ESP8266 - Electronica JNC\" \/>\n<meta property=\"og:description\" content=\"M\u00f3dulo NodeMcu V3 Lua WiFi ESP8266 ofrece una soluci\u00f3n completa y aut\u00f3noma de redes Wi-Fi, sirve como puente entre Internet y un microcontrolador)\" \/>\n<meta property=\"og:url\" content=\"https:\/\/www.electronicajnc.com\/web\/producto\/modulo-nodemcu-v3-lua-wifi-esp8266\/\" \/>\n<meta property=\"og:site_name\" content=\"Electronica JNC\" \/>\n<meta property=\"article:modified_time\" content=\"2023-07-03T22:56:57+00:00\" \/>\n<meta property=\"og:image\" content=\"https:\/\/www.electronicajnc.com\/web\/wp-content\/uploads\/2023\/07\/8266-NODE.jpg\" \/>\n\t<meta property=\"og:image:width\" content=\"875\" \/>\n\t<meta property=\"og:image:height\" content=\"807\" \/>\n\t<meta property=\"og:image:type\" content=\"image\/jpeg\" \/>\n<meta name=\"twitter:card\" content=\"summary_large_image\" \/>\n<meta name=\"twitter:label1\" content=\"Tiempo de lectura\" \/>\n\t<meta name=\"twitter:data1\" content=\"2 minutos\" \/>\n<script type=\"application\/ld+json\" class=\"yoast-schema-graph\">{\"@context\":\"https:\\\/\\\/schema.org\",\"@graph\":[{\"@type\":\"WebPage\",\"@id\":\"https:\\\/\\\/www.electronicajnc.com\\\/web\\\/producto\\\/modulo-nodemcu-v3-lua-wifi-esp8266\\\/\",\"url\":\"https:\\\/\\\/www.electronicajnc.com\\\/web\\\/producto\\\/modulo-nodemcu-v3-lua-wifi-esp8266\\\/\",\"name\":\"M\u00f3dulo NodeMcu V3 Lua WiFi ESP8266 - Electronica JNC\",\"isPartOf\":{\"@id\":\"https:\\\/\\\/www.electronicajnc.com\\\/web\\\/#website\"},\"primaryImageOfPage\":{\"@id\":\"https:\\\/\\\/www.electronicajnc.com\\\/web\\\/producto\\\/modulo-nodemcu-v3-lua-wifi-esp8266\\\/#primaryimage\"},\"image\":{\"@id\":\"https:\\\/\\\/www.electronicajnc.com\\\/web\\\/producto\\\/modulo-nodemcu-v3-lua-wifi-esp8266\\\/#primaryimage\"},\"thumbnailUrl\":\"https:\\\/\\\/www.electronicajnc.com\\\/web\\\/wp-content\\\/uploads\\\/2023\\\/07\\\/8266-NODE.jpg\",\"datePublished\":\"2023-07-03T22:56:56+00:00\",\"dateModified\":\"2023-07-03T22:56:57+00:00\",\"description\":\"M\u00f3dulo NodeMcu V3 Lua WiFi ESP8266 ofrece una soluci\u00f3n completa y aut\u00f3noma de redes Wi-Fi, sirve como puente entre Internet y un microcontrolador)\",\"breadcrumb\":{\"@id\":\"https:\\\/\\\/www.electronicajnc.com\\\/web\\\/producto\\\/modulo-nodemcu-v3-lua-wifi-esp8266\\\/#breadcrumb\"},\"inLanguage\":\"es\",\"potentialAction\":[{\"@type\":\"ReadAction\",\"target\":[\"https:\\\/\\\/www.electronicajnc.com\\\/web\\\/producto\\\/modulo-nodemcu-v3-lua-wifi-esp8266\\\/\"]}]},{\"@type\":\"ImageObject\",\"inLanguage\":\"es\",\"@id\":\"https:\\\/\\\/www.electronicajnc.com\\\/web\\\/producto\\\/modulo-nodemcu-v3-lua-wifi-esp8266\\\/#primaryimage\",\"url\":\"https:\\\/\\\/www.electronicajnc.com\\\/web\\\/wp-content\\\/uploads\\\/2023\\\/07\\\/8266-NODE.jpg\",\"contentUrl\":\"https:\\\/\\\/www.electronicajnc.com\\\/web\\\/wp-content\\\/uploads\\\/2023\\\/07\\\/8266-NODE.jpg\",\"width\":875,\"height\":807,\"caption\":\"M\u00f3dulo Esp8266 Ch340 Nodemcu V3 Lua Wifi Desarrollo Iot\"},{\"@type\":\"BreadcrumbList\",\"@id\":\"https:\\\/\\\/www.electronicajnc.com\\\/web\\\/producto\\\/modulo-nodemcu-v3-lua-wifi-esp8266\\\/#breadcrumb\",\"itemListElement\":[{\"@type\":\"ListItem\",\"position\":1,\"name\":\"Portada\",\"item\":\"https:\\\/\\\/www.electronicajnc.com\\\/web\\\/\"},{\"@type\":\"ListItem\",\"position\":2,\"name\":\"TIENDA\",\"item\":\"https:\\\/\\\/www.electronicajnc.com\\\/web\\\/tienda\\\/\"},{\"@type\":\"ListItem\",\"position\":3,\"name\":\"M\u00f3dulo NodeMcu V3 Lua WiFi ESP8266\"}]},{\"@type\":\"WebSite\",\"@id\":\"https:\\\/\\\/www.electronicajnc.com\\\/web\\\/#website\",\"url\":\"https:\\\/\\\/www.electronicajnc.com\\\/web\\\/\",\"name\":\"Electronica JNC\",\"description\":\"Robotica Tecnologia Mecatronica en Ecuador\",\"publisher\":{\"@id\":\"https:\\\/\\\/www.electronicajnc.com\\\/web\\\/#organization\"},\"potentialAction\":[{\"@type\":\"SearchAction\",\"target\":{\"@type\":\"EntryPoint\",\"urlTemplate\":\"https:\\\/\\\/www.electronicajnc.com\\\/web\\\/?s={search_term_string}\"},\"query-input\":{\"@type\":\"PropertyValueSpecification\",\"valueRequired\":true,\"valueName\":\"search_term_string\"}}],\"inLanguage\":\"es\"},{\"@type\":\"Organization\",\"@id\":\"https:\\\/\\\/www.electronicajnc.com\\\/web\\\/#organization\",\"name\":\"Electronica JNC\",\"url\":\"https:\\\/\\\/www.electronicajnc.com\\\/web\\\/\",\"logo\":{\"@type\":\"ImageObject\",\"inLanguage\":\"es\",\"@id\":\"https:\\\/\\\/www.electronicajnc.com\\\/web\\\/#\\\/schema\\\/logo\\\/image\\\/\",\"url\":\"https:\\\/\\\/www.electronicajnc.com\\\/web\\\/wp-content\\\/uploads\\\/2023\\\/06\\\/nuevo-logo.jpg\",\"contentUrl\":\"https:\\\/\\\/www.electronicajnc.com\\\/web\\\/wp-content\\\/uploads\\\/2023\\\/06\\\/nuevo-logo.jpg\",\"width\":1256,\"height\":612,\"caption\":\"Electronica JNC\"},\"image\":{\"@id\":\"https:\\\/\\\/www.electronicajnc.com\\\/web\\\/#\\\/schema\\\/logo\\\/image\\\/\"}}]}<\/script>\n<!-- \/ Yoast SEO plugin. -->","yoast_head_json":{"title":"M\u00f3dulo NodeMcu V3 Lua WiFi ESP8266 - Electronica JNC","description":"M\u00f3dulo NodeMcu V3 Lua WiFi ESP8266 ofrece una soluci\u00f3n completa y aut\u00f3noma de redes Wi-Fi, sirve como puente entre Internet y un microcontrolador)","robots":{"index":"index","follow":"follow","max-snippet":"max-snippet:-1","max-image-preview":"max-image-preview:large","max-video-preview":"max-video-preview:-1"},"canonical":"https:\/\/www.electronicajnc.com\/web\/producto\/modulo-nodemcu-v3-lua-wifi-esp8266\/","og_locale":"es_ES","og_type":"article","og_title":"M\u00f3dulo NodeMcu V3 Lua WiFi ESP8266 - Electronica JNC","og_description":"M\u00f3dulo NodeMcu V3 Lua WiFi ESP8266 ofrece una soluci\u00f3n completa y aut\u00f3noma de redes Wi-Fi, sirve como puente entre Internet y un microcontrolador)","og_url":"https:\/\/www.electronicajnc.com\/web\/producto\/modulo-nodemcu-v3-lua-wifi-esp8266\/","og_site_name":"Electronica JNC","article_modified_time":"2023-07-03T22:56:57+00:00","og_image":[{"width":875,"height":807,"url":"https:\/\/www.electronicajnc.com\/web\/wp-content\/uploads\/2023\/07\/8266-NODE.jpg","type":"image\/jpeg"}],"twitter_card":"summary_large_image","twitter_misc":{"Tiempo de lectura":"2 minutos"},"schema":{"@context":"https:\/\/schema.org","@graph":[{"@type":"WebPage","@id":"https:\/\/www.electronicajnc.com\/web\/producto\/modulo-nodemcu-v3-lua-wifi-esp8266\/","url":"https:\/\/www.electronicajnc.com\/web\/producto\/modulo-nodemcu-v3-lua-wifi-esp8266\/","name":"M\u00f3dulo NodeMcu V3 Lua WiFi ESP8266 - Electronica JNC","isPartOf":{"@id":"https:\/\/www.electronicajnc.com\/web\/#website"},"primaryImageOfPage":{"@id":"https:\/\/www.electronicajnc.com\/web\/producto\/modulo-nodemcu-v3-lua-wifi-esp8266\/#primaryimage"},"image":{"@id":"https:\/\/www.electronicajnc.com\/web\/producto\/modulo-nodemcu-v3-lua-wifi-esp8266\/#primaryimage"},"thumbnailUrl":"https:\/\/www.electronicajnc.com\/web\/wp-content\/uploads\/2023\/07\/8266-NODE.jpg","datePublished":"2023-07-03T22:56:56+00:00","dateModified":"2023-07-03T22:56:57+00:00","description":"M\u00f3dulo NodeMcu V3 Lua WiFi ESP8266 ofrece una soluci\u00f3n completa y aut\u00f3noma de redes Wi-Fi, sirve como puente entre Internet y un microcontrolador)","breadcrumb":{"@id":"https:\/\/www.electronicajnc.com\/web\/producto\/modulo-nodemcu-v3-lua-wifi-esp8266\/#breadcrumb"},"inLanguage":"es","potentialAction":[{"@type":"ReadAction","target":["https:\/\/www.electronicajnc.com\/web\/producto\/modulo-nodemcu-v3-lua-wifi-esp8266\/"]}]},{"@type":"ImageObject","inLanguage":"es","@id":"https:\/\/www.electronicajnc.com\/web\/producto\/modulo-nodemcu-v3-lua-wifi-esp8266\/#primaryimage","url":"https:\/\/www.electronicajnc.com\/web\/wp-content\/uploads\/2023\/07\/8266-NODE.jpg","contentUrl":"https:\/\/www.electronicajnc.com\/web\/wp-content\/uploads\/2023\/07\/8266-NODE.jpg","width":875,"height":807,"caption":"M\u00f3dulo Esp8266 Ch340 Nodemcu V3 Lua Wifi Desarrollo Iot"},{"@type":"BreadcrumbList","@id":"https:\/\/www.electronicajnc.com\/web\/producto\/modulo-nodemcu-v3-lua-wifi-esp8266\/#breadcrumb","itemListElement":[{"@type":"ListItem","position":1,"name":"Portada","item":"https:\/\/www.electronicajnc.com\/web\/"},{"@type":"ListItem","position":2,"name":"TIENDA","item":"https:\/\/www.electronicajnc.com\/web\/tienda\/"},{"@type":"ListItem","position":3,"name":"M\u00f3dulo NodeMcu V3 Lua WiFi ESP8266"}]},{"@type":"WebSite","@id":"https:\/\/www.electronicajnc.com\/web\/#website","url":"https:\/\/www.electronicajnc.com\/web\/","name":"Electronica JNC","description":"Robotica Tecnologia Mecatronica en Ecuador","publisher":{"@id":"https:\/\/www.electronicajnc.com\/web\/#organization"},"potentialAction":[{"@type":"SearchAction","target":{"@type":"EntryPoint","urlTemplate":"https:\/\/www.electronicajnc.com\/web\/?s={search_term_string}"},"query-input":{"@type":"PropertyValueSpecification","valueRequired":true,"valueName":"search_term_string"}}],"inLanguage":"es"},{"@type":"Organization","@id":"https:\/\/www.electronicajnc.com\/web\/#organization","name":"Electronica JNC","url":"https:\/\/www.electronicajnc.com\/web\/","logo":{"@type":"ImageObject","inLanguage":"es","@id":"https:\/\/www.electronicajnc.com\/web\/#\/schema\/logo\/image\/","url":"https:\/\/www.electronicajnc.com\/web\/wp-content\/uploads\/2023\/06\/nuevo-logo.jpg","contentUrl":"https:\/\/www.electronicajnc.com\/web\/wp-content\/uploads\/2023\/06\/nuevo-logo.jpg","width":1256,"height":612,"caption":"Electronica JNC"},"image":{"@id":"https:\/\/www.electronicajnc.com\/web\/#\/schema\/logo\/image\/"}}]}},"_links":{"self":[{"href":"https:\/\/www.electronicajnc.com\/web\/wp-json\/wp\/v2\/product\/706","targetHints":{"allow":["GET"]}}],"collection":[{"href":"https:\/\/www.electronicajnc.com\/web\/wp-json\/wp\/v2\/product"}],"about":[{"href":"https:\/\/www.electronicajnc.com\/web\/wp-json\/wp\/v2\/types\/product"}],"replies":[{"embeddable":true,"href":"https:\/\/www.electronicajnc.com\/web\/wp-json\/wp\/v2\/comments?post=706"}],"wp:featuredmedia":[{"embeddable":true,"href":"https:\/\/www.electronicajnc.com\/web\/wp-json\/wp\/v2\/media\/707"}],"wp:attachment":[{"href":"https:\/\/www.electronicajnc.com\/web\/wp-json\/wp\/v2\/media?parent=706"}],"wp:term":[{"taxonomy":"product_brand","embeddable":true,"href":"https:\/\/www.electronicajnc.com\/web\/wp-json\/wp\/v2\/product_brand?post=706"},{"taxonomy":"product_cat","embeddable":true,"href":"https:\/\/www.electronicajnc.com\/web\/wp-json\/wp\/v2\/product_cat?post=706"},{"taxonomy":"product_tag","embeddable":true,"href":"https:\/\/www.electronicajnc.com\/web\/wp-json\/wp\/v2\/product_tag?post=706"}],"curies":[{"name":"wp","href":"https:\/\/api.w.org\/{rel}","templated":true}]}}