{"id":710,"date":"2023-07-03T23:47:30","date_gmt":"2023-07-03T23:47:30","guid":{"rendered":"https:\/\/www.electronicajnc.com\/web\/?post_type=product&#038;p=710"},"modified":"2023-07-21T00:27:16","modified_gmt":"2023-07-21T00:27:16","slug":"ds18b20-wp-sensor-de-temperatura","status":"publish","type":"product","link":"https:\/\/www.electronicajnc.com\/web\/producto\/ds18b20-wp-sensor-de-temperatura\/","title":{"rendered":"Ds 18B20 WP sensor de temperatura"},"content":{"rendered":"<p class=\"h1\">Ds 18B20 WP sensor de temperatura\u00a0es un sensor digital de temperatura con una longitud de cable de 1 metro. Se puede leer usando el protocolo 1-Wire. No requiere componentes externos y su rango de medici\u00f3n es de \u201355\u00b0C a 125\u00b0C en incrementos de 0.5 \u00b0C. La temperatura se lee como un valor binario de 9 bits y su tiempo de respuesta t\u00edpico es de 200mS.<\/p>\n<p><img decoding=\"async\" class=\"aligncenter\" src=\"https:\/\/media.naylampmechatronics.com\/759-superlarge_default\/sensor-de-temperatura-digital-ds18b20.jpg\" alt=\"Sensor de Temperatura Digital DS18B20\" width=\"220\" height=\"220\" \/><\/p>\n<p>El sensor digital de Temperatura\u00a0<strong>DS18B20<\/strong>\u00a0de MAXIM a prueba de agua. De f\u00e1cil uso con microcontroladores como Arduino, PIC, ESP8266\/ESP32. El sensor incluye internamente toda la electr\u00f3nica necesaria: sensado, acondicionamiento, conversi\u00f3n anal\u00f3gica a digital e interfaz digital. Permite conocer la temperatura utilizando solo 1 cable para datos (1-Wire). Permite utilizar simult\u00e1neamente varios sensores en el mismo bus ya que cada sensor tiene un identificador \u00fanico de f\u00e1brica.<\/p>\n<p>Entre sus aplicaciones m\u00e1s comunes est\u00e1 el sensado de temperatura en ambientes\u00a0de edificios, aire acondicionado, maquinaria, control y monitoreo de procesos industriales, etc.<\/p>\n<div class=\"product-price h5 \">\n<h1 class=\"h1\">Ds 18B20 WP sensor de temperatura<\/h1>\n<ul>\n<li>Voltaje de operaci\u00f3n: 3.0V \u2013 5.5V DC<\/li>\n<li>Rango de medici\u00f3n: -55\u2103 hasta +125\u2103 (-67\u00b0F\u00a0a +257\u00b0F)<\/li>\n<li>Precisi\u00f3n en el rango de -10\u00b0C hasta +85\u00b0C: \u00b10.5\u00b0C.<\/li>\n<li>Resoluci\u00f3n ADC seleccionable de 9-12 bits<\/li>\n<li>Cables: Rojo (+VCC), Blanco (DATA 1-Wire), Negro (GND)<\/li>\n<li>Protocolo 1-Wire, solo necesita 1 pin para comunicarse<\/li>\n<li>Identificaci\u00f3n \u00fanica de 64 bits<\/li>\n<li>Cubierta de acero inoxidable de alta calidad, previene\u00a0la oxidaci\u00f3n de la sonda<\/li>\n<li>Sonda a prueba de agua<\/li>\n<li>Longitud de cable: 1m<\/li>\n<li>Dimensiones sonda: D5mm*L50mm<\/li>\n<li>Peso: 23 gramos<\/li>\n<\/ul>\n<p><strong style=\"font-size: 16px;\">\u00bfD\u00f3nde conseguir ?<\/strong><\/p>\n<div class=\"product-prices js-product-prices\">\n<div class=\"product-price h5 \">\n<p>Puedes conseguir este producto y mucho mas en nuestra tienda de electr\u00f3nica \u201cElectr\u00f3nica JNC\u201d a un excelente precio, de igual manera puedes preguntar por otros productos que tenemos para ti y as\u00ed adquirirlos seg\u00fan tu necesidad para\u00a0 tus proyectos.<\/p>\n<p>Adem\u00e1s de vender realizamos todo tipo de proyectos de Rob\u00f3tica Electr\u00f3nica y de Programaci\u00f3n en Arduino-Raspberry, brindamos asesoramiento en la elaboraci\u00f3n de proyectos y personalizamos sus clases cuando deseas armar un robot.<\/p>\n<p><strong>\u00a1\u00a1\u00a1\u00a1 PREGUNTANOS!!!!<\/strong><\/p>\n<p>Puede retirar sus pedidos en nuestra\u00a0<a href=\"https:\/\/www.electronicajnc.com\/web\/contactos\" target=\"_blank\" rel=\"noopener\">TIENDA F\u00cdSICA<\/a>\u00a0o realizar sus pedidos\u00a0<a href=\"https:\/\/www.electronicajnc.com\/web\/mi-cuenta\" target=\"_blank\" rel=\"noopener\">ONLINE<\/a>\u00a0o por\u00a0<a href=\"https:\/\/api.whatsapp.com\/send?phone=593958753126\" target=\"_blank\" rel=\"noopener\">WHATSAPP<\/a>.<\/p>\n<\/div>\n<\/div>\n<\/div>\n","protected":false},"excerpt":{"rendered":"<p>El sensor digital de Temperatura\u00a0<strong>DS18B20<\/strong>\u00a0de MAXIM a prueba de agua. De f\u00e1cil uso con microcontroladores como Arduino, PIC, ESP8266\/ESP32. El sensor incluye internamente toda la electr\u00f3nica necesaria: sensado, acondicionamiento, conversi\u00f3n anal\u00f3gica a digital e interfaz digital. Permite conocer la temperatura utilizando solo 1 cable para datos (1-Wire). Permite utilizar simult\u00e1neamente varios sensores en el mismo bus ya que cada sensor tiene un identificador \u00fanico de f\u00e1brica.<\/p>\n","protected":false},"featured_media":711,"comment_status":"closed","ping_status":"closed","template":"","meta":{"saved_in_kubio":false,"_joinchat":[]},"product_brand":[],"product_cat":[21],"product_tag":[196,550,551,231,72,442,549],"class_list":{"0":"post-710","1":"product","2":"type-product","3":"status-publish","4":"has-post-thumbnail","6":"product_cat-modulos_sensores","7":"product_tag-arduino","8":"product_tag-ds18b20","9":"product_tag-liquido","10":"product_tag-sensor","11":"product_tag-sensores","12":"product_tag-temperatura","13":"product_tag-temperatura-etiquetas-agua","15":"first","16":"instock","17":"taxable","18":"shipping-taxable","19":"purchasable","20":"product-type-simple"},"yoast_head":"<!-- This site is optimized with the Yoast SEO plugin v27.4 - https:\/\/yoast.com\/product\/yoast-seo-wordpress\/ -->\n<title>Ds 18B20 WP sensor de temperatura - Electronica JNC<\/title>\n<meta name=\"description\" content=\"Ds18B20 WP sensor de temperatura sus aplicaciones est\u00e1 el censado de temperatura en ambientes de edificios, aire acondicionado, maquinaria, control entre ..\" \/>\n<meta name=\"robots\" content=\"index, follow, max-snippet:-1, max-image-preview:large, max-video-preview:-1\" \/>\n<link rel=\"canonical\" href=\"https:\/\/www.electronicajnc.com\/web\/producto\/ds18b20-wp-sensor-de-temperatura\/\" \/>\n<meta property=\"og:locale\" content=\"es_ES\" \/>\n<meta property=\"og:type\" content=\"article\" \/>\n<meta property=\"og:title\" content=\"Ds 18B20 WP sensor de temperatura - Electronica JNC\" \/>\n<meta property=\"og:description\" content=\"Ds18B20 WP sensor de temperatura sus aplicaciones est\u00e1 el censado de temperatura en ambientes de edificios, aire acondicionado, maquinaria, control entre ..\" \/>\n<meta property=\"og:url\" content=\"https:\/\/www.electronicajnc.com\/web\/producto\/ds18b20-wp-sensor-de-temperatura\/\" \/>\n<meta property=\"og:site_name\" content=\"Electronica JNC\" \/>\n<meta property=\"article:modified_time\" content=\"2023-07-21T00:27:16+00:00\" \/>\n<meta property=\"og:image\" content=\"https:\/\/www.electronicajnc.com\/web\/wp-content\/uploads\/2023\/07\/sonda-18B20.jpg\" \/>\n\t<meta property=\"og:image:width\" content=\"875\" \/>\n\t<meta property=\"og:image:height\" content=\"807\" \/>\n\t<meta property=\"og:image:type\" content=\"image\/jpeg\" \/>\n<meta name=\"twitter:card\" content=\"summary_large_image\" \/>\n<meta name=\"twitter:label1\" content=\"Tiempo de lectura\" \/>\n\t<meta name=\"twitter:data1\" content=\"2 minutos\" \/>\n<script type=\"application\/ld+json\" class=\"yoast-schema-graph\">{\"@context\":\"https:\\\/\\\/schema.org\",\"@graph\":[{\"@type\":\"WebPage\",\"@id\":\"https:\\\/\\\/www.electronicajnc.com\\\/web\\\/producto\\\/ds18b20-wp-sensor-de-temperatura\\\/\",\"url\":\"https:\\\/\\\/www.electronicajnc.com\\\/web\\\/producto\\\/ds18b20-wp-sensor-de-temperatura\\\/\",\"name\":\"Ds 18B20 WP sensor de temperatura - Electronica JNC\",\"isPartOf\":{\"@id\":\"https:\\\/\\\/www.electronicajnc.com\\\/web\\\/#website\"},\"primaryImageOfPage\":{\"@id\":\"https:\\\/\\\/www.electronicajnc.com\\\/web\\\/producto\\\/ds18b20-wp-sensor-de-temperatura\\\/#primaryimage\"},\"image\":{\"@id\":\"https:\\\/\\\/www.electronicajnc.com\\\/web\\\/producto\\\/ds18b20-wp-sensor-de-temperatura\\\/#primaryimage\"},\"thumbnailUrl\":\"https:\\\/\\\/www.electronicajnc.com\\\/web\\\/wp-content\\\/uploads\\\/2023\\\/07\\\/sonda-18B20.jpg\",\"datePublished\":\"2023-07-03T23:47:30+00:00\",\"dateModified\":\"2023-07-21T00:27:16+00:00\",\"description\":\"Ds18B20 WP sensor de temperatura sus aplicaciones est\u00e1 el censado de temperatura en ambientes de edificios, aire acondicionado, maquinaria, control entre ..\",\"breadcrumb\":{\"@id\":\"https:\\\/\\\/www.electronicajnc.com\\\/web\\\/producto\\\/ds18b20-wp-sensor-de-temperatura\\\/#breadcrumb\"},\"inLanguage\":\"es\",\"potentialAction\":[{\"@type\":\"ReadAction\",\"target\":[\"https:\\\/\\\/www.electronicajnc.com\\\/web\\\/producto\\\/ds18b20-wp-sensor-de-temperatura\\\/\"]}]},{\"@type\":\"ImageObject\",\"inLanguage\":\"es\",\"@id\":\"https:\\\/\\\/www.electronicajnc.com\\\/web\\\/producto\\\/ds18b20-wp-sensor-de-temperatura\\\/#primaryimage\",\"url\":\"https:\\\/\\\/www.electronicajnc.com\\\/web\\\/wp-content\\\/uploads\\\/2023\\\/07\\\/sonda-18B20.jpg\",\"contentUrl\":\"https:\\\/\\\/www.electronicajnc.com\\\/web\\\/wp-content\\\/uploads\\\/2023\\\/07\\\/sonda-18B20.jpg\",\"width\":875,\"height\":807,\"caption\":\"SENSOR DE TEMPERATURA DS18B20 SONDA A PRUEBA DE AGUA INOXIDABLE\"},{\"@type\":\"BreadcrumbList\",\"@id\":\"https:\\\/\\\/www.electronicajnc.com\\\/web\\\/producto\\\/ds18b20-wp-sensor-de-temperatura\\\/#breadcrumb\",\"itemListElement\":[{\"@type\":\"ListItem\",\"position\":1,\"name\":\"Portada\",\"item\":\"https:\\\/\\\/www.electronicajnc.com\\\/web\\\/\"},{\"@type\":\"ListItem\",\"position\":2,\"name\":\"TIENDA\",\"item\":\"https:\\\/\\\/www.electronicajnc.com\\\/web\\\/tienda\\\/\"},{\"@type\":\"ListItem\",\"position\":3,\"name\":\"Ds 18B20 WP sensor de temperatura\"}]},{\"@type\":\"WebSite\",\"@id\":\"https:\\\/\\\/www.electronicajnc.com\\\/web\\\/#website\",\"url\":\"https:\\\/\\\/www.electronicajnc.com\\\/web\\\/\",\"name\":\"Electronica JNC\",\"description\":\"Robotica Tecnologia Mecatronica en Ecuador\",\"publisher\":{\"@id\":\"https:\\\/\\\/www.electronicajnc.com\\\/web\\\/#organization\"},\"potentialAction\":[{\"@type\":\"SearchAction\",\"target\":{\"@type\":\"EntryPoint\",\"urlTemplate\":\"https:\\\/\\\/www.electronicajnc.com\\\/web\\\/?s={search_term_string}\"},\"query-input\":{\"@type\":\"PropertyValueSpecification\",\"valueRequired\":true,\"valueName\":\"search_term_string\"}}],\"inLanguage\":\"es\"},{\"@type\":\"Organization\",\"@id\":\"https:\\\/\\\/www.electronicajnc.com\\\/web\\\/#organization\",\"name\":\"Electronica JNC\",\"url\":\"https:\\\/\\\/www.electronicajnc.com\\\/web\\\/\",\"logo\":{\"@type\":\"ImageObject\",\"inLanguage\":\"es\",\"@id\":\"https:\\\/\\\/www.electronicajnc.com\\\/web\\\/#\\\/schema\\\/logo\\\/image\\\/\",\"url\":\"https:\\\/\\\/www.electronicajnc.com\\\/web\\\/wp-content\\\/uploads\\\/2023\\\/06\\\/nuevo-logo.jpg\",\"contentUrl\":\"https:\\\/\\\/www.electronicajnc.com\\\/web\\\/wp-content\\\/uploads\\\/2023\\\/06\\\/nuevo-logo.jpg\",\"width\":1256,\"height\":612,\"caption\":\"Electronica JNC\"},\"image\":{\"@id\":\"https:\\\/\\\/www.electronicajnc.com\\\/web\\\/#\\\/schema\\\/logo\\\/image\\\/\"}}]}<\/script>\n<!-- \/ Yoast SEO plugin. -->","yoast_head_json":{"title":"Ds 18B20 WP sensor de temperatura - Electronica JNC","description":"Ds18B20 WP sensor de temperatura sus aplicaciones est\u00e1 el censado de temperatura en ambientes de edificios, aire acondicionado, maquinaria, control entre ..","robots":{"index":"index","follow":"follow","max-snippet":"max-snippet:-1","max-image-preview":"max-image-preview:large","max-video-preview":"max-video-preview:-1"},"canonical":"https:\/\/www.electronicajnc.com\/web\/producto\/ds18b20-wp-sensor-de-temperatura\/","og_locale":"es_ES","og_type":"article","og_title":"Ds 18B20 WP sensor de temperatura - Electronica JNC","og_description":"Ds18B20 WP sensor de temperatura sus aplicaciones est\u00e1 el censado de temperatura en ambientes de edificios, aire acondicionado, maquinaria, control entre ..","og_url":"https:\/\/www.electronicajnc.com\/web\/producto\/ds18b20-wp-sensor-de-temperatura\/","og_site_name":"Electronica JNC","article_modified_time":"2023-07-21T00:27:16+00:00","og_image":[{"width":875,"height":807,"url":"https:\/\/www.electronicajnc.com\/web\/wp-content\/uploads\/2023\/07\/sonda-18B20.jpg","type":"image\/jpeg"}],"twitter_card":"summary_large_image","twitter_misc":{"Tiempo de lectura":"2 minutos"},"schema":{"@context":"https:\/\/schema.org","@graph":[{"@type":"WebPage","@id":"https:\/\/www.electronicajnc.com\/web\/producto\/ds18b20-wp-sensor-de-temperatura\/","url":"https:\/\/www.electronicajnc.com\/web\/producto\/ds18b20-wp-sensor-de-temperatura\/","name":"Ds 18B20 WP sensor de temperatura - Electronica JNC","isPartOf":{"@id":"https:\/\/www.electronicajnc.com\/web\/#website"},"primaryImageOfPage":{"@id":"https:\/\/www.electronicajnc.com\/web\/producto\/ds18b20-wp-sensor-de-temperatura\/#primaryimage"},"image":{"@id":"https:\/\/www.electronicajnc.com\/web\/producto\/ds18b20-wp-sensor-de-temperatura\/#primaryimage"},"thumbnailUrl":"https:\/\/www.electronicajnc.com\/web\/wp-content\/uploads\/2023\/07\/sonda-18B20.jpg","datePublished":"2023-07-03T23:47:30+00:00","dateModified":"2023-07-21T00:27:16+00:00","description":"Ds18B20 WP sensor de temperatura sus aplicaciones est\u00e1 el censado de temperatura en ambientes de edificios, aire acondicionado, maquinaria, control entre ..","breadcrumb":{"@id":"https:\/\/www.electronicajnc.com\/web\/producto\/ds18b20-wp-sensor-de-temperatura\/#breadcrumb"},"inLanguage":"es","potentialAction":[{"@type":"ReadAction","target":["https:\/\/www.electronicajnc.com\/web\/producto\/ds18b20-wp-sensor-de-temperatura\/"]}]},{"@type":"ImageObject","inLanguage":"es","@id":"https:\/\/www.electronicajnc.com\/web\/producto\/ds18b20-wp-sensor-de-temperatura\/#primaryimage","url":"https:\/\/www.electronicajnc.com\/web\/wp-content\/uploads\/2023\/07\/sonda-18B20.jpg","contentUrl":"https:\/\/www.electronicajnc.com\/web\/wp-content\/uploads\/2023\/07\/sonda-18B20.jpg","width":875,"height":807,"caption":"SENSOR DE TEMPERATURA DS18B20 SONDA A PRUEBA DE AGUA INOXIDABLE"},{"@type":"BreadcrumbList","@id":"https:\/\/www.electronicajnc.com\/web\/producto\/ds18b20-wp-sensor-de-temperatura\/#breadcrumb","itemListElement":[{"@type":"ListItem","position":1,"name":"Portada","item":"https:\/\/www.electronicajnc.com\/web\/"},{"@type":"ListItem","position":2,"name":"TIENDA","item":"https:\/\/www.electronicajnc.com\/web\/tienda\/"},{"@type":"ListItem","position":3,"name":"Ds 18B20 WP sensor de temperatura"}]},{"@type":"WebSite","@id":"https:\/\/www.electronicajnc.com\/web\/#website","url":"https:\/\/www.electronicajnc.com\/web\/","name":"Electronica JNC","description":"Robotica Tecnologia Mecatronica en Ecuador","publisher":{"@id":"https:\/\/www.electronicajnc.com\/web\/#organization"},"potentialAction":[{"@type":"SearchAction","target":{"@type":"EntryPoint","urlTemplate":"https:\/\/www.electronicajnc.com\/web\/?s={search_term_string}"},"query-input":{"@type":"PropertyValueSpecification","valueRequired":true,"valueName":"search_term_string"}}],"inLanguage":"es"},{"@type":"Organization","@id":"https:\/\/www.electronicajnc.com\/web\/#organization","name":"Electronica JNC","url":"https:\/\/www.electronicajnc.com\/web\/","logo":{"@type":"ImageObject","inLanguage":"es","@id":"https:\/\/www.electronicajnc.com\/web\/#\/schema\/logo\/image\/","url":"https:\/\/www.electronicajnc.com\/web\/wp-content\/uploads\/2023\/06\/nuevo-logo.jpg","contentUrl":"https:\/\/www.electronicajnc.com\/web\/wp-content\/uploads\/2023\/06\/nuevo-logo.jpg","width":1256,"height":612,"caption":"Electronica JNC"},"image":{"@id":"https:\/\/www.electronicajnc.com\/web\/#\/schema\/logo\/image\/"}}]}},"_links":{"self":[{"href":"https:\/\/www.electronicajnc.com\/web\/wp-json\/wp\/v2\/product\/710","targetHints":{"allow":["GET"]}}],"collection":[{"href":"https:\/\/www.electronicajnc.com\/web\/wp-json\/wp\/v2\/product"}],"about":[{"href":"https:\/\/www.electronicajnc.com\/web\/wp-json\/wp\/v2\/types\/product"}],"replies":[{"embeddable":true,"href":"https:\/\/www.electronicajnc.com\/web\/wp-json\/wp\/v2\/comments?post=710"}],"wp:featuredmedia":[{"embeddable":true,"href":"https:\/\/www.electronicajnc.com\/web\/wp-json\/wp\/v2\/media\/711"}],"wp:attachment":[{"href":"https:\/\/www.electronicajnc.com\/web\/wp-json\/wp\/v2\/media?parent=710"}],"wp:term":[{"taxonomy":"product_brand","embeddable":true,"href":"https:\/\/www.electronicajnc.com\/web\/wp-json\/wp\/v2\/product_brand?post=710"},{"taxonomy":"product_cat","embeddable":true,"href":"https:\/\/www.electronicajnc.com\/web\/wp-json\/wp\/v2\/product_cat?post=710"},{"taxonomy":"product_tag","embeddable":true,"href":"https:\/\/www.electronicajnc.com\/web\/wp-json\/wp\/v2\/product_tag?post=710"}],"curies":[{"name":"wp","href":"https:\/\/api.w.org\/{rel}","templated":true}]}}