{"id":715,"date":"2023-07-04T16:25:20","date_gmt":"2023-07-04T16:25:20","guid":{"rendered":"https:\/\/www.electronicajnc.com\/web\/?post_type=product&#038;p=715"},"modified":"2023-11-23T13:45:39","modified_gmt":"2023-11-23T13:45:39","slug":"kit-control-remoto-infrarrojo-hx1838-receptor","status":"publish","type":"product","link":"https:\/\/www.electronicajnc.com\/web\/producto\/kit-control-remoto-infrarrojo-hx1838-receptor\/","title":{"rendered":"Kit control remoto Infrarrojo HX1838 + Receptor"},"content":{"rendered":"<p class=\"product_title entry-title\">Kit control remoto Infrarrojo HX1838 + Receptor<\/p>\n<p><img fetchpriority=\"high\" decoding=\"async\" class=\"aligncenter\" src=\"https:\/\/proveedoracano.com\/blog\/imagenes\/art-369_decodificador-ir\/diagrama-decodificador.jpg\" alt=\"Decodificar Control remoto con Arduino y encender un LED \u2013 Cano electr\u00f3nica\" width=\"479\" height=\"241\" \/><\/p>\n<div>\n<div class=\"dnXCYb\" role=\"button\" data-hveid=\"CDkQAQ\">\n<h1><strong>\u00bfQu\u00e9 es un sensor infrarrojo y c\u00f3mo funciona?<\/strong><\/h1>\n<\/div>\n<\/div>\n<div id=\"_As49ZO_dFJuSwbkPkNy60Ag_51\" class=\"bCOlv\" data-ved=\"2ahUKEwjv5syFgbL-AhUbSTABHRCuDooQ7NUEegQIORAE\">\n<div class=\"IZE3Td\">\n<div class=\"t0bRye r2fjmd\" data-hveid=\"CDkQBQ\" data-ved=\"2ahUKEwjv5syFgbL-AhUbSTABHRCuDooQu04oAHoECDkQBQ\">\n<div id=\"As49ZO_dFJuSwbkPkNy60Ag__37\">\n<div class=\"wDYxhc NFQFxe oHglmf xzPb7d\" data-md=\"32\" data-hveid=\"CC8QAA\" data-ved=\"2ahUKEwjv5syFgbL-AhUbSTABHRCuDooQ4dMGegQILxAA\">\n<div id=\"media_result_group\" class=\"kno-mrg-si kno-mrg kno-swp\" data-hveid=\"CC8QAQ\">\n<div class=\"kno-fiu kno-liu\">\n<div data-count=\"1\" data-hveid=\"CCQQAA\">\n<div>\n<div class=\"RYdNQb\" data-h=\"130\" data-nr=\"1\" data-ved=\"2ahUKEwjv5syFgbL-AhUbSTABHRCuDooQyQ0oAHoECCQQAg\">\n<div class=\"eA0Zlc WghbWd ivg-i PZPZlf img-kc-m GMCzAd\" aria-hidden=\"true\" data-attrid=\"image\" data-docid=\"3-TwC9JXHT_hhM\" data-lpage=\"https:\/\/www.edsrobotics.com\/blog\/detector-infrarrojo-que-es-funcionamiento-aplicaciones\/\" data-ni=\"1\" data-ref-docid=\"Q7vLPwfM3LJS-M\" data-vc=\"1\" data-hveid=\"CCgQAA\" data-ved=\"2ahUKEwjv5syFgbL-AhUbSTABHRCuDooQzkx6BAgoEAA\">\n<div><\/div>\n<\/div>\n<\/div>\n<\/div>\n<\/div>\n<\/div>\n<\/div>\n<\/div>\n<\/div>\n<div id=\"As49ZO_dFJuSwbkPkNy60Ag__40\">\n<div class=\"wDYxhc\" data-md=\"61\">\n<div class=\"LGOjhe\" role=\"heading\" data-attrid=\"wa:\/description\" data-hveid=\"CD8QAA\"><span class=\"ILfuVd\" lang=\"es\"><span class=\"hgKElc\">\u00a0Todos los cuerpos emiten cierta cantidad de radiaci\u00f3n invisible al ojo humano. Un detector infrarrojo <b>es un dispositivo opto-el\u00e9ctrico que puede captar y medir la radiaci\u00f3n electromagn\u00e9tica infrarroja dentro de un \u00e1rea de visi\u00f3n en espec\u00edfico<\/b>.<\/span><\/span><\/div>\n<div role=\"heading\" data-attrid=\"wa:\/description\" data-hveid=\"CD8QAA\"><\/div>\n<\/div>\n<\/div>\n<\/div>\n<\/div>\n<\/div>\n<p>El control remoto tiene 21 teclas de funci\u00f3n, el cual puede enviar se\u00f1ales a una distancia de hasta 8 metros, ideal para el manejo de una variedad de equipos en una habitaci\u00f3n.<\/p>\n<p>El m\u00f3dulo receptor IR puede recibir se\u00f1ales de modulaci\u00f3n a 38 KHZ est\u00e1ndar, la operaci\u00f3n de decodificaci\u00f3n de la se\u00f1al del mando a distancia se puede realizar a trav\u00e9s de la programaci\u00f3n de un Microcontrolador, Raspberry Pi o Arduino.<\/p>\n<p>Un control remoto infrarrojo (IR)\u00a0<b>env\u00eda se\u00f1ales de luz infrarroja<\/b>. Una luz infrarroja no puede verse a simple vista, pero puede ser visible con el uso<\/p>\n<h2><strong>\u00bfC\u00f3mo funcionan los detectores infrarrojos?<\/strong><\/h2>\n<p>Los detectores infrarrojos poseen componentes piroel\u00e9ctricos sensibles a las variaciones de radiaci\u00f3n en un campo determinado, as\u00ed como c\u00e9lulas que filtran las posibles se\u00f1ales contaminantes como la radiaci\u00f3n solar.<\/p>\n<p>Una vez que las se\u00f1ales infrarrojas pasan a trav\u00e9s del fototransistor, el dispositivo hace uso de su configuraci\u00f3n interna para disparar, o no, se\u00f1ales de alarma.<\/p>\n<h1 class=\"product_title entry-title\">Kit control remoto Infrarrojo HX1838 + Receptor<\/h1>\n<p><strong>Caracter\u00edstica y Especificaciones<\/strong><\/p>\n<p>Bater\u00eda: pila de bot\u00f3n CR2025 (NO incluida)<br \/>\nDistancia de transmisi\u00f3n: hasta 8 m (dependiendo del entorno, la sensibilidad del receptor, etc.)<br \/>\n\u00c1ngulo efectivo: 60\u00b0<br \/>\nCorriente est\u00e1tica: 3 ~ 5uA,<br \/>\nCorriente din\u00e1mica: 3 ~ 5mA<br \/>\nVoltaje de suministro: 2.7V &#8211; 5.5V<br \/>\nTama\u00f1o del remoto: 86x40x6.5mm (LxWxH)<\/p>\n<div class=\"product-prices js-product-prices\">\n<div class=\"product-price h5 \">\n<div>\n<h2><b>\u00bfD\u00f3nde<\/b><strong>\u00a0conseguir ?<\/strong><\/h2>\n<\/div>\n<p>Puedes conseguir este producto y mucho mas en nuestra tienda de electr\u00f3nica \u201cElectr\u00f3nica JNC\u201d a un excelente precio, de igual manera puedes preguntar por otros productos que tenemos para ti y as\u00ed adquirirlos seg\u00fan tu necesidad para\u00a0 tus proyectos.<\/p>\n<p>Adem\u00e1s de vender realizamos todo tipo de proyectos de Rob\u00f3tica Electr\u00f3nica y de Programaci\u00f3n en Arduino-Raspberry, brindamos asesoramiento en la elaboraci\u00f3n de proyectos y personalizamos sus clases cuando deseas armar un robot.<\/p>\n<p>Somos importadores Directos de todo en Electr\u00f3nica y Rob\u00f3tica directamente desde los fabricantes, a los mejores precios del mercado.<\/p>\n<div class=\"x11i5rnm xat24cr x1mh8g0r x1vvkbs xtlvy1s x126k92a\">\n<div dir=\"auto\">SERVICIO PERSONALIZADO, APOYO TEORICO Y VENTA DE MATERIAL<\/div>\n<\/div>\n<div class=\"x11i5rnm xat24cr x1mh8g0r x1vvkbs xtlvy1s x126k92a\">\n<div dir=\"auto\">COTIZA CON NOSOTROS<\/div>\n<div dir=\"auto\">SERVICIO, EXPERIENCIA, CALIDAD Y CONFIANZA<\/div>\n<div dir=\"auto\">\u00abTodo lo que buscas en un solo lugar\u00bb<\/div>\n<\/div>\n<div dir=\"auto\"><\/div>\n<p><img decoding=\"async\" class=\"aligncenter\" src=\"https:\/\/images.ua.prom.st\/1494267654_1494267654.jpg?PImaGE_ID=1494267654\" \/><\/p>\n<p style=\"text-align: center;\">Realizar un pedido en la web o por \u00a0<a href=\"https:\/\/api.whatsapp.com\/send?phone=593958753126\" target=\"_blank\" rel=\"noopener\">WHATSAPP<\/a>.<\/p>\n<p><img decoding=\"async\" class=\"aligncenter\" src=\"https:\/\/images.ua.prom.st\/1494267867_1494267867.jpg?PImaGE_ID=1494267867\" \/><\/p>\n<p style=\"text-align: center;\">Consulta con un asesor\u00a0 todas tus inquietudes.<\/p>\n<p><img decoding=\"async\" class=\"aligncenter\" src=\"https:\/\/images.ua.prom.st\/1494266627_1494266627.jpg?PImaGE_ID=1494266627\" \/><\/p>\n<p style=\"text-align: center;\">Pregunta las formas de pago.<\/p>\n<p><img decoding=\"async\" class=\"aligncenter\" src=\"https:\/\/images.ua.prom.st\/1494267985_1494267985.jpg?PImaGE_ID=1494267985\" \/><\/p>\n<p style=\"text-align: center;\">Tu pedido llega a la puerta de tu casa.<\/p>\n<p>&nbsp;<\/p>\n<p><strong>\u00a1\u00a1 PREG\u00daNTANOS Sin compromiso !!!!<\/strong><\/p>\n<p>Puede retirar sus pedidos en nuestra\u00a0<a href=\"https:\/\/www.electronicajnc.com\/web\/contactos\" target=\"_blank\" rel=\"noopener\">TIENDA F\u00cdSICA<\/a>\u00a0o realizar sus pedidos\u00a0<a href=\"https:\/\/www.electronicajnc.com\/web\/mi-cuenta\" target=\"_blank\" rel=\"noopener\">ONLINE<\/a>\u00a0o por\u00a0<a href=\"https:\/\/api.whatsapp.com\/send?phone=593958753126\" target=\"_blank\" rel=\"noopener\">WHATSAPP<\/a>.<\/p>\n<\/div>\n<\/div>\n<p>&nbsp;<\/p>\n","protected":false},"excerpt":{"rendered":"<p>Control Remoto IR y M\u00f3dulo Receptor TSOP 38KHz de prueba de unos 5-8 metros, pero la aplicaci\u00f3n pr\u00e1ctica depende de los factores ambientales que utiliza, as\u00ed como la barrera del medio (como el diafragma, vidrio, obstrucciones u otro material de bloqueo), receptor hx1838 con el trabajo de potencia que reciben 38k frecuencia de los datos de codificaci\u00f3n remotas.<\/p>\n","protected":false},"featured_media":717,"comment_status":"closed","ping_status":"closed","template":"","meta":{"saved_in_kubio":false,"_joinchat":[]},"product_brand":[],"product_cat":[21],"product_tag":[196,274,554,275,276,456,277,278,279,32,280,553,552],"class_list":{"0":"post-715","1":"product","2":"type-product","3":"status-publish","4":"has-post-thumbnail","6":"product_cat-modulos_sensores","7":"product_tag-arduino","8":"product_tag-control","9":"product_tag-control-remoto","10":"product_tag-emisor","11":"product_tag-infrarrojo","12":"product_tag-infrarrojos","13":"product_tag-ir","14":"product_tag-kit","15":"product_tag-mando","16":"product_tag-programacion","17":"product_tag-receptor","18":"product_tag-robots","19":"product_tag-sensores-etiquetas-arduino","21":"first","22":"instock","23":"taxable","24":"shipping-taxable","25":"purchasable","26":"product-type-simple"},"yoast_head":"<!-- This site is optimized with the Yoast SEO plugin v27.4 - https:\/\/yoast.com\/product\/yoast-seo-wordpress\/ -->\n<title>Kit control remoto Infrarrojo HX1838 + Receptor - Electronica JNC<\/title>\n<meta name=\"description\" content=\"Kit control remoto Infrarrojo HX1838 + Receptor Puede decodificar la se\u00f1al con programaci\u00f3n de Arduino, dise\u00f1ar una variedad de robots de control remoto.\" \/>\n<meta name=\"robots\" content=\"index, follow, max-snippet:-1, max-image-preview:large, max-video-preview:-1\" \/>\n<link rel=\"canonical\" href=\"https:\/\/www.electronicajnc.com\/web\/producto\/kit-control-remoto-infrarrojo-hx1838-receptor\/\" \/>\n<meta property=\"og:locale\" content=\"es_ES\" \/>\n<meta property=\"og:type\" content=\"article\" \/>\n<meta property=\"og:title\" content=\"Kit control remoto Infrarrojo HX1838 + Receptor - Electronica JNC\" \/>\n<meta property=\"og:description\" content=\"Kit control remoto Infrarrojo HX1838 + Receptor Puede decodificar la se\u00f1al con programaci\u00f3n de Arduino, dise\u00f1ar una variedad de robots de control remoto.\" \/>\n<meta property=\"og:url\" content=\"https:\/\/www.electronicajnc.com\/web\/producto\/kit-control-remoto-infrarrojo-hx1838-receptor\/\" \/>\n<meta property=\"og:site_name\" content=\"Electronica JNC\" \/>\n<meta property=\"article:modified_time\" content=\"2023-11-23T13:45:39+00:00\" \/>\n<meta property=\"og:image\" content=\"https:\/\/www.electronicajnc.com\/web\/wp-content\/uploads\/2023\/07\/hx-1838.jpg\" \/>\n\t<meta property=\"og:image:width\" content=\"1028\" \/>\n\t<meta property=\"og:image:height\" content=\"1164\" \/>\n\t<meta property=\"og:image:type\" content=\"image\/jpeg\" \/>\n<meta name=\"twitter:card\" content=\"summary_large_image\" \/>\n<meta name=\"twitter:label1\" content=\"Tiempo de lectura\" \/>\n\t<meta name=\"twitter:data1\" content=\"3 minutos\" \/>\n<script type=\"application\/ld+json\" class=\"yoast-schema-graph\">{\"@context\":\"https:\\\/\\\/schema.org\",\"@graph\":[{\"@type\":\"WebPage\",\"@id\":\"https:\\\/\\\/www.electronicajnc.com\\\/web\\\/producto\\\/kit-control-remoto-infrarrojo-hx1838-receptor\\\/\",\"url\":\"https:\\\/\\\/www.electronicajnc.com\\\/web\\\/producto\\\/kit-control-remoto-infrarrojo-hx1838-receptor\\\/\",\"name\":\"Kit control remoto Infrarrojo HX1838 + Receptor - Electronica JNC\",\"isPartOf\":{\"@id\":\"https:\\\/\\\/www.electronicajnc.com\\\/web\\\/#website\"},\"primaryImageOfPage\":{\"@id\":\"https:\\\/\\\/www.electronicajnc.com\\\/web\\\/producto\\\/kit-control-remoto-infrarrojo-hx1838-receptor\\\/#primaryimage\"},\"image\":{\"@id\":\"https:\\\/\\\/www.electronicajnc.com\\\/web\\\/producto\\\/kit-control-remoto-infrarrojo-hx1838-receptor\\\/#primaryimage\"},\"thumbnailUrl\":\"https:\\\/\\\/www.electronicajnc.com\\\/web\\\/wp-content\\\/uploads\\\/2023\\\/07\\\/hx-1838.jpg\",\"datePublished\":\"2023-07-04T16:25:20+00:00\",\"dateModified\":\"2023-11-23T13:45:39+00:00\",\"description\":\"Kit control remoto Infrarrojo HX1838 + Receptor Puede decodificar la se\u00f1al con programaci\u00f3n de Arduino, dise\u00f1ar una variedad de robots de control remoto.\",\"breadcrumb\":{\"@id\":\"https:\\\/\\\/www.electronicajnc.com\\\/web\\\/producto\\\/kit-control-remoto-infrarrojo-hx1838-receptor\\\/#breadcrumb\"},\"inLanguage\":\"es\",\"potentialAction\":[{\"@type\":\"ReadAction\",\"target\":[\"https:\\\/\\\/www.electronicajnc.com\\\/web\\\/producto\\\/kit-control-remoto-infrarrojo-hx1838-receptor\\\/\"]}]},{\"@type\":\"ImageObject\",\"inLanguage\":\"es\",\"@id\":\"https:\\\/\\\/www.electronicajnc.com\\\/web\\\/producto\\\/kit-control-remoto-infrarrojo-hx1838-receptor\\\/#primaryimage\",\"url\":\"https:\\\/\\\/www.electronicajnc.com\\\/web\\\/wp-content\\\/uploads\\\/2023\\\/07\\\/hx-1838.jpg\",\"contentUrl\":\"https:\\\/\\\/www.electronicajnc.com\\\/web\\\/wp-content\\\/uploads\\\/2023\\\/07\\\/hx-1838.jpg\",\"width\":1028,\"height\":1164,\"caption\":\"KIT CONTROL REMOTO INFRARROJO HX1838 + RECEPTOR\"},{\"@type\":\"BreadcrumbList\",\"@id\":\"https:\\\/\\\/www.electronicajnc.com\\\/web\\\/producto\\\/kit-control-remoto-infrarrojo-hx1838-receptor\\\/#breadcrumb\",\"itemListElement\":[{\"@type\":\"ListItem\",\"position\":1,\"name\":\"Portada\",\"item\":\"https:\\\/\\\/www.electronicajnc.com\\\/web\\\/\"},{\"@type\":\"ListItem\",\"position\":2,\"name\":\"TIENDA\",\"item\":\"https:\\\/\\\/www.electronicajnc.com\\\/web\\\/tienda\\\/\"},{\"@type\":\"ListItem\",\"position\":3,\"name\":\"Kit control remoto Infrarrojo HX1838 + Receptor\"}]},{\"@type\":\"WebSite\",\"@id\":\"https:\\\/\\\/www.electronicajnc.com\\\/web\\\/#website\",\"url\":\"https:\\\/\\\/www.electronicajnc.com\\\/web\\\/\",\"name\":\"Electronica JNC\",\"description\":\"Robotica Tecnologia Mecatronica en Ecuador\",\"publisher\":{\"@id\":\"https:\\\/\\\/www.electronicajnc.com\\\/web\\\/#organization\"},\"potentialAction\":[{\"@type\":\"SearchAction\",\"target\":{\"@type\":\"EntryPoint\",\"urlTemplate\":\"https:\\\/\\\/www.electronicajnc.com\\\/web\\\/?s={search_term_string}\"},\"query-input\":{\"@type\":\"PropertyValueSpecification\",\"valueRequired\":true,\"valueName\":\"search_term_string\"}}],\"inLanguage\":\"es\"},{\"@type\":\"Organization\",\"@id\":\"https:\\\/\\\/www.electronicajnc.com\\\/web\\\/#organization\",\"name\":\"Electronica JNC\",\"url\":\"https:\\\/\\\/www.electronicajnc.com\\\/web\\\/\",\"logo\":{\"@type\":\"ImageObject\",\"inLanguage\":\"es\",\"@id\":\"https:\\\/\\\/www.electronicajnc.com\\\/web\\\/#\\\/schema\\\/logo\\\/image\\\/\",\"url\":\"https:\\\/\\\/www.electronicajnc.com\\\/web\\\/wp-content\\\/uploads\\\/2023\\\/06\\\/nuevo-logo.jpg\",\"contentUrl\":\"https:\\\/\\\/www.electronicajnc.com\\\/web\\\/wp-content\\\/uploads\\\/2023\\\/06\\\/nuevo-logo.jpg\",\"width\":1256,\"height\":612,\"caption\":\"Electronica JNC\"},\"image\":{\"@id\":\"https:\\\/\\\/www.electronicajnc.com\\\/web\\\/#\\\/schema\\\/logo\\\/image\\\/\"}}]}<\/script>\n<!-- \/ Yoast SEO plugin. -->","yoast_head_json":{"title":"Kit control remoto Infrarrojo HX1838 + Receptor - Electronica JNC","description":"Kit control remoto Infrarrojo HX1838 + Receptor Puede decodificar la se\u00f1al con programaci\u00f3n de Arduino, dise\u00f1ar una variedad de robots de control remoto.","robots":{"index":"index","follow":"follow","max-snippet":"max-snippet:-1","max-image-preview":"max-image-preview:large","max-video-preview":"max-video-preview:-1"},"canonical":"https:\/\/www.electronicajnc.com\/web\/producto\/kit-control-remoto-infrarrojo-hx1838-receptor\/","og_locale":"es_ES","og_type":"article","og_title":"Kit control remoto Infrarrojo HX1838 + Receptor - Electronica JNC","og_description":"Kit control remoto Infrarrojo HX1838 + Receptor Puede decodificar la se\u00f1al con programaci\u00f3n de Arduino, dise\u00f1ar una variedad de robots de control remoto.","og_url":"https:\/\/www.electronicajnc.com\/web\/producto\/kit-control-remoto-infrarrojo-hx1838-receptor\/","og_site_name":"Electronica JNC","article_modified_time":"2023-11-23T13:45:39+00:00","og_image":[{"width":1028,"height":1164,"url":"https:\/\/www.electronicajnc.com\/web\/wp-content\/uploads\/2023\/07\/hx-1838.jpg","type":"image\/jpeg"}],"twitter_card":"summary_large_image","twitter_misc":{"Tiempo de lectura":"3 minutos"},"schema":{"@context":"https:\/\/schema.org","@graph":[{"@type":"WebPage","@id":"https:\/\/www.electronicajnc.com\/web\/producto\/kit-control-remoto-infrarrojo-hx1838-receptor\/","url":"https:\/\/www.electronicajnc.com\/web\/producto\/kit-control-remoto-infrarrojo-hx1838-receptor\/","name":"Kit control remoto Infrarrojo HX1838 + Receptor - Electronica JNC","isPartOf":{"@id":"https:\/\/www.electronicajnc.com\/web\/#website"},"primaryImageOfPage":{"@id":"https:\/\/www.electronicajnc.com\/web\/producto\/kit-control-remoto-infrarrojo-hx1838-receptor\/#primaryimage"},"image":{"@id":"https:\/\/www.electronicajnc.com\/web\/producto\/kit-control-remoto-infrarrojo-hx1838-receptor\/#primaryimage"},"thumbnailUrl":"https:\/\/www.electronicajnc.com\/web\/wp-content\/uploads\/2023\/07\/hx-1838.jpg","datePublished":"2023-07-04T16:25:20+00:00","dateModified":"2023-11-23T13:45:39+00:00","description":"Kit control remoto Infrarrojo HX1838 + Receptor Puede decodificar la se\u00f1al con programaci\u00f3n de Arduino, dise\u00f1ar una variedad de robots de control remoto.","breadcrumb":{"@id":"https:\/\/www.electronicajnc.com\/web\/producto\/kit-control-remoto-infrarrojo-hx1838-receptor\/#breadcrumb"},"inLanguage":"es","potentialAction":[{"@type":"ReadAction","target":["https:\/\/www.electronicajnc.com\/web\/producto\/kit-control-remoto-infrarrojo-hx1838-receptor\/"]}]},{"@type":"ImageObject","inLanguage":"es","@id":"https:\/\/www.electronicajnc.com\/web\/producto\/kit-control-remoto-infrarrojo-hx1838-receptor\/#primaryimage","url":"https:\/\/www.electronicajnc.com\/web\/wp-content\/uploads\/2023\/07\/hx-1838.jpg","contentUrl":"https:\/\/www.electronicajnc.com\/web\/wp-content\/uploads\/2023\/07\/hx-1838.jpg","width":1028,"height":1164,"caption":"KIT CONTROL REMOTO INFRARROJO HX1838 + RECEPTOR"},{"@type":"BreadcrumbList","@id":"https:\/\/www.electronicajnc.com\/web\/producto\/kit-control-remoto-infrarrojo-hx1838-receptor\/#breadcrumb","itemListElement":[{"@type":"ListItem","position":1,"name":"Portada","item":"https:\/\/www.electronicajnc.com\/web\/"},{"@type":"ListItem","position":2,"name":"TIENDA","item":"https:\/\/www.electronicajnc.com\/web\/tienda\/"},{"@type":"ListItem","position":3,"name":"Kit control remoto Infrarrojo HX1838 + Receptor"}]},{"@type":"WebSite","@id":"https:\/\/www.electronicajnc.com\/web\/#website","url":"https:\/\/www.electronicajnc.com\/web\/","name":"Electronica JNC","description":"Robotica Tecnologia Mecatronica en Ecuador","publisher":{"@id":"https:\/\/www.electronicajnc.com\/web\/#organization"},"potentialAction":[{"@type":"SearchAction","target":{"@type":"EntryPoint","urlTemplate":"https:\/\/www.electronicajnc.com\/web\/?s={search_term_string}"},"query-input":{"@type":"PropertyValueSpecification","valueRequired":true,"valueName":"search_term_string"}}],"inLanguage":"es"},{"@type":"Organization","@id":"https:\/\/www.electronicajnc.com\/web\/#organization","name":"Electronica JNC","url":"https:\/\/www.electronicajnc.com\/web\/","logo":{"@type":"ImageObject","inLanguage":"es","@id":"https:\/\/www.electronicajnc.com\/web\/#\/schema\/logo\/image\/","url":"https:\/\/www.electronicajnc.com\/web\/wp-content\/uploads\/2023\/06\/nuevo-logo.jpg","contentUrl":"https:\/\/www.electronicajnc.com\/web\/wp-content\/uploads\/2023\/06\/nuevo-logo.jpg","width":1256,"height":612,"caption":"Electronica JNC"},"image":{"@id":"https:\/\/www.electronicajnc.com\/web\/#\/schema\/logo\/image\/"}}]}},"_links":{"self":[{"href":"https:\/\/www.electronicajnc.com\/web\/wp-json\/wp\/v2\/product\/715","targetHints":{"allow":["GET"]}}],"collection":[{"href":"https:\/\/www.electronicajnc.com\/web\/wp-json\/wp\/v2\/product"}],"about":[{"href":"https:\/\/www.electronicajnc.com\/web\/wp-json\/wp\/v2\/types\/product"}],"replies":[{"embeddable":true,"href":"https:\/\/www.electronicajnc.com\/web\/wp-json\/wp\/v2\/comments?post=715"}],"wp:featuredmedia":[{"embeddable":true,"href":"https:\/\/www.electronicajnc.com\/web\/wp-json\/wp\/v2\/media\/717"}],"wp:attachment":[{"href":"https:\/\/www.electronicajnc.com\/web\/wp-json\/wp\/v2\/media?parent=715"}],"wp:term":[{"taxonomy":"product_brand","embeddable":true,"href":"https:\/\/www.electronicajnc.com\/web\/wp-json\/wp\/v2\/product_brand?post=715"},{"taxonomy":"product_cat","embeddable":true,"href":"https:\/\/www.electronicajnc.com\/web\/wp-json\/wp\/v2\/product_cat?post=715"},{"taxonomy":"product_tag","embeddable":true,"href":"https:\/\/www.electronicajnc.com\/web\/wp-json\/wp\/v2\/product_tag?post=715"}],"curies":[{"name":"wp","href":"https:\/\/api.w.org\/{rel}","templated":true}]}}